{"id":342785,"date":"2024-07-18T17:51:26","date_gmt":"2024-07-18T16:51:26","guid":{"rendered":"https:\/\/www.purejewels.com\/?post_type=product&#038;p=342785"},"modified":"2026-01-06T08:01:27","modified_gmt":"2026-01-06T08:01:27","slug":"22-ayar-altin-kolye-bas-harfi-s","status":"publish","type":"product","link":"https:\/\/www.purejewels.com\/tr\/product\/22ct-gold-pendant-initial-s\/","title":{"rendered":"22 Ayar S Harfli Alt\u0131n Kolye"},"content":{"rendered":"<p>Bu \u00e7arp\u0131c\u0131 <a href=\"https:\/\/www.purejewels.com\/tr\/product\/22ct-gold-jali-filigree-ring-jali-collection-31926\/\">22ct<\/a> Alt\u0131n alfabe kolye ucunda S harfi yer al\u0131r ve daha fazla zarafet i\u00e7in \u0131\u015f\u0131lt\u0131l\u0131 bir CZ ta\u015fla s\u00fcslenmi\u015ftir. Kolye ucu 1,1 gram a\u011f\u0131rl\u0131\u011f\u0131ndad\u0131r ve saklanmas\u0131 i\u00e7in bir sunum kutusuyla birlikte gelir. Resimde g\u00f6sterilen zincirin dahil olmad\u0131\u011f\u0131n\u0131 l\u00fctfen unutmay\u0131n, ancak ki\u015fiselle\u015ftirilmi\u015f bir g\u00f6r\u00fcn\u00fcm i\u00e7in en sevdi\u011finiz zincirle e\u015fle\u015ftirebilirsiniz.<\/p>\n<p>T\u00fcm \u00fcr\u00fcnlerimiz Londra Assay Ofisi taraf\u0131ndan damgalanarak \u00f6zg\u00fcnl\u00fck ve kalite garanti alt\u0131na al\u0131nm\u0131\u015ft\u0131r. Bu <a href=\"https:\/\/www.purejewels.com\/tr\/product\/22ct-gold-initial-f-pendant-with-cz-0-6-inches-unisex-42281\/\">ba\u015f harfli kolye ucu<\/a> y\u0131ld\u00f6n\u00fcm\u00fc, do\u011fum g\u00fcn\u00fc veya Sevgililer G\u00fcn\u00fc i\u00e7in kendiniz veya sevdi\u011finiz biri i\u00e7in m\u00fckemmel bir hediyedir.<\/p>\n<p>PureJewels olarak, i\u00e7inizin rahat etmesi i\u00e7in \u00fccretsiz takipli teslimat ve g\u00fcvenli online \u00f6demeler sunuyoruz. Bu zarif alt\u0131n kolyeyi ka\u00e7\u0131rmay\u0131n - mevcut t\u00fcm ba\u015f harf kolyelerini g\u00f6rmek i\u00e7in bizimle ileti\u015fime ge\u00e7in veya bizimle canl\u0131 sohbet edin. M\u00fccevher koleksiyonunuzu bu zamans\u0131z par\u00e7a ile bug\u00fcn y\u00fckseltin.<\/p>","protected":false},"excerpt":{"rendered":"<ul>\n<li>Nakliye \u00fccretleri i\u00e7in \u00a325 tahsil edilir<\/li>\n<li>CZ ta\u015fl\u0131 Alfabe Kolye<\/li>\n<li>\u0130lk S<\/li>\n<li>A\u011f\u0131rl\u0131k 1,1 gms<\/li>\n<li>Sku 41213<\/li>\n<li>Zincir dahil de\u011fildir<\/li>\n<li>Resimde g\u00f6sterilen zincir bir\u00a0<strong>Tilki Kuyru\u011fu Zinciri<\/strong><\/li>\n<li>T\u00fcm \u00fcr\u00fcnlerimiz London Assay Office taraf\u0131ndan damgalanm\u0131\u015ft\u0131r<\/li>\n<li>Sunum Kutusu ile Birlikte Gelir<\/li>\n<li>Teslimat Dahil<\/li>\n<li>T\u00fcm fiyatlara KDV dahildir<\/li>\n<li>T\u00fcm ilk kolyeleri g\u00f6rmek i\u00e7in bizimle ileti\u015fime ge\u00e7in\/canl\u0131 sohbet edin<\/li>\n<\/ul>","protected":false},"featured_media":333806,"comment_status":"closed","ping_status":"closed","template":"","meta":{"_eb_attr":"","_crsspst_to_jayantr4sg-hostcom":true},"product_brand":[],"product_cat":[1791,1559,1576,1229,1255,5598,5343,1767,5338,1569],"product_tag":[],"class_list":{"0":"post-342785","1":"product","2":"type-product","3":"status-publish","4":"has-post-thumbnail","6":"product_cat-anniversary-gifts","7":"product_cat-birthday-gifts","8":"product_cat-childrens-jewellery","9":"product_cat-22ct-gold-jewellery","10":"product_cat-gold-pendants","11":"product_cat-initial-pendant","12":"product_cat-jewellery-under-550","13":"product_cat-ladies-pendants","14":"product_cat-shop-by-price","15":"product_cat-valentine-day-gifts","17":"first","18":"outofstock","19":"taxable","20":"shipping-taxable","21":"product-type-simple","22":"add-to-wishlist-before_image"},"yoast_head":"<!-- This site is optimized with the Yoast SEO plugin v27.3 - https:\/\/yoast.com\/product\/yoast-seo-wordpress\/ -->\n<title>gold alphabet pendant Initial S | gold pendant | PureJewels<\/title>\n<meta name=\"description\" content=\"22ct Gold Initial &quot;S&quot; Pendant, a stunning piece that exudes personal elegance and timeless charm. Available online for free delivery within the UK.\" \/>\n<meta name=\"robots\" content=\"index, follow, max-snippet:-1, max-image-preview:large, max-video-preview:-1\" \/>\n<link rel=\"canonical\" href=\"https:\/\/www.purejewels.com\/tr\/urun\/22-ayar-altin-kolye-bas-harfi-s\/\" \/>\n<meta property=\"og:locale\" content=\"tr_TR\" \/>\n<meta property=\"og:type\" content=\"article\" \/>\n<meta property=\"og:title\" content=\"gold alphabet pendant Initial S | gold pendant | PureJewels\" \/>\n<meta property=\"og:description\" content=\"22ct Gold Initial &quot;S&quot; Pendant, a stunning piece that exudes personal elegance and timeless charm. Available online for free delivery within the UK.\" \/>\n<meta property=\"og:url\" content=\"https:\/\/www.purejewels.com\/tr\/urun\/22-ayar-altin-kolye-bas-harfi-s\/\" \/>\n<meta property=\"og:site_name\" content=\"PureJewels UK\" \/>\n<meta property=\"article:modified_time\" content=\"2026-01-06T08:01:27+00:00\" \/>\n<meta property=\"og:image\" content=\"https:\/\/www.purejewels.com\/wp-content\/uploads\/2021\/12\/41213-32046-1.jpg\" \/>\n\t<meta property=\"og:image:width\" content=\"1000\" \/>\n\t<meta property=\"og:image:height\" content=\"1000\" \/>\n\t<meta property=\"og:image:type\" content=\"image\/jpeg\" \/>\n<meta name=\"twitter:card\" content=\"summary_large_image\" \/>\n<meta name=\"twitter:label1\" content=\"Tahmini okuma s\u00fcresi\" \/>\n\t<meta name=\"twitter:data1\" content=\"1 dakika\" \/>\n<script type=\"application\/ld+json\" class=\"yoast-schema-graph\">{\"@context\":\"https:\\\/\\\/schema.org\",\"@graph\":[{\"@type\":[\"WebPage\",\"ItemPage\"],\"@id\":\"https:\\\/\\\/www.purejewels.com\\\/product\\\/22ct-gold-pendant-initial-s\\\/\",\"url\":\"https:\\\/\\\/www.purejewels.com\\\/product\\\/22ct-gold-pendant-initial-s\\\/\",\"name\":\"gold alphabet pendant Initial S | gold pendant | PureJewels\",\"isPartOf\":{\"@id\":\"https:\\\/\\\/www.purejewels.com\\\/#website\"},\"primaryImageOfPage\":{\"@id\":\"https:\\\/\\\/www.purejewels.com\\\/product\\\/22ct-gold-pendant-initial-s\\\/#primaryimage\"},\"image\":{\"@id\":\"https:\\\/\\\/www.purejewels.com\\\/product\\\/22ct-gold-pendant-initial-s\\\/#primaryimage\"},\"thumbnailUrl\":\"https:\\\/\\\/static.purejewels.com\\\/wp-content\\\/uploads\\\/2021\\\/12\\\/41213-32046-1.jpg\",\"datePublished\":\"2024-07-18T16:51:26+00:00\",\"dateModified\":\"2026-01-06T08:01:27+00:00\",\"description\":\"22ct Gold Initial \\\"S\\\" Pendant, a stunning piece that exudes personal elegance and timeless charm. Available online for free delivery within the UK.\",\"breadcrumb\":{\"@id\":\"https:\\\/\\\/www.purejewels.com\\\/product\\\/22ct-gold-pendant-initial-s\\\/#breadcrumb\"},\"inLanguage\":\"tr\",\"potentialAction\":[{\"@type\":\"ReadAction\",\"target\":[\"https:\\\/\\\/www.purejewels.com\\\/product\\\/22ct-gold-pendant-initial-s\\\/\"]}]},{\"@type\":\"ImageObject\",\"inLanguage\":\"tr\",\"@id\":\"https:\\\/\\\/www.purejewels.com\\\/product\\\/22ct-gold-pendant-initial-s\\\/#primaryimage\",\"url\":\"https:\\\/\\\/static.purejewels.com\\\/wp-content\\\/uploads\\\/2021\\\/12\\\/41213-32046-1.jpg\",\"contentUrl\":\"https:\\\/\\\/static.purejewels.com\\\/wp-content\\\/uploads\\\/2021\\\/12\\\/41213-32046-1.jpg\",\"width\":1000,\"height\":1000,\"caption\":\"Initial Pendant S 41213-32046-1\"},{\"@type\":\"BreadcrumbList\",\"@id\":\"https:\\\/\\\/www.purejewels.com\\\/product\\\/22ct-gold-pendant-initial-s\\\/#breadcrumb\",\"itemListElement\":[{\"@type\":\"ListItem\",\"position\":1,\"name\":\"Home\",\"item\":\"https:\\\/\\\/www.purejewels.com\\\/\"},{\"@type\":\"ListItem\",\"position\":2,\"name\":\"Shop\",\"item\":\"https:\\\/\\\/www.purejewels.com\\\/shop\\\/\"},{\"@type\":\"ListItem\",\"position\":3,\"name\":\"22ct Initial S Gold Pendant\"}]},{\"@type\":\"WebSite\",\"@id\":\"https:\\\/\\\/www.purejewels.com\\\/#website\",\"url\":\"https:\\\/\\\/www.purejewels.com\\\/\",\"name\":\"PureJewels UK\",\"description\":\"Share the Love\",\"publisher\":{\"@id\":\"https:\\\/\\\/www.purejewels.com\\\/#organization\"},\"potentialAction\":[{\"@type\":\"SearchAction\",\"target\":{\"@type\":\"EntryPoint\",\"urlTemplate\":\"https:\\\/\\\/www.purejewels.com\\\/?s={search_term_string}\"},\"query-input\":{\"@type\":\"PropertyValueSpecification\",\"valueRequired\":true,\"valueName\":\"search_term_string\"}}],\"inLanguage\":\"tr\"},{\"@type\":\"Organization\",\"@id\":\"https:\\\/\\\/www.purejewels.com\\\/#organization\",\"name\":\"PureJewels UK\",\"url\":\"https:\\\/\\\/www.purejewels.com\\\/\",\"logo\":{\"@type\":\"ImageObject\",\"inLanguage\":\"tr\",\"@id\":\"https:\\\/\\\/www.purejewels.com\\\/#\\\/schema\\\/logo\\\/image\\\/\",\"url\":\"https:\\\/\\\/static.purejewels.com\\\/wp-content\\\/uploads\\\/2020\\\/11\\\/Logo-PJ-New-1.png\",\"contentUrl\":\"https:\\\/\\\/static.purejewels.com\\\/wp-content\\\/uploads\\\/2020\\\/11\\\/Logo-PJ-New-1.png\",\"width\":150,\"height\":80,\"caption\":\"PureJewels UK\"},\"image\":{\"@id\":\"https:\\\/\\\/www.purejewels.com\\\/#\\\/schema\\\/logo\\\/image\\\/\"}}]}<\/script>\n<!-- \/ Yoast SEO plugin. -->","yoast_head_json":{"title":"alt\u0131n alfabe kolye ucu Initial S | alt\u0131n kolye ucu | PureJewels","description":"22 Ayar Alt\u0131n Ba\u015f Harfi \"S\" Kolye, ki\u015fisel zarafeti ve zamans\u0131z cazibeyi yans\u0131tan \u00e7arp\u0131c\u0131 bir par\u00e7a. \u0130ngiltere i\u00e7inde \u00fccretsiz teslimat i\u00e7in \u00e7evrimi\u00e7i olarak mevcuttur.","robots":{"index":"index","follow":"follow","max-snippet":"max-snippet:-1","max-image-preview":"max-image-preview:large","max-video-preview":"max-video-preview:-1"},"canonical":"https:\/\/www.purejewels.com\/tr\/urun\/22-ayar-altin-kolye-bas-harfi-s\/","og_locale":"tr_TR","og_type":"article","og_title":"gold alphabet pendant Initial S | gold pendant | PureJewels","og_description":"22ct Gold Initial \"S\" Pendant, a stunning piece that exudes personal elegance and timeless charm. Available online for free delivery within the UK.","og_url":"https:\/\/www.purejewels.com\/tr\/urun\/22-ayar-altin-kolye-bas-harfi-s\/","og_site_name":"PureJewels UK","article_modified_time":"2026-01-06T08:01:27+00:00","og_image":[{"width":1000,"height":1000,"url":"https:\/\/www.purejewels.com\/wp-content\/uploads\/2021\/12\/41213-32046-1.jpg","type":"image\/jpeg"}],"twitter_card":"summary_large_image","twitter_misc":{"Tahmini okuma s\u00fcresi":"1 dakika"},"schema":{"@context":"https:\/\/schema.org","@graph":[{"@type":["WebPage","ItemPage"],"@id":"https:\/\/www.purejewels.com\/product\/22ct-gold-pendant-initial-s\/","url":"https:\/\/www.purejewels.com\/product\/22ct-gold-pendant-initial-s\/","name":"alt\u0131n alfabe kolye ucu Initial S | alt\u0131n kolye ucu | PureJewels","isPartOf":{"@id":"https:\/\/www.purejewels.com\/#website"},"primaryImageOfPage":{"@id":"https:\/\/www.purejewels.com\/product\/22ct-gold-pendant-initial-s\/#primaryimage"},"image":{"@id":"https:\/\/www.purejewels.com\/product\/22ct-gold-pendant-initial-s\/#primaryimage"},"thumbnailUrl":"https:\/\/static.purejewels.com\/wp-content\/uploads\/2021\/12\/41213-32046-1.jpg","datePublished":"2024-07-18T16:51:26+00:00","dateModified":"2026-01-06T08:01:27+00:00","description":"22 Ayar Alt\u0131n Ba\u015f Harfi \"S\" Kolye, ki\u015fisel zarafeti ve zamans\u0131z cazibeyi yans\u0131tan \u00e7arp\u0131c\u0131 bir par\u00e7a. \u0130ngiltere i\u00e7inde \u00fccretsiz teslimat i\u00e7in \u00e7evrimi\u00e7i olarak mevcuttur.","breadcrumb":{"@id":"https:\/\/www.purejewels.com\/product\/22ct-gold-pendant-initial-s\/#breadcrumb"},"inLanguage":"tr","potentialAction":[{"@type":"ReadAction","target":["https:\/\/www.purejewels.com\/product\/22ct-gold-pendant-initial-s\/"]}]},{"@type":"ImageObject","inLanguage":"tr","@id":"https:\/\/www.purejewels.com\/product\/22ct-gold-pendant-initial-s\/#primaryimage","url":"https:\/\/static.purejewels.com\/wp-content\/uploads\/2021\/12\/41213-32046-1.jpg","contentUrl":"https:\/\/static.purejewels.com\/wp-content\/uploads\/2021\/12\/41213-32046-1.jpg","width":1000,"height":1000,"caption":"Initial Pendant S 41213-32046-1"},{"@type":"BreadcrumbList","@id":"https:\/\/www.purejewels.com\/product\/22ct-gold-pendant-initial-s\/#breadcrumb","itemListElement":[{"@type":"ListItem","position":1,"name":"Home","item":"https:\/\/www.purejewels.com\/"},{"@type":"ListItem","position":2,"name":"Shop","item":"https:\/\/www.purejewels.com\/shop\/"},{"@type":"ListItem","position":3,"name":"22ct Initial S Gold Pendant"}]},{"@type":"WebSite","@id":"https:\/\/www.purejewels.com\/#website","url":"https:\/\/www.purejewels.com\/","name":"PureJewels \u0130ngiltere","description":"Sevgiyi Payla\u015f\u0131n","publisher":{"@id":"https:\/\/www.purejewels.com\/#organization"},"potentialAction":[{"@type":"SearchAction","target":{"@type":"EntryPoint","urlTemplate":"https:\/\/www.purejewels.com\/?s={search_term_string}"},"query-input":{"@type":"PropertyValueSpecification","valueRequired":true,"valueName":"search_term_string"}}],"inLanguage":"tr"},{"@type":"Organization","@id":"https:\/\/www.purejewels.com\/#organization","name":"PureJewels \u0130ngiltere","url":"https:\/\/www.purejewels.com\/","logo":{"@type":"ImageObject","inLanguage":"tr","@id":"https:\/\/www.purejewels.com\/#\/schema\/logo\/image\/","url":"https:\/\/static.purejewels.com\/wp-content\/uploads\/2020\/11\/Logo-PJ-New-1.png","contentUrl":"https:\/\/static.purejewels.com\/wp-content\/uploads\/2020\/11\/Logo-PJ-New-1.png","width":150,"height":80,"caption":"PureJewels UK"},"image":{"@id":"https:\/\/www.purejewels.com\/#\/schema\/logo\/image\/"}}]}},"_links":{"self":[{"href":"https:\/\/www.purejewels.com\/tr\/wp-json\/wp\/v2\/product\/342785","targetHints":{"allow":["GET"]}}],"collection":[{"href":"https:\/\/www.purejewels.com\/tr\/wp-json\/wp\/v2\/product"}],"about":[{"href":"https:\/\/www.purejewels.com\/tr\/wp-json\/wp\/v2\/types\/product"}],"replies":[{"embeddable":true,"href":"https:\/\/www.purejewels.com\/tr\/wp-json\/wp\/v2\/comments?post=342785"}],"version-history":[{"count":4,"href":"https:\/\/www.purejewels.com\/tr\/wp-json\/wp\/v2\/product\/342785\/revisions"}],"predecessor-version":[{"id":420969,"href":"https:\/\/www.purejewels.com\/tr\/wp-json\/wp\/v2\/product\/342785\/revisions\/420969"}],"wp:featuredmedia":[{"embeddable":true,"href":"https:\/\/www.purejewels.com\/tr\/wp-json\/wp\/v2\/media\/333806"}],"wp:attachment":[{"href":"https:\/\/www.purejewels.com\/tr\/wp-json\/wp\/v2\/media?parent=342785"}],"wp:term":[{"taxonomy":"product_brand","embeddable":true,"href":"https:\/\/www.purejewels.com\/tr\/wp-json\/wp\/v2\/product_brand?post=342785"},{"taxonomy":"product_cat","embeddable":true,"href":"https:\/\/www.purejewels.com\/tr\/wp-json\/wp\/v2\/product_cat?post=342785"},{"taxonomy":"product_tag","embeddable":true,"href":"https:\/\/www.purejewels.com\/tr\/wp-json\/wp\/v2\/product_tag?post=342785"}],"curies":[{"name":"wp","href":"https:\/\/api.w.org\/{rel}","templated":true}]}}