{"id":342822,"date":"2023-01-18T09:32:25","date_gmt":"2023-01-18T09:32:25","guid":{"rendered":"https:\/\/www.purejewels.com\/?post_type=product&#038;p=342822"},"modified":"2026-03-23T08:05:30","modified_gmt":"2026-03-23T08:05:30","slug":"22-ayar-altin-khanda-kolye-49461","status":"publish","type":"product","link":"https:\/\/www.purejewels.com\/tr\/product\/22ct-gold-khanda-pendant-49461\/","title":{"rendered":"22 Ayar Alt\u0131n Khanda Kolye"},"content":{"rendered":"<p>SKU: 49461<br \/>\nA\u011f\u0131rl\u0131k 1.3 Gms<\/p>\n<p>Shikh'imizin ilahi g\u00fczelli\u011fini deneyimleyin <a href=\"https:\/\/www.purejewels.com\/tr\/urun-kategori%cc%87si%cc%87\/22-ayar-altin-takilar\/altin-kolyeler\/dini-kolyeler\/khanda-kolyeler\/\" target=\"_blank\" rel=\"noopener\">Khanda Kolye<\/a> i\u00e7inde <a href=\"https:\/\/www.purejewels.com\/tr\/product\/22ct-gold-jali-filigree-ring-jali-collection-31926\/\">22ct<\/a> sunrise Gold, \u015fimdi \u0130ngiltere'de \u00fccretsiz teslimatla \u00e7evrimi\u00e7i olarak mevcuttur. Bu zarif kolye ucu zarafet ve ruhaniyetin m\u00fckemmel bir kar\u0131\u015f\u0131m\u0131d\u0131r. Hassasiyetle haz\u0131rlanm\u0131\u015f ve karma\u015f\u0131k detaylarla bezenmi\u015f bu kolye, Sih inanc\u0131n\u0131 ve birli\u011fini temsil eden ikonik Khanda sembol\u00fcn\u00fc sergiliyor. L\u00fcks 22 ayar sunrisse alt\u0131ndan \u00fcretilen bu kolye ucu, kalpleri b\u00fcy\u00fcleyecek zamans\u0131z bir cazibe yay\u0131yor. Bu sembolik par\u00e7a ile tarz\u0131n\u0131z\u0131 geli\u015ftirin ve inan\u00e7lar\u0131n\u0131z\u0131 kucaklay\u0131n. \u015eimdi sipari\u015f verin ve Birle\u015fik Krall\u0131k'\u0131n her yerine \u00fccretsiz teslimat\u0131n keyfini \u00e7\u0131kar\u0131n, bu \u00e7arp\u0131c\u0131 Shikh <a href=\"https:\/\/www.purejewels.com\/tr\/product\/22ct-gold-khanda-sikh-religious-pendant\/\">Khanda Kolye<\/a> kap\u0131n\u0131za kadar geliyor.<\/p>","protected":false},"excerpt":{"rendered":"<div class=\"woocommerce-product-details__short-description\">\n<table class=\"sh_desc\">\n<tbody>\n<tr>\n<td>Kolye Tipi<\/td>\n<td>Dini Kolye<\/td>\n<\/tr>\n<tr>\n<td>SKU<\/td>\n<td>49461<\/td>\n<\/tr>\n<tr>\n<td>A\u011f\u0131rl\u0131k<\/td>\n<td>1.3 Gms<\/td>\n<\/tr>\n<tr>\n<td>Metal<\/td>\n<td>22 Ayar G\u00fcndo\u011fumu Alt\u0131n<\/td>\n<\/tr>\n<tr>\n<td>Cinsiyet<\/td>\n<td>Unisex<\/td>\n<\/tr>\n<tr>\n<td>Uzunluk<\/td>\n<td>0,5 \u0130n\u00e7<\/td>\n<\/tr>\n<tr>\n<td>Geni\u015flik<\/td>\n<td>10 mm<\/td>\n<\/tr>\n<tr>\n<td>\u00dccretler<\/td>\n<td>Teslimat ve KDV Dahil<\/td>\n<\/tr>\n<tr>\n<td>Paketleme<\/td>\n<td>Sunum Kutusu ile Birlikte Gelir<\/td>\n<\/tr>\n<tr>\n<td>Daha Fazla Bilgi<\/td>\n<td>\n<ul>\n<li>Zincir dahil de\u011fildir<\/li>\n<li>Resimde g\u00f6sterilen Zincir bir <strong>\u00c7apa Zinciri<\/strong><\/li>\n<li>M\u00fcsaitlik durumu ve daha fazla resim i\u00e7in bizimle canl\u0131 sohbet edin<\/li>\n<\/ul>\n<\/td>\n<\/tr>\n<\/tbody>\n<\/table>\n<\/div>\n<div class=\"btn-atc atc-slide\"><\/div>\n<div class=\"product_meta\"><\/div>","protected":false},"featured_media":385251,"comment_status":"closed","ping_status":"closed","template":"","meta":{"_eb_attr":"","_crsspst_to_jayantr4sg-hostcom":false},"product_brand":[],"product_cat":[1576,1792,1229,1255,5343,5604,1572,1768,5338,1701,1574,5349],"product_tag":[],"class_list":{"0":"post-342822","1":"product","2":"type-product","3":"status-publish","4":"has-post-thumbnail","6":"product_cat-childrens-jewellery","7":"product_cat-festival-gifts","8":"product_cat-22ct-gold-jewellery","9":"product_cat-gold-pendants","10":"product_cat-jewellery-under-550","11":"product_cat-khanda-pendants","12":"product_cat-mens-jewellery","13":"product_cat-mens-pendants","14":"product_cat-shop-by-price","15":"product_cat-religious-pendants","16":"product_cat-womens-jewellery","17":"product_cat-yellow-gold-jewellery","19":"first","20":"outofstock","21":"taxable","22":"shipping-taxable","23":"product-type-simple","24":"add-to-wishlist-before_image"},"yoast_head":"<!-- This site is optimized with the Yoast SEO plugin v27.5 - https:\/\/yoast.com\/product\/yoast-seo-wordpress\/ -->\n<title>Sikh Khanda Pendant in 22ct Sunrise Gold. Order Online<\/title>\n<meta name=\"description\" content=\"Looking for a Khanda Pendant made of real gold? Check out our selection of beautiful 22ct Gold Khanda Pendants | Free Delivery in the UK.\" \/>\n<meta name=\"robots\" content=\"index, follow, max-snippet:-1, max-image-preview:large, max-video-preview:-1\" \/>\n<link rel=\"canonical\" href=\"https:\/\/www.purejewels.com\/tr\/urun\/22-ayar-altin-khanda-kolye-49461\/\" \/>\n<meta property=\"og:locale\" content=\"tr_TR\" \/>\n<meta property=\"og:type\" content=\"article\" \/>\n<meta property=\"og:title\" content=\"Sikh Khanda Pendant in 22ct Sunrise Gold. Order Online\" \/>\n<meta property=\"og:description\" content=\"Looking for a Khanda Pendant made of real gold? Check out our selection of beautiful 22ct Gold Khanda Pendants | Free Delivery in the UK.\" \/>\n<meta property=\"og:url\" content=\"https:\/\/www.purejewels.com\/tr\/urun\/22-ayar-altin-khanda-kolye-49461\/\" \/>\n<meta property=\"og:site_name\" content=\"PureJewels UK\" \/>\n<meta property=\"article:modified_time\" content=\"2026-03-23T08:05:30+00:00\" \/>\n<meta property=\"og:image\" content=\"https:\/\/static.purejewels.com\/wp-content\/uploads\/2023\/01\/49461.png\" \/>\n\t<meta property=\"og:image:width\" content=\"1000\" \/>\n\t<meta property=\"og:image:height\" content=\"1000\" \/>\n\t<meta property=\"og:image:type\" content=\"image\/png\" \/>\n<meta name=\"twitter:card\" content=\"summary_large_image\" \/>\n<meta name=\"twitter:label1\" content=\"Tahmini okuma s\u00fcresi\" \/>\n\t<meta name=\"twitter:data1\" content=\"1 dakika\" \/>\n<script type=\"application\/ld+json\" class=\"yoast-schema-graph\">{\"@context\":\"https:\\\/\\\/schema.org\",\"@graph\":[{\"@type\":[\"WebPage\",\"ItemPage\"],\"@id\":\"https:\\\/\\\/www.purejewels.com\\\/product\\\/22ct-gold-khanda-pendant-49461\\\/\",\"url\":\"https:\\\/\\\/www.purejewels.com\\\/product\\\/22ct-gold-khanda-pendant-49461\\\/\",\"name\":\"Sikh Khanda Pendant in 22ct Sunrise Gold. Order Online\",\"isPartOf\":{\"@id\":\"https:\\\/\\\/www.purejewels.com\\\/#website\"},\"primaryImageOfPage\":{\"@id\":\"https:\\\/\\\/www.purejewels.com\\\/product\\\/22ct-gold-khanda-pendant-49461\\\/#primaryimage\"},\"image\":{\"@id\":\"https:\\\/\\\/www.purejewels.com\\\/product\\\/22ct-gold-khanda-pendant-49461\\\/#primaryimage\"},\"thumbnailUrl\":\"https:\\\/\\\/static.purejewels.com\\\/wp-content\\\/uploads\\\/2023\\\/01\\\/49461.png\",\"datePublished\":\"2023-01-18T09:32:25+00:00\",\"dateModified\":\"2026-03-23T08:05:30+00:00\",\"description\":\"Looking for a Khanda Pendant made of real gold? Check out our selection of beautiful 22ct Gold Khanda Pendants | Free Delivery in the UK.\",\"breadcrumb\":{\"@id\":\"https:\\\/\\\/www.purejewels.com\\\/product\\\/22ct-gold-khanda-pendant-49461\\\/#breadcrumb\"},\"inLanguage\":\"tr\",\"potentialAction\":[{\"@type\":\"ReadAction\",\"target\":[\"https:\\\/\\\/www.purejewels.com\\\/product\\\/22ct-gold-khanda-pendant-49461\\\/\"]}]},{\"@type\":\"ImageObject\",\"inLanguage\":\"tr\",\"@id\":\"https:\\\/\\\/www.purejewels.com\\\/product\\\/22ct-gold-khanda-pendant-49461\\\/#primaryimage\",\"url\":\"https:\\\/\\\/static.purejewels.com\\\/wp-content\\\/uploads\\\/2023\\\/01\\\/49461.png\",\"contentUrl\":\"https:\\\/\\\/static.purejewels.com\\\/wp-content\\\/uploads\\\/2023\\\/01\\\/49461.png\",\"width\":1000,\"height\":1000,\"caption\":\"22ct Gold Khanda Pendant\"},{\"@type\":\"BreadcrumbList\",\"@id\":\"https:\\\/\\\/www.purejewels.com\\\/product\\\/22ct-gold-khanda-pendant-49461\\\/#breadcrumb\",\"itemListElement\":[{\"@type\":\"ListItem\",\"position\":1,\"name\":\"Home\",\"item\":\"https:\\\/\\\/www.purejewels.com\\\/\"},{\"@type\":\"ListItem\",\"position\":2,\"name\":\"Shop\",\"item\":\"https:\\\/\\\/www.purejewels.com\\\/shop\\\/\"},{\"@type\":\"ListItem\",\"position\":3,\"name\":\"22ct Gold Khanda Pendant\"}]},{\"@type\":\"WebSite\",\"@id\":\"https:\\\/\\\/www.purejewels.com\\\/#website\",\"url\":\"https:\\\/\\\/www.purejewels.com\\\/\",\"name\":\"PureJewels UK\",\"description\":\"Share the Love\",\"publisher\":{\"@id\":\"https:\\\/\\\/www.purejewels.com\\\/#organization\"},\"potentialAction\":[{\"@type\":\"SearchAction\",\"target\":{\"@type\":\"EntryPoint\",\"urlTemplate\":\"https:\\\/\\\/www.purejewels.com\\\/?s={search_term_string}\"},\"query-input\":{\"@type\":\"PropertyValueSpecification\",\"valueRequired\":true,\"valueName\":\"search_term_string\"}}],\"inLanguage\":\"tr\"},{\"@type\":\"Organization\",\"@id\":\"https:\\\/\\\/www.purejewels.com\\\/#organization\",\"name\":\"PureJewels UK\",\"url\":\"https:\\\/\\\/www.purejewels.com\\\/\",\"logo\":{\"@type\":\"ImageObject\",\"inLanguage\":\"tr\",\"@id\":\"https:\\\/\\\/www.purejewels.com\\\/#\\\/schema\\\/logo\\\/image\\\/\",\"url\":\"https:\\\/\\\/static.purejewels.com\\\/wp-content\\\/uploads\\\/2020\\\/11\\\/Logo-PJ-New-1.png\",\"contentUrl\":\"https:\\\/\\\/static.purejewels.com\\\/wp-content\\\/uploads\\\/2020\\\/11\\\/Logo-PJ-New-1.png\",\"width\":150,\"height\":80,\"caption\":\"PureJewels UK\"},\"image\":{\"@id\":\"https:\\\/\\\/www.purejewels.com\\\/#\\\/schema\\\/logo\\\/image\\\/\"}}]}<\/script>\n<!-- \/ Yoast SEO plugin. -->","yoast_head_json":{"title":"22ct Sunrise Alt\u0131n Sikh Khanda Kolye Ucu. Online Sipari\u015f","description":"Ger\u00e7ek alt\u0131ndan yap\u0131lm\u0131\u015f bir Khanda Kolye mi ar\u0131yorsunuz? Birbirinden g\u00fczel 22 Ayar Alt\u0131n Khanda Kolyelerimize g\u00f6z at\u0131n | Birle\u015fik Krall\u0131k'ta \u00dccretsiz Teslimat.","robots":{"index":"index","follow":"follow","max-snippet":"max-snippet:-1","max-image-preview":"max-image-preview:large","max-video-preview":"max-video-preview:-1"},"canonical":"https:\/\/www.purejewels.com\/tr\/urun\/22-ayar-altin-khanda-kolye-49461\/","og_locale":"tr_TR","og_type":"article","og_title":"Sikh Khanda Pendant in 22ct Sunrise Gold. Order Online","og_description":"Looking for a Khanda Pendant made of real gold? Check out our selection of beautiful 22ct Gold Khanda Pendants | Free Delivery in the UK.","og_url":"https:\/\/www.purejewels.com\/tr\/urun\/22-ayar-altin-khanda-kolye-49461\/","og_site_name":"PureJewels UK","article_modified_time":"2026-03-23T08:05:30+00:00","og_image":[{"width":1000,"height":1000,"url":"https:\/\/static.purejewels.com\/wp-content\/uploads\/2023\/01\/49461.png","type":"image\/png"}],"twitter_card":"summary_large_image","twitter_misc":{"Tahmini okuma s\u00fcresi":"1 dakika"},"schema":{"@context":"https:\/\/schema.org","@graph":[{"@type":["WebPage","ItemPage"],"@id":"https:\/\/www.purejewels.com\/product\/22ct-gold-khanda-pendant-49461\/","url":"https:\/\/www.purejewels.com\/product\/22ct-gold-khanda-pendant-49461\/","name":"22ct Sunrise Alt\u0131n Sikh Khanda Kolye Ucu. Online Sipari\u015f","isPartOf":{"@id":"https:\/\/www.purejewels.com\/#website"},"primaryImageOfPage":{"@id":"https:\/\/www.purejewels.com\/product\/22ct-gold-khanda-pendant-49461\/#primaryimage"},"image":{"@id":"https:\/\/www.purejewels.com\/product\/22ct-gold-khanda-pendant-49461\/#primaryimage"},"thumbnailUrl":"https:\/\/static.purejewels.com\/wp-content\/uploads\/2023\/01\/49461.png","datePublished":"2023-01-18T09:32:25+00:00","dateModified":"2026-03-23T08:05:30+00:00","description":"Ger\u00e7ek alt\u0131ndan yap\u0131lm\u0131\u015f bir Khanda Kolye mi ar\u0131yorsunuz? Birbirinden g\u00fczel 22 Ayar Alt\u0131n Khanda Kolyelerimize g\u00f6z at\u0131n | Birle\u015fik Krall\u0131k'ta \u00dccretsiz Teslimat.","breadcrumb":{"@id":"https:\/\/www.purejewels.com\/product\/22ct-gold-khanda-pendant-49461\/#breadcrumb"},"inLanguage":"tr","potentialAction":[{"@type":"ReadAction","target":["https:\/\/www.purejewels.com\/product\/22ct-gold-khanda-pendant-49461\/"]}]},{"@type":"ImageObject","inLanguage":"tr","@id":"https:\/\/www.purejewels.com\/product\/22ct-gold-khanda-pendant-49461\/#primaryimage","url":"https:\/\/static.purejewels.com\/wp-content\/uploads\/2023\/01\/49461.png","contentUrl":"https:\/\/static.purejewels.com\/wp-content\/uploads\/2023\/01\/49461.png","width":1000,"height":1000,"caption":"22ct Gold Khanda Pendant"},{"@type":"BreadcrumbList","@id":"https:\/\/www.purejewels.com\/product\/22ct-gold-khanda-pendant-49461\/#breadcrumb","itemListElement":[{"@type":"ListItem","position":1,"name":"Home","item":"https:\/\/www.purejewels.com\/"},{"@type":"ListItem","position":2,"name":"Shop","item":"https:\/\/www.purejewels.com\/shop\/"},{"@type":"ListItem","position":3,"name":"22ct Gold Khanda Pendant"}]},{"@type":"WebSite","@id":"https:\/\/www.purejewels.com\/#website","url":"https:\/\/www.purejewels.com\/","name":"PureJewels \u0130ngiltere","description":"Sevgiyi Payla\u015f\u0131n","publisher":{"@id":"https:\/\/www.purejewels.com\/#organization"},"potentialAction":[{"@type":"SearchAction","target":{"@type":"EntryPoint","urlTemplate":"https:\/\/www.purejewels.com\/?s={search_term_string}"},"query-input":{"@type":"PropertyValueSpecification","valueRequired":true,"valueName":"search_term_string"}}],"inLanguage":"tr"},{"@type":"Organization","@id":"https:\/\/www.purejewels.com\/#organization","name":"PureJewels \u0130ngiltere","url":"https:\/\/www.purejewels.com\/","logo":{"@type":"ImageObject","inLanguage":"tr","@id":"https:\/\/www.purejewels.com\/#\/schema\/logo\/image\/","url":"https:\/\/static.purejewels.com\/wp-content\/uploads\/2020\/11\/Logo-PJ-New-1.png","contentUrl":"https:\/\/static.purejewels.com\/wp-content\/uploads\/2020\/11\/Logo-PJ-New-1.png","width":150,"height":80,"caption":"PureJewels UK"},"image":{"@id":"https:\/\/www.purejewels.com\/#\/schema\/logo\/image\/"}}]}},"_links":{"self":[{"href":"https:\/\/www.purejewels.com\/tr\/wp-json\/wp\/v2\/product\/342822","targetHints":{"allow":["GET"]}}],"collection":[{"href":"https:\/\/www.purejewels.com\/tr\/wp-json\/wp\/v2\/product"}],"about":[{"href":"https:\/\/www.purejewels.com\/tr\/wp-json\/wp\/v2\/types\/product"}],"replies":[{"embeddable":true,"href":"https:\/\/www.purejewels.com\/tr\/wp-json\/wp\/v2\/comments?post=342822"}],"version-history":[{"count":5,"href":"https:\/\/www.purejewels.com\/tr\/wp-json\/wp\/v2\/product\/342822\/revisions"}],"predecessor-version":[{"id":427477,"href":"https:\/\/www.purejewels.com\/tr\/wp-json\/wp\/v2\/product\/342822\/revisions\/427477"}],"wp:featuredmedia":[{"embeddable":true,"href":"https:\/\/www.purejewels.com\/tr\/wp-json\/wp\/v2\/media\/385251"}],"wp:attachment":[{"href":"https:\/\/www.purejewels.com\/tr\/wp-json\/wp\/v2\/media?parent=342822"}],"wp:term":[{"taxonomy":"product_brand","embeddable":true,"href":"https:\/\/www.purejewels.com\/tr\/wp-json\/wp\/v2\/product_brand?post=342822"},{"taxonomy":"product_cat","embeddable":true,"href":"https:\/\/www.purejewels.com\/tr\/wp-json\/wp\/v2\/product_cat?post=342822"},{"taxonomy":"product_tag","embeddable":true,"href":"https:\/\/www.purejewels.com\/tr\/wp-json\/wp\/v2\/product_tag?post=342822"}],"curies":[{"name":"wp","href":"https:\/\/api.w.org\/{rel}","templated":true}]}}