{"id":342858,"date":"2023-01-20T09:35:47","date_gmt":"2023-01-20T09:35:47","guid":{"rendered":"https:\/\/www.purejewels.com\/?post_type=product&#038;p=342858"},"modified":"2025-08-26T06:36:15","modified_gmt":"2025-08-26T05:36:15","slug":"22-ayar-altin-tilki-kuyrugu-zincir-16-inc-48285","status":"publish","type":"product","link":"https:\/\/www.purejewels.com\/tr\/product\/22ct-gold-foxtail-chain-16-inches-48285\/","title":{"rendered":"22 Ayar Alt\u0131n Tilki Kuyru\u011fu Zincir | 16 \u0130n\u00e7"},"content":{"rendered":"<p>Bu enfes <a href=\"https:\/\/www.purejewels.com\/tr\/product\/22ct-gold-foxtail-chain-30256\/\">22 ayar alt\u0131n tilki kuyru\u011fu zincir<\/a> zamans\u0131z bir klasiktir. Tilki kuyru\u011fu deseni ince bir doku ve ilgi sunarken, 16 in\u00e7 uzunlu\u011fu tek ba\u015f\u0131na veya bir kolye ucuyla takmak i\u00e7in m\u00fckemmeldir. Bu g\u00fczel zincir her m\u00fccevher kutusuna m\u00fckemmel bir ektir ve \u00f6zel biri i\u00e7in harika bir hediyedir.<\/p>","protected":false},"excerpt":{"rendered":"<table class=\"sh_desc\">\n<tbody>\n<tr>\n<td>Zincir Tipi<\/td>\n<td>Tilki Kuyru\u011fu Zinciri<\/td>\n<\/tr>\n<tr>\n<td>SKU<\/td>\n<td>48285<\/td>\n<\/tr>\n<tr>\n<td>A\u011f\u0131rl\u0131k<\/td>\n<td>6.9 Gms<\/td>\n<\/tr>\n<tr>\n<td>Metal<\/td>\n<td>22 Ayar Alt\u0131n<\/td>\n<\/tr>\n<tr>\n<td>Uzunluk<\/td>\n<td>16 in\u00e7<\/td>\n<\/tr>\n<tr>\n<td>Hallmark<\/td>\n<td>Londra Tahlil Ofisi Taraf\u0131ndan Damgalanm\u0131\u015f 22 Ayar Alt\u0131n<\/td>\n<\/tr>\n<tr>\n<td>\u00dccretler<\/td>\n<td>Teslimat ve KDV Dahil<\/td>\n<\/tr>\n<tr>\n<td>Paketleme<\/td>\n<td>Sunum Kutusu ile Birlikte Gelir<\/td>\n<\/tr>\n<tr>\n<td>Daha Fazla Bilgi<\/td>\n<td>M\u00fcsaitlik durumu ve daha fazla resim i\u00e7in bizimle canl\u0131 sohbet edin<\/td>\n<\/tr>\n<\/tbody>\n<\/table>","protected":false},"featured_media":327464,"comment_status":"closed","ping_status":"closed","template":"","meta":{"_eb_attr":"","_crsspst_to_jayantr4sg-hostcom":true},"product_brand":[],"product_cat":[1576,5265,1475,1229,5338,1574],"product_tag":[],"class_list":{"0":"post-342858","1":"product","2":"type-product","3":"status-publish","4":"has-post-thumbnail","6":"product_cat-childrens-jewellery","7":"product_cat-foxtail-chain","8":"product_cat-gold-chains","9":"product_cat-22ct-gold-jewellery","10":"product_cat-shop-by-price","11":"product_cat-womens-jewellery","13":"first","14":"outofstock","15":"taxable","16":"shipping-taxable","17":"product-type-simple","18":"add-to-wishlist-before_image"},"yoast_head":"<!-- This site is optimized with the Yoast SEO plugin v27.5 - https:\/\/yoast.com\/product\/yoast-seo-wordpress\/ -->\n<title>Buy 22ct Gold Foxtail Chain Now - Premium Quality at Best Price<\/title>\n<meta name=\"description\" content=\"This beautiful 22ct Gold 16-inch Foxtail Chain is a perfect way to add a touch of luxury to any outfit. Explore More Chain Collection Online at PureJewels.\" \/>\n<meta name=\"robots\" content=\"index, follow, max-snippet:-1, max-image-preview:large, max-video-preview:-1\" \/>\n<link rel=\"canonical\" href=\"https:\/\/www.purejewels.com\/tr\/urun\/22-ayar-altin-tilki-kuyrugu-zincir-16-inc-48285\/\" \/>\n<meta property=\"og:locale\" content=\"tr_TR\" \/>\n<meta property=\"og:type\" content=\"article\" \/>\n<meta property=\"og:title\" content=\"Buy 22ct Gold Foxtail Chain Now - Premium Quality at Best Price\" \/>\n<meta property=\"og:description\" content=\"This beautiful 22ct Gold 16-inch Foxtail Chain is a perfect way to add a touch of luxury to any outfit. Explore More Chain Collection Online at PureJewels.\" \/>\n<meta property=\"og:url\" content=\"https:\/\/www.purejewels.com\/tr\/urun\/22-ayar-altin-tilki-kuyrugu-zincir-16-inc-48285\/\" \/>\n<meta property=\"og:site_name\" content=\"PureJewels UK\" \/>\n<meta property=\"article:modified_time\" content=\"2025-08-26T05:36:15+00:00\" \/>\n<meta property=\"og:image\" content=\"https:\/\/www.purejewels.com\/wp-content\/uploads\/2020\/08\/31811-1.jpg\" \/>\n\t<meta property=\"og:image:width\" content=\"1000\" \/>\n\t<meta property=\"og:image:height\" content=\"1000\" \/>\n\t<meta property=\"og:image:type\" content=\"image\/jpeg\" \/>\n<meta name=\"twitter:card\" content=\"summary_large_image\" \/>\n<script type=\"application\/ld+json\" class=\"yoast-schema-graph\">{\"@context\":\"https:\\\/\\\/schema.org\",\"@graph\":[{\"@type\":[\"WebPage\",\"ItemPage\"],\"@id\":\"https:\\\/\\\/www.purejewels.com\\\/product\\\/22ct-gold-foxtail-chain-16-inches-48285\\\/\",\"url\":\"https:\\\/\\\/www.purejewels.com\\\/product\\\/22ct-gold-foxtail-chain-16-inches-48285\\\/\",\"name\":\"Buy 22ct Gold Foxtail Chain Now - Premium Quality at Best Price\",\"isPartOf\":{\"@id\":\"https:\\\/\\\/www.purejewels.com\\\/#website\"},\"primaryImageOfPage\":{\"@id\":\"https:\\\/\\\/www.purejewels.com\\\/product\\\/22ct-gold-foxtail-chain-16-inches-48285\\\/#primaryimage\"},\"image\":{\"@id\":\"https:\\\/\\\/www.purejewels.com\\\/product\\\/22ct-gold-foxtail-chain-16-inches-48285\\\/#primaryimage\"},\"thumbnailUrl\":\"https:\\\/\\\/static.purejewels.com\\\/wp-content\\\/uploads\\\/2020\\\/08\\\/31811-1.jpg\",\"datePublished\":\"2023-01-20T09:35:47+00:00\",\"dateModified\":\"2025-08-26T05:36:15+00:00\",\"description\":\"This beautiful 22ct Gold 16-inch Foxtail Chain is a perfect way to add a touch of luxury to any outfit. Explore More Chain Collection Online at PureJewels.\",\"breadcrumb\":{\"@id\":\"https:\\\/\\\/www.purejewels.com\\\/product\\\/22ct-gold-foxtail-chain-16-inches-48285\\\/#breadcrumb\"},\"inLanguage\":\"tr\",\"potentialAction\":[{\"@type\":\"ReadAction\",\"target\":[\"https:\\\/\\\/www.purejewels.com\\\/product\\\/22ct-gold-foxtail-chain-16-inches-48285\\\/\"]}]},{\"@type\":\"ImageObject\",\"inLanguage\":\"tr\",\"@id\":\"https:\\\/\\\/www.purejewels.com\\\/product\\\/22ct-gold-foxtail-chain-16-inches-48285\\\/#primaryimage\",\"url\":\"https:\\\/\\\/static.purejewels.com\\\/wp-content\\\/uploads\\\/2020\\\/08\\\/31811-1.jpg\",\"contentUrl\":\"https:\\\/\\\/static.purejewels.com\\\/wp-content\\\/uploads\\\/2020\\\/08\\\/31811-1.jpg\",\"width\":1000,\"height\":1000,\"caption\":\"22ct Gold Foxtail Chain 31811-1\"},{\"@type\":\"BreadcrumbList\",\"@id\":\"https:\\\/\\\/www.purejewels.com\\\/product\\\/22ct-gold-foxtail-chain-16-inches-48285\\\/#breadcrumb\",\"itemListElement\":[{\"@type\":\"ListItem\",\"position\":1,\"name\":\"Home\",\"item\":\"https:\\\/\\\/www.purejewels.com\\\/\"},{\"@type\":\"ListItem\",\"position\":2,\"name\":\"Shop\",\"item\":\"https:\\\/\\\/www.purejewels.com\\\/shop\\\/\"},{\"@type\":\"ListItem\",\"position\":3,\"name\":\"22ct Gold Foxtail Chain | 16 Inches\"}]},{\"@type\":\"WebSite\",\"@id\":\"https:\\\/\\\/www.purejewels.com\\\/#website\",\"url\":\"https:\\\/\\\/www.purejewels.com\\\/\",\"name\":\"PureJewels UK\",\"description\":\"Share the Love\",\"publisher\":{\"@id\":\"https:\\\/\\\/www.purejewels.com\\\/#organization\"},\"potentialAction\":[{\"@type\":\"SearchAction\",\"target\":{\"@type\":\"EntryPoint\",\"urlTemplate\":\"https:\\\/\\\/www.purejewels.com\\\/?s={search_term_string}\"},\"query-input\":{\"@type\":\"PropertyValueSpecification\",\"valueRequired\":true,\"valueName\":\"search_term_string\"}}],\"inLanguage\":\"tr\"},{\"@type\":\"Organization\",\"@id\":\"https:\\\/\\\/www.purejewels.com\\\/#organization\",\"name\":\"PureJewels UK\",\"url\":\"https:\\\/\\\/www.purejewels.com\\\/\",\"logo\":{\"@type\":\"ImageObject\",\"inLanguage\":\"tr\",\"@id\":\"https:\\\/\\\/www.purejewels.com\\\/#\\\/schema\\\/logo\\\/image\\\/\",\"url\":\"https:\\\/\\\/static.purejewels.com\\\/wp-content\\\/uploads\\\/2020\\\/11\\\/Logo-PJ-New-1.png\",\"contentUrl\":\"https:\\\/\\\/static.purejewels.com\\\/wp-content\\\/uploads\\\/2020\\\/11\\\/Logo-PJ-New-1.png\",\"width\":150,\"height\":80,\"caption\":\"PureJewels UK\"},\"image\":{\"@id\":\"https:\\\/\\\/www.purejewels.com\\\/#\\\/schema\\\/logo\\\/image\\\/\"}}]}<\/script>\n<!-- \/ Yoast SEO plugin. -->","yoast_head_json":{"title":"22 Ayar Alt\u0131n Tilki Kuyru\u011fu Zinciri \u015eimdi Sat\u0131n Al\u0131n - En \u0130yi Fiyata \u00dcst\u00fcn Kalite","description":"Bu g\u00fczel 22 Ayar Alt\u0131n 16 in\u00e7 Tilki Kuyru\u011fu Zincir, her k\u0131yafete l\u00fcks bir dokunu\u015f katmak i\u00e7in m\u00fckemmel bir yoldur. PureJewels'te Daha Fazla Zincir Koleksiyonunu Ke\u015ffedin.","robots":{"index":"index","follow":"follow","max-snippet":"max-snippet:-1","max-image-preview":"max-image-preview:large","max-video-preview":"max-video-preview:-1"},"canonical":"https:\/\/www.purejewels.com\/tr\/urun\/22-ayar-altin-tilki-kuyrugu-zincir-16-inc-48285\/","og_locale":"tr_TR","og_type":"article","og_title":"Buy 22ct Gold Foxtail Chain Now - Premium Quality at Best Price","og_description":"This beautiful 22ct Gold 16-inch Foxtail Chain is a perfect way to add a touch of luxury to any outfit. Explore More Chain Collection Online at PureJewels.","og_url":"https:\/\/www.purejewels.com\/tr\/urun\/22-ayar-altin-tilki-kuyrugu-zincir-16-inc-48285\/","og_site_name":"PureJewels UK","article_modified_time":"2025-08-26T05:36:15+00:00","og_image":[{"width":1000,"height":1000,"url":"https:\/\/www.purejewels.com\/wp-content\/uploads\/2020\/08\/31811-1.jpg","type":"image\/jpeg"}],"twitter_card":"summary_large_image","schema":{"@context":"https:\/\/schema.org","@graph":[{"@type":["WebPage","ItemPage"],"@id":"https:\/\/www.purejewels.com\/product\/22ct-gold-foxtail-chain-16-inches-48285\/","url":"https:\/\/www.purejewels.com\/product\/22ct-gold-foxtail-chain-16-inches-48285\/","name":"22 Ayar Alt\u0131n Tilki Kuyru\u011fu Zinciri \u015eimdi Sat\u0131n Al\u0131n - En \u0130yi Fiyata \u00dcst\u00fcn Kalite","isPartOf":{"@id":"https:\/\/www.purejewels.com\/#website"},"primaryImageOfPage":{"@id":"https:\/\/www.purejewels.com\/product\/22ct-gold-foxtail-chain-16-inches-48285\/#primaryimage"},"image":{"@id":"https:\/\/www.purejewels.com\/product\/22ct-gold-foxtail-chain-16-inches-48285\/#primaryimage"},"thumbnailUrl":"https:\/\/static.purejewels.com\/wp-content\/uploads\/2020\/08\/31811-1.jpg","datePublished":"2023-01-20T09:35:47+00:00","dateModified":"2025-08-26T05:36:15+00:00","description":"Bu g\u00fczel 22 Ayar Alt\u0131n 16 in\u00e7 Tilki Kuyru\u011fu Zincir, her k\u0131yafete l\u00fcks bir dokunu\u015f katmak i\u00e7in m\u00fckemmel bir yoldur. PureJewels'te Daha Fazla Zincir Koleksiyonunu Ke\u015ffedin.","breadcrumb":{"@id":"https:\/\/www.purejewels.com\/product\/22ct-gold-foxtail-chain-16-inches-48285\/#breadcrumb"},"inLanguage":"tr","potentialAction":[{"@type":"ReadAction","target":["https:\/\/www.purejewels.com\/product\/22ct-gold-foxtail-chain-16-inches-48285\/"]}]},{"@type":"ImageObject","inLanguage":"tr","@id":"https:\/\/www.purejewels.com\/product\/22ct-gold-foxtail-chain-16-inches-48285\/#primaryimage","url":"https:\/\/static.purejewels.com\/wp-content\/uploads\/2020\/08\/31811-1.jpg","contentUrl":"https:\/\/static.purejewels.com\/wp-content\/uploads\/2020\/08\/31811-1.jpg","width":1000,"height":1000,"caption":"22ct Gold Foxtail Chain 31811-1"},{"@type":"BreadcrumbList","@id":"https:\/\/www.purejewels.com\/product\/22ct-gold-foxtail-chain-16-inches-48285\/#breadcrumb","itemListElement":[{"@type":"ListItem","position":1,"name":"Home","item":"https:\/\/www.purejewels.com\/"},{"@type":"ListItem","position":2,"name":"Shop","item":"https:\/\/www.purejewels.com\/shop\/"},{"@type":"ListItem","position":3,"name":"22ct Gold Foxtail Chain | 16 Inches"}]},{"@type":"WebSite","@id":"https:\/\/www.purejewels.com\/#website","url":"https:\/\/www.purejewels.com\/","name":"PureJewels \u0130ngiltere","description":"Sevgiyi Payla\u015f\u0131n","publisher":{"@id":"https:\/\/www.purejewels.com\/#organization"},"potentialAction":[{"@type":"SearchAction","target":{"@type":"EntryPoint","urlTemplate":"https:\/\/www.purejewels.com\/?s={search_term_string}"},"query-input":{"@type":"PropertyValueSpecification","valueRequired":true,"valueName":"search_term_string"}}],"inLanguage":"tr"},{"@type":"Organization","@id":"https:\/\/www.purejewels.com\/#organization","name":"PureJewels \u0130ngiltere","url":"https:\/\/www.purejewels.com\/","logo":{"@type":"ImageObject","inLanguage":"tr","@id":"https:\/\/www.purejewels.com\/#\/schema\/logo\/image\/","url":"https:\/\/static.purejewels.com\/wp-content\/uploads\/2020\/11\/Logo-PJ-New-1.png","contentUrl":"https:\/\/static.purejewels.com\/wp-content\/uploads\/2020\/11\/Logo-PJ-New-1.png","width":150,"height":80,"caption":"PureJewels UK"},"image":{"@id":"https:\/\/www.purejewels.com\/#\/schema\/logo\/image\/"}}]}},"_links":{"self":[{"href":"https:\/\/www.purejewels.com\/tr\/wp-json\/wp\/v2\/product\/342858","targetHints":{"allow":["GET"]}}],"collection":[{"href":"https:\/\/www.purejewels.com\/tr\/wp-json\/wp\/v2\/product"}],"about":[{"href":"https:\/\/www.purejewels.com\/tr\/wp-json\/wp\/v2\/types\/product"}],"replies":[{"embeddable":true,"href":"https:\/\/www.purejewels.com\/tr\/wp-json\/wp\/v2\/comments?post=342858"}],"version-history":[{"count":2,"href":"https:\/\/www.purejewels.com\/tr\/wp-json\/wp\/v2\/product\/342858\/revisions"}],"predecessor-version":[{"id":363365,"href":"https:\/\/www.purejewels.com\/tr\/wp-json\/wp\/v2\/product\/342858\/revisions\/363365"}],"wp:featuredmedia":[{"embeddable":true,"href":"https:\/\/www.purejewels.com\/tr\/wp-json\/wp\/v2\/media\/327464"}],"wp:attachment":[{"href":"https:\/\/www.purejewels.com\/tr\/wp-json\/wp\/v2\/media?parent=342858"}],"wp:term":[{"taxonomy":"product_brand","embeddable":true,"href":"https:\/\/www.purejewels.com\/tr\/wp-json\/wp\/v2\/product_brand?post=342858"},{"taxonomy":"product_cat","embeddable":true,"href":"https:\/\/www.purejewels.com\/tr\/wp-json\/wp\/v2\/product_cat?post=342858"},{"taxonomy":"product_tag","embeddable":true,"href":"https:\/\/www.purejewels.com\/tr\/wp-json\/wp\/v2\/product_tag?post=342858"}],"curies":[{"name":"wp","href":"https:\/\/api.w.org\/{rel}","templated":true}]}}