{"id":342938,"date":"2023-01-23T05:50:16","date_gmt":"2023-01-23T05:50:16","guid":{"rendered":"https:\/\/www.purejewels.com\/?post_type=product&#038;p=342938"},"modified":"2026-04-01T13:24:35","modified_gmt":"2026-04-01T12:24:35","slug":"22-ayar-altin-tilki-kuyrugu-zincir-20-inc-52850","status":"publish","type":"product","link":"https:\/\/www.purejewels.com\/tr\/product\/22ct-gold-foxtail-chain-20-inches-52850\/","title":{"rendered":"22 Ayar Alt\u0131n | Tilki Kuyru\u011fu Zincir | 20 \u0130n\u00e7 | 1,3 mm Kal\u0131nl\u0131k"},"content":{"rendered":"<p data-start=\"232\" data-end=\"583\">Zarafet ve miras\u0131n rafine bir ifadesi olan bu <strong data-start=\"284\" data-end=\"311\">22 ayar alt\u0131n tilki kuyru\u011fu zincir<\/strong> en y\u00fcksek i\u015f\u00e7ilik standartlar\u0131na g\u00f6re haz\u0131rlanm\u0131\u015f zamans\u0131z bir par\u00e7ad\u0131r. 6,3 gram a\u011f\u0131rl\u0131\u011f\u0131nda ve 20 in\u00e7 uzunlu\u011funda olan bu par\u00e7a, k\u00f6pr\u00fcc\u00fck kemi\u011fine g\u00fczel bir \u015fekilde oturan zarif bir siluet sunarak hem g\u00fcnl\u00fck sofistike kullan\u0131m hem de anlaml\u0131 hediyeler i\u00e7in idealdir.<\/p>\n<p data-start=\"585\" data-end=\"870\">\u0130mza niteli\u011findeki tilki kuyru\u011fu tasar\u0131m\u0131, PureJewels'in ince detaylara ve zanaat kalitesine olan ba\u011fl\u0131l\u0131\u011f\u0131n\u0131 ifade eden yumu\u015fak, ak\u0131c\u0131 bir hareket yaratarak karma\u015f\u0131k bir \u015fekilde dokunmu\u015ftur. \u0130ster minimalist bir ifade i\u00e7in tek ba\u015f\u0131na tak\u0131ls\u0131n, ister de\u011ferli bir kolye ucuyla s\u00fcslensin, her g\u00f6r\u00fcn\u00fcme sade bir l\u00fcks katar.<\/p>\n<p data-start=\"872\" data-end=\"1130\">Her zincir <strong data-start=\"886\" data-end=\"927\">Londra Tahlil Ofisi taraf\u0131ndan damgalanm\u0131\u015ft\u0131r<\/strong>\u00f6zg\u00fcnl\u00fck ve safl\u0131k sa\u011flar. Modern zarafeti kucaklarken gelene\u011fi onurland\u0131rmak i\u00e7in tasarlanan bu m\u00fccevher, her m\u00fccevher koleksiyonuna \u00e7ok y\u00f6nl\u00fc bir ektir ve hayat\u0131n yolculu\u011funu zarafetle kutlamak i\u00e7in m\u00fckemmeldir.<\/p>\n<p data-start=\"1132\" data-end=\"1346\">","protected":false},"excerpt":{"rendered":"<p>Zamans\u0131z bir klasik olan bu 22 ayar alt\u0131n tilki kuyru\u011fu zincir, 6,3 gram a\u011f\u0131rl\u0131\u011f\u0131nda ve 20 in\u00e7 uzunlu\u011funda zarif bir \u015fekilde \u00fcretilmi\u015ftir. Karma\u015f\u0131k \u00f6rg\u00fcs\u00fc yumu\u015fak ve ak\u0131c\u0131 bir g\u00f6r\u00fcn\u00fcm sunar; g\u00fcnl\u00fck kullan\u0131m veya de\u011ferli bir kolye ile e\u015fle\u015ftirmek i\u00e7in m\u00fckemmeldir. Safl\u0131k damgal\u0131 bu zincir, PureJewels'in ince i\u015f\u00e7ilik miras\u0131n\u0131 yans\u0131t\u0131r.<\/p>\n<p><strong>Malzeme:<\/strong> 22 Ayar Alt\u0131n<br \/>\n<strong>Safl\u0131k:<\/strong> 91.6% saf<br \/>\n<strong>Hallmark:<\/strong> \u0130ngiliz Damgas\u0131<br \/>\n<strong>Uzunluk:<\/strong> 20 in\u00e7<br \/>\n<strong>Kal\u0131nl\u0131k:<\/strong> 1.3mm<br \/>\n<strong>Br\u00fct A\u011f\u0131rl\u0131k:<\/strong> 6.30 Gms<br \/>\n<strong>SKU:<\/strong> 52850, 43300<\/p>\n<p>Fiyat ve Teslimat: KDV ve teslimat \u00fccretleri dahil<br \/>\n<a href=\"https:\/\/www.purejewels.com\/tr\/i%cc%87ade-poli%cc%87ti%cc%87kasi\/\"><strong>\u0130ade Politikas\u0131<\/strong><\/a><\/p>","protected":false},"featured_media":327464,"comment_status":"closed","ping_status":"closed","template":"","meta":{"_eb_attr":"","_crsspst_to_jayantr4sg-hostcom":true},"product_brand":[],"product_cat":[5015,5018,1791,1559,5265,1790,1773,1572,1774,1574,5349],"product_tag":[3990,65],"class_list":{"0":"post-342938","1":"product","2":"type-product","3":"status-publish","4":"has-post-thumbnail","6":"product_cat-20-inch-ladies-chain","7":"product_cat-20-inch-mens-chain","8":"product_cat-anniversary-gifts","9":"product_cat-birthday-gifts","10":"product_cat-foxtail-chain","11":"product_cat-for-whom-when","12":"product_cat-ladies-chains","13":"product_cat-mens-jewellery","14":"product_cat-mens-chains","15":"product_cat-womens-jewellery","16":"product_cat-yellow-gold-jewellery","17":"product_tag-22-carat-gold-chain","18":"product_tag-chains","20":"first","21":"outofstock","22":"taxable","23":"shipping-taxable","24":"product-type-simple","25":"add-to-wishlist-before_image"},"yoast_head":"<!-- This site is optimized with the Yoast SEO plugin v27.5 - https:\/\/yoast.com\/product\/yoast-seo-wordpress\/ -->\n<title>22ct Gold | Daily Wear Foxtail Chain | 20 Inches<\/title>\n<meta name=\"description\" content=\"22ct Gold Foxtail Chain For Daily wear for Men &amp; Women | Explore More Chain Collection Online in London | Free and Fast Delivery Across UK\" \/>\n<meta name=\"robots\" content=\"index, follow, max-snippet:-1, max-image-preview:large, max-video-preview:-1\" \/>\n<link rel=\"canonical\" href=\"https:\/\/www.purejewels.com\/tr\/urun\/22-ayar-altin-tilki-kuyrugu-zincir-20-inc-52850\/\" \/>\n<meta property=\"og:locale\" content=\"tr_TR\" \/>\n<meta property=\"og:type\" content=\"article\" \/>\n<meta property=\"og:title\" content=\"22ct Gold | Daily Wear Foxtail Chain | 20 Inches\" \/>\n<meta property=\"og:description\" content=\"22ct Gold Foxtail Chain For Daily wear for Men &amp; Women | Explore More Chain Collection Online in London | Free and Fast Delivery Across UK\" \/>\n<meta property=\"og:url\" content=\"https:\/\/www.purejewels.com\/tr\/urun\/22-ayar-altin-tilki-kuyrugu-zincir-20-inc-52850\/\" \/>\n<meta property=\"og:site_name\" content=\"PureJewels UK\" \/>\n<meta property=\"article:modified_time\" content=\"2026-04-01T12:24:35+00:00\" \/>\n<meta property=\"og:image\" content=\"https:\/\/static.purejewels.com\/wp-content\/uploads\/2020\/08\/31811-1.jpg\" \/>\n\t<meta property=\"og:image:width\" content=\"1000\" \/>\n\t<meta property=\"og:image:height\" content=\"1000\" \/>\n\t<meta property=\"og:image:type\" content=\"image\/jpeg\" \/>\n<meta name=\"twitter:card\" content=\"summary_large_image\" \/>\n<meta name=\"twitter:label1\" content=\"Tahmini okuma s\u00fcresi\" \/>\n\t<meta name=\"twitter:data1\" content=\"1 dakika\" \/>\n<script type=\"application\/ld+json\" class=\"yoast-schema-graph\">{\"@context\":\"https:\\\/\\\/schema.org\",\"@graph\":[{\"@type\":[\"WebPage\",\"ItemPage\"],\"@id\":\"https:\\\/\\\/www.purejewels.com\\\/product\\\/22ct-gold-foxtail-chain-20-inches-52850\\\/\",\"url\":\"https:\\\/\\\/www.purejewels.com\\\/product\\\/22ct-gold-foxtail-chain-20-inches-52850\\\/\",\"name\":\"22ct Gold | Daily Wear Foxtail Chain | 20 Inches\",\"isPartOf\":{\"@id\":\"https:\\\/\\\/www.purejewels.com\\\/#website\"},\"primaryImageOfPage\":{\"@id\":\"https:\\\/\\\/www.purejewels.com\\\/product\\\/22ct-gold-foxtail-chain-20-inches-52850\\\/#primaryimage\"},\"image\":{\"@id\":\"https:\\\/\\\/www.purejewels.com\\\/product\\\/22ct-gold-foxtail-chain-20-inches-52850\\\/#primaryimage\"},\"thumbnailUrl\":\"https:\\\/\\\/static.purejewels.com\\\/wp-content\\\/uploads\\\/2020\\\/08\\\/31811-1.jpg\",\"datePublished\":\"2023-01-23T05:50:16+00:00\",\"dateModified\":\"2026-04-01T12:24:35+00:00\",\"description\":\"22ct Gold Foxtail Chain For Daily wear for Men & Women | Explore More Chain Collection Online in London | Free and Fast Delivery Across UK\",\"breadcrumb\":{\"@id\":\"https:\\\/\\\/www.purejewels.com\\\/product\\\/22ct-gold-foxtail-chain-20-inches-52850\\\/#breadcrumb\"},\"inLanguage\":\"tr\",\"potentialAction\":[{\"@type\":\"ReadAction\",\"target\":[\"https:\\\/\\\/www.purejewels.com\\\/product\\\/22ct-gold-foxtail-chain-20-inches-52850\\\/\"]}]},{\"@type\":\"ImageObject\",\"inLanguage\":\"tr\",\"@id\":\"https:\\\/\\\/www.purejewels.com\\\/product\\\/22ct-gold-foxtail-chain-20-inches-52850\\\/#primaryimage\",\"url\":\"https:\\\/\\\/static.purejewels.com\\\/wp-content\\\/uploads\\\/2020\\\/08\\\/31811-1.jpg\",\"contentUrl\":\"https:\\\/\\\/static.purejewels.com\\\/wp-content\\\/uploads\\\/2020\\\/08\\\/31811-1.jpg\",\"width\":1000,\"height\":1000,\"caption\":\"22ct Gold Foxtail Chain 31811-1\"},{\"@type\":\"BreadcrumbList\",\"@id\":\"https:\\\/\\\/www.purejewels.com\\\/product\\\/22ct-gold-foxtail-chain-20-inches-52850\\\/#breadcrumb\",\"itemListElement\":[{\"@type\":\"ListItem\",\"position\":1,\"name\":\"Home\",\"item\":\"https:\\\/\\\/www.purejewels.com\\\/\"},{\"@type\":\"ListItem\",\"position\":2,\"name\":\"Shop\",\"item\":\"https:\\\/\\\/www.purejewels.com\\\/shop\\\/\"},{\"@type\":\"ListItem\",\"position\":3,\"name\":\"22ct Gold | Foxtail Chain | 20 Inches | 1.3mmThick\"}]},{\"@type\":\"WebSite\",\"@id\":\"https:\\\/\\\/www.purejewels.com\\\/#website\",\"url\":\"https:\\\/\\\/www.purejewels.com\\\/\",\"name\":\"PureJewels UK\",\"description\":\"Share the Love\",\"publisher\":{\"@id\":\"https:\\\/\\\/www.purejewels.com\\\/#organization\"},\"potentialAction\":[{\"@type\":\"SearchAction\",\"target\":{\"@type\":\"EntryPoint\",\"urlTemplate\":\"https:\\\/\\\/www.purejewels.com\\\/?s={search_term_string}\"},\"query-input\":{\"@type\":\"PropertyValueSpecification\",\"valueRequired\":true,\"valueName\":\"search_term_string\"}}],\"inLanguage\":\"tr\"},{\"@type\":\"Organization\",\"@id\":\"https:\\\/\\\/www.purejewels.com\\\/#organization\",\"name\":\"PureJewels UK\",\"url\":\"https:\\\/\\\/www.purejewels.com\\\/\",\"logo\":{\"@type\":\"ImageObject\",\"inLanguage\":\"tr\",\"@id\":\"https:\\\/\\\/www.purejewels.com\\\/#\\\/schema\\\/logo\\\/image\\\/\",\"url\":\"https:\\\/\\\/static.purejewels.com\\\/wp-content\\\/uploads\\\/2020\\\/11\\\/Logo-PJ-New-1.png\",\"contentUrl\":\"https:\\\/\\\/static.purejewels.com\\\/wp-content\\\/uploads\\\/2020\\\/11\\\/Logo-PJ-New-1.png\",\"width\":150,\"height\":80,\"caption\":\"PureJewels UK\"},\"image\":{\"@id\":\"https:\\\/\\\/www.purejewels.com\\\/#\\\/schema\\\/logo\\\/image\\\/\"}}]}<\/script>\n<!-- \/ Yoast SEO plugin. -->","yoast_head_json":{"title":"22 Ayar Alt\u0131n | G\u00fcnl\u00fck Kullan\u0131m Tilki Kuyru\u011fu Zincir | 20 \u0130n\u00e7","description":"22 Ayar Alt\u0131n Tilki Kuyru\u011fu Zincir Erkekler ve Kad\u0131nlar i\u00e7in G\u00fcnl\u00fck kullan\u0131m i\u00e7in | Londra'da \u00c7evrimi\u00e7i Daha Fazla Zincir Koleksiyonu Ke\u015ffedin | \u0130ngiltere \u00c7ap\u0131nda \u00dccretsiz ve H\u0131zl\u0131 Teslimat","robots":{"index":"index","follow":"follow","max-snippet":"max-snippet:-1","max-image-preview":"max-image-preview:large","max-video-preview":"max-video-preview:-1"},"canonical":"https:\/\/www.purejewels.com\/tr\/urun\/22-ayar-altin-tilki-kuyrugu-zincir-20-inc-52850\/","og_locale":"tr_TR","og_type":"article","og_title":"22ct Gold | Daily Wear Foxtail Chain | 20 Inches","og_description":"22ct Gold Foxtail Chain For Daily wear for Men & Women | Explore More Chain Collection Online in London | Free and Fast Delivery Across UK","og_url":"https:\/\/www.purejewels.com\/tr\/urun\/22-ayar-altin-tilki-kuyrugu-zincir-20-inc-52850\/","og_site_name":"PureJewels UK","article_modified_time":"2026-04-01T12:24:35+00:00","og_image":[{"width":1000,"height":1000,"url":"https:\/\/static.purejewels.com\/wp-content\/uploads\/2020\/08\/31811-1.jpg","type":"image\/jpeg"}],"twitter_card":"summary_large_image","twitter_misc":{"Tahmini okuma s\u00fcresi":"1 dakika"},"schema":{"@context":"https:\/\/schema.org","@graph":[{"@type":["WebPage","ItemPage"],"@id":"https:\/\/www.purejewels.com\/product\/22ct-gold-foxtail-chain-20-inches-52850\/","url":"https:\/\/www.purejewels.com\/product\/22ct-gold-foxtail-chain-20-inches-52850\/","name":"22 Ayar Alt\u0131n | G\u00fcnl\u00fck Kullan\u0131m Tilki Kuyru\u011fu Zincir | 20 \u0130n\u00e7","isPartOf":{"@id":"https:\/\/www.purejewels.com\/#website"},"primaryImageOfPage":{"@id":"https:\/\/www.purejewels.com\/product\/22ct-gold-foxtail-chain-20-inches-52850\/#primaryimage"},"image":{"@id":"https:\/\/www.purejewels.com\/product\/22ct-gold-foxtail-chain-20-inches-52850\/#primaryimage"},"thumbnailUrl":"https:\/\/static.purejewels.com\/wp-content\/uploads\/2020\/08\/31811-1.jpg","datePublished":"2023-01-23T05:50:16+00:00","dateModified":"2026-04-01T12:24:35+00:00","description":"22 Ayar Alt\u0131n Tilki Kuyru\u011fu Zincir Erkekler ve Kad\u0131nlar i\u00e7in G\u00fcnl\u00fck kullan\u0131m i\u00e7in | Londra'da \u00c7evrimi\u00e7i Daha Fazla Zincir Koleksiyonu Ke\u015ffedin | \u0130ngiltere \u00c7ap\u0131nda \u00dccretsiz ve H\u0131zl\u0131 Teslimat","breadcrumb":{"@id":"https:\/\/www.purejewels.com\/product\/22ct-gold-foxtail-chain-20-inches-52850\/#breadcrumb"},"inLanguage":"tr","potentialAction":[{"@type":"ReadAction","target":["https:\/\/www.purejewels.com\/product\/22ct-gold-foxtail-chain-20-inches-52850\/"]}]},{"@type":"ImageObject","inLanguage":"tr","@id":"https:\/\/www.purejewels.com\/product\/22ct-gold-foxtail-chain-20-inches-52850\/#primaryimage","url":"https:\/\/static.purejewels.com\/wp-content\/uploads\/2020\/08\/31811-1.jpg","contentUrl":"https:\/\/static.purejewels.com\/wp-content\/uploads\/2020\/08\/31811-1.jpg","width":1000,"height":1000,"caption":"22ct Gold Foxtail Chain 31811-1"},{"@type":"BreadcrumbList","@id":"https:\/\/www.purejewels.com\/product\/22ct-gold-foxtail-chain-20-inches-52850\/#breadcrumb","itemListElement":[{"@type":"ListItem","position":1,"name":"Home","item":"https:\/\/www.purejewels.com\/"},{"@type":"ListItem","position":2,"name":"Shop","item":"https:\/\/www.purejewels.com\/shop\/"},{"@type":"ListItem","position":3,"name":"22ct Gold | Foxtail Chain | 20 Inches | 1.3mmThick"}]},{"@type":"WebSite","@id":"https:\/\/www.purejewels.com\/#website","url":"https:\/\/www.purejewels.com\/","name":"PureJewels \u0130ngiltere","description":"Sevgiyi Payla\u015f\u0131n","publisher":{"@id":"https:\/\/www.purejewels.com\/#organization"},"potentialAction":[{"@type":"SearchAction","target":{"@type":"EntryPoint","urlTemplate":"https:\/\/www.purejewels.com\/?s={search_term_string}"},"query-input":{"@type":"PropertyValueSpecification","valueRequired":true,"valueName":"search_term_string"}}],"inLanguage":"tr"},{"@type":"Organization","@id":"https:\/\/www.purejewels.com\/#organization","name":"PureJewels \u0130ngiltere","url":"https:\/\/www.purejewels.com\/","logo":{"@type":"ImageObject","inLanguage":"tr","@id":"https:\/\/www.purejewels.com\/#\/schema\/logo\/image\/","url":"https:\/\/static.purejewels.com\/wp-content\/uploads\/2020\/11\/Logo-PJ-New-1.png","contentUrl":"https:\/\/static.purejewels.com\/wp-content\/uploads\/2020\/11\/Logo-PJ-New-1.png","width":150,"height":80,"caption":"PureJewels UK"},"image":{"@id":"https:\/\/www.purejewels.com\/#\/schema\/logo\/image\/"}}]}},"_links":{"self":[{"href":"https:\/\/www.purejewels.com\/tr\/wp-json\/wp\/v2\/product\/342938","targetHints":{"allow":["GET"]}}],"collection":[{"href":"https:\/\/www.purejewels.com\/tr\/wp-json\/wp\/v2\/product"}],"about":[{"href":"https:\/\/www.purejewels.com\/tr\/wp-json\/wp\/v2\/types\/product"}],"replies":[{"embeddable":true,"href":"https:\/\/www.purejewels.com\/tr\/wp-json\/wp\/v2\/comments?post=342938"}],"version-history":[{"count":3,"href":"https:\/\/www.purejewels.com\/tr\/wp-json\/wp\/v2\/product\/342938\/revisions"}],"predecessor-version":[{"id":417262,"href":"https:\/\/www.purejewels.com\/tr\/wp-json\/wp\/v2\/product\/342938\/revisions\/417262"}],"wp:featuredmedia":[{"embeddable":true,"href":"https:\/\/www.purejewels.com\/tr\/wp-json\/wp\/v2\/media\/327464"}],"wp:attachment":[{"href":"https:\/\/www.purejewels.com\/tr\/wp-json\/wp\/v2\/media?parent=342938"}],"wp:term":[{"taxonomy":"product_brand","embeddable":true,"href":"https:\/\/www.purejewels.com\/tr\/wp-json\/wp\/v2\/product_brand?post=342938"},{"taxonomy":"product_cat","embeddable":true,"href":"https:\/\/www.purejewels.com\/tr\/wp-json\/wp\/v2\/product_cat?post=342938"},{"taxonomy":"product_tag","embeddable":true,"href":"https:\/\/www.purejewels.com\/tr\/wp-json\/wp\/v2\/product_tag?post=342938"}],"curies":[{"name":"wp","href":"https:\/\/api.w.org\/{rel}","templated":true}]}}