{"id":343175,"date":"2023-01-30T10:49:37","date_gmt":"2023-01-30T10:49:37","guid":{"rendered":"https:\/\/www.purejewels.com\/?post_type=product&#038;p=343175"},"modified":"2025-11-14T05:56:51","modified_gmt":"2025-11-14T05:56:51","slug":"18-ayar-beyaz-altin-damla-pirlanta-kupe-30068","status":"publish","type":"product","link":"https:\/\/www.purejewels.com\/tr\/product\/18ct-white-gold-drop-diamond-earring-30068\/","title":{"rendered":"18 Ayar Beyaz Alt\u0131n Damla P\u0131rlanta K\u00fcpe"},"content":{"rendered":"<p data-start=\"261\" data-end=\"648\"><strong data-start=\"261\" data-end=\"271\">Tasar\u0131m<\/strong><br data-start=\"271\" data-end=\"274\" \/>Bu elmas damla <a href=\"https:\/\/www.purejewels.com\/tr\/product-category\/22ct-gold-jewellery\/gold-earrings\/\">K\u00fcpeler<\/a> ince, uzun bir siluete sahiptir. <a href=\"https:\/\/www.purejewels.com\/tr\/product\/18ct-white-gold-diamond-ring-for-ladies-8775\/\">18 ayar beyaz alt\u0131n<\/a>, Hareket ettik\u00e7e \u0131\u015f\u0131\u011f\u0131 yakalamak i\u00e7in d\u00fczenlenmi\u015f 0,43 ct parlak p\u0131rlanta ile. Narin damla, kula\u011f\u0131n alt\u0131nda zarif bir \u00e7izgi olu\u015fturarak do\u011fru miktarda \u0131\u015f\u0131lt\u0131 katar. Sade ve abart\u0131s\u0131z profili, sessiz ve l\u00fcks tasar\u0131m\u0131 seven herkes i\u00e7in do\u011fal bir se\u00e7imdir.<\/p>\n<p data-start=\"650\" data-end=\"1021\"><strong data-start=\"650\" data-end=\"667\"><a href=\"https:\/\/www.purejewels.com\/tr\/a-guide-to-die-stamping\/\">Zanaatkarl\u0131k<\/a><\/strong><br data-start=\"667\" data-end=\"670\" \/>\u0130nce i\u015f\u00e7ilikle \u00fcretilmi\u015ftir <a href=\"https:\/\/www.purejewels.com\/tr\/product\/18ct-white-gold-khanda-sikh-religious-pendant-6226\/\">18ct<\/a> beyaz alt\u0131n, her bir p\u0131rlanta parlakl\u0131\u011f\u0131n\u0131 art\u0131rmak ve g\u00fcvenli, cilal\u0131 bir y\u00fczey sa\u011flamak i\u00e7in \u00f6zenle elle ayarlan\u0131r. Metal, p\u0131rlantalar\u0131n ate\u015fini onlar\u0131 bast\u0131rmadan y\u00fckselten ayna benzeri bir parlakl\u0131\u011fa getirilmi\u015ftir. Her \u00e7ift, safl\u0131k sertifikas\u0131 i\u00e7in \u0130ngiltere'de damgalanarak hem kalite hem de orijinallik konusunda g\u00fcven sunar.<\/p>\n<p data-start=\"1023\" data-end=\"1467\" data-is-last-node=\"\" data-is-only-node=\"\"><strong data-start=\"1023\" data-end=\"1040\">Stil Fikirleri<\/strong><br data-start=\"1040\" data-end=\"1043\" \/>G\u00fcnd\u00fczden geceye kullan\u0131m i\u00e7in m\u00fckemmel olan bu damlalar, sade bir beyaz alt\u0131n kolye ucu veya ince bir p\u0131rlanta \u00e7izgi kolye ile g\u00fczel bir \u015fekilde e\u015fle\u015fir. Bu k\u00fcpeleri yumu\u015fak trikolar ve terzilik k\u0131yafetleriyle kullanarak hafif bir hava kat\u0131n ya da y\u00fcz\u00fcn\u00fcz\u00fc hafif bir \u0131\u015f\u0131lt\u0131yla \u00e7er\u00e7evelemek i\u00e7in \u00f6zel g\u00fcnlerde kullan\u0131n. Y\u0131ld\u00f6n\u00fcmleri ve \u00f6zel kutlamalar i\u00e7in de zarif bir se\u00e7im olan bu k\u00fcpeler, kendinizi an\u0131nda g\u00f6steri\u015fli hissetmek istedi\u011finizde ba\u015fvuraca\u011f\u0131n\u0131z k\u00fcpeler haline gelecek.<\/p>","protected":false},"excerpt":{"rendered":"<table class=\"sh_desc\">\n<tbody>\n<tr>\n<td>K\u00fcpe T\u00fcr\u00fc<\/td>\n<td>Damla K\u00fcpe<\/td>\n<\/tr>\n<tr>\n<td>SKU<\/td>\n<td>30068<\/td>\n<\/tr>\n<tr>\n<td>Cinsiyet<\/td>\n<td>Bayanlar<\/td>\n<\/tr>\n<tr>\n<td>Elmas A\u011f\u0131rl\u0131\u011f\u0131.<\/td>\n<td>0.43ct<\/td>\n<\/tr>\n<tr>\n<td>Metal<\/td>\n<td>18 Ayar Beyaz Alt\u0131n<\/td>\n<\/tr>\n<tr>\n<td>\u00dccretler<\/td>\n<td>Teslimat ve KDV Dahil<\/td>\n<\/tr>\n<tr>\n<td>Paketleme<\/td>\n<td>Sunum Kutusu ile Birlikte Gelir<\/td>\n<\/tr>\n<tr>\n<td>Daha Fazla Bilgi<\/td>\n<td>M\u00fcsaitlik durumu ve daha fazla resim i\u00e7in bizimle canl\u0131 sohbet edin<\/td>\n<\/tr>\n<\/tbody>\n<\/table>","protected":false},"featured_media":343176,"comment_status":"closed","ping_status":"closed","template":"","meta":{"_eb_attr":"","_crsspst_to_jayantr4sg-hostcom":true},"product_brand":[],"product_cat":[6086,5679,1791,5458,5457,5348,1574],"product_tag":[66],"class_list":{"0":"post-343175","1":"product","2":"type-product","3":"status-publish","4":"has-post-thumbnail","6":"product_cat-18ct-gold-earring","7":"product_cat-18ct-gold-jewellery","8":"product_cat-anniversary-gifts","9":"product_cat-diamond-earring","10":"product_cat-diamond-jewellery","11":"product_cat-white-gold-jewellery","12":"product_cat-womens-jewellery","13":"product_tag-earrings","15":"first","16":"instock","17":"taxable","18":"shipping-taxable","19":"purchasable","20":"product-type-simple","21":"add-to-wishlist-before_image"},"yoast_head":"<!-- This site is optimized with the Yoast SEO plugin v27.5 - https:\/\/yoast.com\/product\/yoast-seo-wordpress\/ -->\n<title>18ct White Gold Drop Diamond Earring | PureJewels London<\/title>\n<meta name=\"description\" content=\"Elevate your style and make a statement of refined taste with these extraordinary diamond earrings crafted in 18ct white gold.\" \/>\n<meta name=\"robots\" content=\"index, follow, max-snippet:-1, max-image-preview:large, max-video-preview:-1\" \/>\n<link rel=\"canonical\" href=\"https:\/\/www.purejewels.com\/tr\/urun\/18-ayar-beyaz-altin-damla-pirlanta-kupe-30068\/\" \/>\n<meta property=\"og:locale\" content=\"tr_TR\" \/>\n<meta property=\"og:type\" content=\"article\" \/>\n<meta property=\"og:title\" content=\"18ct White Gold Drop Diamond Earring | PureJewels London\" \/>\n<meta property=\"og:description\" content=\"Elevate your style and make a statement of refined taste with these extraordinary diamond earrings crafted in 18ct white gold.\" \/>\n<meta property=\"og:url\" content=\"https:\/\/www.purejewels.com\/tr\/urun\/18-ayar-beyaz-altin-damla-pirlanta-kupe-30068\/\" \/>\n<meta property=\"og:site_name\" content=\"PureJewels UK\" \/>\n<meta property=\"article:modified_time\" content=\"2025-11-14T05:56:51+00:00\" \/>\n<meta property=\"og:image\" content=\"https:\/\/www.purejewels.com\/wp-content\/uploads\/2023\/01\/30068-1.jpg\" \/>\n\t<meta property=\"og:image:width\" content=\"1000\" \/>\n\t<meta property=\"og:image:height\" content=\"1000\" \/>\n\t<meta property=\"og:image:type\" content=\"image\/jpeg\" \/>\n<meta name=\"twitter:card\" content=\"summary_large_image\" \/>\n<meta name=\"twitter:label1\" content=\"Tahmini okuma s\u00fcresi\" \/>\n\t<meta name=\"twitter:data1\" content=\"2 dakika\" \/>\n<script type=\"application\/ld+json\" class=\"yoast-schema-graph\">{\"@context\":\"https:\\\/\\\/schema.org\",\"@graph\":[{\"@type\":[\"WebPage\",\"ItemPage\"],\"@id\":\"https:\\\/\\\/www.purejewels.com\\\/product\\\/18ct-white-gold-drop-diamond-earring-30068\\\/\",\"url\":\"https:\\\/\\\/www.purejewels.com\\\/product\\\/18ct-white-gold-drop-diamond-earring-30068\\\/\",\"name\":\"18ct White Gold Drop Diamond Earring | PureJewels London\",\"isPartOf\":{\"@id\":\"https:\\\/\\\/www.purejewels.com\\\/#website\"},\"primaryImageOfPage\":{\"@id\":\"https:\\\/\\\/www.purejewels.com\\\/product\\\/18ct-white-gold-drop-diamond-earring-30068\\\/#primaryimage\"},\"image\":{\"@id\":\"https:\\\/\\\/www.purejewels.com\\\/product\\\/18ct-white-gold-drop-diamond-earring-30068\\\/#primaryimage\"},\"thumbnailUrl\":\"https:\\\/\\\/static.purejewels.com\\\/wp-content\\\/uploads\\\/2023\\\/01\\\/30068-1.jpg\",\"datePublished\":\"2023-01-30T10:49:37+00:00\",\"dateModified\":\"2025-11-14T05:56:51+00:00\",\"description\":\"Elevate your style and make a statement of refined taste with these extraordinary diamond earrings crafted in 18ct white gold.\",\"breadcrumb\":{\"@id\":\"https:\\\/\\\/www.purejewels.com\\\/product\\\/18ct-white-gold-drop-diamond-earring-30068\\\/#breadcrumb\"},\"inLanguage\":\"tr\",\"potentialAction\":[{\"@type\":\"ReadAction\",\"target\":[\"https:\\\/\\\/www.purejewels.com\\\/product\\\/18ct-white-gold-drop-diamond-earring-30068\\\/\"]}]},{\"@type\":\"ImageObject\",\"inLanguage\":\"tr\",\"@id\":\"https:\\\/\\\/www.purejewels.com\\\/product\\\/18ct-white-gold-drop-diamond-earring-30068\\\/#primaryimage\",\"url\":\"https:\\\/\\\/static.purejewels.com\\\/wp-content\\\/uploads\\\/2023\\\/01\\\/30068-1.jpg\",\"contentUrl\":\"https:\\\/\\\/static.purejewels.com\\\/wp-content\\\/uploads\\\/2023\\\/01\\\/30068-1.jpg\",\"width\":1000,\"height\":1000,\"caption\":\"18ct White Gold Drop Diamond Earring\"},{\"@type\":\"BreadcrumbList\",\"@id\":\"https:\\\/\\\/www.purejewels.com\\\/product\\\/18ct-white-gold-drop-diamond-earring-30068\\\/#breadcrumb\",\"itemListElement\":[{\"@type\":\"ListItem\",\"position\":1,\"name\":\"Home\",\"item\":\"https:\\\/\\\/www.purejewels.com\\\/\"},{\"@type\":\"ListItem\",\"position\":2,\"name\":\"Shop\",\"item\":\"https:\\\/\\\/www.purejewels.com\\\/shop\\\/\"},{\"@type\":\"ListItem\",\"position\":3,\"name\":\"18ct White Gold Drop Diamond Earring\"}]},{\"@type\":\"WebSite\",\"@id\":\"https:\\\/\\\/www.purejewels.com\\\/#website\",\"url\":\"https:\\\/\\\/www.purejewels.com\\\/\",\"name\":\"PureJewels UK\",\"description\":\"Share the Love\",\"publisher\":{\"@id\":\"https:\\\/\\\/www.purejewels.com\\\/#organization\"},\"potentialAction\":[{\"@type\":\"SearchAction\",\"target\":{\"@type\":\"EntryPoint\",\"urlTemplate\":\"https:\\\/\\\/www.purejewels.com\\\/?s={search_term_string}\"},\"query-input\":{\"@type\":\"PropertyValueSpecification\",\"valueRequired\":true,\"valueName\":\"search_term_string\"}}],\"inLanguage\":\"tr\"},{\"@type\":\"Organization\",\"@id\":\"https:\\\/\\\/www.purejewels.com\\\/#organization\",\"name\":\"PureJewels UK\",\"url\":\"https:\\\/\\\/www.purejewels.com\\\/\",\"logo\":{\"@type\":\"ImageObject\",\"inLanguage\":\"tr\",\"@id\":\"https:\\\/\\\/www.purejewels.com\\\/#\\\/schema\\\/logo\\\/image\\\/\",\"url\":\"https:\\\/\\\/static.purejewels.com\\\/wp-content\\\/uploads\\\/2020\\\/11\\\/Logo-PJ-New-1.png\",\"contentUrl\":\"https:\\\/\\\/static.purejewels.com\\\/wp-content\\\/uploads\\\/2020\\\/11\\\/Logo-PJ-New-1.png\",\"width\":150,\"height\":80,\"caption\":\"PureJewels UK\"},\"image\":{\"@id\":\"https:\\\/\\\/www.purejewels.com\\\/#\\\/schema\\\/logo\\\/image\\\/\"}}]}<\/script>\n<!-- \/ Yoast SEO plugin. -->","yoast_head_json":{"title":"18 Ayar Beyaz Alt\u0131n Damla P\u0131rlanta K\u00fcpe | PureJewels London","description":"18 ayar beyaz alt\u0131ndan \u00fcretilen bu ola\u011fan\u00fcst\u00fc p\u0131rlanta k\u00fcpelerle stilinizi y\u00fckseltin ve rafine bir zevk ifadesi yarat\u0131n.","robots":{"index":"index","follow":"follow","max-snippet":"max-snippet:-1","max-image-preview":"max-image-preview:large","max-video-preview":"max-video-preview:-1"},"canonical":"https:\/\/www.purejewels.com\/tr\/urun\/18-ayar-beyaz-altin-damla-pirlanta-kupe-30068\/","og_locale":"tr_TR","og_type":"article","og_title":"18ct White Gold Drop Diamond Earring | PureJewels London","og_description":"Elevate your style and make a statement of refined taste with these extraordinary diamond earrings crafted in 18ct white gold.","og_url":"https:\/\/www.purejewels.com\/tr\/urun\/18-ayar-beyaz-altin-damla-pirlanta-kupe-30068\/","og_site_name":"PureJewels UK","article_modified_time":"2025-11-14T05:56:51+00:00","og_image":[{"width":1000,"height":1000,"url":"https:\/\/www.purejewels.com\/wp-content\/uploads\/2023\/01\/30068-1.jpg","type":"image\/jpeg"}],"twitter_card":"summary_large_image","twitter_misc":{"Tahmini okuma s\u00fcresi":"2 dakika"},"schema":{"@context":"https:\/\/schema.org","@graph":[{"@type":["WebPage","ItemPage"],"@id":"https:\/\/www.purejewels.com\/product\/18ct-white-gold-drop-diamond-earring-30068\/","url":"https:\/\/www.purejewels.com\/product\/18ct-white-gold-drop-diamond-earring-30068\/","name":"18 Ayar Beyaz Alt\u0131n Damla P\u0131rlanta K\u00fcpe | PureJewels London","isPartOf":{"@id":"https:\/\/www.purejewels.com\/#website"},"primaryImageOfPage":{"@id":"https:\/\/www.purejewels.com\/product\/18ct-white-gold-drop-diamond-earring-30068\/#primaryimage"},"image":{"@id":"https:\/\/www.purejewels.com\/product\/18ct-white-gold-drop-diamond-earring-30068\/#primaryimage"},"thumbnailUrl":"https:\/\/static.purejewels.com\/wp-content\/uploads\/2023\/01\/30068-1.jpg","datePublished":"2023-01-30T10:49:37+00:00","dateModified":"2025-11-14T05:56:51+00:00","description":"18 ayar beyaz alt\u0131ndan \u00fcretilen bu ola\u011fan\u00fcst\u00fc p\u0131rlanta k\u00fcpelerle stilinizi y\u00fckseltin ve rafine bir zevk ifadesi yarat\u0131n.","breadcrumb":{"@id":"https:\/\/www.purejewels.com\/product\/18ct-white-gold-drop-diamond-earring-30068\/#breadcrumb"},"inLanguage":"tr","potentialAction":[{"@type":"ReadAction","target":["https:\/\/www.purejewels.com\/product\/18ct-white-gold-drop-diamond-earring-30068\/"]}]},{"@type":"ImageObject","inLanguage":"tr","@id":"https:\/\/www.purejewels.com\/product\/18ct-white-gold-drop-diamond-earring-30068\/#primaryimage","url":"https:\/\/static.purejewels.com\/wp-content\/uploads\/2023\/01\/30068-1.jpg","contentUrl":"https:\/\/static.purejewels.com\/wp-content\/uploads\/2023\/01\/30068-1.jpg","width":1000,"height":1000,"caption":"18ct White Gold Drop Diamond Earring"},{"@type":"BreadcrumbList","@id":"https:\/\/www.purejewels.com\/product\/18ct-white-gold-drop-diamond-earring-30068\/#breadcrumb","itemListElement":[{"@type":"ListItem","position":1,"name":"Home","item":"https:\/\/www.purejewels.com\/"},{"@type":"ListItem","position":2,"name":"Shop","item":"https:\/\/www.purejewels.com\/shop\/"},{"@type":"ListItem","position":3,"name":"18ct White Gold Drop Diamond Earring"}]},{"@type":"WebSite","@id":"https:\/\/www.purejewels.com\/#website","url":"https:\/\/www.purejewels.com\/","name":"PureJewels \u0130ngiltere","description":"Sevgiyi Payla\u015f\u0131n","publisher":{"@id":"https:\/\/www.purejewels.com\/#organization"},"potentialAction":[{"@type":"SearchAction","target":{"@type":"EntryPoint","urlTemplate":"https:\/\/www.purejewels.com\/?s={search_term_string}"},"query-input":{"@type":"PropertyValueSpecification","valueRequired":true,"valueName":"search_term_string"}}],"inLanguage":"tr"},{"@type":"Organization","@id":"https:\/\/www.purejewels.com\/#organization","name":"PureJewels \u0130ngiltere","url":"https:\/\/www.purejewels.com\/","logo":{"@type":"ImageObject","inLanguage":"tr","@id":"https:\/\/www.purejewels.com\/#\/schema\/logo\/image\/","url":"https:\/\/static.purejewels.com\/wp-content\/uploads\/2020\/11\/Logo-PJ-New-1.png","contentUrl":"https:\/\/static.purejewels.com\/wp-content\/uploads\/2020\/11\/Logo-PJ-New-1.png","width":150,"height":80,"caption":"PureJewels UK"},"image":{"@id":"https:\/\/www.purejewels.com\/#\/schema\/logo\/image\/"}}]}},"_links":{"self":[{"href":"https:\/\/www.purejewels.com\/tr\/wp-json\/wp\/v2\/product\/343175","targetHints":{"allow":["GET"]}}],"collection":[{"href":"https:\/\/www.purejewels.com\/tr\/wp-json\/wp\/v2\/product"}],"about":[{"href":"https:\/\/www.purejewels.com\/tr\/wp-json\/wp\/v2\/types\/product"}],"replies":[{"embeddable":true,"href":"https:\/\/www.purejewels.com\/tr\/wp-json\/wp\/v2\/comments?post=343175"}],"version-history":[{"count":3,"href":"https:\/\/www.purejewels.com\/tr\/wp-json\/wp\/v2\/product\/343175\/revisions"}],"predecessor-version":[{"id":420874,"href":"https:\/\/www.purejewels.com\/tr\/wp-json\/wp\/v2\/product\/343175\/revisions\/420874"}],"wp:featuredmedia":[{"embeddable":true,"href":"https:\/\/www.purejewels.com\/tr\/wp-json\/wp\/v2\/media\/343176"}],"wp:attachment":[{"href":"https:\/\/www.purejewels.com\/tr\/wp-json\/wp\/v2\/media?parent=343175"}],"wp:term":[{"taxonomy":"product_brand","embeddable":true,"href":"https:\/\/www.purejewels.com\/tr\/wp-json\/wp\/v2\/product_brand?post=343175"},{"taxonomy":"product_cat","embeddable":true,"href":"https:\/\/www.purejewels.com\/tr\/wp-json\/wp\/v2\/product_cat?post=343175"},{"taxonomy":"product_tag","embeddable":true,"href":"https:\/\/www.purejewels.com\/tr\/wp-json\/wp\/v2\/product_tag?post=343175"}],"curies":[{"name":"wp","href":"https:\/\/api.w.org\/{rel}","templated":true}]}}