{"id":343288,"date":"2024-12-07T07:51:28","date_gmt":"2024-12-07T07:51:28","guid":{"rendered":"https:\/\/www.purejewels.com\/?post_type=product&#038;p=343288"},"modified":"2025-11-05T10:57:07","modified_gmt":"2025-11-05T10:57:07","slug":"bayanlar-icin-22-ayar-altin-inci-saplama-kupe-3-5mm-42375","status":"publish","type":"product","link":"https:\/\/www.purejewels.com\/tr\/product\/22ct-gold-pearl-stud-earring-for-ladies-3-5mm-42375\/","title":{"rendered":"Bayanlar i\u00e7in 22 Ayar Alt\u0131n \u0130nci Saplama K\u00fcpe"},"content":{"rendered":"<p>Alt\u0131n \u00e7ivilerden daha iyi olan tek \u015fey inci \u00e7ivilerdir <a href=\"https:\/\/www.purejewels.com\/tr\/product-category\/22ct-gold-jewellery\/gold-earrings\/\">K\u00fcpeler<\/a> alt\u0131n. \u0130ncileri ve alt\u0131n\u0131 seviyoruz. Sa\u011flad\u0131\u011f\u0131 \u00e7ok y\u00f6nl\u00fc esteti\u011fi ve alt\u0131n bir incinin ihti\u015fam\u0131n\u0131 seviyoruz <a href=\"https:\/\/www.purejewels.com\/tr\/product\/22ct-gold-ladies-stud-earring-with-rhodium-finish-46497\/\">K\u00fcpe<\/a>.<\/p>\n<p>\u0130ncimiz <a href=\"https:\/\/www.purejewels.com\/tr\/product-category\/22ct-gold-jewellery\/gold-earrings\/stud-earrings\/\">saplama k\u00fcpeler<\/a> alt\u0131n 22 ayar alt\u0131ndan \u00fcretilmi\u015ftir. 22 ayar alt\u0131n\u0131n sonbahar\u0131n s\u0131cak tonlar\u0131n\u0131 and\u0131ran kendine \u00f6zg\u00fc bir parlakl\u0131\u011f\u0131 vard\u0131r. E\u011fer 22 ayar alt\u0131n k\u00fcpelerden ho\u015flan\u0131yorsan\u0131z, koleksiyonumuzdan \u00e7ok memnun kalacaks\u0131n\u0131z. Koleksiyonumuz p\u0131rlanta k\u00fcpeler, alt\u0131n inci k\u00fcpeler, sade alt\u0131n k\u00fcpeler ve benzerlerinden olu\u015fmaktad\u0131r. Alt\u0131n inci k\u00fcpelerinizi veya alt\u0131n inci k\u00fcpe damlalar\u0131n\u0131z\u0131 e\u015fle\u015ftirmek istiyorsan\u0131z, alt\u0131n kolyelerimiz ve <a href=\"https:\/\/www.purejewels.com\/tr\/product-category\/22ct-gold-jewellery\/gold-rings\/\">halkalar<\/a> e\u015fle\u015ftirmek i\u00e7in.<\/p>\n<p><span data-sheets-root=\"1\">Bu zarif 22 Ayar Alt\u0131n \u0130nci Kulak \u00c7\u0131t\u00e7\u0131tlar\u0131, k\u0131yafetine \u015f\u0131kl\u0131k katmak isteyen her bayan i\u00e7in m\u00fckemmel bir aksesuard\u0131r. 6 \u00e7atall\u0131 tasar\u0131m, g\u00fczel bir 5mm tatl\u0131 su incisini g\u00fcvenli bir \u015fekilde tutar ve her g\u00f6r\u00fcn\u00fcme sofistike bir dokunu\u015f katar. Sadece 2,1 gram a\u011f\u0131rl\u0131\u011f\u0131ndaki bu hafif k\u00fcpe, g\u00fcn boyu rahatl\u0131kla tak\u0131labilir.<\/p>\n<p>Sunum kutusunda paketlenen bu Alt\u0131n \u0130nci Kulak \u00c7\u0131t\u00e7\u0131tlar\u0131, sevdikleriniz i\u00e7in harika bir hediye de olabilir. Bu \u00e7arp\u0131c\u0131 k\u00fcpeleri m\u00fccevher koleksiyonunuza bug\u00fcn ekleme f\u0131rsat\u0131n\u0131 ka\u00e7\u0131rmay\u0131n.<\/span><\/p>","protected":false},"excerpt":{"rendered":"<div class=\"woocommerce-product-details__short-description\">\n<table class=\"sh_desc\" style=\"width: 100%; height: 252px;\">\n<tbody>\n<tr style=\"height: 28px;\">\n<td style=\"height: 28px;\">K\u00fcpe T\u00fcr\u00fc<\/td>\n<td style=\"height: 28px;\">6 U\u00e7lu \u0130nci Saplama K\u00fcpe, 5mm<\/td>\n<\/tr>\n<tr style=\"height: 28px;\">\n<td style=\"height: 28px;\">SKU<\/td>\n<td style=\"height: 28px;\">48226, 48320<\/td>\n<\/tr>\n<tr style=\"height: 28px;\">\n<td style=\"height: 28px;\">A\u011f\u0131rl\u0131k<\/td>\n<td style=\"height: 28px;\">2.1 Gms<\/td>\n<\/tr>\n<tr style=\"height: 28px;\">\n<td style=\"height: 28px;\">Ta\u015f<\/td>\n<td style=\"height: 28px;\">Tatl\u0131 Su \u0130ncisi (0,3 gram, 5mm)<\/td>\n<\/tr>\n<tr style=\"height: 28px;\">\n<td style=\"height: 28px;\">Metal<\/td>\n<td style=\"height: 28px;\">22 Ayar Alt\u0131n<\/td>\n<\/tr>\n<tr style=\"height: 28px;\">\n<td style=\"height: 28px;\">Cinsiyet<\/td>\n<td style=\"height: 28px;\">Bayanlar<\/td>\n<\/tr>\n<tr style=\"height: 28px;\">\n<td style=\"height: 28px;\">\u00dccretler<\/td>\n<td style=\"height: 28px;\">Teslimat ve KDV Dahil<\/td>\n<\/tr>\n<tr style=\"height: 28px;\">\n<td style=\"height: 28px;\">Paketleme<\/td>\n<td style=\"height: 28px;\">Sunum Kutusu ile Birlikte Gelir<\/td>\n<\/tr>\n<tr style=\"height: 28px;\">\n<td style=\"height: 28px;\">Daha Fazla Bilgi<\/td>\n<td style=\"height: 28px;\">\n<ul>\n<li>M\u00fcsaitlik durumu ve daha fazla resim i\u00e7in bizimle canl\u0131 sohbet edin <strong>\u0130nci Tak\u0131lar<\/strong><\/li>\n<li>Koleksiyonumuzu ke\u015ffedin\u00a0<strong>bebek k\u00fcpesi<\/strong><\/li>\n<li>E\u015fle\u015ftirme Sat\u0131n Al\u0131n <strong>\u0130nci Damlal\u0131klar\u0131<\/strong><\/li>\n<\/ul>\n<\/td>\n<\/tr>\n<\/tbody>\n<\/table>\n<\/div>\n<div class=\"btn-atc atc-slide\"><\/div>\n<div class=\"product_meta\"><\/div>","protected":false},"featured_media":357819,"comment_status":"closed","ping_status":"closed","template":"","meta":{"_eb_attr":"","_crsspst_to_jayantr4sg-hostcom":false},"product_brand":[],"product_cat":[1791,1559,1794,1254,5343,5599,5456,1577,1575,1569,1573,1574,5349],"product_tag":[66],"class_list":{"0":"post-343288","1":"product","2":"type-product","3":"status-publish","4":"has-post-thumbnail","6":"product_cat-anniversary-gifts","7":"product_cat-birthday-gifts","8":"product_cat-christmas-gifts","9":"product_cat-gold-earrings","10":"product_cat-jewellery-under-550","11":"product_cat-baby-earring","12":"product_cat-pearl-collection","13":"product_cat-stud-earrings","14":"product_cat-teenage-jewellery","15":"product_cat-valentine-day-gifts","16":"product_cat-wedding-gifts","17":"product_cat-womens-jewellery","18":"product_cat-yellow-gold-jewellery","19":"product_tag-earrings","21":"first","22":"outofstock","23":"taxable","24":"shipping-taxable","25":"product-type-simple","26":"add-to-wishlist-before_image"},"yoast_head":"<!-- This site is optimized with the Yoast SEO plugin v27.5 - https:\/\/yoast.com\/product\/yoast-seo-wordpress\/ -->\n<title>22ct Gold Pearl Stud Earring for Ladies | PureJewels UK<\/title>\n<meta name=\"description\" content=\"Buy online Pearl Stud Earring in Gold for Ladies&#039; daily wear | crafted from 22ct yellow gold. Buy these Pearl Studs online today!\" \/>\n<meta name=\"robots\" content=\"index, follow, max-snippet:-1, max-image-preview:large, max-video-preview:-1\" \/>\n<link rel=\"canonical\" href=\"https:\/\/www.purejewels.com\/tr\/urun\/bayanlar-icin-22-ayar-altin-inci-saplama-kupe-3-5mm-42375\/\" \/>\n<meta property=\"og:locale\" content=\"tr_TR\" \/>\n<meta property=\"og:type\" content=\"article\" \/>\n<meta property=\"og:title\" content=\"22ct Gold Pearl Stud Earring for Ladies | PureJewels UK\" \/>\n<meta property=\"og:description\" content=\"Buy online Pearl Stud Earring in Gold for Ladies&#039; daily wear | crafted from 22ct yellow gold. Buy these Pearl Studs online today!\" \/>\n<meta property=\"og:url\" content=\"https:\/\/www.purejewels.com\/tr\/urun\/bayanlar-icin-22-ayar-altin-inci-saplama-kupe-3-5mm-42375\/\" \/>\n<meta property=\"og:site_name\" content=\"PureJewels UK\" \/>\n<meta property=\"article:modified_time\" content=\"2025-11-05T10:57:07+00:00\" \/>\n<meta property=\"og:image\" content=\"https:\/\/www.purejewels.com\/wp-content\/uploads\/2023\/12\/42375-1.png\" \/>\n\t<meta property=\"og:image:width\" content=\"1000\" \/>\n\t<meta property=\"og:image:height\" content=\"1000\" \/>\n\t<meta property=\"og:image:type\" content=\"image\/png\" \/>\n<meta name=\"twitter:card\" content=\"summary_large_image\" \/>\n<meta name=\"twitter:label1\" content=\"Tahmini okuma s\u00fcresi\" \/>\n\t<meta name=\"twitter:data1\" content=\"2 dakika\" \/>\n<script type=\"application\/ld+json\" class=\"yoast-schema-graph\">{\"@context\":\"https:\\\/\\\/schema.org\",\"@graph\":[{\"@type\":[\"WebPage\",\"ItemPage\"],\"@id\":\"https:\\\/\\\/www.purejewels.com\\\/product\\\/22ct-gold-pearl-stud-earring-for-ladies-3-5mm-42375\\\/\",\"url\":\"https:\\\/\\\/www.purejewels.com\\\/product\\\/22ct-gold-pearl-stud-earring-for-ladies-3-5mm-42375\\\/\",\"name\":\"22ct Gold Pearl Stud Earring for Ladies | PureJewels UK\",\"isPartOf\":{\"@id\":\"https:\\\/\\\/www.purejewels.com\\\/#website\"},\"primaryImageOfPage\":{\"@id\":\"https:\\\/\\\/www.purejewels.com\\\/product\\\/22ct-gold-pearl-stud-earring-for-ladies-3-5mm-42375\\\/#primaryimage\"},\"image\":{\"@id\":\"https:\\\/\\\/www.purejewels.com\\\/product\\\/22ct-gold-pearl-stud-earring-for-ladies-3-5mm-42375\\\/#primaryimage\"},\"thumbnailUrl\":\"https:\\\/\\\/static.purejewels.com\\\/wp-content\\\/uploads\\\/2023\\\/12\\\/42375-1.png\",\"datePublished\":\"2024-12-07T07:51:28+00:00\",\"dateModified\":\"2025-11-05T10:57:07+00:00\",\"description\":\"Buy online Pearl Stud Earring in Gold for Ladies' daily wear | crafted from 22ct yellow gold. Buy these Pearl Studs online today!\",\"breadcrumb\":{\"@id\":\"https:\\\/\\\/www.purejewels.com\\\/product\\\/22ct-gold-pearl-stud-earring-for-ladies-3-5mm-42375\\\/#breadcrumb\"},\"inLanguage\":\"tr\",\"potentialAction\":[{\"@type\":\"ReadAction\",\"target\":[\"https:\\\/\\\/www.purejewels.com\\\/product\\\/22ct-gold-pearl-stud-earring-for-ladies-3-5mm-42375\\\/\"]}]},{\"@type\":\"ImageObject\",\"inLanguage\":\"tr\",\"@id\":\"https:\\\/\\\/www.purejewels.com\\\/product\\\/22ct-gold-pearl-stud-earring-for-ladies-3-5mm-42375\\\/#primaryimage\",\"url\":\"https:\\\/\\\/static.purejewels.com\\\/wp-content\\\/uploads\\\/2023\\\/12\\\/42375-1.png\",\"contentUrl\":\"https:\\\/\\\/static.purejewels.com\\\/wp-content\\\/uploads\\\/2023\\\/12\\\/42375-1.png\",\"width\":1000,\"height\":1000},{\"@type\":\"BreadcrumbList\",\"@id\":\"https:\\\/\\\/www.purejewels.com\\\/product\\\/22ct-gold-pearl-stud-earring-for-ladies-3-5mm-42375\\\/#breadcrumb\",\"itemListElement\":[{\"@type\":\"ListItem\",\"position\":1,\"name\":\"Home\",\"item\":\"https:\\\/\\\/www.purejewels.com\\\/\"},{\"@type\":\"ListItem\",\"position\":2,\"name\":\"Shop\",\"item\":\"https:\\\/\\\/www.purejewels.com\\\/shop\\\/\"},{\"@type\":\"ListItem\",\"position\":3,\"name\":\"22ct Gold Pearl Stud Earring for Ladies\"}]},{\"@type\":\"WebSite\",\"@id\":\"https:\\\/\\\/www.purejewels.com\\\/#website\",\"url\":\"https:\\\/\\\/www.purejewels.com\\\/\",\"name\":\"PureJewels UK\",\"description\":\"Share the Love\",\"publisher\":{\"@id\":\"https:\\\/\\\/www.purejewels.com\\\/#organization\"},\"potentialAction\":[{\"@type\":\"SearchAction\",\"target\":{\"@type\":\"EntryPoint\",\"urlTemplate\":\"https:\\\/\\\/www.purejewels.com\\\/?s={search_term_string}\"},\"query-input\":{\"@type\":\"PropertyValueSpecification\",\"valueRequired\":true,\"valueName\":\"search_term_string\"}}],\"inLanguage\":\"tr\"},{\"@type\":\"Organization\",\"@id\":\"https:\\\/\\\/www.purejewels.com\\\/#organization\",\"name\":\"PureJewels UK\",\"url\":\"https:\\\/\\\/www.purejewels.com\\\/\",\"logo\":{\"@type\":\"ImageObject\",\"inLanguage\":\"tr\",\"@id\":\"https:\\\/\\\/www.purejewels.com\\\/#\\\/schema\\\/logo\\\/image\\\/\",\"url\":\"https:\\\/\\\/static.purejewels.com\\\/wp-content\\\/uploads\\\/2020\\\/11\\\/Logo-PJ-New-1.png\",\"contentUrl\":\"https:\\\/\\\/static.purejewels.com\\\/wp-content\\\/uploads\\\/2020\\\/11\\\/Logo-PJ-New-1.png\",\"width\":150,\"height\":80,\"caption\":\"PureJewels UK\"},\"image\":{\"@id\":\"https:\\\/\\\/www.purejewels.com\\\/#\\\/schema\\\/logo\\\/image\\\/\"}}]}<\/script>\n<!-- \/ Yoast SEO plugin. -->","yoast_head_json":{"title":"Bayanlar i\u00e7in 22 Ayar Alt\u0131n \u0130nci Saplama K\u00fcpe | PureJewels UK","description":"Bayanlar\u0131n g\u00fcnl\u00fck kullan\u0131m\u0131 i\u00e7in 22 ayar sar\u0131 alt\u0131ndan \u00fcretilmi\u015f Alt\u0131n \u0130nci Saplama K\u00fcpeyi online sat\u0131n al\u0131n. Bu \u0130nci \u00c7\u0131t\u00e7\u0131tlar\u0131 bug\u00fcn online sat\u0131n al\u0131n!","robots":{"index":"index","follow":"follow","max-snippet":"max-snippet:-1","max-image-preview":"max-image-preview:large","max-video-preview":"max-video-preview:-1"},"canonical":"https:\/\/www.purejewels.com\/tr\/urun\/bayanlar-icin-22-ayar-altin-inci-saplama-kupe-3-5mm-42375\/","og_locale":"tr_TR","og_type":"article","og_title":"22ct Gold Pearl Stud Earring for Ladies | PureJewels UK","og_description":"Buy online Pearl Stud Earring in Gold for Ladies' daily wear | crafted from 22ct yellow gold. Buy these Pearl Studs online today!","og_url":"https:\/\/www.purejewels.com\/tr\/urun\/bayanlar-icin-22-ayar-altin-inci-saplama-kupe-3-5mm-42375\/","og_site_name":"PureJewels UK","article_modified_time":"2025-11-05T10:57:07+00:00","og_image":[{"width":1000,"height":1000,"url":"https:\/\/www.purejewels.com\/wp-content\/uploads\/2023\/12\/42375-1.png","type":"image\/png"}],"twitter_card":"summary_large_image","twitter_misc":{"Tahmini okuma s\u00fcresi":"2 dakika"},"schema":{"@context":"https:\/\/schema.org","@graph":[{"@type":["WebPage","ItemPage"],"@id":"https:\/\/www.purejewels.com\/product\/22ct-gold-pearl-stud-earring-for-ladies-3-5mm-42375\/","url":"https:\/\/www.purejewels.com\/product\/22ct-gold-pearl-stud-earring-for-ladies-3-5mm-42375\/","name":"Bayanlar i\u00e7in 22 Ayar Alt\u0131n \u0130nci Saplama K\u00fcpe | PureJewels UK","isPartOf":{"@id":"https:\/\/www.purejewels.com\/#website"},"primaryImageOfPage":{"@id":"https:\/\/www.purejewels.com\/product\/22ct-gold-pearl-stud-earring-for-ladies-3-5mm-42375\/#primaryimage"},"image":{"@id":"https:\/\/www.purejewels.com\/product\/22ct-gold-pearl-stud-earring-for-ladies-3-5mm-42375\/#primaryimage"},"thumbnailUrl":"https:\/\/static.purejewels.com\/wp-content\/uploads\/2023\/12\/42375-1.png","datePublished":"2024-12-07T07:51:28+00:00","dateModified":"2025-11-05T10:57:07+00:00","description":"Bayanlar\u0131n g\u00fcnl\u00fck kullan\u0131m\u0131 i\u00e7in 22 ayar sar\u0131 alt\u0131ndan \u00fcretilmi\u015f Alt\u0131n \u0130nci Saplama K\u00fcpeyi online sat\u0131n al\u0131n. Bu \u0130nci \u00c7\u0131t\u00e7\u0131tlar\u0131 bug\u00fcn online sat\u0131n al\u0131n!","breadcrumb":{"@id":"https:\/\/www.purejewels.com\/product\/22ct-gold-pearl-stud-earring-for-ladies-3-5mm-42375\/#breadcrumb"},"inLanguage":"tr","potentialAction":[{"@type":"ReadAction","target":["https:\/\/www.purejewels.com\/product\/22ct-gold-pearl-stud-earring-for-ladies-3-5mm-42375\/"]}]},{"@type":"ImageObject","inLanguage":"tr","@id":"https:\/\/www.purejewels.com\/product\/22ct-gold-pearl-stud-earring-for-ladies-3-5mm-42375\/#primaryimage","url":"https:\/\/static.purejewels.com\/wp-content\/uploads\/2023\/12\/42375-1.png","contentUrl":"https:\/\/static.purejewels.com\/wp-content\/uploads\/2023\/12\/42375-1.png","width":1000,"height":1000},{"@type":"BreadcrumbList","@id":"https:\/\/www.purejewels.com\/product\/22ct-gold-pearl-stud-earring-for-ladies-3-5mm-42375\/#breadcrumb","itemListElement":[{"@type":"ListItem","position":1,"name":"Home","item":"https:\/\/www.purejewels.com\/"},{"@type":"ListItem","position":2,"name":"Shop","item":"https:\/\/www.purejewels.com\/shop\/"},{"@type":"ListItem","position":3,"name":"22ct Gold Pearl Stud Earring for Ladies"}]},{"@type":"WebSite","@id":"https:\/\/www.purejewels.com\/#website","url":"https:\/\/www.purejewels.com\/","name":"PureJewels \u0130ngiltere","description":"Sevgiyi Payla\u015f\u0131n","publisher":{"@id":"https:\/\/www.purejewels.com\/#organization"},"potentialAction":[{"@type":"SearchAction","target":{"@type":"EntryPoint","urlTemplate":"https:\/\/www.purejewels.com\/?s={search_term_string}"},"query-input":{"@type":"PropertyValueSpecification","valueRequired":true,"valueName":"search_term_string"}}],"inLanguage":"tr"},{"@type":"Organization","@id":"https:\/\/www.purejewels.com\/#organization","name":"PureJewels \u0130ngiltere","url":"https:\/\/www.purejewels.com\/","logo":{"@type":"ImageObject","inLanguage":"tr","@id":"https:\/\/www.purejewels.com\/#\/schema\/logo\/image\/","url":"https:\/\/static.purejewels.com\/wp-content\/uploads\/2020\/11\/Logo-PJ-New-1.png","contentUrl":"https:\/\/static.purejewels.com\/wp-content\/uploads\/2020\/11\/Logo-PJ-New-1.png","width":150,"height":80,"caption":"PureJewels UK"},"image":{"@id":"https:\/\/www.purejewels.com\/#\/schema\/logo\/image\/"}}]}},"_links":{"self":[{"href":"https:\/\/www.purejewels.com\/tr\/wp-json\/wp\/v2\/product\/343288","targetHints":{"allow":["GET"]}}],"collection":[{"href":"https:\/\/www.purejewels.com\/tr\/wp-json\/wp\/v2\/product"}],"about":[{"href":"https:\/\/www.purejewels.com\/tr\/wp-json\/wp\/v2\/types\/product"}],"replies":[{"embeddable":true,"href":"https:\/\/www.purejewels.com\/tr\/wp-json\/wp\/v2\/comments?post=343288"}],"version-history":[{"count":4,"href":"https:\/\/www.purejewels.com\/tr\/wp-json\/wp\/v2\/product\/343288\/revisions"}],"predecessor-version":[{"id":420221,"href":"https:\/\/www.purejewels.com\/tr\/wp-json\/wp\/v2\/product\/343288\/revisions\/420221"}],"wp:featuredmedia":[{"embeddable":true,"href":"https:\/\/www.purejewels.com\/tr\/wp-json\/wp\/v2\/media\/357819"}],"wp:attachment":[{"href":"https:\/\/www.purejewels.com\/tr\/wp-json\/wp\/v2\/media?parent=343288"}],"wp:term":[{"taxonomy":"product_brand","embeddable":true,"href":"https:\/\/www.purejewels.com\/tr\/wp-json\/wp\/v2\/product_brand?post=343288"},{"taxonomy":"product_cat","embeddable":true,"href":"https:\/\/www.purejewels.com\/tr\/wp-json\/wp\/v2\/product_cat?post=343288"},{"taxonomy":"product_tag","embeddable":true,"href":"https:\/\/www.purejewels.com\/tr\/wp-json\/wp\/v2\/product_tag?post=343288"}],"curies":[{"name":"wp","href":"https:\/\/api.w.org\/{rel}","templated":true}]}}