{"id":343326,"date":"2024-06-04T10:01:33","date_gmt":"2024-06-04T09:01:33","guid":{"rendered":"https:\/\/www.purejewels.com\/?post_type=product&#038;p=343326"},"modified":"2025-12-31T05:44:29","modified_gmt":"2025-12-31T05:44:29","slug":"22-ayar-altin-sekilli-cz-saplama-kupe-46921","status":"publish","type":"product","link":"https:\/\/www.purejewels.com\/tr\/product\/22ct-gold-shaped-cz-stud-earring-46921\/","title":{"rendered":"22 ayar alt\u0131n k\u00fcbik zirkon yuvarlak k\u00fcpe"},"content":{"rendered":"<p><strong>Tasar\u0131m:<\/strong><br \/>\nKlasik dairesel saplama k\u00fcpe tasar\u0131m\u0131, parlak K\u00fcbik Zirkon ta\u015flar\u0131n k\u00fcmelenmi\u015f deseniyle zarif bir \u015fekilde s\u00fcslenmi\u015ftir. Y\u00fcksek parlakl\u0131kta 22 ayar alt\u0131n taban, kenarlar\u0131nda oyma detaylara sahiptir ve her bir ta\u015f\u0131n parlakl\u0131\u011f\u0131n\u0131 art\u0131r\u0131r.<\/p>\n<p><strong>\u0130\u015f\u00e7ilik:<\/strong><br \/>\nHassas bir \u015fekilde el i\u015f\u00e7ili\u011fi ile \u00fcretilen bu k\u00fcpeler, temiz ayar i\u015f\u00e7ili\u011fi, g\u00fcvenli vidal\u0131 arka k\u0131s\u0131mlar ve simetrik ta\u015f dizilimi ile \u00f6ne \u00e7\u0131kan ince bir kuyumculuk i\u015f\u00e7ili\u011fini sergiliyor. CZ kullan\u0131m\u0131, uygun fiyatl\u0131 olmas\u0131n\u0131 bozmadan elmas benzeri bir \u0131\u015f\u0131lt\u0131 sa\u011fl\u0131yor.<\/p>\n<p><strong>Stil:<\/strong><br \/>\nG\u00fcnl\u00fck kullan\u0131m veya minimalist etkinlikler i\u00e7in m\u00fckemmel olan bu k\u00fcpeler, sadelik ile \u0131\u015f\u0131lt\u0131y\u0131 bir araya getiriyor. \u00c7al\u0131\u015fan profesyoneller, gen\u00e7 yeti\u015fkinler veya ilk alt\u0131n k\u00fcpe \u00e7ifti olarak ideal. Hediye etmek i\u00e7in de \u00e7ok y\u00f6nl\u00fc bir se\u00e7imdir; do\u011fum g\u00fcnleri, \u00f6nemli g\u00fcnler veya bayramlar i\u00e7in uygundur.<\/p>","protected":false},"excerpt":{"rendered":"<p>22 ayar alt\u0131ndan \u00fcretilen bu k\u00fcpe, k\u00fcme \u015feklinde yerle\u015ftirilmi\u015f \u0131\u015f\u0131lt\u0131l\u0131 k\u00fcbik zirkon ta\u015flarla g\u00fcnl\u00fck stilinize zarif ve \u015f\u0131k bir dokunu\u015f katar.<\/p>\n<div class=\"woocommerce-product-details__short-description\">\n<table class=\"sh_desc\">\n<tbody>\n<tr>\n<td>K\u00fcpe T\u00fcr\u00fc<\/td>\n<td>Saplama K\u00fcpe<\/td>\n<\/tr>\n<tr>\n<td>SKU<\/td>\n<td>46924, 46921<\/td>\n<\/tr>\n<tr>\n<td>A\u011f\u0131rl\u0131k<\/td>\n<td>1 Gm<\/td>\n<\/tr>\n<tr>\n<td>Ta\u015f<\/td>\n<td>CZ<\/td>\n<\/tr>\n<tr>\n<td>Metal<\/td>\n<td>22 Ayar Alt\u0131n<\/td>\n<\/tr>\n<tr>\n<td>Cinsiyet<\/td>\n<td>Bayanlar<\/td>\n<\/tr>\n<tr>\n<td>\u00dccretler<\/td>\n<td>Teslimat ve KDV Dahil<\/td>\n<\/tr>\n<tr>\n<td>Paketleme<\/td>\n<td>Sunum Kutusu ile Birlikte Gelir<\/td>\n<\/tr>\n<tr>\n<td>Daha Fazla Bilgi<\/td>\n<td>Sevgililer g\u00fcn\u00fc hediyelerinin mevcudiyeti ve daha fazla g\u00f6rsel i\u00e7in bizimle canl\u0131 sohbet edin<\/td>\n<\/tr>\n<\/tbody>\n<\/table>\n<\/div>\n<div class=\"btn-atc atc-slide\"><\/div>\n<div class=\"product_meta\"><\/div>","protected":false},"featured_media":359159,"comment_status":"closed","ping_status":"closed","template":"","meta":{"_eb_attr":"","_crsspst_to_jayantr4sg-hostcom":true},"product_brand":[],"product_cat":[5682,1559,1793,1792,1790,1254,5342,5338,1577,1575,1574,5349],"product_tag":[66],"class_list":{"0":"post-343326","1":"product","2":"type-product","3":"status-publish","4":"has-post-thumbnail","6":"product_cat-22ct-gold-multi-cz-earrring","7":"product_cat-birthday-gifts","8":"product_cat-diwali-gifts","9":"product_cat-festival-gifts","10":"product_cat-for-whom-when","11":"product_cat-gold-earrings","12":"product_cat-jewellery-under-250","13":"product_cat-shop-by-price","14":"product_cat-stud-earrings","15":"product_cat-teenage-jewellery","16":"product_cat-womens-jewellery","17":"product_cat-yellow-gold-jewellery","18":"product_tag-earrings","20":"first","21":"outofstock","22":"sale","23":"taxable","24":"shipping-taxable","25":"product-type-simple","26":"add-to-wishlist-before_image"},"yoast_head":"<!-- This site is optimized with the Yoast SEO plugin v27.6 - https:\/\/yoast.com\/product\/yoast-seo-wordpress\/ -->\n<title>22ct Gold CZ Stud Earrings | Elegant Gold Earrings | PureJewels<\/title>\n<meta name=\"description\" content=\"Shop 22ct gold stud earrings with brilliant CZ stones. Perfect for everyday elegance or as a thoughtful gift. Lightweight, radiant, and timeless.\" \/>\n<meta name=\"robots\" content=\"index, follow, max-snippet:-1, max-image-preview:large, max-video-preview:-1\" \/>\n<link rel=\"canonical\" href=\"https:\/\/www.purejewels.com\/tr\/urun\/22-ayar-altin-sekilli-cz-saplama-kupe-46921\/\" \/>\n<meta property=\"og:locale\" content=\"tr_TR\" \/>\n<meta property=\"og:type\" content=\"article\" \/>\n<meta property=\"og:title\" content=\"22ct Gold CZ Stud Earrings | Elegant Gold Earrings | PureJewels\" \/>\n<meta property=\"og:description\" content=\"Shop 22ct gold stud earrings with brilliant CZ stones. Perfect for everyday elegance or as a thoughtful gift. Lightweight, radiant, and timeless.\" \/>\n<meta property=\"og:url\" content=\"https:\/\/www.purejewels.com\/tr\/urun\/22-ayar-altin-sekilli-cz-saplama-kupe-46921\/\" \/>\n<meta property=\"og:site_name\" content=\"PureJewels UK\" \/>\n<meta property=\"article:modified_time\" content=\"2025-12-31T05:44:29+00:00\" \/>\n<meta property=\"og:image\" content=\"https:\/\/static.purejewels.com\/wp-content\/uploads\/2023\/01\/46924-1.png\" \/>\n\t<meta property=\"og:image:width\" content=\"1000\" \/>\n\t<meta property=\"og:image:height\" content=\"1000\" \/>\n\t<meta property=\"og:image:type\" content=\"image\/png\" \/>\n<meta name=\"twitter:card\" content=\"summary_large_image\" \/>\n<meta name=\"twitter:label1\" content=\"Tahmini okuma s\u00fcresi\" \/>\n\t<meta name=\"twitter:data1\" content=\"1 dakika\" \/>\n<script type=\"application\/ld+json\" class=\"yoast-schema-graph\">{\"@context\":\"https:\\\/\\\/schema.org\",\"@graph\":[{\"@type\":[\"WebPage\",\"ItemPage\"],\"@id\":\"https:\\\/\\\/www.purejewels.com\\\/product\\\/22ct-gold-shaped-cz-stud-earring-46921\\\/\",\"url\":\"https:\\\/\\\/www.purejewels.com\\\/product\\\/22ct-gold-shaped-cz-stud-earring-46921\\\/\",\"name\":\"22ct Gold CZ Stud Earrings | Elegant Gold Earrings | PureJewels\",\"isPartOf\":{\"@id\":\"https:\\\/\\\/www.purejewels.com\\\/#website\"},\"primaryImageOfPage\":{\"@id\":\"https:\\\/\\\/www.purejewels.com\\\/product\\\/22ct-gold-shaped-cz-stud-earring-46921\\\/#primaryimage\"},\"image\":{\"@id\":\"https:\\\/\\\/www.purejewels.com\\\/product\\\/22ct-gold-shaped-cz-stud-earring-46921\\\/#primaryimage\"},\"thumbnailUrl\":\"https:\\\/\\\/static.purejewels.com\\\/wp-content\\\/uploads\\\/2023\\\/01\\\/46924-1.png\",\"datePublished\":\"2024-06-04T09:01:33+00:00\",\"dateModified\":\"2025-12-31T05:44:29+00:00\",\"description\":\"Shop 22ct gold stud earrings with brilliant CZ stones. Perfect for everyday elegance or as a thoughtful gift. Lightweight, radiant, and timeless.\",\"breadcrumb\":{\"@id\":\"https:\\\/\\\/www.purejewels.com\\\/product\\\/22ct-gold-shaped-cz-stud-earring-46921\\\/#breadcrumb\"},\"inLanguage\":\"tr\",\"potentialAction\":[{\"@type\":\"ReadAction\",\"target\":[\"https:\\\/\\\/www.purejewels.com\\\/product\\\/22ct-gold-shaped-cz-stud-earring-46921\\\/\"]}]},{\"@type\":\"ImageObject\",\"inLanguage\":\"tr\",\"@id\":\"https:\\\/\\\/www.purejewels.com\\\/product\\\/22ct-gold-shaped-cz-stud-earring-46921\\\/#primaryimage\",\"url\":\"https:\\\/\\\/static.purejewels.com\\\/wp-content\\\/uploads\\\/2023\\\/01\\\/46924-1.png\",\"contentUrl\":\"https:\\\/\\\/static.purejewels.com\\\/wp-content\\\/uploads\\\/2023\\\/01\\\/46924-1.png\",\"width\":1000,\"height\":1000,\"caption\":\"22ct Stud Earring\"},{\"@type\":\"BreadcrumbList\",\"@id\":\"https:\\\/\\\/www.purejewels.com\\\/product\\\/22ct-gold-shaped-cz-stud-earring-46921\\\/#breadcrumb\",\"itemListElement\":[{\"@type\":\"ListItem\",\"position\":1,\"name\":\"Home\",\"item\":\"https:\\\/\\\/www.purejewels.com\\\/\"},{\"@type\":\"ListItem\",\"position\":2,\"name\":\"Shop\",\"item\":\"https:\\\/\\\/www.purejewels.com\\\/shop\\\/\"},{\"@type\":\"ListItem\",\"position\":3,\"name\":\"22ct Gold Cubic Zirconia Round Stud Earrings\"}]},{\"@type\":\"WebSite\",\"@id\":\"https:\\\/\\\/www.purejewels.com\\\/#website\",\"url\":\"https:\\\/\\\/www.purejewels.com\\\/\",\"name\":\"PureJewels UK\",\"description\":\"Share the Love\",\"publisher\":{\"@id\":\"https:\\\/\\\/www.purejewels.com\\\/#organization\"},\"potentialAction\":[{\"@type\":\"SearchAction\",\"target\":{\"@type\":\"EntryPoint\",\"urlTemplate\":\"https:\\\/\\\/www.purejewels.com\\\/?s={search_term_string}\"},\"query-input\":{\"@type\":\"PropertyValueSpecification\",\"valueRequired\":true,\"valueName\":\"search_term_string\"}}],\"inLanguage\":\"tr\"},{\"@type\":\"Organization\",\"@id\":\"https:\\\/\\\/www.purejewels.com\\\/#organization\",\"name\":\"PureJewels UK\",\"url\":\"https:\\\/\\\/www.purejewels.com\\\/\",\"logo\":{\"@type\":\"ImageObject\",\"inLanguage\":\"tr\",\"@id\":\"https:\\\/\\\/www.purejewels.com\\\/#\\\/schema\\\/logo\\\/image\\\/\",\"url\":\"https:\\\/\\\/static.purejewels.com\\\/wp-content\\\/uploads\\\/2020\\\/11\\\/Logo-PJ-New-1.png\",\"contentUrl\":\"https:\\\/\\\/static.purejewels.com\\\/wp-content\\\/uploads\\\/2020\\\/11\\\/Logo-PJ-New-1.png\",\"width\":150,\"height\":80,\"caption\":\"PureJewels UK\"},\"image\":{\"@id\":\"https:\\\/\\\/www.purejewels.com\\\/#\\\/schema\\\/logo\\\/image\\\/\"}}]}<\/script>\n<!-- \/ Yoast SEO plugin. -->","yoast_head_json":{"title":"22 ayar alt\u0131n CZ k\u00fcpe | Zarif alt\u0131n k\u00fcpeler | PureJewels","description":"Parlak CZ ta\u015fl\u0131 22 ayar alt\u0131n saplama k\u00fcpeler. G\u00fcnl\u00fck \u015f\u0131kl\u0131k veya \u00f6zenli bir hediye olarak m\u00fckemmeldir. Hafif, \u0131\u015f\u0131lt\u0131l\u0131 ve zamans\u0131z.","robots":{"index":"index","follow":"follow","max-snippet":"max-snippet:-1","max-image-preview":"max-image-preview:large","max-video-preview":"max-video-preview:-1"},"canonical":"https:\/\/www.purejewels.com\/tr\/urun\/22-ayar-altin-sekilli-cz-saplama-kupe-46921\/","og_locale":"tr_TR","og_type":"article","og_title":"22ct Gold CZ Stud Earrings | Elegant Gold Earrings | PureJewels","og_description":"Shop 22ct gold stud earrings with brilliant CZ stones. Perfect for everyday elegance or as a thoughtful gift. Lightweight, radiant, and timeless.","og_url":"https:\/\/www.purejewels.com\/tr\/urun\/22-ayar-altin-sekilli-cz-saplama-kupe-46921\/","og_site_name":"PureJewels UK","article_modified_time":"2025-12-31T05:44:29+00:00","og_image":[{"width":1000,"height":1000,"url":"https:\/\/static.purejewels.com\/wp-content\/uploads\/2023\/01\/46924-1.png","type":"image\/png"}],"twitter_card":"summary_large_image","twitter_misc":{"Tahmini okuma s\u00fcresi":"1 dakika"},"schema":{"@context":"https:\/\/schema.org","@graph":[{"@type":["WebPage","ItemPage"],"@id":"https:\/\/www.purejewels.com\/product\/22ct-gold-shaped-cz-stud-earring-46921\/","url":"https:\/\/www.purejewels.com\/product\/22ct-gold-shaped-cz-stud-earring-46921\/","name":"22 ayar alt\u0131n CZ k\u00fcpe | Zarif alt\u0131n k\u00fcpeler | PureJewels","isPartOf":{"@id":"https:\/\/www.purejewels.com\/#website"},"primaryImageOfPage":{"@id":"https:\/\/www.purejewels.com\/product\/22ct-gold-shaped-cz-stud-earring-46921\/#primaryimage"},"image":{"@id":"https:\/\/www.purejewels.com\/product\/22ct-gold-shaped-cz-stud-earring-46921\/#primaryimage"},"thumbnailUrl":"https:\/\/static.purejewels.com\/wp-content\/uploads\/2023\/01\/46924-1.png","datePublished":"2024-06-04T09:01:33+00:00","dateModified":"2025-12-31T05:44:29+00:00","description":"Parlak CZ ta\u015fl\u0131 22 ayar alt\u0131n saplama k\u00fcpeler. G\u00fcnl\u00fck \u015f\u0131kl\u0131k veya \u00f6zenli bir hediye olarak m\u00fckemmeldir. Hafif, \u0131\u015f\u0131lt\u0131l\u0131 ve zamans\u0131z.","breadcrumb":{"@id":"https:\/\/www.purejewels.com\/product\/22ct-gold-shaped-cz-stud-earring-46921\/#breadcrumb"},"inLanguage":"tr","potentialAction":[{"@type":"ReadAction","target":["https:\/\/www.purejewels.com\/product\/22ct-gold-shaped-cz-stud-earring-46921\/"]}]},{"@type":"ImageObject","inLanguage":"tr","@id":"https:\/\/www.purejewels.com\/product\/22ct-gold-shaped-cz-stud-earring-46921\/#primaryimage","url":"https:\/\/static.purejewels.com\/wp-content\/uploads\/2023\/01\/46924-1.png","contentUrl":"https:\/\/static.purejewels.com\/wp-content\/uploads\/2023\/01\/46924-1.png","width":1000,"height":1000,"caption":"22ct Stud Earring"},{"@type":"BreadcrumbList","@id":"https:\/\/www.purejewels.com\/product\/22ct-gold-shaped-cz-stud-earring-46921\/#breadcrumb","itemListElement":[{"@type":"ListItem","position":1,"name":"Home","item":"https:\/\/www.purejewels.com\/"},{"@type":"ListItem","position":2,"name":"Shop","item":"https:\/\/www.purejewels.com\/shop\/"},{"@type":"ListItem","position":3,"name":"22ct Gold Cubic Zirconia Round Stud Earrings"}]},{"@type":"WebSite","@id":"https:\/\/www.purejewels.com\/#website","url":"https:\/\/www.purejewels.com\/","name":"PureJewels \u0130ngiltere","description":"Sevgiyi Payla\u015f\u0131n","publisher":{"@id":"https:\/\/www.purejewels.com\/#organization"},"potentialAction":[{"@type":"SearchAction","target":{"@type":"EntryPoint","urlTemplate":"https:\/\/www.purejewels.com\/?s={search_term_string}"},"query-input":{"@type":"PropertyValueSpecification","valueRequired":true,"valueName":"search_term_string"}}],"inLanguage":"tr"},{"@type":"Organization","@id":"https:\/\/www.purejewels.com\/#organization","name":"PureJewels \u0130ngiltere","url":"https:\/\/www.purejewels.com\/","logo":{"@type":"ImageObject","inLanguage":"tr","@id":"https:\/\/www.purejewels.com\/#\/schema\/logo\/image\/","url":"https:\/\/static.purejewels.com\/wp-content\/uploads\/2020\/11\/Logo-PJ-New-1.png","contentUrl":"https:\/\/static.purejewels.com\/wp-content\/uploads\/2020\/11\/Logo-PJ-New-1.png","width":150,"height":80,"caption":"PureJewels UK"},"image":{"@id":"https:\/\/www.purejewels.com\/#\/schema\/logo\/image\/"}}]}},"_links":{"self":[{"href":"https:\/\/www.purejewels.com\/tr\/wp-json\/wp\/v2\/product\/343326","targetHints":{"allow":["GET"]}}],"collection":[{"href":"https:\/\/www.purejewels.com\/tr\/wp-json\/wp\/v2\/product"}],"about":[{"href":"https:\/\/www.purejewels.com\/tr\/wp-json\/wp\/v2\/types\/product"}],"replies":[{"embeddable":true,"href":"https:\/\/www.purejewels.com\/tr\/wp-json\/wp\/v2\/comments?post=343326"}],"version-history":[{"count":3,"href":"https:\/\/www.purejewels.com\/tr\/wp-json\/wp\/v2\/product\/343326\/revisions"}],"predecessor-version":[{"id":424068,"href":"https:\/\/www.purejewels.com\/tr\/wp-json\/wp\/v2\/product\/343326\/revisions\/424068"}],"wp:featuredmedia":[{"embeddable":true,"href":"https:\/\/www.purejewels.com\/tr\/wp-json\/wp\/v2\/media\/359159"}],"wp:attachment":[{"href":"https:\/\/www.purejewels.com\/tr\/wp-json\/wp\/v2\/media?parent=343326"}],"wp:term":[{"taxonomy":"product_brand","embeddable":true,"href":"https:\/\/www.purejewels.com\/tr\/wp-json\/wp\/v2\/product_brand?post=343326"},{"taxonomy":"product_cat","embeddable":true,"href":"https:\/\/www.purejewels.com\/tr\/wp-json\/wp\/v2\/product_cat?post=343326"},{"taxonomy":"product_tag","embeddable":true,"href":"https:\/\/www.purejewels.com\/tr\/wp-json\/wp\/v2\/product_tag?post=343326"}],"curies":[{"name":"wp","href":"https:\/\/api.w.org\/{rel}","templated":true}]}}