{"id":343368,"date":"2023-02-01T05:32:18","date_gmt":"2023-02-01T05:32:18","guid":{"rendered":"https:\/\/www.purejewels.com\/?post_type=product&#038;p=343368"},"modified":"2026-01-07T10:47:41","modified_gmt":"2026-01-07T10:47:41","slug":"18-ayar-beyaz-altindan-pirlanta-mangalsutra-34584","status":"publish","type":"product","link":"https:\/\/www.purejewels.com\/tr\/product\/diamond-mangalsutra-in-18ct-white-gold-34584\/","title":{"rendered":"18 Ayar Beyaz Alt\u0131n P\u0131rlanta Mangalsutra"},"content":{"rendered":"<ul>\n<li>SKU. 34584<\/li>\n<\/ul>","protected":false},"excerpt":{"rendered":"<ul>\n<li>18 Ayar Beyaz Alt\u0131n, P\u0131rlantal\u0131 Siyah Boncuklu Mangalsutra<\/li>\n<li>P\u0131rlanta a\u011f\u0131rl\u0131\u011f\u0131 0.14ct<\/li>\n<li>SKU. 34584<\/li>\n<li>T\u00fcm fiyatlara KDV dahildir<\/li>\n<li>T\u00fcm \u00fcr\u00fcnlerimiz London Assay Office taraf\u0131ndan damgalanm\u0131\u015ft\u0131r<\/li>\n<li>Sunum Kutusu ile Birlikte Gelir<\/li>\n<li>Birle\u015fik Krall\u0131k genelinde \u00fccretsiz teslimat<\/li>\n<li>\u00dcr\u00fcn\u00fcn canl\u0131 videosu i\u00e7in bize ula\u015f\u0131n \/ bizimle sohbet edin<\/li>\n<\/ul>","protected":false},"featured_media":344922,"comment_status":"closed","ping_status":"closed","template":"","meta":{"_eb_attr":"","_crsspst_to_jayantr4sg-hostcom":true},"product_brand":[],"product_cat":[5679,1791,5457,1533,5461,1793,1284,1776,5348,1574],"product_tag":[1430],"class_list":{"0":"post-343368","1":"product","2":"type-product","3":"status-publish","4":"has-post-thumbnail","6":"product_cat-18ct-gold-jewellery","7":"product_cat-anniversary-gifts","8":"product_cat-diamond-jewellery","9":"product_cat-diamond-jewellery-set","10":"product_cat-diamond-mangalsutras","11":"product_cat-diwali-gifts","12":"product_cat-gold-mangalsutras","13":"product_cat-occasional-wear-mangalsutras","14":"product_cat-white-gold-jewellery","15":"product_cat-womens-jewellery","16":"product_tag-diwali-gift","18":"first","19":"outofstock","20":"taxable","21":"shipping-taxable","22":"product-type-simple","23":"add-to-wishlist-before_image"},"yoast_head":"<!-- This site is optimized with the Yoast SEO plugin v27.3 - https:\/\/yoast.com\/product\/yoast-seo-wordpress\/ -->\n<title>Buy 18ct White Gold Diamond Mangalsutra Online | PureJewels<\/title>\n<meta name=\"description\" content=\"If you are looking for a special and meaningful piece of jewelry, 18ct White Gold Diamond Mangalsutra is a perfect choice. Buy this Mangalsutra online!\" \/>\n<meta name=\"robots\" content=\"index, follow, max-snippet:-1, max-image-preview:large, max-video-preview:-1\" \/>\n<link rel=\"canonical\" href=\"https:\/\/www.purejewels.com\/tr\/urun\/18-ayar-beyaz-altindan-pirlanta-mangalsutra-34584\/\" \/>\n<meta property=\"og:locale\" content=\"tr_TR\" \/>\n<meta property=\"og:type\" content=\"article\" \/>\n<meta property=\"og:title\" content=\"Buy 18ct White Gold Diamond Mangalsutra Online | PureJewels\" \/>\n<meta property=\"og:description\" content=\"If you are looking for a special and meaningful piece of jewelry, 18ct White Gold Diamond Mangalsutra is a perfect choice. Buy this Mangalsutra online!\" \/>\n<meta property=\"og:url\" content=\"https:\/\/www.purejewels.com\/tr\/urun\/18-ayar-beyaz-altindan-pirlanta-mangalsutra-34584\/\" \/>\n<meta property=\"og:site_name\" content=\"PureJewels UK\" \/>\n<meta property=\"article:modified_time\" content=\"2026-01-07T10:47:41+00:00\" \/>\n<meta property=\"og:image\" content=\"https:\/\/www.purejewels.com\/wp-content\/uploads\/2023\/02\/34584-1.jpg\" \/>\n\t<meta property=\"og:image:width\" content=\"1\" \/>\n\t<meta property=\"og:image:height\" content=\"1\" \/>\n\t<meta property=\"og:image:type\" content=\"image\/jpeg\" \/>\n<meta name=\"twitter:card\" content=\"summary_large_image\" \/>\n<script type=\"application\/ld+json\" class=\"yoast-schema-graph\">{\"@context\":\"https:\\\/\\\/schema.org\",\"@graph\":[{\"@type\":[\"WebPage\",\"ItemPage\"],\"@id\":\"https:\\\/\\\/www.purejewels.com\\\/product\\\/diamond-mangalsutra-in-18ct-white-gold-34584\\\/\",\"url\":\"https:\\\/\\\/www.purejewels.com\\\/product\\\/diamond-mangalsutra-in-18ct-white-gold-34584\\\/\",\"name\":\"Buy 18ct White Gold Diamond Mangalsutra Online | PureJewels\",\"isPartOf\":{\"@id\":\"https:\\\/\\\/www.purejewels.com\\\/#website\"},\"primaryImageOfPage\":{\"@id\":\"https:\\\/\\\/www.purejewels.com\\\/product\\\/diamond-mangalsutra-in-18ct-white-gold-34584\\\/#primaryimage\"},\"image\":{\"@id\":\"https:\\\/\\\/www.purejewels.com\\\/product\\\/diamond-mangalsutra-in-18ct-white-gold-34584\\\/#primaryimage\"},\"thumbnailUrl\":\"https:\\\/\\\/static.purejewels.com\\\/wp-content\\\/uploads\\\/2023\\\/02\\\/34584-1.jpg\",\"datePublished\":\"2023-02-01T05:32:18+00:00\",\"dateModified\":\"2026-01-07T10:47:41+00:00\",\"description\":\"If you are looking for a special and meaningful piece of jewelry, 18ct White Gold Diamond Mangalsutra is a perfect choice. Buy this Mangalsutra online!\",\"breadcrumb\":{\"@id\":\"https:\\\/\\\/www.purejewels.com\\\/product\\\/diamond-mangalsutra-in-18ct-white-gold-34584\\\/#breadcrumb\"},\"inLanguage\":\"tr\",\"potentialAction\":[{\"@type\":\"ReadAction\",\"target\":[\"https:\\\/\\\/www.purejewels.com\\\/product\\\/diamond-mangalsutra-in-18ct-white-gold-34584\\\/\"]}]},{\"@type\":\"ImageObject\",\"inLanguage\":\"tr\",\"@id\":\"https:\\\/\\\/www.purejewels.com\\\/product\\\/diamond-mangalsutra-in-18ct-white-gold-34584\\\/#primaryimage\",\"url\":\"https:\\\/\\\/static.purejewels.com\\\/wp-content\\\/uploads\\\/2023\\\/02\\\/34584-1.jpg\",\"contentUrl\":\"https:\\\/\\\/static.purejewels.com\\\/wp-content\\\/uploads\\\/2023\\\/02\\\/34584-1.jpg\",\"caption\":\"Diamond Mangalsutra in 18ct White Gold\"},{\"@type\":\"BreadcrumbList\",\"@id\":\"https:\\\/\\\/www.purejewels.com\\\/product\\\/diamond-mangalsutra-in-18ct-white-gold-34584\\\/#breadcrumb\",\"itemListElement\":[{\"@type\":\"ListItem\",\"position\":1,\"name\":\"Home\",\"item\":\"https:\\\/\\\/www.purejewels.com\\\/\"},{\"@type\":\"ListItem\",\"position\":2,\"name\":\"Shop\",\"item\":\"https:\\\/\\\/www.purejewels.com\\\/shop\\\/\"},{\"@type\":\"ListItem\",\"position\":3,\"name\":\"Diamond Mangalsutra in 18ct White Gold\"}]},{\"@type\":\"WebSite\",\"@id\":\"https:\\\/\\\/www.purejewels.com\\\/#website\",\"url\":\"https:\\\/\\\/www.purejewels.com\\\/\",\"name\":\"PureJewels UK\",\"description\":\"Share the Love\",\"publisher\":{\"@id\":\"https:\\\/\\\/www.purejewels.com\\\/#organization\"},\"potentialAction\":[{\"@type\":\"SearchAction\",\"target\":{\"@type\":\"EntryPoint\",\"urlTemplate\":\"https:\\\/\\\/www.purejewels.com\\\/?s={search_term_string}\"},\"query-input\":{\"@type\":\"PropertyValueSpecification\",\"valueRequired\":true,\"valueName\":\"search_term_string\"}}],\"inLanguage\":\"tr\"},{\"@type\":\"Organization\",\"@id\":\"https:\\\/\\\/www.purejewels.com\\\/#organization\",\"name\":\"PureJewels UK\",\"url\":\"https:\\\/\\\/www.purejewels.com\\\/\",\"logo\":{\"@type\":\"ImageObject\",\"inLanguage\":\"tr\",\"@id\":\"https:\\\/\\\/www.purejewels.com\\\/#\\\/schema\\\/logo\\\/image\\\/\",\"url\":\"https:\\\/\\\/static.purejewels.com\\\/wp-content\\\/uploads\\\/2020\\\/11\\\/Logo-PJ-New-1.png\",\"contentUrl\":\"https:\\\/\\\/static.purejewels.com\\\/wp-content\\\/uploads\\\/2020\\\/11\\\/Logo-PJ-New-1.png\",\"width\":150,\"height\":80,\"caption\":\"PureJewels UK\"},\"image\":{\"@id\":\"https:\\\/\\\/www.purejewels.com\\\/#\\\/schema\\\/logo\\\/image\\\/\"}}]}<\/script>\n<!-- \/ Yoast SEO plugin. -->","yoast_head_json":{"title":"18 Ayar Beyaz Alt\u0131n P\u0131rlanta Mangalsutra Online Sat\u0131n Al\u0131n | PureJewels","description":"\u00d6zel ve anlaml\u0131 bir m\u00fccevher par\u00e7as\u0131 ar\u0131yorsan\u0131z, 18 Ayar Beyaz Alt\u0131n P\u0131rlanta Mangalsutra m\u00fckemmel bir se\u00e7imdir. Bu Mangalsutra'y\u0131 online sat\u0131n al\u0131n!","robots":{"index":"index","follow":"follow","max-snippet":"max-snippet:-1","max-image-preview":"max-image-preview:large","max-video-preview":"max-video-preview:-1"},"canonical":"https:\/\/www.purejewels.com\/tr\/urun\/18-ayar-beyaz-altindan-pirlanta-mangalsutra-34584\/","og_locale":"tr_TR","og_type":"article","og_title":"Buy 18ct White Gold Diamond Mangalsutra Online | PureJewels","og_description":"If you are looking for a special and meaningful piece of jewelry, 18ct White Gold Diamond Mangalsutra is a perfect choice. Buy this Mangalsutra online!","og_url":"https:\/\/www.purejewels.com\/tr\/urun\/18-ayar-beyaz-altindan-pirlanta-mangalsutra-34584\/","og_site_name":"PureJewels UK","article_modified_time":"2026-01-07T10:47:41+00:00","og_image":[{"url":"https:\/\/www.purejewels.com\/wp-content\/uploads\/2023\/02\/34584-1.jpg","width":1,"height":1,"type":"image\/jpeg"}],"twitter_card":"summary_large_image","schema":{"@context":"https:\/\/schema.org","@graph":[{"@type":["WebPage","ItemPage"],"@id":"https:\/\/www.purejewels.com\/product\/diamond-mangalsutra-in-18ct-white-gold-34584\/","url":"https:\/\/www.purejewels.com\/product\/diamond-mangalsutra-in-18ct-white-gold-34584\/","name":"18 Ayar Beyaz Alt\u0131n P\u0131rlanta Mangalsutra Online Sat\u0131n Al\u0131n | PureJewels","isPartOf":{"@id":"https:\/\/www.purejewels.com\/#website"},"primaryImageOfPage":{"@id":"https:\/\/www.purejewels.com\/product\/diamond-mangalsutra-in-18ct-white-gold-34584\/#primaryimage"},"image":{"@id":"https:\/\/www.purejewels.com\/product\/diamond-mangalsutra-in-18ct-white-gold-34584\/#primaryimage"},"thumbnailUrl":"https:\/\/static.purejewels.com\/wp-content\/uploads\/2023\/02\/34584-1.jpg","datePublished":"2023-02-01T05:32:18+00:00","dateModified":"2026-01-07T10:47:41+00:00","description":"\u00d6zel ve anlaml\u0131 bir m\u00fccevher par\u00e7as\u0131 ar\u0131yorsan\u0131z, 18 Ayar Beyaz Alt\u0131n P\u0131rlanta Mangalsutra m\u00fckemmel bir se\u00e7imdir. Bu Mangalsutra'y\u0131 online sat\u0131n al\u0131n!","breadcrumb":{"@id":"https:\/\/www.purejewels.com\/product\/diamond-mangalsutra-in-18ct-white-gold-34584\/#breadcrumb"},"inLanguage":"tr","potentialAction":[{"@type":"ReadAction","target":["https:\/\/www.purejewels.com\/product\/diamond-mangalsutra-in-18ct-white-gold-34584\/"]}]},{"@type":"ImageObject","inLanguage":"tr","@id":"https:\/\/www.purejewels.com\/product\/diamond-mangalsutra-in-18ct-white-gold-34584\/#primaryimage","url":"https:\/\/static.purejewels.com\/wp-content\/uploads\/2023\/02\/34584-1.jpg","contentUrl":"https:\/\/static.purejewels.com\/wp-content\/uploads\/2023\/02\/34584-1.jpg","caption":"Diamond Mangalsutra in 18ct White Gold"},{"@type":"BreadcrumbList","@id":"https:\/\/www.purejewels.com\/product\/diamond-mangalsutra-in-18ct-white-gold-34584\/#breadcrumb","itemListElement":[{"@type":"ListItem","position":1,"name":"Home","item":"https:\/\/www.purejewels.com\/"},{"@type":"ListItem","position":2,"name":"Shop","item":"https:\/\/www.purejewels.com\/shop\/"},{"@type":"ListItem","position":3,"name":"Diamond Mangalsutra in 18ct White Gold"}]},{"@type":"WebSite","@id":"https:\/\/www.purejewels.com\/#website","url":"https:\/\/www.purejewels.com\/","name":"PureJewels \u0130ngiltere","description":"Sevgiyi Payla\u015f\u0131n","publisher":{"@id":"https:\/\/www.purejewels.com\/#organization"},"potentialAction":[{"@type":"SearchAction","target":{"@type":"EntryPoint","urlTemplate":"https:\/\/www.purejewels.com\/?s={search_term_string}"},"query-input":{"@type":"PropertyValueSpecification","valueRequired":true,"valueName":"search_term_string"}}],"inLanguage":"tr"},{"@type":"Organization","@id":"https:\/\/www.purejewels.com\/#organization","name":"PureJewels \u0130ngiltere","url":"https:\/\/www.purejewels.com\/","logo":{"@type":"ImageObject","inLanguage":"tr","@id":"https:\/\/www.purejewels.com\/#\/schema\/logo\/image\/","url":"https:\/\/static.purejewels.com\/wp-content\/uploads\/2020\/11\/Logo-PJ-New-1.png","contentUrl":"https:\/\/static.purejewels.com\/wp-content\/uploads\/2020\/11\/Logo-PJ-New-1.png","width":150,"height":80,"caption":"PureJewels UK"},"image":{"@id":"https:\/\/www.purejewels.com\/#\/schema\/logo\/image\/"}}]}},"_links":{"self":[{"href":"https:\/\/www.purejewels.com\/tr\/wp-json\/wp\/v2\/product\/343368","targetHints":{"allow":["GET"]}}],"collection":[{"href":"https:\/\/www.purejewels.com\/tr\/wp-json\/wp\/v2\/product"}],"about":[{"href":"https:\/\/www.purejewels.com\/tr\/wp-json\/wp\/v2\/types\/product"}],"replies":[{"embeddable":true,"href":"https:\/\/www.purejewels.com\/tr\/wp-json\/wp\/v2\/comments?post=343368"}],"version-history":[{"count":1,"href":"https:\/\/www.purejewels.com\/tr\/wp-json\/wp\/v2\/product\/343368\/revisions"}],"predecessor-version":[{"id":373434,"href":"https:\/\/www.purejewels.com\/tr\/wp-json\/wp\/v2\/product\/343368\/revisions\/373434"}],"wp:featuredmedia":[{"embeddable":true,"href":"https:\/\/www.purejewels.com\/tr\/wp-json\/wp\/v2\/media\/344922"}],"wp:attachment":[{"href":"https:\/\/www.purejewels.com\/tr\/wp-json\/wp\/v2\/media?parent=343368"}],"wp:term":[{"taxonomy":"product_brand","embeddable":true,"href":"https:\/\/www.purejewels.com\/tr\/wp-json\/wp\/v2\/product_brand?post=343368"},{"taxonomy":"product_cat","embeddable":true,"href":"https:\/\/www.purejewels.com\/tr\/wp-json\/wp\/v2\/product_cat?post=343368"},{"taxonomy":"product_tag","embeddable":true,"href":"https:\/\/www.purejewels.com\/tr\/wp-json\/wp\/v2\/product_tag?post=343368"}],"curies":[{"name":"wp","href":"https:\/\/api.w.org\/{rel}","templated":true}]}}