{"id":343485,"date":"2023-12-18T07:05:52","date_gmt":"2023-12-18T07:05:52","guid":{"rendered":"https:\/\/www.purejewels.com\/?post_type=product&#038;p=343485"},"modified":"2026-02-05T06:27:31","modified_gmt":"2026-02-05T06:27:31","slug":"22-ayar-altin-kolye-47306","status":"publish","type":"product","link":"https:\/\/www.purejewels.com\/tr\/product\/22-carat-gold-necklace-47306\/","title":{"rendered":"22 Ayar Alt\u0131n Kolye | Rozet Koleksiyonu"},"content":{"rendered":"<p data-start=\"284\" data-end=\"624\"><strong data-start=\"284\" data-end=\"294\">Tasar\u0131m<\/strong><br data-start=\"294\" data-end=\"297\" \/>Bu 22 ayar alt\u0131n kolye, \u00e7i\u00e7ek a\u00e7an narin \u00e7i\u00e7eklerden ilham alan Rozetler Koleksiyonu'nun bir par\u00e7as\u0131d\u0131r. Kolye ucu ve zincir, 18,5 in\u00e7te zarif bir \u015fekilde oturacak ve boyun \u00e7izgisi etraf\u0131nda yumu\u015fak bir \u00e7er\u00e7eve olu\u015fturacak \u015fekilde \u00f6zenle olu\u015fturulmu\u015ftur. 16,2 gram a\u011f\u0131rl\u0131\u011f\u0131yla g\u00fcven verici bir duru\u015fa sahip olmakla birlikte g\u00fcnl\u00fck kullan\u0131m i\u00e7in yeterince zariftir.<\/p>\n<p data-start=\"626\" data-end=\"980\"><strong data-start=\"626\" data-end=\"643\">Zanaatkarl\u0131k<\/strong><br data-start=\"643\" data-end=\"646\" \/>Yetenekli zanaatk\u00e2rlar taraf\u0131ndan el yap\u0131m\u0131 olarak \u00fcretilen her bir ba\u011flant\u0131 ve motif, rozetten ilham alan tasar\u0131m\u0131n ince ayr\u0131nt\u0131lar\u0131n\u0131 vurgulamak i\u00e7in \u00f6zenle \u015fekillendirilmi\u015ftir. 22 ayar alt\u0131n\u0131n zengin tonu, her harekette \u0131\u015f\u0131\u011f\u0131 yakalayarak yontulmu\u015f y\u00fczeyleri zenginle\u015ftirir. Safl\u0131k sertifikas\u0131 i\u00e7in \u0130ngiltere'de damgalanan bu \u00fcr\u00fcn, PureJewels'i tan\u0131mlayan kalite ve \u00f6zeni yans\u0131tmaktad\u0131r.<\/p>\n<p data-start=\"982\" data-end=\"1369\" data-is-last-node=\"\" data-is-only-node=\"\"><strong data-start=\"982\" data-end=\"999\">Stil Fikirleri<\/strong><br data-start=\"999\" data-end=\"1002\" \/>G\u00fcnl\u00fck bir imza olarak m\u00fckemmel olan bu kolye, uyumlu ve g\u00f6steri\u015fli bir g\u00f6r\u00fcn\u00fcm i\u00e7in sade alt\u0131n k\u00fcpeler veya k\u00fc\u00e7\u00fck halkalarla g\u00fczel bir \u015fekilde e\u015fle\u015fir. Daha \u00e7a\u011fda\u015f, \u00fcst \u00fcste dizilmi\u015f bir stil i\u00e7in daha ince bir zincirle katmanlay\u0131n veya rozet motifinin \u00f6n plana \u00e7\u0131kmas\u0131 i\u00e7in tek ba\u015f\u0131na tak\u0131n. \u0130\u015f, aile toplant\u0131lar\u0131 veya bayram etkinlikleri i\u00e7in ideal olan bu \u00fcr\u00fcn, g\u00fcnd\u00fczden ak\u015fama zahmetsizce ge\u00e7i\u015f yapar.<\/p>","protected":false},"excerpt":{"rendered":"<div class=\"woocommerce-product-details__short-description\">\n<table class=\"sh_desc\">\n<tbody>\n<tr>\n<td>Kolye Tipi<\/td>\n<td>Kolye Ucu Kolye<\/td>\n<\/tr>\n<tr>\n<td>SKU<\/td>\n<td>47306<\/td>\n<\/tr>\n<tr>\n<td>A\u011f\u0131rl\u0131k<\/td>\n<td>16.2 Gms<\/td>\n<\/tr>\n<tr>\n<td>Uzunluk<\/td>\n<td>18,5 \u0130n\u00e7<\/td>\n<\/tr>\n<tr>\n<td>Metal<\/td>\n<td>22 Ayar Alt\u0131n<\/td>\n<\/tr>\n<tr>\n<td>\u00dccretler<\/td>\n<td>Teslimat ve KDV Dahil<\/td>\n<\/tr>\n<tr>\n<td>Paketleme<\/td>\n<td>Sunum Kutusu ile Birlikte Gelir<\/td>\n<\/tr>\n<tr>\n<td>Daha Fazla Bilgi<\/td>\n<td>\n<ul>\n<li>M\u00fcsaitlik durumu ve daha fazla resim i\u00e7in bizimle canl\u0131 sohbet edin<\/li>\n<li>Bizim ke\u015ffedin\u00a0<strong>alt\u0131n tak\u0131 seti<\/strong><\/li>\n<\/ul>\n<\/td>\n<\/tr>\n<\/tbody>\n<\/table>\n<\/div>\n<div class=\"btn-atc atc-slide\"><\/div>\n<div class=\"product_meta\"><\/div>","protected":false},"featured_media":343956,"comment_status":"closed","ping_status":"closed","template":"","meta":{"_eb_attr":"","_crsspst_to_jayantr4sg-hostcom":false},"product_brand":[],"product_cat":[236,1229,1253,5902,1656,5275,1778],"product_tag":[],"class_list":{"0":"post-343485","1":"product","2":"type-product","3":"status-publish","4":"has-post-thumbnail","6":"product_cat-collections","7":"product_cat-22ct-gold-jewellery","8":"product_cat-gold-necklaces","9":"product_cat-lariat-necklace","10":"product_cat-rosettes-collections","11":"product_cat-rosettes-necklace","12":"product_cat-short-necklaces","14":"first","15":"instock","16":"taxable","17":"shipping-taxable","18":"purchasable","19":"product-type-simple","20":"add-to-wishlist-before_image"},"yoast_head":"<!-- This site is optimized with the Yoast SEO plugin v27.5 - https:\/\/yoast.com\/product\/yoast-seo-wordpress\/ -->\n<title>22ct Real Gold Handmade Daily Wear Necklace at Purejewels UK<\/title>\n<meta name=\"description\" content=\"Browse our beautiful 22ct gold handmade jewellery collection. All our jewellery is hallmarked by London Assay Office. Order online for free UK delivery\" \/>\n<meta name=\"robots\" content=\"index, follow, max-snippet:-1, max-image-preview:large, max-video-preview:-1\" \/>\n<link rel=\"canonical\" href=\"https:\/\/www.purejewels.com\/tr\/urun\/22-ayar-altin-kolye-47306\/\" \/>\n<meta property=\"og:locale\" content=\"tr_TR\" \/>\n<meta property=\"og:type\" content=\"article\" \/>\n<meta property=\"og:title\" content=\"22ct Real Gold Handmade Daily Wear Necklace at Purejewels UK\" \/>\n<meta property=\"og:description\" content=\"Browse our beautiful 22ct gold handmade jewellery collection. All our jewellery is hallmarked by London Assay Office. Order online for free UK delivery\" \/>\n<meta property=\"og:url\" content=\"https:\/\/www.purejewels.com\/tr\/urun\/22-ayar-altin-kolye-47306\/\" \/>\n<meta property=\"og:site_name\" content=\"PureJewels UK\" \/>\n<meta property=\"article:modified_time\" content=\"2026-02-05T06:27:31+00:00\" \/>\n<meta property=\"og:image\" content=\"https:\/\/static.purejewels.com\/wp-content\/uploads\/2023\/02\/43489-1.jpg\" \/>\n\t<meta property=\"og:image:width\" content=\"1000\" \/>\n\t<meta property=\"og:image:height\" content=\"1000\" \/>\n\t<meta property=\"og:image:type\" content=\"image\/jpeg\" \/>\n<meta name=\"twitter:card\" content=\"summary_large_image\" \/>\n<meta name=\"twitter:label1\" content=\"Tahmini okuma s\u00fcresi\" \/>\n\t<meta name=\"twitter:data1\" content=\"1 dakika\" \/>\n<script type=\"application\/ld+json\" class=\"yoast-schema-graph\">{\"@context\":\"https:\\\/\\\/schema.org\",\"@graph\":[{\"@type\":[\"WebPage\",\"ItemPage\"],\"@id\":\"https:\\\/\\\/www.purejewels.com\\\/product\\\/22-carat-gold-necklace-47306\\\/\",\"url\":\"https:\\\/\\\/www.purejewels.com\\\/product\\\/22-carat-gold-necklace-47306\\\/\",\"name\":\"22ct Real Gold Handmade Daily Wear Necklace at Purejewels UK\",\"isPartOf\":{\"@id\":\"https:\\\/\\\/www.purejewels.com\\\/#website\"},\"primaryImageOfPage\":{\"@id\":\"https:\\\/\\\/www.purejewels.com\\\/product\\\/22-carat-gold-necklace-47306\\\/#primaryimage\"},\"image\":{\"@id\":\"https:\\\/\\\/www.purejewels.com\\\/product\\\/22-carat-gold-necklace-47306\\\/#primaryimage\"},\"thumbnailUrl\":\"https:\\\/\\\/static.purejewels.com\\\/wp-content\\\/uploads\\\/2023\\\/02\\\/43489-1.jpg\",\"datePublished\":\"2023-12-18T07:05:52+00:00\",\"dateModified\":\"2026-02-05T06:27:31+00:00\",\"description\":\"Browse our beautiful 22ct gold handmade jewellery collection. All our jewellery is hallmarked by London Assay Office. Order online for free UK delivery\",\"breadcrumb\":{\"@id\":\"https:\\\/\\\/www.purejewels.com\\\/product\\\/22-carat-gold-necklace-47306\\\/#breadcrumb\"},\"inLanguage\":\"tr\",\"potentialAction\":[{\"@type\":\"ReadAction\",\"target\":[\"https:\\\/\\\/www.purejewels.com\\\/product\\\/22-carat-gold-necklace-47306\\\/\"]}]},{\"@type\":\"ImageObject\",\"inLanguage\":\"tr\",\"@id\":\"https:\\\/\\\/www.purejewels.com\\\/product\\\/22-carat-gold-necklace-47306\\\/#primaryimage\",\"url\":\"https:\\\/\\\/static.purejewels.com\\\/wp-content\\\/uploads\\\/2023\\\/02\\\/43489-1.jpg\",\"contentUrl\":\"https:\\\/\\\/static.purejewels.com\\\/wp-content\\\/uploads\\\/2023\\\/02\\\/43489-1.jpg\",\"width\":1000,\"height\":1000,\"caption\":\"22 Carat Gold Necklace | Rosettes Collection\"},{\"@type\":\"BreadcrumbList\",\"@id\":\"https:\\\/\\\/www.purejewels.com\\\/product\\\/22-carat-gold-necklace-47306\\\/#breadcrumb\",\"itemListElement\":[{\"@type\":\"ListItem\",\"position\":1,\"name\":\"Home\",\"item\":\"https:\\\/\\\/www.purejewels.com\\\/\"},{\"@type\":\"ListItem\",\"position\":2,\"name\":\"Shop\",\"item\":\"https:\\\/\\\/www.purejewels.com\\\/shop\\\/\"},{\"@type\":\"ListItem\",\"position\":3,\"name\":\"22 Carat Gold Necklace | Rosettes Collection\"}]},{\"@type\":\"WebSite\",\"@id\":\"https:\\\/\\\/www.purejewels.com\\\/#website\",\"url\":\"https:\\\/\\\/www.purejewels.com\\\/\",\"name\":\"PureJewels UK\",\"description\":\"Share the Love\",\"publisher\":{\"@id\":\"https:\\\/\\\/www.purejewels.com\\\/#organization\"},\"potentialAction\":[{\"@type\":\"SearchAction\",\"target\":{\"@type\":\"EntryPoint\",\"urlTemplate\":\"https:\\\/\\\/www.purejewels.com\\\/?s={search_term_string}\"},\"query-input\":{\"@type\":\"PropertyValueSpecification\",\"valueRequired\":true,\"valueName\":\"search_term_string\"}}],\"inLanguage\":\"tr\"},{\"@type\":\"Organization\",\"@id\":\"https:\\\/\\\/www.purejewels.com\\\/#organization\",\"name\":\"PureJewels UK\",\"url\":\"https:\\\/\\\/www.purejewels.com\\\/\",\"logo\":{\"@type\":\"ImageObject\",\"inLanguage\":\"tr\",\"@id\":\"https:\\\/\\\/www.purejewels.com\\\/#\\\/schema\\\/logo\\\/image\\\/\",\"url\":\"https:\\\/\\\/static.purejewels.com\\\/wp-content\\\/uploads\\\/2020\\\/11\\\/Logo-PJ-New-1.png\",\"contentUrl\":\"https:\\\/\\\/static.purejewels.com\\\/wp-content\\\/uploads\\\/2020\\\/11\\\/Logo-PJ-New-1.png\",\"width\":150,\"height\":80,\"caption\":\"PureJewels UK\"},\"image\":{\"@id\":\"https:\\\/\\\/www.purejewels.com\\\/#\\\/schema\\\/logo\\\/image\\\/\"}}]}<\/script>\n<!-- \/ Yoast SEO plugin. -->","yoast_head_json":{"title":"Purejewels UK'de 22 Ayar Ger\u00e7ek Alt\u0131n El Yap\u0131m\u0131 G\u00fcnl\u00fck Giyim Kolye","description":"Birbirinden g\u00fczel 22 ayar alt\u0131n el yap\u0131m\u0131 m\u00fccevher koleksiyonumuza g\u00f6z at\u0131n. T\u00fcm m\u00fccevherlerimiz London Assay Office taraf\u0131ndan damgalanm\u0131\u015ft\u0131r. \u00dccretsiz \u0130ngiltere teslimat\u0131 i\u00e7in online sipari\u015f verin","robots":{"index":"index","follow":"follow","max-snippet":"max-snippet:-1","max-image-preview":"max-image-preview:large","max-video-preview":"max-video-preview:-1"},"canonical":"https:\/\/www.purejewels.com\/tr\/urun\/22-ayar-altin-kolye-47306\/","og_locale":"tr_TR","og_type":"article","og_title":"22ct Real Gold Handmade Daily Wear Necklace at Purejewels UK","og_description":"Browse our beautiful 22ct gold handmade jewellery collection. All our jewellery is hallmarked by London Assay Office. Order online for free UK delivery","og_url":"https:\/\/www.purejewels.com\/tr\/urun\/22-ayar-altin-kolye-47306\/","og_site_name":"PureJewels UK","article_modified_time":"2026-02-05T06:27:31+00:00","og_image":[{"width":1000,"height":1000,"url":"https:\/\/static.purejewels.com\/wp-content\/uploads\/2023\/02\/43489-1.jpg","type":"image\/jpeg"}],"twitter_card":"summary_large_image","twitter_misc":{"Tahmini okuma s\u00fcresi":"1 dakika"},"schema":{"@context":"https:\/\/schema.org","@graph":[{"@type":["WebPage","ItemPage"],"@id":"https:\/\/www.purejewels.com\/product\/22-carat-gold-necklace-47306\/","url":"https:\/\/www.purejewels.com\/product\/22-carat-gold-necklace-47306\/","name":"Purejewels UK'de 22 Ayar Ger\u00e7ek Alt\u0131n El Yap\u0131m\u0131 G\u00fcnl\u00fck Giyim Kolye","isPartOf":{"@id":"https:\/\/www.purejewels.com\/#website"},"primaryImageOfPage":{"@id":"https:\/\/www.purejewels.com\/product\/22-carat-gold-necklace-47306\/#primaryimage"},"image":{"@id":"https:\/\/www.purejewels.com\/product\/22-carat-gold-necklace-47306\/#primaryimage"},"thumbnailUrl":"https:\/\/static.purejewels.com\/wp-content\/uploads\/2023\/02\/43489-1.jpg","datePublished":"2023-12-18T07:05:52+00:00","dateModified":"2026-02-05T06:27:31+00:00","description":"Birbirinden g\u00fczel 22 ayar alt\u0131n el yap\u0131m\u0131 m\u00fccevher koleksiyonumuza g\u00f6z at\u0131n. T\u00fcm m\u00fccevherlerimiz London Assay Office taraf\u0131ndan damgalanm\u0131\u015ft\u0131r. \u00dccretsiz \u0130ngiltere teslimat\u0131 i\u00e7in online sipari\u015f verin","breadcrumb":{"@id":"https:\/\/www.purejewels.com\/product\/22-carat-gold-necklace-47306\/#breadcrumb"},"inLanguage":"tr","potentialAction":[{"@type":"ReadAction","target":["https:\/\/www.purejewels.com\/product\/22-carat-gold-necklace-47306\/"]}]},{"@type":"ImageObject","inLanguage":"tr","@id":"https:\/\/www.purejewels.com\/product\/22-carat-gold-necklace-47306\/#primaryimage","url":"https:\/\/static.purejewels.com\/wp-content\/uploads\/2023\/02\/43489-1.jpg","contentUrl":"https:\/\/static.purejewels.com\/wp-content\/uploads\/2023\/02\/43489-1.jpg","width":1000,"height":1000,"caption":"22 Carat Gold Necklace | Rosettes Collection"},{"@type":"BreadcrumbList","@id":"https:\/\/www.purejewels.com\/product\/22-carat-gold-necklace-47306\/#breadcrumb","itemListElement":[{"@type":"ListItem","position":1,"name":"Home","item":"https:\/\/www.purejewels.com\/"},{"@type":"ListItem","position":2,"name":"Shop","item":"https:\/\/www.purejewels.com\/shop\/"},{"@type":"ListItem","position":3,"name":"22 Carat Gold Necklace | Rosettes Collection"}]},{"@type":"WebSite","@id":"https:\/\/www.purejewels.com\/#website","url":"https:\/\/www.purejewels.com\/","name":"PureJewels \u0130ngiltere","description":"Sevgiyi Payla\u015f\u0131n","publisher":{"@id":"https:\/\/www.purejewels.com\/#organization"},"potentialAction":[{"@type":"SearchAction","target":{"@type":"EntryPoint","urlTemplate":"https:\/\/www.purejewels.com\/?s={search_term_string}"},"query-input":{"@type":"PropertyValueSpecification","valueRequired":true,"valueName":"search_term_string"}}],"inLanguage":"tr"},{"@type":"Organization","@id":"https:\/\/www.purejewels.com\/#organization","name":"PureJewels \u0130ngiltere","url":"https:\/\/www.purejewels.com\/","logo":{"@type":"ImageObject","inLanguage":"tr","@id":"https:\/\/www.purejewels.com\/#\/schema\/logo\/image\/","url":"https:\/\/static.purejewels.com\/wp-content\/uploads\/2020\/11\/Logo-PJ-New-1.png","contentUrl":"https:\/\/static.purejewels.com\/wp-content\/uploads\/2020\/11\/Logo-PJ-New-1.png","width":150,"height":80,"caption":"PureJewels UK"},"image":{"@id":"https:\/\/www.purejewels.com\/#\/schema\/logo\/image\/"}}]}},"_links":{"self":[{"href":"https:\/\/www.purejewels.com\/tr\/wp-json\/wp\/v2\/product\/343485","targetHints":{"allow":["GET"]}}],"collection":[{"href":"https:\/\/www.purejewels.com\/tr\/wp-json\/wp\/v2\/product"}],"about":[{"href":"https:\/\/www.purejewels.com\/tr\/wp-json\/wp\/v2\/types\/product"}],"replies":[{"embeddable":true,"href":"https:\/\/www.purejewels.com\/tr\/wp-json\/wp\/v2\/comments?post=343485"}],"version-history":[{"count":3,"href":"https:\/\/www.purejewels.com\/tr\/wp-json\/wp\/v2\/product\/343485\/revisions"}],"predecessor-version":[{"id":420875,"href":"https:\/\/www.purejewels.com\/tr\/wp-json\/wp\/v2\/product\/343485\/revisions\/420875"}],"wp:featuredmedia":[{"embeddable":true,"href":"https:\/\/www.purejewels.com\/tr\/wp-json\/wp\/v2\/media\/343956"}],"wp:attachment":[{"href":"https:\/\/www.purejewels.com\/tr\/wp-json\/wp\/v2\/media?parent=343485"}],"wp:term":[{"taxonomy":"product_brand","embeddable":true,"href":"https:\/\/www.purejewels.com\/tr\/wp-json\/wp\/v2\/product_brand?post=343485"},{"taxonomy":"product_cat","embeddable":true,"href":"https:\/\/www.purejewels.com\/tr\/wp-json\/wp\/v2\/product_cat?post=343485"},{"taxonomy":"product_tag","embeddable":true,"href":"https:\/\/www.purejewels.com\/tr\/wp-json\/wp\/v2\/product_tag?post=343485"}],"curies":[{"name":"wp","href":"https:\/\/api.w.org\/{rel}","templated":true}]}}