{"id":343555,"date":"2024-11-06T05:31:31","date_gmt":"2024-11-06T05:31:31","guid":{"rendered":"https:\/\/www.purejewels.com\/?post_type=product&#038;p=343555"},"modified":"2026-02-26T11:48:48","modified_gmt":"2026-02-26T11:48:48","slug":"22-ayar-altin-fantezi-halka-kupe-46108","status":"publish","type":"product","link":"https:\/\/www.purejewels.com\/tr\/product\/22ct-gold-fancy-hoop-earring-46108\/","title":{"rendered":"22 Ayar Alt\u0131n Fantezi Halka K\u00fcpe"},"content":{"rendered":"<p data-start=\"260\" data-end=\"670\"><strong data-start=\"260\" data-end=\"270\">Tasar\u0131m<\/strong><br data-start=\"270\" data-end=\"273\" \/>Bu tasar\u0131m halka k\u00fcpeler, 20,3 mm i\u00e7 \u00e7apa sahip zengin 22 ayar alt\u0131ndan \u00fcretilmi\u015ftir ve a\u015f\u0131r\u0131 g\u00fc\u00e7 hissetmeden y\u00fcz\u00fc \u00e7er\u00e7eveleyen gurur verici bir boyut sunar. Her bir halka, siz hareket ettik\u00e7e nazik\u00e7e sal\u0131nan, doku, ritim ve ince bir drama hissi katan ince alt\u0131n damlac\u0131klarla s\u00fcslenmi\u015ftir. K\u00fcpe ba\u015f\u0131na yakla\u015f\u0131k 4,8 graml\u0131k a\u011f\u0131rl\u0131\u011f\u0131yla, incelik ile g\u00fcven veren sa\u011flaml\u0131k hissini dengeler.<\/p>\n<p data-start=\"672\" data-end=\"1055\"><strong data-start=\"672\" data-end=\"689\">Zanaatkarl\u0131k<\/strong><br data-start=\"689\" data-end=\"692\" \/>Y\u00fcksek safl\u0131kta 22 ayar alt\u0131ndan \u00fcretilen her bir halka ve damlac\u0131k, metalin do\u011fal s\u0131cakl\u0131\u011f\u0131n\u0131 ve parlakl\u0131\u011f\u0131n\u0131 art\u0131rmak i\u00e7in hassas bir \u015fekilde \u015fekillendirilmi\u015f ve parlat\u0131lm\u0131\u015ft\u0131r. Damlac\u0131klar, g\u00fcvenli kal\u0131rken p\u00fcr\u00fczs\u00fcz, ak\u0131c\u0131 bir hareket yaratmak i\u00e7in dikkatlice tutturulmu\u015ftur. Her bir \u00e7ift, PureJewels'in kaliteye ve \u00f6zenli i\u015f\u00e7ili\u011fe olan ba\u011fl\u0131l\u0131\u011f\u0131n\u0131 yans\u0131tan safl\u0131k sertifikas\u0131 i\u00e7in \u0130ngiltere'de damgalanm\u0131\u015ft\u0131r.<\/p>\n<p data-start=\"1057\" data-end=\"1444\" data-is-last-node=\"\" data-is-only-node=\"\"><strong data-start=\"1057\" data-end=\"1074\">Stil Fikirleri<\/strong><br data-start=\"1074\" data-end=\"1077\" \/>Hem g\u00fcnd\u00fcz hem de ak\u015fam i\u00e7in m\u00fckemmel olan bu \u00e7emberler, sade g\u00f6mlek ve elbiselerden f\u0131rsat k\u0131yafetlerine kadar her \u015feyi y\u00fckseltir. \u0130ster tek ba\u015f\u0131na bir par\u00e7a olarak kullan\u0131n, ister ince alt\u0131n bilezikler ve ince zincirli bir kolye ile e\u015fle\u015ftirerek uyumlu ve katmanl\u0131 bir g\u00f6r\u00fcn\u00fcm elde edin. Ayr\u0131ca \u00f6zel kutlamalar i\u00e7in g\u00fczel bir ge\u00e7i\u015f sa\u011flayarak bayram, d\u00fc\u011f\u00fcn veya y\u0131l d\u00f6n\u00fcm\u00fc k\u0131yafetlerine zarif bir hava katar.<\/p>","protected":false},"excerpt":{"rendered":"<div class=\"woocommerce-product-details__short-description\">\n<table class=\"sh_desc\">\n<tbody>\n<tr>\n<td>K\u00fcpe T\u00fcr\u00fc<\/td>\n<td>Halka K\u00fcpe<\/td>\n<\/tr>\n<tr>\n<td>SKU<\/td>\n<td>46108<\/td>\n<\/tr>\n<tr>\n<td>A\u011f\u0131rl\u0131k<\/td>\n<td>4.8 Gms<\/td>\n<\/tr>\n<tr>\n<td>\u0130\u00e7 \u00c7ap<\/td>\n<td>20,3 mm<\/td>\n<\/tr>\n<tr>\n<td>Metal<\/td>\n<td>22 Ayar Alt\u0131n<\/td>\n<\/tr>\n<tr>\n<td>\u00dccretler<\/td>\n<td>Teslimat ve KDV Dahil<\/td>\n<\/tr>\n<tr>\n<td>Paketleme<\/td>\n<td>Sunum Kutusu ile Birlikte Gelir<\/td>\n<\/tr>\n<tr>\n<td>Daha Fazla Bilgi<\/td>\n<td>M\u00fcsaitlik durumu ve daha fazla resim i\u00e7in bizimle canl\u0131 sohbet edin<\/td>\n<\/tr>\n<\/tbody>\n<\/table>\n<\/div>","protected":false},"featured_media":356683,"comment_status":"closed","ping_status":"closed","template":"","meta":{"_eb_attr":"","_crsspst_to_jayantr4sg-hostcom":true},"product_brand":[],"product_cat":[1791,1559,5956,1254,1229,1579,5609,1573,1574,5349],"product_tag":[66],"class_list":{"0":"post-343555","1":"product","2":"type-product","3":"status-publish","4":"has-post-thumbnail","6":"product_cat-anniversary-gifts","7":"product_cat-birthday-gifts","8":"product_cat-dangler","9":"product_cat-gold-earrings","10":"product_cat-22ct-gold-jewellery","11":"product_cat-hoop-earrings","12":"product_cat-hoop-with-droplets","13":"product_cat-wedding-gifts","14":"product_cat-womens-jewellery","15":"product_cat-yellow-gold-jewellery","16":"product_tag-earrings","18":"first","19":"outofstock","20":"taxable","21":"shipping-taxable","22":"product-type-simple","23":"add-to-wishlist-before_image"},"yoast_head":"<!-- This site is optimized with the Yoast SEO plugin v27.3 - https:\/\/yoast.com\/product\/yoast-seo-wordpress\/ -->\n<title>Designer Gold Hoop Earrings with Drooplets | PureJewels UK<\/title>\n<meta name=\"description\" content=\"Shop our collection of 22ct gold hoop earrings today and find the perfect pair to add a touch of luxury to your look.\" \/>\n<meta name=\"robots\" content=\"index, follow, max-snippet:-1, max-image-preview:large, max-video-preview:-1\" \/>\n<link rel=\"canonical\" href=\"https:\/\/www.purejewels.com\/tr\/urun\/22-ayar-altin-fantezi-halka-kupe-46108\/\" \/>\n<meta property=\"og:locale\" content=\"tr_TR\" \/>\n<meta property=\"og:type\" content=\"article\" \/>\n<meta property=\"og:title\" content=\"Designer Gold Hoop Earrings with Drooplets | PureJewels UK\" \/>\n<meta property=\"og:description\" content=\"Shop our collection of 22ct gold hoop earrings today and find the perfect pair to add a touch of luxury to your look.\" \/>\n<meta property=\"og:url\" content=\"https:\/\/www.purejewels.com\/tr\/urun\/22-ayar-altin-fantezi-halka-kupe-46108\/\" \/>\n<meta property=\"og:site_name\" content=\"PureJewels UK\" \/>\n<meta property=\"article:modified_time\" content=\"2026-02-26T11:48:48+00:00\" \/>\n<meta property=\"og:image\" content=\"https:\/\/static.purejewels.com\/wp-content\/uploads\/2023\/02\/46108.jpg\" \/>\n\t<meta property=\"og:image:width\" content=\"1\" \/>\n\t<meta property=\"og:image:height\" content=\"1\" \/>\n\t<meta property=\"og:image:type\" content=\"image\/jpeg\" \/>\n<meta name=\"twitter:card\" content=\"summary_large_image\" \/>\n<meta name=\"twitter:label1\" content=\"Tahmini okuma s\u00fcresi\" \/>\n\t<meta name=\"twitter:data1\" content=\"1 dakika\" \/>\n<script type=\"application\/ld+json\" class=\"yoast-schema-graph\">{\"@context\":\"https:\\\/\\\/schema.org\",\"@graph\":[{\"@type\":[\"WebPage\",\"ItemPage\"],\"@id\":\"https:\\\/\\\/www.purejewels.com\\\/product\\\/22ct-gold-fancy-hoop-earring-46108\\\/\",\"url\":\"https:\\\/\\\/www.purejewels.com\\\/product\\\/22ct-gold-fancy-hoop-earring-46108\\\/\",\"name\":\"Designer Gold Hoop Earrings with Drooplets | PureJewels UK\",\"isPartOf\":{\"@id\":\"https:\\\/\\\/www.purejewels.com\\\/#website\"},\"primaryImageOfPage\":{\"@id\":\"https:\\\/\\\/www.purejewels.com\\\/product\\\/22ct-gold-fancy-hoop-earring-46108\\\/#primaryimage\"},\"image\":{\"@id\":\"https:\\\/\\\/www.purejewels.com\\\/product\\\/22ct-gold-fancy-hoop-earring-46108\\\/#primaryimage\"},\"thumbnailUrl\":\"https:\\\/\\\/static.purejewels.com\\\/wp-content\\\/uploads\\\/2023\\\/02\\\/46108.jpg\",\"datePublished\":\"2024-11-06T05:31:31+00:00\",\"dateModified\":\"2026-02-26T11:48:48+00:00\",\"description\":\"Shop our collection of 22ct gold hoop earrings today and find the perfect pair to add a touch of luxury to your look.\",\"breadcrumb\":{\"@id\":\"https:\\\/\\\/www.purejewels.com\\\/product\\\/22ct-gold-fancy-hoop-earring-46108\\\/#breadcrumb\"},\"inLanguage\":\"tr\",\"potentialAction\":[{\"@type\":\"ReadAction\",\"target\":[\"https:\\\/\\\/www.purejewels.com\\\/product\\\/22ct-gold-fancy-hoop-earring-46108\\\/\"]}]},{\"@type\":\"ImageObject\",\"inLanguage\":\"tr\",\"@id\":\"https:\\\/\\\/www.purejewels.com\\\/product\\\/22ct-gold-fancy-hoop-earring-46108\\\/#primaryimage\",\"url\":\"https:\\\/\\\/static.purejewels.com\\\/wp-content\\\/uploads\\\/2023\\\/02\\\/46108.jpg\",\"contentUrl\":\"https:\\\/\\\/static.purejewels.com\\\/wp-content\\\/uploads\\\/2023\\\/02\\\/46108.jpg\",\"caption\":\"22ct Gold Hoop Earring\"},{\"@type\":\"BreadcrumbList\",\"@id\":\"https:\\\/\\\/www.purejewels.com\\\/product\\\/22ct-gold-fancy-hoop-earring-46108\\\/#breadcrumb\",\"itemListElement\":[{\"@type\":\"ListItem\",\"position\":1,\"name\":\"Home\",\"item\":\"https:\\\/\\\/www.purejewels.com\\\/\"},{\"@type\":\"ListItem\",\"position\":2,\"name\":\"Shop\",\"item\":\"https:\\\/\\\/www.purejewels.com\\\/shop\\\/\"},{\"@type\":\"ListItem\",\"position\":3,\"name\":\"22ct Gold Fancy Hoop Earring\"}]},{\"@type\":\"WebSite\",\"@id\":\"https:\\\/\\\/www.purejewels.com\\\/#website\",\"url\":\"https:\\\/\\\/www.purejewels.com\\\/\",\"name\":\"PureJewels UK\",\"description\":\"Share the Love\",\"publisher\":{\"@id\":\"https:\\\/\\\/www.purejewels.com\\\/#organization\"},\"potentialAction\":[{\"@type\":\"SearchAction\",\"target\":{\"@type\":\"EntryPoint\",\"urlTemplate\":\"https:\\\/\\\/www.purejewels.com\\\/?s={search_term_string}\"},\"query-input\":{\"@type\":\"PropertyValueSpecification\",\"valueRequired\":true,\"valueName\":\"search_term_string\"}}],\"inLanguage\":\"tr\"},{\"@type\":\"Organization\",\"@id\":\"https:\\\/\\\/www.purejewels.com\\\/#organization\",\"name\":\"PureJewels UK\",\"url\":\"https:\\\/\\\/www.purejewels.com\\\/\",\"logo\":{\"@type\":\"ImageObject\",\"inLanguage\":\"tr\",\"@id\":\"https:\\\/\\\/www.purejewels.com\\\/#\\\/schema\\\/logo\\\/image\\\/\",\"url\":\"https:\\\/\\\/static.purejewels.com\\\/wp-content\\\/uploads\\\/2020\\\/11\\\/Logo-PJ-New-1.png\",\"contentUrl\":\"https:\\\/\\\/static.purejewels.com\\\/wp-content\\\/uploads\\\/2020\\\/11\\\/Logo-PJ-New-1.png\",\"width\":150,\"height\":80,\"caption\":\"PureJewels UK\"},\"image\":{\"@id\":\"https:\\\/\\\/www.purejewels.com\\\/#\\\/schema\\\/logo\\\/image\\\/\"}}]}<\/script>\n<!-- \/ Yoast SEO plugin. -->","yoast_head_json":{"title":"Damlal\u0131 Tasar\u0131m Alt\u0131n Halka K\u00fcpeler | PureJewels UK","description":"Bug\u00fcn 22 ayar alt\u0131n halka k\u00fcpe koleksiyonumuzu inceleyin ve g\u00f6r\u00fcn\u00fcm\u00fcn\u00fcze l\u00fcks bir dokunu\u015f katacak m\u00fckemmel \u00e7ifti bulun.","robots":{"index":"index","follow":"follow","max-snippet":"max-snippet:-1","max-image-preview":"max-image-preview:large","max-video-preview":"max-video-preview:-1"},"canonical":"https:\/\/www.purejewels.com\/tr\/urun\/22-ayar-altin-fantezi-halka-kupe-46108\/","og_locale":"tr_TR","og_type":"article","og_title":"Designer Gold Hoop Earrings with Drooplets | PureJewels UK","og_description":"Shop our collection of 22ct gold hoop earrings today and find the perfect pair to add a touch of luxury to your look.","og_url":"https:\/\/www.purejewels.com\/tr\/urun\/22-ayar-altin-fantezi-halka-kupe-46108\/","og_site_name":"PureJewels UK","article_modified_time":"2026-02-26T11:48:48+00:00","og_image":[{"url":"https:\/\/static.purejewels.com\/wp-content\/uploads\/2023\/02\/46108.jpg","width":1,"height":1,"type":"image\/jpeg"}],"twitter_card":"summary_large_image","twitter_misc":{"Tahmini okuma s\u00fcresi":"1 dakika"},"schema":{"@context":"https:\/\/schema.org","@graph":[{"@type":["WebPage","ItemPage"],"@id":"https:\/\/www.purejewels.com\/product\/22ct-gold-fancy-hoop-earring-46108\/","url":"https:\/\/www.purejewels.com\/product\/22ct-gold-fancy-hoop-earring-46108\/","name":"Damlal\u0131 Tasar\u0131m Alt\u0131n Halka K\u00fcpeler | PureJewels UK","isPartOf":{"@id":"https:\/\/www.purejewels.com\/#website"},"primaryImageOfPage":{"@id":"https:\/\/www.purejewels.com\/product\/22ct-gold-fancy-hoop-earring-46108\/#primaryimage"},"image":{"@id":"https:\/\/www.purejewels.com\/product\/22ct-gold-fancy-hoop-earring-46108\/#primaryimage"},"thumbnailUrl":"https:\/\/static.purejewels.com\/wp-content\/uploads\/2023\/02\/46108.jpg","datePublished":"2024-11-06T05:31:31+00:00","dateModified":"2026-02-26T11:48:48+00:00","description":"Bug\u00fcn 22 ayar alt\u0131n halka k\u00fcpe koleksiyonumuzu inceleyin ve g\u00f6r\u00fcn\u00fcm\u00fcn\u00fcze l\u00fcks bir dokunu\u015f katacak m\u00fckemmel \u00e7ifti bulun.","breadcrumb":{"@id":"https:\/\/www.purejewels.com\/product\/22ct-gold-fancy-hoop-earring-46108\/#breadcrumb"},"inLanguage":"tr","potentialAction":[{"@type":"ReadAction","target":["https:\/\/www.purejewels.com\/product\/22ct-gold-fancy-hoop-earring-46108\/"]}]},{"@type":"ImageObject","inLanguage":"tr","@id":"https:\/\/www.purejewels.com\/product\/22ct-gold-fancy-hoop-earring-46108\/#primaryimage","url":"https:\/\/static.purejewels.com\/wp-content\/uploads\/2023\/02\/46108.jpg","contentUrl":"https:\/\/static.purejewels.com\/wp-content\/uploads\/2023\/02\/46108.jpg","caption":"22ct Gold Hoop Earring"},{"@type":"BreadcrumbList","@id":"https:\/\/www.purejewels.com\/product\/22ct-gold-fancy-hoop-earring-46108\/#breadcrumb","itemListElement":[{"@type":"ListItem","position":1,"name":"Home","item":"https:\/\/www.purejewels.com\/"},{"@type":"ListItem","position":2,"name":"Shop","item":"https:\/\/www.purejewels.com\/shop\/"},{"@type":"ListItem","position":3,"name":"22ct Gold Fancy Hoop Earring"}]},{"@type":"WebSite","@id":"https:\/\/www.purejewels.com\/#website","url":"https:\/\/www.purejewels.com\/","name":"PureJewels \u0130ngiltere","description":"Sevgiyi Payla\u015f\u0131n","publisher":{"@id":"https:\/\/www.purejewels.com\/#organization"},"potentialAction":[{"@type":"SearchAction","target":{"@type":"EntryPoint","urlTemplate":"https:\/\/www.purejewels.com\/?s={search_term_string}"},"query-input":{"@type":"PropertyValueSpecification","valueRequired":true,"valueName":"search_term_string"}}],"inLanguage":"tr"},{"@type":"Organization","@id":"https:\/\/www.purejewels.com\/#organization","name":"PureJewels \u0130ngiltere","url":"https:\/\/www.purejewels.com\/","logo":{"@type":"ImageObject","inLanguage":"tr","@id":"https:\/\/www.purejewels.com\/#\/schema\/logo\/image\/","url":"https:\/\/static.purejewels.com\/wp-content\/uploads\/2020\/11\/Logo-PJ-New-1.png","contentUrl":"https:\/\/static.purejewels.com\/wp-content\/uploads\/2020\/11\/Logo-PJ-New-1.png","width":150,"height":80,"caption":"PureJewels UK"},"image":{"@id":"https:\/\/www.purejewels.com\/#\/schema\/logo\/image\/"}}]}},"_links":{"self":[{"href":"https:\/\/www.purejewels.com\/tr\/wp-json\/wp\/v2\/product\/343555","targetHints":{"allow":["GET"]}}],"collection":[{"href":"https:\/\/www.purejewels.com\/tr\/wp-json\/wp\/v2\/product"}],"about":[{"href":"https:\/\/www.purejewels.com\/tr\/wp-json\/wp\/v2\/types\/product"}],"replies":[{"embeddable":true,"href":"https:\/\/www.purejewels.com\/tr\/wp-json\/wp\/v2\/comments?post=343555"}],"version-history":[{"count":3,"href":"https:\/\/www.purejewels.com\/tr\/wp-json\/wp\/v2\/product\/343555\/revisions"}],"predecessor-version":[{"id":420891,"href":"https:\/\/www.purejewels.com\/tr\/wp-json\/wp\/v2\/product\/343555\/revisions\/420891"}],"wp:featuredmedia":[{"embeddable":true,"href":"https:\/\/www.purejewels.com\/tr\/wp-json\/wp\/v2\/media\/356683"}],"wp:attachment":[{"href":"https:\/\/www.purejewels.com\/tr\/wp-json\/wp\/v2\/media?parent=343555"}],"wp:term":[{"taxonomy":"product_brand","embeddable":true,"href":"https:\/\/www.purejewels.com\/tr\/wp-json\/wp\/v2\/product_brand?post=343555"},{"taxonomy":"product_cat","embeddable":true,"href":"https:\/\/www.purejewels.com\/tr\/wp-json\/wp\/v2\/product_cat?post=343555"},{"taxonomy":"product_tag","embeddable":true,"href":"https:\/\/www.purejewels.com\/tr\/wp-json\/wp\/v2\/product_tag?post=343555"}],"curies":[{"name":"wp","href":"https:\/\/api.w.org\/{rel}","templated":true}]}}