{"id":343628,"date":"2025-08-10T06:37:58","date_gmt":"2025-08-10T05:37:58","guid":{"rendered":"https:\/\/www.purejewels.com\/?post_type=product&#038;p=343628"},"modified":"2026-04-29T06:42:51","modified_gmt":"2026-04-29T05:42:51","slug":"bayanlar-icin-22-ayar-altin-fantezi-halka-kupe-bali-52202","status":"publish","type":"product","link":"https:\/\/www.purejewels.com\/tr\/product\/22ct-gold-fancy-hoop-earring-bali-for-ladies-52202\/","title":{"rendered":"Bayanlar i\u00e7in 22 Ayar Alt\u0131n Fantezi Halka K\u00fcpe"},"content":{"rendered":"<p data-start=\"570\" data-end=\"793\">Giri\u015f<strong data-start=\"586\" data-end=\"621\">\u00a022 Ayar Alt\u0131n Halka K\u00fcpe<\/strong>Yolculu\u011fun ve zarafetin zarif bir sembol\u00fc. El yap\u0131m\u0131 <strong data-start=\"673\" data-end=\"695\">saf 22 ayar alt\u0131n<\/strong>bunlar <strong data-start=\"703\" data-end=\"739\">kad\u0131nlar i\u00e7in hafif alt\u0131n \u00e7emberler<\/strong> Do\u011fu zarafetini \u00e7a\u011fda\u015f minimalizmle harmanl\u0131yor.<\/p>\n<p data-start=\"1081\" data-end=\"1239\">\u0130ster kendi tarz\u0131n\u0131z\u0131 yarat\u0131yor ister anlaml\u0131 bir par\u00e7a hediye ediyor olun, bu <strong data-start=\"1163\" data-end=\"1190\">ger\u00e7ek alt\u0131n halka k\u00fcpeler<\/strong> g\u00fczellik ve mirasa yap\u0131lan kal\u0131c\u0131 bir yat\u0131r\u0131md\u0131r.<\/p>\n<ul data-start=\"1241\" data-end=\"1550\">\n<li data-start=\"1241\" data-end=\"1308\">\n<p data-start=\"1243\" data-end=\"1308\"><strong data-start=\"1243\" data-end=\"1253\">Metal:<\/strong> 22 Ayar Sar\u0131 Alt\u0131n (London Assay Office taraf\u0131ndan damgalanm\u0131\u015ft\u0131r)<\/p>\n<\/li>\n<li data-start=\"1309\" data-end=\"1336\">\n<p data-start=\"1311\" data-end=\"1336\"><strong data-start=\"1311\" data-end=\"1322\">Bitir:<\/strong> Y\u00fcksek Cila<\/p>\n<\/li>\n<li data-start=\"1337\" data-end=\"1362\">\n<p data-start=\"1339\" data-end=\"1362\"><strong data-start=\"1339\" data-end=\"1349\">Stil:<\/strong> Damlac\u0131kl\u0131 Yuvarlak \u00c7ember<\/p>\n<\/li>\n<li data-start=\"1363\" data-end=\"1392\"><strong data-start=\"1419\" data-end=\"1431\">Kapan\u0131\u015f:<\/strong> G\u00fcvenli \u00c7\u0131t\u00e7\u0131tl\u0131 Toka<\/li>\n<\/ul>","protected":false},"excerpt":{"rendered":"<p>Zahmetsiz g\u00fcnl\u00fck l\u00fcks i\u00e7in saf alt\u0131ndan el yap\u0131m\u0131 22 Ayar Alt\u0131n Halka K\u00fcpeler ile zamans\u0131z \u015f\u0131kl\u0131\u011f\u0131 ke\u015ffedin. Hafif, dayan\u0131kl\u0131 ve \u0131\u015f\u0131lt\u0131l\u0131 - miras\u0131 ve minimalizmi takdir eden modern kad\u0131nlar i\u00e7in ideal.<\/p>\n<p><strong>Malzeme:<\/strong>\u00a022 Ayar Alt\u0131n<strong><br \/>\nHallmark:\u00a0<\/strong>\u0130ngiliz Damgas\u0131<strong><br \/>\n<\/strong><strong>Br\u00fct A\u011f\u0131rl\u0131k: <\/strong>3 Gms<br \/>\n<strong>\u0130\u00e7 \u00e7ap:<\/strong> 15mm<br \/>\n<strong>SKU:<\/strong> 54673, 54612, 54611, 54609, 54608, 54607, 54605, 54604, 55287<\/p>\n<p><strong>Fiyat ve Teslimat<\/strong>: KDV ve teslimat \u00fccreti dahil<br \/>\n<strong>Not<\/strong>: Model Resim \u015funun i\u00e7indir <strong>approaximate<\/strong> <strong>Boyut<\/strong> sadece referans<\/p>\n<p><a href=\"https:\/\/www.purejewels.com\/tr\/i%cc%87ade-poli%cc%87ti%cc%87kasi\/\">\u0130ade Politikas\u0131<\/a><\/p>","protected":false},"featured_media":401817,"comment_status":"closed","ping_status":"closed","template":"","meta":{"_eb_attr":"","_crsspst_to_jayantr4sg-hostcom":true},"product_brand":[],"product_cat":[1791,1793,1254,1229,1579,5609,5344,1570,1573,1574,5349],"product_tag":[66],"class_list":{"0":"post-343628","1":"product","2":"type-product","3":"status-publish","4":"has-post-thumbnail","6":"product_cat-anniversary-gifts","7":"product_cat-diwali-gifts","8":"product_cat-gold-earrings","9":"product_cat-22ct-gold-jewellery","10":"product_cat-hoop-earrings","11":"product_cat-hoop-with-droplets","12":"product_cat-jewellery-under-750","13":"product_cat-mothers-day-gifts","14":"product_cat-wedding-gifts","15":"product_cat-womens-jewellery","16":"product_cat-yellow-gold-jewellery","17":"product_tag-earrings","19":"first","20":"instock","21":"taxable","22":"shipping-taxable","23":"purchasable","24":"product-type-simple","25":"add-to-wishlist-before_image"},"yoast_head":"<!-- This site is optimized with the Yoast SEO plugin v27.5 - https:\/\/yoast.com\/product\/yoast-seo-wordpress\/ -->\n<title>22ct Gold Fancy Hoop Earring Bali for Ladies at purejewels.com<\/title>\n<meta name=\"description\" content=\"Buy 22ct Gold Fancy Hoop Earring Bali for Ladies and add a touch of luxury to your everyday look. Shop now and get free shipping.\" \/>\n<meta name=\"robots\" content=\"index, follow, max-snippet:-1, max-image-preview:large, max-video-preview:-1\" \/>\n<link rel=\"canonical\" href=\"https:\/\/www.purejewels.com\/tr\/urun\/bayanlar-icin-22-ayar-altin-fantezi-halka-kupe-bali-52202\/\" \/>\n<meta property=\"og:locale\" content=\"tr_TR\" \/>\n<meta property=\"og:type\" content=\"article\" \/>\n<meta property=\"og:title\" content=\"22ct Gold Fancy Hoop Earring Bali for Ladies at purejewels.com\" \/>\n<meta property=\"og:description\" content=\"Buy 22ct Gold Fancy Hoop Earring Bali for Ladies and add a touch of luxury to your everyday look. Shop now and get free shipping.\" \/>\n<meta property=\"og:url\" content=\"https:\/\/www.purejewels.com\/tr\/urun\/bayanlar-icin-22-ayar-altin-fantezi-halka-kupe-bali-52202\/\" \/>\n<meta property=\"og:site_name\" content=\"PureJewels UK\" \/>\n<meta property=\"article:modified_time\" content=\"2026-04-29T05:42:51+00:00\" \/>\n<meta property=\"og:image\" content=\"https:\/\/static.purejewels.com\/wp-content\/uploads\/2023\/02\/SKU-52202.2.png\" \/>\n\t<meta property=\"og:image:width\" content=\"1000\" \/>\n\t<meta property=\"og:image:height\" content=\"1000\" \/>\n\t<meta property=\"og:image:type\" content=\"image\/png\" \/>\n<meta name=\"twitter:card\" content=\"summary_large_image\" \/>\n<meta name=\"twitter:label1\" content=\"Tahmini okuma s\u00fcresi\" \/>\n\t<meta name=\"twitter:data1\" content=\"1 dakika\" \/>\n<script type=\"application\/ld+json\" class=\"yoast-schema-graph\">{\"@context\":\"https:\\\/\\\/schema.org\",\"@graph\":[{\"@type\":[\"WebPage\",\"ItemPage\"],\"@id\":\"https:\\\/\\\/www.purejewels.com\\\/product\\\/22ct-gold-fancy-hoop-earring-bali-for-ladies-52202\\\/\",\"url\":\"https:\\\/\\\/www.purejewels.com\\\/product\\\/22ct-gold-fancy-hoop-earring-bali-for-ladies-52202\\\/\",\"name\":\"22ct Gold Fancy Hoop Earring Bali for Ladies at purejewels.com\",\"isPartOf\":{\"@id\":\"https:\\\/\\\/www.purejewels.com\\\/#website\"},\"primaryImageOfPage\":{\"@id\":\"https:\\\/\\\/www.purejewels.com\\\/product\\\/22ct-gold-fancy-hoop-earring-bali-for-ladies-52202\\\/#primaryimage\"},\"image\":{\"@id\":\"https:\\\/\\\/www.purejewels.com\\\/product\\\/22ct-gold-fancy-hoop-earring-bali-for-ladies-52202\\\/#primaryimage\"},\"thumbnailUrl\":\"https:\\\/\\\/static.purejewels.com\\\/wp-content\\\/uploads\\\/2023\\\/02\\\/SKU-52202.2.png\",\"datePublished\":\"2025-08-10T05:37:58+00:00\",\"dateModified\":\"2026-04-29T05:42:51+00:00\",\"description\":\"Buy 22ct Gold Fancy Hoop Earring Bali for Ladies and add a touch of luxury to your everyday look. Shop now and get free shipping.\",\"breadcrumb\":{\"@id\":\"https:\\\/\\\/www.purejewels.com\\\/product\\\/22ct-gold-fancy-hoop-earring-bali-for-ladies-52202\\\/#breadcrumb\"},\"inLanguage\":\"tr\",\"potentialAction\":[{\"@type\":\"ReadAction\",\"target\":[\"https:\\\/\\\/www.purejewels.com\\\/product\\\/22ct-gold-fancy-hoop-earring-bali-for-ladies-52202\\\/\"]}]},{\"@type\":\"ImageObject\",\"inLanguage\":\"tr\",\"@id\":\"https:\\\/\\\/www.purejewels.com\\\/product\\\/22ct-gold-fancy-hoop-earring-bali-for-ladies-52202\\\/#primaryimage\",\"url\":\"https:\\\/\\\/static.purejewels.com\\\/wp-content\\\/uploads\\\/2023\\\/02\\\/SKU-52202.2.png\",\"contentUrl\":\"https:\\\/\\\/static.purejewels.com\\\/wp-content\\\/uploads\\\/2023\\\/02\\\/SKU-52202.2.png\",\"width\":1000,\"height\":1000,\"caption\":\"22ct Gold Fancy Hoop Earrings for Ladies\"},{\"@type\":\"BreadcrumbList\",\"@id\":\"https:\\\/\\\/www.purejewels.com\\\/product\\\/22ct-gold-fancy-hoop-earring-bali-for-ladies-52202\\\/#breadcrumb\",\"itemListElement\":[{\"@type\":\"ListItem\",\"position\":1,\"name\":\"Home\",\"item\":\"https:\\\/\\\/www.purejewels.com\\\/\"},{\"@type\":\"ListItem\",\"position\":2,\"name\":\"Shop\",\"item\":\"https:\\\/\\\/www.purejewels.com\\\/shop\\\/\"},{\"@type\":\"ListItem\",\"position\":3,\"name\":\"22ct Gold Fancy Hoop Earrings for Ladies\"}]},{\"@type\":\"WebSite\",\"@id\":\"https:\\\/\\\/www.purejewels.com\\\/#website\",\"url\":\"https:\\\/\\\/www.purejewels.com\\\/\",\"name\":\"PureJewels UK\",\"description\":\"Share the Love\",\"publisher\":{\"@id\":\"https:\\\/\\\/www.purejewels.com\\\/#organization\"},\"potentialAction\":[{\"@type\":\"SearchAction\",\"target\":{\"@type\":\"EntryPoint\",\"urlTemplate\":\"https:\\\/\\\/www.purejewels.com\\\/?s={search_term_string}\"},\"query-input\":{\"@type\":\"PropertyValueSpecification\",\"valueRequired\":true,\"valueName\":\"search_term_string\"}}],\"inLanguage\":\"tr\"},{\"@type\":\"Organization\",\"@id\":\"https:\\\/\\\/www.purejewels.com\\\/#organization\",\"name\":\"PureJewels UK\",\"url\":\"https:\\\/\\\/www.purejewels.com\\\/\",\"logo\":{\"@type\":\"ImageObject\",\"inLanguage\":\"tr\",\"@id\":\"https:\\\/\\\/www.purejewels.com\\\/#\\\/schema\\\/logo\\\/image\\\/\",\"url\":\"https:\\\/\\\/static.purejewels.com\\\/wp-content\\\/uploads\\\/2020\\\/11\\\/Logo-PJ-New-1.png\",\"contentUrl\":\"https:\\\/\\\/static.purejewels.com\\\/wp-content\\\/uploads\\\/2020\\\/11\\\/Logo-PJ-New-1.png\",\"width\":150,\"height\":80,\"caption\":\"PureJewels UK\"},\"image\":{\"@id\":\"https:\\\/\\\/www.purejewels.com\\\/#\\\/schema\\\/logo\\\/image\\\/\"}}]}<\/script>\n<!-- \/ Yoast SEO plugin. -->","yoast_head_json":{"title":"22 Ayar Alt\u0131n Fantezi Halka K\u00fcpe Bali Bayanlar i\u00e7in purejewels.com'da","description":"Bayanlar i\u00e7in 22 Ayar Alt\u0131n Fantezi Halka K\u00fcpe Bali sat\u0131n al\u0131n ve g\u00fcnl\u00fck g\u00f6r\u00fcn\u00fcm\u00fcn\u00fcze l\u00fcks bir dokunu\u015f kat\u0131n. \u015eimdi al\u0131\u015fveri\u015f yap\u0131n ve \u00fccretsiz kargo kazan\u0131n.","robots":{"index":"index","follow":"follow","max-snippet":"max-snippet:-1","max-image-preview":"max-image-preview:large","max-video-preview":"max-video-preview:-1"},"canonical":"https:\/\/www.purejewels.com\/tr\/urun\/bayanlar-icin-22-ayar-altin-fantezi-halka-kupe-bali-52202\/","og_locale":"tr_TR","og_type":"article","og_title":"22ct Gold Fancy Hoop Earring Bali for Ladies at purejewels.com","og_description":"Buy 22ct Gold Fancy Hoop Earring Bali for Ladies and add a touch of luxury to your everyday look. Shop now and get free shipping.","og_url":"https:\/\/www.purejewels.com\/tr\/urun\/bayanlar-icin-22-ayar-altin-fantezi-halka-kupe-bali-52202\/","og_site_name":"PureJewels UK","article_modified_time":"2026-04-29T05:42:51+00:00","og_image":[{"width":1000,"height":1000,"url":"https:\/\/static.purejewels.com\/wp-content\/uploads\/2023\/02\/SKU-52202.2.png","type":"image\/png"}],"twitter_card":"summary_large_image","twitter_misc":{"Tahmini okuma s\u00fcresi":"1 dakika"},"schema":{"@context":"https:\/\/schema.org","@graph":[{"@type":["WebPage","ItemPage"],"@id":"https:\/\/www.purejewels.com\/product\/22ct-gold-fancy-hoop-earring-bali-for-ladies-52202\/","url":"https:\/\/www.purejewels.com\/product\/22ct-gold-fancy-hoop-earring-bali-for-ladies-52202\/","name":"22 Ayar Alt\u0131n Fantezi Halka K\u00fcpe Bali Bayanlar i\u00e7in purejewels.com'da","isPartOf":{"@id":"https:\/\/www.purejewels.com\/#website"},"primaryImageOfPage":{"@id":"https:\/\/www.purejewels.com\/product\/22ct-gold-fancy-hoop-earring-bali-for-ladies-52202\/#primaryimage"},"image":{"@id":"https:\/\/www.purejewels.com\/product\/22ct-gold-fancy-hoop-earring-bali-for-ladies-52202\/#primaryimage"},"thumbnailUrl":"https:\/\/static.purejewels.com\/wp-content\/uploads\/2023\/02\/SKU-52202.2.png","datePublished":"2025-08-10T05:37:58+00:00","dateModified":"2026-04-29T05:42:51+00:00","description":"Bayanlar i\u00e7in 22 Ayar Alt\u0131n Fantezi Halka K\u00fcpe Bali sat\u0131n al\u0131n ve g\u00fcnl\u00fck g\u00f6r\u00fcn\u00fcm\u00fcn\u00fcze l\u00fcks bir dokunu\u015f kat\u0131n. \u015eimdi al\u0131\u015fveri\u015f yap\u0131n ve \u00fccretsiz kargo kazan\u0131n.","breadcrumb":{"@id":"https:\/\/www.purejewels.com\/product\/22ct-gold-fancy-hoop-earring-bali-for-ladies-52202\/#breadcrumb"},"inLanguage":"tr","potentialAction":[{"@type":"ReadAction","target":["https:\/\/www.purejewels.com\/product\/22ct-gold-fancy-hoop-earring-bali-for-ladies-52202\/"]}]},{"@type":"ImageObject","inLanguage":"tr","@id":"https:\/\/www.purejewels.com\/product\/22ct-gold-fancy-hoop-earring-bali-for-ladies-52202\/#primaryimage","url":"https:\/\/static.purejewels.com\/wp-content\/uploads\/2023\/02\/SKU-52202.2.png","contentUrl":"https:\/\/static.purejewels.com\/wp-content\/uploads\/2023\/02\/SKU-52202.2.png","width":1000,"height":1000,"caption":"22ct Gold Fancy Hoop Earrings for Ladies"},{"@type":"BreadcrumbList","@id":"https:\/\/www.purejewels.com\/product\/22ct-gold-fancy-hoop-earring-bali-for-ladies-52202\/#breadcrumb","itemListElement":[{"@type":"ListItem","position":1,"name":"Home","item":"https:\/\/www.purejewels.com\/"},{"@type":"ListItem","position":2,"name":"Shop","item":"https:\/\/www.purejewels.com\/shop\/"},{"@type":"ListItem","position":3,"name":"22ct Gold Fancy Hoop Earrings for Ladies"}]},{"@type":"WebSite","@id":"https:\/\/www.purejewels.com\/#website","url":"https:\/\/www.purejewels.com\/","name":"PureJewels \u0130ngiltere","description":"Sevgiyi Payla\u015f\u0131n","publisher":{"@id":"https:\/\/www.purejewels.com\/#organization"},"potentialAction":[{"@type":"SearchAction","target":{"@type":"EntryPoint","urlTemplate":"https:\/\/www.purejewels.com\/?s={search_term_string}"},"query-input":{"@type":"PropertyValueSpecification","valueRequired":true,"valueName":"search_term_string"}}],"inLanguage":"tr"},{"@type":"Organization","@id":"https:\/\/www.purejewels.com\/#organization","name":"PureJewels \u0130ngiltere","url":"https:\/\/www.purejewels.com\/","logo":{"@type":"ImageObject","inLanguage":"tr","@id":"https:\/\/www.purejewels.com\/#\/schema\/logo\/image\/","url":"https:\/\/static.purejewels.com\/wp-content\/uploads\/2020\/11\/Logo-PJ-New-1.png","contentUrl":"https:\/\/static.purejewels.com\/wp-content\/uploads\/2020\/11\/Logo-PJ-New-1.png","width":150,"height":80,"caption":"PureJewels UK"},"image":{"@id":"https:\/\/www.purejewels.com\/#\/schema\/logo\/image\/"}}]}},"_links":{"self":[{"href":"https:\/\/www.purejewels.com\/tr\/wp-json\/wp\/v2\/product\/343628","targetHints":{"allow":["GET"]}}],"collection":[{"href":"https:\/\/www.purejewels.com\/tr\/wp-json\/wp\/v2\/product"}],"about":[{"href":"https:\/\/www.purejewels.com\/tr\/wp-json\/wp\/v2\/types\/product"}],"replies":[{"embeddable":true,"href":"https:\/\/www.purejewels.com\/tr\/wp-json\/wp\/v2\/comments?post=343628"}],"version-history":[{"count":4,"href":"https:\/\/www.purejewels.com\/tr\/wp-json\/wp\/v2\/product\/343628\/revisions"}],"predecessor-version":[{"id":428119,"href":"https:\/\/www.purejewels.com\/tr\/wp-json\/wp\/v2\/product\/343628\/revisions\/428119"}],"wp:featuredmedia":[{"embeddable":true,"href":"https:\/\/www.purejewels.com\/tr\/wp-json\/wp\/v2\/media\/401817"}],"wp:attachment":[{"href":"https:\/\/www.purejewels.com\/tr\/wp-json\/wp\/v2\/media?parent=343628"}],"wp:term":[{"taxonomy":"product_brand","embeddable":true,"href":"https:\/\/www.purejewels.com\/tr\/wp-json\/wp\/v2\/product_brand?post=343628"},{"taxonomy":"product_cat","embeddable":true,"href":"https:\/\/www.purejewels.com\/tr\/wp-json\/wp\/v2\/product_cat?post=343628"},{"taxonomy":"product_tag","embeddable":true,"href":"https:\/\/www.purejewels.com\/tr\/wp-json\/wp\/v2\/product_tag?post=343628"}],"curies":[{"name":"wp","href":"https:\/\/api.w.org\/{rel}","templated":true}]}}