{"id":343658,"date":"2025-07-03T08:45:46","date_gmt":"2025-07-03T07:45:46","guid":{"rendered":"https:\/\/www.purejewels.com\/?post_type=product&#038;p=343658"},"modified":"2026-01-06T09:51:46","modified_gmt":"2026-01-06T09:51:46","slug":"22-ayar-altin-bebek-kimlik-bilezigi-45840","status":"publish","type":"product","link":"https:\/\/www.purejewels.com\/tr\/product\/22ct-gold-baby-identity-bracelet-45840\/","title":{"rendered":"22 Ayar Alt\u0131n Bebek Kimlik Bilezi\u011fi"},"content":{"rendered":"<p data-start=\"743\" data-end=\"1256\">Bu 22 ayar alt\u0131n bebek kimlik bilezi\u011fi, gelenek ve i\u015f\u00e7ili\u011fin b\u00fcy\u00fcleyici bir kar\u0131\u015f\u0131m\u0131d\u0131r. Klasik kenar zinciri g\u00fcvenli ve esnek bir uyum sunarken, oymal\u0131 oval merkez par\u00e7as\u0131 ki\u015fisel bir dokunu\u015f katar; hediye etmek veya aile yadigar\u0131 hat\u0131ralar i\u00e7in m\u00fckemmeldir.<\/p>\n<p data-start=\"743\" data-end=\"1256\">7,5 in\u00e7 uzunlu\u011fundaki bileklik, b\u00fcy\u00fcyen bilekler i\u00e7in \u00f6zenle tasarlanm\u0131\u015ft\u0131r ve g\u00fcnl\u00fck konfor i\u00e7in dayan\u0131kl\u0131 bir toka ile tamamlanm\u0131\u015ft\u0131r. \u0130ster do\u011fum, ister do\u011fum g\u00fcn\u00fc, ister isim verme t\u00f6reni kutlamas\u0131 olsun, bu bileklik k\u00fc\u00e7\u00fc\u011f\u00fcn\u00fczle birlikte b\u00fcy\u00fcmek \u00fczere tasarlanm\u0131\u015f zamans\u0131z bir hazinedir.<\/p>","protected":false},"excerpt":{"rendered":"<p>Saf 22 ayar alt\u0131ndan \u00fcretilen bu bebek kimlik bilezi\u011fi, zamans\u0131z bir bord\u00fcr zincire ve ince dokulu bir kaplamaya sahip merkezi bir oval plakaya sahiptir. Yeni do\u011fanlar veya k\u00fc\u00e7\u00fck \u00e7ocuklar i\u00e7in hat\u0131ra hediyesi olarak idealdir.<\/p>\n<p><strong>Malzeme:<\/strong>\u00a022 Ayar Alt\u0131n<strong><br \/>\nHallmark:\u00a0<\/strong>\u0130ngiliz Damgas\u0131<strong><br \/>\n<\/strong><strong>Br\u00fct A\u011f\u0131rl\u0131k: <\/strong>6.60 Gms<br \/>\n<strong>Uzunluk:<\/strong> 5,75 in\u00e7<br \/>\n<strong>SKU:<\/strong> 45840<\/p>\n<p><strong>Fiyat ve Teslimat<\/strong>: KDV ve teslimat \u00fccreti dahil<br \/>\n<a href=\"https:\/\/www.purejewels.com\/tr\/i%cc%87ade-poli%cc%87ti%cc%87kasi\/\">\u0130ade Politikas\u0131<\/a><\/p>","protected":false},"featured_media":403510,"comment_status":"closed","ping_status":"closed","template":"","meta":{"_eb_attr":"","_crsspst_to_jayantr4sg-hostcom":true},"product_brand":[],"product_cat":[5672,1576,1790,1324,1436,5338],"product_tag":[],"class_list":{"0":"post-343658","1":"product","2":"type-product","3":"status-publish","4":"has-post-thumbnail","6":"product_cat-baby-gold-bracelet","7":"product_cat-childrens-jewellery","8":"product_cat-for-whom-when","9":"product_cat-gold-bracelet","10":"product_cat-kids-bracelet-kada","11":"product_cat-shop-by-price","13":"first","14":"outofstock","15":"taxable","16":"shipping-taxable","17":"product-type-simple","18":"add-to-wishlist-before_image"},"yoast_head":"<!-- This site is optimized with the Yoast SEO plugin v27.5 - https:\/\/yoast.com\/product\/yoast-seo-wordpress\/ -->\n<title>22ct Gold Baby Identity Bracelet \u2013 Curb Chain, 7.5 Inch<\/title>\n<meta name=\"description\" content=\"Shop this 22ct gold baby identity bracelet with a classic curb chain and engraved oval plate. A perfect gift for newborns and toddlers, designed in 7.5 inches length.\" \/>\n<meta name=\"robots\" content=\"index, follow, max-snippet:-1, max-image-preview:large, max-video-preview:-1\" \/>\n<link rel=\"canonical\" href=\"https:\/\/www.purejewels.com\/tr\/urun\/22-ayar-altin-bebek-kimlik-bilezigi-45840\/\" \/>\n<meta property=\"og:locale\" content=\"tr_TR\" \/>\n<meta property=\"og:type\" content=\"article\" \/>\n<meta property=\"og:title\" content=\"22ct Gold Baby Identity Bracelet \u2013 Curb Chain, 7.5 Inch\" \/>\n<meta property=\"og:description\" content=\"Shop this 22ct gold baby identity bracelet with a classic curb chain and engraved oval plate. A perfect gift for newborns and toddlers, designed in 7.5 inches length.\" \/>\n<meta property=\"og:url\" content=\"https:\/\/www.purejewels.com\/tr\/urun\/22-ayar-altin-bebek-kimlik-bilezigi-45840\/\" \/>\n<meta property=\"og:site_name\" content=\"PureJewels UK\" \/>\n<meta property=\"article:modified_time\" content=\"2026-01-06T09:51:46+00:00\" \/>\n<meta property=\"og:image\" content=\"https:\/\/www.purejewels.com\/wp-content\/uploads\/2023\/02\/SKU-45840.jpg\" \/>\n\t<meta property=\"og:image:width\" content=\"1000\" \/>\n\t<meta property=\"og:image:height\" content=\"1000\" \/>\n\t<meta property=\"og:image:type\" content=\"image\/jpeg\" \/>\n<meta name=\"twitter:card\" content=\"summary_large_image\" \/>\n<meta name=\"twitter:label1\" content=\"Tahmini okuma s\u00fcresi\" \/>\n\t<meta name=\"twitter:data1\" content=\"1 dakika\" \/>\n<script type=\"application\/ld+json\" class=\"yoast-schema-graph\">{\"@context\":\"https:\\\/\\\/schema.org\",\"@graph\":[{\"@type\":[\"WebPage\",\"ItemPage\"],\"@id\":\"https:\\\/\\\/www.purejewels.com\\\/product\\\/22ct-gold-baby-identity-bracelet-45840\\\/\",\"url\":\"https:\\\/\\\/www.purejewels.com\\\/product\\\/22ct-gold-baby-identity-bracelet-45840\\\/\",\"name\":\"22ct Gold Baby Identity Bracelet \u2013 Curb Chain, 7.5 Inch\",\"isPartOf\":{\"@id\":\"https:\\\/\\\/www.purejewels.com\\\/#website\"},\"primaryImageOfPage\":{\"@id\":\"https:\\\/\\\/www.purejewels.com\\\/product\\\/22ct-gold-baby-identity-bracelet-45840\\\/#primaryimage\"},\"image\":{\"@id\":\"https:\\\/\\\/www.purejewels.com\\\/product\\\/22ct-gold-baby-identity-bracelet-45840\\\/#primaryimage\"},\"thumbnailUrl\":\"https:\\\/\\\/static.purejewels.com\\\/wp-content\\\/uploads\\\/2023\\\/02\\\/SKU-45840.jpg\",\"datePublished\":\"2025-07-03T07:45:46+00:00\",\"dateModified\":\"2026-01-06T09:51:46+00:00\",\"description\":\"Shop this 22ct gold baby identity bracelet with a classic curb chain and engraved oval plate. A perfect gift for newborns and toddlers, designed in 7.5 inches length.\",\"breadcrumb\":{\"@id\":\"https:\\\/\\\/www.purejewels.com\\\/product\\\/22ct-gold-baby-identity-bracelet-45840\\\/#breadcrumb\"},\"inLanguage\":\"tr\",\"potentialAction\":[{\"@type\":\"ReadAction\",\"target\":[\"https:\\\/\\\/www.purejewels.com\\\/product\\\/22ct-gold-baby-identity-bracelet-45840\\\/\"]}]},{\"@type\":\"ImageObject\",\"inLanguage\":\"tr\",\"@id\":\"https:\\\/\\\/www.purejewels.com\\\/product\\\/22ct-gold-baby-identity-bracelet-45840\\\/#primaryimage\",\"url\":\"https:\\\/\\\/static.purejewels.com\\\/wp-content\\\/uploads\\\/2023\\\/02\\\/SKU-45840.jpg\",\"contentUrl\":\"https:\\\/\\\/static.purejewels.com\\\/wp-content\\\/uploads\\\/2023\\\/02\\\/SKU-45840.jpg\",\"width\":1000,\"height\":1000,\"caption\":\"45840\"},{\"@type\":\"BreadcrumbList\",\"@id\":\"https:\\\/\\\/www.purejewels.com\\\/product\\\/22ct-gold-baby-identity-bracelet-45840\\\/#breadcrumb\",\"itemListElement\":[{\"@type\":\"ListItem\",\"position\":1,\"name\":\"Home\",\"item\":\"https:\\\/\\\/www.purejewels.com\\\/\"},{\"@type\":\"ListItem\",\"position\":2,\"name\":\"Shop\",\"item\":\"https:\\\/\\\/www.purejewels.com\\\/shop\\\/\"},{\"@type\":\"ListItem\",\"position\":3,\"name\":\"22ct Gold Baby Identity Bracelet\"}]},{\"@type\":\"WebSite\",\"@id\":\"https:\\\/\\\/www.purejewels.com\\\/#website\",\"url\":\"https:\\\/\\\/www.purejewels.com\\\/\",\"name\":\"PureJewels UK\",\"description\":\"Share the Love\",\"publisher\":{\"@id\":\"https:\\\/\\\/www.purejewels.com\\\/#organization\"},\"potentialAction\":[{\"@type\":\"SearchAction\",\"target\":{\"@type\":\"EntryPoint\",\"urlTemplate\":\"https:\\\/\\\/www.purejewels.com\\\/?s={search_term_string}\"},\"query-input\":{\"@type\":\"PropertyValueSpecification\",\"valueRequired\":true,\"valueName\":\"search_term_string\"}}],\"inLanguage\":\"tr\"},{\"@type\":\"Organization\",\"@id\":\"https:\\\/\\\/www.purejewels.com\\\/#organization\",\"name\":\"PureJewels UK\",\"url\":\"https:\\\/\\\/www.purejewels.com\\\/\",\"logo\":{\"@type\":\"ImageObject\",\"inLanguage\":\"tr\",\"@id\":\"https:\\\/\\\/www.purejewels.com\\\/#\\\/schema\\\/logo\\\/image\\\/\",\"url\":\"https:\\\/\\\/static.purejewels.com\\\/wp-content\\\/uploads\\\/2020\\\/11\\\/Logo-PJ-New-1.png\",\"contentUrl\":\"https:\\\/\\\/static.purejewels.com\\\/wp-content\\\/uploads\\\/2020\\\/11\\\/Logo-PJ-New-1.png\",\"width\":150,\"height\":80,\"caption\":\"PureJewels UK\"},\"image\":{\"@id\":\"https:\\\/\\\/www.purejewels.com\\\/#\\\/schema\\\/logo\\\/image\\\/\"}}]}<\/script>\n<!-- \/ Yoast SEO plugin. -->","yoast_head_json":{"title":"22 Ayar Alt\u0131n Bebek Kimlik Bilezi\u011fi - Bord\u00fcr Zincir, 7,5 \u0130n\u00e7","description":"Bu 22 ayar alt\u0131n bebek kimlik bilezi\u011fini, klasik kenar zinciri ve oymal\u0131 oval plakas\u0131yla sat\u0131n al\u0131n. Yeni do\u011fanlar ve k\u00fc\u00e7\u00fck \u00e7ocuklar i\u00e7in m\u00fckemmel bir hediye. 7,5 in\u00e7 uzunlu\u011funda tasarlanm\u0131\u015ft\u0131r.","robots":{"index":"index","follow":"follow","max-snippet":"max-snippet:-1","max-image-preview":"max-image-preview:large","max-video-preview":"max-video-preview:-1"},"canonical":"https:\/\/www.purejewels.com\/tr\/urun\/22-ayar-altin-bebek-kimlik-bilezigi-45840\/","og_locale":"tr_TR","og_type":"article","og_title":"22ct Gold Baby Identity Bracelet \u2013 Curb Chain, 7.5 Inch","og_description":"Shop this 22ct gold baby identity bracelet with a classic curb chain and engraved oval plate. A perfect gift for newborns and toddlers, designed in 7.5 inches length.","og_url":"https:\/\/www.purejewels.com\/tr\/urun\/22-ayar-altin-bebek-kimlik-bilezigi-45840\/","og_site_name":"PureJewels UK","article_modified_time":"2026-01-06T09:51:46+00:00","og_image":[{"width":1000,"height":1000,"url":"https:\/\/www.purejewels.com\/wp-content\/uploads\/2023\/02\/SKU-45840.jpg","type":"image\/jpeg"}],"twitter_card":"summary_large_image","twitter_misc":{"Tahmini okuma s\u00fcresi":"1 dakika"},"schema":{"@context":"https:\/\/schema.org","@graph":[{"@type":["WebPage","ItemPage"],"@id":"https:\/\/www.purejewels.com\/product\/22ct-gold-baby-identity-bracelet-45840\/","url":"https:\/\/www.purejewels.com\/product\/22ct-gold-baby-identity-bracelet-45840\/","name":"22 Ayar Alt\u0131n Bebek Kimlik Bilezi\u011fi - Bord\u00fcr Zincir, 7,5 \u0130n\u00e7","isPartOf":{"@id":"https:\/\/www.purejewels.com\/#website"},"primaryImageOfPage":{"@id":"https:\/\/www.purejewels.com\/product\/22ct-gold-baby-identity-bracelet-45840\/#primaryimage"},"image":{"@id":"https:\/\/www.purejewels.com\/product\/22ct-gold-baby-identity-bracelet-45840\/#primaryimage"},"thumbnailUrl":"https:\/\/static.purejewels.com\/wp-content\/uploads\/2023\/02\/SKU-45840.jpg","datePublished":"2025-07-03T07:45:46+00:00","dateModified":"2026-01-06T09:51:46+00:00","description":"Bu 22 ayar alt\u0131n bebek kimlik bilezi\u011fini, klasik kenar zinciri ve oymal\u0131 oval plakas\u0131yla sat\u0131n al\u0131n. Yeni do\u011fanlar ve k\u00fc\u00e7\u00fck \u00e7ocuklar i\u00e7in m\u00fckemmel bir hediye. 7,5 in\u00e7 uzunlu\u011funda tasarlanm\u0131\u015ft\u0131r.","breadcrumb":{"@id":"https:\/\/www.purejewels.com\/product\/22ct-gold-baby-identity-bracelet-45840\/#breadcrumb"},"inLanguage":"tr","potentialAction":[{"@type":"ReadAction","target":["https:\/\/www.purejewels.com\/product\/22ct-gold-baby-identity-bracelet-45840\/"]}]},{"@type":"ImageObject","inLanguage":"tr","@id":"https:\/\/www.purejewels.com\/product\/22ct-gold-baby-identity-bracelet-45840\/#primaryimage","url":"https:\/\/static.purejewels.com\/wp-content\/uploads\/2023\/02\/SKU-45840.jpg","contentUrl":"https:\/\/static.purejewels.com\/wp-content\/uploads\/2023\/02\/SKU-45840.jpg","width":1000,"height":1000,"caption":"45840"},{"@type":"BreadcrumbList","@id":"https:\/\/www.purejewels.com\/product\/22ct-gold-baby-identity-bracelet-45840\/#breadcrumb","itemListElement":[{"@type":"ListItem","position":1,"name":"Home","item":"https:\/\/www.purejewels.com\/"},{"@type":"ListItem","position":2,"name":"Shop","item":"https:\/\/www.purejewels.com\/shop\/"},{"@type":"ListItem","position":3,"name":"22ct Gold Baby Identity Bracelet"}]},{"@type":"WebSite","@id":"https:\/\/www.purejewels.com\/#website","url":"https:\/\/www.purejewels.com\/","name":"PureJewels \u0130ngiltere","description":"Sevgiyi Payla\u015f\u0131n","publisher":{"@id":"https:\/\/www.purejewels.com\/#organization"},"potentialAction":[{"@type":"SearchAction","target":{"@type":"EntryPoint","urlTemplate":"https:\/\/www.purejewels.com\/?s={search_term_string}"},"query-input":{"@type":"PropertyValueSpecification","valueRequired":true,"valueName":"search_term_string"}}],"inLanguage":"tr"},{"@type":"Organization","@id":"https:\/\/www.purejewels.com\/#organization","name":"PureJewels \u0130ngiltere","url":"https:\/\/www.purejewels.com\/","logo":{"@type":"ImageObject","inLanguage":"tr","@id":"https:\/\/www.purejewels.com\/#\/schema\/logo\/image\/","url":"https:\/\/static.purejewels.com\/wp-content\/uploads\/2020\/11\/Logo-PJ-New-1.png","contentUrl":"https:\/\/static.purejewels.com\/wp-content\/uploads\/2020\/11\/Logo-PJ-New-1.png","width":150,"height":80,"caption":"PureJewels UK"},"image":{"@id":"https:\/\/www.purejewels.com\/#\/schema\/logo\/image\/"}}]}},"_links":{"self":[{"href":"https:\/\/www.purejewels.com\/tr\/wp-json\/wp\/v2\/product\/343658","targetHints":{"allow":["GET"]}}],"collection":[{"href":"https:\/\/www.purejewels.com\/tr\/wp-json\/wp\/v2\/product"}],"about":[{"href":"https:\/\/www.purejewels.com\/tr\/wp-json\/wp\/v2\/types\/product"}],"replies":[{"embeddable":true,"href":"https:\/\/www.purejewels.com\/tr\/wp-json\/wp\/v2\/comments?post=343658"}],"version-history":[{"count":3,"href":"https:\/\/www.purejewels.com\/tr\/wp-json\/wp\/v2\/product\/343658\/revisions"}],"predecessor-version":[{"id":403511,"href":"https:\/\/www.purejewels.com\/tr\/wp-json\/wp\/v2\/product\/343658\/revisions\/403511"}],"wp:featuredmedia":[{"embeddable":true,"href":"https:\/\/www.purejewels.com\/tr\/wp-json\/wp\/v2\/media\/403510"}],"wp:attachment":[{"href":"https:\/\/www.purejewels.com\/tr\/wp-json\/wp\/v2\/media?parent=343658"}],"wp:term":[{"taxonomy":"product_brand","embeddable":true,"href":"https:\/\/www.purejewels.com\/tr\/wp-json\/wp\/v2\/product_brand?post=343658"},{"taxonomy":"product_cat","embeddable":true,"href":"https:\/\/www.purejewels.com\/tr\/wp-json\/wp\/v2\/product_cat?post=343658"},{"taxonomy":"product_tag","embeddable":true,"href":"https:\/\/www.purejewels.com\/tr\/wp-json\/wp\/v2\/product_tag?post=343658"}],"curies":[{"name":"wp","href":"https:\/\/api.w.org\/{rel}","templated":true}]}}