{"id":343662,"date":"2023-02-08T09:44:42","date_gmt":"2023-02-08T09:44:42","guid":{"rendered":"https:\/\/www.purejewels.com\/?post_type=product&#038;p=343662"},"modified":"2025-11-06T09:26:56","modified_gmt":"2025-11-06T09:26:56","slug":"bayanlar-icin-22-ayar-altin-duz-hizma-44037","status":"publish","type":"product","link":"https:\/\/www.purejewels.com\/tr\/product\/22ct-gold-plain-nose-ring-for-ladies-44037\/","title":{"rendered":"Bayanlar i\u00e7in 22 Ayar Alt\u0131n D\u00fcz Burun Y\u00fcz\u00fc\u011f\u00fc"},"content":{"rendered":"<p>Kad\u0131nlar i\u00e7in \u00f6zel olarak tasarlanm\u0131\u015f bu zarif 22 ayar alt\u0131n d\u00fcz h\u0131zma ile g\u00fcnl\u00fck g\u00f6r\u00fcn\u00fcm\u00fcn\u00fcz\u00fc zenginle\u015ftirin. Hassasiyet ve detaylara g\u00f6sterilen \u00f6zenle haz\u0131rlanan bu h\u0131zma, g\u00fcnl\u00fck kullan\u0131m i\u00e7in m\u00fckemmeldir ve her k\u0131yafete sofistike bir dokunu\u015f katacakt\u0131r. Klasik sar\u0131 alt\u0131n rengi t\u00fcm cilt tonlar\u0131n\u0131 tamamlar ve kombininize ince bir l\u00fcks dokunu\u015fu katar.<\/p>\n<p>Bu hafif h\u0131zma sadece 0,1 gram a\u011f\u0131rl\u0131\u011f\u0131ndad\u0131r ve g\u00fcn boyunca rahat\u00e7a tak\u0131labilir.<\/p>\n<p>Bulunabilirlik hakk\u0131nda herhangi bir sorunuz varsa veya bu saf alt\u0131n h\u0131zman\u0131n daha fazla g\u00f6rselini g\u00f6rmek istiyorsan\u0131z, m\u00fc\u015fteri hizmetleri ekibimiz size yard\u0131mc\u0131 olmaya haz\u0131rd\u0131r. Aksesuar koleksiyonunuzu zarafet ve stil yans\u0131tan bu zamans\u0131z m\u00fccevher par\u00e7as\u0131yla y\u00fckseltin.<\/p>","protected":false},"excerpt":{"rendered":"<table class=\"sh_desc\">\n<tbody>\n<tr>\n<td>Burun Pimi Tipi<\/td>\n<td>Sar\u0131 Alt\u0131n Burun Y\u00fcz\u00fc\u011f\u00fc<\/td>\n<\/tr>\n<tr>\n<td>SKU<\/td>\n<td>44037<\/td>\n<\/tr>\n<tr>\n<td>A\u011f\u0131rl\u0131k<\/td>\n<td>0.1 Gms<\/td>\n<\/tr>\n<tr>\n<td>Metal<\/td>\n<td>22 Ayar Alt\u0131n<\/td>\n<\/tr>\n<tr>\n<td>\u00dccretler<\/td>\n<td>Teslimat ve KDV Dahil<\/td>\n<\/tr>\n<tr>\n<td>Paketleme<\/td>\n<td>Sunum Kutusu ile Birlikte Gelir<\/td>\n<\/tr>\n<tr>\n<td>Daha Fazla Bilgi<\/td>\n<td>Saf Alt\u0131n Burun Y\u00fcz\u00fc\u011f\u00fc stok durumu ve daha fazla g\u00f6rsel i\u00e7in bizimle canl\u0131 sohbet edin<\/td>\n<\/tr>\n<\/tbody>\n<\/table>\n<p>&nbsp;<\/p>","protected":false},"featured_media":343678,"comment_status":"closed","ping_status":"closed","template":"","meta":{"_eb_attr":"","_crsspst_to_jayantr4sg-hostcom":false},"product_brand":[],"product_cat":[1712,5342,1463,5338],"product_tag":[],"class_list":{"0":"post-343662","1":"product","2":"type-product","3":"status-publish","4":"has-post-thumbnail","6":"product_cat-gold-nose-ring","7":"product_cat-jewellery-under-250","8":"product_cat-gold-nose-pins","9":"product_cat-shop-by-price","11":"first","12":"outofstock","13":"taxable","14":"shipping-taxable","15":"product-type-simple","16":"add-to-wishlist-before_image"},"yoast_head":"<!-- This site is optimized with the Yoast SEO plugin v27.3 - https:\/\/yoast.com\/product\/yoast-seo-wordpress\/ -->\n<title>Plain Ladies Nose Ring in 22ct gold for daily wear<\/title>\n<meta name=\"description\" content=\"This Plain Yellow Gold Ladies Nose Pin Ring in 22ct gold is easy to wear. Order online for free delivery at UK . | Online shop\" \/>\n<meta name=\"robots\" content=\"index, follow, max-snippet:-1, max-image-preview:large, max-video-preview:-1\" \/>\n<link rel=\"canonical\" href=\"https:\/\/www.purejewels.com\/tr\/urun\/bayanlar-icin-22-ayar-altin-duz-hizma-44037\/\" \/>\n<meta property=\"og:locale\" content=\"tr_TR\" \/>\n<meta property=\"og:type\" content=\"article\" \/>\n<meta property=\"og:title\" content=\"Plain Ladies Nose Ring in 22ct gold for daily wear\" \/>\n<meta property=\"og:description\" content=\"This Plain Yellow Gold Ladies Nose Pin Ring in 22ct gold is easy to wear. Order online for free delivery at UK . | Online shop\" \/>\n<meta property=\"og:url\" content=\"https:\/\/www.purejewels.com\/tr\/urun\/bayanlar-icin-22-ayar-altin-duz-hizma-44037\/\" \/>\n<meta property=\"og:site_name\" content=\"PureJewels UK\" \/>\n<meta property=\"article:modified_time\" content=\"2025-11-06T09:26:56+00:00\" \/>\n<meta property=\"og:image\" content=\"https:\/\/www.purejewels.com\/wp-content\/uploads\/2023\/02\/44037-1.jpg\" \/>\n\t<meta property=\"og:image:width\" content=\"1000\" \/>\n\t<meta property=\"og:image:height\" content=\"1000\" \/>\n\t<meta property=\"og:image:type\" content=\"image\/jpeg\" \/>\n<meta name=\"twitter:card\" content=\"summary_large_image\" \/>\n<meta name=\"twitter:label1\" content=\"Tahmini okuma s\u00fcresi\" \/>\n\t<meta name=\"twitter:data1\" content=\"1 dakika\" \/>\n<script type=\"application\/ld+json\" class=\"yoast-schema-graph\">{\"@context\":\"https:\\\/\\\/schema.org\",\"@graph\":[{\"@type\":[\"WebPage\",\"ItemPage\"],\"@id\":\"https:\\\/\\\/www.purejewels.com\\\/product\\\/22ct-gold-plain-nose-ring-for-ladies-44037\\\/\",\"url\":\"https:\\\/\\\/www.purejewels.com\\\/product\\\/22ct-gold-plain-nose-ring-for-ladies-44037\\\/\",\"name\":\"Plain Ladies Nose Ring in 22ct gold for daily wear\",\"isPartOf\":{\"@id\":\"https:\\\/\\\/www.purejewels.com\\\/#website\"},\"primaryImageOfPage\":{\"@id\":\"https:\\\/\\\/www.purejewels.com\\\/product\\\/22ct-gold-plain-nose-ring-for-ladies-44037\\\/#primaryimage\"},\"image\":{\"@id\":\"https:\\\/\\\/www.purejewels.com\\\/product\\\/22ct-gold-plain-nose-ring-for-ladies-44037\\\/#primaryimage\"},\"thumbnailUrl\":\"https:\\\/\\\/static.purejewels.com\\\/wp-content\\\/uploads\\\/2023\\\/02\\\/44037-1.jpg\",\"datePublished\":\"2023-02-08T09:44:42+00:00\",\"dateModified\":\"2025-11-06T09:26:56+00:00\",\"description\":\"This Plain Yellow Gold Ladies Nose Pin Ring in 22ct gold is easy to wear. Order online for free delivery at UK . | Online shop\",\"breadcrumb\":{\"@id\":\"https:\\\/\\\/www.purejewels.com\\\/product\\\/22ct-gold-plain-nose-ring-for-ladies-44037\\\/#breadcrumb\"},\"inLanguage\":\"tr\",\"potentialAction\":[{\"@type\":\"ReadAction\",\"target\":[\"https:\\\/\\\/www.purejewels.com\\\/product\\\/22ct-gold-plain-nose-ring-for-ladies-44037\\\/\"]}]},{\"@type\":\"ImageObject\",\"inLanguage\":\"tr\",\"@id\":\"https:\\\/\\\/www.purejewels.com\\\/product\\\/22ct-gold-plain-nose-ring-for-ladies-44037\\\/#primaryimage\",\"url\":\"https:\\\/\\\/static.purejewels.com\\\/wp-content\\\/uploads\\\/2023\\\/02\\\/44037-1.jpg\",\"contentUrl\":\"https:\\\/\\\/static.purejewels.com\\\/wp-content\\\/uploads\\\/2023\\\/02\\\/44037-1.jpg\",\"width\":1000,\"height\":1000,\"caption\":\"22ct Gold Plain Nose Ring for Ladies\"},{\"@type\":\"BreadcrumbList\",\"@id\":\"https:\\\/\\\/www.purejewels.com\\\/product\\\/22ct-gold-plain-nose-ring-for-ladies-44037\\\/#breadcrumb\",\"itemListElement\":[{\"@type\":\"ListItem\",\"position\":1,\"name\":\"Home\",\"item\":\"https:\\\/\\\/www.purejewels.com\\\/\"},{\"@type\":\"ListItem\",\"position\":2,\"name\":\"Shop\",\"item\":\"https:\\\/\\\/www.purejewels.com\\\/shop\\\/\"},{\"@type\":\"ListItem\",\"position\":3,\"name\":\"22ct Gold Plain Nose Ring for Ladies\"}]},{\"@type\":\"WebSite\",\"@id\":\"https:\\\/\\\/www.purejewels.com\\\/#website\",\"url\":\"https:\\\/\\\/www.purejewels.com\\\/\",\"name\":\"PureJewels UK\",\"description\":\"Share the Love\",\"publisher\":{\"@id\":\"https:\\\/\\\/www.purejewels.com\\\/#organization\"},\"potentialAction\":[{\"@type\":\"SearchAction\",\"target\":{\"@type\":\"EntryPoint\",\"urlTemplate\":\"https:\\\/\\\/www.purejewels.com\\\/?s={search_term_string}\"},\"query-input\":{\"@type\":\"PropertyValueSpecification\",\"valueRequired\":true,\"valueName\":\"search_term_string\"}}],\"inLanguage\":\"tr\"},{\"@type\":\"Organization\",\"@id\":\"https:\\\/\\\/www.purejewels.com\\\/#organization\",\"name\":\"PureJewels UK\",\"url\":\"https:\\\/\\\/www.purejewels.com\\\/\",\"logo\":{\"@type\":\"ImageObject\",\"inLanguage\":\"tr\",\"@id\":\"https:\\\/\\\/www.purejewels.com\\\/#\\\/schema\\\/logo\\\/image\\\/\",\"url\":\"https:\\\/\\\/static.purejewels.com\\\/wp-content\\\/uploads\\\/2020\\\/11\\\/Logo-PJ-New-1.png\",\"contentUrl\":\"https:\\\/\\\/static.purejewels.com\\\/wp-content\\\/uploads\\\/2020\\\/11\\\/Logo-PJ-New-1.png\",\"width\":150,\"height\":80,\"caption\":\"PureJewels UK\"},\"image\":{\"@id\":\"https:\\\/\\\/www.purejewels.com\\\/#\\\/schema\\\/logo\\\/image\\\/\"}}]}<\/script>\n<!-- \/ Yoast SEO plugin. -->","yoast_head_json":{"title":"G\u00fcnl\u00fck kullan\u0131m i\u00e7in 22 ayar alt\u0131ndan Sade Bayan Burun Y\u00fcz\u00fc\u011f\u00fc","description":"22 ayar alt\u0131ndan \u00fcretilen bu D\u00fcz Sar\u0131 Alt\u0131n Bayan Burun \u0130\u011fnesi Y\u00fcz\u00fc\u011f\u00fcn tak\u0131lmas\u0131 kolayd\u0131r. \u0130ngiltere'de \u00fccretsiz teslimat i\u00e7in online sipari\u015f verin. | Online ma\u011faza","robots":{"index":"index","follow":"follow","max-snippet":"max-snippet:-1","max-image-preview":"max-image-preview:large","max-video-preview":"max-video-preview:-1"},"canonical":"https:\/\/www.purejewels.com\/tr\/urun\/bayanlar-icin-22-ayar-altin-duz-hizma-44037\/","og_locale":"tr_TR","og_type":"article","og_title":"Plain Ladies Nose Ring in 22ct gold for daily wear","og_description":"This Plain Yellow Gold Ladies Nose Pin Ring in 22ct gold is easy to wear. Order online for free delivery at UK . | Online shop","og_url":"https:\/\/www.purejewels.com\/tr\/urun\/bayanlar-icin-22-ayar-altin-duz-hizma-44037\/","og_site_name":"PureJewels UK","article_modified_time":"2025-11-06T09:26:56+00:00","og_image":[{"width":1000,"height":1000,"url":"https:\/\/www.purejewels.com\/wp-content\/uploads\/2023\/02\/44037-1.jpg","type":"image\/jpeg"}],"twitter_card":"summary_large_image","twitter_misc":{"Tahmini okuma s\u00fcresi":"1 dakika"},"schema":{"@context":"https:\/\/schema.org","@graph":[{"@type":["WebPage","ItemPage"],"@id":"https:\/\/www.purejewels.com\/product\/22ct-gold-plain-nose-ring-for-ladies-44037\/","url":"https:\/\/www.purejewels.com\/product\/22ct-gold-plain-nose-ring-for-ladies-44037\/","name":"G\u00fcnl\u00fck kullan\u0131m i\u00e7in 22 ayar alt\u0131ndan Sade Bayan Burun Y\u00fcz\u00fc\u011f\u00fc","isPartOf":{"@id":"https:\/\/www.purejewels.com\/#website"},"primaryImageOfPage":{"@id":"https:\/\/www.purejewels.com\/product\/22ct-gold-plain-nose-ring-for-ladies-44037\/#primaryimage"},"image":{"@id":"https:\/\/www.purejewels.com\/product\/22ct-gold-plain-nose-ring-for-ladies-44037\/#primaryimage"},"thumbnailUrl":"https:\/\/static.purejewels.com\/wp-content\/uploads\/2023\/02\/44037-1.jpg","datePublished":"2023-02-08T09:44:42+00:00","dateModified":"2025-11-06T09:26:56+00:00","description":"22 ayar alt\u0131ndan \u00fcretilen bu D\u00fcz Sar\u0131 Alt\u0131n Bayan Burun \u0130\u011fnesi Y\u00fcz\u00fc\u011f\u00fcn tak\u0131lmas\u0131 kolayd\u0131r. \u0130ngiltere'de \u00fccretsiz teslimat i\u00e7in online sipari\u015f verin. | Online ma\u011faza","breadcrumb":{"@id":"https:\/\/www.purejewels.com\/product\/22ct-gold-plain-nose-ring-for-ladies-44037\/#breadcrumb"},"inLanguage":"tr","potentialAction":[{"@type":"ReadAction","target":["https:\/\/www.purejewels.com\/product\/22ct-gold-plain-nose-ring-for-ladies-44037\/"]}]},{"@type":"ImageObject","inLanguage":"tr","@id":"https:\/\/www.purejewels.com\/product\/22ct-gold-plain-nose-ring-for-ladies-44037\/#primaryimage","url":"https:\/\/static.purejewels.com\/wp-content\/uploads\/2023\/02\/44037-1.jpg","contentUrl":"https:\/\/static.purejewels.com\/wp-content\/uploads\/2023\/02\/44037-1.jpg","width":1000,"height":1000,"caption":"22ct Gold Plain Nose Ring for Ladies"},{"@type":"BreadcrumbList","@id":"https:\/\/www.purejewels.com\/product\/22ct-gold-plain-nose-ring-for-ladies-44037\/#breadcrumb","itemListElement":[{"@type":"ListItem","position":1,"name":"Home","item":"https:\/\/www.purejewels.com\/"},{"@type":"ListItem","position":2,"name":"Shop","item":"https:\/\/www.purejewels.com\/shop\/"},{"@type":"ListItem","position":3,"name":"22ct Gold Plain Nose Ring for Ladies"}]},{"@type":"WebSite","@id":"https:\/\/www.purejewels.com\/#website","url":"https:\/\/www.purejewels.com\/","name":"PureJewels \u0130ngiltere","description":"Sevgiyi Payla\u015f\u0131n","publisher":{"@id":"https:\/\/www.purejewels.com\/#organization"},"potentialAction":[{"@type":"SearchAction","target":{"@type":"EntryPoint","urlTemplate":"https:\/\/www.purejewels.com\/?s={search_term_string}"},"query-input":{"@type":"PropertyValueSpecification","valueRequired":true,"valueName":"search_term_string"}}],"inLanguage":"tr"},{"@type":"Organization","@id":"https:\/\/www.purejewels.com\/#organization","name":"PureJewels \u0130ngiltere","url":"https:\/\/www.purejewels.com\/","logo":{"@type":"ImageObject","inLanguage":"tr","@id":"https:\/\/www.purejewels.com\/#\/schema\/logo\/image\/","url":"https:\/\/static.purejewels.com\/wp-content\/uploads\/2020\/11\/Logo-PJ-New-1.png","contentUrl":"https:\/\/static.purejewels.com\/wp-content\/uploads\/2020\/11\/Logo-PJ-New-1.png","width":150,"height":80,"caption":"PureJewels UK"},"image":{"@id":"https:\/\/www.purejewels.com\/#\/schema\/logo\/image\/"}}]}},"_links":{"self":[{"href":"https:\/\/www.purejewels.com\/tr\/wp-json\/wp\/v2\/product\/343662","targetHints":{"allow":["GET"]}}],"collection":[{"href":"https:\/\/www.purejewels.com\/tr\/wp-json\/wp\/v2\/product"}],"about":[{"href":"https:\/\/www.purejewels.com\/tr\/wp-json\/wp\/v2\/types\/product"}],"replies":[{"embeddable":true,"href":"https:\/\/www.purejewels.com\/tr\/wp-json\/wp\/v2\/comments?post=343662"}],"version-history":[{"count":2,"href":"https:\/\/www.purejewels.com\/tr\/wp-json\/wp\/v2\/product\/343662\/revisions"}],"predecessor-version":[{"id":420377,"href":"https:\/\/www.purejewels.com\/tr\/wp-json\/wp\/v2\/product\/343662\/revisions\/420377"}],"wp:featuredmedia":[{"embeddable":true,"href":"https:\/\/www.purejewels.com\/tr\/wp-json\/wp\/v2\/media\/343678"}],"wp:attachment":[{"href":"https:\/\/www.purejewels.com\/tr\/wp-json\/wp\/v2\/media?parent=343662"}],"wp:term":[{"taxonomy":"product_brand","embeddable":true,"href":"https:\/\/www.purejewels.com\/tr\/wp-json\/wp\/v2\/product_brand?post=343662"},{"taxonomy":"product_cat","embeddable":true,"href":"https:\/\/www.purejewels.com\/tr\/wp-json\/wp\/v2\/product_cat?post=343662"},{"taxonomy":"product_tag","embeddable":true,"href":"https:\/\/www.purejewels.com\/tr\/wp-json\/wp\/v2\/product_tag?post=343662"}],"curies":[{"name":"wp","href":"https:\/\/api.w.org\/{rel}","templated":true}]}}