{"id":343667,"date":"2023-02-08T10:40:50","date_gmt":"2023-02-08T10:40:50","guid":{"rendered":"https:\/\/www.purejewels.com\/?post_type=product&#038;p=343667"},"modified":"2025-11-06T05:30:10","modified_gmt":"2025-11-06T05:30:10","slug":"22-ayar-altin-duz-elmas-kesim-burun-halkasi-44039","status":"publish","type":"product","link":"https:\/\/www.purejewels.com\/tr\/product\/22ct-gold-plain-diamond-cut-nose-ring-44039\/","title":{"rendered":"22 Ayar Alt\u0131n D\u00fcz P\u0131rlanta Kesim Burun Y\u00fcz\u00fc\u011f\u00fc"},"content":{"rendered":"<p>Koleksiyonunuza eklemek i\u00e7in klasik ve zarif bir burun y\u00fcz\u00fc\u011f\u00fc m\u00fc ar\u0131yorsunuz? Purejewels UK'deki \u00e7arp\u0131c\u0131 22 Ayar Alt\u0131n D\u00fcz P\u0131rlanta Kesimli Burun Y\u00fcz\u00fc\u011f\u00fcm\u00fczden ba\u015fkas\u0131na bakmay\u0131n. Y\u00fcksek kaliteli 22 ayar alt\u0131ndan \u00fcretilen bu h\u0131zma, g\u00fcnl\u00fck g\u00f6r\u00fcn\u00fcm\u00fcn\u00fcze l\u00fcks bir dokunu\u015f katmak i\u00e7in m\u00fckemmeldir.<\/p>\n<p>Sade ama \u015f\u0131k bir elmas kesim tasar\u0131ma sahip bu h\u0131zma, her k\u0131yafetle tak\u0131labilecek \u00e7ok y\u00f6nl\u00fc bir par\u00e7ad\u0131r. \u0130ster \u00f6zel bir g\u00fcn i\u00e7in giyiniyor olun, ister g\u00fcnl\u00fck stilinize ince bir cazibe dokunu\u015fu kat\u0131yor olun, bu h\u0131zman\u0131n dikkatleri \u00fczerine \u00e7ekece\u011fi kesin.<\/p>\n<p>Purejewels UK'de, t\u00fcm sipari\u015flerde \u00fccretsiz takipli teslimat\u0131n yan\u0131 s\u0131ra g\u00fcvenli \u00e7evrimi\u00e7i \u00f6demeler ve 15 g\u00fcnl\u00fck para iade garantisi sunuyoruz. Sat\u0131n ald\u0131\u011f\u0131n\u0131z \u00fcr\u00fcn\u00fcn g\u00fcvenli ve emniyetli bir \u015fekilde m\u00fccevher koleksiyonunuza eklenmeye haz\u0131r olarak elinize ula\u015faca\u011f\u0131na g\u00fcvenebilirsiniz.<\/p>\n<p>Bu \u00e7arp\u0131c\u0131 22 Ayar Alt\u0131n D\u00fcz P\u0131rlanta Kesim Burun Y\u00fcz\u00fc\u011f\u00fcn\u00fc ka\u00e7\u0131rmay\u0131n - bug\u00fcn sipari\u015finizi verin ve g\u00f6r\u00fcn\u00fcm\u00fcn\u00fcze l\u00fcks bir dokunu\u015f kat\u0131n.<\/p>","protected":false},"excerpt":{"rendered":"<table class=\"sh_desc\" style=\"width: 100%;\">\n<tbody>\n<tr>\n<td style=\"width: 26.3333%;\">Burun Halkas\u0131 Tipi<\/td>\n<td style=\"width: 73.5%;\">Sar\u0131 Alt\u0131n Burun Y\u00fcz\u00fc\u011f\u00fc<\/td>\n<\/tr>\n<tr>\n<td style=\"width: 26.3333%;\">SKU<\/td>\n<td style=\"width: 73.5%;\">44039<\/td>\n<\/tr>\n<tr>\n<td style=\"width: 26.3333%;\">A\u011f\u0131rl\u0131k<\/td>\n<td style=\"width: 73.5%;\">0.3 Gms<\/td>\n<\/tr>\n<tr>\n<td style=\"width: 26.3333%;\">Metal<\/td>\n<td style=\"width: 73.5%;\">22 Ayar Alt\u0131n<\/td>\n<\/tr>\n<tr>\n<td style=\"width: 26.3333%;\">\u00dccretler<\/td>\n<td style=\"width: 73.5%;\">Teslimat ve KDV Dahil<\/td>\n<\/tr>\n<tr>\n<td style=\"width: 26.3333%;\">Paketleme<\/td>\n<td style=\"width: 73.5%;\">Sunum Kutusu ile Birlikte Gelir<\/td>\n<\/tr>\n<tr>\n<td style=\"width: 26.3333%;\">Daha Fazla Bilgi<\/td>\n<td style=\"width: 73.5%;\">Saf Alt\u0131n Burun Y\u00fcz\u00fc\u011f\u00fc stok durumu ve daha fazla g\u00f6rsel i\u00e7in bizimle canl\u0131 sohbet edin<\/td>\n<\/tr>\n<\/tbody>\n<\/table>\n<p>&nbsp;<\/p>","protected":false},"featured_media":343676,"comment_status":"closed","ping_status":"closed","template":"","meta":{"_eb_attr":"","_crsspst_to_jayantr4sg-hostcom":false},"product_brand":[],"product_cat":[1712,5342,1463,5338],"product_tag":[],"class_list":{"0":"post-343667","1":"product","2":"type-product","3":"status-publish","4":"has-post-thumbnail","6":"product_cat-gold-nose-ring","7":"product_cat-jewellery-under-250","8":"product_cat-gold-nose-pins","9":"product_cat-shop-by-price","11":"first","12":"outofstock","13":"taxable","14":"shipping-taxable","15":"product-type-simple","16":"add-to-wishlist-before_image"},"yoast_head":"<!-- This site is optimized with the Yoast SEO plugin v27.3 - https:\/\/yoast.com\/product\/yoast-seo-wordpress\/ -->\n<title>22ct Gold Plain Diamond Cut Nose Ring at Purejewels UK<\/title>\n<meta name=\"description\" content=\"Browse Ladies Nose Ring 22ct Gold Plain Diamond Cut Nose Ring is easy to wear. Order online for free delivery at UK . | Online shop\" \/>\n<meta name=\"robots\" content=\"index, follow, max-snippet:-1, max-image-preview:large, max-video-preview:-1\" \/>\n<link rel=\"canonical\" href=\"https:\/\/www.purejewels.com\/tr\/urun\/22-ayar-altin-duz-elmas-kesim-burun-halkasi-44039\/\" \/>\n<meta property=\"og:locale\" content=\"tr_TR\" \/>\n<meta property=\"og:type\" content=\"article\" \/>\n<meta property=\"og:title\" content=\"22ct Gold Plain Diamond Cut Nose Ring at Purejewels UK\" \/>\n<meta property=\"og:description\" content=\"Browse Ladies Nose Ring 22ct Gold Plain Diamond Cut Nose Ring is easy to wear. Order online for free delivery at UK . | Online shop\" \/>\n<meta property=\"og:url\" content=\"https:\/\/www.purejewels.com\/tr\/urun\/22-ayar-altin-duz-elmas-kesim-burun-halkasi-44039\/\" \/>\n<meta property=\"og:site_name\" content=\"PureJewels UK\" \/>\n<meta property=\"article:modified_time\" content=\"2025-11-06T05:30:10+00:00\" \/>\n<meta property=\"og:image\" content=\"https:\/\/www.purejewels.com\/wp-content\/uploads\/2023\/02\/44039-1.jpg\" \/>\n\t<meta property=\"og:image:width\" content=\"1000\" \/>\n\t<meta property=\"og:image:height\" content=\"1000\" \/>\n\t<meta property=\"og:image:type\" content=\"image\/jpeg\" \/>\n<meta name=\"twitter:card\" content=\"summary_large_image\" \/>\n<meta name=\"twitter:label1\" content=\"Tahmini okuma s\u00fcresi\" \/>\n\t<meta name=\"twitter:data1\" content=\"1 dakika\" \/>\n<script type=\"application\/ld+json\" class=\"yoast-schema-graph\">{\"@context\":\"https:\\\/\\\/schema.org\",\"@graph\":[{\"@type\":[\"WebPage\",\"ItemPage\"],\"@id\":\"https:\\\/\\\/www.purejewels.com\\\/product\\\/22ct-gold-plain-diamond-cut-nose-ring-44039\\\/\",\"url\":\"https:\\\/\\\/www.purejewels.com\\\/product\\\/22ct-gold-plain-diamond-cut-nose-ring-44039\\\/\",\"name\":\"22ct Gold Plain Diamond Cut Nose Ring at Purejewels UK\",\"isPartOf\":{\"@id\":\"https:\\\/\\\/www.purejewels.com\\\/#website\"},\"primaryImageOfPage\":{\"@id\":\"https:\\\/\\\/www.purejewels.com\\\/product\\\/22ct-gold-plain-diamond-cut-nose-ring-44039\\\/#primaryimage\"},\"image\":{\"@id\":\"https:\\\/\\\/www.purejewels.com\\\/product\\\/22ct-gold-plain-diamond-cut-nose-ring-44039\\\/#primaryimage\"},\"thumbnailUrl\":\"https:\\\/\\\/static.purejewels.com\\\/wp-content\\\/uploads\\\/2023\\\/02\\\/44039-1.jpg\",\"datePublished\":\"2023-02-08T10:40:50+00:00\",\"dateModified\":\"2025-11-06T05:30:10+00:00\",\"description\":\"Browse Ladies Nose Ring 22ct Gold Plain Diamond Cut Nose Ring is easy to wear. Order online for free delivery at UK . | Online shop\",\"breadcrumb\":{\"@id\":\"https:\\\/\\\/www.purejewels.com\\\/product\\\/22ct-gold-plain-diamond-cut-nose-ring-44039\\\/#breadcrumb\"},\"inLanguage\":\"tr\",\"potentialAction\":[{\"@type\":\"ReadAction\",\"target\":[\"https:\\\/\\\/www.purejewels.com\\\/product\\\/22ct-gold-plain-diamond-cut-nose-ring-44039\\\/\"]}]},{\"@type\":\"ImageObject\",\"inLanguage\":\"tr\",\"@id\":\"https:\\\/\\\/www.purejewels.com\\\/product\\\/22ct-gold-plain-diamond-cut-nose-ring-44039\\\/#primaryimage\",\"url\":\"https:\\\/\\\/static.purejewels.com\\\/wp-content\\\/uploads\\\/2023\\\/02\\\/44039-1.jpg\",\"contentUrl\":\"https:\\\/\\\/static.purejewels.com\\\/wp-content\\\/uploads\\\/2023\\\/02\\\/44039-1.jpg\",\"width\":1000,\"height\":1000,\"caption\":\"22ct Gold Plain Diamond Cut Nose Ring\"},{\"@type\":\"BreadcrumbList\",\"@id\":\"https:\\\/\\\/www.purejewels.com\\\/product\\\/22ct-gold-plain-diamond-cut-nose-ring-44039\\\/#breadcrumb\",\"itemListElement\":[{\"@type\":\"ListItem\",\"position\":1,\"name\":\"Home\",\"item\":\"https:\\\/\\\/www.purejewels.com\\\/\"},{\"@type\":\"ListItem\",\"position\":2,\"name\":\"Shop\",\"item\":\"https:\\\/\\\/www.purejewels.com\\\/shop\\\/\"},{\"@type\":\"ListItem\",\"position\":3,\"name\":\"22ct Gold Plain Diamond Cut Nose Ring\"}]},{\"@type\":\"WebSite\",\"@id\":\"https:\\\/\\\/www.purejewels.com\\\/#website\",\"url\":\"https:\\\/\\\/www.purejewels.com\\\/\",\"name\":\"PureJewels UK\",\"description\":\"Share the Love\",\"publisher\":{\"@id\":\"https:\\\/\\\/www.purejewels.com\\\/#organization\"},\"potentialAction\":[{\"@type\":\"SearchAction\",\"target\":{\"@type\":\"EntryPoint\",\"urlTemplate\":\"https:\\\/\\\/www.purejewels.com\\\/?s={search_term_string}\"},\"query-input\":{\"@type\":\"PropertyValueSpecification\",\"valueRequired\":true,\"valueName\":\"search_term_string\"}}],\"inLanguage\":\"tr\"},{\"@type\":\"Organization\",\"@id\":\"https:\\\/\\\/www.purejewels.com\\\/#organization\",\"name\":\"PureJewels UK\",\"url\":\"https:\\\/\\\/www.purejewels.com\\\/\",\"logo\":{\"@type\":\"ImageObject\",\"inLanguage\":\"tr\",\"@id\":\"https:\\\/\\\/www.purejewels.com\\\/#\\\/schema\\\/logo\\\/image\\\/\",\"url\":\"https:\\\/\\\/static.purejewels.com\\\/wp-content\\\/uploads\\\/2020\\\/11\\\/Logo-PJ-New-1.png\",\"contentUrl\":\"https:\\\/\\\/static.purejewels.com\\\/wp-content\\\/uploads\\\/2020\\\/11\\\/Logo-PJ-New-1.png\",\"width\":150,\"height\":80,\"caption\":\"PureJewels UK\"},\"image\":{\"@id\":\"https:\\\/\\\/www.purejewels.com\\\/#\\\/schema\\\/logo\\\/image\\\/\"}}]}<\/script>\n<!-- \/ Yoast SEO plugin. -->","yoast_head_json":{"title":"Purejewels UK'de 22 Ayar Alt\u0131n D\u00fcz P\u0131rlanta Kesim Burun Y\u00fcz\u00fc\u011f\u00fc","description":"Bayan Burun Y\u00fcz\u00fc\u011f\u00fc 22 Ayar Alt\u0131n D\u00fcz P\u0131rlanta Kesim Burun Y\u00fcz\u00fc\u011f\u00fcn\u00fcn tak\u0131lmas\u0131 kolayd\u0131r. \u0130ngiltere'de \u00fccretsiz teslimat i\u00e7in online sipari\u015f verin. | Online ma\u011faza","robots":{"index":"index","follow":"follow","max-snippet":"max-snippet:-1","max-image-preview":"max-image-preview:large","max-video-preview":"max-video-preview:-1"},"canonical":"https:\/\/www.purejewels.com\/tr\/urun\/22-ayar-altin-duz-elmas-kesim-burun-halkasi-44039\/","og_locale":"tr_TR","og_type":"article","og_title":"22ct Gold Plain Diamond Cut Nose Ring at Purejewels UK","og_description":"Browse Ladies Nose Ring 22ct Gold Plain Diamond Cut Nose Ring is easy to wear. Order online for free delivery at UK . | Online shop","og_url":"https:\/\/www.purejewels.com\/tr\/urun\/22-ayar-altin-duz-elmas-kesim-burun-halkasi-44039\/","og_site_name":"PureJewels UK","article_modified_time":"2025-11-06T05:30:10+00:00","og_image":[{"width":1000,"height":1000,"url":"https:\/\/www.purejewels.com\/wp-content\/uploads\/2023\/02\/44039-1.jpg","type":"image\/jpeg"}],"twitter_card":"summary_large_image","twitter_misc":{"Tahmini okuma s\u00fcresi":"1 dakika"},"schema":{"@context":"https:\/\/schema.org","@graph":[{"@type":["WebPage","ItemPage"],"@id":"https:\/\/www.purejewels.com\/product\/22ct-gold-plain-diamond-cut-nose-ring-44039\/","url":"https:\/\/www.purejewels.com\/product\/22ct-gold-plain-diamond-cut-nose-ring-44039\/","name":"Purejewels UK'de 22 Ayar Alt\u0131n D\u00fcz P\u0131rlanta Kesim Burun Y\u00fcz\u00fc\u011f\u00fc","isPartOf":{"@id":"https:\/\/www.purejewels.com\/#website"},"primaryImageOfPage":{"@id":"https:\/\/www.purejewels.com\/product\/22ct-gold-plain-diamond-cut-nose-ring-44039\/#primaryimage"},"image":{"@id":"https:\/\/www.purejewels.com\/product\/22ct-gold-plain-diamond-cut-nose-ring-44039\/#primaryimage"},"thumbnailUrl":"https:\/\/static.purejewels.com\/wp-content\/uploads\/2023\/02\/44039-1.jpg","datePublished":"2023-02-08T10:40:50+00:00","dateModified":"2025-11-06T05:30:10+00:00","description":"Bayan Burun Y\u00fcz\u00fc\u011f\u00fc 22 Ayar Alt\u0131n D\u00fcz P\u0131rlanta Kesim Burun Y\u00fcz\u00fc\u011f\u00fcn\u00fcn tak\u0131lmas\u0131 kolayd\u0131r. \u0130ngiltere'de \u00fccretsiz teslimat i\u00e7in online sipari\u015f verin. | Online ma\u011faza","breadcrumb":{"@id":"https:\/\/www.purejewels.com\/product\/22ct-gold-plain-diamond-cut-nose-ring-44039\/#breadcrumb"},"inLanguage":"tr","potentialAction":[{"@type":"ReadAction","target":["https:\/\/www.purejewels.com\/product\/22ct-gold-plain-diamond-cut-nose-ring-44039\/"]}]},{"@type":"ImageObject","inLanguage":"tr","@id":"https:\/\/www.purejewels.com\/product\/22ct-gold-plain-diamond-cut-nose-ring-44039\/#primaryimage","url":"https:\/\/static.purejewels.com\/wp-content\/uploads\/2023\/02\/44039-1.jpg","contentUrl":"https:\/\/static.purejewels.com\/wp-content\/uploads\/2023\/02\/44039-1.jpg","width":1000,"height":1000,"caption":"22ct Gold Plain Diamond Cut Nose Ring"},{"@type":"BreadcrumbList","@id":"https:\/\/www.purejewels.com\/product\/22ct-gold-plain-diamond-cut-nose-ring-44039\/#breadcrumb","itemListElement":[{"@type":"ListItem","position":1,"name":"Home","item":"https:\/\/www.purejewels.com\/"},{"@type":"ListItem","position":2,"name":"Shop","item":"https:\/\/www.purejewels.com\/shop\/"},{"@type":"ListItem","position":3,"name":"22ct Gold Plain Diamond Cut Nose Ring"}]},{"@type":"WebSite","@id":"https:\/\/www.purejewels.com\/#website","url":"https:\/\/www.purejewels.com\/","name":"PureJewels \u0130ngiltere","description":"Sevgiyi Payla\u015f\u0131n","publisher":{"@id":"https:\/\/www.purejewels.com\/#organization"},"potentialAction":[{"@type":"SearchAction","target":{"@type":"EntryPoint","urlTemplate":"https:\/\/www.purejewels.com\/?s={search_term_string}"},"query-input":{"@type":"PropertyValueSpecification","valueRequired":true,"valueName":"search_term_string"}}],"inLanguage":"tr"},{"@type":"Organization","@id":"https:\/\/www.purejewels.com\/#organization","name":"PureJewels \u0130ngiltere","url":"https:\/\/www.purejewels.com\/","logo":{"@type":"ImageObject","inLanguage":"tr","@id":"https:\/\/www.purejewels.com\/#\/schema\/logo\/image\/","url":"https:\/\/static.purejewels.com\/wp-content\/uploads\/2020\/11\/Logo-PJ-New-1.png","contentUrl":"https:\/\/static.purejewels.com\/wp-content\/uploads\/2020\/11\/Logo-PJ-New-1.png","width":150,"height":80,"caption":"PureJewels UK"},"image":{"@id":"https:\/\/www.purejewels.com\/#\/schema\/logo\/image\/"}}]}},"_links":{"self":[{"href":"https:\/\/www.purejewels.com\/tr\/wp-json\/wp\/v2\/product\/343667","targetHints":{"allow":["GET"]}}],"collection":[{"href":"https:\/\/www.purejewels.com\/tr\/wp-json\/wp\/v2\/product"}],"about":[{"href":"https:\/\/www.purejewels.com\/tr\/wp-json\/wp\/v2\/types\/product"}],"replies":[{"embeddable":true,"href":"https:\/\/www.purejewels.com\/tr\/wp-json\/wp\/v2\/comments?post=343667"}],"version-history":[{"count":1,"href":"https:\/\/www.purejewels.com\/tr\/wp-json\/wp\/v2\/product\/343667\/revisions"}],"predecessor-version":[{"id":420285,"href":"https:\/\/www.purejewels.com\/tr\/wp-json\/wp\/v2\/product\/343667\/revisions\/420285"}],"wp:featuredmedia":[{"embeddable":true,"href":"https:\/\/www.purejewels.com\/tr\/wp-json\/wp\/v2\/media\/343676"}],"wp:attachment":[{"href":"https:\/\/www.purejewels.com\/tr\/wp-json\/wp\/v2\/media?parent=343667"}],"wp:term":[{"taxonomy":"product_brand","embeddable":true,"href":"https:\/\/www.purejewels.com\/tr\/wp-json\/wp\/v2\/product_brand?post=343667"},{"taxonomy":"product_cat","embeddable":true,"href":"https:\/\/www.purejewels.com\/tr\/wp-json\/wp\/v2\/product_cat?post=343667"},{"taxonomy":"product_tag","embeddable":true,"href":"https:\/\/www.purejewels.com\/tr\/wp-json\/wp\/v2\/product_tag?post=343667"}],"curies":[{"name":"wp","href":"https:\/\/api.w.org\/{rel}","templated":true}]}}