{"id":343702,"date":"2025-09-24T02:02:59","date_gmt":"2025-09-24T01:02:59","guid":{"rendered":"https:\/\/www.purejewels.com\/?post_type=product&#038;p=343702"},"modified":"2026-04-20T12:15:36","modified_gmt":"2026-04-20T11:15:36","slug":"22-ayar-altin-siyah-boncuk-mangalsura-bileklik-rozet-koleksiyonu-47437","status":"publish","type":"product","link":"https:\/\/www.purejewels.com\/tr\/product\/22ct-gold-black-bead-mangalsura-bracelet-rosette-collection-47437\/","title":{"rendered":"22 Ayar Alt\u0131n Siyah Cam Boncuklu Bileklik | 7 \u0130n\u00e7"},"content":{"rendered":"<h3 data-start=\"906\" data-end=\"930\"><strong data-start=\"910\" data-end=\"928\">Tasar\u0131m Konsepti<\/strong><\/h3>\n<p data-start=\"931\" data-end=\"1294\">I\u015f\u0131k ve g\u00f6lgenin do\u011fal etkile\u015fiminden ilham alan bu par\u00e7a, Rosettes Koleksiyonu'nun kendine \u00f6zg\u00fc narin form ve zengin sembolizm kar\u0131\u015f\u0131m\u0131n\u0131 yans\u0131t\u0131yor. Koyu renkli, parlak boncuklar gizem ve derinli\u011fi temsil ederken, alt\u0131n unsurlar s\u0131cakl\u0131k ve safl\u0131k sunuyor. Birlikte, k\u00f6kleri mirasa dayanan ancak g\u00fcn\u00fcm\u00fcz i\u00e7in \u015fekillendirilmi\u015f bir kontrast, denge ve g\u00fczellik hikayesi anlat\u0131yorlar.<\/p>\n<h3 data-start=\"1301\" data-end=\"1324\"><strong data-start=\"1305\" data-end=\"1322\">Zanaatkarl\u0131k<\/strong><\/h3>\n<p data-start=\"1325\" data-end=\"1676\">Her bir cam boncuk tek tek el i\u015f\u00e7ili\u011fiyle \u00fcretilmi\u015f, m\u00fckemmel bir \u015fekilde parlat\u0131lm\u0131\u015f ve y\u00fcksek safl\u0131kta 22 ayar alt\u0131n aksanlarla s\u00fcslenmi\u015ftir. Par\u00e7a, Londra Assay Ofisi taraf\u0131ndan damgalanarak orijinalli\u011fi ve alt\u0131n standard\u0131 onaylanm\u0131\u015ft\u0131r. Hafif ve zarif bu bileklik, PureJewels'in zanaatk\u00e2r inceli\u011fi ve k\u00fclt\u00fcrel zarafete olan ba\u011fl\u0131l\u0131\u011f\u0131n\u0131n bir kan\u0131t\u0131d\u0131r.<\/p>\n<h3 data-start=\"1683\" data-end=\"1706\"><strong data-start=\"1687\" data-end=\"1704\">Stil Fikirleri<\/strong><\/h3>\n<ul>\n<li data-start=\"1709\" data-end=\"1798\">Hem bat\u0131 hem de geleneksel k\u0131yafetlerle abart\u0131s\u0131z ama \u015f\u0131k bir g\u00f6r\u00fcn\u00fcm i\u00e7in tek ba\u015f\u0131na giyin<\/li>\n<li data-start=\"1801\" data-end=\"1882\">Modern, katmanl\u0131 bir stil i\u00e7in di\u011fer alt\u0131n bileziklerle veya ince bileziklerle istifleyin<\/li>\n<li data-start=\"1885\" data-end=\"1967\">Tek renkli veya m\u00fccevher tonlu k\u0131yafetleri zahmetsiz bir sofistikelikle tamamlar<\/li>\n<li data-start=\"1970\" data-end=\"2050\">Brunch'tan siyah kravata kadar g\u00fcnd\u00fczden ak\u015fama ge\u00e7i\u015fler i\u00e7in g\u00fczel bir uyum<\/li>\n<\/ul>","protected":false},"excerpt":{"rendered":"<table class=\"sh_desc\">\n<tbody>\n<tr>\n<td>Bilezik T\u00fcr\u00fc<\/td>\n<td>Kad\u0131n Bileklik<\/td>\n<\/tr>\n<tr>\n<td>SKU<\/td>\n<td>55476, 55477<\/td>\n<\/tr>\n<tr>\n<td>Br\u00fct A\u011f\u0131rl\u0131k<\/td>\n<td>2.77 Gms<\/td>\n<\/tr>\n<tr>\n<td>Net A\u011f\u0131rl\u0131k<\/td>\n<td>2.39 Gms<\/td>\n<\/tr>\n<tr>\n<td>Uzunluk<\/td>\n<td>7 \u0130n\u00e7<\/td>\n<\/tr>\n<tr>\n<td>Geni\u015flik<\/td>\n<td>5 mm<\/td>\n<\/tr>\n<tr>\n<td>Koleksiyon<\/td>\n<td><strong>Rozet Koleksiyonu<\/strong><\/td>\n<\/tr>\n<tr>\n<td>Hallmark<\/td>\n<td>Londra Tahlil Ofisi Taraf\u0131ndan Damgalanm\u0131\u015f 22 Ayar Alt\u0131n<\/td>\n<\/tr>\n<tr>\n<td>\u00dccretler<\/td>\n<td>Teslimat ve KDV Dahil<\/td>\n<\/tr>\n<tr>\n<td>Paketleme<\/td>\n<td>Sunum Kutusu ile Birlikte Gelir<\/td>\n<\/tr>\n<tr>\n<td>Daha Fazla Bilgi<\/td>\n<td>Alt\u0131n Bileklik stok durumu ve daha fazla g\u00f6rsel i\u00e7in bizimle canl\u0131 sohbet edin<\/td>\n<\/tr>\n<\/tbody>\n<\/table>","protected":false},"featured_media":364374,"comment_status":"closed","ping_status":"closed","template":"","meta":{"_eb_attr":"","_crsspst_to_jayantr4sg-hostcom":false},"product_brand":[],"product_cat":[1791,5441,1559,1790,1324,1229,5586,1656,1573,1574],"product_tag":[],"class_list":{"0":"post-343702","1":"product","2":"type-product","3":"status-publish","4":"has-post-thumbnail","6":"product_cat-anniversary-gifts","7":"product_cat-gold-bead-bracelets","8":"product_cat-birthday-gifts","9":"product_cat-for-whom-when","10":"product_cat-gold-bracelet","11":"product_cat-22ct-gold-jewellery","12":"product_cat-rosette-bracelet","13":"product_cat-rosettes-collections","14":"product_cat-wedding-gifts","15":"product_cat-womens-jewellery","17":"first","18":"instock","19":"taxable","20":"shipping-taxable","21":"purchasable","22":"product-type-simple","23":"add-to-wishlist-before_image"},"yoast_head":"<!-- This site is optimized with the Yoast SEO plugin v27.5 - https:\/\/yoast.com\/product\/yoast-seo-wordpress\/ -->\n<title>22ct Gold Black Bead Mangalsura Bracelet online at UK<\/title>\n<meta name=\"description\" content=\"Experience the allure of the Rosette Collection&#039;s 22ct Gold Black Bead women Mangalsura Bracelet, a stunning addition to your jewelry collection.\" \/>\n<meta name=\"robots\" content=\"index, follow, max-snippet:-1, max-image-preview:large, max-video-preview:-1\" \/>\n<link rel=\"canonical\" href=\"https:\/\/www.purejewels.com\/tr\/urun\/22-ayar-altin-siyah-boncuk-mangalsura-bileklik-rozet-koleksiyonu-47437\/\" \/>\n<meta property=\"og:locale\" content=\"tr_TR\" \/>\n<meta property=\"og:type\" content=\"article\" \/>\n<meta property=\"og:title\" content=\"22ct Gold Black Bead Mangalsura Bracelet online at UK\" \/>\n<meta property=\"og:description\" content=\"Experience the allure of the Rosette Collection&#039;s 22ct Gold Black Bead women Mangalsura Bracelet, a stunning addition to your jewelry collection.\" \/>\n<meta property=\"og:url\" content=\"https:\/\/www.purejewels.com\/tr\/urun\/22-ayar-altin-siyah-boncuk-mangalsura-bileklik-rozet-koleksiyonu-47437\/\" \/>\n<meta property=\"og:site_name\" content=\"PureJewels UK\" \/>\n<meta property=\"article:modified_time\" content=\"2026-04-20T11:15:36+00:00\" \/>\n<meta property=\"og:image\" content=\"https:\/\/static.purejewels.com\/wp-content\/uploads\/2024\/01\/47437.png\" \/>\n\t<meta property=\"og:image:width\" content=\"1000\" \/>\n\t<meta property=\"og:image:height\" content=\"1000\" \/>\n\t<meta property=\"og:image:type\" content=\"image\/png\" \/>\n<meta name=\"twitter:card\" content=\"summary_large_image\" \/>\n<meta name=\"twitter:label1\" content=\"Tahmini okuma s\u00fcresi\" \/>\n\t<meta name=\"twitter:data1\" content=\"1 dakika\" \/>\n<script type=\"application\/ld+json\" class=\"yoast-schema-graph\">{\"@context\":\"https:\\\/\\\/schema.org\",\"@graph\":[{\"@type\":[\"WebPage\",\"ItemPage\"],\"@id\":\"https:\\\/\\\/www.purejewels.com\\\/product\\\/22ct-gold-black-bead-mangalsura-bracelet-rosette-collection-47437\\\/\",\"url\":\"https:\\\/\\\/www.purejewels.com\\\/product\\\/22ct-gold-black-bead-mangalsura-bracelet-rosette-collection-47437\\\/\",\"name\":\"22ct Gold Black Bead Mangalsura Bracelet online at UK\",\"isPartOf\":{\"@id\":\"https:\\\/\\\/www.purejewels.com\\\/#website\"},\"primaryImageOfPage\":{\"@id\":\"https:\\\/\\\/www.purejewels.com\\\/product\\\/22ct-gold-black-bead-mangalsura-bracelet-rosette-collection-47437\\\/#primaryimage\"},\"image\":{\"@id\":\"https:\\\/\\\/www.purejewels.com\\\/product\\\/22ct-gold-black-bead-mangalsura-bracelet-rosette-collection-47437\\\/#primaryimage\"},\"thumbnailUrl\":\"https:\\\/\\\/static.purejewels.com\\\/wp-content\\\/uploads\\\/2024\\\/01\\\/47437.png\",\"datePublished\":\"2025-09-24T01:02:59+00:00\",\"dateModified\":\"2026-04-20T11:15:36+00:00\",\"description\":\"Experience the allure of the Rosette Collection's 22ct Gold Black Bead women Mangalsura Bracelet, a stunning addition to your jewelry collection.\",\"breadcrumb\":{\"@id\":\"https:\\\/\\\/www.purejewels.com\\\/product\\\/22ct-gold-black-bead-mangalsura-bracelet-rosette-collection-47437\\\/#breadcrumb\"},\"inLanguage\":\"tr\",\"potentialAction\":[{\"@type\":\"ReadAction\",\"target\":[\"https:\\\/\\\/www.purejewels.com\\\/product\\\/22ct-gold-black-bead-mangalsura-bracelet-rosette-collection-47437\\\/\"]}]},{\"@type\":\"ImageObject\",\"inLanguage\":\"tr\",\"@id\":\"https:\\\/\\\/www.purejewels.com\\\/product\\\/22ct-gold-black-bead-mangalsura-bracelet-rosette-collection-47437\\\/#primaryimage\",\"url\":\"https:\\\/\\\/static.purejewels.com\\\/wp-content\\\/uploads\\\/2024\\\/01\\\/47437.png\",\"contentUrl\":\"https:\\\/\\\/static.purejewels.com\\\/wp-content\\\/uploads\\\/2024\\\/01\\\/47437.png\",\"width\":1000,\"height\":1000,\"caption\":\"22ct Gold Bracelet\"},{\"@type\":\"BreadcrumbList\",\"@id\":\"https:\\\/\\\/www.purejewels.com\\\/product\\\/22ct-gold-black-bead-mangalsura-bracelet-rosette-collection-47437\\\/#breadcrumb\",\"itemListElement\":[{\"@type\":\"ListItem\",\"position\":1,\"name\":\"Home\",\"item\":\"https:\\\/\\\/www.purejewels.com\\\/\"},{\"@type\":\"ListItem\",\"position\":2,\"name\":\"Shop\",\"item\":\"https:\\\/\\\/www.purejewels.com\\\/shop\\\/\"},{\"@type\":\"ListItem\",\"position\":3,\"name\":\"22ct Gold Black Glass Bead Bracelet | 7 Inches\"}]},{\"@type\":\"WebSite\",\"@id\":\"https:\\\/\\\/www.purejewels.com\\\/#website\",\"url\":\"https:\\\/\\\/www.purejewels.com\\\/\",\"name\":\"PureJewels UK\",\"description\":\"Share the Love\",\"publisher\":{\"@id\":\"https:\\\/\\\/www.purejewels.com\\\/#organization\"},\"potentialAction\":[{\"@type\":\"SearchAction\",\"target\":{\"@type\":\"EntryPoint\",\"urlTemplate\":\"https:\\\/\\\/www.purejewels.com\\\/?s={search_term_string}\"},\"query-input\":{\"@type\":\"PropertyValueSpecification\",\"valueRequired\":true,\"valueName\":\"search_term_string\"}}],\"inLanguage\":\"tr\"},{\"@type\":\"Organization\",\"@id\":\"https:\\\/\\\/www.purejewels.com\\\/#organization\",\"name\":\"PureJewels UK\",\"url\":\"https:\\\/\\\/www.purejewels.com\\\/\",\"logo\":{\"@type\":\"ImageObject\",\"inLanguage\":\"tr\",\"@id\":\"https:\\\/\\\/www.purejewels.com\\\/#\\\/schema\\\/logo\\\/image\\\/\",\"url\":\"https:\\\/\\\/static.purejewels.com\\\/wp-content\\\/uploads\\\/2020\\\/11\\\/Logo-PJ-New-1.png\",\"contentUrl\":\"https:\\\/\\\/static.purejewels.com\\\/wp-content\\\/uploads\\\/2020\\\/11\\\/Logo-PJ-New-1.png\",\"width\":150,\"height\":80,\"caption\":\"PureJewels UK\"},\"image\":{\"@id\":\"https:\\\/\\\/www.purejewels.com\\\/#\\\/schema\\\/logo\\\/image\\\/\"}}]}<\/script>\n<!-- \/ Yoast SEO plugin. -->","yoast_head_json":{"title":"22 Ayar Alt\u0131n Siyah Boncuklu Mangalsura Bileklik \u0130ngiltere'de online","description":"M\u00fccevher koleksiyonunuza \u00e7arp\u0131c\u0131 bir ekleme olan Rosette Collection'\u0131n 22 ayar alt\u0131n siyah boncuklu kad\u0131n Mangalsura bilezi\u011finin cazibesini ya\u015fay\u0131n.","robots":{"index":"index","follow":"follow","max-snippet":"max-snippet:-1","max-image-preview":"max-image-preview:large","max-video-preview":"max-video-preview:-1"},"canonical":"https:\/\/www.purejewels.com\/tr\/urun\/22-ayar-altin-siyah-boncuk-mangalsura-bileklik-rozet-koleksiyonu-47437\/","og_locale":"tr_TR","og_type":"article","og_title":"22ct Gold Black Bead Mangalsura Bracelet online at UK","og_description":"Experience the allure of the Rosette Collection's 22ct Gold Black Bead women Mangalsura Bracelet, a stunning addition to your jewelry collection.","og_url":"https:\/\/www.purejewels.com\/tr\/urun\/22-ayar-altin-siyah-boncuk-mangalsura-bileklik-rozet-koleksiyonu-47437\/","og_site_name":"PureJewels UK","article_modified_time":"2026-04-20T11:15:36+00:00","og_image":[{"width":1000,"height":1000,"url":"https:\/\/static.purejewels.com\/wp-content\/uploads\/2024\/01\/47437.png","type":"image\/png"}],"twitter_card":"summary_large_image","twitter_misc":{"Tahmini okuma s\u00fcresi":"1 dakika"},"schema":{"@context":"https:\/\/schema.org","@graph":[{"@type":["WebPage","ItemPage"],"@id":"https:\/\/www.purejewels.com\/product\/22ct-gold-black-bead-mangalsura-bracelet-rosette-collection-47437\/","url":"https:\/\/www.purejewels.com\/product\/22ct-gold-black-bead-mangalsura-bracelet-rosette-collection-47437\/","name":"22 Ayar Alt\u0131n Siyah Boncuklu Mangalsura Bileklik \u0130ngiltere'de online","isPartOf":{"@id":"https:\/\/www.purejewels.com\/#website"},"primaryImageOfPage":{"@id":"https:\/\/www.purejewels.com\/product\/22ct-gold-black-bead-mangalsura-bracelet-rosette-collection-47437\/#primaryimage"},"image":{"@id":"https:\/\/www.purejewels.com\/product\/22ct-gold-black-bead-mangalsura-bracelet-rosette-collection-47437\/#primaryimage"},"thumbnailUrl":"https:\/\/static.purejewels.com\/wp-content\/uploads\/2024\/01\/47437.png","datePublished":"2025-09-24T01:02:59+00:00","dateModified":"2026-04-20T11:15:36+00:00","description":"M\u00fccevher koleksiyonunuza \u00e7arp\u0131c\u0131 bir ekleme olan Rosette Collection'\u0131n 22 ayar alt\u0131n siyah boncuklu kad\u0131n Mangalsura bilezi\u011finin cazibesini ya\u015fay\u0131n.","breadcrumb":{"@id":"https:\/\/www.purejewels.com\/product\/22ct-gold-black-bead-mangalsura-bracelet-rosette-collection-47437\/#breadcrumb"},"inLanguage":"tr","potentialAction":[{"@type":"ReadAction","target":["https:\/\/www.purejewels.com\/product\/22ct-gold-black-bead-mangalsura-bracelet-rosette-collection-47437\/"]}]},{"@type":"ImageObject","inLanguage":"tr","@id":"https:\/\/www.purejewels.com\/product\/22ct-gold-black-bead-mangalsura-bracelet-rosette-collection-47437\/#primaryimage","url":"https:\/\/static.purejewels.com\/wp-content\/uploads\/2024\/01\/47437.png","contentUrl":"https:\/\/static.purejewels.com\/wp-content\/uploads\/2024\/01\/47437.png","width":1000,"height":1000,"caption":"22ct Gold Bracelet"},{"@type":"BreadcrumbList","@id":"https:\/\/www.purejewels.com\/product\/22ct-gold-black-bead-mangalsura-bracelet-rosette-collection-47437\/#breadcrumb","itemListElement":[{"@type":"ListItem","position":1,"name":"Home","item":"https:\/\/www.purejewels.com\/"},{"@type":"ListItem","position":2,"name":"Shop","item":"https:\/\/www.purejewels.com\/shop\/"},{"@type":"ListItem","position":3,"name":"22ct Gold Black Glass Bead Bracelet | 7 Inches"}]},{"@type":"WebSite","@id":"https:\/\/www.purejewels.com\/#website","url":"https:\/\/www.purejewels.com\/","name":"PureJewels \u0130ngiltere","description":"Sevgiyi Payla\u015f\u0131n","publisher":{"@id":"https:\/\/www.purejewels.com\/#organization"},"potentialAction":[{"@type":"SearchAction","target":{"@type":"EntryPoint","urlTemplate":"https:\/\/www.purejewels.com\/?s={search_term_string}"},"query-input":{"@type":"PropertyValueSpecification","valueRequired":true,"valueName":"search_term_string"}}],"inLanguage":"tr"},{"@type":"Organization","@id":"https:\/\/www.purejewels.com\/#organization","name":"PureJewels \u0130ngiltere","url":"https:\/\/www.purejewels.com\/","logo":{"@type":"ImageObject","inLanguage":"tr","@id":"https:\/\/www.purejewels.com\/#\/schema\/logo\/image\/","url":"https:\/\/static.purejewels.com\/wp-content\/uploads\/2020\/11\/Logo-PJ-New-1.png","contentUrl":"https:\/\/static.purejewels.com\/wp-content\/uploads\/2020\/11\/Logo-PJ-New-1.png","width":150,"height":80,"caption":"PureJewels UK"},"image":{"@id":"https:\/\/www.purejewels.com\/#\/schema\/logo\/image\/"}}]}},"_links":{"self":[{"href":"https:\/\/www.purejewels.com\/tr\/wp-json\/wp\/v2\/product\/343702","targetHints":{"allow":["GET"]}}],"collection":[{"href":"https:\/\/www.purejewels.com\/tr\/wp-json\/wp\/v2\/product"}],"about":[{"href":"https:\/\/www.purejewels.com\/tr\/wp-json\/wp\/v2\/types\/product"}],"replies":[{"embeddable":true,"href":"https:\/\/www.purejewels.com\/tr\/wp-json\/wp\/v2\/comments?post=343702"}],"version-history":[{"count":3,"href":"https:\/\/www.purejewels.com\/tr\/wp-json\/wp\/v2\/product\/343702\/revisions"}],"predecessor-version":[{"id":428788,"href":"https:\/\/www.purejewels.com\/tr\/wp-json\/wp\/v2\/product\/343702\/revisions\/428788"}],"wp:featuredmedia":[{"embeddable":true,"href":"https:\/\/www.purejewels.com\/tr\/wp-json\/wp\/v2\/media\/364374"}],"wp:attachment":[{"href":"https:\/\/www.purejewels.com\/tr\/wp-json\/wp\/v2\/media?parent=343702"}],"wp:term":[{"taxonomy":"product_brand","embeddable":true,"href":"https:\/\/www.purejewels.com\/tr\/wp-json\/wp\/v2\/product_brand?post=343702"},{"taxonomy":"product_cat","embeddable":true,"href":"https:\/\/www.purejewels.com\/tr\/wp-json\/wp\/v2\/product_cat?post=343702"},{"taxonomy":"product_tag","embeddable":true,"href":"https:\/\/www.purejewels.com\/tr\/wp-json\/wp\/v2\/product_tag?post=343702"}],"curies":[{"name":"wp","href":"https:\/\/api.w.org\/{rel}","templated":true}]}}