{"id":343705,"date":"2024-08-27T10:11:18","date_gmt":"2024-08-27T09:11:18","guid":{"rendered":"https:\/\/www.purejewels.com\/?post_type=product&#038;p=343705"},"modified":"2026-05-11T10:08:26","modified_gmt":"2026-05-11T09:08:26","slug":"22-ayar-altin-luks-ejderha-zinciri-20-inc-52911","status":"publish","type":"product","link":"https:\/\/www.purejewels.com\/tr\/product\/22ct-gold-luxury-dragon-chain-20-inch-52911\/","title":{"rendered":"22 Ayar Alt\u0131n L\u00fcks Ejderha Zinciri | 20 \u0130n\u00e7"},"content":{"rendered":"<p>Alt\u0131n\u0131m\u0131z\u0131n nesini seviyoruz <a href=\"https:\/\/www.purejewels.com\/tr\/product-category\/22ct-gold-jewellery\/gold-chains\/dragon-chain\/\">ejderha zinciri<\/a> ba\u015ftan sona ince bir \u015fekilde birbirine ba\u011flanmas\u0131d\u0131r. Karma\u015f\u0131k detaylar alt\u0131n\u0131n cazibesine katk\u0131da bulunur. Zincirlerimiz 22 ayar alt\u0131ndan yap\u0131lm\u0131\u015ft\u0131r. \u0130lham\u0131n\u0131 ada\u015f\u0131 olan bir ejderhadan al\u0131r. Birbirine ba\u011flama, bir ejderhan\u0131n v\u00fccudunda bulunan pullar\u0131n mekanizmas\u0131ndan esinlenmi\u015ftir. Birbirine ba\u011flama g\u00fc\u00e7l\u00fc ve p\u00fcr\u00fczs\u00fczd\u00fcr, bu da onu g\u00fcnl\u00fck kullan\u0131m i\u00e7in dayan\u0131kl\u0131 ve rahat hale getirir.<\/p>\n<p>Ejderha zinciri \u00e7e\u015fitli uzunluklarda mevcuttur. B\u00f6ylece birini tek ba\u015f\u0131na takabilir veya katmanl\u0131 bir g\u00f6r\u00fcn\u00fcm olu\u015fturmak i\u00e7in ba\u015fka bir ejderha zinciriyle e\u015fle\u015ftirebilirsiniz.<\/p>","protected":false},"excerpt":{"rendered":"<p>G\u00fc\u00e7 ve zarafetin bir ifadesi olan bu <strong data-start=\"159\" data-end=\"185\">22 Ayar Alt\u0131n Ejderha Zinciri<\/strong> a\u011f\u0131rl\u0131\u011f\u0131nda <strong data-start=\"193\" data-end=\"207\">15.0 gram<\/strong> ve yay\u0131l\u0131r <strong data-start=\"218\" data-end=\"231\">20 in\u00e7<\/strong>. Karma\u015f\u0131k, \u00f6l\u00e7eklerden ilham alan ba\u011flant\u0131lar\u0131 antik sanat\u00e7\u0131l\u0131\u011f\u0131 yans\u0131t\u0131r; g\u00fc\u00e7 ve duru\u015fla akmak i\u00e7in \u00fcretilmi\u015ftir. Tamamen damgal\u0131 ve zengin bir karaktere sahip olan bu \u00fcr\u00fcn, miras\u0131n\u0131 g\u00fcvenle ta\u015f\u0131yanlar i\u00e7in \u00fcretilmi\u015ftir.<\/p>\n<p><strong>SKU:<\/strong> 52911<br \/>\n<strong>Metal:<\/strong> 22 Ayar Alt\u0131n (92,6% saf)<br \/>\n<strong>Uzunluk:<\/strong> 20 in\u00e7<br \/>\n<strong>A\u011f\u0131rl\u0131k:<\/strong> 15.00 gram<br \/>\n<strong data-start=\"42\" data-end=\"57\">Toka tipi:<\/strong> Istakoz toka<br \/>\n<strong>Hallmark:<\/strong>\u00a0\u0130ngiltere Tahlil Ofisi Taraf\u0131ndan Damgalanm\u0131\u015f 22 Ayar Alt\u0131n<br \/>\n<strong>Su\u00e7lamalar:<\/strong>\u00a0Teslimat ve KDV Dahil<\/p>","protected":false},"featured_media":327596,"comment_status":"closed","ping_status":"closed","template":"","meta":{"_eb_attr":"","_crsspst_to_jayantr4sg-hostcom":true},"product_brand":[],"product_cat":[5015,5018,5264,6164,5584,1475,1773,1572,1774,1574,5349],"product_tag":[3990,65],"class_list":{"0":"post-343705","1":"product","2":"type-product","3":"status-publish","4":"has-post-thumbnail","6":"product_cat-20-inch-ladies-chain","7":"product_cat-20-inch-mens-chain","8":"product_cat-22ct-gold-chain","9":"product_cat-chain-gents","10":"product_cat-dragon-chain","11":"product_cat-gold-chains","12":"product_cat-ladies-chains","13":"product_cat-mens-jewellery","14":"product_cat-mens-chains","15":"product_cat-womens-jewellery","16":"product_cat-yellow-gold-jewellery","17":"product_tag-22-carat-gold-chain","18":"product_tag-chains","20":"first","21":"onbackorder","22":"taxable","23":"shipping-taxable","24":"product-type-simple","25":"add-to-wishlist-before_image"},"yoast_head":"<!-- This site is optimized with the Yoast SEO plugin v27.5 - https:\/\/yoast.com\/product\/yoast-seo-wordpress\/ -->\n<title>Dragon Chain in 22 Carat Gold available at PureJewels London<\/title>\n<meta name=\"description\" content=\"This High-End 22ct gold Chain makes a great gift for any occasion and is perfect for men and women. Order online for free delivery across UK.\" \/>\n<meta name=\"robots\" content=\"index, follow, max-snippet:-1, max-image-preview:large, max-video-preview:-1\" \/>\n<link rel=\"canonical\" href=\"https:\/\/www.purejewels.com\/tr\/urun\/22-ayar-altin-luks-ejderha-zinciri-20-inc-52911\/\" \/>\n<meta property=\"og:locale\" content=\"tr_TR\" \/>\n<meta property=\"og:type\" content=\"article\" \/>\n<meta property=\"og:title\" content=\"Dragon Chain in 22 Carat Gold available at PureJewels London\" \/>\n<meta property=\"og:description\" content=\"This High-End 22ct gold Chain makes a great gift for any occasion and is perfect for men and women. Order online for free delivery across UK.\" \/>\n<meta property=\"og:url\" content=\"https:\/\/www.purejewels.com\/tr\/urun\/22-ayar-altin-luks-ejderha-zinciri-20-inc-52911\/\" \/>\n<meta property=\"og:site_name\" content=\"PureJewels UK\" \/>\n<meta property=\"article:modified_time\" content=\"2026-05-11T09:08:26+00:00\" \/>\n<meta property=\"og:image\" content=\"https:\/\/static.purejewels.com\/wp-content\/uploads\/2021\/10\/34347-1.jpg\" \/>\n\t<meta property=\"og:image:width\" content=\"1000\" \/>\n\t<meta property=\"og:image:height\" content=\"1000\" \/>\n\t<meta property=\"og:image:type\" content=\"image\/jpeg\" \/>\n<meta name=\"twitter:card\" content=\"summary_large_image\" \/>\n<meta name=\"twitter:label1\" content=\"Tahmini okuma s\u00fcresi\" \/>\n\t<meta name=\"twitter:data1\" content=\"1 dakika\" \/>\n<script type=\"application\/ld+json\" class=\"yoast-schema-graph\">{\"@context\":\"https:\\\/\\\/schema.org\",\"@graph\":[{\"@type\":[\"WebPage\",\"ItemPage\"],\"@id\":\"https:\\\/\\\/www.purejewels.com\\\/product\\\/22ct-gold-luxury-dragon-chain-20-inch-52911\\\/\",\"url\":\"https:\\\/\\\/www.purejewels.com\\\/product\\\/22ct-gold-luxury-dragon-chain-20-inch-52911\\\/\",\"name\":\"Dragon Chain in 22 Carat Gold available at PureJewels London\",\"isPartOf\":{\"@id\":\"https:\\\/\\\/www.purejewels.com\\\/#website\"},\"primaryImageOfPage\":{\"@id\":\"https:\\\/\\\/www.purejewels.com\\\/product\\\/22ct-gold-luxury-dragon-chain-20-inch-52911\\\/#primaryimage\"},\"image\":{\"@id\":\"https:\\\/\\\/www.purejewels.com\\\/product\\\/22ct-gold-luxury-dragon-chain-20-inch-52911\\\/#primaryimage\"},\"thumbnailUrl\":\"https:\\\/\\\/static.purejewels.com\\\/wp-content\\\/uploads\\\/2021\\\/10\\\/34347-1.jpg\",\"datePublished\":\"2024-08-27T09:11:18+00:00\",\"dateModified\":\"2026-05-11T09:08:26+00:00\",\"description\":\"This High-End 22ct gold Chain makes a great gift for any occasion and is perfect for men and women. Order online for free delivery across UK.\",\"breadcrumb\":{\"@id\":\"https:\\\/\\\/www.purejewels.com\\\/product\\\/22ct-gold-luxury-dragon-chain-20-inch-52911\\\/#breadcrumb\"},\"inLanguage\":\"tr\",\"potentialAction\":[{\"@type\":\"ReadAction\",\"target\":[\"https:\\\/\\\/www.purejewels.com\\\/product\\\/22ct-gold-luxury-dragon-chain-20-inch-52911\\\/\"]}]},{\"@type\":\"ImageObject\",\"inLanguage\":\"tr\",\"@id\":\"https:\\\/\\\/www.purejewels.com\\\/product\\\/22ct-gold-luxury-dragon-chain-20-inch-52911\\\/#primaryimage\",\"url\":\"https:\\\/\\\/static.purejewels.com\\\/wp-content\\\/uploads\\\/2021\\\/10\\\/34347-1.jpg\",\"contentUrl\":\"https:\\\/\\\/static.purejewels.com\\\/wp-content\\\/uploads\\\/2021\\\/10\\\/34347-1.jpg\",\"width\":1000,\"height\":1000,\"caption\":\"22ct Gold Dragon Chain 34347-1\"},{\"@type\":\"BreadcrumbList\",\"@id\":\"https:\\\/\\\/www.purejewels.com\\\/product\\\/22ct-gold-luxury-dragon-chain-20-inch-52911\\\/#breadcrumb\",\"itemListElement\":[{\"@type\":\"ListItem\",\"position\":1,\"name\":\"Home\",\"item\":\"https:\\\/\\\/www.purejewels.com\\\/\"},{\"@type\":\"ListItem\",\"position\":2,\"name\":\"Shop\",\"item\":\"https:\\\/\\\/www.purejewels.com\\\/shop\\\/\"},{\"@type\":\"ListItem\",\"position\":3,\"name\":\"22ct Gold Luxury Dragon Chain | 20 Inch\"}]},{\"@type\":\"WebSite\",\"@id\":\"https:\\\/\\\/www.purejewels.com\\\/#website\",\"url\":\"https:\\\/\\\/www.purejewels.com\\\/\",\"name\":\"PureJewels UK\",\"description\":\"Share the Love\",\"publisher\":{\"@id\":\"https:\\\/\\\/www.purejewels.com\\\/#organization\"},\"potentialAction\":[{\"@type\":\"SearchAction\",\"target\":{\"@type\":\"EntryPoint\",\"urlTemplate\":\"https:\\\/\\\/www.purejewels.com\\\/?s={search_term_string}\"},\"query-input\":{\"@type\":\"PropertyValueSpecification\",\"valueRequired\":true,\"valueName\":\"search_term_string\"}}],\"inLanguage\":\"tr\"},{\"@type\":\"Organization\",\"@id\":\"https:\\\/\\\/www.purejewels.com\\\/#organization\",\"name\":\"PureJewels UK\",\"url\":\"https:\\\/\\\/www.purejewels.com\\\/\",\"logo\":{\"@type\":\"ImageObject\",\"inLanguage\":\"tr\",\"@id\":\"https:\\\/\\\/www.purejewels.com\\\/#\\\/schema\\\/logo\\\/image\\\/\",\"url\":\"https:\\\/\\\/static.purejewels.com\\\/wp-content\\\/uploads\\\/2020\\\/11\\\/Logo-PJ-New-1.png\",\"contentUrl\":\"https:\\\/\\\/static.purejewels.com\\\/wp-content\\\/uploads\\\/2020\\\/11\\\/Logo-PJ-New-1.png\",\"width\":150,\"height\":80,\"caption\":\"PureJewels UK\"},\"image\":{\"@id\":\"https:\\\/\\\/www.purejewels.com\\\/#\\\/schema\\\/logo\\\/image\\\/\"}}]}<\/script>\n<!-- \/ Yoast SEO plugin. -->","yoast_head_json":{"title":"22 Ayar Alt\u0131n Ejderha Zinciri PureJewels London'da mevcuttur","description":"Bu High-End 22 ayar alt\u0131n Zincir, her durum i\u00e7in harika bir hediyedir ve erkekler ve kad\u0131nlar i\u00e7in m\u00fckemmeldir. \u0130ngiltere genelinde \u00fccretsiz teslimat i\u00e7in online sipari\u015f verin.","robots":{"index":"index","follow":"follow","max-snippet":"max-snippet:-1","max-image-preview":"max-image-preview:large","max-video-preview":"max-video-preview:-1"},"canonical":"https:\/\/www.purejewels.com\/tr\/urun\/22-ayar-altin-luks-ejderha-zinciri-20-inc-52911\/","og_locale":"tr_TR","og_type":"article","og_title":"Dragon Chain in 22 Carat Gold available at PureJewels London","og_description":"This High-End 22ct gold Chain makes a great gift for any occasion and is perfect for men and women. Order online for free delivery across UK.","og_url":"https:\/\/www.purejewels.com\/tr\/urun\/22-ayar-altin-luks-ejderha-zinciri-20-inc-52911\/","og_site_name":"PureJewels UK","article_modified_time":"2026-05-11T09:08:26+00:00","og_image":[{"width":1000,"height":1000,"url":"https:\/\/static.purejewels.com\/wp-content\/uploads\/2021\/10\/34347-1.jpg","type":"image\/jpeg"}],"twitter_card":"summary_large_image","twitter_misc":{"Tahmini okuma s\u00fcresi":"1 dakika"},"schema":{"@context":"https:\/\/schema.org","@graph":[{"@type":["WebPage","ItemPage"],"@id":"https:\/\/www.purejewels.com\/product\/22ct-gold-luxury-dragon-chain-20-inch-52911\/","url":"https:\/\/www.purejewels.com\/product\/22ct-gold-luxury-dragon-chain-20-inch-52911\/","name":"22 Ayar Alt\u0131n Ejderha Zinciri PureJewels London'da mevcuttur","isPartOf":{"@id":"https:\/\/www.purejewels.com\/#website"},"primaryImageOfPage":{"@id":"https:\/\/www.purejewels.com\/product\/22ct-gold-luxury-dragon-chain-20-inch-52911\/#primaryimage"},"image":{"@id":"https:\/\/www.purejewels.com\/product\/22ct-gold-luxury-dragon-chain-20-inch-52911\/#primaryimage"},"thumbnailUrl":"https:\/\/static.purejewels.com\/wp-content\/uploads\/2021\/10\/34347-1.jpg","datePublished":"2024-08-27T09:11:18+00:00","dateModified":"2026-05-11T09:08:26+00:00","description":"Bu High-End 22 ayar alt\u0131n Zincir, her durum i\u00e7in harika bir hediyedir ve erkekler ve kad\u0131nlar i\u00e7in m\u00fckemmeldir. \u0130ngiltere genelinde \u00fccretsiz teslimat i\u00e7in online sipari\u015f verin.","breadcrumb":{"@id":"https:\/\/www.purejewels.com\/product\/22ct-gold-luxury-dragon-chain-20-inch-52911\/#breadcrumb"},"inLanguage":"tr","potentialAction":[{"@type":"ReadAction","target":["https:\/\/www.purejewels.com\/product\/22ct-gold-luxury-dragon-chain-20-inch-52911\/"]}]},{"@type":"ImageObject","inLanguage":"tr","@id":"https:\/\/www.purejewels.com\/product\/22ct-gold-luxury-dragon-chain-20-inch-52911\/#primaryimage","url":"https:\/\/static.purejewels.com\/wp-content\/uploads\/2021\/10\/34347-1.jpg","contentUrl":"https:\/\/static.purejewels.com\/wp-content\/uploads\/2021\/10\/34347-1.jpg","width":1000,"height":1000,"caption":"22ct Gold Dragon Chain 34347-1"},{"@type":"BreadcrumbList","@id":"https:\/\/www.purejewels.com\/product\/22ct-gold-luxury-dragon-chain-20-inch-52911\/#breadcrumb","itemListElement":[{"@type":"ListItem","position":1,"name":"Home","item":"https:\/\/www.purejewels.com\/"},{"@type":"ListItem","position":2,"name":"Shop","item":"https:\/\/www.purejewels.com\/shop\/"},{"@type":"ListItem","position":3,"name":"22ct Gold Luxury Dragon Chain | 20 Inch"}]},{"@type":"WebSite","@id":"https:\/\/www.purejewels.com\/#website","url":"https:\/\/www.purejewels.com\/","name":"PureJewels \u0130ngiltere","description":"Sevgiyi Payla\u015f\u0131n","publisher":{"@id":"https:\/\/www.purejewels.com\/#organization"},"potentialAction":[{"@type":"SearchAction","target":{"@type":"EntryPoint","urlTemplate":"https:\/\/www.purejewels.com\/?s={search_term_string}"},"query-input":{"@type":"PropertyValueSpecification","valueRequired":true,"valueName":"search_term_string"}}],"inLanguage":"tr"},{"@type":"Organization","@id":"https:\/\/www.purejewels.com\/#organization","name":"PureJewels \u0130ngiltere","url":"https:\/\/www.purejewels.com\/","logo":{"@type":"ImageObject","inLanguage":"tr","@id":"https:\/\/www.purejewels.com\/#\/schema\/logo\/image\/","url":"https:\/\/static.purejewels.com\/wp-content\/uploads\/2020\/11\/Logo-PJ-New-1.png","contentUrl":"https:\/\/static.purejewels.com\/wp-content\/uploads\/2020\/11\/Logo-PJ-New-1.png","width":150,"height":80,"caption":"PureJewels UK"},"image":{"@id":"https:\/\/www.purejewels.com\/#\/schema\/logo\/image\/"}}]}},"_links":{"self":[{"href":"https:\/\/www.purejewels.com\/tr\/wp-json\/wp\/v2\/product\/343705","targetHints":{"allow":["GET"]}}],"collection":[{"href":"https:\/\/www.purejewels.com\/tr\/wp-json\/wp\/v2\/product"}],"about":[{"href":"https:\/\/www.purejewels.com\/tr\/wp-json\/wp\/v2\/types\/product"}],"replies":[{"embeddable":true,"href":"https:\/\/www.purejewels.com\/tr\/wp-json\/wp\/v2\/comments?post=343705"}],"version-history":[{"count":4,"href":"https:\/\/www.purejewels.com\/tr\/wp-json\/wp\/v2\/product\/343705\/revisions"}],"predecessor-version":[{"id":412490,"href":"https:\/\/www.purejewels.com\/tr\/wp-json\/wp\/v2\/product\/343705\/revisions\/412490"}],"wp:featuredmedia":[{"embeddable":true,"href":"https:\/\/www.purejewels.com\/tr\/wp-json\/wp\/v2\/media\/327596"}],"wp:attachment":[{"href":"https:\/\/www.purejewels.com\/tr\/wp-json\/wp\/v2\/media?parent=343705"}],"wp:term":[{"taxonomy":"product_brand","embeddable":true,"href":"https:\/\/www.purejewels.com\/tr\/wp-json\/wp\/v2\/product_brand?post=343705"},{"taxonomy":"product_cat","embeddable":true,"href":"https:\/\/www.purejewels.com\/tr\/wp-json\/wp\/v2\/product_cat?post=343705"},{"taxonomy":"product_tag","embeddable":true,"href":"https:\/\/www.purejewels.com\/tr\/wp-json\/wp\/v2\/product_tag?post=343705"}],"curies":[{"name":"wp","href":"https:\/\/api.w.org\/{rel}","templated":true}]}}