{"id":343715,"date":"2023-02-09T11:26:13","date_gmt":"2023-02-09T11:26:13","guid":{"rendered":"https:\/\/www.purejewels.com\/?post_type=product&#038;p=343715"},"modified":"2026-04-29T09:01:37","modified_gmt":"2026-04-29T08:01:37","slug":"22-ayar-altin-bebek-bordur-bilezigi-41231","status":"publish","type":"product","link":"https:\/\/www.purejewels.com\/tr\/product\/22ct-gold-baby-curb-bracelet-41231\/","title":{"rendered":"22 Ayar Alt\u0131n Bebek Bord\u00fcr Bileklik | 5,5 \u0130n\u00e7"},"content":{"rendered":"<p data-start=\"238\" data-end=\"640\"><strong data-start=\"238\" data-end=\"248\">Tasar\u0131m<\/strong><br data-start=\"248\" data-end=\"251\" \/>Bu bebek bilezi\u011fi, bile\u011fe rahat\u00e7a oturan klasik, s\u0131k\u0131ca ba\u011fl\u0131 bir zincirle 22 ayar parlak alt\u0131ndan \u00fcretilmi\u015ftir. 5,5 in\u00e7 uzunlu\u011funda ve 5,4 gram a\u011f\u0131rl\u0131\u011f\u0131ndaki bu bileklik, bir \u00e7ocu\u011fun bile\u011fi i\u00e7in \u00f6zenle orant\u0131lanm\u0131\u015ft\u0131r ve yine de g\u00fcven verici bir \u015fekilde sa\u011flam hissettirir. Zamans\u0131z silueti, parti k\u0131yafetlerinden geleneksel k\u0131yafetlere kadar her \u015feyle zarif g\u00f6r\u00fcnen bir par\u00e7a olmas\u0131n\u0131 sa\u011flar.<\/p>\n<p data-start=\"642\" data-end=\"1002\"><strong data-start=\"642\" data-end=\"659\">Zanaatkarl\u0131k<\/strong><br data-start=\"659\" data-end=\"662\" \/>22 ayar alt\u0131ndan \u00fcretilen her bir bilezik, ba\u011flant\u0131lar\u0131n hassas cilde kar\u015f\u0131 nazik bir his vermesi i\u00e7in \u00f6zenle bir araya getirilmi\u015f ve parlat\u0131lm\u0131\u015ft\u0131r. Safl\u0131k sertifikas\u0131 i\u00e7in Birle\u015fik Krall\u0131k'ta damgalanm\u0131\u015ft\u0131r, kalite ve \u00f6zg\u00fcnl\u00fck g\u00fcvencesi sunar. G\u00fcvenli toka ve p\u00fcr\u00fczs\u00fcz sonland\u0131rma, de\u011ferli bir aile yadigar\u0131ndan bekleyece\u011finiz standartlar\u0131 yans\u0131t\u0131r.<\/p>\n<p data-start=\"1004\" data-end=\"1415\" data-is-last-node=\"\" data-is-only-node=\"\"><strong data-start=\"1004\" data-end=\"1021\">Stil Fikirleri<\/strong><br data-start=\"1021\" data-end=\"1024\" \/>Do\u011fum g\u00fcnleri, isim koyma t\u00f6renleri veya vaftiz t\u00f6renleri gibi \u00f6zel g\u00fcnler i\u00e7in m\u00fckemmel olan bu bileklik, \u00e7ocu\u011funuzun k\u0131yafetine a\u015f\u0131r\u0131ya ka\u00e7madan ince bir \u0131\u015f\u0131lt\u0131 katar. Klasik bir g\u00f6r\u00fcn\u00fcm i\u00e7in tek ba\u015f\u0131na kullan\u0131n veya uyumlu bir set i\u00e7in minik bir alt\u0131n kolye ucu ile e\u015fle\u015ftirin. B\u00fcy\u00fcd\u00fck\u00e7e, ilk kutlamalar\u0131n\u0131n bir hat\u0131rlat\u0131c\u0131s\u0131 olarak m\u00fccevher kutusunda saklanabilecek de\u011ferli bir hat\u0131ra haline gelir.<\/p>","protected":false},"excerpt":{"rendered":"<table class=\"sh_desc\">\n<tbody>\n<tr>\n<td>Bilezik T\u00fcr\u00fc<\/td>\n<td>\u00c7ocuk Bilekli\u011fi<\/td>\n<\/tr>\n<tr>\n<td>SKU<\/td>\n<td>41231<\/td>\n<\/tr>\n<tr>\n<td>A\u011f\u0131rl\u0131k<\/td>\n<td>5.4 gm<\/td>\n<\/tr>\n<tr>\n<td>Cinsiyet<\/td>\n<td>\u00c7ocuklar<\/td>\n<\/tr>\n<tr>\n<td>Hallmark<\/td>\n<td>Londra Tahlil Ofisi Taraf\u0131ndan Damgalanm\u0131\u015f 22 Ayar Alt\u0131n<\/td>\n<\/tr>\n<tr>\n<td>\u00dccretler<\/td>\n<td>Teslimat ve KDV Dahil<\/td>\n<\/tr>\n<tr>\n<td>Paketleme<\/td>\n<td>Sunum Kutusu ile Birlikte Gelir<\/td>\n<\/tr>\n<tr>\n<td>Daha Fazla Bilgi<\/td>\n<td>Alt\u0131n Bileklik stok durumu ve daha fazla g\u00f6rsel i\u00e7in bizimle canl\u0131 sohbet edin.<br \/>\nDaha fazla ke\u015ffedin \u00c7ocuk Bilekli\u011fi \/ Kada<\/td>\n<\/tr>\n<\/tbody>\n<\/table>","protected":false},"featured_media":348594,"comment_status":"closed","ping_status":"closed","template":"","meta":{"_eb_attr":"","_crsspst_to_jayantr4sg-hostcom":true},"product_brand":[],"product_cat":[5672,1576,1790,1229,1436,5943,5349],"product_tag":[],"class_list":{"0":"post-343715","1":"product","2":"type-product","3":"status-publish","4":"has-post-thumbnail","6":"product_cat-baby-gold-bracelet","7":"product_cat-childrens-jewellery","8":"product_cat-for-whom-when","9":"product_cat-22ct-gold-jewellery","10":"product_cat-kids-bracelet-kada","11":"product_cat-kids-jewellery","12":"product_cat-yellow-gold-jewellery","14":"first","15":"instock","16":"taxable","17":"shipping-taxable","18":"purchasable","19":"product-type-simple","20":"add-to-wishlist-before_image"},"yoast_head":"<!-- This site is optimized with the Yoast SEO plugin v27.5 - https:\/\/yoast.com\/product\/yoast-seo-wordpress\/ -->\n<title>22ct Gold Baby Curb Bracelet online at UK<\/title>\n<meta name=\"robots\" content=\"index, follow, max-snippet:-1, max-image-preview:large, max-video-preview:-1\" \/>\n<link rel=\"canonical\" href=\"https:\/\/www.purejewels.com\/tr\/urun\/22-ayar-altin-bebek-bordur-bilezigi-41231\/\" \/>\n<meta property=\"og:locale\" content=\"tr_TR\" \/>\n<meta property=\"og:type\" content=\"article\" \/>\n<meta property=\"og:title\" content=\"22ct Gold Baby Curb Bracelet online at UK\" \/>\n<meta property=\"og:description\" content=\"Type Of Bracelet Kids Bracelet   SKU 41231   Weight 5.4 gm   Gender Kids   Hallmark 22ct Gold Hallmarked by London Assay Office   Charges Delivery\u00a0and\u00a0VAT\u00a0Included   Packaging Comes\u00a0With\u00a0Presentation\u00a0Box   More\u00a0Information Live chat with us for availability and more images of Gold Bracelet. Explore more Kids Bracelet \/ Kada\" \/>\n<meta property=\"og:url\" content=\"https:\/\/www.purejewels.com\/tr\/urun\/22-ayar-altin-bebek-bordur-bilezigi-41231\/\" \/>\n<meta property=\"og:site_name\" content=\"PureJewels UK\" \/>\n<meta property=\"article:modified_time\" content=\"2026-04-29T08:01:37+00:00\" \/>\n<meta property=\"og:image\" content=\"https:\/\/static.purejewels.com\/wp-content\/uploads\/2023\/02\/41231.jpg\" \/>\n\t<meta property=\"og:image:width\" content=\"1000\" \/>\n\t<meta property=\"og:image:height\" content=\"1000\" \/>\n\t<meta property=\"og:image:type\" content=\"image\/jpeg\" \/>\n<meta name=\"twitter:card\" content=\"summary_large_image\" \/>\n<meta name=\"twitter:label1\" content=\"Tahmini okuma s\u00fcresi\" \/>\n\t<meta name=\"twitter:data1\" content=\"2 dakika\" \/>\n<script type=\"application\/ld+json\" class=\"yoast-schema-graph\">{\"@context\":\"https:\\\/\\\/schema.org\",\"@graph\":[{\"@type\":[\"WebPage\",\"ItemPage\"],\"@id\":\"https:\\\/\\\/www.purejewels.com\\\/product\\\/22ct-gold-baby-curb-bracelet-41231\\\/\",\"url\":\"https:\\\/\\\/www.purejewels.com\\\/product\\\/22ct-gold-baby-curb-bracelet-41231\\\/\",\"name\":\"22ct Gold Baby Curb Bracelet online at UK\",\"isPartOf\":{\"@id\":\"https:\\\/\\\/www.purejewels.com\\\/#website\"},\"primaryImageOfPage\":{\"@id\":\"https:\\\/\\\/www.purejewels.com\\\/product\\\/22ct-gold-baby-curb-bracelet-41231\\\/#primaryimage\"},\"image\":{\"@id\":\"https:\\\/\\\/www.purejewels.com\\\/product\\\/22ct-gold-baby-curb-bracelet-41231\\\/#primaryimage\"},\"thumbnailUrl\":\"https:\\\/\\\/static.purejewels.com\\\/wp-content\\\/uploads\\\/2023\\\/02\\\/41231.jpg\",\"datePublished\":\"2023-02-09T11:26:13+00:00\",\"dateModified\":\"2026-04-29T08:01:37+00:00\",\"breadcrumb\":{\"@id\":\"https:\\\/\\\/www.purejewels.com\\\/product\\\/22ct-gold-baby-curb-bracelet-41231\\\/#breadcrumb\"},\"inLanguage\":\"tr\",\"potentialAction\":[{\"@type\":\"ReadAction\",\"target\":[\"https:\\\/\\\/www.purejewels.com\\\/product\\\/22ct-gold-baby-curb-bracelet-41231\\\/\"]}]},{\"@type\":\"ImageObject\",\"inLanguage\":\"tr\",\"@id\":\"https:\\\/\\\/www.purejewels.com\\\/product\\\/22ct-gold-baby-curb-bracelet-41231\\\/#primaryimage\",\"url\":\"https:\\\/\\\/static.purejewels.com\\\/wp-content\\\/uploads\\\/2023\\\/02\\\/41231.jpg\",\"contentUrl\":\"https:\\\/\\\/static.purejewels.com\\\/wp-content\\\/uploads\\\/2023\\\/02\\\/41231.jpg\",\"width\":1000,\"height\":1000,\"caption\":\"22ct Gold Baby Curb Bracelet\"},{\"@type\":\"BreadcrumbList\",\"@id\":\"https:\\\/\\\/www.purejewels.com\\\/product\\\/22ct-gold-baby-curb-bracelet-41231\\\/#breadcrumb\",\"itemListElement\":[{\"@type\":\"ListItem\",\"position\":1,\"name\":\"Home\",\"item\":\"https:\\\/\\\/www.purejewels.com\\\/\"},{\"@type\":\"ListItem\",\"position\":2,\"name\":\"Shop\",\"item\":\"https:\\\/\\\/www.purejewels.com\\\/shop\\\/\"},{\"@type\":\"ListItem\",\"position\":3,\"name\":\"22ct Gold Baby Curb Bracelet | 5.5 Inches\"}]},{\"@type\":\"WebSite\",\"@id\":\"https:\\\/\\\/www.purejewels.com\\\/#website\",\"url\":\"https:\\\/\\\/www.purejewels.com\\\/\",\"name\":\"PureJewels UK\",\"description\":\"Share the Love\",\"publisher\":{\"@id\":\"https:\\\/\\\/www.purejewels.com\\\/#organization\"},\"potentialAction\":[{\"@type\":\"SearchAction\",\"target\":{\"@type\":\"EntryPoint\",\"urlTemplate\":\"https:\\\/\\\/www.purejewels.com\\\/?s={search_term_string}\"},\"query-input\":{\"@type\":\"PropertyValueSpecification\",\"valueRequired\":true,\"valueName\":\"search_term_string\"}}],\"inLanguage\":\"tr\"},{\"@type\":\"Organization\",\"@id\":\"https:\\\/\\\/www.purejewels.com\\\/#organization\",\"name\":\"PureJewels UK\",\"url\":\"https:\\\/\\\/www.purejewels.com\\\/\",\"logo\":{\"@type\":\"ImageObject\",\"inLanguage\":\"tr\",\"@id\":\"https:\\\/\\\/www.purejewels.com\\\/#\\\/schema\\\/logo\\\/image\\\/\",\"url\":\"https:\\\/\\\/static.purejewels.com\\\/wp-content\\\/uploads\\\/2020\\\/11\\\/Logo-PJ-New-1.png\",\"contentUrl\":\"https:\\\/\\\/static.purejewels.com\\\/wp-content\\\/uploads\\\/2020\\\/11\\\/Logo-PJ-New-1.png\",\"width\":150,\"height\":80,\"caption\":\"PureJewels UK\"},\"image\":{\"@id\":\"https:\\\/\\\/www.purejewels.com\\\/#\\\/schema\\\/logo\\\/image\\\/\"}}]}<\/script>\n<!-- \/ Yoast SEO plugin. -->","yoast_head_json":{"title":"22 Ayar Alt\u0131n Bebek Bord\u00fcr Bilezi\u011fi \u0130ngiltere'de online","robots":{"index":"index","follow":"follow","max-snippet":"max-snippet:-1","max-image-preview":"max-image-preview:large","max-video-preview":"max-video-preview:-1"},"canonical":"https:\/\/www.purejewels.com\/tr\/urun\/22-ayar-altin-bebek-bordur-bilezigi-41231\/","og_locale":"tr_TR","og_type":"article","og_title":"22ct Gold Baby Curb Bracelet online at UK","og_description":"Type Of Bracelet Kids Bracelet   SKU 41231   Weight 5.4 gm   Gender Kids   Hallmark 22ct Gold Hallmarked by London Assay Office   Charges Delivery\u00a0and\u00a0VAT\u00a0Included   Packaging Comes\u00a0With\u00a0Presentation\u00a0Box   More\u00a0Information Live chat with us for availability and more images of Gold Bracelet. Explore more Kids Bracelet \/ Kada","og_url":"https:\/\/www.purejewels.com\/tr\/urun\/22-ayar-altin-bebek-bordur-bilezigi-41231\/","og_site_name":"PureJewels UK","article_modified_time":"2026-04-29T08:01:37+00:00","og_image":[{"width":1000,"height":1000,"url":"https:\/\/static.purejewels.com\/wp-content\/uploads\/2023\/02\/41231.jpg","type":"image\/jpeg"}],"twitter_card":"summary_large_image","twitter_misc":{"Tahmini okuma s\u00fcresi":"2 dakika"},"schema":{"@context":"https:\/\/schema.org","@graph":[{"@type":["WebPage","ItemPage"],"@id":"https:\/\/www.purejewels.com\/product\/22ct-gold-baby-curb-bracelet-41231\/","url":"https:\/\/www.purejewels.com\/product\/22ct-gold-baby-curb-bracelet-41231\/","name":"22 Ayar Alt\u0131n Bebek Bord\u00fcr Bilezi\u011fi \u0130ngiltere'de online","isPartOf":{"@id":"https:\/\/www.purejewels.com\/#website"},"primaryImageOfPage":{"@id":"https:\/\/www.purejewels.com\/product\/22ct-gold-baby-curb-bracelet-41231\/#primaryimage"},"image":{"@id":"https:\/\/www.purejewels.com\/product\/22ct-gold-baby-curb-bracelet-41231\/#primaryimage"},"thumbnailUrl":"https:\/\/static.purejewels.com\/wp-content\/uploads\/2023\/02\/41231.jpg","datePublished":"2023-02-09T11:26:13+00:00","dateModified":"2026-04-29T08:01:37+00:00","breadcrumb":{"@id":"https:\/\/www.purejewels.com\/product\/22ct-gold-baby-curb-bracelet-41231\/#breadcrumb"},"inLanguage":"tr","potentialAction":[{"@type":"ReadAction","target":["https:\/\/www.purejewels.com\/product\/22ct-gold-baby-curb-bracelet-41231\/"]}]},{"@type":"ImageObject","inLanguage":"tr","@id":"https:\/\/www.purejewels.com\/product\/22ct-gold-baby-curb-bracelet-41231\/#primaryimage","url":"https:\/\/static.purejewels.com\/wp-content\/uploads\/2023\/02\/41231.jpg","contentUrl":"https:\/\/static.purejewels.com\/wp-content\/uploads\/2023\/02\/41231.jpg","width":1000,"height":1000,"caption":"22ct Gold Baby Curb Bracelet"},{"@type":"BreadcrumbList","@id":"https:\/\/www.purejewels.com\/product\/22ct-gold-baby-curb-bracelet-41231\/#breadcrumb","itemListElement":[{"@type":"ListItem","position":1,"name":"Home","item":"https:\/\/www.purejewels.com\/"},{"@type":"ListItem","position":2,"name":"Shop","item":"https:\/\/www.purejewels.com\/shop\/"},{"@type":"ListItem","position":3,"name":"22ct Gold Baby Curb Bracelet | 5.5 Inches"}]},{"@type":"WebSite","@id":"https:\/\/www.purejewels.com\/#website","url":"https:\/\/www.purejewels.com\/","name":"PureJewels \u0130ngiltere","description":"Sevgiyi Payla\u015f\u0131n","publisher":{"@id":"https:\/\/www.purejewels.com\/#organization"},"potentialAction":[{"@type":"SearchAction","target":{"@type":"EntryPoint","urlTemplate":"https:\/\/www.purejewels.com\/?s={search_term_string}"},"query-input":{"@type":"PropertyValueSpecification","valueRequired":true,"valueName":"search_term_string"}}],"inLanguage":"tr"},{"@type":"Organization","@id":"https:\/\/www.purejewels.com\/#organization","name":"PureJewels \u0130ngiltere","url":"https:\/\/www.purejewels.com\/","logo":{"@type":"ImageObject","inLanguage":"tr","@id":"https:\/\/www.purejewels.com\/#\/schema\/logo\/image\/","url":"https:\/\/static.purejewels.com\/wp-content\/uploads\/2020\/11\/Logo-PJ-New-1.png","contentUrl":"https:\/\/static.purejewels.com\/wp-content\/uploads\/2020\/11\/Logo-PJ-New-1.png","width":150,"height":80,"caption":"PureJewels UK"},"image":{"@id":"https:\/\/www.purejewels.com\/#\/schema\/logo\/image\/"}}]}},"_links":{"self":[{"href":"https:\/\/www.purejewels.com\/tr\/wp-json\/wp\/v2\/product\/343715","targetHints":{"allow":["GET"]}}],"collection":[{"href":"https:\/\/www.purejewels.com\/tr\/wp-json\/wp\/v2\/product"}],"about":[{"href":"https:\/\/www.purejewels.com\/tr\/wp-json\/wp\/v2\/types\/product"}],"replies":[{"embeddable":true,"href":"https:\/\/www.purejewels.com\/tr\/wp-json\/wp\/v2\/comments?post=343715"}],"version-history":[{"count":4,"href":"https:\/\/www.purejewels.com\/tr\/wp-json\/wp\/v2\/product\/343715\/revisions"}],"predecessor-version":[{"id":420855,"href":"https:\/\/www.purejewels.com\/tr\/wp-json\/wp\/v2\/product\/343715\/revisions\/420855"}],"wp:featuredmedia":[{"embeddable":true,"href":"https:\/\/www.purejewels.com\/tr\/wp-json\/wp\/v2\/media\/348594"}],"wp:attachment":[{"href":"https:\/\/www.purejewels.com\/tr\/wp-json\/wp\/v2\/media?parent=343715"}],"wp:term":[{"taxonomy":"product_brand","embeddable":true,"href":"https:\/\/www.purejewels.com\/tr\/wp-json\/wp\/v2\/product_brand?post=343715"},{"taxonomy":"product_cat","embeddable":true,"href":"https:\/\/www.purejewels.com\/tr\/wp-json\/wp\/v2\/product_cat?post=343715"},{"taxonomy":"product_tag","embeddable":true,"href":"https:\/\/www.purejewels.com\/tr\/wp-json\/wp\/v2\/product_tag?post=343715"}],"curies":[{"name":"wp","href":"https:\/\/api.w.org\/{rel}","templated":true}]}}