{"id":343747,"date":"2023-08-28T10:55:30","date_gmt":"2023-08-28T09:55:30","guid":{"rendered":"https:\/\/www.purejewels.com\/?post_type=product&#038;p=343747"},"modified":"2026-01-07T06:13:08","modified_gmt":"2026-01-07T06:13:08","slug":"bayanlar-icin-22-ayar-altin-yuzuk-l-beden-rozet-koleksiyonu-45358","status":"publish","type":"product","link":"https:\/\/www.purejewels.com\/tr\/product\/22ct-gold-ring-for-ladies-l-size-rosettes-collection-45358\/","title":{"rendered":"Bayanlar \u0130\u00e7in 22 Ayar Alt\u0131n Y\u00fcz\u00fck | Rozet Koleksiyonu | P 1\/2 Beden"},"content":{"rendered":"<p>Sevilen Rozet y\u00fcz\u00fc\u011f\u00fcm\u00fcz m\u00fc\u015fterilerin favorisi olmaya devam ediyor ve biz buna \u015fa\u015f\u0131rmad\u0131k. Rozet motifleriyle s\u00fcslenmi\u015f bu y\u00fcz\u00fck g\u00fcnl\u00fck olarak tak\u0131labilir. \u0130stifleme g\u00f6r\u00fcn\u00fcm\u00fc olu\u015fturmak i\u00e7in di\u011fer d\u00fcz bantlar\u0131 ekleyebilirsiniz. Tam oturur ve rahatt\u0131r ve y\u00fcz\u00fckte 22 ayar alt\u0131n kullan\u0131lm\u0131\u015ft\u0131r.<\/p>\n<p>Rosette koleksiyonumuzun temel felsefesi hayattaki her ba\u015far\u0131y\u0131 kutlamakt\u0131r. Bu y\u00fcz\u00fck, ister b\u00fcy\u00fck ister k\u00fc\u00e7\u00fck olsun, hayat\u0131n her an\u0131n\u0131 kutlamay\u0131 hat\u0131rlatmas\u0131 a\u00e7\u0131s\u0131ndan kendiniz ve sevdikleriniz i\u00e7in m\u00fckemmel bir hediyedir. Y\u00fcz\u00fck, geleneksel kal\u0131p damgalama zanaat\u0131 kullan\u0131larak yap\u0131lm\u0131\u015ft\u0131r.<\/p>\n<ul>\n<li>Seri Kimli\u011fi : JWRNBRRS001<\/li>\n<li>SKU: 45358<\/li>\n<\/ul>","protected":false},"excerpt":{"rendered":"<table style=\"border-collapse: collapse; width: 100%; height: 252px;\">\n<tbody>\n<tr style=\"height: 28px;\">\n<td style=\"width: 50%; height: 28px;\">Y\u00fcz\u00fck Tipi<\/td>\n<td style=\"width: 50%; height: 28px;\">22 Ayar Alt\u0131n Y\u00fcz\u00fck<\/td>\n<\/tr>\n<tr style=\"height: 28px;\">\n<td style=\"width: 50%; height: 28px;\">A\u011f\u0131rl\u0131k<\/td>\n<td style=\"width: 50%; height: 28px;\">4.1 gms<\/td>\n<\/tr>\n<tr style=\"height: 28px;\">\n<td style=\"width: 50%; height: 28px;\">SKU<\/td>\n<td style=\"width: 50%; height: 28px;\">45358<\/td>\n<\/tr>\n<tr style=\"height: 28px;\">\n<td style=\"width: 50%; height: 28px;\">Y\u00fcz\u00fck \u00d6l\u00e7\u00fcs\u00fc<\/td>\n<td style=\"width: 50%; height: 28px;\">P 1\/2<\/td>\n<\/tr>\n<tr style=\"height: 28px;\">\n<td style=\"width: 50%; height: 28px;\">Koleksiyon<\/td>\n<td style=\"width: 50%; height: 28px;\">Rozet Koleksiyonu<\/td>\n<\/tr>\n<tr style=\"height: 28px;\">\n<td style=\"width: 50%; height: 28px;\">Cinsiyet<\/td>\n<td style=\"width: 50%; height: 28px;\">Bayanlar<\/td>\n<\/tr>\n<tr style=\"height: 28px;\">\n<td style=\"width: 50%; height: 28px;\">\u00dccretler<\/td>\n<td style=\"width: 50%; height: 28px;\">Teslimat ve KDV Dahil<\/td>\n<\/tr>\n<tr style=\"height: 28px;\">\n<td style=\"width: 50%; height: 28px;\">Paketleme<\/td>\n<td style=\"width: 50%; height: 28px;\">Sunum Kutusu ile Birlikte Gelir<\/td>\n<\/tr>\n<tr style=\"height: 56px;\">\n<td style=\"width: 50%; height: 56px;\">Daha Fazla Bilgi<\/td>\n<td style=\"width: 50%; height: 56px;\">M\u00fcsaitlik durumu ve daha fazla resim i\u00e7in bizimle canl\u0131 sohbet edin<\/td>\n<\/tr>\n<\/tbody>\n<\/table>\n<p>&nbsp;<\/p>","protected":false},"featured_media":343739,"comment_status":"closed","ping_status":"closed","template":"","meta":{"_eb_attr":"","_crsspst_to_jayantr4sg-hostcom":false},"product_brand":[],"product_cat":[1559,1229,1235,1783,1570,1786,6156,1656,5276,1573,1574,5349],"product_tag":[1430,64],"class_list":{"0":"post-343747","1":"product","2":"type-product","3":"status-publish","4":"has-post-thumbnail","6":"product_cat-birthday-gifts","7":"product_cat-22ct-gold-jewellery","8":"product_cat-gold-rings","9":"product_cat-ladies-rings","10":"product_cat-mothers-day-gifts","11":"product_cat-occasional-wear-rings","12":"product_cat-rosette-bands","13":"product_cat-rosettes-collections","14":"product_cat-rosettes-ring","15":"product_cat-wedding-gifts","16":"product_cat-womens-jewellery","17":"product_cat-yellow-gold-jewellery","18":"product_tag-diwali-gift","19":"product_tag-rings","21":"first","22":"outofstock","23":"taxable","24":"shipping-taxable","25":"product-type-simple","26":"add-to-wishlist-before_image"},"yoast_head":"<!-- This site is optimized with the Yoast SEO plugin v27.3 - https:\/\/yoast.com\/product\/yoast-seo-wordpress\/ -->\n<title>Shop 22ct Gold Rosettes Collection Ladies Ring at Purejewels UK<\/title>\n<meta name=\"description\" content=\"22ct Gold Rosettes Ring for Ladies is the perfect for Valentine&#039;s. This stunning piece of Ring will bring timeless elegance to any outfit.\" \/>\n<meta name=\"robots\" content=\"index, follow, max-snippet:-1, max-image-preview:large, max-video-preview:-1\" \/>\n<link rel=\"canonical\" href=\"https:\/\/www.purejewels.com\/tr\/urun\/bayanlar-icin-22-ayar-altin-yuzuk-l-beden-rozet-koleksiyonu-45358\/\" \/>\n<meta property=\"og:locale\" content=\"tr_TR\" \/>\n<meta property=\"og:type\" content=\"article\" \/>\n<meta property=\"og:title\" content=\"Shop 22ct Gold Rosettes Collection Ladies Ring at Purejewels UK\" \/>\n<meta property=\"og:description\" content=\"22ct Gold Rosettes Ring for Ladies is the perfect for Valentine&#039;s. This stunning piece of Ring will bring timeless elegance to any outfit.\" \/>\n<meta property=\"og:url\" content=\"https:\/\/www.purejewels.com\/tr\/urun\/bayanlar-icin-22-ayar-altin-yuzuk-l-beden-rozet-koleksiyonu-45358\/\" \/>\n<meta property=\"og:site_name\" content=\"PureJewels UK\" \/>\n<meta property=\"article:modified_time\" content=\"2026-01-07T06:13:08+00:00\" \/>\n<meta property=\"og:image\" content=\"https:\/\/www.purejewels.com\/wp-content\/uploads\/2023\/02\/22ct-Gold-Ladies-Ring.jpg\" \/>\n\t<meta property=\"og:image:width\" content=\"1000\" \/>\n\t<meta property=\"og:image:height\" content=\"1000\" \/>\n\t<meta property=\"og:image:type\" content=\"image\/jpeg\" \/>\n<meta name=\"twitter:card\" content=\"summary_large_image\" \/>\n<meta name=\"twitter:label1\" content=\"Tahmini okuma s\u00fcresi\" \/>\n\t<meta name=\"twitter:data1\" content=\"1 dakika\" \/>\n<script type=\"application\/ld+json\" class=\"yoast-schema-graph\">{\"@context\":\"https:\\\/\\\/schema.org\",\"@graph\":[{\"@type\":[\"WebPage\",\"ItemPage\"],\"@id\":\"https:\\\/\\\/www.purejewels.com\\\/product\\\/22ct-gold-ring-for-ladies-l-size-rosettes-collection-45358\\\/\",\"url\":\"https:\\\/\\\/www.purejewels.com\\\/product\\\/22ct-gold-ring-for-ladies-l-size-rosettes-collection-45358\\\/\",\"name\":\"Shop 22ct Gold Rosettes Collection Ladies Ring at Purejewels UK\",\"isPartOf\":{\"@id\":\"https:\\\/\\\/www.purejewels.com\\\/#website\"},\"primaryImageOfPage\":{\"@id\":\"https:\\\/\\\/www.purejewels.com\\\/product\\\/22ct-gold-ring-for-ladies-l-size-rosettes-collection-45358\\\/#primaryimage\"},\"image\":{\"@id\":\"https:\\\/\\\/www.purejewels.com\\\/product\\\/22ct-gold-ring-for-ladies-l-size-rosettes-collection-45358\\\/#primaryimage\"},\"thumbnailUrl\":\"https:\\\/\\\/static.purejewels.com\\\/wp-content\\\/uploads\\\/2023\\\/02\\\/22ct-Gold-Ladies-Ring.jpg\",\"datePublished\":\"2023-08-28T09:55:30+00:00\",\"dateModified\":\"2026-01-07T06:13:08+00:00\",\"description\":\"22ct Gold Rosettes Ring for Ladies is the perfect for Valentine's. This stunning piece of Ring will bring timeless elegance to any outfit.\",\"breadcrumb\":{\"@id\":\"https:\\\/\\\/www.purejewels.com\\\/product\\\/22ct-gold-ring-for-ladies-l-size-rosettes-collection-45358\\\/#breadcrumb\"},\"inLanguage\":\"tr\",\"potentialAction\":[{\"@type\":\"ReadAction\",\"target\":[\"https:\\\/\\\/www.purejewels.com\\\/product\\\/22ct-gold-ring-for-ladies-l-size-rosettes-collection-45358\\\/\"]}]},{\"@type\":\"ImageObject\",\"inLanguage\":\"tr\",\"@id\":\"https:\\\/\\\/www.purejewels.com\\\/product\\\/22ct-gold-ring-for-ladies-l-size-rosettes-collection-45358\\\/#primaryimage\",\"url\":\"https:\\\/\\\/static.purejewels.com\\\/wp-content\\\/uploads\\\/2023\\\/02\\\/22ct-Gold-Ladies-Ring.jpg\",\"contentUrl\":\"https:\\\/\\\/static.purejewels.com\\\/wp-content\\\/uploads\\\/2023\\\/02\\\/22ct-Gold-Ladies-Ring.jpg\",\"width\":1000,\"height\":1000,\"caption\":\"22ct Gold Ladies Ring | L Size | Rosettes Collection\"},{\"@type\":\"BreadcrumbList\",\"@id\":\"https:\\\/\\\/www.purejewels.com\\\/product\\\/22ct-gold-ring-for-ladies-l-size-rosettes-collection-45358\\\/#breadcrumb\",\"itemListElement\":[{\"@type\":\"ListItem\",\"position\":1,\"name\":\"Home\",\"item\":\"https:\\\/\\\/www.purejewels.com\\\/\"},{\"@type\":\"ListItem\",\"position\":2,\"name\":\"Shop\",\"item\":\"https:\\\/\\\/www.purejewels.com\\\/shop\\\/\"},{\"@type\":\"ListItem\",\"position\":3,\"name\":\"22ct Gold Ring For Ladies | Rosettes Collection | Size P 1\\\/2\"}]},{\"@type\":\"WebSite\",\"@id\":\"https:\\\/\\\/www.purejewels.com\\\/#website\",\"url\":\"https:\\\/\\\/www.purejewels.com\\\/\",\"name\":\"PureJewels UK\",\"description\":\"Share the Love\",\"publisher\":{\"@id\":\"https:\\\/\\\/www.purejewels.com\\\/#organization\"},\"potentialAction\":[{\"@type\":\"SearchAction\",\"target\":{\"@type\":\"EntryPoint\",\"urlTemplate\":\"https:\\\/\\\/www.purejewels.com\\\/?s={search_term_string}\"},\"query-input\":{\"@type\":\"PropertyValueSpecification\",\"valueRequired\":true,\"valueName\":\"search_term_string\"}}],\"inLanguage\":\"tr\"},{\"@type\":\"Organization\",\"@id\":\"https:\\\/\\\/www.purejewels.com\\\/#organization\",\"name\":\"PureJewels UK\",\"url\":\"https:\\\/\\\/www.purejewels.com\\\/\",\"logo\":{\"@type\":\"ImageObject\",\"inLanguage\":\"tr\",\"@id\":\"https:\\\/\\\/www.purejewels.com\\\/#\\\/schema\\\/logo\\\/image\\\/\",\"url\":\"https:\\\/\\\/static.purejewels.com\\\/wp-content\\\/uploads\\\/2020\\\/11\\\/Logo-PJ-New-1.png\",\"contentUrl\":\"https:\\\/\\\/static.purejewels.com\\\/wp-content\\\/uploads\\\/2020\\\/11\\\/Logo-PJ-New-1.png\",\"width\":150,\"height\":80,\"caption\":\"PureJewels UK\"},\"image\":{\"@id\":\"https:\\\/\\\/www.purejewels.com\\\/#\\\/schema\\\/logo\\\/image\\\/\"}}]}<\/script>\n<!-- \/ Yoast SEO plugin. -->","yoast_head_json":{"title":"Purejewels UK'de 22 Ayar Alt\u0131n Rozet Koleksiyonu Bayan Y\u00fcz\u00fc\u011f\u00fc sat\u0131n al\u0131n","description":"Bayanlar i\u00e7in 22 Ayar Alt\u0131n Rozet Y\u00fcz\u00fck Sevgililer G\u00fcn\u00fc i\u00e7in m\u00fckemmeldir. Bu \u00e7arp\u0131c\u0131 y\u00fcz\u00fck par\u00e7as\u0131 her k\u0131yafete zamans\u0131z bir \u015f\u0131kl\u0131k katacak.","robots":{"index":"index","follow":"follow","max-snippet":"max-snippet:-1","max-image-preview":"max-image-preview:large","max-video-preview":"max-video-preview:-1"},"canonical":"https:\/\/www.purejewels.com\/tr\/urun\/bayanlar-icin-22-ayar-altin-yuzuk-l-beden-rozet-koleksiyonu-45358\/","og_locale":"tr_TR","og_type":"article","og_title":"Shop 22ct Gold Rosettes Collection Ladies Ring at Purejewels UK","og_description":"22ct Gold Rosettes Ring for Ladies is the perfect for Valentine's. This stunning piece of Ring will bring timeless elegance to any outfit.","og_url":"https:\/\/www.purejewels.com\/tr\/urun\/bayanlar-icin-22-ayar-altin-yuzuk-l-beden-rozet-koleksiyonu-45358\/","og_site_name":"PureJewels UK","article_modified_time":"2026-01-07T06:13:08+00:00","og_image":[{"width":1000,"height":1000,"url":"https:\/\/www.purejewels.com\/wp-content\/uploads\/2023\/02\/22ct-Gold-Ladies-Ring.jpg","type":"image\/jpeg"}],"twitter_card":"summary_large_image","twitter_misc":{"Tahmini okuma s\u00fcresi":"1 dakika"},"schema":{"@context":"https:\/\/schema.org","@graph":[{"@type":["WebPage","ItemPage"],"@id":"https:\/\/www.purejewels.com\/product\/22ct-gold-ring-for-ladies-l-size-rosettes-collection-45358\/","url":"https:\/\/www.purejewels.com\/product\/22ct-gold-ring-for-ladies-l-size-rosettes-collection-45358\/","name":"Purejewels UK'de 22 Ayar Alt\u0131n Rozet Koleksiyonu Bayan Y\u00fcz\u00fc\u011f\u00fc sat\u0131n al\u0131n","isPartOf":{"@id":"https:\/\/www.purejewels.com\/#website"},"primaryImageOfPage":{"@id":"https:\/\/www.purejewels.com\/product\/22ct-gold-ring-for-ladies-l-size-rosettes-collection-45358\/#primaryimage"},"image":{"@id":"https:\/\/www.purejewels.com\/product\/22ct-gold-ring-for-ladies-l-size-rosettes-collection-45358\/#primaryimage"},"thumbnailUrl":"https:\/\/static.purejewels.com\/wp-content\/uploads\/2023\/02\/22ct-Gold-Ladies-Ring.jpg","datePublished":"2023-08-28T09:55:30+00:00","dateModified":"2026-01-07T06:13:08+00:00","description":"Bayanlar i\u00e7in 22 Ayar Alt\u0131n Rozet Y\u00fcz\u00fck Sevgililer G\u00fcn\u00fc i\u00e7in m\u00fckemmeldir. Bu \u00e7arp\u0131c\u0131 y\u00fcz\u00fck par\u00e7as\u0131 her k\u0131yafete zamans\u0131z bir \u015f\u0131kl\u0131k katacak.","breadcrumb":{"@id":"https:\/\/www.purejewels.com\/product\/22ct-gold-ring-for-ladies-l-size-rosettes-collection-45358\/#breadcrumb"},"inLanguage":"tr","potentialAction":[{"@type":"ReadAction","target":["https:\/\/www.purejewels.com\/product\/22ct-gold-ring-for-ladies-l-size-rosettes-collection-45358\/"]}]},{"@type":"ImageObject","inLanguage":"tr","@id":"https:\/\/www.purejewels.com\/product\/22ct-gold-ring-for-ladies-l-size-rosettes-collection-45358\/#primaryimage","url":"https:\/\/static.purejewels.com\/wp-content\/uploads\/2023\/02\/22ct-Gold-Ladies-Ring.jpg","contentUrl":"https:\/\/static.purejewels.com\/wp-content\/uploads\/2023\/02\/22ct-Gold-Ladies-Ring.jpg","width":1000,"height":1000,"caption":"22ct Gold Ladies Ring | L Size | Rosettes Collection"},{"@type":"BreadcrumbList","@id":"https:\/\/www.purejewels.com\/product\/22ct-gold-ring-for-ladies-l-size-rosettes-collection-45358\/#breadcrumb","itemListElement":[{"@type":"ListItem","position":1,"name":"Home","item":"https:\/\/www.purejewels.com\/"},{"@type":"ListItem","position":2,"name":"Shop","item":"https:\/\/www.purejewels.com\/shop\/"},{"@type":"ListItem","position":3,"name":"22ct Gold Ring For Ladies | Rosettes Collection | Size P 1\/2"}]},{"@type":"WebSite","@id":"https:\/\/www.purejewels.com\/#website","url":"https:\/\/www.purejewels.com\/","name":"PureJewels \u0130ngiltere","description":"Sevgiyi Payla\u015f\u0131n","publisher":{"@id":"https:\/\/www.purejewels.com\/#organization"},"potentialAction":[{"@type":"SearchAction","target":{"@type":"EntryPoint","urlTemplate":"https:\/\/www.purejewels.com\/?s={search_term_string}"},"query-input":{"@type":"PropertyValueSpecification","valueRequired":true,"valueName":"search_term_string"}}],"inLanguage":"tr"},{"@type":"Organization","@id":"https:\/\/www.purejewels.com\/#organization","name":"PureJewels \u0130ngiltere","url":"https:\/\/www.purejewels.com\/","logo":{"@type":"ImageObject","inLanguage":"tr","@id":"https:\/\/www.purejewels.com\/#\/schema\/logo\/image\/","url":"https:\/\/static.purejewels.com\/wp-content\/uploads\/2020\/11\/Logo-PJ-New-1.png","contentUrl":"https:\/\/static.purejewels.com\/wp-content\/uploads\/2020\/11\/Logo-PJ-New-1.png","width":150,"height":80,"caption":"PureJewels UK"},"image":{"@id":"https:\/\/www.purejewels.com\/#\/schema\/logo\/image\/"}}]}},"_links":{"self":[{"href":"https:\/\/www.purejewels.com\/tr\/wp-json\/wp\/v2\/product\/343747","targetHints":{"allow":["GET"]}}],"collection":[{"href":"https:\/\/www.purejewels.com\/tr\/wp-json\/wp\/v2\/product"}],"about":[{"href":"https:\/\/www.purejewels.com\/tr\/wp-json\/wp\/v2\/types\/product"}],"replies":[{"embeddable":true,"href":"https:\/\/www.purejewels.com\/tr\/wp-json\/wp\/v2\/comments?post=343747"}],"version-history":[{"count":3,"href":"https:\/\/www.purejewels.com\/tr\/wp-json\/wp\/v2\/product\/343747\/revisions"}],"predecessor-version":[{"id":395962,"href":"https:\/\/www.purejewels.com\/tr\/wp-json\/wp\/v2\/product\/343747\/revisions\/395962"}],"wp:featuredmedia":[{"embeddable":true,"href":"https:\/\/www.purejewels.com\/tr\/wp-json\/wp\/v2\/media\/343739"}],"wp:attachment":[{"href":"https:\/\/www.purejewels.com\/tr\/wp-json\/wp\/v2\/media?parent=343747"}],"wp:term":[{"taxonomy":"product_brand","embeddable":true,"href":"https:\/\/www.purejewels.com\/tr\/wp-json\/wp\/v2\/product_brand?post=343747"},{"taxonomy":"product_cat","embeddable":true,"href":"https:\/\/www.purejewels.com\/tr\/wp-json\/wp\/v2\/product_cat?post=343747"},{"taxonomy":"product_tag","embeddable":true,"href":"https:\/\/www.purejewels.com\/tr\/wp-json\/wp\/v2\/product_tag?post=343747"}],"curies":[{"name":"wp","href":"https:\/\/api.w.org\/{rel}","templated":true}]}}