{"id":343755,"date":"2023-11-27T12:26:07","date_gmt":"2023-11-27T12:26:07","guid":{"rendered":"https:\/\/www.purejewels.com\/?post_type=product&#038;p=343755"},"modified":"2026-02-03T08:41:04","modified_gmt":"2026-02-03T08:41:04","slug":"22-ayar-altin-bas-harf-f-kolye-ucu-cz-ile-0-6-inc-unisex-42281","status":"publish","type":"product","link":"https:\/\/www.purejewels.com\/tr\/product\/22ct-gold-initial-f-pendant-with-cz-0-6-inches-unisex-42281\/","title":{"rendered":"CZ'li 22 Ayar Alt\u0131n Ba\u015f Harfi F Kolye | 0,6 \u0130n\u00e7"},"content":{"rendered":"<p>Bu \u00e7arp\u0131c\u0131 22 Ayar Alt\u0131n CZ'li F Harfli Kolye, hem erkekler hem de kad\u0131nlar i\u00e7in m\u00fckemmel bir aksesuard\u0131r. Karma\u015f\u0131k tasar\u0131m, kolyeye zarafet katan \u0131\u015f\u0131lt\u0131l\u0131 bir k\u00fcbik zirkon ta\u015fa sahiptir. 0,6 in\u00e7 \u00f6l\u00e7\u00fcs\u00fcndeki bu kolye ucu yaln\u0131zca 0,9 gram a\u011f\u0131rl\u0131\u011f\u0131yla g\u00fcn boyu rahat\u00e7a tak\u0131labilecek kadar hafiftir.<\/p>\n<p>Her bir kolye ucu bir sunum kutusunda g\u00fczelce paketlenmi\u015f olarak gelir ve sevdikleriniz i\u00e7in ideal bir hediye olur. Zincirin dahil olmad\u0131\u011f\u0131n\u0131 l\u00fctfen unutmay\u0131n, ancak m\u00fckemmel uyumu bulmak i\u00e7in Tilki Kuyru\u011fu Zincir koleksiyonumuzu ke\u015ffedebilirsiniz.<\/p>\n<p>PureJewels UK'de t\u00fcm alfabeleri ma\u011fazam\u0131zda sunuyoruz, b\u00f6ylece sizin veya sevdi\u011finiz ki\u015finin ba\u015f harfleriyle ki\u015fiselle\u015ftirilmi\u015f bir kolye olu\u015fturabilirsiniz. Bulunabilirlik hakk\u0131nda herhangi bir sorunuz varsa veya daha fazla resim g\u00f6rmek istiyorsan\u0131z, canl\u0131 sohbet deste\u011fimiz size yard\u0131mc\u0131 olmak i\u00e7in burada.<\/p>","protected":false},"excerpt":{"rendered":"<div class=\"woocommerce-product-details__short-description\">\n<table class=\"sh_desc\">\n<tbody>\n<tr>\n<td>Kolye Tipi<\/td>\n<td>Initial Kolye Ucu<\/td>\n<\/tr>\n<tr>\n<td>SKU<\/td>\n<td>42281<\/td>\n<\/tr>\n<tr>\n<td>A\u011f\u0131rl\u0131k<\/td>\n<td>0.9 Gms<\/td>\n<\/tr>\n<tr>\n<td>Metal<\/td>\n<td>22 Ayar Alt\u0131n<\/td>\n<\/tr>\n<tr>\n<td>\u00dccretler<\/td>\n<td>Teslimat ve KDV Dahil<\/td>\n<\/tr>\n<tr>\n<td>Paketleme<\/td>\n<td>Sunum Kutusu ile Birlikte Gelir<\/td>\n<\/tr>\n<tr>\n<td>Daha Fazla Bilgi<\/td>\n<td>\n<ul>\n<li>Zincir dahil de\u011fildir<\/li>\n<li>Bizim g\u00f6r\u00fcnt\u00fcleyin<strong> Tilki Kuyru\u011fu Zinciri<\/strong>\u00a0koleksiyon<\/li>\n<li>T\u00fcm Alfabeler ma\u011fazada mevcuttur<\/li>\n<li><span style=\"font-family: inherit;\">M\u00fcsaitlik durumu ve daha fazla resim i\u00e7in bizimle canl\u0131 sohbet edin<\/span><\/li>\n<\/ul>\n<\/td>\n<\/tr>\n<\/tbody>\n<\/table>\n<\/div>","protected":false},"featured_media":345083,"comment_status":"closed","ping_status":"closed","template":"","meta":{"_eb_attr":"","_crsspst_to_jayantr4sg-hostcom":true},"product_brand":[],"product_cat":[1559,1576,1794,1793,1229,1255,5598,5342,5943,1769,1767,1572,1768,5338,1575,1569,1574],"product_tag":[],"class_list":{"0":"post-343755","1":"product","2":"type-product","3":"status-publish","4":"has-post-thumbnail","6":"product_cat-birthday-gifts","7":"product_cat-childrens-jewellery","8":"product_cat-christmas-gifts","9":"product_cat-diwali-gifts","10":"product_cat-22ct-gold-jewellery","11":"product_cat-gold-pendants","12":"product_cat-initial-pendant","13":"product_cat-jewellery-under-250","14":"product_cat-kids-jewellery","15":"product_cat-kids-pendants","16":"product_cat-ladies-pendants","17":"product_cat-mens-jewellery","18":"product_cat-mens-pendants","19":"product_cat-shop-by-price","20":"product_cat-teenage-jewellery","21":"product_cat-valentine-day-gifts","22":"product_cat-womens-jewellery","24":"first","25":"instock","26":"taxable","27":"shipping-taxable","28":"purchasable","29":"product-type-simple","30":"add-to-wishlist-before_image"},"yoast_head":"<!-- This site is optimized with the Yoast SEO plugin v27.5 - https:\/\/yoast.com\/product\/yoast-seo-wordpress\/ -->\n<title>Initial Pendant | F Letter Pendant for Unisex | PureJewels UK<\/title>\n<meta name=\"description\" content=\"Fancy Initial F Pendants with CZ Stone Online in UK | Certified Jewellery | Buy Pendants &amp; Matching Chains For Everyday Wear | Free Shipping at UK.\" \/>\n<meta name=\"robots\" content=\"index, follow, max-snippet:-1, max-image-preview:large, max-video-preview:-1\" \/>\n<link rel=\"canonical\" href=\"https:\/\/www.purejewels.com\/tr\/urun\/22-ayar-altin-bas-harf-f-kolye-ucu-cz-ile-0-6-inc-unisex-42281\/\" \/>\n<meta property=\"og:locale\" content=\"tr_TR\" \/>\n<meta property=\"og:type\" content=\"article\" \/>\n<meta property=\"og:title\" content=\"Initial Pendant | F Letter Pendant for Unisex | PureJewels UK\" \/>\n<meta property=\"og:description\" content=\"Fancy Initial F Pendants with CZ Stone Online in UK | Certified Jewellery | Buy Pendants &amp; Matching Chains For Everyday Wear | Free Shipping at UK.\" \/>\n<meta property=\"og:url\" content=\"https:\/\/www.purejewels.com\/tr\/urun\/22-ayar-altin-bas-harf-f-kolye-ucu-cz-ile-0-6-inc-unisex-42281\/\" \/>\n<meta property=\"og:site_name\" content=\"PureJewels UK\" \/>\n<meta property=\"article:modified_time\" content=\"2026-02-03T08:41:04+00:00\" \/>\n<meta property=\"og:image\" content=\"https:\/\/static.purejewels.com\/wp-content\/uploads\/2023\/02\/42281-1.jpg\" \/>\n\t<meta property=\"og:image:width\" content=\"1\" \/>\n\t<meta property=\"og:image:height\" content=\"1\" \/>\n\t<meta property=\"og:image:type\" content=\"image\/jpeg\" \/>\n<meta name=\"twitter:card\" content=\"summary_large_image\" \/>\n<meta name=\"twitter:label1\" content=\"Tahmini okuma s\u00fcresi\" \/>\n\t<meta name=\"twitter:data1\" content=\"1 dakika\" \/>\n<script type=\"application\/ld+json\" class=\"yoast-schema-graph\">{\"@context\":\"https:\\\/\\\/schema.org\",\"@graph\":[{\"@type\":[\"WebPage\",\"ItemPage\"],\"@id\":\"https:\\\/\\\/www.purejewels.com\\\/product\\\/22ct-gold-initial-f-pendant-with-cz-0-6-inches-unisex-42281\\\/\",\"url\":\"https:\\\/\\\/www.purejewels.com\\\/product\\\/22ct-gold-initial-f-pendant-with-cz-0-6-inches-unisex-42281\\\/\",\"name\":\"Initial Pendant | F Letter Pendant for Unisex | PureJewels UK\",\"isPartOf\":{\"@id\":\"https:\\\/\\\/www.purejewels.com\\\/#website\"},\"primaryImageOfPage\":{\"@id\":\"https:\\\/\\\/www.purejewels.com\\\/product\\\/22ct-gold-initial-f-pendant-with-cz-0-6-inches-unisex-42281\\\/#primaryimage\"},\"image\":{\"@id\":\"https:\\\/\\\/www.purejewels.com\\\/product\\\/22ct-gold-initial-f-pendant-with-cz-0-6-inches-unisex-42281\\\/#primaryimage\"},\"thumbnailUrl\":\"https:\\\/\\\/static.purejewels.com\\\/wp-content\\\/uploads\\\/2023\\\/02\\\/42281-1.jpg\",\"datePublished\":\"2023-11-27T12:26:07+00:00\",\"dateModified\":\"2026-02-03T08:41:04+00:00\",\"description\":\"Fancy Initial F Pendants with CZ Stone Online in UK | Certified Jewellery | Buy Pendants & Matching Chains For Everyday Wear | Free Shipping at UK.\",\"breadcrumb\":{\"@id\":\"https:\\\/\\\/www.purejewels.com\\\/product\\\/22ct-gold-initial-f-pendant-with-cz-0-6-inches-unisex-42281\\\/#breadcrumb\"},\"inLanguage\":\"tr\",\"potentialAction\":[{\"@type\":\"ReadAction\",\"target\":[\"https:\\\/\\\/www.purejewels.com\\\/product\\\/22ct-gold-initial-f-pendant-with-cz-0-6-inches-unisex-42281\\\/\"]}]},{\"@type\":\"ImageObject\",\"inLanguage\":\"tr\",\"@id\":\"https:\\\/\\\/www.purejewels.com\\\/product\\\/22ct-gold-initial-f-pendant-with-cz-0-6-inches-unisex-42281\\\/#primaryimage\",\"url\":\"https:\\\/\\\/static.purejewels.com\\\/wp-content\\\/uploads\\\/2023\\\/02\\\/42281-1.jpg\",\"contentUrl\":\"https:\\\/\\\/static.purejewels.com\\\/wp-content\\\/uploads\\\/2023\\\/02\\\/42281-1.jpg\",\"caption\":\"22ct Gold Initial F Pendant with CZ 42281-1\"},{\"@type\":\"BreadcrumbList\",\"@id\":\"https:\\\/\\\/www.purejewels.com\\\/product\\\/22ct-gold-initial-f-pendant-with-cz-0-6-inches-unisex-42281\\\/#breadcrumb\",\"itemListElement\":[{\"@type\":\"ListItem\",\"position\":1,\"name\":\"Home\",\"item\":\"https:\\\/\\\/www.purejewels.com\\\/\"},{\"@type\":\"ListItem\",\"position\":2,\"name\":\"Shop\",\"item\":\"https:\\\/\\\/www.purejewels.com\\\/shop\\\/\"},{\"@type\":\"ListItem\",\"position\":3,\"name\":\"22ct Gold Initial F Pendant with CZ | 0.6 Inches\"}]},{\"@type\":\"WebSite\",\"@id\":\"https:\\\/\\\/www.purejewels.com\\\/#website\",\"url\":\"https:\\\/\\\/www.purejewels.com\\\/\",\"name\":\"PureJewels UK\",\"description\":\"Share the Love\",\"publisher\":{\"@id\":\"https:\\\/\\\/www.purejewels.com\\\/#organization\"},\"potentialAction\":[{\"@type\":\"SearchAction\",\"target\":{\"@type\":\"EntryPoint\",\"urlTemplate\":\"https:\\\/\\\/www.purejewels.com\\\/?s={search_term_string}\"},\"query-input\":{\"@type\":\"PropertyValueSpecification\",\"valueRequired\":true,\"valueName\":\"search_term_string\"}}],\"inLanguage\":\"tr\"},{\"@type\":\"Organization\",\"@id\":\"https:\\\/\\\/www.purejewels.com\\\/#organization\",\"name\":\"PureJewels UK\",\"url\":\"https:\\\/\\\/www.purejewels.com\\\/\",\"logo\":{\"@type\":\"ImageObject\",\"inLanguage\":\"tr\",\"@id\":\"https:\\\/\\\/www.purejewels.com\\\/#\\\/schema\\\/logo\\\/image\\\/\",\"url\":\"https:\\\/\\\/static.purejewels.com\\\/wp-content\\\/uploads\\\/2020\\\/11\\\/Logo-PJ-New-1.png\",\"contentUrl\":\"https:\\\/\\\/static.purejewels.com\\\/wp-content\\\/uploads\\\/2020\\\/11\\\/Logo-PJ-New-1.png\",\"width\":150,\"height\":80,\"caption\":\"PureJewels UK\"},\"image\":{\"@id\":\"https:\\\/\\\/www.purejewels.com\\\/#\\\/schema\\\/logo\\\/image\\\/\"}}]}<\/script>\n<!-- \/ Yoast SEO plugin. -->","yoast_head_json":{"title":"Ba\u015f Harf Kolye | Unisex i\u00e7in F Harf Kolye | PureJewels UK","description":"CZ Ta\u015fl\u0131 Fantezi Ba\u015f Harfi F Kolyeler \u0130ngiltere'de \u00c7evrimi\u00e7i | Sertifikal\u0131 M\u00fccevherat | G\u00fcnl\u00fck Giyim \u0130\u00e7in Kolye ve E\u015fle\u015fen Zincirler Sat\u0131n Al\u0131n | \u0130ngiltere'de \u00dccretsiz Kargo.","robots":{"index":"index","follow":"follow","max-snippet":"max-snippet:-1","max-image-preview":"max-image-preview:large","max-video-preview":"max-video-preview:-1"},"canonical":"https:\/\/www.purejewels.com\/tr\/urun\/22-ayar-altin-bas-harf-f-kolye-ucu-cz-ile-0-6-inc-unisex-42281\/","og_locale":"tr_TR","og_type":"article","og_title":"Initial Pendant | F Letter Pendant for Unisex | PureJewels UK","og_description":"Fancy Initial F Pendants with CZ Stone Online in UK | Certified Jewellery | Buy Pendants & Matching Chains For Everyday Wear | Free Shipping at UK.","og_url":"https:\/\/www.purejewels.com\/tr\/urun\/22-ayar-altin-bas-harf-f-kolye-ucu-cz-ile-0-6-inc-unisex-42281\/","og_site_name":"PureJewels UK","article_modified_time":"2026-02-03T08:41:04+00:00","og_image":[{"url":"https:\/\/static.purejewels.com\/wp-content\/uploads\/2023\/02\/42281-1.jpg","width":1,"height":1,"type":"image\/jpeg"}],"twitter_card":"summary_large_image","twitter_misc":{"Tahmini okuma s\u00fcresi":"1 dakika"},"schema":{"@context":"https:\/\/schema.org","@graph":[{"@type":["WebPage","ItemPage"],"@id":"https:\/\/www.purejewels.com\/product\/22ct-gold-initial-f-pendant-with-cz-0-6-inches-unisex-42281\/","url":"https:\/\/www.purejewels.com\/product\/22ct-gold-initial-f-pendant-with-cz-0-6-inches-unisex-42281\/","name":"Ba\u015f Harf Kolye | Unisex i\u00e7in F Harf Kolye | PureJewels UK","isPartOf":{"@id":"https:\/\/www.purejewels.com\/#website"},"primaryImageOfPage":{"@id":"https:\/\/www.purejewels.com\/product\/22ct-gold-initial-f-pendant-with-cz-0-6-inches-unisex-42281\/#primaryimage"},"image":{"@id":"https:\/\/www.purejewels.com\/product\/22ct-gold-initial-f-pendant-with-cz-0-6-inches-unisex-42281\/#primaryimage"},"thumbnailUrl":"https:\/\/static.purejewels.com\/wp-content\/uploads\/2023\/02\/42281-1.jpg","datePublished":"2023-11-27T12:26:07+00:00","dateModified":"2026-02-03T08:41:04+00:00","description":"CZ Ta\u015fl\u0131 Fantezi Ba\u015f Harfi F Kolyeler \u0130ngiltere'de \u00c7evrimi\u00e7i | Sertifikal\u0131 M\u00fccevherat | G\u00fcnl\u00fck Giyim \u0130\u00e7in Kolye ve E\u015fle\u015fen Zincirler Sat\u0131n Al\u0131n | \u0130ngiltere'de \u00dccretsiz Kargo.","breadcrumb":{"@id":"https:\/\/www.purejewels.com\/product\/22ct-gold-initial-f-pendant-with-cz-0-6-inches-unisex-42281\/#breadcrumb"},"inLanguage":"tr","potentialAction":[{"@type":"ReadAction","target":["https:\/\/www.purejewels.com\/product\/22ct-gold-initial-f-pendant-with-cz-0-6-inches-unisex-42281\/"]}]},{"@type":"ImageObject","inLanguage":"tr","@id":"https:\/\/www.purejewels.com\/product\/22ct-gold-initial-f-pendant-with-cz-0-6-inches-unisex-42281\/#primaryimage","url":"https:\/\/static.purejewels.com\/wp-content\/uploads\/2023\/02\/42281-1.jpg","contentUrl":"https:\/\/static.purejewels.com\/wp-content\/uploads\/2023\/02\/42281-1.jpg","caption":"22ct Gold Initial F Pendant with CZ 42281-1"},{"@type":"BreadcrumbList","@id":"https:\/\/www.purejewels.com\/product\/22ct-gold-initial-f-pendant-with-cz-0-6-inches-unisex-42281\/#breadcrumb","itemListElement":[{"@type":"ListItem","position":1,"name":"Home","item":"https:\/\/www.purejewels.com\/"},{"@type":"ListItem","position":2,"name":"Shop","item":"https:\/\/www.purejewels.com\/shop\/"},{"@type":"ListItem","position":3,"name":"22ct Gold Initial F Pendant with CZ | 0.6 Inches"}]},{"@type":"WebSite","@id":"https:\/\/www.purejewels.com\/#website","url":"https:\/\/www.purejewels.com\/","name":"PureJewels \u0130ngiltere","description":"Sevgiyi Payla\u015f\u0131n","publisher":{"@id":"https:\/\/www.purejewels.com\/#organization"},"potentialAction":[{"@type":"SearchAction","target":{"@type":"EntryPoint","urlTemplate":"https:\/\/www.purejewels.com\/?s={search_term_string}"},"query-input":{"@type":"PropertyValueSpecification","valueRequired":true,"valueName":"search_term_string"}}],"inLanguage":"tr"},{"@type":"Organization","@id":"https:\/\/www.purejewels.com\/#organization","name":"PureJewels \u0130ngiltere","url":"https:\/\/www.purejewels.com\/","logo":{"@type":"ImageObject","inLanguage":"tr","@id":"https:\/\/www.purejewels.com\/#\/schema\/logo\/image\/","url":"https:\/\/static.purejewels.com\/wp-content\/uploads\/2020\/11\/Logo-PJ-New-1.png","contentUrl":"https:\/\/static.purejewels.com\/wp-content\/uploads\/2020\/11\/Logo-PJ-New-1.png","width":150,"height":80,"caption":"PureJewels UK"},"image":{"@id":"https:\/\/www.purejewels.com\/#\/schema\/logo\/image\/"}}]}},"_links":{"self":[{"href":"https:\/\/www.purejewels.com\/tr\/wp-json\/wp\/v2\/product\/343755","targetHints":{"allow":["GET"]}}],"collection":[{"href":"https:\/\/www.purejewels.com\/tr\/wp-json\/wp\/v2\/product"}],"about":[{"href":"https:\/\/www.purejewels.com\/tr\/wp-json\/wp\/v2\/types\/product"}],"replies":[{"embeddable":true,"href":"https:\/\/www.purejewels.com\/tr\/wp-json\/wp\/v2\/comments?post=343755"}],"version-history":[{"count":4,"href":"https:\/\/www.purejewels.com\/tr\/wp-json\/wp\/v2\/product\/343755\/revisions"}],"predecessor-version":[{"id":420338,"href":"https:\/\/www.purejewels.com\/tr\/wp-json\/wp\/v2\/product\/343755\/revisions\/420338"}],"wp:featuredmedia":[{"embeddable":true,"href":"https:\/\/www.purejewels.com\/tr\/wp-json\/wp\/v2\/media\/345083"}],"wp:attachment":[{"href":"https:\/\/www.purejewels.com\/tr\/wp-json\/wp\/v2\/media?parent=343755"}],"wp:term":[{"taxonomy":"product_brand","embeddable":true,"href":"https:\/\/www.purejewels.com\/tr\/wp-json\/wp\/v2\/product_brand?post=343755"},{"taxonomy":"product_cat","embeddable":true,"href":"https:\/\/www.purejewels.com\/tr\/wp-json\/wp\/v2\/product_cat?post=343755"},{"taxonomy":"product_tag","embeddable":true,"href":"https:\/\/www.purejewels.com\/tr\/wp-json\/wp\/v2\/product_tag?post=343755"}],"curies":[{"name":"wp","href":"https:\/\/api.w.org\/{rel}","templated":true}]}}