{"id":343877,"date":"2023-02-14T07:06:52","date_gmt":"2023-02-14T07:06:52","guid":{"rendered":"https:\/\/www.purejewels.com\/?post_type=product&#038;p=343877"},"modified":"2026-03-23T06:38:59","modified_gmt":"2026-03-23T06:38:59","slug":"22-ayar-altin-ejderha-zinciri-44584","status":"publish","type":"product","link":"https:\/\/www.purejewels.com\/tr\/product\/22ct-gold-dragon-chain-44584\/","title":{"rendered":"22 Ayar Alt\u0131n | Ejderha Zinciri | 20 \u0130n\u00e7 | 1,3mm Kal\u0131nl\u0131k"},"content":{"rendered":"<p><span data-sheets-root=\"1\">Bu enfes <a href=\"https:\/\/www.purejewels.com\/tr\/urun-kategori%cc%87si%cc%87\/22-ayar-altin-takilar\/altin-zincirler\/bayan-zi%cc%87nci%cc%87rleri%cc%87\/\" target=\"_blank\" rel=\"noopener\">22 ayar alt\u0131n ejderha zinciri<\/a> g\u00fc\u00e7 ve kudretin sembol\u00fcd\u00fcr ve m\u00fccevherleriyle cesur bir ifade vermek isteyenler i\u00e7in m\u00fckemmeldir. Som 22 ayar alt\u0131ndan \u00fcretilen bu zincir sadece \u00e7arp\u0131c\u0131 bir tasar\u0131ma sahip olmakla kalmaz, ayn\u0131 zamanda dayan\u0131kl\u0131 ve uzun \u00f6m\u00fcrl\u00fcd\u00fcr. Karma\u015f\u0131k ejderha detaylar\u0131 bu par\u00e7aya gizemli ve \u015f\u0131k bir dokunu\u015f katarak onu ger\u00e7ekten e\u015fsiz ve g\u00f6z al\u0131c\u0131 bir aksesuar haline getiriyor.<\/span><\/p>\n<p>20 in\u00e7 uzunlu\u011funda ve 1,3 mm kal\u0131nl\u0131\u011f\u0131ndaki bu zincir, kaliteli i\u015f\u00e7ili\u011fi ve detaylara g\u00f6sterilen \u00f6zeni takdir eden hem erkekler hem de kad\u0131nlar i\u00e7in m\u00fckemmeldir. Her bir par\u00e7a Londra Tahlil Ofisi taraf\u0131ndan damgalanarak orijinalli\u011fini ve kalitesini garanti eder. \u0130ster sevdi\u011finiz biri i\u00e7in \u00f6zel bir hediye ar\u0131yor olun, ister sadece kendinizi \u00f6zel bir \u015feyle \u00f6d\u00fcllendirmek isteyin, bu 22 ayar alt\u0131n <a href=\"https:\/\/www.purejewels.com\/tr\/product-category\/22ct-gold-jewellery\/gold-chains\/dragon-chain\/\">ejderha zinciri<\/a> kesinlikle etkileyecek.<\/p>\n<p>Bu \u00e7arp\u0131c\u0131 par\u00e7ay\u0131 m\u00fccevher koleksiyonunuza bug\u00fcn ekleyin ve stilinizi bir \u00fcst seviyeye ta\u015f\u0131y\u0131n.<\/p>","protected":false},"excerpt":{"rendered":"<table class=\"sh_desc\">\n<tbody>\n<tr>\n<td>Zincir Tipi<\/td>\n<td>Ejderha Zinciri<\/td>\n<\/tr>\n<tr>\n<td>SKU<\/td>\n<td>46605<\/td>\n<\/tr>\n<tr>\n<td>A\u011f\u0131rl\u0131k<\/td>\n<td>6.2 Gms<\/td>\n<\/tr>\n<tr>\n<td>Metal<\/td>\n<td>22 Ayar Alt\u0131n<\/td>\n<\/tr>\n<tr>\n<td>Kal\u0131nl\u0131k<\/td>\n<td>1.3mm<\/td>\n<\/tr>\n<tr>\n<td>Uzunluk<\/td>\n<td>20 in\u00e7<\/td>\n<\/tr>\n<tr>\n<td>Hallmark<\/td>\n<td>Londra Tahlil Ofisi Taraf\u0131ndan Damgalanm\u0131\u015f 22 Ayar Alt\u0131n<\/td>\n<\/tr>\n<tr>\n<td>\u00dccretler<\/td>\n<td>Teslimat ve KDV Dahil<\/td>\n<\/tr>\n<tr>\n<td>Paketleme<\/td>\n<td>Sunum Kutusu ile birlikte gelir<\/td>\n<\/tr>\n<tr>\n<td>Daha Fazla Bilgi<\/td>\n<td>M\u00fcsaitlik durumu ve daha fazla resim i\u00e7in bizimle canl\u0131 sohbet edin<\/td>\n<\/tr>\n<\/tbody>\n<\/table>","protected":false},"featured_media":327596,"comment_status":"closed","ping_status":"closed","template":"","meta":{"_eb_attr":"","_crsspst_to_jayantr4sg-hostcom":true},"product_brand":[],"product_cat":[1559,5584,1571,1475,1229,1572,1570,1574,5349],"product_tag":[65,1430],"class_list":{"0":"post-343877","1":"product","2":"type-product","3":"status-publish","4":"has-post-thumbnail","6":"product_cat-birthday-gifts","7":"product_cat-dragon-chain","8":"product_cat-fathers-day-gifts","9":"product_cat-gold-chains","10":"product_cat-22ct-gold-jewellery","11":"product_cat-mens-jewellery","12":"product_cat-mothers-day-gifts","13":"product_cat-womens-jewellery","14":"product_cat-yellow-gold-jewellery","15":"product_tag-chains","16":"product_tag-diwali-gift","18":"first","19":"onbackorder","20":"taxable","21":"shipping-taxable","22":"product-type-simple","23":"add-to-wishlist-before_image"},"yoast_head":"<!-- This site is optimized with the Yoast SEO plugin v27.5 - https:\/\/yoast.com\/product\/yoast-seo-wordpress\/ -->\n<title>Solid 22ct Gold Dragon Chain in 20 Inches | purejewels.com<\/title>\n<meta name=\"description\" content=\"This 22ct Solid Gold Chain is available for Men and Women. This Dragon chain features a smooth look with a minimalist classic look.\" \/>\n<meta name=\"robots\" content=\"index, follow, max-snippet:-1, max-image-preview:large, max-video-preview:-1\" \/>\n<link rel=\"canonical\" href=\"https:\/\/www.purejewels.com\/tr\/urun\/22-ayar-altin-ejderha-zinciri-44584\/\" \/>\n<meta property=\"og:locale\" content=\"tr_TR\" \/>\n<meta property=\"og:type\" content=\"article\" \/>\n<meta property=\"og:title\" content=\"Solid 22ct Gold Dragon Chain in 20 Inches | purejewels.com\" \/>\n<meta property=\"og:description\" content=\"This 22ct Solid Gold Chain is available for Men and Women. This Dragon chain features a smooth look with a minimalist classic look.\" \/>\n<meta property=\"og:url\" content=\"https:\/\/www.purejewels.com\/tr\/urun\/22-ayar-altin-ejderha-zinciri-44584\/\" \/>\n<meta property=\"og:site_name\" content=\"PureJewels UK\" \/>\n<meta property=\"article:modified_time\" content=\"2026-03-23T06:38:59+00:00\" \/>\n<meta property=\"og:image\" content=\"https:\/\/static.purejewels.com\/wp-content\/uploads\/2021\/10\/34347-1.jpg\" \/>\n\t<meta property=\"og:image:width\" content=\"1000\" \/>\n\t<meta property=\"og:image:height\" content=\"1000\" \/>\n\t<meta property=\"og:image:type\" content=\"image\/jpeg\" \/>\n<meta name=\"twitter:card\" content=\"summary_large_image\" \/>\n<meta name=\"twitter:label1\" content=\"Tahmini okuma s\u00fcresi\" \/>\n\t<meta name=\"twitter:data1\" content=\"1 dakika\" \/>\n<script type=\"application\/ld+json\" class=\"yoast-schema-graph\">{\"@context\":\"https:\\\/\\\/schema.org\",\"@graph\":[{\"@type\":[\"WebPage\",\"ItemPage\"],\"@id\":\"https:\\\/\\\/www.purejewels.com\\\/product\\\/22ct-gold-dragon-chain-44584\\\/\",\"url\":\"https:\\\/\\\/www.purejewels.com\\\/product\\\/22ct-gold-dragon-chain-44584\\\/\",\"name\":\"Solid 22ct Gold Dragon Chain in 20 Inches | purejewels.com\",\"isPartOf\":{\"@id\":\"https:\\\/\\\/www.purejewels.com\\\/#website\"},\"primaryImageOfPage\":{\"@id\":\"https:\\\/\\\/www.purejewels.com\\\/product\\\/22ct-gold-dragon-chain-44584\\\/#primaryimage\"},\"image\":{\"@id\":\"https:\\\/\\\/www.purejewels.com\\\/product\\\/22ct-gold-dragon-chain-44584\\\/#primaryimage\"},\"thumbnailUrl\":\"https:\\\/\\\/static.purejewels.com\\\/wp-content\\\/uploads\\\/2021\\\/10\\\/34347-1.jpg\",\"datePublished\":\"2023-02-14T07:06:52+00:00\",\"dateModified\":\"2026-03-23T06:38:59+00:00\",\"description\":\"This 22ct Solid Gold Chain is available for Men and Women. This Dragon chain features a smooth look with a minimalist classic look.\",\"breadcrumb\":{\"@id\":\"https:\\\/\\\/www.purejewels.com\\\/product\\\/22ct-gold-dragon-chain-44584\\\/#breadcrumb\"},\"inLanguage\":\"tr\",\"potentialAction\":[{\"@type\":\"ReadAction\",\"target\":[\"https:\\\/\\\/www.purejewels.com\\\/product\\\/22ct-gold-dragon-chain-44584\\\/\"]}]},{\"@type\":\"ImageObject\",\"inLanguage\":\"tr\",\"@id\":\"https:\\\/\\\/www.purejewels.com\\\/product\\\/22ct-gold-dragon-chain-44584\\\/#primaryimage\",\"url\":\"https:\\\/\\\/static.purejewels.com\\\/wp-content\\\/uploads\\\/2021\\\/10\\\/34347-1.jpg\",\"contentUrl\":\"https:\\\/\\\/static.purejewels.com\\\/wp-content\\\/uploads\\\/2021\\\/10\\\/34347-1.jpg\",\"width\":1000,\"height\":1000,\"caption\":\"22ct Gold Dragon Chain 34347-1\"},{\"@type\":\"BreadcrumbList\",\"@id\":\"https:\\\/\\\/www.purejewels.com\\\/product\\\/22ct-gold-dragon-chain-44584\\\/#breadcrumb\",\"itemListElement\":[{\"@type\":\"ListItem\",\"position\":1,\"name\":\"Home\",\"item\":\"https:\\\/\\\/www.purejewels.com\\\/\"},{\"@type\":\"ListItem\",\"position\":2,\"name\":\"Shop\",\"item\":\"https:\\\/\\\/www.purejewels.com\\\/shop\\\/\"},{\"@type\":\"ListItem\",\"position\":3,\"name\":\"22ct Gold | Dragon Chain | 20 Inches | 1.3mm Thick\"}]},{\"@type\":\"WebSite\",\"@id\":\"https:\\\/\\\/www.purejewels.com\\\/#website\",\"url\":\"https:\\\/\\\/www.purejewels.com\\\/\",\"name\":\"PureJewels UK\",\"description\":\"Share the Love\",\"publisher\":{\"@id\":\"https:\\\/\\\/www.purejewels.com\\\/#organization\"},\"potentialAction\":[{\"@type\":\"SearchAction\",\"target\":{\"@type\":\"EntryPoint\",\"urlTemplate\":\"https:\\\/\\\/www.purejewels.com\\\/?s={search_term_string}\"},\"query-input\":{\"@type\":\"PropertyValueSpecification\",\"valueRequired\":true,\"valueName\":\"search_term_string\"}}],\"inLanguage\":\"tr\"},{\"@type\":\"Organization\",\"@id\":\"https:\\\/\\\/www.purejewels.com\\\/#organization\",\"name\":\"PureJewels UK\",\"url\":\"https:\\\/\\\/www.purejewels.com\\\/\",\"logo\":{\"@type\":\"ImageObject\",\"inLanguage\":\"tr\",\"@id\":\"https:\\\/\\\/www.purejewels.com\\\/#\\\/schema\\\/logo\\\/image\\\/\",\"url\":\"https:\\\/\\\/static.purejewels.com\\\/wp-content\\\/uploads\\\/2020\\\/11\\\/Logo-PJ-New-1.png\",\"contentUrl\":\"https:\\\/\\\/static.purejewels.com\\\/wp-content\\\/uploads\\\/2020\\\/11\\\/Logo-PJ-New-1.png\",\"width\":150,\"height\":80,\"caption\":\"PureJewels UK\"},\"image\":{\"@id\":\"https:\\\/\\\/www.purejewels.com\\\/#\\\/schema\\\/logo\\\/image\\\/\"}}]}<\/script>\n<!-- \/ Yoast SEO plugin. -->","yoast_head_json":{"title":"20 \u0130n\u00e7 Som 22 Ayar Alt\u0131n Ejderha Zinciri | purejewels.com","description":"Bu 22 ayar Som Alt\u0131n Zincir Erkekler ve Kad\u0131nlar i\u00e7in mevcuttur. Bu Ejderha zinciri, minimalist klasik g\u00f6r\u00fcn\u00fcm\u00fcyle p\u00fcr\u00fczs\u00fcz bir g\u00f6r\u00fcn\u00fcme sahiptir.","robots":{"index":"index","follow":"follow","max-snippet":"max-snippet:-1","max-image-preview":"max-image-preview:large","max-video-preview":"max-video-preview:-1"},"canonical":"https:\/\/www.purejewels.com\/tr\/urun\/22-ayar-altin-ejderha-zinciri-44584\/","og_locale":"tr_TR","og_type":"article","og_title":"Solid 22ct Gold Dragon Chain in 20 Inches | purejewels.com","og_description":"This 22ct Solid Gold Chain is available for Men and Women. This Dragon chain features a smooth look with a minimalist classic look.","og_url":"https:\/\/www.purejewels.com\/tr\/urun\/22-ayar-altin-ejderha-zinciri-44584\/","og_site_name":"PureJewels UK","article_modified_time":"2026-03-23T06:38:59+00:00","og_image":[{"width":1000,"height":1000,"url":"https:\/\/static.purejewels.com\/wp-content\/uploads\/2021\/10\/34347-1.jpg","type":"image\/jpeg"}],"twitter_card":"summary_large_image","twitter_misc":{"Tahmini okuma s\u00fcresi":"1 dakika"},"schema":{"@context":"https:\/\/schema.org","@graph":[{"@type":["WebPage","ItemPage"],"@id":"https:\/\/www.purejewels.com\/product\/22ct-gold-dragon-chain-44584\/","url":"https:\/\/www.purejewels.com\/product\/22ct-gold-dragon-chain-44584\/","name":"20 \u0130n\u00e7 Som 22 Ayar Alt\u0131n Ejderha Zinciri | purejewels.com","isPartOf":{"@id":"https:\/\/www.purejewels.com\/#website"},"primaryImageOfPage":{"@id":"https:\/\/www.purejewels.com\/product\/22ct-gold-dragon-chain-44584\/#primaryimage"},"image":{"@id":"https:\/\/www.purejewels.com\/product\/22ct-gold-dragon-chain-44584\/#primaryimage"},"thumbnailUrl":"https:\/\/static.purejewels.com\/wp-content\/uploads\/2021\/10\/34347-1.jpg","datePublished":"2023-02-14T07:06:52+00:00","dateModified":"2026-03-23T06:38:59+00:00","description":"Bu 22 ayar Som Alt\u0131n Zincir Erkekler ve Kad\u0131nlar i\u00e7in mevcuttur. Bu Ejderha zinciri, minimalist klasik g\u00f6r\u00fcn\u00fcm\u00fcyle p\u00fcr\u00fczs\u00fcz bir g\u00f6r\u00fcn\u00fcme sahiptir.","breadcrumb":{"@id":"https:\/\/www.purejewels.com\/product\/22ct-gold-dragon-chain-44584\/#breadcrumb"},"inLanguage":"tr","potentialAction":[{"@type":"ReadAction","target":["https:\/\/www.purejewels.com\/product\/22ct-gold-dragon-chain-44584\/"]}]},{"@type":"ImageObject","inLanguage":"tr","@id":"https:\/\/www.purejewels.com\/product\/22ct-gold-dragon-chain-44584\/#primaryimage","url":"https:\/\/static.purejewels.com\/wp-content\/uploads\/2021\/10\/34347-1.jpg","contentUrl":"https:\/\/static.purejewels.com\/wp-content\/uploads\/2021\/10\/34347-1.jpg","width":1000,"height":1000,"caption":"22ct Gold Dragon Chain 34347-1"},{"@type":"BreadcrumbList","@id":"https:\/\/www.purejewels.com\/product\/22ct-gold-dragon-chain-44584\/#breadcrumb","itemListElement":[{"@type":"ListItem","position":1,"name":"Home","item":"https:\/\/www.purejewels.com\/"},{"@type":"ListItem","position":2,"name":"Shop","item":"https:\/\/www.purejewels.com\/shop\/"},{"@type":"ListItem","position":3,"name":"22ct Gold | Dragon Chain | 20 Inches | 1.3mm Thick"}]},{"@type":"WebSite","@id":"https:\/\/www.purejewels.com\/#website","url":"https:\/\/www.purejewels.com\/","name":"PureJewels \u0130ngiltere","description":"Sevgiyi Payla\u015f\u0131n","publisher":{"@id":"https:\/\/www.purejewels.com\/#organization"},"potentialAction":[{"@type":"SearchAction","target":{"@type":"EntryPoint","urlTemplate":"https:\/\/www.purejewels.com\/?s={search_term_string}"},"query-input":{"@type":"PropertyValueSpecification","valueRequired":true,"valueName":"search_term_string"}}],"inLanguage":"tr"},{"@type":"Organization","@id":"https:\/\/www.purejewels.com\/#organization","name":"PureJewels \u0130ngiltere","url":"https:\/\/www.purejewels.com\/","logo":{"@type":"ImageObject","inLanguage":"tr","@id":"https:\/\/www.purejewels.com\/#\/schema\/logo\/image\/","url":"https:\/\/static.purejewels.com\/wp-content\/uploads\/2020\/11\/Logo-PJ-New-1.png","contentUrl":"https:\/\/static.purejewels.com\/wp-content\/uploads\/2020\/11\/Logo-PJ-New-1.png","width":150,"height":80,"caption":"PureJewels UK"},"image":{"@id":"https:\/\/www.purejewels.com\/#\/schema\/logo\/image\/"}}]}},"_links":{"self":[{"href":"https:\/\/www.purejewels.com\/tr\/wp-json\/wp\/v2\/product\/343877","targetHints":{"allow":["GET"]}}],"collection":[{"href":"https:\/\/www.purejewels.com\/tr\/wp-json\/wp\/v2\/product"}],"about":[{"href":"https:\/\/www.purejewels.com\/tr\/wp-json\/wp\/v2\/types\/product"}],"replies":[{"embeddable":true,"href":"https:\/\/www.purejewels.com\/tr\/wp-json\/wp\/v2\/comments?post=343877"}],"version-history":[{"count":3,"href":"https:\/\/www.purejewels.com\/tr\/wp-json\/wp\/v2\/product\/343877\/revisions"}],"predecessor-version":[{"id":427457,"href":"https:\/\/www.purejewels.com\/tr\/wp-json\/wp\/v2\/product\/343877\/revisions\/427457"}],"wp:featuredmedia":[{"embeddable":true,"href":"https:\/\/www.purejewels.com\/tr\/wp-json\/wp\/v2\/media\/327596"}],"wp:attachment":[{"href":"https:\/\/www.purejewels.com\/tr\/wp-json\/wp\/v2\/media?parent=343877"}],"wp:term":[{"taxonomy":"product_brand","embeddable":true,"href":"https:\/\/www.purejewels.com\/tr\/wp-json\/wp\/v2\/product_brand?post=343877"},{"taxonomy":"product_cat","embeddable":true,"href":"https:\/\/www.purejewels.com\/tr\/wp-json\/wp\/v2\/product_cat?post=343877"},{"taxonomy":"product_tag","embeddable":true,"href":"https:\/\/www.purejewels.com\/tr\/wp-json\/wp\/v2\/product_tag?post=343877"}],"curies":[{"name":"wp","href":"https:\/\/api.w.org\/{rel}","templated":true}]}}