{"id":343973,"date":"2025-02-16T09:26:58","date_gmt":"2025-02-16T09:26:58","guid":{"rendered":"https:\/\/www.purejewels.com\/?post_type=product&#038;p=343973"},"modified":"2026-03-30T09:54:23","modified_gmt":"2026-03-30T08:54:23","slug":"22-ayar-altin-tasarim-bileklik-44136","status":"publish","type":"product","link":"https:\/\/www.purejewels.com\/tr\/product\/22ct-gold-designer-bangle-44136\/","title":{"rendered":"22 Ayar Alt\u0131n Bileklik | Gelin Giyim | 2.6 Beden"},"content":{"rendered":"<p><span data-sheets-root=\"1\">Bu zarif 22 Ayar Alt\u0131n Fantezi Tasar\u0131m Bileklik, d\u00fc\u011f\u00fcn k\u0131yafetlerine zarafet katmak isteyen t\u00fcm gelinlerin sahip olmas\u0131 gereken bir \u00fcr\u00fcnd\u00fcr. Y\u00fcksek kaliteli 22 ayar alt\u0131ndan \u00fcretilen ve 17,8 gram a\u011f\u0131rl\u0131\u011f\u0131nda olan bu <a href=\"https:\/\/www.purejewels.com\/tr\/urun-kategori%cc%87si%cc%87\/22-ayar-altin-takilar\/altin-bilezikler\/geli%cc%87n-ve-parti%cc%87-gi%cc%87yi%cc%87mi%cc%87-altin-kada-bi%cc%87lezi%cc%87k\/\">gelin giyim bileklik<\/a> \u00f6zel g\u00fcn\u00fcn\u00fczde bir a\u00e7\u0131klama yapmak i\u00e7in tasarlanm\u0131\u015ft\u0131r.<\/span><\/p>\n<p>London Assay Office taraf\u0131ndan damgalanan bu tasar\u0131m bilekli\u011fin orijinalli\u011finden ve kalitesinden emin olabilirsiniz. Karma\u015f\u0131k tasar\u0131m\u0131 ve i\u015f\u00e7ili\u011fi, onu nesiller boyu aktar\u0131labilecek zamans\u0131z bir par\u00e7a haline getiriyor.<\/p>\n<p>Bu tasar\u0131m bileklik 2.6 beden olarak mevcuttur ve di\u011fer bedenler hakk\u0131nda bilgi alma se\u00e7ene\u011finiz de vard\u0131r. Sunum kutusunda g\u00fczel bir \u015fekilde paketlenmi\u015f olarak gelir ve kendiniz veya sevdi\u011finiz biri i\u00e7in m\u00fckemmel bir hediye olur.<\/p>\n<p>Bu \u00e7arp\u0131c\u0131 22 Ayar Alt\u0131n Fantezi Tasar\u0131m Bilekli\u011fi bug\u00fcn \u0130ngiltere'de online olarak sat\u0131n al\u0131n ve \u00fccretsiz takipli teslimat\u0131n, g\u00fcvenli online \u00f6demelerin ve 30 g\u00fcnl\u00fck para iade garantisinin keyfini \u00e7\u0131kar\u0131n. Bu zarif m\u00fccevher par\u00e7as\u0131yla gelin g\u00f6r\u00fcn\u00fcm\u00fcn\u00fcz\u00fc y\u00fckseltin.<\/p>","protected":false},"excerpt":{"rendered":"<ul>\n<li><strong>Malzeme:<\/strong>\u00a022 Ayar Alt\u0131n (91,6% Saf Alt\u0131n)<\/li>\n<li><strong>Hallmark:\u00a0<\/strong>\u0130ngiliz Damgas\u0131<\/li>\n<li><strong>Br\u00fct A\u011f\u0131rl\u0131k:\u00a0<\/strong>17,8 Gms<\/li>\n<li><strong>Bileklik Boyutu:<\/strong>\u00a02.6 (Ek boyutlar i\u00e7in sorunuz)<\/li>\n<li><strong>SKU:<\/strong>44136<\/li>\n<\/ul>\n<p><strong><br \/>\nFiyat ve Teslimat:\u00a0<\/strong>KDV ve teslimat \u00fccretleri dahil<br \/>\n<em><strong>Not:<\/strong>\u00a0Belirtilen fiyat tek bir bileklik i\u00e7indir.<\/em><br \/>\n<strong><a href=\"https:\/\/www.purejewels.com\/tr\/i%cc%87ade-poli%cc%87ti%cc%87kasi\/\">\u0130ade Politikas\u0131<\/a><\/strong><\/p>","protected":false},"featured_media":343998,"comment_status":"closed","ping_status":"closed","template":"","meta":{"_eb_attr":"","_crsspst_to_jayantr4sg-hostcom":true},"product_brand":[],"product_cat":[236,1233,5271,6151,1573],"product_tag":[1521],"class_list":{"0":"post-343973","1":"product","2":"type-product","3":"status-publish","4":"has-post-thumbnail","6":"product_cat-collections","7":"product_cat-gold-bangles","8":"product_cat-occasion-wear-bangles","9":"product_cat-plated-gold-bangles","10":"product_cat-wedding-gifts","11":"product_tag-kada","13":"first","14":"instock","15":"taxable","16":"shipping-taxable","17":"purchasable","18":"product-type-simple","19":"add-to-wishlist-before_image"},"yoast_head":"<!-- This site is optimized with the Yoast SEO plugin v27.5 - https:\/\/yoast.com\/product\/yoast-seo-wordpress\/ -->\n<title>Buy 22ct Gold Fancy Designer Bangle Online in UK<\/title>\n<meta name=\"description\" content=\"This charming bangle will make a perfect Bridal Jewellery. Made of 22 carat Gold and set with Rhodium and Rose Gold Finish. Free delivery across UK.\" \/>\n<meta name=\"robots\" content=\"index, follow, max-snippet:-1, max-image-preview:large, max-video-preview:-1\" \/>\n<link rel=\"canonical\" href=\"https:\/\/www.purejewels.com\/tr\/urun\/22-ayar-altin-tasarim-bileklik-44136\/\" \/>\n<meta property=\"og:locale\" content=\"tr_TR\" \/>\n<meta property=\"og:type\" content=\"article\" \/>\n<meta property=\"og:title\" content=\"Buy 22ct Gold Fancy Designer Bangle Online in UK\" \/>\n<meta property=\"og:description\" content=\"This charming bangle will make a perfect Bridal Jewellery. Made of 22 carat Gold and set with Rhodium and Rose Gold Finish. Free delivery across UK.\" \/>\n<meta property=\"og:url\" content=\"https:\/\/www.purejewels.com\/tr\/urun\/22-ayar-altin-tasarim-bileklik-44136\/\" \/>\n<meta property=\"og:site_name\" content=\"PureJewels UK\" \/>\n<meta property=\"article:modified_time\" content=\"2026-03-30T08:54:23+00:00\" \/>\n<meta property=\"og:image\" content=\"https:\/\/static.purejewels.com\/wp-content\/uploads\/2023\/02\/44137-44136-1.jpg\" \/>\n\t<meta property=\"og:image:width\" content=\"1000\" \/>\n\t<meta property=\"og:image:height\" content=\"1000\" \/>\n\t<meta property=\"og:image:type\" content=\"image\/jpeg\" \/>\n<meta name=\"twitter:card\" content=\"summary_large_image\" \/>\n<meta name=\"twitter:label1\" content=\"Tahmini okuma s\u00fcresi\" \/>\n\t<meta name=\"twitter:data1\" content=\"1 dakika\" \/>\n<script type=\"application\/ld+json\" class=\"yoast-schema-graph\">{\"@context\":\"https:\\\/\\\/schema.org\",\"@graph\":[{\"@type\":[\"WebPage\",\"ItemPage\"],\"@id\":\"https:\\\/\\\/www.purejewels.com\\\/product\\\/22ct-gold-designer-bangle-44136\\\/\",\"url\":\"https:\\\/\\\/www.purejewels.com\\\/product\\\/22ct-gold-designer-bangle-44136\\\/\",\"name\":\"Buy 22ct Gold Fancy Designer Bangle Online in UK\",\"isPartOf\":{\"@id\":\"https:\\\/\\\/www.purejewels.com\\\/#website\"},\"primaryImageOfPage\":{\"@id\":\"https:\\\/\\\/www.purejewels.com\\\/product\\\/22ct-gold-designer-bangle-44136\\\/#primaryimage\"},\"image\":{\"@id\":\"https:\\\/\\\/www.purejewels.com\\\/product\\\/22ct-gold-designer-bangle-44136\\\/#primaryimage\"},\"thumbnailUrl\":\"https:\\\/\\\/static.purejewels.com\\\/wp-content\\\/uploads\\\/2023\\\/02\\\/44137-44136-1.jpg\",\"datePublished\":\"2025-02-16T09:26:58+00:00\",\"dateModified\":\"2026-03-30T08:54:23+00:00\",\"description\":\"This charming bangle will make a perfect Bridal Jewellery. Made of 22 carat Gold and set with Rhodium and Rose Gold Finish. Free delivery across UK.\",\"breadcrumb\":{\"@id\":\"https:\\\/\\\/www.purejewels.com\\\/product\\\/22ct-gold-designer-bangle-44136\\\/#breadcrumb\"},\"inLanguage\":\"tr\",\"potentialAction\":[{\"@type\":\"ReadAction\",\"target\":[\"https:\\\/\\\/www.purejewels.com\\\/product\\\/22ct-gold-designer-bangle-44136\\\/\"]}]},{\"@type\":\"ImageObject\",\"inLanguage\":\"tr\",\"@id\":\"https:\\\/\\\/www.purejewels.com\\\/product\\\/22ct-gold-designer-bangle-44136\\\/#primaryimage\",\"url\":\"https:\\\/\\\/static.purejewels.com\\\/wp-content\\\/uploads\\\/2023\\\/02\\\/44137-44136-1.jpg\",\"contentUrl\":\"https:\\\/\\\/static.purejewels.com\\\/wp-content\\\/uploads\\\/2023\\\/02\\\/44137-44136-1.jpg\",\"width\":1000,\"height\":1000,\"caption\":\"22ct Designer Gold Bangle | Bridal Wear | 2.6 | Heavyweight\"},{\"@type\":\"BreadcrumbList\",\"@id\":\"https:\\\/\\\/www.purejewels.com\\\/product\\\/22ct-gold-designer-bangle-44136\\\/#breadcrumb\",\"itemListElement\":[{\"@type\":\"ListItem\",\"position\":1,\"name\":\"Home\",\"item\":\"https:\\\/\\\/www.purejewels.com\\\/\"},{\"@type\":\"ListItem\",\"position\":2,\"name\":\"Shop\",\"item\":\"https:\\\/\\\/www.purejewels.com\\\/shop\\\/\"},{\"@type\":\"ListItem\",\"position\":3,\"name\":\"22ct Gold Bangle | Bridal Wear | Size 2.6\"}]},{\"@type\":\"WebSite\",\"@id\":\"https:\\\/\\\/www.purejewels.com\\\/#website\",\"url\":\"https:\\\/\\\/www.purejewels.com\\\/\",\"name\":\"PureJewels UK\",\"description\":\"Share the Love\",\"publisher\":{\"@id\":\"https:\\\/\\\/www.purejewels.com\\\/#organization\"},\"potentialAction\":[{\"@type\":\"SearchAction\",\"target\":{\"@type\":\"EntryPoint\",\"urlTemplate\":\"https:\\\/\\\/www.purejewels.com\\\/?s={search_term_string}\"},\"query-input\":{\"@type\":\"PropertyValueSpecification\",\"valueRequired\":true,\"valueName\":\"search_term_string\"}}],\"inLanguage\":\"tr\"},{\"@type\":\"Organization\",\"@id\":\"https:\\\/\\\/www.purejewels.com\\\/#organization\",\"name\":\"PureJewels UK\",\"url\":\"https:\\\/\\\/www.purejewels.com\\\/\",\"logo\":{\"@type\":\"ImageObject\",\"inLanguage\":\"tr\",\"@id\":\"https:\\\/\\\/www.purejewels.com\\\/#\\\/schema\\\/logo\\\/image\\\/\",\"url\":\"https:\\\/\\\/static.purejewels.com\\\/wp-content\\\/uploads\\\/2020\\\/11\\\/Logo-PJ-New-1.png\",\"contentUrl\":\"https:\\\/\\\/static.purejewels.com\\\/wp-content\\\/uploads\\\/2020\\\/11\\\/Logo-PJ-New-1.png\",\"width\":150,\"height\":80,\"caption\":\"PureJewels UK\"},\"image\":{\"@id\":\"https:\\\/\\\/www.purejewels.com\\\/#\\\/schema\\\/logo\\\/image\\\/\"}}]}<\/script>\n<!-- \/ Yoast SEO plugin. -->","yoast_head_json":{"title":"\u0130ngiltere'de 22 Ayar Alt\u0131n Fantezi Tasar\u0131m Bileklik Online Sat\u0131n Al\u0131n","description":"Bu b\u00fcy\u00fcleyici bileklik m\u00fckemmel bir Gelin Tak\u0131s\u0131 olacakt\u0131r. 22 ayar Alt\u0131ndan yap\u0131lm\u0131\u015ft\u0131r ve Rodyum ve Pembe Alt\u0131n Kaplama ile ayarlanm\u0131\u015ft\u0131r. \u0130ngiltere genelinde \u00fccretsiz teslimat.","robots":{"index":"index","follow":"follow","max-snippet":"max-snippet:-1","max-image-preview":"max-image-preview:large","max-video-preview":"max-video-preview:-1"},"canonical":"https:\/\/www.purejewels.com\/tr\/urun\/22-ayar-altin-tasarim-bileklik-44136\/","og_locale":"tr_TR","og_type":"article","og_title":"Buy 22ct Gold Fancy Designer Bangle Online in UK","og_description":"This charming bangle will make a perfect Bridal Jewellery. Made of 22 carat Gold and set with Rhodium and Rose Gold Finish. Free delivery across UK.","og_url":"https:\/\/www.purejewels.com\/tr\/urun\/22-ayar-altin-tasarim-bileklik-44136\/","og_site_name":"PureJewels UK","article_modified_time":"2026-03-30T08:54:23+00:00","og_image":[{"width":1000,"height":1000,"url":"https:\/\/static.purejewels.com\/wp-content\/uploads\/2023\/02\/44137-44136-1.jpg","type":"image\/jpeg"}],"twitter_card":"summary_large_image","twitter_misc":{"Tahmini okuma s\u00fcresi":"1 dakika"},"schema":{"@context":"https:\/\/schema.org","@graph":[{"@type":["WebPage","ItemPage"],"@id":"https:\/\/www.purejewels.com\/product\/22ct-gold-designer-bangle-44136\/","url":"https:\/\/www.purejewels.com\/product\/22ct-gold-designer-bangle-44136\/","name":"\u0130ngiltere'de 22 Ayar Alt\u0131n Fantezi Tasar\u0131m Bileklik Online Sat\u0131n Al\u0131n","isPartOf":{"@id":"https:\/\/www.purejewels.com\/#website"},"primaryImageOfPage":{"@id":"https:\/\/www.purejewels.com\/product\/22ct-gold-designer-bangle-44136\/#primaryimage"},"image":{"@id":"https:\/\/www.purejewels.com\/product\/22ct-gold-designer-bangle-44136\/#primaryimage"},"thumbnailUrl":"https:\/\/static.purejewels.com\/wp-content\/uploads\/2023\/02\/44137-44136-1.jpg","datePublished":"2025-02-16T09:26:58+00:00","dateModified":"2026-03-30T08:54:23+00:00","description":"Bu b\u00fcy\u00fcleyici bileklik m\u00fckemmel bir Gelin Tak\u0131s\u0131 olacakt\u0131r. 22 ayar Alt\u0131ndan yap\u0131lm\u0131\u015ft\u0131r ve Rodyum ve Pembe Alt\u0131n Kaplama ile ayarlanm\u0131\u015ft\u0131r. \u0130ngiltere genelinde \u00fccretsiz teslimat.","breadcrumb":{"@id":"https:\/\/www.purejewels.com\/product\/22ct-gold-designer-bangle-44136\/#breadcrumb"},"inLanguage":"tr","potentialAction":[{"@type":"ReadAction","target":["https:\/\/www.purejewels.com\/product\/22ct-gold-designer-bangle-44136\/"]}]},{"@type":"ImageObject","inLanguage":"tr","@id":"https:\/\/www.purejewels.com\/product\/22ct-gold-designer-bangle-44136\/#primaryimage","url":"https:\/\/static.purejewels.com\/wp-content\/uploads\/2023\/02\/44137-44136-1.jpg","contentUrl":"https:\/\/static.purejewels.com\/wp-content\/uploads\/2023\/02\/44137-44136-1.jpg","width":1000,"height":1000,"caption":"22ct Designer Gold Bangle | Bridal Wear | 2.6 | Heavyweight"},{"@type":"BreadcrumbList","@id":"https:\/\/www.purejewels.com\/product\/22ct-gold-designer-bangle-44136\/#breadcrumb","itemListElement":[{"@type":"ListItem","position":1,"name":"Home","item":"https:\/\/www.purejewels.com\/"},{"@type":"ListItem","position":2,"name":"Shop","item":"https:\/\/www.purejewels.com\/shop\/"},{"@type":"ListItem","position":3,"name":"22ct Gold Bangle | Bridal Wear | Size 2.6"}]},{"@type":"WebSite","@id":"https:\/\/www.purejewels.com\/#website","url":"https:\/\/www.purejewels.com\/","name":"PureJewels \u0130ngiltere","description":"Sevgiyi Payla\u015f\u0131n","publisher":{"@id":"https:\/\/www.purejewels.com\/#organization"},"potentialAction":[{"@type":"SearchAction","target":{"@type":"EntryPoint","urlTemplate":"https:\/\/www.purejewels.com\/?s={search_term_string}"},"query-input":{"@type":"PropertyValueSpecification","valueRequired":true,"valueName":"search_term_string"}}],"inLanguage":"tr"},{"@type":"Organization","@id":"https:\/\/www.purejewels.com\/#organization","name":"PureJewels \u0130ngiltere","url":"https:\/\/www.purejewels.com\/","logo":{"@type":"ImageObject","inLanguage":"tr","@id":"https:\/\/www.purejewels.com\/#\/schema\/logo\/image\/","url":"https:\/\/static.purejewels.com\/wp-content\/uploads\/2020\/11\/Logo-PJ-New-1.png","contentUrl":"https:\/\/static.purejewels.com\/wp-content\/uploads\/2020\/11\/Logo-PJ-New-1.png","width":150,"height":80,"caption":"PureJewels UK"},"image":{"@id":"https:\/\/www.purejewels.com\/#\/schema\/logo\/image\/"}}]}},"_links":{"self":[{"href":"https:\/\/www.purejewels.com\/tr\/wp-json\/wp\/v2\/product\/343973","targetHints":{"allow":["GET"]}}],"collection":[{"href":"https:\/\/www.purejewels.com\/tr\/wp-json\/wp\/v2\/product"}],"about":[{"href":"https:\/\/www.purejewels.com\/tr\/wp-json\/wp\/v2\/types\/product"}],"replies":[{"embeddable":true,"href":"https:\/\/www.purejewels.com\/tr\/wp-json\/wp\/v2\/comments?post=343973"}],"version-history":[{"count":4,"href":"https:\/\/www.purejewels.com\/tr\/wp-json\/wp\/v2\/product\/343973\/revisions"}],"predecessor-version":[{"id":427789,"href":"https:\/\/www.purejewels.com\/tr\/wp-json\/wp\/v2\/product\/343973\/revisions\/427789"}],"wp:featuredmedia":[{"embeddable":true,"href":"https:\/\/www.purejewels.com\/tr\/wp-json\/wp\/v2\/media\/343998"}],"wp:attachment":[{"href":"https:\/\/www.purejewels.com\/tr\/wp-json\/wp\/v2\/media?parent=343973"}],"wp:term":[{"taxonomy":"product_brand","embeddable":true,"href":"https:\/\/www.purejewels.com\/tr\/wp-json\/wp\/v2\/product_brand?post=343973"},{"taxonomy":"product_cat","embeddable":true,"href":"https:\/\/www.purejewels.com\/tr\/wp-json\/wp\/v2\/product_cat?post=343973"},{"taxonomy":"product_tag","embeddable":true,"href":"https:\/\/www.purejewels.com\/tr\/wp-json\/wp\/v2\/product_tag?post=343973"}],"curies":[{"name":"wp","href":"https:\/\/api.w.org\/{rel}","templated":true}]}}