{"id":344521,"date":"2023-03-01T08:53:11","date_gmt":"2023-03-01T08:53:11","guid":{"rendered":"https:\/\/www.purejewels.com\/?post_type=product&#038;p=344521"},"modified":"2026-01-07T06:13:09","modified_gmt":"2026-01-07T06:13:09","slug":"22ct-44507-geleneksel-altin-yuzuk","status":"publish","type":"product","link":"https:\/\/www.purejewels.com\/tr\/product\/traditional-gold-ring-in-22ct-44507\/","title":{"rendered":"22ct Geleneksel Alt\u0131n Y\u00fcz\u00fck | M Beden"},"content":{"rendered":"<p>Koleksiyonunuza eklemek i\u00e7in \u00e7arp\u0131c\u0131 bir geleneksel Pakistan alt\u0131n y\u00fcz\u00fc\u011f\u00fc m\u00fc ar\u0131yorsunuz? Bu zarif alt\u0131n y\u00fcz\u00fckten ba\u015fkas\u0131na bakmay\u0131n. <a href=\"https:\/\/www.purejewels.com\/tr\/product\/22ct-gold-jali-filigree-ring-jali-collection-31926\/\">22ct<\/a> purejewels.com'dan kad\u0131nlar i\u00e7in alt\u0131n y\u00fcz\u00fck. Bu g\u00fczel y\u00fcz\u00fck, karma\u015f\u0131k tasar\u0131mlar\u0131 ve i\u015f\u00e7ili\u011fiyle bilinen Jali Filigree Koleksiyonunun bir par\u00e7as\u0131d\u0131r.<\/p>\n<p>Saf 22 ayar alt\u0131ndan \u00fcretilen bu y\u00fcz\u00fck 4,7 gram a\u011f\u0131rl\u0131\u011f\u0131ndad\u0131r ve M beden olarak mevcuttur. Bu y\u00fcz\u00fckteki karma\u015f\u0131k telkari i\u015fi, zarafet ve sofistike bir dokunu\u015f katarak g\u00fcnl\u00fck kullan\u0131m veya \u00f6zel g\u00fcnler i\u00e7in m\u00fckemmel hale getirir.<\/p>\n<p>Bu g\u00fczel Pakistan alt\u0131n y\u00fcz\u00fc\u011f\u00fcn\u00fc ka\u00e7\u0131rmay\u0131n - bug\u00fcn sipari\u015finizi verin ve m\u00fccevher koleksiyonunuza l\u00fcks bir dokunu\u015f kat\u0131n. Daha fazla bilgi almak veya ek g\u00f6rseller g\u00f6rmek i\u00e7in bizimle canl\u0131 sohbet edin.<\/p>","protected":false},"excerpt":{"rendered":"<table class=\"sh_desc\">\n<tbody>\n<tr>\n<td>Y\u00fcz\u00fck Tipi<\/td>\n<td>Bayan y\u00fcz\u00fckleri<\/td>\n<\/tr>\n<tr>\n<td>SKU<\/td>\n<td>44507<\/td>\n<\/tr>\n<tr>\n<td>A\u011f\u0131rl\u0131k<\/td>\n<td>4.7 Gms<\/td>\n<\/tr>\n<tr>\n<td>Y\u00fcz\u00fck \u00d6l\u00e7\u00fcs\u00fc<\/td>\n<td>M<\/td>\n<\/tr>\n<tr>\n<td>Koleksiyon<\/td>\n<td>Jali Telkari Koleksiyonu<\/td>\n<\/tr>\n<tr>\n<td>Metal<\/td>\n<td>22 Ayar Alt\u0131n<\/td>\n<\/tr>\n<tr>\n<td>\u00dccretler<\/td>\n<td>Teslimat ve KDV Dahil<\/td>\n<\/tr>\n<tr>\n<td>Paketleme<\/td>\n<td>Sunum Kutusu ile Birlikte Gelir<\/td>\n<\/tr>\n<tr>\n<td>Daha Fazla Bilgi<\/td>\n<td>M\u00fcsaitlik durumu ve daha fazla resim i\u00e7in bizimle canl\u0131 sohbet edin<\/td>\n<\/tr>\n<\/tbody>\n<\/table>","protected":false},"featured_media":344534,"comment_status":"closed","ping_status":"closed","template":"","meta":{"_eb_attr":"","_crsspst_to_jayantr4sg-hostcom":true},"product_brand":[],"product_cat":[1785,1793,1792,1229,1235,252,5344,1783,5338],"product_tag":[64],"class_list":{"0":"post-344521","1":"product","2":"type-product","3":"status-publish","4":"has-post-thumbnail","6":"product_cat-daily-wear-rings","7":"product_cat-diwali-gifts","8":"product_cat-festival-gifts","9":"product_cat-22ct-gold-jewellery","10":"product_cat-gold-rings","11":"product_cat-jali-collections","12":"product_cat-jewellery-under-750","13":"product_cat-ladies-rings","14":"product_cat-shop-by-price","15":"product_tag-rings","17":"first","18":"outofstock","19":"taxable","20":"shipping-taxable","21":"product-type-simple","22":"add-to-wishlist-before_image"},"yoast_head":"<!-- This site is optimized with the Yoast SEO plugin v27.3 - https:\/\/yoast.com\/product\/yoast-seo-wordpress\/ -->\n<title>Traditional Gold Ring in 22ct for Women UK | purejewels.com<\/title>\n<meta name=\"description\" content=\"Searching for Gold Filigree Ring online in UK? Shop this Yellow Gold Ring Online today from PureJewels ! Free delivery across UK.\" \/>\n<meta name=\"robots\" content=\"index, follow, max-snippet:-1, max-image-preview:large, max-video-preview:-1\" \/>\n<link rel=\"canonical\" href=\"https:\/\/www.purejewels.com\/tr\/urun\/22ct-44507-geleneksel-altin-yuzuk\/\" \/>\n<meta property=\"og:locale\" content=\"tr_TR\" \/>\n<meta property=\"og:type\" content=\"article\" \/>\n<meta property=\"og:title\" content=\"Traditional Gold Ring in 22ct for Women UK | purejewels.com\" \/>\n<meta property=\"og:description\" content=\"Searching for Gold Filigree Ring online in UK? Shop this Yellow Gold Ring Online today from PureJewels ! Free delivery across UK.\" \/>\n<meta property=\"og:url\" content=\"https:\/\/www.purejewels.com\/tr\/urun\/22ct-44507-geleneksel-altin-yuzuk\/\" \/>\n<meta property=\"og:site_name\" content=\"PureJewels UK\" \/>\n<meta property=\"article:modified_time\" content=\"2026-01-07T06:13:09+00:00\" \/>\n<meta property=\"og:image\" content=\"https:\/\/www.purejewels.com\/wp-content\/uploads\/2023\/03\/44507-1.jpg\" \/>\n\t<meta property=\"og:image:width\" content=\"1000\" \/>\n\t<meta property=\"og:image:height\" content=\"1000\" \/>\n\t<meta property=\"og:image:type\" content=\"image\/jpeg\" \/>\n<meta name=\"twitter:card\" content=\"summary_large_image\" \/>\n<meta name=\"twitter:label1\" content=\"Tahmini okuma s\u00fcresi\" \/>\n\t<meta name=\"twitter:data1\" content=\"1 dakika\" \/>\n<script type=\"application\/ld+json\" class=\"yoast-schema-graph\">{\"@context\":\"https:\\\/\\\/schema.org\",\"@graph\":[{\"@type\":[\"WebPage\",\"ItemPage\"],\"@id\":\"https:\\\/\\\/www.purejewels.com\\\/product\\\/traditional-gold-ring-in-22ct-44507\\\/\",\"url\":\"https:\\\/\\\/www.purejewels.com\\\/product\\\/traditional-gold-ring-in-22ct-44507\\\/\",\"name\":\"Traditional Gold Ring in 22ct for Women UK | purejewels.com\",\"isPartOf\":{\"@id\":\"https:\\\/\\\/www.purejewels.com\\\/#website\"},\"primaryImageOfPage\":{\"@id\":\"https:\\\/\\\/www.purejewels.com\\\/product\\\/traditional-gold-ring-in-22ct-44507\\\/#primaryimage\"},\"image\":{\"@id\":\"https:\\\/\\\/www.purejewels.com\\\/product\\\/traditional-gold-ring-in-22ct-44507\\\/#primaryimage\"},\"thumbnailUrl\":\"https:\\\/\\\/static.purejewels.com\\\/wp-content\\\/uploads\\\/2023\\\/03\\\/44507-1.jpg\",\"datePublished\":\"2023-03-01T08:53:11+00:00\",\"dateModified\":\"2026-01-07T06:13:09+00:00\",\"description\":\"Searching for Gold Filigree Ring online in UK? Shop this Yellow Gold Ring Online today from PureJewels ! Free delivery across UK.\",\"breadcrumb\":{\"@id\":\"https:\\\/\\\/www.purejewels.com\\\/product\\\/traditional-gold-ring-in-22ct-44507\\\/#breadcrumb\"},\"inLanguage\":\"tr\",\"potentialAction\":[{\"@type\":\"ReadAction\",\"target\":[\"https:\\\/\\\/www.purejewels.com\\\/product\\\/traditional-gold-ring-in-22ct-44507\\\/\"]}]},{\"@type\":\"ImageObject\",\"inLanguage\":\"tr\",\"@id\":\"https:\\\/\\\/www.purejewels.com\\\/product\\\/traditional-gold-ring-in-22ct-44507\\\/#primaryimage\",\"url\":\"https:\\\/\\\/static.purejewels.com\\\/wp-content\\\/uploads\\\/2023\\\/03\\\/44507-1.jpg\",\"contentUrl\":\"https:\\\/\\\/static.purejewels.com\\\/wp-content\\\/uploads\\\/2023\\\/03\\\/44507-1.jpg\",\"width\":1000,\"height\":1000,\"caption\":\"Traditional Gold Ring in 22ct | Size M\"},{\"@type\":\"BreadcrumbList\",\"@id\":\"https:\\\/\\\/www.purejewels.com\\\/product\\\/traditional-gold-ring-in-22ct-44507\\\/#breadcrumb\",\"itemListElement\":[{\"@type\":\"ListItem\",\"position\":1,\"name\":\"Home\",\"item\":\"https:\\\/\\\/www.purejewels.com\\\/\"},{\"@type\":\"ListItem\",\"position\":2,\"name\":\"Shop\",\"item\":\"https:\\\/\\\/www.purejewels.com\\\/shop\\\/\"},{\"@type\":\"ListItem\",\"position\":3,\"name\":\"Traditional Gold Ring in 22ct | Size M\"}]},{\"@type\":\"WebSite\",\"@id\":\"https:\\\/\\\/www.purejewels.com\\\/#website\",\"url\":\"https:\\\/\\\/www.purejewels.com\\\/\",\"name\":\"PureJewels UK\",\"description\":\"Share the Love\",\"publisher\":{\"@id\":\"https:\\\/\\\/www.purejewels.com\\\/#organization\"},\"potentialAction\":[{\"@type\":\"SearchAction\",\"target\":{\"@type\":\"EntryPoint\",\"urlTemplate\":\"https:\\\/\\\/www.purejewels.com\\\/?s={search_term_string}\"},\"query-input\":{\"@type\":\"PropertyValueSpecification\",\"valueRequired\":true,\"valueName\":\"search_term_string\"}}],\"inLanguage\":\"tr\"},{\"@type\":\"Organization\",\"@id\":\"https:\\\/\\\/www.purejewels.com\\\/#organization\",\"name\":\"PureJewels UK\",\"url\":\"https:\\\/\\\/www.purejewels.com\\\/\",\"logo\":{\"@type\":\"ImageObject\",\"inLanguage\":\"tr\",\"@id\":\"https:\\\/\\\/www.purejewels.com\\\/#\\\/schema\\\/logo\\\/image\\\/\",\"url\":\"https:\\\/\\\/static.purejewels.com\\\/wp-content\\\/uploads\\\/2020\\\/11\\\/Logo-PJ-New-1.png\",\"contentUrl\":\"https:\\\/\\\/static.purejewels.com\\\/wp-content\\\/uploads\\\/2020\\\/11\\\/Logo-PJ-New-1.png\",\"width\":150,\"height\":80,\"caption\":\"PureJewels UK\"},\"image\":{\"@id\":\"https:\\\/\\\/www.purejewels.com\\\/#\\\/schema\\\/logo\\\/image\\\/\"}}]}<\/script>\n<!-- \/ Yoast SEO plugin. -->","yoast_head_json":{"title":"Kad\u0131nlar i\u00e7in 22 Ayar Geleneksel Alt\u0131n Y\u00fcz\u00fck \u0130ngiltere | purejewels.com","description":"\u0130ngiltere'de online Alt\u0131n Telkari Y\u00fcz\u00fck m\u00fc ar\u0131yorsunuz? PureJewels'ten bug\u00fcn bu Sar\u0131 Alt\u0131n Y\u00fcz\u00fc\u011f\u00fc Online sat\u0131n al\u0131n! \u0130ngiltere genelinde \u00fccretsiz teslimat.","robots":{"index":"index","follow":"follow","max-snippet":"max-snippet:-1","max-image-preview":"max-image-preview:large","max-video-preview":"max-video-preview:-1"},"canonical":"https:\/\/www.purejewels.com\/tr\/urun\/22ct-44507-geleneksel-altin-yuzuk\/","og_locale":"tr_TR","og_type":"article","og_title":"Traditional Gold Ring in 22ct for Women UK | purejewels.com","og_description":"Searching for Gold Filigree Ring online in UK? Shop this Yellow Gold Ring Online today from PureJewels ! Free delivery across UK.","og_url":"https:\/\/www.purejewels.com\/tr\/urun\/22ct-44507-geleneksel-altin-yuzuk\/","og_site_name":"PureJewels UK","article_modified_time":"2026-01-07T06:13:09+00:00","og_image":[{"width":1000,"height":1000,"url":"https:\/\/www.purejewels.com\/wp-content\/uploads\/2023\/03\/44507-1.jpg","type":"image\/jpeg"}],"twitter_card":"summary_large_image","twitter_misc":{"Tahmini okuma s\u00fcresi":"1 dakika"},"schema":{"@context":"https:\/\/schema.org","@graph":[{"@type":["WebPage","ItemPage"],"@id":"https:\/\/www.purejewels.com\/product\/traditional-gold-ring-in-22ct-44507\/","url":"https:\/\/www.purejewels.com\/product\/traditional-gold-ring-in-22ct-44507\/","name":"Kad\u0131nlar i\u00e7in 22 Ayar Geleneksel Alt\u0131n Y\u00fcz\u00fck \u0130ngiltere | purejewels.com","isPartOf":{"@id":"https:\/\/www.purejewels.com\/#website"},"primaryImageOfPage":{"@id":"https:\/\/www.purejewels.com\/product\/traditional-gold-ring-in-22ct-44507\/#primaryimage"},"image":{"@id":"https:\/\/www.purejewels.com\/product\/traditional-gold-ring-in-22ct-44507\/#primaryimage"},"thumbnailUrl":"https:\/\/static.purejewels.com\/wp-content\/uploads\/2023\/03\/44507-1.jpg","datePublished":"2023-03-01T08:53:11+00:00","dateModified":"2026-01-07T06:13:09+00:00","description":"\u0130ngiltere'de online Alt\u0131n Telkari Y\u00fcz\u00fck m\u00fc ar\u0131yorsunuz? PureJewels'ten bug\u00fcn bu Sar\u0131 Alt\u0131n Y\u00fcz\u00fc\u011f\u00fc Online sat\u0131n al\u0131n! \u0130ngiltere genelinde \u00fccretsiz teslimat.","breadcrumb":{"@id":"https:\/\/www.purejewels.com\/product\/traditional-gold-ring-in-22ct-44507\/#breadcrumb"},"inLanguage":"tr","potentialAction":[{"@type":"ReadAction","target":["https:\/\/www.purejewels.com\/product\/traditional-gold-ring-in-22ct-44507\/"]}]},{"@type":"ImageObject","inLanguage":"tr","@id":"https:\/\/www.purejewels.com\/product\/traditional-gold-ring-in-22ct-44507\/#primaryimage","url":"https:\/\/static.purejewels.com\/wp-content\/uploads\/2023\/03\/44507-1.jpg","contentUrl":"https:\/\/static.purejewels.com\/wp-content\/uploads\/2023\/03\/44507-1.jpg","width":1000,"height":1000,"caption":"Traditional Gold Ring in 22ct | Size M"},{"@type":"BreadcrumbList","@id":"https:\/\/www.purejewels.com\/product\/traditional-gold-ring-in-22ct-44507\/#breadcrumb","itemListElement":[{"@type":"ListItem","position":1,"name":"Home","item":"https:\/\/www.purejewels.com\/"},{"@type":"ListItem","position":2,"name":"Shop","item":"https:\/\/www.purejewels.com\/shop\/"},{"@type":"ListItem","position":3,"name":"Traditional Gold Ring in 22ct | Size M"}]},{"@type":"WebSite","@id":"https:\/\/www.purejewels.com\/#website","url":"https:\/\/www.purejewels.com\/","name":"PureJewels \u0130ngiltere","description":"Sevgiyi Payla\u015f\u0131n","publisher":{"@id":"https:\/\/www.purejewels.com\/#organization"},"potentialAction":[{"@type":"SearchAction","target":{"@type":"EntryPoint","urlTemplate":"https:\/\/www.purejewels.com\/?s={search_term_string}"},"query-input":{"@type":"PropertyValueSpecification","valueRequired":true,"valueName":"search_term_string"}}],"inLanguage":"tr"},{"@type":"Organization","@id":"https:\/\/www.purejewels.com\/#organization","name":"PureJewels \u0130ngiltere","url":"https:\/\/www.purejewels.com\/","logo":{"@type":"ImageObject","inLanguage":"tr","@id":"https:\/\/www.purejewels.com\/#\/schema\/logo\/image\/","url":"https:\/\/static.purejewels.com\/wp-content\/uploads\/2020\/11\/Logo-PJ-New-1.png","contentUrl":"https:\/\/static.purejewels.com\/wp-content\/uploads\/2020\/11\/Logo-PJ-New-1.png","width":150,"height":80,"caption":"PureJewels UK"},"image":{"@id":"https:\/\/www.purejewels.com\/#\/schema\/logo\/image\/"}}]}},"_links":{"self":[{"href":"https:\/\/www.purejewels.com\/tr\/wp-json\/wp\/v2\/product\/344521","targetHints":{"allow":["GET"]}}],"collection":[{"href":"https:\/\/www.purejewels.com\/tr\/wp-json\/wp\/v2\/product"}],"about":[{"href":"https:\/\/www.purejewels.com\/tr\/wp-json\/wp\/v2\/types\/product"}],"replies":[{"embeddable":true,"href":"https:\/\/www.purejewels.com\/tr\/wp-json\/wp\/v2\/comments?post=344521"}],"version-history":[{"count":3,"href":"https:\/\/www.purejewels.com\/tr\/wp-json\/wp\/v2\/product\/344521\/revisions"}],"predecessor-version":[{"id":420498,"href":"https:\/\/www.purejewels.com\/tr\/wp-json\/wp\/v2\/product\/344521\/revisions\/420498"}],"wp:featuredmedia":[{"embeddable":true,"href":"https:\/\/www.purejewels.com\/tr\/wp-json\/wp\/v2\/media\/344534"}],"wp:attachment":[{"href":"https:\/\/www.purejewels.com\/tr\/wp-json\/wp\/v2\/media?parent=344521"}],"wp:term":[{"taxonomy":"product_brand","embeddable":true,"href":"https:\/\/www.purejewels.com\/tr\/wp-json\/wp\/v2\/product_brand?post=344521"},{"taxonomy":"product_cat","embeddable":true,"href":"https:\/\/www.purejewels.com\/tr\/wp-json\/wp\/v2\/product_cat?post=344521"},{"taxonomy":"product_tag","embeddable":true,"href":"https:\/\/www.purejewels.com\/tr\/wp-json\/wp\/v2\/product_tag?post=344521"}],"curies":[{"name":"wp","href":"https:\/\/api.w.org\/{rel}","templated":true}]}}