{"id":344544,"date":"2023-03-01T11:35:01","date_gmt":"2023-03-01T11:35:01","guid":{"rendered":"https:\/\/www.purejewels.com\/?post_type=product&#038;p=344544"},"modified":"2026-01-07T06:13:09","modified_gmt":"2026-01-07T06:13:09","slug":"sari-altin-yuzuk-46796","status":"publish","type":"product","link":"https:\/\/www.purejewels.com\/tr\/product\/yellow-gold-ring-46796\/","title":{"rendered":"Sar\u0131 Alt\u0131n Y\u00fcz\u00fck | N Beden"},"content":{"rendered":"<p>Bu <a href=\"https:\/\/www.purejewels.com\/tr\/product\/22ct-gold-jali-filigree-ring-jali-collection-31926\/\">22ct<\/a> Sar\u0131 Alt\u0131n Heykel Y\u00fcz\u00fck, safl\u0131k ve modern tasar\u0131m\u0131n \u00e7arp\u0131c\u0131 bir kar\u0131\u015f\u0131m\u0131d\u0131r. \u0130nce alt\u0131n bir bant \u00fczerinde y\u00fckselen \u00fc\u00e7 cilal\u0131 kubbe detay\u0131yla, mimari kompozisyonu ve yans\u0131t\u0131c\u0131 y\u00fczeyi ile dikkat \u00e7eker.<\/p>\n<p>Her bir kubbe dengede durarak uyumu ve ak\u0131\u015f\u0131 sembolize eder. Y\u00fcksek safl\u0131kta 22 ayar alt\u0131ndan \u00fcretilen y\u00fcz\u00fck, geleneklere sayg\u0131 g\u00f6sterirken modernli\u011fi benimseyenler i\u00e7in ideal olan zarif bir \u015f\u0131kl\u0131\u011f\u0131 yans\u0131t\u0131yor.<\/p>\n<p>Tek ba\u015f\u0131na veya tamamlay\u0131c\u0131 y\u00fcz\u00fcklerle birlikte tak\u0131ld\u0131\u011f\u0131nda, bu tasar\u0131m g\u00fcnl\u00fck kullan\u0131mda \u00e7ok y\u00f6nl\u00fcl\u00fck ve \u015f\u0131k bir stil sunar. Orijinalli\u011fi onaylanm\u0131\u015f bu tasar\u0131m, PureJewels'\u0131n kalite, hassasiyet ve k\u00fclt\u00fcrel hikaye anlat\u0131m\u0131n\u0131n imzas\u0131 ta\u015f\u0131r.<\/p>\n<p><strong>Tasar\u0131m Stili<\/strong><\/p>\n<p>Heykelsi zarafetle \u00e7a\u011fda\u015f minimalizm. \u00dc\u00e7l\u00fc kubbe silueti, yumu\u015fak organik formlardan ilham alm\u0131\u015ft\u0131r: temiz, ak\u0131c\u0131 ve sessizce cesur.<\/p>\n<p><strong>Zanaatkarl\u0131k<\/strong><\/p>\n<p>Zengin 22 ayar sar\u0131 alt\u0131ndan \u00fcretilen bu y\u00fcz\u00fck, el ile parlat\u0131larak ayna gibi bir y\u00fczey elde edilmi\u015ftir. PureJewels'\u0131n Londra at\u00f6lyesinde tasarlan\u0131p \u00fcretilen y\u00fcz\u00fck, Londra Assay Office taraf\u0131ndan damgalanarak gelecek nesiller i\u00e7in safl\u0131\u011f\u0131 ve kalitesi garanti alt\u0131na al\u0131nm\u0131\u015ft\u0131r.<\/p>","protected":false},"excerpt":{"rendered":"<p>Minimalist ancak etkileyici olan bu 22 ayar sar\u0131 alt\u0131n y\u00fcz\u00fck, \u00fc\u00e7 adet cilal\u0131 kubbe motifiyle \u00e7a\u011fda\u015f tasar\u0131m\u0131 geleneksel safl\u0131kla birle\u015ftiriyor.<\/p>\n<table class=\"sh_desc\">\n<tbody>\n<tr>\n<td>Y\u00fcz\u00fck Tipi<\/td>\n<td>Bayan y\u00fcz\u00fckleri<\/td>\n<\/tr>\n<tr>\n<td>SKU<\/td>\n<td>46796<\/td>\n<\/tr>\n<tr>\n<td>A\u011f\u0131rl\u0131k<\/td>\n<td>2.2 Gms<\/td>\n<\/tr>\n<tr>\n<td>Y\u00fcz\u00fck \u00d6l\u00e7\u00fcs\u00fc<\/td>\n<td>N<\/td>\n<\/tr>\n<tr>\n<td>Metal<\/td>\n<td>22 Ayar Alt\u0131n<\/td>\n<\/tr>\n<tr>\n<td>\u00dccretler<\/td>\n<td>Teslimat ve KDV Dahil<\/td>\n<\/tr>\n<tr>\n<td>Paketleme<\/td>\n<td>Sunum Kutusu ile Birlikte Gelir<\/td>\n<\/tr>\n<tr>\n<td>Daha Fazla Bilgi<\/td>\n<td>\n<ul>\n<li>M\u00fcsaitlik durumu ve daha fazla resim i\u00e7in bizimle canl\u0131 sohbet edin<\/li>\n<li>Alt\u0131n Y\u00fcz\u00fck Koleksiyonumuzu Ke\u015ffedin<\/li>\n<\/ul>\n<\/td>\n<\/tr>\n<\/tbody>\n<\/table>\n<p>&nbsp;<\/p>","protected":false},"featured_media":355193,"comment_status":"closed","ping_status":"closed","template":"","meta":{"_eb_attr":"","_crsspst_to_jayantr4sg-hostcom":false},"product_brand":[],"product_cat":[1791,1794,1785,1793,1792,1229,1235,5344,1783,1570,5338,1573,1574,5349],"product_tag":[64],"class_list":{"0":"post-344544","1":"product","2":"type-product","3":"status-publish","4":"has-post-thumbnail","6":"product_cat-anniversary-gifts","7":"product_cat-christmas-gifts","8":"product_cat-daily-wear-rings","9":"product_cat-diwali-gifts","10":"product_cat-festival-gifts","11":"product_cat-22ct-gold-jewellery","12":"product_cat-gold-rings","13":"product_cat-jewellery-under-750","14":"product_cat-ladies-rings","15":"product_cat-mothers-day-gifts","16":"product_cat-shop-by-price","17":"product_cat-wedding-gifts","18":"product_cat-womens-jewellery","19":"product_cat-yellow-gold-jewellery","20":"product_tag-rings","22":"first","23":"outofstock","24":"taxable","25":"shipping-taxable","26":"product-type-simple","27":"add-to-wishlist-before_image"},"yoast_head":"<!-- This site is optimized with the Yoast SEO plugin v27.3 - https:\/\/yoast.com\/product\/yoast-seo-wordpress\/ -->\n<title>Yellow Gold Ring | Size N | PureJewels UK<\/title>\n<meta name=\"description\" content=\"Looking for a beautiful yellow gold ring in size P? Look no further than PureJewels UK! We offer a wide selection of yellow gold rings to choose from.\" \/>\n<meta name=\"robots\" content=\"index, follow, max-snippet:-1, max-image-preview:large, max-video-preview:-1\" \/>\n<link rel=\"canonical\" href=\"https:\/\/www.purejewels.com\/tr\/urun\/sari-altin-yuzuk-46796\/\" \/>\n<meta property=\"og:locale\" content=\"tr_TR\" \/>\n<meta property=\"og:type\" content=\"article\" \/>\n<meta property=\"og:title\" content=\"Yellow Gold Ring | Size N | PureJewels UK\" \/>\n<meta property=\"og:description\" content=\"Looking for a beautiful yellow gold ring in size P? Look no further than PureJewels UK! We offer a wide selection of yellow gold rings to choose from.\" \/>\n<meta property=\"og:url\" content=\"https:\/\/www.purejewels.com\/tr\/urun\/sari-altin-yuzuk-46796\/\" \/>\n<meta property=\"og:site_name\" content=\"PureJewels UK\" \/>\n<meta property=\"article:modified_time\" content=\"2026-01-07T06:13:09+00:00\" \/>\n<meta property=\"og:image\" content=\"https:\/\/static.purejewels.com\/wp-content\/uploads\/2023\/03\/46796.jpg\" \/>\n\t<meta property=\"og:image:width\" content=\"1000\" \/>\n\t<meta property=\"og:image:height\" content=\"1000\" \/>\n\t<meta property=\"og:image:type\" content=\"image\/jpeg\" \/>\n<meta name=\"twitter:card\" content=\"summary_large_image\" \/>\n<meta name=\"twitter:label1\" content=\"Tahmini okuma s\u00fcresi\" \/>\n\t<meta name=\"twitter:data1\" content=\"1 dakika\" \/>\n<script type=\"application\/ld+json\" class=\"yoast-schema-graph\">{\"@context\":\"https:\\\/\\\/schema.org\",\"@graph\":[{\"@type\":[\"WebPage\",\"ItemPage\"],\"@id\":\"https:\\\/\\\/www.purejewels.com\\\/product\\\/yellow-gold-ring-46796\\\/\",\"url\":\"https:\\\/\\\/www.purejewels.com\\\/product\\\/yellow-gold-ring-46796\\\/\",\"name\":\"Yellow Gold Ring | Size N | PureJewels UK\",\"isPartOf\":{\"@id\":\"https:\\\/\\\/www.purejewels.com\\\/#website\"},\"primaryImageOfPage\":{\"@id\":\"https:\\\/\\\/www.purejewels.com\\\/product\\\/yellow-gold-ring-46796\\\/#primaryimage\"},\"image\":{\"@id\":\"https:\\\/\\\/www.purejewels.com\\\/product\\\/yellow-gold-ring-46796\\\/#primaryimage\"},\"thumbnailUrl\":\"https:\\\/\\\/static.purejewels.com\\\/wp-content\\\/uploads\\\/2023\\\/03\\\/46796.jpg\",\"datePublished\":\"2023-03-01T11:35:01+00:00\",\"dateModified\":\"2026-01-07T06:13:09+00:00\",\"description\":\"Looking for a beautiful yellow gold ring in size P? Look no further than PureJewels UK! We offer a wide selection of yellow gold rings to choose from.\",\"breadcrumb\":{\"@id\":\"https:\\\/\\\/www.purejewels.com\\\/product\\\/yellow-gold-ring-46796\\\/#breadcrumb\"},\"inLanguage\":\"tr\",\"potentialAction\":[{\"@type\":\"ReadAction\",\"target\":[\"https:\\\/\\\/www.purejewels.com\\\/product\\\/yellow-gold-ring-46796\\\/\"]}]},{\"@type\":\"ImageObject\",\"inLanguage\":\"tr\",\"@id\":\"https:\\\/\\\/www.purejewels.com\\\/product\\\/yellow-gold-ring-46796\\\/#primaryimage\",\"url\":\"https:\\\/\\\/static.purejewels.com\\\/wp-content\\\/uploads\\\/2023\\\/03\\\/46796.jpg\",\"contentUrl\":\"https:\\\/\\\/static.purejewels.com\\\/wp-content\\\/uploads\\\/2023\\\/03\\\/46796.jpg\",\"width\":1000,\"height\":1000,\"caption\":\"22ct Gold Ring\"},{\"@type\":\"BreadcrumbList\",\"@id\":\"https:\\\/\\\/www.purejewels.com\\\/product\\\/yellow-gold-ring-46796\\\/#breadcrumb\",\"itemListElement\":[{\"@type\":\"ListItem\",\"position\":1,\"name\":\"Home\",\"item\":\"https:\\\/\\\/www.purejewels.com\\\/\"},{\"@type\":\"ListItem\",\"position\":2,\"name\":\"Shop\",\"item\":\"https:\\\/\\\/www.purejewels.com\\\/shop\\\/\"},{\"@type\":\"ListItem\",\"position\":3,\"name\":\"Yellow Gold Ring | Size N\"}]},{\"@type\":\"WebSite\",\"@id\":\"https:\\\/\\\/www.purejewels.com\\\/#website\",\"url\":\"https:\\\/\\\/www.purejewels.com\\\/\",\"name\":\"PureJewels UK\",\"description\":\"Share the Love\",\"publisher\":{\"@id\":\"https:\\\/\\\/www.purejewels.com\\\/#organization\"},\"potentialAction\":[{\"@type\":\"SearchAction\",\"target\":{\"@type\":\"EntryPoint\",\"urlTemplate\":\"https:\\\/\\\/www.purejewels.com\\\/?s={search_term_string}\"},\"query-input\":{\"@type\":\"PropertyValueSpecification\",\"valueRequired\":true,\"valueName\":\"search_term_string\"}}],\"inLanguage\":\"tr\"},{\"@type\":\"Organization\",\"@id\":\"https:\\\/\\\/www.purejewels.com\\\/#organization\",\"name\":\"PureJewels UK\",\"url\":\"https:\\\/\\\/www.purejewels.com\\\/\",\"logo\":{\"@type\":\"ImageObject\",\"inLanguage\":\"tr\",\"@id\":\"https:\\\/\\\/www.purejewels.com\\\/#\\\/schema\\\/logo\\\/image\\\/\",\"url\":\"https:\\\/\\\/static.purejewels.com\\\/wp-content\\\/uploads\\\/2020\\\/11\\\/Logo-PJ-New-1.png\",\"contentUrl\":\"https:\\\/\\\/static.purejewels.com\\\/wp-content\\\/uploads\\\/2020\\\/11\\\/Logo-PJ-New-1.png\",\"width\":150,\"height\":80,\"caption\":\"PureJewels UK\"},\"image\":{\"@id\":\"https:\\\/\\\/www.purejewels.com\\\/#\\\/schema\\\/logo\\\/image\\\/\"}}]}<\/script>\n<!-- \/ Yoast SEO plugin. -->","yoast_head_json":{"title":"Sar\u0131 Alt\u0131n Y\u00fcz\u00fck | N Beden | PureJewels UK","description":"P beden g\u00fczel bir sar\u0131 alt\u0131n y\u00fcz\u00fck m\u00fc ar\u0131yorsunuz? PureJewels UK'den ba\u015fkas\u0131na bakmay\u0131n! Aralar\u0131ndan se\u00e7im yapabilece\u011finiz \u00e7ok \u00e7e\u015fitli sar\u0131 alt\u0131n y\u00fcz\u00fckler sunuyoruz.","robots":{"index":"index","follow":"follow","max-snippet":"max-snippet:-1","max-image-preview":"max-image-preview:large","max-video-preview":"max-video-preview:-1"},"canonical":"https:\/\/www.purejewels.com\/tr\/urun\/sari-altin-yuzuk-46796\/","og_locale":"tr_TR","og_type":"article","og_title":"Yellow Gold Ring | Size N | PureJewels UK","og_description":"Looking for a beautiful yellow gold ring in size P? Look no further than PureJewels UK! We offer a wide selection of yellow gold rings to choose from.","og_url":"https:\/\/www.purejewels.com\/tr\/urun\/sari-altin-yuzuk-46796\/","og_site_name":"PureJewels UK","article_modified_time":"2026-01-07T06:13:09+00:00","og_image":[{"width":1000,"height":1000,"url":"https:\/\/static.purejewels.com\/wp-content\/uploads\/2023\/03\/46796.jpg","type":"image\/jpeg"}],"twitter_card":"summary_large_image","twitter_misc":{"Tahmini okuma s\u00fcresi":"1 dakika"},"schema":{"@context":"https:\/\/schema.org","@graph":[{"@type":["WebPage","ItemPage"],"@id":"https:\/\/www.purejewels.com\/product\/yellow-gold-ring-46796\/","url":"https:\/\/www.purejewels.com\/product\/yellow-gold-ring-46796\/","name":"Sar\u0131 Alt\u0131n Y\u00fcz\u00fck | N Beden | PureJewels UK","isPartOf":{"@id":"https:\/\/www.purejewels.com\/#website"},"primaryImageOfPage":{"@id":"https:\/\/www.purejewels.com\/product\/yellow-gold-ring-46796\/#primaryimage"},"image":{"@id":"https:\/\/www.purejewels.com\/product\/yellow-gold-ring-46796\/#primaryimage"},"thumbnailUrl":"https:\/\/static.purejewels.com\/wp-content\/uploads\/2023\/03\/46796.jpg","datePublished":"2023-03-01T11:35:01+00:00","dateModified":"2026-01-07T06:13:09+00:00","description":"P beden g\u00fczel bir sar\u0131 alt\u0131n y\u00fcz\u00fck m\u00fc ar\u0131yorsunuz? PureJewels UK'den ba\u015fkas\u0131na bakmay\u0131n! Aralar\u0131ndan se\u00e7im yapabilece\u011finiz \u00e7ok \u00e7e\u015fitli sar\u0131 alt\u0131n y\u00fcz\u00fckler sunuyoruz.","breadcrumb":{"@id":"https:\/\/www.purejewels.com\/product\/yellow-gold-ring-46796\/#breadcrumb"},"inLanguage":"tr","potentialAction":[{"@type":"ReadAction","target":["https:\/\/www.purejewels.com\/product\/yellow-gold-ring-46796\/"]}]},{"@type":"ImageObject","inLanguage":"tr","@id":"https:\/\/www.purejewels.com\/product\/yellow-gold-ring-46796\/#primaryimage","url":"https:\/\/static.purejewels.com\/wp-content\/uploads\/2023\/03\/46796.jpg","contentUrl":"https:\/\/static.purejewels.com\/wp-content\/uploads\/2023\/03\/46796.jpg","width":1000,"height":1000,"caption":"22ct Gold Ring"},{"@type":"BreadcrumbList","@id":"https:\/\/www.purejewels.com\/product\/yellow-gold-ring-46796\/#breadcrumb","itemListElement":[{"@type":"ListItem","position":1,"name":"Home","item":"https:\/\/www.purejewels.com\/"},{"@type":"ListItem","position":2,"name":"Shop","item":"https:\/\/www.purejewels.com\/shop\/"},{"@type":"ListItem","position":3,"name":"Yellow Gold Ring | Size N"}]},{"@type":"WebSite","@id":"https:\/\/www.purejewels.com\/#website","url":"https:\/\/www.purejewels.com\/","name":"PureJewels \u0130ngiltere","description":"Sevgiyi Payla\u015f\u0131n","publisher":{"@id":"https:\/\/www.purejewels.com\/#organization"},"potentialAction":[{"@type":"SearchAction","target":{"@type":"EntryPoint","urlTemplate":"https:\/\/www.purejewels.com\/?s={search_term_string}"},"query-input":{"@type":"PropertyValueSpecification","valueRequired":true,"valueName":"search_term_string"}}],"inLanguage":"tr"},{"@type":"Organization","@id":"https:\/\/www.purejewels.com\/#organization","name":"PureJewels \u0130ngiltere","url":"https:\/\/www.purejewels.com\/","logo":{"@type":"ImageObject","inLanguage":"tr","@id":"https:\/\/www.purejewels.com\/#\/schema\/logo\/image\/","url":"https:\/\/static.purejewels.com\/wp-content\/uploads\/2020\/11\/Logo-PJ-New-1.png","contentUrl":"https:\/\/static.purejewels.com\/wp-content\/uploads\/2020\/11\/Logo-PJ-New-1.png","width":150,"height":80,"caption":"PureJewels UK"},"image":{"@id":"https:\/\/www.purejewels.com\/#\/schema\/logo\/image\/"}}]}},"_links":{"self":[{"href":"https:\/\/www.purejewels.com\/tr\/wp-json\/wp\/v2\/product\/344544","targetHints":{"allow":["GET"]}}],"collection":[{"href":"https:\/\/www.purejewels.com\/tr\/wp-json\/wp\/v2\/product"}],"about":[{"href":"https:\/\/www.purejewels.com\/tr\/wp-json\/wp\/v2\/types\/product"}],"replies":[{"embeddable":true,"href":"https:\/\/www.purejewels.com\/tr\/wp-json\/wp\/v2\/comments?post=344544"}],"version-history":[{"count":3,"href":"https:\/\/www.purejewels.com\/tr\/wp-json\/wp\/v2\/product\/344544\/revisions"}],"predecessor-version":[{"id":422598,"href":"https:\/\/www.purejewels.com\/tr\/wp-json\/wp\/v2\/product\/344544\/revisions\/422598"}],"wp:featuredmedia":[{"embeddable":true,"href":"https:\/\/www.purejewels.com\/tr\/wp-json\/wp\/v2\/media\/355193"}],"wp:attachment":[{"href":"https:\/\/www.purejewels.com\/tr\/wp-json\/wp\/v2\/media?parent=344544"}],"wp:term":[{"taxonomy":"product_brand","embeddable":true,"href":"https:\/\/www.purejewels.com\/tr\/wp-json\/wp\/v2\/product_brand?post=344544"},{"taxonomy":"product_cat","embeddable":true,"href":"https:\/\/www.purejewels.com\/tr\/wp-json\/wp\/v2\/product_cat?post=344544"},{"taxonomy":"product_tag","embeddable":true,"href":"https:\/\/www.purejewels.com\/tr\/wp-json\/wp\/v2\/product_tag?post=344544"}],"curies":[{"name":"wp","href":"https:\/\/api.w.org\/{rel}","templated":true}]}}