{"id":344659,"date":"2024-08-04T08:29:43","date_gmt":"2024-08-04T07:29:43","guid":{"rendered":"https:\/\/www.purejewels.com\/?post_type=product&#038;p=344659"},"modified":"2026-01-30T07:35:53","modified_gmt":"2026-01-30T07:35:53","slug":"22-ayar-altin-jhumkha-kupe-48589","status":"publish","type":"product","link":"https:\/\/www.purejewels.com\/tr\/product\/22ct-gold-jhumkha-earring-48589\/","title":{"rendered":"22 Ayar Alt\u0131n Jhumkha K\u00fcpe | Armari Koleksiyonu"},"content":{"rendered":"<p>Kar\u015f\u0131n\u0131zda enfes <a href=\"https:\/\/www.purejewels.com\/tr\/product\/22ct-gold-jali-filigree-ring-jali-collection-31926\/\">22ct<\/a> Alt\u0131n Armari Jumka K\u00fcpeler, m\u00fccevher koleksiyonunuzu y\u00fckseltmek i\u00e7in titizlikle \u00fcretilmi\u015ftir. 27,5 gram a\u011f\u0131rl\u0131\u011f\u0131ndaki bu \u00e7arp\u0131c\u0131 k\u00fcpeler, geleneksel sanat\u0131 \u00e7a\u011fda\u015f zarafetle harmanlayan karma\u015f\u0131k bir tasar\u0131m \u00e7al\u0131\u015fmas\u0131na sahiptir. \u00c7an \u015feklindeki yap\u0131s\u0131yla karakterize edilen Jumka tasar\u0131m\u0131, narin detaylar ve cesur \u00e7ekicili\u011fin uyumlu bir kar\u0131\u015f\u0131m\u0131n\u0131 sergileyerek onu her durum i\u00e7in m\u00fckemmel bir ifade par\u00e7as\u0131 haline getiriyor. Birinci s\u0131n\u0131f 22 ayar alt\u0131ndan \u00fcretilen bu k\u00fcpeler hem l\u00fcks hem de dayan\u0131kl\u0131l\u0131k sunar. \u0130ster d\u00fc\u011f\u00fcn, festival ister \u00f6zel bir gece i\u00e7in olsun, bu k\u00fcpeleri takarak kombininize muhte\u015fem bir cazibe kat\u0131n.<\/p>","protected":false},"excerpt":{"rendered":"<div class=\"woocommerce-product-details__short-description\">\n<table class=\"sh_desc\">\n<tbody>\n<tr>\n<td>K\u00fcpe T\u00fcr\u00fc<\/td>\n<td>Jhumkha K\u00fcpe<\/td>\n<\/tr>\n<tr>\n<td>SKU<\/td>\n<td>52275<\/td>\n<\/tr>\n<tr>\n<td>A\u011f\u0131rl\u0131k<\/td>\n<td>26.45 Gms<\/td>\n<\/tr>\n<tr>\n<td>Metal<\/td>\n<td>22 Ayar Alt\u0131n<\/td>\n<\/tr>\n<tr>\n<td>\u00dccretler<\/td>\n<td>Teslimat ve KDV Dahil<\/td>\n<\/tr>\n<tr>\n<td>Paketleme<\/td>\n<td>Sunum Kutusu ile Birlikte Gelir<\/td>\n<\/tr>\n<tr>\n<td>Daha Fazla Bilgi<\/td>\n<td>M\u00fcsaitlik durumu ve daha fazla resim i\u00e7in bizimle canl\u0131 sohbet edin<\/td>\n<\/tr>\n<\/tbody>\n<\/table>\n<\/div>\n<div class=\"btn-atc atc-slide\"><\/div>\n<div class=\"product_meta\"><\/div>","protected":false},"featured_media":344660,"comment_status":"closed","ping_status":"closed","template":"","meta":{"_eb_attr":"","_crsspst_to_jayantr4sg-hostcom":false},"product_brand":[],"product_cat":[1791,245,5639,6139,5315,236,1254,1229,1578,1573,1574],"product_tag":[5926,66],"class_list":{"0":"post-344659","1":"product","2":"type-product","3":"status-publish","4":"has-post-thumbnail","6":"product_cat-anniversary-gifts","7":"product_cat-armari-collections","8":"product_cat-armari-earring","9":"product_cat-armari-jhumka-earring","10":"product_cat-bridal-and-wedding-earrings","11":"product_cat-collections","12":"product_cat-gold-earrings","13":"product_cat-22ct-gold-jewellery","14":"product_cat-jhumkha-earrings","15":"product_cat-wedding-gifts","16":"product_cat-womens-jewellery","17":"product_tag-22ct-gold-jumka-earrings","18":"product_tag-earrings","20":"first","21":"onbackorder","22":"taxable","23":"shipping-taxable","24":"purchasable","25":"product-type-simple","26":"add-to-wishlist-before_image"},"yoast_head":"<!-- This site is optimized with the Yoast SEO plugin v27.6 - https:\/\/yoast.com\/product\/yoast-seo-wordpress\/ -->\n<title>Shop 22ct Gold Antique Jhumkha Earring | purejewels.com<\/title>\n<meta name=\"description\" content=\"&quot;Elegant 22ct Gold Armari Jumka Earrings weighing 27.5g, crafted for timeless beauty. Perfect for any special occasion, these stunning earrings combine intricate design with luxurious gold, offering a perfect blend of tradition and modern style.&quot;\" \/>\n<meta name=\"robots\" content=\"index, follow, max-snippet:-1, max-image-preview:large, max-video-preview:-1\" \/>\n<link rel=\"canonical\" href=\"https:\/\/www.purejewels.com\/tr\/urun\/22-ayar-altin-jhumkha-kupe-48589\/\" \/>\n<meta property=\"og:locale\" content=\"tr_TR\" \/>\n<meta property=\"og:type\" content=\"article\" \/>\n<meta property=\"og:title\" content=\"Shop 22ct Gold Antique Jhumkha Earring | purejewels.com\" \/>\n<meta property=\"og:description\" content=\"&quot;Elegant 22ct Gold Armari Jumka Earrings weighing 27.5g, crafted for timeless beauty. Perfect for any special occasion, these stunning earrings combine intricate design with luxurious gold, offering a perfect blend of tradition and modern style.&quot;\" \/>\n<meta property=\"og:url\" content=\"https:\/\/www.purejewels.com\/tr\/urun\/22-ayar-altin-jhumkha-kupe-48589\/\" \/>\n<meta property=\"og:site_name\" content=\"PureJewels UK\" \/>\n<meta property=\"article:modified_time\" content=\"2026-01-30T07:35:53+00:00\" \/>\n<meta property=\"og:image\" content=\"https:\/\/static.purejewels.com\/wp-content\/uploads\/2023\/03\/44611-1.jpg\" \/>\n\t<meta property=\"og:image:width\" content=\"1000\" \/>\n\t<meta property=\"og:image:height\" content=\"1000\" \/>\n\t<meta property=\"og:image:type\" content=\"image\/jpeg\" \/>\n<meta name=\"twitter:card\" content=\"summary_large_image\" \/>\n<meta name=\"twitter:label1\" content=\"Tahmini okuma s\u00fcresi\" \/>\n\t<meta name=\"twitter:data1\" content=\"1 dakika\" \/>\n<script type=\"application\/ld+json\" class=\"yoast-schema-graph\">{\"@context\":\"https:\\\/\\\/schema.org\",\"@graph\":[{\"@type\":[\"WebPage\",\"ItemPage\"],\"@id\":\"https:\\\/\\\/www.purejewels.com\\\/product\\\/22ct-gold-jhumkha-earring-48589\\\/\",\"url\":\"https:\\\/\\\/www.purejewels.com\\\/product\\\/22ct-gold-jhumkha-earring-48589\\\/\",\"name\":\"Shop 22ct Gold Antique Jhumkha Earring | purejewels.com\",\"isPartOf\":{\"@id\":\"https:\\\/\\\/www.purejewels.com\\\/#website\"},\"primaryImageOfPage\":{\"@id\":\"https:\\\/\\\/www.purejewels.com\\\/product\\\/22ct-gold-jhumkha-earring-48589\\\/#primaryimage\"},\"image\":{\"@id\":\"https:\\\/\\\/www.purejewels.com\\\/product\\\/22ct-gold-jhumkha-earring-48589\\\/#primaryimage\"},\"thumbnailUrl\":\"https:\\\/\\\/static.purejewels.com\\\/wp-content\\\/uploads\\\/2023\\\/03\\\/44611-1.jpg\",\"datePublished\":\"2024-08-04T07:29:43+00:00\",\"dateModified\":\"2026-01-30T07:35:53+00:00\",\"description\":\"\\\"Elegant 22ct Gold Armari Jumka Earrings weighing 27.5g, crafted for timeless beauty. Perfect for any special occasion, these stunning earrings combine intricate design with luxurious gold, offering a perfect blend of tradition and modern style.\\\"\",\"breadcrumb\":{\"@id\":\"https:\\\/\\\/www.purejewels.com\\\/product\\\/22ct-gold-jhumkha-earring-48589\\\/#breadcrumb\"},\"inLanguage\":\"tr\",\"potentialAction\":[{\"@type\":\"ReadAction\",\"target\":[\"https:\\\/\\\/www.purejewels.com\\\/product\\\/22ct-gold-jhumkha-earring-48589\\\/\"]}]},{\"@type\":\"ImageObject\",\"inLanguage\":\"tr\",\"@id\":\"https:\\\/\\\/www.purejewels.com\\\/product\\\/22ct-gold-jhumkha-earring-48589\\\/#primaryimage\",\"url\":\"https:\\\/\\\/static.purejewels.com\\\/wp-content\\\/uploads\\\/2023\\\/03\\\/44611-1.jpg\",\"contentUrl\":\"https:\\\/\\\/static.purejewels.com\\\/wp-content\\\/uploads\\\/2023\\\/03\\\/44611-1.jpg\",\"width\":1000,\"height\":1000,\"caption\":\"22ct Gold Jhumkha Earring - 44611\"},{\"@type\":\"BreadcrumbList\",\"@id\":\"https:\\\/\\\/www.purejewels.com\\\/product\\\/22ct-gold-jhumkha-earring-48589\\\/#breadcrumb\",\"itemListElement\":[{\"@type\":\"ListItem\",\"position\":1,\"name\":\"Home\",\"item\":\"https:\\\/\\\/www.purejewels.com\\\/\"},{\"@type\":\"ListItem\",\"position\":2,\"name\":\"Shop\",\"item\":\"https:\\\/\\\/www.purejewels.com\\\/shop\\\/\"},{\"@type\":\"ListItem\",\"position\":3,\"name\":\"22ct Gold Jhumkha Earring | Armari Collection\"}]},{\"@type\":\"WebSite\",\"@id\":\"https:\\\/\\\/www.purejewels.com\\\/#website\",\"url\":\"https:\\\/\\\/www.purejewels.com\\\/\",\"name\":\"PureJewels UK\",\"description\":\"Share the Love\",\"publisher\":{\"@id\":\"https:\\\/\\\/www.purejewels.com\\\/#organization\"},\"potentialAction\":[{\"@type\":\"SearchAction\",\"target\":{\"@type\":\"EntryPoint\",\"urlTemplate\":\"https:\\\/\\\/www.purejewels.com\\\/?s={search_term_string}\"},\"query-input\":{\"@type\":\"PropertyValueSpecification\",\"valueRequired\":true,\"valueName\":\"search_term_string\"}}],\"inLanguage\":\"tr\"},{\"@type\":\"Organization\",\"@id\":\"https:\\\/\\\/www.purejewels.com\\\/#organization\",\"name\":\"PureJewels UK\",\"url\":\"https:\\\/\\\/www.purejewels.com\\\/\",\"logo\":{\"@type\":\"ImageObject\",\"inLanguage\":\"tr\",\"@id\":\"https:\\\/\\\/www.purejewels.com\\\/#\\\/schema\\\/logo\\\/image\\\/\",\"url\":\"https:\\\/\\\/static.purejewels.com\\\/wp-content\\\/uploads\\\/2020\\\/11\\\/Logo-PJ-New-1.png\",\"contentUrl\":\"https:\\\/\\\/static.purejewels.com\\\/wp-content\\\/uploads\\\/2020\\\/11\\\/Logo-PJ-New-1.png\",\"width\":150,\"height\":80,\"caption\":\"PureJewels UK\"},\"image\":{\"@id\":\"https:\\\/\\\/www.purejewels.com\\\/#\\\/schema\\\/logo\\\/image\\\/\"}}]}<\/script>\n<!-- \/ Yoast SEO plugin. -->","yoast_head_json":{"title":"22 Ayar Alt\u0131n Antik Jhumkha K\u00fcpe Al\u0131\u015fveri\u015fi | purejewels.com","description":"\"27,5 g a\\u011f\\u0131rl\\u0131\\u011f\\u0131ndaki zarif 22 ayar Alt\\u0131n Armari Jumka K\\u00fcpeler, zamans\\u0131z bir g\\u00fczellik i\\u00e7in \\u00fcretilmi\\u015ftir. Her \\u00f6zel g\\u00fcn i\\u00e7in m\\u00fckemmel olan bu \\u00e7arp\\u0131c\\u0131 k\\u00fcpeler, karma\\u015f\\u0131k tasar\\u0131m\\u0131 l\\u00fcks alt\\u0131nla birle\\u015ftirerek gelenek ve modern tarz\\u0131n m\\u00fckemmel bir kar\\u0131\\u015f\\u0131m\\u0131n\\u0131 sunuyor.\"","robots":{"index":"index","follow":"follow","max-snippet":"max-snippet:-1","max-image-preview":"max-image-preview:large","max-video-preview":"max-video-preview:-1"},"canonical":"https:\/\/www.purejewels.com\/tr\/urun\/22-ayar-altin-jhumkha-kupe-48589\/","og_locale":"tr_TR","og_type":"article","og_title":"Shop 22ct Gold Antique Jhumkha Earring | purejewels.com","og_description":"\"Elegant 22ct Gold Armari Jumka Earrings weighing 27.5g, crafted for timeless beauty. Perfect for any special occasion, these stunning earrings combine intricate design with luxurious gold, offering a perfect blend of tradition and modern style.\"","og_url":"https:\/\/www.purejewels.com\/tr\/urun\/22-ayar-altin-jhumkha-kupe-48589\/","og_site_name":"PureJewels UK","article_modified_time":"2026-01-30T07:35:53+00:00","og_image":[{"width":1000,"height":1000,"url":"https:\/\/static.purejewels.com\/wp-content\/uploads\/2023\/03\/44611-1.jpg","type":"image\/jpeg"}],"twitter_card":"summary_large_image","twitter_misc":{"Tahmini okuma s\u00fcresi":"1 dakika"},"schema":{"@context":"https:\/\/schema.org","@graph":[{"@type":["WebPage","ItemPage"],"@id":"https:\/\/www.purejewels.com\/product\/22ct-gold-jhumkha-earring-48589\/","url":"https:\/\/www.purejewels.com\/product\/22ct-gold-jhumkha-earring-48589\/","name":"22 Ayar Alt\u0131n Antik Jhumkha K\u00fcpe Al\u0131\u015fveri\u015fi | purejewels.com","isPartOf":{"@id":"https:\/\/www.purejewels.com\/#website"},"primaryImageOfPage":{"@id":"https:\/\/www.purejewels.com\/product\/22ct-gold-jhumkha-earring-48589\/#primaryimage"},"image":{"@id":"https:\/\/www.purejewels.com\/product\/22ct-gold-jhumkha-earring-48589\/#primaryimage"},"thumbnailUrl":"https:\/\/static.purejewels.com\/wp-content\/uploads\/2023\/03\/44611-1.jpg","datePublished":"2024-08-04T07:29:43+00:00","dateModified":"2026-01-30T07:35:53+00:00","description":"\"27,5 g a\\u011f\\u0131rl\\u0131\\u011f\\u0131ndaki zarif 22 ayar Alt\\u0131n Armari Jumka K\\u00fcpeler, zamans\\u0131z bir g\\u00fczellik i\\u00e7in \\u00fcretilmi\\u015ftir. Her \\u00f6zel g\\u00fcn i\\u00e7in m\\u00fckemmel olan bu \\u00e7arp\\u0131c\\u0131 k\\u00fcpeler, karma\\u015f\\u0131k tasar\\u0131m\\u0131 l\\u00fcks alt\\u0131nla birle\\u015ftirerek gelenek ve modern tarz\\u0131n m\\u00fckemmel bir kar\\u0131\\u015f\\u0131m\\u0131n\\u0131 sunuyor.\"","breadcrumb":{"@id":"https:\/\/www.purejewels.com\/product\/22ct-gold-jhumkha-earring-48589\/#breadcrumb"},"inLanguage":"tr","potentialAction":[{"@type":"ReadAction","target":["https:\/\/www.purejewels.com\/product\/22ct-gold-jhumkha-earring-48589\/"]}]},{"@type":"ImageObject","inLanguage":"tr","@id":"https:\/\/www.purejewels.com\/product\/22ct-gold-jhumkha-earring-48589\/#primaryimage","url":"https:\/\/static.purejewels.com\/wp-content\/uploads\/2023\/03\/44611-1.jpg","contentUrl":"https:\/\/static.purejewels.com\/wp-content\/uploads\/2023\/03\/44611-1.jpg","width":1000,"height":1000,"caption":"22ct Gold Jhumkha Earring - 44611"},{"@type":"BreadcrumbList","@id":"https:\/\/www.purejewels.com\/product\/22ct-gold-jhumkha-earring-48589\/#breadcrumb","itemListElement":[{"@type":"ListItem","position":1,"name":"Home","item":"https:\/\/www.purejewels.com\/"},{"@type":"ListItem","position":2,"name":"Shop","item":"https:\/\/www.purejewels.com\/shop\/"},{"@type":"ListItem","position":3,"name":"22ct Gold Jhumkha Earring | Armari Collection"}]},{"@type":"WebSite","@id":"https:\/\/www.purejewels.com\/#website","url":"https:\/\/www.purejewels.com\/","name":"PureJewels \u0130ngiltere","description":"Sevgiyi Payla\u015f\u0131n","publisher":{"@id":"https:\/\/www.purejewels.com\/#organization"},"potentialAction":[{"@type":"SearchAction","target":{"@type":"EntryPoint","urlTemplate":"https:\/\/www.purejewels.com\/?s={search_term_string}"},"query-input":{"@type":"PropertyValueSpecification","valueRequired":true,"valueName":"search_term_string"}}],"inLanguage":"tr"},{"@type":"Organization","@id":"https:\/\/www.purejewels.com\/#organization","name":"PureJewels \u0130ngiltere","url":"https:\/\/www.purejewels.com\/","logo":{"@type":"ImageObject","inLanguage":"tr","@id":"https:\/\/www.purejewels.com\/#\/schema\/logo\/image\/","url":"https:\/\/static.purejewels.com\/wp-content\/uploads\/2020\/11\/Logo-PJ-New-1.png","contentUrl":"https:\/\/static.purejewels.com\/wp-content\/uploads\/2020\/11\/Logo-PJ-New-1.png","width":150,"height":80,"caption":"PureJewels UK"},"image":{"@id":"https:\/\/www.purejewels.com\/#\/schema\/logo\/image\/"}}]}},"_links":{"self":[{"href":"https:\/\/www.purejewels.com\/tr\/wp-json\/wp\/v2\/product\/344659","targetHints":{"allow":["GET"]}}],"collection":[{"href":"https:\/\/www.purejewels.com\/tr\/wp-json\/wp\/v2\/product"}],"about":[{"href":"https:\/\/www.purejewels.com\/tr\/wp-json\/wp\/v2\/types\/product"}],"replies":[{"embeddable":true,"href":"https:\/\/www.purejewels.com\/tr\/wp-json\/wp\/v2\/comments?post=344659"}],"version-history":[{"count":4,"href":"https:\/\/www.purejewels.com\/tr\/wp-json\/wp\/v2\/product\/344659\/revisions"}],"predecessor-version":[{"id":403374,"href":"https:\/\/www.purejewels.com\/tr\/wp-json\/wp\/v2\/product\/344659\/revisions\/403374"}],"wp:featuredmedia":[{"embeddable":true,"href":"https:\/\/www.purejewels.com\/tr\/wp-json\/wp\/v2\/media\/344660"}],"wp:attachment":[{"href":"https:\/\/www.purejewels.com\/tr\/wp-json\/wp\/v2\/media?parent=344659"}],"wp:term":[{"taxonomy":"product_brand","embeddable":true,"href":"https:\/\/www.purejewels.com\/tr\/wp-json\/wp\/v2\/product_brand?post=344659"},{"taxonomy":"product_cat","embeddable":true,"href":"https:\/\/www.purejewels.com\/tr\/wp-json\/wp\/v2\/product_cat?post=344659"},{"taxonomy":"product_tag","embeddable":true,"href":"https:\/\/www.purejewels.com\/tr\/wp-json\/wp\/v2\/product_tag?post=344659"}],"curies":[{"name":"wp","href":"https:\/\/api.w.org\/{rel}","templated":true}]}}