{"id":344722,"date":"2023-11-17T08:36:57","date_gmt":"2023-11-17T08:36:57","guid":{"rendered":"https:\/\/www.purejewels.com\/?post_type=product&#038;p=344722"},"modified":"2026-02-09T13:35:03","modified_gmt":"2026-02-09T13:35:03","slug":"yakut-ve-zumrut-tasli-22-ayar-altin-damla-kupe-44731","status":"publish","type":"product","link":"https:\/\/www.purejewels.com\/tr\/product\/22ct-gold-drop-earring-with-ruby-and-emerald-stone-44731\/","title":{"rendered":"Yakut ve Z\u00fcmr\u00fct Ta\u015fl\u0131 22 Ayar Alt\u0131n Damla K\u00fcpe"},"content":{"rendered":"<p><span data-sheets-root=\"1\">Bu enfes tasar\u0131mlar\u0131n l\u00fcks g\u00fczelli\u011fi ile kendinizi \u015f\u0131mart\u0131n. <a href=\"https:\/\/www.purejewels.com\/tr\/product\/22ct-gold-jali-filigree-ring-jali-collection-31926\/\">22ct<\/a> \u00c7arp\u0131c\u0131 Yakut ve Z\u00fcmr\u00fct ta\u015flar\u0131yla s\u00fcslenmi\u015f Alt\u0131n Damla K\u00fcpeler. Bu zarif k\u00fcpeler, her m\u00fccevher koleksiyonuna zamans\u0131z bir ektir, \u00f6zel g\u00fcnler veya g\u00fcnl\u00fck kullan\u0131m i\u00e7in m\u00fckemmeldir. Yakutun canl\u0131 k\u0131rm\u0131z\u0131s\u0131 ve Z\u00fcmr\u00fct'\u00fcn yemye\u015fil rengi, zengin alt\u0131n ayara kar\u015f\u0131 \u00e7arp\u0131c\u0131 bir kontrast olu\u015fturarak her k\u0131yafete sofistike bir dokunu\u015f katar.<\/span><\/p>\n<p>Hassasiyet ve \u00f6zenle haz\u0131rlanan bu damla k\u00fcpeler, kaliteli i\u015f\u00e7ili\u011fi ve de\u011ferli ta\u015flar\u0131 takdir eden modern kad\u0131nlar i\u00e7in tasarlanm\u0131\u015ft\u0131r. 9,3 gram a\u011f\u0131rl\u0131\u011f\u0131ndaki bu k\u00fcpeler sa\u011flaml\u0131k ve l\u00fcks hissi verirken, g\u00fcvenli online \u00f6deme ve 30 g\u00fcnl\u00fck para iade garantisi endi\u015fesiz bir al\u0131\u015fveri\u015f deneyimi sa\u011flar.<\/p>\n<p>\u0130ster kendinizi \u015f\u0131mart\u0131yor ister sevdikleriniz i\u00e7in m\u00fckemmel bir hediye ar\u0131yor olun, bu Yakut ve Z\u00fcmr\u00fct damla k\u00fcpelerin sizi etkileyece\u011finden emin olabilirsiniz. \u00dccretsiz takipli teslimat ve sunum kutusu ile sat\u0131n ald\u0131\u011f\u0131n\u0131z \u00fcr\u00fcn\u00fcn g\u00fcvenli ve emniyetli bir \u015fekilde elinize ula\u015faca\u011f\u0131n\u0131 bilmenin huzurunu ya\u015fayabilirsiniz. Bu \u00e7arp\u0131c\u0131 k\u00fcpelerle stilinizi bug\u00fcn y\u00fckseltin.<\/p>","protected":false},"excerpt":{"rendered":"<div class=\"woocommerce-product-details__short-description\">\n<table class=\"sh_desc\">\n<tbody>\n<tr>\n<td>K\u00fcpe T\u00fcr\u00fc<\/td>\n<td>Damla K\u00fcpe<\/td>\n<\/tr>\n<tr>\n<td>SKU<\/td>\n<td>44731<\/td>\n<\/tr>\n<tr>\n<td>A\u011f\u0131rl\u0131k<\/td>\n<td>9,3 Gms<\/td>\n<\/tr>\n<tr>\n<td>Ta\u015f<\/td>\n<td>Yakut ve Z\u00fcmr\u00fct<\/td>\n<\/tr>\n<tr>\n<td>Metal<\/td>\n<td>22 Ayar Alt\u0131n<\/td>\n<\/tr>\n<tr>\n<td>Cinsiyet<\/td>\n<td>Bayanlar<\/td>\n<\/tr>\n<tr>\n<td>\u00dccretler<\/td>\n<td>Teslimat ve KDV Dahil<\/td>\n<\/tr>\n<tr>\n<td>Paketleme<\/td>\n<td>Sunum Kutusu ile Birlikte Gelir<\/td>\n<\/tr>\n<tr>\n<td>Daha Fazla Bilgi<\/td>\n<td>M\u00fcsaitlik durumu ve daha fazla resim i\u00e7in bizimle canl\u0131 sohbet edin<\/td>\n<\/tr>\n<\/tbody>\n<\/table>\n<\/div>","protected":false},"featured_media":365031,"comment_status":"closed","ping_status":"closed","template":"","meta":{"_eb_attr":"","_crsspst_to_jayantr4sg-hostcom":false},"product_brand":[],"product_cat":[1791,1559,5657,5699,1685,5754,1792,1790,1254,1229,5755,1573,1574,5349],"product_tag":[66],"class_list":{"0":"post-344722","1":"product","2":"type-product","3":"status-publish","4":"has-post-thumbnail","6":"product_cat-anniversary-gifts","7":"product_cat-birthday-gifts","8":"product_cat-chand-bali","9":"product_cat-coloured-gemstone-jewellery","10":"product_cat-drop-earrings","11":"product_cat-emerald","12":"product_cat-festival-gifts","13":"product_cat-for-whom-when","14":"product_cat-gold-earrings","15":"product_cat-22ct-gold-jewellery","16":"product_cat-ruby-jewellery","17":"product_cat-wedding-gifts","18":"product_cat-womens-jewellery","19":"product_cat-yellow-gold-jewellery","20":"product_tag-earrings","22":"first","23":"instock","24":"taxable","25":"shipping-taxable","26":"purchasable","27":"product-type-simple","28":"add-to-wishlist-before_image"},"yoast_head":"<!-- This site is optimized with the Yoast SEO plugin v27.5 - https:\/\/yoast.com\/product\/yoast-seo-wordpress\/ -->\n<title>22ct Gold Drop Earring with Ruby and Emerald Stone UK<\/title>\n<meta name=\"description\" content=\"Add feminine elegance to any outfit with this stunning gold earring, crafted with Ruby and Emerald Stone. Buy this CZ Earring online!\" \/>\n<meta name=\"robots\" content=\"index, follow, max-snippet:-1, max-image-preview:large, max-video-preview:-1\" \/>\n<link rel=\"canonical\" href=\"https:\/\/www.purejewels.com\/tr\/urun\/yakut-ve-zumrut-tasli-22-ayar-altin-damla-kupe-44731\/\" \/>\n<meta property=\"og:locale\" content=\"tr_TR\" \/>\n<meta property=\"og:type\" content=\"article\" \/>\n<meta property=\"og:title\" content=\"22ct Gold Drop Earring with Ruby and Emerald Stone UK\" \/>\n<meta property=\"og:description\" content=\"Add feminine elegance to any outfit with this stunning gold earring, crafted with Ruby and Emerald Stone. Buy this CZ Earring online!\" \/>\n<meta property=\"og:url\" content=\"https:\/\/www.purejewels.com\/tr\/urun\/yakut-ve-zumrut-tasli-22-ayar-altin-damla-kupe-44731\/\" \/>\n<meta property=\"og:site_name\" content=\"PureJewels UK\" \/>\n<meta property=\"article:modified_time\" content=\"2026-02-09T13:35:03+00:00\" \/>\n<meta property=\"og:image\" content=\"https:\/\/static.purejewels.com\/wp-content\/uploads\/2023\/11\/44731-imag.jpg\" \/>\n\t<meta property=\"og:image:width\" content=\"1000\" \/>\n\t<meta property=\"og:image:height\" content=\"1000\" \/>\n\t<meta property=\"og:image:type\" content=\"image\/jpeg\" \/>\n<meta name=\"twitter:card\" content=\"summary_large_image\" \/>\n<meta name=\"twitter:label1\" content=\"Tahmini okuma s\u00fcresi\" \/>\n\t<meta name=\"twitter:data1\" content=\"1 dakika\" \/>\n<script type=\"application\/ld+json\" class=\"yoast-schema-graph\">{\"@context\":\"https:\\\/\\\/schema.org\",\"@graph\":[{\"@type\":[\"WebPage\",\"ItemPage\"],\"@id\":\"https:\\\/\\\/www.purejewels.com\\\/product\\\/22ct-gold-drop-earring-with-ruby-and-emerald-stone-44731\\\/\",\"url\":\"https:\\\/\\\/www.purejewels.com\\\/product\\\/22ct-gold-drop-earring-with-ruby-and-emerald-stone-44731\\\/\",\"name\":\"22ct Gold Drop Earring with Ruby and Emerald Stone UK\",\"isPartOf\":{\"@id\":\"https:\\\/\\\/www.purejewels.com\\\/#website\"},\"primaryImageOfPage\":{\"@id\":\"https:\\\/\\\/www.purejewels.com\\\/product\\\/22ct-gold-drop-earring-with-ruby-and-emerald-stone-44731\\\/#primaryimage\"},\"image\":{\"@id\":\"https:\\\/\\\/www.purejewels.com\\\/product\\\/22ct-gold-drop-earring-with-ruby-and-emerald-stone-44731\\\/#primaryimage\"},\"thumbnailUrl\":\"https:\\\/\\\/static.purejewels.com\\\/wp-content\\\/uploads\\\/2023\\\/11\\\/44731-imag.jpg\",\"datePublished\":\"2023-11-17T08:36:57+00:00\",\"dateModified\":\"2026-02-09T13:35:03+00:00\",\"description\":\"Add feminine elegance to any outfit with this stunning gold earring, crafted with Ruby and Emerald Stone. Buy this CZ Earring online!\",\"breadcrumb\":{\"@id\":\"https:\\\/\\\/www.purejewels.com\\\/product\\\/22ct-gold-drop-earring-with-ruby-and-emerald-stone-44731\\\/#breadcrumb\"},\"inLanguage\":\"tr\",\"potentialAction\":[{\"@type\":\"ReadAction\",\"target\":[\"https:\\\/\\\/www.purejewels.com\\\/product\\\/22ct-gold-drop-earring-with-ruby-and-emerald-stone-44731\\\/\"]}]},{\"@type\":\"ImageObject\",\"inLanguage\":\"tr\",\"@id\":\"https:\\\/\\\/www.purejewels.com\\\/product\\\/22ct-gold-drop-earring-with-ruby-and-emerald-stone-44731\\\/#primaryimage\",\"url\":\"https:\\\/\\\/static.purejewels.com\\\/wp-content\\\/uploads\\\/2023\\\/11\\\/44731-imag.jpg\",\"contentUrl\":\"https:\\\/\\\/static.purejewels.com\\\/wp-content\\\/uploads\\\/2023\\\/11\\\/44731-imag.jpg\",\"width\":1000,\"height\":1000,\"caption\":\"22ct Gold Drop Earring with Ruby and Emerald Stone\"},{\"@type\":\"BreadcrumbList\",\"@id\":\"https:\\\/\\\/www.purejewels.com\\\/product\\\/22ct-gold-drop-earring-with-ruby-and-emerald-stone-44731\\\/#breadcrumb\",\"itemListElement\":[{\"@type\":\"ListItem\",\"position\":1,\"name\":\"Home\",\"item\":\"https:\\\/\\\/www.purejewels.com\\\/\"},{\"@type\":\"ListItem\",\"position\":2,\"name\":\"Shop\",\"item\":\"https:\\\/\\\/www.purejewels.com\\\/shop\\\/\"},{\"@type\":\"ListItem\",\"position\":3,\"name\":\"22ct Gold Drop Earring with Ruby and Emerald Stone\"}]},{\"@type\":\"WebSite\",\"@id\":\"https:\\\/\\\/www.purejewels.com\\\/#website\",\"url\":\"https:\\\/\\\/www.purejewels.com\\\/\",\"name\":\"PureJewels UK\",\"description\":\"Share the Love\",\"publisher\":{\"@id\":\"https:\\\/\\\/www.purejewels.com\\\/#organization\"},\"potentialAction\":[{\"@type\":\"SearchAction\",\"target\":{\"@type\":\"EntryPoint\",\"urlTemplate\":\"https:\\\/\\\/www.purejewels.com\\\/?s={search_term_string}\"},\"query-input\":{\"@type\":\"PropertyValueSpecification\",\"valueRequired\":true,\"valueName\":\"search_term_string\"}}],\"inLanguage\":\"tr\"},{\"@type\":\"Organization\",\"@id\":\"https:\\\/\\\/www.purejewels.com\\\/#organization\",\"name\":\"PureJewels UK\",\"url\":\"https:\\\/\\\/www.purejewels.com\\\/\",\"logo\":{\"@type\":\"ImageObject\",\"inLanguage\":\"tr\",\"@id\":\"https:\\\/\\\/www.purejewels.com\\\/#\\\/schema\\\/logo\\\/image\\\/\",\"url\":\"https:\\\/\\\/static.purejewels.com\\\/wp-content\\\/uploads\\\/2020\\\/11\\\/Logo-PJ-New-1.png\",\"contentUrl\":\"https:\\\/\\\/static.purejewels.com\\\/wp-content\\\/uploads\\\/2020\\\/11\\\/Logo-PJ-New-1.png\",\"width\":150,\"height\":80,\"caption\":\"PureJewels UK\"},\"image\":{\"@id\":\"https:\\\/\\\/www.purejewels.com\\\/#\\\/schema\\\/logo\\\/image\\\/\"}}]}<\/script>\n<!-- \/ Yoast SEO plugin. -->","yoast_head_json":{"title":"Yakut ve Z\u00fcmr\u00fct Ta\u015fl\u0131 22 Ayar Alt\u0131n Damla K\u00fcpe \u0130ngiltere","description":"Yakut ve Z\u00fcmr\u00fct Ta\u015f\u0131yla haz\u0131rlanm\u0131\u015f bu \u00e7arp\u0131c\u0131 alt\u0131n k\u00fcpe ile her k\u0131yafete kad\u0131ns\u0131 bir \u015f\u0131kl\u0131k kat\u0131n. Bu CZ K\u00fcpeyi online sat\u0131n al\u0131n!","robots":{"index":"index","follow":"follow","max-snippet":"max-snippet:-1","max-image-preview":"max-image-preview:large","max-video-preview":"max-video-preview:-1"},"canonical":"https:\/\/www.purejewels.com\/tr\/urun\/yakut-ve-zumrut-tasli-22-ayar-altin-damla-kupe-44731\/","og_locale":"tr_TR","og_type":"article","og_title":"22ct Gold Drop Earring with Ruby and Emerald Stone UK","og_description":"Add feminine elegance to any outfit with this stunning gold earring, crafted with Ruby and Emerald Stone. Buy this CZ Earring online!","og_url":"https:\/\/www.purejewels.com\/tr\/urun\/yakut-ve-zumrut-tasli-22-ayar-altin-damla-kupe-44731\/","og_site_name":"PureJewels UK","article_modified_time":"2026-02-09T13:35:03+00:00","og_image":[{"width":1000,"height":1000,"url":"https:\/\/static.purejewels.com\/wp-content\/uploads\/2023\/11\/44731-imag.jpg","type":"image\/jpeg"}],"twitter_card":"summary_large_image","twitter_misc":{"Tahmini okuma s\u00fcresi":"1 dakika"},"schema":{"@context":"https:\/\/schema.org","@graph":[{"@type":["WebPage","ItemPage"],"@id":"https:\/\/www.purejewels.com\/product\/22ct-gold-drop-earring-with-ruby-and-emerald-stone-44731\/","url":"https:\/\/www.purejewels.com\/product\/22ct-gold-drop-earring-with-ruby-and-emerald-stone-44731\/","name":"Yakut ve Z\u00fcmr\u00fct Ta\u015fl\u0131 22 Ayar Alt\u0131n Damla K\u00fcpe \u0130ngiltere","isPartOf":{"@id":"https:\/\/www.purejewels.com\/#website"},"primaryImageOfPage":{"@id":"https:\/\/www.purejewels.com\/product\/22ct-gold-drop-earring-with-ruby-and-emerald-stone-44731\/#primaryimage"},"image":{"@id":"https:\/\/www.purejewels.com\/product\/22ct-gold-drop-earring-with-ruby-and-emerald-stone-44731\/#primaryimage"},"thumbnailUrl":"https:\/\/static.purejewels.com\/wp-content\/uploads\/2023\/11\/44731-imag.jpg","datePublished":"2023-11-17T08:36:57+00:00","dateModified":"2026-02-09T13:35:03+00:00","description":"Yakut ve Z\u00fcmr\u00fct Ta\u015f\u0131yla haz\u0131rlanm\u0131\u015f bu \u00e7arp\u0131c\u0131 alt\u0131n k\u00fcpe ile her k\u0131yafete kad\u0131ns\u0131 bir \u015f\u0131kl\u0131k kat\u0131n. Bu CZ K\u00fcpeyi online sat\u0131n al\u0131n!","breadcrumb":{"@id":"https:\/\/www.purejewels.com\/product\/22ct-gold-drop-earring-with-ruby-and-emerald-stone-44731\/#breadcrumb"},"inLanguage":"tr","potentialAction":[{"@type":"ReadAction","target":["https:\/\/www.purejewels.com\/product\/22ct-gold-drop-earring-with-ruby-and-emerald-stone-44731\/"]}]},{"@type":"ImageObject","inLanguage":"tr","@id":"https:\/\/www.purejewels.com\/product\/22ct-gold-drop-earring-with-ruby-and-emerald-stone-44731\/#primaryimage","url":"https:\/\/static.purejewels.com\/wp-content\/uploads\/2023\/11\/44731-imag.jpg","contentUrl":"https:\/\/static.purejewels.com\/wp-content\/uploads\/2023\/11\/44731-imag.jpg","width":1000,"height":1000,"caption":"22ct Gold Drop Earring with Ruby and Emerald Stone"},{"@type":"BreadcrumbList","@id":"https:\/\/www.purejewels.com\/product\/22ct-gold-drop-earring-with-ruby-and-emerald-stone-44731\/#breadcrumb","itemListElement":[{"@type":"ListItem","position":1,"name":"Home","item":"https:\/\/www.purejewels.com\/"},{"@type":"ListItem","position":2,"name":"Shop","item":"https:\/\/www.purejewels.com\/shop\/"},{"@type":"ListItem","position":3,"name":"22ct Gold Drop Earring with Ruby and Emerald Stone"}]},{"@type":"WebSite","@id":"https:\/\/www.purejewels.com\/#website","url":"https:\/\/www.purejewels.com\/","name":"PureJewels \u0130ngiltere","description":"Sevgiyi Payla\u015f\u0131n","publisher":{"@id":"https:\/\/www.purejewels.com\/#organization"},"potentialAction":[{"@type":"SearchAction","target":{"@type":"EntryPoint","urlTemplate":"https:\/\/www.purejewels.com\/?s={search_term_string}"},"query-input":{"@type":"PropertyValueSpecification","valueRequired":true,"valueName":"search_term_string"}}],"inLanguage":"tr"},{"@type":"Organization","@id":"https:\/\/www.purejewels.com\/#organization","name":"PureJewels \u0130ngiltere","url":"https:\/\/www.purejewels.com\/","logo":{"@type":"ImageObject","inLanguage":"tr","@id":"https:\/\/www.purejewels.com\/#\/schema\/logo\/image\/","url":"https:\/\/static.purejewels.com\/wp-content\/uploads\/2020\/11\/Logo-PJ-New-1.png","contentUrl":"https:\/\/static.purejewels.com\/wp-content\/uploads\/2020\/11\/Logo-PJ-New-1.png","width":150,"height":80,"caption":"PureJewels UK"},"image":{"@id":"https:\/\/www.purejewels.com\/#\/schema\/logo\/image\/"}}]}},"_links":{"self":[{"href":"https:\/\/www.purejewels.com\/tr\/wp-json\/wp\/v2\/product\/344722","targetHints":{"allow":["GET"]}}],"collection":[{"href":"https:\/\/www.purejewels.com\/tr\/wp-json\/wp\/v2\/product"}],"about":[{"href":"https:\/\/www.purejewels.com\/tr\/wp-json\/wp\/v2\/types\/product"}],"replies":[{"embeddable":true,"href":"https:\/\/www.purejewels.com\/tr\/wp-json\/wp\/v2\/comments?post=344722"}],"version-history":[{"count":4,"href":"https:\/\/www.purejewels.com\/tr\/wp-json\/wp\/v2\/product\/344722\/revisions"}],"predecessor-version":[{"id":425868,"href":"https:\/\/www.purejewels.com\/tr\/wp-json\/wp\/v2\/product\/344722\/revisions\/425868"}],"wp:featuredmedia":[{"embeddable":true,"href":"https:\/\/www.purejewels.com\/tr\/wp-json\/wp\/v2\/media\/365031"}],"wp:attachment":[{"href":"https:\/\/www.purejewels.com\/tr\/wp-json\/wp\/v2\/media?parent=344722"}],"wp:term":[{"taxonomy":"product_brand","embeddable":true,"href":"https:\/\/www.purejewels.com\/tr\/wp-json\/wp\/v2\/product_brand?post=344722"},{"taxonomy":"product_cat","embeddable":true,"href":"https:\/\/www.purejewels.com\/tr\/wp-json\/wp\/v2\/product_cat?post=344722"},{"taxonomy":"product_tag","embeddable":true,"href":"https:\/\/www.purejewels.com\/tr\/wp-json\/wp\/v2\/product_tag?post=344722"}],"curies":[{"name":"wp","href":"https:\/\/api.w.org\/{rel}","templated":true}]}}