{"id":344746,"date":"2025-03-06T10:30:15","date_gmt":"2025-03-06T10:30:15","guid":{"rendered":"https:\/\/www.purejewels.com\/?post_type=product&#038;p=344746"},"modified":"2026-01-06T07:16:28","modified_gmt":"2026-01-06T07:16:28","slug":"22-ayar-altin-inci-halhal-10-inc-48340","status":"publish","type":"product","link":"https:\/\/www.purejewels.com\/tr\/product\/22ct-gold-pearl-anklet-10-inches-48340\/","title":{"rendered":"22 Ayar Alt\u0131n \u0130nci Halhal | 10 \u0130n\u00e7"},"content":{"rendered":"<h3>Tasar\u0131m Konsepti<\/h3>\n<p>Alt\u0131n ve incinin zamans\u0131z birlikteli\u011finden ilham alan bu halhal, safl\u0131\u011f\u0131 ve zarafeti kutluyor. S\u0131cak alt\u0131n ve \u0131\u015f\u0131lt\u0131l\u0131 incilerin yumu\u015fak etkile\u015fimi, kullan\u0131c\u0131s\u0131n\u0131n zarafetini ve duru\u015funu yans\u0131t\u0131r.<\/p>\n<h3>Zanaatkarl\u0131k<\/h3>\n<p>22 ayar alt\u0131ndan ustal\u0131kla el i\u015f\u00e7ili\u011fiyle \u00fcretilen halhal, zincire kusursuz bir \u015fekilde \u00f6r\u00fclm\u00fc\u015f 3,5 mm inci boncuklardan olu\u015fan titiz bir d\u00fczenlemeye sahiptir. Her bir unsur cilalanm\u0131\u015f ve denge, rahatl\u0131k ve dayan\u0131kl\u0131l\u0131k sa\u011flayacak \u015fekilde \u00f6zenle yerle\u015ftirilmi\u015ftir.<\/p>\n<h3>\u015eekillendirme &amp; Hediyele\u015fme<\/h3>\n<p>G\u00fcnl\u00fck kullan\u0131m i\u00e7in yeterince zarif ve \u00f6zel g\u00fcnler i\u00e7in rafine olan bu halhal, etnik topluluklarla veya minimalist stillerle g\u00fczel bir \u015fekilde e\u015fle\u015fir. PureJewels'in \u00f6zel l\u00fcks kutusunda sunulan do\u011fum g\u00fcnleri, d\u00fc\u011f\u00fcnler veya y\u0131l d\u00f6n\u00fcmleri i\u00e7in anlaml\u0131 bir hediye.<\/p>","protected":false},"excerpt":{"rendered":"<p>3,5 mm geni\u015fli\u011finde ve 10 in\u00e7 uzunlu\u011funda parlak incilerle s\u00fcslenmi\u015f 22 ayar alt\u0131n halhal. PureJewels London taraf\u0131ndan zarif bir \u015fekilde rafine edilmi\u015f ve el i\u015f\u00e7ili\u011fiyle m\u00fckemmel hale getirilmi\u015ftir.<\/p>\n<p><strong>Malzeme:<\/strong>\u00a022 Ayar Alt\u0131n<br \/>\n<strong>Safl\u0131k:<\/strong>\u00a091.6% saf<br \/>\n<strong>Hallmark:<\/strong>\u00a0\u0130ngiliz Damgas\u0131<strong><br \/>\n<\/strong><b>A\u011f\u0131rl\u0131k (gms): <\/b>5.00<br \/>\n<b>\u0130nci A\u011f\u0131rl\u0131\u011f\u0131: <\/b>1.3<br \/>\n<strong>Uzunluk:<\/strong> 10 \u0130n\u00e7<br \/>\n<b>\u0130nci Geni\u015fli\u011fi: <\/b>3,5 mm<br \/>\n<strong>SKU:<\/strong> 48340<\/p>\n<p><strong>Fiyat ve Teslimat<\/strong>: KDV ve teslimat \u00fccreti dahil<br \/>\n<a href=\"https:\/\/www.purejewels.com\/tr\/i%cc%87ade-poli%cc%87ti%cc%87kasi\/\">\u0130ade Politikas\u0131<\/a><\/p>","protected":false},"featured_media":419446,"comment_status":"closed","ping_status":"closed","template":"","meta":{"_eb_attr":"","_crsspst_to_jayantr4sg-hostcom":false},"product_brand":[],"product_cat":[1760,236,1792,1790,3628,1569,1574],"product_tag":[],"class_list":{"0":"post-344746","1":"product","2":"type-product","3":"status-publish","4":"has-post-thumbnail","6":"product_cat-gold-anklets","7":"product_cat-collections","8":"product_cat-festival-gifts","9":"product_cat-for-whom-when","10":"product_cat-glow-collections","11":"product_cat-valentine-day-gifts","12":"product_cat-womens-jewellery","14":"first","15":"instock","16":"taxable","17":"shipping-taxable","18":"purchasable","19":"product-type-simple","20":"add-to-wishlist-before_image"},"yoast_head":"<!-- This site is optimized with the Yoast SEO plugin v27.5 - https:\/\/yoast.com\/product\/yoast-seo-wordpress\/ -->\n<title>Anklet Designs with Pearl Beads | purejewels.com<\/title>\n<meta name=\"description\" content=\"A radiant 22ct gold pearl anklet crafted with 3.5mm beads and 10-inch length. Blending timeless design and refined craftsmanship this PureJewels piece celebrates grace and tradition.\" \/>\n<meta name=\"robots\" content=\"index, follow, max-snippet:-1, max-image-preview:large, max-video-preview:-1\" \/>\n<link rel=\"canonical\" href=\"https:\/\/www.purejewels.com\/tr\/urun\/22-ayar-altin-inci-halhal-10-inc-48340\/\" \/>\n<meta property=\"og:locale\" content=\"tr_TR\" \/>\n<meta property=\"og:type\" content=\"article\" \/>\n<meta property=\"og:title\" content=\"Anklet Designs with Pearl Beads | purejewels.com\" \/>\n<meta property=\"og:description\" content=\"A radiant 22ct gold pearl anklet crafted with 3.5mm beads and 10-inch length. Blending timeless design and refined craftsmanship this PureJewels piece celebrates grace and tradition.\" \/>\n<meta property=\"og:url\" content=\"https:\/\/www.purejewels.com\/tr\/urun\/22-ayar-altin-inci-halhal-10-inc-48340\/\" \/>\n<meta property=\"og:site_name\" content=\"PureJewels UK\" \/>\n<meta property=\"article:modified_time\" content=\"2026-01-06T07:16:28+00:00\" \/>\n<meta property=\"og:image\" content=\"https:\/\/www.purejewels.com\/wp-content\/uploads\/2023\/03\/22ct-Gold-Pearl-Anklet.jpg\" \/>\n\t<meta property=\"og:image:width\" content=\"1000\" \/>\n\t<meta property=\"og:image:height\" content=\"1000\" \/>\n\t<meta property=\"og:image:type\" content=\"image\/jpeg\" \/>\n<meta name=\"twitter:card\" content=\"summary_large_image\" \/>\n<meta name=\"twitter:label1\" content=\"Tahmini okuma s\u00fcresi\" \/>\n\t<meta name=\"twitter:data1\" content=\"1 dakika\" \/>\n<script type=\"application\/ld+json\" class=\"yoast-schema-graph\">{\"@context\":\"https:\\\/\\\/schema.org\",\"@graph\":[{\"@type\":[\"WebPage\",\"ItemPage\"],\"@id\":\"https:\\\/\\\/www.purejewels.com\\\/product\\\/22ct-gold-pearl-anklet-10-inches-48340\\\/\",\"url\":\"https:\\\/\\\/www.purejewels.com\\\/product\\\/22ct-gold-pearl-anklet-10-inches-48340\\\/\",\"name\":\"Anklet Designs with Pearl Beads | purejewels.com\",\"isPartOf\":{\"@id\":\"https:\\\/\\\/www.purejewels.com\\\/#website\"},\"primaryImageOfPage\":{\"@id\":\"https:\\\/\\\/www.purejewels.com\\\/product\\\/22ct-gold-pearl-anklet-10-inches-48340\\\/#primaryimage\"},\"image\":{\"@id\":\"https:\\\/\\\/www.purejewels.com\\\/product\\\/22ct-gold-pearl-anklet-10-inches-48340\\\/#primaryimage\"},\"thumbnailUrl\":\"https:\\\/\\\/static.purejewels.com\\\/wp-content\\\/uploads\\\/2023\\\/03\\\/22ct-Gold-Pearl-Anklet.jpg\",\"datePublished\":\"2025-03-06T10:30:15+00:00\",\"dateModified\":\"2026-01-06T07:16:28+00:00\",\"description\":\"A radiant 22ct gold pearl anklet crafted with 3.5mm beads and 10-inch length. Blending timeless design and refined craftsmanship this PureJewels piece celebrates grace and tradition.\",\"breadcrumb\":{\"@id\":\"https:\\\/\\\/www.purejewels.com\\\/product\\\/22ct-gold-pearl-anklet-10-inches-48340\\\/#breadcrumb\"},\"inLanguage\":\"tr\",\"potentialAction\":[{\"@type\":\"ReadAction\",\"target\":[\"https:\\\/\\\/www.purejewels.com\\\/product\\\/22ct-gold-pearl-anklet-10-inches-48340\\\/\"]}]},{\"@type\":\"ImageObject\",\"inLanguage\":\"tr\",\"@id\":\"https:\\\/\\\/www.purejewels.com\\\/product\\\/22ct-gold-pearl-anklet-10-inches-48340\\\/#primaryimage\",\"url\":\"https:\\\/\\\/static.purejewels.com\\\/wp-content\\\/uploads\\\/2023\\\/03\\\/22ct-Gold-Pearl-Anklet.jpg\",\"contentUrl\":\"https:\\\/\\\/static.purejewels.com\\\/wp-content\\\/uploads\\\/2023\\\/03\\\/22ct-Gold-Pearl-Anklet.jpg\",\"width\":1000,\"height\":1000,\"caption\":\"22ct Gold Pearl Anklet | 10 Inches\"},{\"@type\":\"BreadcrumbList\",\"@id\":\"https:\\\/\\\/www.purejewels.com\\\/product\\\/22ct-gold-pearl-anklet-10-inches-48340\\\/#breadcrumb\",\"itemListElement\":[{\"@type\":\"ListItem\",\"position\":1,\"name\":\"Home\",\"item\":\"https:\\\/\\\/www.purejewels.com\\\/\"},{\"@type\":\"ListItem\",\"position\":2,\"name\":\"Shop\",\"item\":\"https:\\\/\\\/www.purejewels.com\\\/shop\\\/\"},{\"@type\":\"ListItem\",\"position\":3,\"name\":\"22ct Gold Pearl Anklet | 10 Inches\"}]},{\"@type\":\"WebSite\",\"@id\":\"https:\\\/\\\/www.purejewels.com\\\/#website\",\"url\":\"https:\\\/\\\/www.purejewels.com\\\/\",\"name\":\"PureJewels UK\",\"description\":\"Share the Love\",\"publisher\":{\"@id\":\"https:\\\/\\\/www.purejewels.com\\\/#organization\"},\"potentialAction\":[{\"@type\":\"SearchAction\",\"target\":{\"@type\":\"EntryPoint\",\"urlTemplate\":\"https:\\\/\\\/www.purejewels.com\\\/?s={search_term_string}\"},\"query-input\":{\"@type\":\"PropertyValueSpecification\",\"valueRequired\":true,\"valueName\":\"search_term_string\"}}],\"inLanguage\":\"tr\"},{\"@type\":\"Organization\",\"@id\":\"https:\\\/\\\/www.purejewels.com\\\/#organization\",\"name\":\"PureJewels UK\",\"url\":\"https:\\\/\\\/www.purejewels.com\\\/\",\"logo\":{\"@type\":\"ImageObject\",\"inLanguage\":\"tr\",\"@id\":\"https:\\\/\\\/www.purejewels.com\\\/#\\\/schema\\\/logo\\\/image\\\/\",\"url\":\"https:\\\/\\\/static.purejewels.com\\\/wp-content\\\/uploads\\\/2020\\\/11\\\/Logo-PJ-New-1.png\",\"contentUrl\":\"https:\\\/\\\/static.purejewels.com\\\/wp-content\\\/uploads\\\/2020\\\/11\\\/Logo-PJ-New-1.png\",\"width\":150,\"height\":80,\"caption\":\"PureJewels UK\"},\"image\":{\"@id\":\"https:\\\/\\\/www.purejewels.com\\\/#\\\/schema\\\/logo\\\/image\\\/\"}}]}<\/script>\n<!-- \/ Yoast SEO plugin. -->","yoast_head_json":{"title":"\u0130nci Boncuklu Halhal Tasar\u0131mlar\u0131 | purejewels.com","description":"3,5 mm boncuklarla ve 10 in\u00e7 uzunlu\u011funda haz\u0131rlanm\u0131\u015f 22 ayar alt\u0131n inci halhal. Zamans\u0131z tasar\u0131m ve rafine i\u015f\u00e7ili\u011fi harmanlayan bu PureJewels par\u00e7as\u0131 zarafet ve gelene\u011fi kutluyor.","robots":{"index":"index","follow":"follow","max-snippet":"max-snippet:-1","max-image-preview":"max-image-preview:large","max-video-preview":"max-video-preview:-1"},"canonical":"https:\/\/www.purejewels.com\/tr\/urun\/22-ayar-altin-inci-halhal-10-inc-48340\/","og_locale":"tr_TR","og_type":"article","og_title":"Anklet Designs with Pearl Beads | purejewels.com","og_description":"A radiant 22ct gold pearl anklet crafted with 3.5mm beads and 10-inch length. Blending timeless design and refined craftsmanship this PureJewels piece celebrates grace and tradition.","og_url":"https:\/\/www.purejewels.com\/tr\/urun\/22-ayar-altin-inci-halhal-10-inc-48340\/","og_site_name":"PureJewels UK","article_modified_time":"2026-01-06T07:16:28+00:00","og_image":[{"width":1000,"height":1000,"url":"https:\/\/www.purejewels.com\/wp-content\/uploads\/2023\/03\/22ct-Gold-Pearl-Anklet.jpg","type":"image\/jpeg"}],"twitter_card":"summary_large_image","twitter_misc":{"Tahmini okuma s\u00fcresi":"1 dakika"},"schema":{"@context":"https:\/\/schema.org","@graph":[{"@type":["WebPage","ItemPage"],"@id":"https:\/\/www.purejewels.com\/product\/22ct-gold-pearl-anklet-10-inches-48340\/","url":"https:\/\/www.purejewels.com\/product\/22ct-gold-pearl-anklet-10-inches-48340\/","name":"\u0130nci Boncuklu Halhal Tasar\u0131mlar\u0131 | purejewels.com","isPartOf":{"@id":"https:\/\/www.purejewels.com\/#website"},"primaryImageOfPage":{"@id":"https:\/\/www.purejewels.com\/product\/22ct-gold-pearl-anklet-10-inches-48340\/#primaryimage"},"image":{"@id":"https:\/\/www.purejewels.com\/product\/22ct-gold-pearl-anklet-10-inches-48340\/#primaryimage"},"thumbnailUrl":"https:\/\/static.purejewels.com\/wp-content\/uploads\/2023\/03\/22ct-Gold-Pearl-Anklet.jpg","datePublished":"2025-03-06T10:30:15+00:00","dateModified":"2026-01-06T07:16:28+00:00","description":"3,5 mm boncuklarla ve 10 in\u00e7 uzunlu\u011funda haz\u0131rlanm\u0131\u015f 22 ayar alt\u0131n inci halhal. Zamans\u0131z tasar\u0131m ve rafine i\u015f\u00e7ili\u011fi harmanlayan bu PureJewels par\u00e7as\u0131 zarafet ve gelene\u011fi kutluyor.","breadcrumb":{"@id":"https:\/\/www.purejewels.com\/product\/22ct-gold-pearl-anklet-10-inches-48340\/#breadcrumb"},"inLanguage":"tr","potentialAction":[{"@type":"ReadAction","target":["https:\/\/www.purejewels.com\/product\/22ct-gold-pearl-anklet-10-inches-48340\/"]}]},{"@type":"ImageObject","inLanguage":"tr","@id":"https:\/\/www.purejewels.com\/product\/22ct-gold-pearl-anklet-10-inches-48340\/#primaryimage","url":"https:\/\/static.purejewels.com\/wp-content\/uploads\/2023\/03\/22ct-Gold-Pearl-Anklet.jpg","contentUrl":"https:\/\/static.purejewels.com\/wp-content\/uploads\/2023\/03\/22ct-Gold-Pearl-Anklet.jpg","width":1000,"height":1000,"caption":"22ct Gold Pearl Anklet | 10 Inches"},{"@type":"BreadcrumbList","@id":"https:\/\/www.purejewels.com\/product\/22ct-gold-pearl-anklet-10-inches-48340\/#breadcrumb","itemListElement":[{"@type":"ListItem","position":1,"name":"Home","item":"https:\/\/www.purejewels.com\/"},{"@type":"ListItem","position":2,"name":"Shop","item":"https:\/\/www.purejewels.com\/shop\/"},{"@type":"ListItem","position":3,"name":"22ct Gold Pearl Anklet | 10 Inches"}]},{"@type":"WebSite","@id":"https:\/\/www.purejewels.com\/#website","url":"https:\/\/www.purejewels.com\/","name":"PureJewels \u0130ngiltere","description":"Sevgiyi Payla\u015f\u0131n","publisher":{"@id":"https:\/\/www.purejewels.com\/#organization"},"potentialAction":[{"@type":"SearchAction","target":{"@type":"EntryPoint","urlTemplate":"https:\/\/www.purejewels.com\/?s={search_term_string}"},"query-input":{"@type":"PropertyValueSpecification","valueRequired":true,"valueName":"search_term_string"}}],"inLanguage":"tr"},{"@type":"Organization","@id":"https:\/\/www.purejewels.com\/#organization","name":"PureJewels \u0130ngiltere","url":"https:\/\/www.purejewels.com\/","logo":{"@type":"ImageObject","inLanguage":"tr","@id":"https:\/\/www.purejewels.com\/#\/schema\/logo\/image\/","url":"https:\/\/static.purejewels.com\/wp-content\/uploads\/2020\/11\/Logo-PJ-New-1.png","contentUrl":"https:\/\/static.purejewels.com\/wp-content\/uploads\/2020\/11\/Logo-PJ-New-1.png","width":150,"height":80,"caption":"PureJewels UK"},"image":{"@id":"https:\/\/www.purejewels.com\/#\/schema\/logo\/image\/"}}]}},"_links":{"self":[{"href":"https:\/\/www.purejewels.com\/tr\/wp-json\/wp\/v2\/product\/344746","targetHints":{"allow":["GET"]}}],"collection":[{"href":"https:\/\/www.purejewels.com\/tr\/wp-json\/wp\/v2\/product"}],"about":[{"href":"https:\/\/www.purejewels.com\/tr\/wp-json\/wp\/v2\/types\/product"}],"replies":[{"embeddable":true,"href":"https:\/\/www.purejewels.com\/tr\/wp-json\/wp\/v2\/comments?post=344746"}],"version-history":[{"count":2,"href":"https:\/\/www.purejewels.com\/tr\/wp-json\/wp\/v2\/product\/344746\/revisions"}],"predecessor-version":[{"id":419447,"href":"https:\/\/www.purejewels.com\/tr\/wp-json\/wp\/v2\/product\/344746\/revisions\/419447"}],"wp:featuredmedia":[{"embeddable":true,"href":"https:\/\/www.purejewels.com\/tr\/wp-json\/wp\/v2\/media\/419446"}],"wp:attachment":[{"href":"https:\/\/www.purejewels.com\/tr\/wp-json\/wp\/v2\/media?parent=344746"}],"wp:term":[{"taxonomy":"product_brand","embeddable":true,"href":"https:\/\/www.purejewels.com\/tr\/wp-json\/wp\/v2\/product_brand?post=344746"},{"taxonomy":"product_cat","embeddable":true,"href":"https:\/\/www.purejewels.com\/tr\/wp-json\/wp\/v2\/product_cat?post=344746"},{"taxonomy":"product_tag","embeddable":true,"href":"https:\/\/www.purejewels.com\/tr\/wp-json\/wp\/v2\/product_tag?post=344746"}],"curies":[{"name":"wp","href":"https:\/\/api.w.org\/{rel}","templated":true}]}}