{"id":344763,"date":"2023-03-07T16:55:08","date_gmt":"2023-03-07T16:55:08","guid":{"rendered":"https:\/\/www.purejewels.com\/?post_type=product&#038;p=344763"},"modified":"2026-01-06T07:30:05","modified_gmt":"2026-01-06T07:30:05","slug":"22-ayar-altindan-kalp-seklinde-artirilmis-rudraksha-kolye-ucu-2","status":"publish","type":"product","link":"https:\/\/www.purejewels.com\/tr\/product\/heart-shaped-increated-rudraksha-pendant-in-22ct-gold-2\/","title":{"rendered":"Kalp \u015eeklinde 22 Ayar Alt\u0131n Art\u0131r\u0131lm\u0131\u015f Rudraksha Kolye"},"content":{"rendered":"<p>Rudraksha boncuklar\u0131 geleneksel olarak maneviyat, g\u00fc\u00e7 ve \u00e7e\u015fitli sa\u011fl\u0131k faydalar\u0131 i\u00e7in tak\u0131l\u0131rd\u0131. Bu 22 ayar alt\u0131n kalp \u015feklinde <a href=\"https:\/\/www.purejewels.com\/tr\/product\/heart-shaped-increated-rudraksha-pendant-in-22ct-gold\/\">Rudraksha kolye ucu<\/a> zanaatkarlar taraf\u0131ndan titizlikle i\u015flenmi\u015ftir. Rudraksha alt\u0131n dokulu bir kalbin i\u00e7ine yerle\u015fir. 22 ayar alt\u0131ndan yap\u0131lm\u0131\u015ft\u0131r ve takt\u0131\u011f\u0131n\u0131zda boynunuzda a\u011f\u0131rl\u0131k hissi vermez. Ayr\u0131 olarak tak\u0131n veya araya biraz \u0131\u015f\u0131lt\u0131 katmak i\u00e7in di\u011fer tellerin alt\u0131na katmanlay\u0131n! Alt\u0131n kolye ucu hafiftir ve g\u00fcnl\u00fck kullan\u0131m i\u00e7in rahatt\u0131r. Alt\u0131n kalp hafif dokuludur ve her k\u00fc\u00e7\u00fck harekette par\u0131ldar!<\/p>","protected":false},"excerpt":{"rendered":"<ul>\n<li>Rudraksha ile 22 Ayar Alt\u0131n Kalp \u015eeklinde Kolye<\/li>\n<li>A\u011f\u0131rl\u0131k 2,3 gms<\/li>\n<li>SKU. 7506<\/li>\n<li>Zincir dahil de\u011fildir<\/li>\n<li>Resimde g\u00f6sterilen zincir bir\u00a0<strong>Kutu Zincir<\/strong><\/li>\n<li>T\u00fcm \u00dcr\u00fcnlerimiz Londra Tahlil Ofisi Taraf\u0131ndan Damgalanm\u0131\u015ft\u0131r<\/li>\n<li>Sunum Kutusu ile Birlikte Gelir<\/li>\n<li>Teslimat Dahil<\/li>\n<li>T\u00fcm fiyatlara KDV dahildir<\/li>\n<li>Stok durumu ve stokta bulunan benzer tasar\u0131mlar\u0131n daha fazla g\u00f6r\u00fcnt\u00fcs\u00fc i\u00e7in bizimle canl\u0131 sohbet edin<\/li>\n<\/ul>","protected":false},"featured_media":307081,"comment_status":"closed","ping_status":"closed","template":"","meta":{"_eb_attr":"","_crsspst_to_jayantr4sg-hostcom":false},"product_brand":[],"product_cat":[1559,1576,1255,5344,1572,1768,1701],"product_tag":[],"class_list":{"0":"post-344763","1":"product","2":"type-product","3":"status-publish","4":"has-post-thumbnail","6":"product_cat-birthday-gifts","7":"product_cat-childrens-jewellery","8":"product_cat-gold-pendants","9":"product_cat-jewellery-under-750","10":"product_cat-mens-jewellery","11":"product_cat-mens-pendants","12":"product_cat-religious-pendants","14":"first","15":"outofstock","16":"taxable","17":"shipping-taxable","18":"product-type-simple","19":"add-to-wishlist-before_image"},"yoast_head":"<!-- This site is optimized with the Yoast SEO plugin v27.5 - https:\/\/yoast.com\/product\/yoast-seo-wordpress\/ -->\n<title>Heart Shaped Rudraksha Pendant in 22ct Yellow Gold<\/title>\n<meta name=\"description\" content=\"This heart-shaped Rudraksha pendant has been meticulously handcrafted by artisans. The Rudraksha settles in a gold-textured heart.\" \/>\n<meta name=\"robots\" content=\"index, follow, max-snippet:-1, max-image-preview:large, max-video-preview:-1\" \/>\n<link rel=\"canonical\" href=\"https:\/\/www.purejewels.com\/tr\/urun\/22-ayar-altindan-kalp-seklinde-artirilmis-rudraksha-kolye-ucu-2\/\" \/>\n<meta property=\"og:locale\" content=\"tr_TR\" \/>\n<meta property=\"og:type\" content=\"article\" \/>\n<meta property=\"og:title\" content=\"Heart Shaped Rudraksha Pendant in 22ct Yellow Gold\" \/>\n<meta property=\"og:description\" content=\"This heart-shaped Rudraksha pendant has been meticulously handcrafted by artisans. The Rudraksha settles in a gold-textured heart.\" \/>\n<meta property=\"og:url\" content=\"https:\/\/www.purejewels.com\/tr\/urun\/22-ayar-altindan-kalp-seklinde-artirilmis-rudraksha-kolye-ucu-2\/\" \/>\n<meta property=\"og:site_name\" content=\"PureJewels UK\" \/>\n<meta property=\"article:modified_time\" content=\"2026-01-06T07:30:05+00:00\" \/>\n<meta property=\"og:image\" content=\"https:\/\/www.purejewels.com\/wp-content\/uploads\/2018\/12\/7506_1.png\" \/>\n\t<meta property=\"og:image:width\" content=\"1000\" \/>\n\t<meta property=\"og:image:height\" content=\"1000\" \/>\n\t<meta property=\"og:image:type\" content=\"image\/png\" \/>\n<meta name=\"twitter:card\" content=\"summary_large_image\" \/>\n<meta name=\"twitter:label1\" content=\"Tahmini okuma s\u00fcresi\" \/>\n\t<meta name=\"twitter:data1\" content=\"1 dakika\" \/>\n<script type=\"application\/ld+json\" class=\"yoast-schema-graph\">{\"@context\":\"https:\\\/\\\/schema.org\",\"@graph\":[{\"@type\":[\"WebPage\",\"ItemPage\"],\"@id\":\"https:\\\/\\\/www.purejewels.com\\\/product\\\/heart-shaped-increated-rudraksha-pendant-in-22ct-gold-2\\\/\",\"url\":\"https:\\\/\\\/www.purejewels.com\\\/product\\\/heart-shaped-increated-rudraksha-pendant-in-22ct-gold-2\\\/\",\"name\":\"Heart Shaped Rudraksha Pendant in 22ct Yellow Gold\",\"isPartOf\":{\"@id\":\"https:\\\/\\\/www.purejewels.com\\\/#website\"},\"primaryImageOfPage\":{\"@id\":\"https:\\\/\\\/www.purejewels.com\\\/product\\\/heart-shaped-increated-rudraksha-pendant-in-22ct-gold-2\\\/#primaryimage\"},\"image\":{\"@id\":\"https:\\\/\\\/www.purejewels.com\\\/product\\\/heart-shaped-increated-rudraksha-pendant-in-22ct-gold-2\\\/#primaryimage\"},\"thumbnailUrl\":\"https:\\\/\\\/static.purejewels.com\\\/wp-content\\\/uploads\\\/2018\\\/12\\\/7506_1.png\",\"datePublished\":\"2023-03-07T16:55:08+00:00\",\"dateModified\":\"2026-01-06T07:30:05+00:00\",\"description\":\"This heart-shaped Rudraksha pendant has been meticulously handcrafted by artisans. The Rudraksha settles in a gold-textured heart.\",\"breadcrumb\":{\"@id\":\"https:\\\/\\\/www.purejewels.com\\\/product\\\/heart-shaped-increated-rudraksha-pendant-in-22ct-gold-2\\\/#breadcrumb\"},\"inLanguage\":\"tr\",\"potentialAction\":[{\"@type\":\"ReadAction\",\"target\":[\"https:\\\/\\\/www.purejewels.com\\\/product\\\/heart-shaped-increated-rudraksha-pendant-in-22ct-gold-2\\\/\"]}]},{\"@type\":\"ImageObject\",\"inLanguage\":\"tr\",\"@id\":\"https:\\\/\\\/www.purejewels.com\\\/product\\\/heart-shaped-increated-rudraksha-pendant-in-22ct-gold-2\\\/#primaryimage\",\"url\":\"https:\\\/\\\/static.purejewels.com\\\/wp-content\\\/uploads\\\/2018\\\/12\\\/7506_1.png\",\"contentUrl\":\"https:\\\/\\\/static.purejewels.com\\\/wp-content\\\/uploads\\\/2018\\\/12\\\/7506_1.png\",\"width\":1000,\"height\":1000,\"caption\":\"7506_1\"},{\"@type\":\"BreadcrumbList\",\"@id\":\"https:\\\/\\\/www.purejewels.com\\\/product\\\/heart-shaped-increated-rudraksha-pendant-in-22ct-gold-2\\\/#breadcrumb\",\"itemListElement\":[{\"@type\":\"ListItem\",\"position\":1,\"name\":\"Home\",\"item\":\"https:\\\/\\\/www.purejewels.com\\\/\"},{\"@type\":\"ListItem\",\"position\":2,\"name\":\"Shop\",\"item\":\"https:\\\/\\\/www.purejewels.com\\\/shop\\\/\"},{\"@type\":\"ListItem\",\"position\":3,\"name\":\"Heart Shaped Increated Rudraksha Pendant in 22ct Gold\"}]},{\"@type\":\"WebSite\",\"@id\":\"https:\\\/\\\/www.purejewels.com\\\/#website\",\"url\":\"https:\\\/\\\/www.purejewels.com\\\/\",\"name\":\"PureJewels UK\",\"description\":\"Share the Love\",\"publisher\":{\"@id\":\"https:\\\/\\\/www.purejewels.com\\\/#organization\"},\"potentialAction\":[{\"@type\":\"SearchAction\",\"target\":{\"@type\":\"EntryPoint\",\"urlTemplate\":\"https:\\\/\\\/www.purejewels.com\\\/?s={search_term_string}\"},\"query-input\":{\"@type\":\"PropertyValueSpecification\",\"valueRequired\":true,\"valueName\":\"search_term_string\"}}],\"inLanguage\":\"tr\"},{\"@type\":\"Organization\",\"@id\":\"https:\\\/\\\/www.purejewels.com\\\/#organization\",\"name\":\"PureJewels UK\",\"url\":\"https:\\\/\\\/www.purejewels.com\\\/\",\"logo\":{\"@type\":\"ImageObject\",\"inLanguage\":\"tr\",\"@id\":\"https:\\\/\\\/www.purejewels.com\\\/#\\\/schema\\\/logo\\\/image\\\/\",\"url\":\"https:\\\/\\\/static.purejewels.com\\\/wp-content\\\/uploads\\\/2020\\\/11\\\/Logo-PJ-New-1.png\",\"contentUrl\":\"https:\\\/\\\/static.purejewels.com\\\/wp-content\\\/uploads\\\/2020\\\/11\\\/Logo-PJ-New-1.png\",\"width\":150,\"height\":80,\"caption\":\"PureJewels UK\"},\"image\":{\"@id\":\"https:\\\/\\\/www.purejewels.com\\\/#\\\/schema\\\/logo\\\/image\\\/\"}}]}<\/script>\n<!-- \/ Yoast SEO plugin. -->","yoast_head_json":{"title":"22 Ayar Sar\u0131 Alt\u0131ndan Kalp \u015eeklinde Rudraksha Kolye","description":"Bu kalp \u015feklindeki Rudraksha kolye ucu zanaatkarlar taraf\u0131ndan titizlikle el i\u015f\u00e7ili\u011fiyle \u00fcretilmi\u015ftir. Rudraksha alt\u0131n dokulu bir kalbin i\u00e7ine yerle\u015ftirilmi\u015ftir.","robots":{"index":"index","follow":"follow","max-snippet":"max-snippet:-1","max-image-preview":"max-image-preview:large","max-video-preview":"max-video-preview:-1"},"canonical":"https:\/\/www.purejewels.com\/tr\/urun\/22-ayar-altindan-kalp-seklinde-artirilmis-rudraksha-kolye-ucu-2\/","og_locale":"tr_TR","og_type":"article","og_title":"Heart Shaped Rudraksha Pendant in 22ct Yellow Gold","og_description":"This heart-shaped Rudraksha pendant has been meticulously handcrafted by artisans. The Rudraksha settles in a gold-textured heart.","og_url":"https:\/\/www.purejewels.com\/tr\/urun\/22-ayar-altindan-kalp-seklinde-artirilmis-rudraksha-kolye-ucu-2\/","og_site_name":"PureJewels UK","article_modified_time":"2026-01-06T07:30:05+00:00","og_image":[{"width":1000,"height":1000,"url":"https:\/\/www.purejewels.com\/wp-content\/uploads\/2018\/12\/7506_1.png","type":"image\/png"}],"twitter_card":"summary_large_image","twitter_misc":{"Tahmini okuma s\u00fcresi":"1 dakika"},"schema":{"@context":"https:\/\/schema.org","@graph":[{"@type":["WebPage","ItemPage"],"@id":"https:\/\/www.purejewels.com\/product\/heart-shaped-increated-rudraksha-pendant-in-22ct-gold-2\/","url":"https:\/\/www.purejewels.com\/product\/heart-shaped-increated-rudraksha-pendant-in-22ct-gold-2\/","name":"22 Ayar Sar\u0131 Alt\u0131ndan Kalp \u015eeklinde Rudraksha Kolye","isPartOf":{"@id":"https:\/\/www.purejewels.com\/#website"},"primaryImageOfPage":{"@id":"https:\/\/www.purejewels.com\/product\/heart-shaped-increated-rudraksha-pendant-in-22ct-gold-2\/#primaryimage"},"image":{"@id":"https:\/\/www.purejewels.com\/product\/heart-shaped-increated-rudraksha-pendant-in-22ct-gold-2\/#primaryimage"},"thumbnailUrl":"https:\/\/static.purejewels.com\/wp-content\/uploads\/2018\/12\/7506_1.png","datePublished":"2023-03-07T16:55:08+00:00","dateModified":"2026-01-06T07:30:05+00:00","description":"Bu kalp \u015feklindeki Rudraksha kolye ucu zanaatkarlar taraf\u0131ndan titizlikle el i\u015f\u00e7ili\u011fiyle \u00fcretilmi\u015ftir. Rudraksha alt\u0131n dokulu bir kalbin i\u00e7ine yerle\u015ftirilmi\u015ftir.","breadcrumb":{"@id":"https:\/\/www.purejewels.com\/product\/heart-shaped-increated-rudraksha-pendant-in-22ct-gold-2\/#breadcrumb"},"inLanguage":"tr","potentialAction":[{"@type":"ReadAction","target":["https:\/\/www.purejewels.com\/product\/heart-shaped-increated-rudraksha-pendant-in-22ct-gold-2\/"]}]},{"@type":"ImageObject","inLanguage":"tr","@id":"https:\/\/www.purejewels.com\/product\/heart-shaped-increated-rudraksha-pendant-in-22ct-gold-2\/#primaryimage","url":"https:\/\/static.purejewels.com\/wp-content\/uploads\/2018\/12\/7506_1.png","contentUrl":"https:\/\/static.purejewels.com\/wp-content\/uploads\/2018\/12\/7506_1.png","width":1000,"height":1000,"caption":"7506_1"},{"@type":"BreadcrumbList","@id":"https:\/\/www.purejewels.com\/product\/heart-shaped-increated-rudraksha-pendant-in-22ct-gold-2\/#breadcrumb","itemListElement":[{"@type":"ListItem","position":1,"name":"Home","item":"https:\/\/www.purejewels.com\/"},{"@type":"ListItem","position":2,"name":"Shop","item":"https:\/\/www.purejewels.com\/shop\/"},{"@type":"ListItem","position":3,"name":"Heart Shaped Increated Rudraksha Pendant in 22ct Gold"}]},{"@type":"WebSite","@id":"https:\/\/www.purejewels.com\/#website","url":"https:\/\/www.purejewels.com\/","name":"PureJewels \u0130ngiltere","description":"Sevgiyi Payla\u015f\u0131n","publisher":{"@id":"https:\/\/www.purejewels.com\/#organization"},"potentialAction":[{"@type":"SearchAction","target":{"@type":"EntryPoint","urlTemplate":"https:\/\/www.purejewels.com\/?s={search_term_string}"},"query-input":{"@type":"PropertyValueSpecification","valueRequired":true,"valueName":"search_term_string"}}],"inLanguage":"tr"},{"@type":"Organization","@id":"https:\/\/www.purejewels.com\/#organization","name":"PureJewels \u0130ngiltere","url":"https:\/\/www.purejewels.com\/","logo":{"@type":"ImageObject","inLanguage":"tr","@id":"https:\/\/www.purejewels.com\/#\/schema\/logo\/image\/","url":"https:\/\/static.purejewels.com\/wp-content\/uploads\/2020\/11\/Logo-PJ-New-1.png","contentUrl":"https:\/\/static.purejewels.com\/wp-content\/uploads\/2020\/11\/Logo-PJ-New-1.png","width":150,"height":80,"caption":"PureJewels UK"},"image":{"@id":"https:\/\/www.purejewels.com\/#\/schema\/logo\/image\/"}}]}},"_links":{"self":[{"href":"https:\/\/www.purejewels.com\/tr\/wp-json\/wp\/v2\/product\/344763","targetHints":{"allow":["GET"]}}],"collection":[{"href":"https:\/\/www.purejewels.com\/tr\/wp-json\/wp\/v2\/product"}],"about":[{"href":"https:\/\/www.purejewels.com\/tr\/wp-json\/wp\/v2\/types\/product"}],"replies":[{"embeddable":true,"href":"https:\/\/www.purejewels.com\/tr\/wp-json\/wp\/v2\/comments?post=344763"}],"version-history":[{"count":0,"href":"https:\/\/www.purejewels.com\/tr\/wp-json\/wp\/v2\/product\/344763\/revisions"}],"wp:featuredmedia":[{"embeddable":true,"href":"https:\/\/www.purejewels.com\/tr\/wp-json\/wp\/v2\/media\/307081"}],"wp:attachment":[{"href":"https:\/\/www.purejewels.com\/tr\/wp-json\/wp\/v2\/media?parent=344763"}],"wp:term":[{"taxonomy":"product_brand","embeddable":true,"href":"https:\/\/www.purejewels.com\/tr\/wp-json\/wp\/v2\/product_brand?post=344763"},{"taxonomy":"product_cat","embeddable":true,"href":"https:\/\/www.purejewels.com\/tr\/wp-json\/wp\/v2\/product_cat?post=344763"},{"taxonomy":"product_tag","embeddable":true,"href":"https:\/\/www.purejewels.com\/tr\/wp-json\/wp\/v2\/product_tag?post=344763"}],"curies":[{"name":"wp","href":"https:\/\/api.w.org\/{rel}","templated":true}]}}