{"id":344823,"date":"2024-07-24T13:15:17","date_gmt":"2024-07-24T12:15:17","guid":{"rendered":"https:\/\/www.purejewels.com\/?post_type=product&#038;p=344823"},"modified":"2026-01-10T16:15:05","modified_gmt":"2026-01-10T16:15:05","slug":"yakut-tasli-22-ayar-altin-bileklik-44733","status":"publish","type":"product","link":"https:\/\/www.purejewels.com\/tr\/product\/22ct-gold-bangle-with-ruby-stone-44733\/","title":{"rendered":"Yakut Ta\u015fl\u0131 22 Ayar Alt\u0131n Bileklik"},"content":{"rendered":"<p>Bu enfes tasar\u0131m\u0131n zamans\u0131z g\u00fczelli\u011finin tad\u0131n\u0131 \u00e7\u0131kar\u0131n. <a href=\"https:\/\/www.purejewels.com\/tr\/product\/22ct-gold-jali-filigree-ring-jali-collection-31926\/\">22ct<\/a> PureJewels'ten Yakut Ta\u015fl\u0131 Alt\u0131n Bileklik. Bu s\u00fcsl\u00fc bileklik, l\u00fcks 22 ayar alt\u0131na yerle\u015ftirilmi\u015f \u00e7arp\u0131c\u0131 9,17 ayar yakut ta\u015f\u0131yla dikkatleri \u00fczerine \u00e7ekecek bir par\u00e7a olu\u015fturuyor.<\/p>\n<p>Her bir bileklik \u00f6zenle m\u00fckemmel bir \u015fekilde \u00fcretilmi\u015ftir, 11,8 gram a\u011f\u0131rl\u0131\u011f\u0131ndad\u0131r ve m\u00fckemmel uyum i\u00e7in 2,6 boyutundad\u0131r. Yakut ta\u015f\u0131n\u0131n canl\u0131 k\u0131rm\u0131z\u0131 tonu a\u015fk, tutku ve refah\u0131 sembolize eder, bu da onu kendiniz veya sevdi\u011finiz biri i\u00e7in anlaml\u0131 bir hediye haline getirir.<\/p>\n<p>Bu bileklik, daha fazla l\u00fcks i\u00e7in g\u00fczel bir sunum kutusunda paketlenmi\u015f olarak teslimat ve KDV dahil olarak gelir. \u0130ster kendinizi \u015f\u0131mart\u0131yor ister \u00f6zel birine s\u00fcrpriz yap\u0131yor olun, bu yakut bileklik her m\u00fccevher koleksiyonunun olmazsa olmaz\u0131d\u0131r.<\/p>\n<p>\u015eimdi al\u0131\u015fveri\u015f yap\u0131n ve bu muhte\u015fem yakut bileklikle g\u00f6r\u00fcn\u00fcm\u00fcn\u00fcze \u015f\u0131kl\u0131k kat\u0131n.<\/p>","protected":false},"excerpt":{"rendered":"<table class=\"sh_desc\">\n<tbody>\n<tr>\n<td>Bileklik T\u00fcr\u00fc<\/td>\n<td>S\u00fcsl\u00fc Bileklik<\/td>\n<\/tr>\n<tr>\n<td>SKU<\/td>\n<td>44733, 44864<\/td>\n<\/tr>\n<tr>\n<td>A\u011f\u0131rl\u0131k<\/td>\n<td>11.8 Gms<\/td>\n<\/tr>\n<tr>\n<td>Boyut<\/td>\n<td>2.6<\/td>\n<\/tr>\n<tr>\n<td>Yakut Ta\u015f\u0131<\/td>\n<td>9.17ct<\/td>\n<\/tr>\n<tr>\n<td>Metal<\/td>\n<td>22 Ayar Alt\u0131n<\/td>\n<\/tr>\n<tr>\n<td>\u00dccretler<\/td>\n<td>Teslimat ve KDV Dahil<\/td>\n<\/tr>\n<tr>\n<td>Paketleme<\/td>\n<td>Sunum Kutusu ile Birlikte Gelir<\/td>\n<\/tr>\n<tr>\n<td>Daha Fazla Bilgi<\/td>\n<td>\n<ul>\n<li>Not: Burada belirtilen fiyat Tek Kada i\u00e7indir<\/li>\n<li>M\u00fcsaitlik durumu ve daha fazla resim i\u00e7in bizimle canl\u0131 sohbet edin<\/li>\n<li>Kontrol etmek i\u00e7in buraya t\u0131klay\u0131n\u00a0<strong>Bileklik \u00d6l\u00e7\u00fcs\u00fc<\/strong><\/li>\n<li>Koleksiyonumuzu g\u00f6r\u00fcnt\u00fcleyin\u00a0<strong>alt\u0131n bilezikler \u0130ngiltere<\/strong><\/li>\n<\/ul>\n<\/td>\n<\/tr>\n<\/tbody>\n<\/table>","protected":false},"featured_media":344826,"comment_status":"closed","ping_status":"closed","template":"","meta":{"_eb_attr":"","_crsspst_to_jayantr4sg-hostcom":false},"product_brand":[],"product_cat":[1559,5699,1792,1790,1233,5271,5755,1657,1574],"product_tag":[],"class_list":{"0":"post-344823","1":"product","2":"type-product","3":"status-publish","4":"has-post-thumbnail","6":"product_cat-birthday-gifts","7":"product_cat-coloured-gemstone-jewellery","8":"product_cat-festival-gifts","9":"product_cat-for-whom-when","10":"product_cat-gold-bangles","11":"product_cat-occasion-wear-bangles","12":"product_cat-ruby-jewellery","13":"product_cat-single-bangle","14":"product_cat-womens-jewellery","16":"first","17":"outofstock","18":"taxable","19":"shipping-taxable","20":"product-type-simple","21":"add-to-wishlist-before_image"},"yoast_head":"<!-- This site is optimized with the Yoast SEO plugin v27.5 - https:\/\/yoast.com\/product\/yoast-seo-wordpress\/ -->\n<title>22ct Gold Bangle with Ruby Stone by PureJewels<\/title>\n<meta name=\"description\" content=\"22ct Gold Bangle with Ruby Stone in London | Bangle For Special Occasion fancy Bangle by PureJewels | Quick Delivery | Easy Returns.\" \/>\n<meta name=\"robots\" content=\"index, follow, max-snippet:-1, max-image-preview:large, max-video-preview:-1\" \/>\n<link rel=\"canonical\" href=\"https:\/\/www.purejewels.com\/tr\/urun\/yakut-tasli-22-ayar-altin-bileklik-44733\/\" \/>\n<meta property=\"og:locale\" content=\"tr_TR\" \/>\n<meta property=\"og:type\" content=\"article\" \/>\n<meta property=\"og:title\" content=\"22ct Gold Bangle with Ruby Stone by PureJewels\" \/>\n<meta property=\"og:description\" content=\"22ct Gold Bangle with Ruby Stone in London | Bangle For Special Occasion fancy Bangle by PureJewels | Quick Delivery | Easy Returns.\" \/>\n<meta property=\"og:url\" content=\"https:\/\/www.purejewels.com\/tr\/urun\/yakut-tasli-22-ayar-altin-bileklik-44733\/\" \/>\n<meta property=\"og:site_name\" content=\"PureJewels UK\" \/>\n<meta property=\"article:modified_time\" content=\"2026-01-10T16:15:05+00:00\" \/>\n<meta property=\"og:image\" content=\"https:\/\/www.purejewels.com\/wp-content\/uploads\/2023\/03\/44864-44733-3.jpg\" \/>\n\t<meta property=\"og:image:width\" content=\"1\" \/>\n\t<meta property=\"og:image:height\" content=\"1\" \/>\n\t<meta property=\"og:image:type\" content=\"image\/jpeg\" \/>\n<meta name=\"twitter:card\" content=\"summary_large_image\" \/>\n<meta name=\"twitter:label1\" content=\"Tahmini okuma s\u00fcresi\" \/>\n\t<meta name=\"twitter:data1\" content=\"1 dakika\" \/>\n<script type=\"application\/ld+json\" class=\"yoast-schema-graph\">{\"@context\":\"https:\\\/\\\/schema.org\",\"@graph\":[{\"@type\":[\"WebPage\",\"ItemPage\"],\"@id\":\"https:\\\/\\\/www.purejewels.com\\\/product\\\/22ct-gold-bangle-with-ruby-stone-44733\\\/\",\"url\":\"https:\\\/\\\/www.purejewels.com\\\/product\\\/22ct-gold-bangle-with-ruby-stone-44733\\\/\",\"name\":\"22ct Gold Bangle with Ruby Stone by PureJewels\",\"isPartOf\":{\"@id\":\"https:\\\/\\\/www.purejewels.com\\\/#website\"},\"primaryImageOfPage\":{\"@id\":\"https:\\\/\\\/www.purejewels.com\\\/product\\\/22ct-gold-bangle-with-ruby-stone-44733\\\/#primaryimage\"},\"image\":{\"@id\":\"https:\\\/\\\/www.purejewels.com\\\/product\\\/22ct-gold-bangle-with-ruby-stone-44733\\\/#primaryimage\"},\"thumbnailUrl\":\"https:\\\/\\\/static.purejewels.com\\\/wp-content\\\/uploads\\\/2023\\\/03\\\/44864-44733-3.jpg\",\"datePublished\":\"2024-07-24T12:15:17+00:00\",\"dateModified\":\"2026-01-10T16:15:05+00:00\",\"description\":\"22ct Gold Bangle with Ruby Stone in London | Bangle For Special Occasion fancy Bangle by PureJewels | Quick Delivery | Easy Returns.\",\"breadcrumb\":{\"@id\":\"https:\\\/\\\/www.purejewels.com\\\/product\\\/22ct-gold-bangle-with-ruby-stone-44733\\\/#breadcrumb\"},\"inLanguage\":\"tr\",\"potentialAction\":[{\"@type\":\"ReadAction\",\"target\":[\"https:\\\/\\\/www.purejewels.com\\\/product\\\/22ct-gold-bangle-with-ruby-stone-44733\\\/\"]}]},{\"@type\":\"ImageObject\",\"inLanguage\":\"tr\",\"@id\":\"https:\\\/\\\/www.purejewels.com\\\/product\\\/22ct-gold-bangle-with-ruby-stone-44733\\\/#primaryimage\",\"url\":\"https:\\\/\\\/static.purejewels.com\\\/wp-content\\\/uploads\\\/2023\\\/03\\\/44864-44733-3.jpg\",\"contentUrl\":\"https:\\\/\\\/static.purejewels.com\\\/wp-content\\\/uploads\\\/2023\\\/03\\\/44864-44733-3.jpg\",\"caption\":\"22ct Gold Bangle with Ruby Stone\"},{\"@type\":\"BreadcrumbList\",\"@id\":\"https:\\\/\\\/www.purejewels.com\\\/product\\\/22ct-gold-bangle-with-ruby-stone-44733\\\/#breadcrumb\",\"itemListElement\":[{\"@type\":\"ListItem\",\"position\":1,\"name\":\"Home\",\"item\":\"https:\\\/\\\/www.purejewels.com\\\/\"},{\"@type\":\"ListItem\",\"position\":2,\"name\":\"Shop\",\"item\":\"https:\\\/\\\/www.purejewels.com\\\/shop\\\/\"},{\"@type\":\"ListItem\",\"position\":3,\"name\":\"22ct Gold Bangle with Ruby Stone\"}]},{\"@type\":\"WebSite\",\"@id\":\"https:\\\/\\\/www.purejewels.com\\\/#website\",\"url\":\"https:\\\/\\\/www.purejewels.com\\\/\",\"name\":\"PureJewels UK\",\"description\":\"Share the Love\",\"publisher\":{\"@id\":\"https:\\\/\\\/www.purejewels.com\\\/#organization\"},\"potentialAction\":[{\"@type\":\"SearchAction\",\"target\":{\"@type\":\"EntryPoint\",\"urlTemplate\":\"https:\\\/\\\/www.purejewels.com\\\/?s={search_term_string}\"},\"query-input\":{\"@type\":\"PropertyValueSpecification\",\"valueRequired\":true,\"valueName\":\"search_term_string\"}}],\"inLanguage\":\"tr\"},{\"@type\":\"Organization\",\"@id\":\"https:\\\/\\\/www.purejewels.com\\\/#organization\",\"name\":\"PureJewels UK\",\"url\":\"https:\\\/\\\/www.purejewels.com\\\/\",\"logo\":{\"@type\":\"ImageObject\",\"inLanguage\":\"tr\",\"@id\":\"https:\\\/\\\/www.purejewels.com\\\/#\\\/schema\\\/logo\\\/image\\\/\",\"url\":\"https:\\\/\\\/static.purejewels.com\\\/wp-content\\\/uploads\\\/2020\\\/11\\\/Logo-PJ-New-1.png\",\"contentUrl\":\"https:\\\/\\\/static.purejewels.com\\\/wp-content\\\/uploads\\\/2020\\\/11\\\/Logo-PJ-New-1.png\",\"width\":150,\"height\":80,\"caption\":\"PureJewels UK\"},\"image\":{\"@id\":\"https:\\\/\\\/www.purejewels.com\\\/#\\\/schema\\\/logo\\\/image\\\/\"}}]}<\/script>\n<!-- \/ Yoast SEO plugin. -->","yoast_head_json":{"title":"PureJewels'ten Yakut Ta\u015fl\u0131 22 Ayar Alt\u0131n Bileklik","description":"Londra'da Yakut Ta\u015fl\u0131 22 Ayar Alt\u0131n Bileklik | PureJewels'ten \u00d6zel G\u00fcnler \u0130\u00e7in S\u00fcsl\u00fc Bileklik | H\u0131zl\u0131 Teslimat | Kolay \u0130ade.","robots":{"index":"index","follow":"follow","max-snippet":"max-snippet:-1","max-image-preview":"max-image-preview:large","max-video-preview":"max-video-preview:-1"},"canonical":"https:\/\/www.purejewels.com\/tr\/urun\/yakut-tasli-22-ayar-altin-bileklik-44733\/","og_locale":"tr_TR","og_type":"article","og_title":"22ct Gold Bangle with Ruby Stone by PureJewels","og_description":"22ct Gold Bangle with Ruby Stone in London | Bangle For Special Occasion fancy Bangle by PureJewels | Quick Delivery | Easy Returns.","og_url":"https:\/\/www.purejewels.com\/tr\/urun\/yakut-tasli-22-ayar-altin-bileklik-44733\/","og_site_name":"PureJewels UK","article_modified_time":"2026-01-10T16:15:05+00:00","og_image":[{"url":"https:\/\/www.purejewels.com\/wp-content\/uploads\/2023\/03\/44864-44733-3.jpg","width":1,"height":1,"type":"image\/jpeg"}],"twitter_card":"summary_large_image","twitter_misc":{"Tahmini okuma s\u00fcresi":"1 dakika"},"schema":{"@context":"https:\/\/schema.org","@graph":[{"@type":["WebPage","ItemPage"],"@id":"https:\/\/www.purejewels.com\/product\/22ct-gold-bangle-with-ruby-stone-44733\/","url":"https:\/\/www.purejewels.com\/product\/22ct-gold-bangle-with-ruby-stone-44733\/","name":"PureJewels'ten Yakut Ta\u015fl\u0131 22 Ayar Alt\u0131n Bileklik","isPartOf":{"@id":"https:\/\/www.purejewels.com\/#website"},"primaryImageOfPage":{"@id":"https:\/\/www.purejewels.com\/product\/22ct-gold-bangle-with-ruby-stone-44733\/#primaryimage"},"image":{"@id":"https:\/\/www.purejewels.com\/product\/22ct-gold-bangle-with-ruby-stone-44733\/#primaryimage"},"thumbnailUrl":"https:\/\/static.purejewels.com\/wp-content\/uploads\/2023\/03\/44864-44733-3.jpg","datePublished":"2024-07-24T12:15:17+00:00","dateModified":"2026-01-10T16:15:05+00:00","description":"Londra'da Yakut Ta\u015fl\u0131 22 Ayar Alt\u0131n Bileklik | PureJewels'ten \u00d6zel G\u00fcnler \u0130\u00e7in S\u00fcsl\u00fc Bileklik | H\u0131zl\u0131 Teslimat | Kolay \u0130ade.","breadcrumb":{"@id":"https:\/\/www.purejewels.com\/product\/22ct-gold-bangle-with-ruby-stone-44733\/#breadcrumb"},"inLanguage":"tr","potentialAction":[{"@type":"ReadAction","target":["https:\/\/www.purejewels.com\/product\/22ct-gold-bangle-with-ruby-stone-44733\/"]}]},{"@type":"ImageObject","inLanguage":"tr","@id":"https:\/\/www.purejewels.com\/product\/22ct-gold-bangle-with-ruby-stone-44733\/#primaryimage","url":"https:\/\/static.purejewels.com\/wp-content\/uploads\/2023\/03\/44864-44733-3.jpg","contentUrl":"https:\/\/static.purejewels.com\/wp-content\/uploads\/2023\/03\/44864-44733-3.jpg","caption":"22ct Gold Bangle with Ruby Stone"},{"@type":"BreadcrumbList","@id":"https:\/\/www.purejewels.com\/product\/22ct-gold-bangle-with-ruby-stone-44733\/#breadcrumb","itemListElement":[{"@type":"ListItem","position":1,"name":"Home","item":"https:\/\/www.purejewels.com\/"},{"@type":"ListItem","position":2,"name":"Shop","item":"https:\/\/www.purejewels.com\/shop\/"},{"@type":"ListItem","position":3,"name":"22ct Gold Bangle with Ruby Stone"}]},{"@type":"WebSite","@id":"https:\/\/www.purejewels.com\/#website","url":"https:\/\/www.purejewels.com\/","name":"PureJewels \u0130ngiltere","description":"Sevgiyi Payla\u015f\u0131n","publisher":{"@id":"https:\/\/www.purejewels.com\/#organization"},"potentialAction":[{"@type":"SearchAction","target":{"@type":"EntryPoint","urlTemplate":"https:\/\/www.purejewels.com\/?s={search_term_string}"},"query-input":{"@type":"PropertyValueSpecification","valueRequired":true,"valueName":"search_term_string"}}],"inLanguage":"tr"},{"@type":"Organization","@id":"https:\/\/www.purejewels.com\/#organization","name":"PureJewels \u0130ngiltere","url":"https:\/\/www.purejewels.com\/","logo":{"@type":"ImageObject","inLanguage":"tr","@id":"https:\/\/www.purejewels.com\/#\/schema\/logo\/image\/","url":"https:\/\/static.purejewels.com\/wp-content\/uploads\/2020\/11\/Logo-PJ-New-1.png","contentUrl":"https:\/\/static.purejewels.com\/wp-content\/uploads\/2020\/11\/Logo-PJ-New-1.png","width":150,"height":80,"caption":"PureJewels UK"},"image":{"@id":"https:\/\/www.purejewels.com\/#\/schema\/logo\/image\/"}}]}},"_links":{"self":[{"href":"https:\/\/www.purejewels.com\/tr\/wp-json\/wp\/v2\/product\/344823","targetHints":{"allow":["GET"]}}],"collection":[{"href":"https:\/\/www.purejewels.com\/tr\/wp-json\/wp\/v2\/product"}],"about":[{"href":"https:\/\/www.purejewels.com\/tr\/wp-json\/wp\/v2\/types\/product"}],"replies":[{"embeddable":true,"href":"https:\/\/www.purejewels.com\/tr\/wp-json\/wp\/v2\/comments?post=344823"}],"version-history":[{"count":3,"href":"https:\/\/www.purejewels.com\/tr\/wp-json\/wp\/v2\/product\/344823\/revisions"}],"predecessor-version":[{"id":420775,"href":"https:\/\/www.purejewels.com\/tr\/wp-json\/wp\/v2\/product\/344823\/revisions\/420775"}],"wp:featuredmedia":[{"embeddable":true,"href":"https:\/\/www.purejewels.com\/tr\/wp-json\/wp\/v2\/media\/344826"}],"wp:attachment":[{"href":"https:\/\/www.purejewels.com\/tr\/wp-json\/wp\/v2\/media?parent=344823"}],"wp:term":[{"taxonomy":"product_brand","embeddable":true,"href":"https:\/\/www.purejewels.com\/tr\/wp-json\/wp\/v2\/product_brand?post=344823"},{"taxonomy":"product_cat","embeddable":true,"href":"https:\/\/www.purejewels.com\/tr\/wp-json\/wp\/v2\/product_cat?post=344823"},{"taxonomy":"product_tag","embeddable":true,"href":"https:\/\/www.purejewels.com\/tr\/wp-json\/wp\/v2\/product_tag?post=344823"}],"curies":[{"name":"wp","href":"https:\/\/api.w.org\/{rel}","templated":true}]}}