{"id":345253,"date":"2025-08-01T06:17:41","date_gmt":"2025-08-01T05:17:41","guid":{"rendered":"https:\/\/www.purejewels.com\/?post_type=product&#038;p=345253"},"modified":"2026-01-07T06:29:03","modified_gmt":"2026-01-07T06:29:03","slug":"22-ayar-sari-altin-kalp-seklinde-cz-tasli-yuzuk-n-beden-51208","status":"publish","type":"product","link":"https:\/\/www.purejewels.com\/tr\/product\/22ct-yellow-gold-heart-shaped-ring-with-cz-stones-size-n-51208\/","title":{"rendered":"22 Ayar Sar\u0131 Alt\u0131n Kalp \u015eeklinde CZ Y\u00fcz\u00fck | N Beden"},"content":{"rendered":"<p>A\u015fk\u0131 bizim ile kutlay\u0131n <a href=\"https:\/\/www.purejewels.com\/tr\/product\/22ct-gold-jali-filigree-ring-jali-collection-31926\/\">22ct<\/a> Sar\u0131 Alt\u0131n Kalp \u015eeklinde Y\u00fcz\u00fck, \u0131\u015f\u0131lt\u0131l\u0131 bir g\u00f6r\u00fcn\u00fcm i\u00e7in par\u0131ldayan CZ ta\u015flarla zarif bir \u015fekilde ayarlanm\u0131\u015ft\u0131r. Saf 22 ayar alt\u0131ndan \u00fcretilmi\u015f ve orijinalli\u011fi damgalanm\u0131\u015f bu romantik tasar\u0131m, zamans\u0131z cazibeyi g\u00fcnl\u00fck giyilebilirlikle harmanl\u0131yor. Y\u0131ld\u00f6n\u00fcmleri, evlenme teklifleri veya kendini sevme anlar\u0131 i\u00e7in m\u00fckemmel bir hediye olan bu y\u00fcz\u00fck, kalp \u015feklinde alt\u0131n y\u00fcz\u00fckler, 22 ayar CZ m\u00fccevherler veya birinci s\u0131n\u0131f sar\u0131 alt\u0131ndan uygun fiyatl\u0131 p\u0131rlanta alternatifi y\u00fcz\u00fckler arayanlar i\u00e7in idealdir.<\/p>","protected":false},"excerpt":{"rendered":"<p>22 Ayar Sar\u0131 Alt\u0131n Kalp Y\u00fcz\u00fck, parlak CZ ta\u015flarla s\u00fcslenmi\u015ftir.<br \/>\nZamans\u0131z alt\u0131n zarafetiyle haz\u0131rlanm\u0131\u015f romantik bir a\u015fk sembol\u00fc.<\/p>\n<p><strong>Malzeme:<\/strong>\u00a022 Ayar Alt\u0131n<br \/>\n<strong>Hallmark:<\/strong>\u00a0\u0130ngiliz Damgas\u0131<br \/>\n<strong>Br\u00fct A\u011f\u0131rl\u0131k:<\/strong>\u00a02.35 Gms<br \/>\n<strong>Boyut<\/strong>: N<br \/>\n<strong>SKU:<\/strong> 51208<\/p>\n<p data-start=\"665\" data-end=\"824\"><strong>Fiyat ve Teslimat<\/strong>: KDV ve teslimat \u00fccretleri dahil<br \/>\n<a href=\"https:\/\/www.purejewels.com\/tr\/i%cc%87ade-poli%cc%87ti%cc%87kasi\/\">\u0130ade Politikas\u0131<\/a><\/p>","protected":false},"featured_media":408415,"comment_status":"closed","ping_status":"closed","template":"","meta":{"_eb_attr":"","_crsspst_to_jayantr4sg-hostcom":true},"product_brand":[],"product_cat":[1791,1559,6152,1785,1229,1235,5684,5343,1783,5338,1569,1574,5349],"product_tag":[64],"class_list":{"0":"post-345253","1":"product","2":"type-product","3":"status-publish","4":"has-post-thumbnail","6":"product_cat-anniversary-gifts","7":"product_cat-birthday-gifts","8":"product_cat-cubic-zirconia-rings","9":"product_cat-daily-wear-rings","10":"product_cat-22ct-gold-jewellery","11":"product_cat-gold-rings","12":"product_cat-heart-ring","13":"product_cat-jewellery-under-550","14":"product_cat-ladies-rings","15":"product_cat-shop-by-price","16":"product_cat-valentine-day-gifts","17":"product_cat-womens-jewellery","18":"product_cat-yellow-gold-jewellery","19":"product_tag-rings","21":"first","22":"outofstock","23":"sale","24":"taxable","25":"shipping-taxable","26":"product-type-simple","27":"add-to-wishlist-before_image"},"yoast_head":"<!-- This site is optimized with the Yoast SEO plugin v27.6 - https:\/\/yoast.com\/product\/yoast-seo-wordpress\/ -->\n<title>22ct Gold Heart Shaped CZ Ring | PureJewels UK<\/title>\n<meta name=\"description\" content=\"Discover timeless romance with our 22ct Yellow Gold Heart Shaped Ring, adorned with shimmering CZ stones. A graceful statement of love and refined craftsmanship.\" \/>\n<meta name=\"robots\" content=\"index, follow, max-snippet:-1, max-image-preview:large, max-video-preview:-1\" \/>\n<link rel=\"canonical\" href=\"https:\/\/www.purejewels.com\/tr\/urun\/22-ayar-sari-altin-kalp-seklinde-cz-tasli-yuzuk-n-beden-51208\/\" \/>\n<meta property=\"og:locale\" content=\"tr_TR\" \/>\n<meta property=\"og:type\" content=\"article\" \/>\n<meta property=\"og:title\" content=\"22ct Gold Heart Shaped CZ Ring | PureJewels UK\" \/>\n<meta property=\"og:description\" content=\"Discover timeless romance with our 22ct Yellow Gold Heart Shaped Ring, adorned with shimmering CZ stones. A graceful statement of love and refined craftsmanship.\" \/>\n<meta property=\"og:url\" content=\"https:\/\/www.purejewels.com\/tr\/urun\/22-ayar-sari-altin-kalp-seklinde-cz-tasli-yuzuk-n-beden-51208\/\" \/>\n<meta property=\"og:site_name\" content=\"PureJewels UK\" \/>\n<meta property=\"article:modified_time\" content=\"2026-01-07T06:29:03+00:00\" \/>\n<meta property=\"og:image\" content=\"https:\/\/www.purejewels.com\/wp-content\/uploads\/2024\/05\/SKU-51208.1.jpg\" \/>\n\t<meta property=\"og:image:width\" content=\"1000\" \/>\n\t<meta property=\"og:image:height\" content=\"1000\" \/>\n\t<meta property=\"og:image:type\" content=\"image\/jpeg\" \/>\n<meta name=\"twitter:card\" content=\"summary_large_image\" \/>\n<meta name=\"twitter:label1\" content=\"Tahmini okuma s\u00fcresi\" \/>\n\t<meta name=\"twitter:data1\" content=\"1 dakika\" \/>\n<script type=\"application\/ld+json\" class=\"yoast-schema-graph\">{\"@context\":\"https:\\\/\\\/schema.org\",\"@graph\":[{\"@type\":[\"WebPage\",\"ItemPage\"],\"@id\":\"https:\\\/\\\/www.purejewels.com\\\/product\\\/22ct-yellow-gold-heart-shaped-ring-with-cz-stones-size-n-51208\\\/\",\"url\":\"https:\\\/\\\/www.purejewels.com\\\/product\\\/22ct-yellow-gold-heart-shaped-ring-with-cz-stones-size-n-51208\\\/\",\"name\":\"22ct Gold Heart Shaped CZ Ring | PureJewels UK\",\"isPartOf\":{\"@id\":\"https:\\\/\\\/www.purejewels.com\\\/#website\"},\"primaryImageOfPage\":{\"@id\":\"https:\\\/\\\/www.purejewels.com\\\/product\\\/22ct-yellow-gold-heart-shaped-ring-with-cz-stones-size-n-51208\\\/#primaryimage\"},\"image\":{\"@id\":\"https:\\\/\\\/www.purejewels.com\\\/product\\\/22ct-yellow-gold-heart-shaped-ring-with-cz-stones-size-n-51208\\\/#primaryimage\"},\"thumbnailUrl\":\"https:\\\/\\\/static.purejewels.com\\\/wp-content\\\/uploads\\\/2024\\\/05\\\/SKU-51208.1.jpg\",\"datePublished\":\"2025-08-01T05:17:41+00:00\",\"dateModified\":\"2026-01-07T06:29:03+00:00\",\"description\":\"Discover timeless romance with our 22ct Yellow Gold Heart Shaped Ring, adorned with shimmering CZ stones. A graceful statement of love and refined craftsmanship.\",\"breadcrumb\":{\"@id\":\"https:\\\/\\\/www.purejewels.com\\\/product\\\/22ct-yellow-gold-heart-shaped-ring-with-cz-stones-size-n-51208\\\/#breadcrumb\"},\"inLanguage\":\"tr\",\"potentialAction\":[{\"@type\":\"ReadAction\",\"target\":[\"https:\\\/\\\/www.purejewels.com\\\/product\\\/22ct-yellow-gold-heart-shaped-ring-with-cz-stones-size-n-51208\\\/\"]}]},{\"@type\":\"ImageObject\",\"inLanguage\":\"tr\",\"@id\":\"https:\\\/\\\/www.purejewels.com\\\/product\\\/22ct-yellow-gold-heart-shaped-ring-with-cz-stones-size-n-51208\\\/#primaryimage\",\"url\":\"https:\\\/\\\/static.purejewels.com\\\/wp-content\\\/uploads\\\/2024\\\/05\\\/SKU-51208.1.jpg\",\"contentUrl\":\"https:\\\/\\\/static.purejewels.com\\\/wp-content\\\/uploads\\\/2024\\\/05\\\/SKU-51208.1.jpg\",\"width\":1000,\"height\":1000,\"caption\":\"Stacked from 11 images. Method=B (R=8,S=4)\"},{\"@type\":\"BreadcrumbList\",\"@id\":\"https:\\\/\\\/www.purejewels.com\\\/product\\\/22ct-yellow-gold-heart-shaped-ring-with-cz-stones-size-n-51208\\\/#breadcrumb\",\"itemListElement\":[{\"@type\":\"ListItem\",\"position\":1,\"name\":\"Home\",\"item\":\"https:\\\/\\\/www.purejewels.com\\\/\"},{\"@type\":\"ListItem\",\"position\":2,\"name\":\"Shop\",\"item\":\"https:\\\/\\\/www.purejewels.com\\\/shop\\\/\"},{\"@type\":\"ListItem\",\"position\":3,\"name\":\"22ct Yellow Gold Heart Shaped CZ Ring | Size N\"}]},{\"@type\":\"WebSite\",\"@id\":\"https:\\\/\\\/www.purejewels.com\\\/#website\",\"url\":\"https:\\\/\\\/www.purejewels.com\\\/\",\"name\":\"PureJewels UK\",\"description\":\"Share the Love\",\"publisher\":{\"@id\":\"https:\\\/\\\/www.purejewels.com\\\/#organization\"},\"potentialAction\":[{\"@type\":\"SearchAction\",\"target\":{\"@type\":\"EntryPoint\",\"urlTemplate\":\"https:\\\/\\\/www.purejewels.com\\\/?s={search_term_string}\"},\"query-input\":{\"@type\":\"PropertyValueSpecification\",\"valueRequired\":true,\"valueName\":\"search_term_string\"}}],\"inLanguage\":\"tr\"},{\"@type\":\"Organization\",\"@id\":\"https:\\\/\\\/www.purejewels.com\\\/#organization\",\"name\":\"PureJewels UK\",\"url\":\"https:\\\/\\\/www.purejewels.com\\\/\",\"logo\":{\"@type\":\"ImageObject\",\"inLanguage\":\"tr\",\"@id\":\"https:\\\/\\\/www.purejewels.com\\\/#\\\/schema\\\/logo\\\/image\\\/\",\"url\":\"https:\\\/\\\/static.purejewels.com\\\/wp-content\\\/uploads\\\/2020\\\/11\\\/Logo-PJ-New-1.png\",\"contentUrl\":\"https:\\\/\\\/static.purejewels.com\\\/wp-content\\\/uploads\\\/2020\\\/11\\\/Logo-PJ-New-1.png\",\"width\":150,\"height\":80,\"caption\":\"PureJewels UK\"},\"image\":{\"@id\":\"https:\\\/\\\/www.purejewels.com\\\/#\\\/schema\\\/logo\\\/image\\\/\"}}]}<\/script>\n<!-- \/ Yoast SEO plugin. -->","yoast_head_json":{"title":"22 Ayar Alt\u0131n Kalp \u015eeklinde CZ Y\u00fcz\u00fck | PureJewels UK","description":"Par\u0131ldayan CZ ta\u015flarla s\u00fcslenmi\u015f 22 Ayar Sar\u0131 Alt\u0131n Kalp \u015eeklindeki Y\u00fcz\u00fc\u011f\u00fcm\u00fczle zamans\u0131z romantizmi ke\u015ffedin. Zarif bir a\u015fk ifadesi ve rafine i\u015f\u00e7ilik.","robots":{"index":"index","follow":"follow","max-snippet":"max-snippet:-1","max-image-preview":"max-image-preview:large","max-video-preview":"max-video-preview:-1"},"canonical":"https:\/\/www.purejewels.com\/tr\/urun\/22-ayar-sari-altin-kalp-seklinde-cz-tasli-yuzuk-n-beden-51208\/","og_locale":"tr_TR","og_type":"article","og_title":"22ct Gold Heart Shaped CZ Ring | PureJewels UK","og_description":"Discover timeless romance with our 22ct Yellow Gold Heart Shaped Ring, adorned with shimmering CZ stones. A graceful statement of love and refined craftsmanship.","og_url":"https:\/\/www.purejewels.com\/tr\/urun\/22-ayar-sari-altin-kalp-seklinde-cz-tasli-yuzuk-n-beden-51208\/","og_site_name":"PureJewels UK","article_modified_time":"2026-01-07T06:29:03+00:00","og_image":[{"width":1000,"height":1000,"url":"https:\/\/www.purejewels.com\/wp-content\/uploads\/2024\/05\/SKU-51208.1.jpg","type":"image\/jpeg"}],"twitter_card":"summary_large_image","twitter_misc":{"Tahmini okuma s\u00fcresi":"1 dakika"},"schema":{"@context":"https:\/\/schema.org","@graph":[{"@type":["WebPage","ItemPage"],"@id":"https:\/\/www.purejewels.com\/product\/22ct-yellow-gold-heart-shaped-ring-with-cz-stones-size-n-51208\/","url":"https:\/\/www.purejewels.com\/product\/22ct-yellow-gold-heart-shaped-ring-with-cz-stones-size-n-51208\/","name":"22 Ayar Alt\u0131n Kalp \u015eeklinde CZ Y\u00fcz\u00fck | PureJewels UK","isPartOf":{"@id":"https:\/\/www.purejewels.com\/#website"},"primaryImageOfPage":{"@id":"https:\/\/www.purejewels.com\/product\/22ct-yellow-gold-heart-shaped-ring-with-cz-stones-size-n-51208\/#primaryimage"},"image":{"@id":"https:\/\/www.purejewels.com\/product\/22ct-yellow-gold-heart-shaped-ring-with-cz-stones-size-n-51208\/#primaryimage"},"thumbnailUrl":"https:\/\/static.purejewels.com\/wp-content\/uploads\/2024\/05\/SKU-51208.1.jpg","datePublished":"2025-08-01T05:17:41+00:00","dateModified":"2026-01-07T06:29:03+00:00","description":"Par\u0131ldayan CZ ta\u015flarla s\u00fcslenmi\u015f 22 Ayar Sar\u0131 Alt\u0131n Kalp \u015eeklindeki Y\u00fcz\u00fc\u011f\u00fcm\u00fczle zamans\u0131z romantizmi ke\u015ffedin. Zarif bir a\u015fk ifadesi ve rafine i\u015f\u00e7ilik.","breadcrumb":{"@id":"https:\/\/www.purejewels.com\/product\/22ct-yellow-gold-heart-shaped-ring-with-cz-stones-size-n-51208\/#breadcrumb"},"inLanguage":"tr","potentialAction":[{"@type":"ReadAction","target":["https:\/\/www.purejewels.com\/product\/22ct-yellow-gold-heart-shaped-ring-with-cz-stones-size-n-51208\/"]}]},{"@type":"ImageObject","inLanguage":"tr","@id":"https:\/\/www.purejewels.com\/product\/22ct-yellow-gold-heart-shaped-ring-with-cz-stones-size-n-51208\/#primaryimage","url":"https:\/\/static.purejewels.com\/wp-content\/uploads\/2024\/05\/SKU-51208.1.jpg","contentUrl":"https:\/\/static.purejewels.com\/wp-content\/uploads\/2024\/05\/SKU-51208.1.jpg","width":1000,"height":1000,"caption":"Stacked from 11 images. Method=B (R=8,S=4)"},{"@type":"BreadcrumbList","@id":"https:\/\/www.purejewels.com\/product\/22ct-yellow-gold-heart-shaped-ring-with-cz-stones-size-n-51208\/#breadcrumb","itemListElement":[{"@type":"ListItem","position":1,"name":"Home","item":"https:\/\/www.purejewels.com\/"},{"@type":"ListItem","position":2,"name":"Shop","item":"https:\/\/www.purejewels.com\/shop\/"},{"@type":"ListItem","position":3,"name":"22ct Yellow Gold Heart Shaped CZ Ring | Size N"}]},{"@type":"WebSite","@id":"https:\/\/www.purejewels.com\/#website","url":"https:\/\/www.purejewels.com\/","name":"PureJewels \u0130ngiltere","description":"Sevgiyi Payla\u015f\u0131n","publisher":{"@id":"https:\/\/www.purejewels.com\/#organization"},"potentialAction":[{"@type":"SearchAction","target":{"@type":"EntryPoint","urlTemplate":"https:\/\/www.purejewels.com\/?s={search_term_string}"},"query-input":{"@type":"PropertyValueSpecification","valueRequired":true,"valueName":"search_term_string"}}],"inLanguage":"tr"},{"@type":"Organization","@id":"https:\/\/www.purejewels.com\/#organization","name":"PureJewels \u0130ngiltere","url":"https:\/\/www.purejewels.com\/","logo":{"@type":"ImageObject","inLanguage":"tr","@id":"https:\/\/www.purejewels.com\/#\/schema\/logo\/image\/","url":"https:\/\/static.purejewels.com\/wp-content\/uploads\/2020\/11\/Logo-PJ-New-1.png","contentUrl":"https:\/\/static.purejewels.com\/wp-content\/uploads\/2020\/11\/Logo-PJ-New-1.png","width":150,"height":80,"caption":"PureJewels UK"},"image":{"@id":"https:\/\/www.purejewels.com\/#\/schema\/logo\/image\/"}}]}},"_links":{"self":[{"href":"https:\/\/www.purejewels.com\/tr\/wp-json\/wp\/v2\/product\/345253","targetHints":{"allow":["GET"]}}],"collection":[{"href":"https:\/\/www.purejewels.com\/tr\/wp-json\/wp\/v2\/product"}],"about":[{"href":"https:\/\/www.purejewels.com\/tr\/wp-json\/wp\/v2\/types\/product"}],"replies":[{"embeddable":true,"href":"https:\/\/www.purejewels.com\/tr\/wp-json\/wp\/v2\/comments?post=345253"}],"version-history":[{"count":4,"href":"https:\/\/www.purejewels.com\/tr\/wp-json\/wp\/v2\/product\/345253\/revisions"}],"predecessor-version":[{"id":408416,"href":"https:\/\/www.purejewels.com\/tr\/wp-json\/wp\/v2\/product\/345253\/revisions\/408416"}],"wp:featuredmedia":[{"embeddable":true,"href":"https:\/\/www.purejewels.com\/tr\/wp-json\/wp\/v2\/media\/408415"}],"wp:attachment":[{"href":"https:\/\/www.purejewels.com\/tr\/wp-json\/wp\/v2\/media?parent=345253"}],"wp:term":[{"taxonomy":"product_brand","embeddable":true,"href":"https:\/\/www.purejewels.com\/tr\/wp-json\/wp\/v2\/product_brand?post=345253"},{"taxonomy":"product_cat","embeddable":true,"href":"https:\/\/www.purejewels.com\/tr\/wp-json\/wp\/v2\/product_cat?post=345253"},{"taxonomy":"product_tag","embeddable":true,"href":"https:\/\/www.purejewels.com\/tr\/wp-json\/wp\/v2\/product_tag?post=345253"}],"curies":[{"name":"wp","href":"https:\/\/api.w.org\/{rel}","templated":true}]}}