{"id":345353,"date":"2023-12-04T08:11:55","date_gmt":"2023-12-04T08:11:55","guid":{"rendered":"https:\/\/www.purejewels.com\/?post_type=product&#038;p=345353"},"modified":"2026-02-26T12:45:44","modified_gmt":"2026-02-26T12:45:44","slug":"22-ayar-altin-cz-tasli-yuvarlak-kupe-49984","status":"publish","type":"product","link":"https:\/\/www.purejewels.com\/tr\/product\/22ct-gold-round-earring-with-cz-stone-49984\/","title":{"rendered":"CZ Ta\u015fl\u0131 22 Ayar Alt\u0131n Yuvarlak K\u00fcpe"},"content":{"rendered":"<p><strong>Tasar\u0131m<\/strong><\/p>\n<p>Bu zarif \u00e7i\u00e7ek motifli k\u00fcpe, yumu\u015fak alt\u0131 yaprakl\u0131 bir \u00e7i\u00e7ek \u015feklinde i\u015flenmi\u015f parlak k\u00fcbik zirkon ta\u015flardan olu\u015fur. Parlak CZ'ler \u0131\u015f\u0131\u011f\u0131 g\u00fczel bir \u015fekilde yakalamak i\u00e7in d\u00fczenlenmi\u015ftir, s\u0131cak <a href=\"https:\/\/www.purejewels.com\/tr\/product\/22ct-gold-jali-filigree-ring-jali-collection-31926\/\">22ct<\/a> Alt\u0131n vurgular zarif ve rafine bir son dokunu\u015f katar. Zamans\u0131z \u00e7i\u00e7ek sil\u00fcetleri, her m\u00fccevher koleksiyonuna \u0131\u015f\u0131lt\u0131l\u0131 bir dokunu\u015f ekler.<\/p>\n<p><strong>Zanaatkarl\u0131k<\/strong><\/p>\n<p>Hassas bir \u015fekilde elle monte edilen her bir ta\u015f, uzun \u00f6m\u00fcrl\u00fc parlakl\u0131k i\u00e7in birinci s\u0131n\u0131f 22 ayar alt\u0131n \u00fczerine sa\u011flam bir \u015fekilde \u00e7atal ayar ile yerle\u015ftirilmi\u015ftir. Cilal\u0131 y\u00fczey, cilde p\u00fcr\u00fczs\u00fcz ve rahat bir his verir. Her bir \u00e7ift, Londra'da ba\u011f\u0131ms\u0131z olarak damgalanarak alt\u0131n\u0131n safl\u0131\u011f\u0131 ve her bir par\u00e7an\u0131n ard\u0131ndaki g\u00fcvenilir i\u015f\u00e7ilik onaylanmaktad\u0131r.<\/p>\n<p><strong>\u015eekillendirme &amp; Hediyele\u015fme<\/strong><\/p>\n<p>Hafif ve \u00e7ok y\u00f6nl\u00fc olan bu k\u00fcpeler, \u015f\u0131k bir ofis g\u00f6r\u00fcn\u00fcm\u00fcnden \u00f6zel g\u00fcnlere kadar g\u00fcnl\u00fck stiliniz i\u00e7in m\u00fckemmeldir. Ayr\u0131ca, \u00f6zellikle zarif \u0131\u015f\u0131lt\u0131y\u0131 sevenler i\u00e7in do\u011fum g\u00fcnleri, y\u0131ld\u00f6n\u00fcmleri veya \u00f6zel g\u00fcnler i\u00e7in d\u00fc\u015f\u00fcnceli bir hediye se\u00e7ene\u011fidir. Tek ba\u015f\u0131na bir aksesuar olarak takabilir veya sade bir alt\u0131n zincirle birlikte kullanarak zahmetsizce zarif bir kombin olu\u015fturabilirsiniz.<\/p>\n<p>SKU: 49984<br \/>\n<b>Seri Kimli\u011fi YGER865<\/b><\/p>","protected":false},"excerpt":{"rendered":"<p>22 ayar alt\u0131nla el yap\u0131m\u0131, \u0131\u015f\u0131lt\u0131l\u0131 CZ \u00e7i\u00e7ek motifli k\u00fcpeler. Parlak ta\u015flarla tasarlanm\u0131\u015f ve safl\u0131k a\u00e7\u0131s\u0131ndan Londra'da damgalanm\u0131\u015f bu k\u00fcpeler, g\u00fcnl\u00fck \u015f\u0131kl\u0131k sunar ve \u00f6zel g\u00fcnler i\u00e7in d\u00fc\u015f\u00fcnceli bir hediye se\u00e7ene\u011fidir.<\/p>\n<p><strong>Malzeme<\/strong>: 22 ayar alt\u0131n<br \/>\n<strong>Safl\u0131k<\/strong>: 91,61 TP5T saf<br \/>\n<strong>Hallmark<\/strong>: \u0130ngiliz Hallmark<br \/>\n<strong>A\u011f\u0131rl\u0131k<\/strong>: 2,5 gram<br \/>\n<strong>SKU<\/strong>: 49984<\/p>\n<p>Fiyat ve Teslimat: KDV ve teslimat \u00fccreti dahil<br \/>\n<strong><a href=\"https:\/\/www.purejewels.com\/tr\/i%cc%87ade-poli%cc%87ti%cc%87kasi\/\">\u0130ade Politikas\u0131<\/a><\/strong><\/p>","protected":false},"featured_media":352454,"comment_status":"closed","ping_status":"closed","template":"","meta":{"_eb_attr":"","_crsspst_to_jayantr4sg-hostcom":true},"product_brand":[],"product_cat":[5682,1791,1559,1794,6150,1793,1254,1229,5343,1570,5338,1577,1575,1569,1573,1574,5349],"product_tag":[],"class_list":{"0":"post-345353","1":"product","2":"type-product","3":"status-publish","4":"has-post-thumbnail","6":"product_cat-22ct-gold-multi-cz-earrring","7":"product_cat-anniversary-gifts","8":"product_cat-birthday-gifts","9":"product_cat-christmas-gifts","10":"product_cat-cubic-zirconia-ear-studs","11":"product_cat-diwali-gifts","12":"product_cat-gold-earrings","13":"product_cat-22ct-gold-jewellery","14":"product_cat-jewellery-under-550","15":"product_cat-mothers-day-gifts","16":"product_cat-shop-by-price","17":"product_cat-stud-earrings","18":"product_cat-teenage-jewellery","19":"product_cat-valentine-day-gifts","20":"product_cat-wedding-gifts","21":"product_cat-womens-jewellery","22":"product_cat-yellow-gold-jewellery","24":"first","25":"outofstock","26":"taxable","27":"shipping-taxable","28":"product-type-simple","29":"add-to-wishlist-before_image"},"yoast_head":"<!-- This site is optimized with the Yoast SEO plugin v27.6 - https:\/\/yoast.com\/product\/yoast-seo-wordpress\/ -->\n<title>Round Shaped Studs With CZ Stones For Everyday Wear Online<\/title>\n<meta name=\"description\" content=\"Shop CZ Stone Jewellery | Buy Studs For Daily wear | Explore Wide Range Of Gold Jewellery Online in UK | Fast Delivery at UK.\" \/>\n<meta name=\"robots\" content=\"index, follow, max-snippet:-1, max-image-preview:large, max-video-preview:-1\" \/>\n<link rel=\"canonical\" href=\"https:\/\/www.purejewels.com\/tr\/urun\/22-ayar-altin-cz-tasli-yuvarlak-kupe-49984\/\" \/>\n<meta property=\"og:locale\" content=\"tr_TR\" \/>\n<meta property=\"og:type\" content=\"article\" \/>\n<meta property=\"og:title\" content=\"Round Shaped Studs With CZ Stones For Everyday Wear Online\" \/>\n<meta property=\"og:description\" content=\"Shop CZ Stone Jewellery | Buy Studs For Daily wear | Explore Wide Range Of Gold Jewellery Online in UK | Fast Delivery at UK.\" \/>\n<meta property=\"og:url\" content=\"https:\/\/www.purejewels.com\/tr\/urun\/22-ayar-altin-cz-tasli-yuvarlak-kupe-49984\/\" \/>\n<meta property=\"og:site_name\" content=\"PureJewels UK\" \/>\n<meta property=\"article:modified_time\" content=\"2026-02-26T12:45:44+00:00\" \/>\n<meta property=\"og:image\" content=\"https:\/\/static.purejewels.com\/wp-content\/uploads\/2023\/03\/46542.png\" \/>\n\t<meta property=\"og:image:width\" content=\"1000\" \/>\n\t<meta property=\"og:image:height\" content=\"1000\" \/>\n\t<meta property=\"og:image:type\" content=\"image\/png\" \/>\n<meta name=\"twitter:card\" content=\"summary_large_image\" \/>\n<meta name=\"twitter:label1\" content=\"Tahmini okuma s\u00fcresi\" \/>\n\t<meta name=\"twitter:data1\" content=\"1 dakika\" \/>\n<script type=\"application\/ld+json\" class=\"yoast-schema-graph\">{\"@context\":\"https:\\\/\\\/schema.org\",\"@graph\":[{\"@type\":[\"WebPage\",\"ItemPage\"],\"@id\":\"https:\\\/\\\/www.purejewels.com\\\/product\\\/22ct-gold-round-earring-with-cz-stone-49984\\\/\",\"url\":\"https:\\\/\\\/www.purejewels.com\\\/product\\\/22ct-gold-round-earring-with-cz-stone-49984\\\/\",\"name\":\"Round Shaped Studs With CZ Stones For Everyday Wear Online\",\"isPartOf\":{\"@id\":\"https:\\\/\\\/www.purejewels.com\\\/#website\"},\"primaryImageOfPage\":{\"@id\":\"https:\\\/\\\/www.purejewels.com\\\/product\\\/22ct-gold-round-earring-with-cz-stone-49984\\\/#primaryimage\"},\"image\":{\"@id\":\"https:\\\/\\\/www.purejewels.com\\\/product\\\/22ct-gold-round-earring-with-cz-stone-49984\\\/#primaryimage\"},\"thumbnailUrl\":\"https:\\\/\\\/static.purejewels.com\\\/wp-content\\\/uploads\\\/2023\\\/03\\\/46542.png\",\"datePublished\":\"2023-12-04T08:11:55+00:00\",\"dateModified\":\"2026-02-26T12:45:44+00:00\",\"description\":\"Shop CZ Stone Jewellery | Buy Studs For Daily wear | Explore Wide Range Of Gold Jewellery Online in UK | Fast Delivery at UK.\",\"breadcrumb\":{\"@id\":\"https:\\\/\\\/www.purejewels.com\\\/product\\\/22ct-gold-round-earring-with-cz-stone-49984\\\/#breadcrumb\"},\"inLanguage\":\"tr\",\"potentialAction\":[{\"@type\":\"ReadAction\",\"target\":[\"https:\\\/\\\/www.purejewels.com\\\/product\\\/22ct-gold-round-earring-with-cz-stone-49984\\\/\"]}]},{\"@type\":\"ImageObject\",\"inLanguage\":\"tr\",\"@id\":\"https:\\\/\\\/www.purejewels.com\\\/product\\\/22ct-gold-round-earring-with-cz-stone-49984\\\/#primaryimage\",\"url\":\"https:\\\/\\\/static.purejewels.com\\\/wp-content\\\/uploads\\\/2023\\\/03\\\/46542.png\",\"contentUrl\":\"https:\\\/\\\/static.purejewels.com\\\/wp-content\\\/uploads\\\/2023\\\/03\\\/46542.png\",\"width\":1000,\"height\":1000,\"caption\":\"22ct Gold Round Earring With CZ Stone\"},{\"@type\":\"BreadcrumbList\",\"@id\":\"https:\\\/\\\/www.purejewels.com\\\/product\\\/22ct-gold-round-earring-with-cz-stone-49984\\\/#breadcrumb\",\"itemListElement\":[{\"@type\":\"ListItem\",\"position\":1,\"name\":\"Home\",\"item\":\"https:\\\/\\\/www.purejewels.com\\\/\"},{\"@type\":\"ListItem\",\"position\":2,\"name\":\"Shop\",\"item\":\"https:\\\/\\\/www.purejewels.com\\\/shop\\\/\"},{\"@type\":\"ListItem\",\"position\":3,\"name\":\"22ct Gold Round Earring With CZ Stone\"}]},{\"@type\":\"WebSite\",\"@id\":\"https:\\\/\\\/www.purejewels.com\\\/#website\",\"url\":\"https:\\\/\\\/www.purejewels.com\\\/\",\"name\":\"PureJewels UK\",\"description\":\"Share the Love\",\"publisher\":{\"@id\":\"https:\\\/\\\/www.purejewels.com\\\/#organization\"},\"potentialAction\":[{\"@type\":\"SearchAction\",\"target\":{\"@type\":\"EntryPoint\",\"urlTemplate\":\"https:\\\/\\\/www.purejewels.com\\\/?s={search_term_string}\"},\"query-input\":{\"@type\":\"PropertyValueSpecification\",\"valueRequired\":true,\"valueName\":\"search_term_string\"}}],\"inLanguage\":\"tr\"},{\"@type\":\"Organization\",\"@id\":\"https:\\\/\\\/www.purejewels.com\\\/#organization\",\"name\":\"PureJewels UK\",\"url\":\"https:\\\/\\\/www.purejewels.com\\\/\",\"logo\":{\"@type\":\"ImageObject\",\"inLanguage\":\"tr\",\"@id\":\"https:\\\/\\\/www.purejewels.com\\\/#\\\/schema\\\/logo\\\/image\\\/\",\"url\":\"https:\\\/\\\/static.purejewels.com\\\/wp-content\\\/uploads\\\/2020\\\/11\\\/Logo-PJ-New-1.png\",\"contentUrl\":\"https:\\\/\\\/static.purejewels.com\\\/wp-content\\\/uploads\\\/2020\\\/11\\\/Logo-PJ-New-1.png\",\"width\":150,\"height\":80,\"caption\":\"PureJewels UK\"},\"image\":{\"@id\":\"https:\\\/\\\/www.purejewels.com\\\/#\\\/schema\\\/logo\\\/image\\\/\"}}]}<\/script>\n<!-- \/ Yoast SEO plugin. -->","yoast_head_json":{"title":"G\u00fcnl\u00fck Giyim \u0130\u00e7in CZ Ta\u015fl\u0131 Yuvarlak \u015eekilli \u00c7\u0131t\u00e7\u0131tlar Online","description":"CZ Ta\u015fl\u0131 Tak\u0131lar Sat\u0131n Al\u0131n | G\u00fcnl\u00fck kullan\u0131m i\u00e7in \u00c7\u0131t\u00e7\u0131t Sat\u0131n Al\u0131n | \u0130ngiltere'de \u00c7ok \u00c7e\u015fitli Alt\u0131n Tak\u0131lar\u0131 \u00c7evrimi\u00e7i Ke\u015ffedin | \u0130ngiltere'de H\u0131zl\u0131 Teslimat.","robots":{"index":"index","follow":"follow","max-snippet":"max-snippet:-1","max-image-preview":"max-image-preview:large","max-video-preview":"max-video-preview:-1"},"canonical":"https:\/\/www.purejewels.com\/tr\/urun\/22-ayar-altin-cz-tasli-yuvarlak-kupe-49984\/","og_locale":"tr_TR","og_type":"article","og_title":"Round Shaped Studs With CZ Stones For Everyday Wear Online","og_description":"Shop CZ Stone Jewellery | Buy Studs For Daily wear | Explore Wide Range Of Gold Jewellery Online in UK | Fast Delivery at UK.","og_url":"https:\/\/www.purejewels.com\/tr\/urun\/22-ayar-altin-cz-tasli-yuvarlak-kupe-49984\/","og_site_name":"PureJewels UK","article_modified_time":"2026-02-26T12:45:44+00:00","og_image":[{"width":1000,"height":1000,"url":"https:\/\/static.purejewels.com\/wp-content\/uploads\/2023\/03\/46542.png","type":"image\/png"}],"twitter_card":"summary_large_image","twitter_misc":{"Tahmini okuma s\u00fcresi":"1 dakika"},"schema":{"@context":"https:\/\/schema.org","@graph":[{"@type":["WebPage","ItemPage"],"@id":"https:\/\/www.purejewels.com\/product\/22ct-gold-round-earring-with-cz-stone-49984\/","url":"https:\/\/www.purejewels.com\/product\/22ct-gold-round-earring-with-cz-stone-49984\/","name":"G\u00fcnl\u00fck Giyim \u0130\u00e7in CZ Ta\u015fl\u0131 Yuvarlak \u015eekilli \u00c7\u0131t\u00e7\u0131tlar Online","isPartOf":{"@id":"https:\/\/www.purejewels.com\/#website"},"primaryImageOfPage":{"@id":"https:\/\/www.purejewels.com\/product\/22ct-gold-round-earring-with-cz-stone-49984\/#primaryimage"},"image":{"@id":"https:\/\/www.purejewels.com\/product\/22ct-gold-round-earring-with-cz-stone-49984\/#primaryimage"},"thumbnailUrl":"https:\/\/static.purejewels.com\/wp-content\/uploads\/2023\/03\/46542.png","datePublished":"2023-12-04T08:11:55+00:00","dateModified":"2026-02-26T12:45:44+00:00","description":"CZ Ta\u015fl\u0131 Tak\u0131lar Sat\u0131n Al\u0131n | G\u00fcnl\u00fck kullan\u0131m i\u00e7in \u00c7\u0131t\u00e7\u0131t Sat\u0131n Al\u0131n | \u0130ngiltere'de \u00c7ok \u00c7e\u015fitli Alt\u0131n Tak\u0131lar\u0131 \u00c7evrimi\u00e7i Ke\u015ffedin | \u0130ngiltere'de H\u0131zl\u0131 Teslimat.","breadcrumb":{"@id":"https:\/\/www.purejewels.com\/product\/22ct-gold-round-earring-with-cz-stone-49984\/#breadcrumb"},"inLanguage":"tr","potentialAction":[{"@type":"ReadAction","target":["https:\/\/www.purejewels.com\/product\/22ct-gold-round-earring-with-cz-stone-49984\/"]}]},{"@type":"ImageObject","inLanguage":"tr","@id":"https:\/\/www.purejewels.com\/product\/22ct-gold-round-earring-with-cz-stone-49984\/#primaryimage","url":"https:\/\/static.purejewels.com\/wp-content\/uploads\/2023\/03\/46542.png","contentUrl":"https:\/\/static.purejewels.com\/wp-content\/uploads\/2023\/03\/46542.png","width":1000,"height":1000,"caption":"22ct Gold Round Earring With CZ Stone"},{"@type":"BreadcrumbList","@id":"https:\/\/www.purejewels.com\/product\/22ct-gold-round-earring-with-cz-stone-49984\/#breadcrumb","itemListElement":[{"@type":"ListItem","position":1,"name":"Home","item":"https:\/\/www.purejewels.com\/"},{"@type":"ListItem","position":2,"name":"Shop","item":"https:\/\/www.purejewels.com\/shop\/"},{"@type":"ListItem","position":3,"name":"22ct Gold Round Earring With CZ Stone"}]},{"@type":"WebSite","@id":"https:\/\/www.purejewels.com\/#website","url":"https:\/\/www.purejewels.com\/","name":"PureJewels \u0130ngiltere","description":"Sevgiyi Payla\u015f\u0131n","publisher":{"@id":"https:\/\/www.purejewels.com\/#organization"},"potentialAction":[{"@type":"SearchAction","target":{"@type":"EntryPoint","urlTemplate":"https:\/\/www.purejewels.com\/?s={search_term_string}"},"query-input":{"@type":"PropertyValueSpecification","valueRequired":true,"valueName":"search_term_string"}}],"inLanguage":"tr"},{"@type":"Organization","@id":"https:\/\/www.purejewels.com\/#organization","name":"PureJewels \u0130ngiltere","url":"https:\/\/www.purejewels.com\/","logo":{"@type":"ImageObject","inLanguage":"tr","@id":"https:\/\/www.purejewels.com\/#\/schema\/logo\/image\/","url":"https:\/\/static.purejewels.com\/wp-content\/uploads\/2020\/11\/Logo-PJ-New-1.png","contentUrl":"https:\/\/static.purejewels.com\/wp-content\/uploads\/2020\/11\/Logo-PJ-New-1.png","width":150,"height":80,"caption":"PureJewels UK"},"image":{"@id":"https:\/\/www.purejewels.com\/#\/schema\/logo\/image\/"}}]}},"_links":{"self":[{"href":"https:\/\/www.purejewels.com\/tr\/wp-json\/wp\/v2\/product\/345353","targetHints":{"allow":["GET"]}}],"collection":[{"href":"https:\/\/www.purejewels.com\/tr\/wp-json\/wp\/v2\/product"}],"about":[{"href":"https:\/\/www.purejewels.com\/tr\/wp-json\/wp\/v2\/types\/product"}],"replies":[{"embeddable":true,"href":"https:\/\/www.purejewels.com\/tr\/wp-json\/wp\/v2\/comments?post=345353"}],"version-history":[{"count":6,"href":"https:\/\/www.purejewels.com\/tr\/wp-json\/wp\/v2\/product\/345353\/revisions"}],"predecessor-version":[{"id":422416,"href":"https:\/\/www.purejewels.com\/tr\/wp-json\/wp\/v2\/product\/345353\/revisions\/422416"}],"wp:featuredmedia":[{"embeddable":true,"href":"https:\/\/www.purejewels.com\/tr\/wp-json\/wp\/v2\/media\/352454"}],"wp:attachment":[{"href":"https:\/\/www.purejewels.com\/tr\/wp-json\/wp\/v2\/media?parent=345353"}],"wp:term":[{"taxonomy":"product_brand","embeddable":true,"href":"https:\/\/www.purejewels.com\/tr\/wp-json\/wp\/v2\/product_brand?post=345353"},{"taxonomy":"product_cat","embeddable":true,"href":"https:\/\/www.purejewels.com\/tr\/wp-json\/wp\/v2\/product_cat?post=345353"},{"taxonomy":"product_tag","embeddable":true,"href":"https:\/\/www.purejewels.com\/tr\/wp-json\/wp\/v2\/product_tag?post=345353"}],"curies":[{"name":"wp","href":"https:\/\/api.w.org\/{rel}","templated":true}]}}