{"id":345524,"date":"2025-09-18T12:36:18","date_gmt":"2025-09-18T11:36:18","guid":{"rendered":"https:\/\/www.purejewels.com\/?post_type=product&#038;p=345524"},"modified":"2026-01-06T10:00:21","modified_gmt":"2026-01-06T10:00:21","slug":"22-ayar-altin-bilezik-48428","status":"publish","type":"product","link":"https:\/\/www.purejewels.com\/tr\/product\/bracelet-in-22ct-gold-48428\/","title":{"rendered":"22 Ayar Alt\u0131n Bilezik | 7 \u0130n\u00e7"},"content":{"rendered":"<p data-start=\"117\" data-end=\"387\"><strong data-start=\"117\" data-end=\"127\">Tasar\u0131m<\/strong><br data-start=\"127\" data-end=\"130\" \/>Bu <a href=\"https:\/\/www.purejewels.com\/tr\/product\/22ct-gold-jali-filigree-ring-jali-collection-31926\/\">22ct<\/a> Alt\u0131n bileklik, \u00e7arp\u0131c\u0131 iki tonlu bir etki i\u00e7in rodyum kapl\u0131 bir orta boncukla vurgulanan bir s\u0131ra cilal\u0131 boncuk i\u00e7erir. Dokulu ve p\u00fcr\u00fczs\u00fcz boncuklar\u0131n dizilimi ince bir \u00e7e\u015fitlilik yaratarak par\u00e7aya klasik ama \u00e7a\u011fda\u015f bir cazibe kazand\u0131r\u0131yor.<\/p>\n<p data-start=\"389\" data-end=\"694\"><strong data-start=\"389\" data-end=\"406\">Zanaatkarl\u0131k<\/strong><br data-start=\"406\" data-end=\"409\" \/>Hassas bir \u015fekilde d\u00f6k\u00fclen ve tamamlanan bilezik, p\u00fcr\u00fczs\u00fcz cilas\u0131 ve esnek ba\u011flant\u0131lar\u0131 sayesinde dayan\u0131kl\u0131l\u0131\u011f\u0131 konforla dengeler. Rodyum detay\u0131 kontrast katarken \u00e7evresindeki alt\u0131n\u0131n parlakl\u0131\u011f\u0131n\u0131 art\u0131r\u0131r. Londra'da damgalanm\u0131\u015ft\u0131r, hem orijinalli\u011fi hem de kaliteyi garanti eder.<\/p>\n<p data-start=\"696\" data-end=\"959\"><strong data-start=\"696\" data-end=\"707\">\u015eekillendirme<\/strong><br data-start=\"707\" data-end=\"710\" \/>7 in\u00e7 boyutundaki bu hafif bileklik bile\u011fe rahat\u00e7a oturur ve g\u00fcnl\u00fck k\u0131yafetlerle veya bayram k\u0131yafetleriyle kolayca e\u015fle\u015ftirilebilir. \u0130ki tonlu kaplamas\u0131 sayesinde \u00e7ok y\u00f6nl\u00fcd\u00fcr, zarif bir g\u00f6r\u00fcn\u00fcm i\u00e7in tek ba\u015f\u0131na takmak veya daha fazla etki i\u00e7in bilekliklerle katmanlamak i\u00e7in idealdir.<\/p>","protected":false},"excerpt":{"rendered":"<p>Rodyum kaplamal\u0131 orta boncuklu 22 ayar alt\u0131n boncuklu bileklik, modern iki tonlu bir tasar\u0131m sunar. Rahatl\u0131k i\u00e7in parlat\u0131lm\u0131\u015f ve Londra'da damgalanm\u0131\u015f olan bu bilezik, g\u00fcnl\u00fck veya \u00f6zel g\u00fcnlerde kullan\u0131m i\u00e7in m\u00fckemmel olan 7 in\u00e7lik \u00e7ok y\u00f6nl\u00fc bir par\u00e7ad\u0131r.<\/p>\n<p><strong>Malzeme:<\/strong>\u00a022 Ayar Alt\u0131n<strong><br \/>\nHallmark:\u00a0<\/strong>\u0130ngiliz Damgas\u0131<strong><br \/>\n<\/strong><strong>Br\u00fct A\u011f\u0131rl\u0131k: <\/strong>5.40 Gms<br \/>\n<strong>Uzunluk:<\/strong> 7 in\u00e7<br \/>\n<strong>SKU:<\/strong> 48428<\/p>\n<p><strong>Fiyat ve Teslimat<\/strong>: KDV ve teslimat \u00fccreti dahil<br \/>\n<a href=\"https:\/\/www.purejewels.com\/tr\/i%cc%87ade-poli%cc%87ti%cc%87kasi\/\">\u0130ade Politikas\u0131<\/a><\/p>","protected":false},"featured_media":403237,"comment_status":"closed","ping_status":"closed","template":"","meta":{"_eb_attr":"","_crsspst_to_jayantr4sg-hostcom":true},"product_brand":[],"product_cat":[1791,5441,1559,1793,1792,1324,1627,1229,1575,1569,1574,5349],"product_tag":[5634],"class_list":{"0":"post-345524","1":"product","2":"type-product","3":"status-publish","4":"has-post-thumbnail","6":"product_cat-anniversary-gifts","7":"product_cat-gold-bead-bracelets","8":"product_cat-birthday-gifts","9":"product_cat-diwali-gifts","10":"product_cat-festival-gifts","11":"product_cat-gold-bracelet","12":"product_cat-ladies-bracelet","13":"product_cat-22ct-gold-jewellery","14":"product_cat-teenage-jewellery","15":"product_cat-valentine-day-gifts","16":"product_cat-womens-jewellery","17":"product_cat-yellow-gold-jewellery","18":"product_tag-22ct-gold-bracelet-for-ladies","20":"first","21":"outofstock","22":"taxable","23":"shipping-taxable","24":"product-type-simple","25":"add-to-wishlist-before_image"},"yoast_head":"<!-- This site is optimized with the Yoast SEO plugin v27.3 - https:\/\/yoast.com\/product\/yoast-seo-wordpress\/ -->\n<title>Bracelet in 22ct Yellow Gold in 7 Inches | purejewels.com<\/title>\n<meta name=\"description\" content=\"Explore our collection of Gold Bracelet. Buy a Bracelet for women in various styles and patterns to suit your preferences. Free delivery across UK.\" \/>\n<meta name=\"robots\" content=\"index, follow, max-snippet:-1, max-image-preview:large, max-video-preview:-1\" \/>\n<link rel=\"canonical\" href=\"https:\/\/www.purejewels.com\/tr\/urun\/22-ayar-altin-bilezik-48428\/\" \/>\n<meta property=\"og:locale\" content=\"tr_TR\" \/>\n<meta property=\"og:type\" content=\"article\" \/>\n<meta property=\"og:title\" content=\"Bracelet in 22ct Yellow Gold in 7 Inches | purejewels.com\" \/>\n<meta property=\"og:description\" content=\"Explore our collection of Gold Bracelet. Buy a Bracelet for women in various styles and patterns to suit your preferences. Free delivery across UK.\" \/>\n<meta property=\"og:url\" content=\"https:\/\/www.purejewels.com\/tr\/urun\/22-ayar-altin-bilezik-48428\/\" \/>\n<meta property=\"og:site_name\" content=\"PureJewels UK\" \/>\n<meta property=\"article:modified_time\" content=\"2026-01-06T10:00:21+00:00\" \/>\n<meta property=\"og:image\" content=\"https:\/\/www.purejewels.com\/wp-content\/uploads\/2023\/07\/SKU-48428.jpg\" \/>\n\t<meta property=\"og:image:width\" content=\"1000\" \/>\n\t<meta property=\"og:image:height\" content=\"1000\" \/>\n\t<meta property=\"og:image:type\" content=\"image\/jpeg\" \/>\n<meta name=\"twitter:card\" content=\"summary_large_image\" \/>\n<meta name=\"twitter:label1\" content=\"Tahmini okuma s\u00fcresi\" \/>\n\t<meta name=\"twitter:data1\" content=\"1 dakika\" \/>\n<script type=\"application\/ld+json\" class=\"yoast-schema-graph\">{\"@context\":\"https:\\\/\\\/schema.org\",\"@graph\":[{\"@type\":[\"WebPage\",\"ItemPage\"],\"@id\":\"https:\\\/\\\/www.purejewels.com\\\/product\\\/bracelet-in-22ct-gold-48428\\\/\",\"url\":\"https:\\\/\\\/www.purejewels.com\\\/product\\\/bracelet-in-22ct-gold-48428\\\/\",\"name\":\"Bracelet in 22ct Yellow Gold in 7 Inches | purejewels.com\",\"isPartOf\":{\"@id\":\"https:\\\/\\\/www.purejewels.com\\\/#website\"},\"primaryImageOfPage\":{\"@id\":\"https:\\\/\\\/www.purejewels.com\\\/product\\\/bracelet-in-22ct-gold-48428\\\/#primaryimage\"},\"image\":{\"@id\":\"https:\\\/\\\/www.purejewels.com\\\/product\\\/bracelet-in-22ct-gold-48428\\\/#primaryimage\"},\"thumbnailUrl\":\"https:\\\/\\\/static.purejewels.com\\\/wp-content\\\/uploads\\\/2023\\\/07\\\/SKU-48428.jpg\",\"datePublished\":\"2025-09-18T11:36:18+00:00\",\"dateModified\":\"2026-01-06T10:00:21+00:00\",\"description\":\"Explore our collection of Gold Bracelet. Buy a Bracelet for women in various styles and patterns to suit your preferences. Free delivery across UK.\",\"breadcrumb\":{\"@id\":\"https:\\\/\\\/www.purejewels.com\\\/product\\\/bracelet-in-22ct-gold-48428\\\/#breadcrumb\"},\"inLanguage\":\"tr\",\"potentialAction\":[{\"@type\":\"ReadAction\",\"target\":[\"https:\\\/\\\/www.purejewels.com\\\/product\\\/bracelet-in-22ct-gold-48428\\\/\"]}]},{\"@type\":\"ImageObject\",\"inLanguage\":\"tr\",\"@id\":\"https:\\\/\\\/www.purejewels.com\\\/product\\\/bracelet-in-22ct-gold-48428\\\/#primaryimage\",\"url\":\"https:\\\/\\\/static.purejewels.com\\\/wp-content\\\/uploads\\\/2023\\\/07\\\/SKU-48428.jpg\",\"contentUrl\":\"https:\\\/\\\/static.purejewels.com\\\/wp-content\\\/uploads\\\/2023\\\/07\\\/SKU-48428.jpg\",\"width\":1000,\"height\":1000,\"caption\":\"Bracelet in 22ct Gold\"},{\"@type\":\"BreadcrumbList\",\"@id\":\"https:\\\/\\\/www.purejewels.com\\\/product\\\/bracelet-in-22ct-gold-48428\\\/#breadcrumb\",\"itemListElement\":[{\"@type\":\"ListItem\",\"position\":1,\"name\":\"Home\",\"item\":\"https:\\\/\\\/www.purejewels.com\\\/\"},{\"@type\":\"ListItem\",\"position\":2,\"name\":\"Shop\",\"item\":\"https:\\\/\\\/www.purejewels.com\\\/shop\\\/\"},{\"@type\":\"ListItem\",\"position\":3,\"name\":\"Bracelet in 22ct Gold | 7 Inches\"}]},{\"@type\":\"WebSite\",\"@id\":\"https:\\\/\\\/www.purejewels.com\\\/#website\",\"url\":\"https:\\\/\\\/www.purejewels.com\\\/\",\"name\":\"PureJewels UK\",\"description\":\"Share the Love\",\"publisher\":{\"@id\":\"https:\\\/\\\/www.purejewels.com\\\/#organization\"},\"potentialAction\":[{\"@type\":\"SearchAction\",\"target\":{\"@type\":\"EntryPoint\",\"urlTemplate\":\"https:\\\/\\\/www.purejewels.com\\\/?s={search_term_string}\"},\"query-input\":{\"@type\":\"PropertyValueSpecification\",\"valueRequired\":true,\"valueName\":\"search_term_string\"}}],\"inLanguage\":\"tr\"},{\"@type\":\"Organization\",\"@id\":\"https:\\\/\\\/www.purejewels.com\\\/#organization\",\"name\":\"PureJewels UK\",\"url\":\"https:\\\/\\\/www.purejewels.com\\\/\",\"logo\":{\"@type\":\"ImageObject\",\"inLanguage\":\"tr\",\"@id\":\"https:\\\/\\\/www.purejewels.com\\\/#\\\/schema\\\/logo\\\/image\\\/\",\"url\":\"https:\\\/\\\/static.purejewels.com\\\/wp-content\\\/uploads\\\/2020\\\/11\\\/Logo-PJ-New-1.png\",\"contentUrl\":\"https:\\\/\\\/static.purejewels.com\\\/wp-content\\\/uploads\\\/2020\\\/11\\\/Logo-PJ-New-1.png\",\"width\":150,\"height\":80,\"caption\":\"PureJewels UK\"},\"image\":{\"@id\":\"https:\\\/\\\/www.purejewels.com\\\/#\\\/schema\\\/logo\\\/image\\\/\"}}]}<\/script>\n<!-- \/ Yoast SEO plugin. -->","yoast_head_json":{"title":"7 \u0130n\u00e7 22 Ayar Sar\u0131 Alt\u0131n Bilezik | purejewels.com","description":"Alt\u0131n Bilezik koleksiyonumuzu ke\u015ffedin. Tercihlerinize uygun \u00e7e\u015fitli stil ve desenlerde kad\u0131nlar i\u00e7in bir Bilezik sat\u0131n al\u0131n. \u0130ngiltere genelinde \u00fccretsiz teslimat.","robots":{"index":"index","follow":"follow","max-snippet":"max-snippet:-1","max-image-preview":"max-image-preview:large","max-video-preview":"max-video-preview:-1"},"canonical":"https:\/\/www.purejewels.com\/tr\/urun\/22-ayar-altin-bilezik-48428\/","og_locale":"tr_TR","og_type":"article","og_title":"Bracelet in 22ct Yellow Gold in 7 Inches | purejewels.com","og_description":"Explore our collection of Gold Bracelet. Buy a Bracelet for women in various styles and patterns to suit your preferences. Free delivery across UK.","og_url":"https:\/\/www.purejewels.com\/tr\/urun\/22-ayar-altin-bilezik-48428\/","og_site_name":"PureJewels UK","article_modified_time":"2026-01-06T10:00:21+00:00","og_image":[{"width":1000,"height":1000,"url":"https:\/\/www.purejewels.com\/wp-content\/uploads\/2023\/07\/SKU-48428.jpg","type":"image\/jpeg"}],"twitter_card":"summary_large_image","twitter_misc":{"Tahmini okuma s\u00fcresi":"1 dakika"},"schema":{"@context":"https:\/\/schema.org","@graph":[{"@type":["WebPage","ItemPage"],"@id":"https:\/\/www.purejewels.com\/product\/bracelet-in-22ct-gold-48428\/","url":"https:\/\/www.purejewels.com\/product\/bracelet-in-22ct-gold-48428\/","name":"7 \u0130n\u00e7 22 Ayar Sar\u0131 Alt\u0131n Bilezik | purejewels.com","isPartOf":{"@id":"https:\/\/www.purejewels.com\/#website"},"primaryImageOfPage":{"@id":"https:\/\/www.purejewels.com\/product\/bracelet-in-22ct-gold-48428\/#primaryimage"},"image":{"@id":"https:\/\/www.purejewels.com\/product\/bracelet-in-22ct-gold-48428\/#primaryimage"},"thumbnailUrl":"https:\/\/static.purejewels.com\/wp-content\/uploads\/2023\/07\/SKU-48428.jpg","datePublished":"2025-09-18T11:36:18+00:00","dateModified":"2026-01-06T10:00:21+00:00","description":"Alt\u0131n Bilezik koleksiyonumuzu ke\u015ffedin. Tercihlerinize uygun \u00e7e\u015fitli stil ve desenlerde kad\u0131nlar i\u00e7in bir Bilezik sat\u0131n al\u0131n. \u0130ngiltere genelinde \u00fccretsiz teslimat.","breadcrumb":{"@id":"https:\/\/www.purejewels.com\/product\/bracelet-in-22ct-gold-48428\/#breadcrumb"},"inLanguage":"tr","potentialAction":[{"@type":"ReadAction","target":["https:\/\/www.purejewels.com\/product\/bracelet-in-22ct-gold-48428\/"]}]},{"@type":"ImageObject","inLanguage":"tr","@id":"https:\/\/www.purejewels.com\/product\/bracelet-in-22ct-gold-48428\/#primaryimage","url":"https:\/\/static.purejewels.com\/wp-content\/uploads\/2023\/07\/SKU-48428.jpg","contentUrl":"https:\/\/static.purejewels.com\/wp-content\/uploads\/2023\/07\/SKU-48428.jpg","width":1000,"height":1000,"caption":"Bracelet in 22ct Gold"},{"@type":"BreadcrumbList","@id":"https:\/\/www.purejewels.com\/product\/bracelet-in-22ct-gold-48428\/#breadcrumb","itemListElement":[{"@type":"ListItem","position":1,"name":"Home","item":"https:\/\/www.purejewels.com\/"},{"@type":"ListItem","position":2,"name":"Shop","item":"https:\/\/www.purejewels.com\/shop\/"},{"@type":"ListItem","position":3,"name":"Bracelet in 22ct Gold | 7 Inches"}]},{"@type":"WebSite","@id":"https:\/\/www.purejewels.com\/#website","url":"https:\/\/www.purejewels.com\/","name":"PureJewels \u0130ngiltere","description":"Sevgiyi Payla\u015f\u0131n","publisher":{"@id":"https:\/\/www.purejewels.com\/#organization"},"potentialAction":[{"@type":"SearchAction","target":{"@type":"EntryPoint","urlTemplate":"https:\/\/www.purejewels.com\/?s={search_term_string}"},"query-input":{"@type":"PropertyValueSpecification","valueRequired":true,"valueName":"search_term_string"}}],"inLanguage":"tr"},{"@type":"Organization","@id":"https:\/\/www.purejewels.com\/#organization","name":"PureJewels \u0130ngiltere","url":"https:\/\/www.purejewels.com\/","logo":{"@type":"ImageObject","inLanguage":"tr","@id":"https:\/\/www.purejewels.com\/#\/schema\/logo\/image\/","url":"https:\/\/static.purejewels.com\/wp-content\/uploads\/2020\/11\/Logo-PJ-New-1.png","contentUrl":"https:\/\/static.purejewels.com\/wp-content\/uploads\/2020\/11\/Logo-PJ-New-1.png","width":150,"height":80,"caption":"PureJewels UK"},"image":{"@id":"https:\/\/www.purejewels.com\/#\/schema\/logo\/image\/"}}]}},"_links":{"self":[{"href":"https:\/\/www.purejewels.com\/tr\/wp-json\/wp\/v2\/product\/345524","targetHints":{"allow":["GET"]}}],"collection":[{"href":"https:\/\/www.purejewels.com\/tr\/wp-json\/wp\/v2\/product"}],"about":[{"href":"https:\/\/www.purejewels.com\/tr\/wp-json\/wp\/v2\/types\/product"}],"replies":[{"embeddable":true,"href":"https:\/\/www.purejewels.com\/tr\/wp-json\/wp\/v2\/comments?post=345524"}],"version-history":[{"count":3,"href":"https:\/\/www.purejewels.com\/tr\/wp-json\/wp\/v2\/product\/345524\/revisions"}],"predecessor-version":[{"id":416860,"href":"https:\/\/www.purejewels.com\/tr\/wp-json\/wp\/v2\/product\/345524\/revisions\/416860"}],"wp:featuredmedia":[{"embeddable":true,"href":"https:\/\/www.purejewels.com\/tr\/wp-json\/wp\/v2\/media\/403237"}],"wp:attachment":[{"href":"https:\/\/www.purejewels.com\/tr\/wp-json\/wp\/v2\/media?parent=345524"}],"wp:term":[{"taxonomy":"product_brand","embeddable":true,"href":"https:\/\/www.purejewels.com\/tr\/wp-json\/wp\/v2\/product_brand?post=345524"},{"taxonomy":"product_cat","embeddable":true,"href":"https:\/\/www.purejewels.com\/tr\/wp-json\/wp\/v2\/product_cat?post=345524"},{"taxonomy":"product_tag","embeddable":true,"href":"https:\/\/www.purejewels.com\/tr\/wp-json\/wp\/v2\/product_tag?post=345524"}],"curies":[{"name":"wp","href":"https:\/\/api.w.org\/{rel}","templated":true}]}}