{"id":345698,"date":"2024-11-01T05:41:30","date_gmt":"2024-11-01T05:41:30","guid":{"rendered":"https:\/\/www.purejewels.com\/?post_type=product&#038;p=345698"},"modified":"2026-02-09T08:02:53","modified_gmt":"2026-02-09T08:02:53","slug":"sari-altin-mangalsutra-44442","status":"publish","type":"product","link":"https:\/\/www.purejewels.com\/tr\/product\/yellow-gold-mangalsutra-44442\/","title":{"rendered":"Sar\u0131 Alt\u0131n Mangalsutra | 18 \u0130n\u00e7"},"content":{"rendered":"<p><strong>Tasar\u0131m<\/strong><\/p>\n<p>Bu <a href=\"https:\/\/www.purejewels.com\/tr\/product\/22ct-gold-jali-filigree-ring-jali-collection-31926\/\">22ct<\/a> Sar\u0131 alt\u0131n mangalsutra, cilal\u0131 alt\u0131n ve geleneksel siyah boncuklar\u0131n zamans\u0131z birle\u015fimini, ince ve zarif 18 in\u00e7lik bir profilde sunar. Ortadaki kolye ucu, narin detaylarla \u015fekillendirilmi\u015f olup, boyun \u00e7izgisine g\u00fczel bir \u015fekilde oturan ince bir odak noktas\u0131 olu\u015fturur. Tasar\u0131m, de\u011ferli bir k\u00fclt\u00fcrel sembol\u00fcn \u00e7a\u011fda\u015f bir yorumunu sunar.<\/p>\n<p><strong>Zanaatkarl\u0131k<\/strong><\/p>\n<p>Zengin 22 ayar alt\u0131ndan el i\u015f\u00e7ili\u011fi ile \u00fcretilen her bir boncuk ve halka, hem dayan\u0131kl\u0131l\u0131k hem de ak\u0131c\u0131l\u0131k sa\u011flamak i\u00e7in \u00f6zenle birle\u015ftirilmi\u015ftir. Kolye ucu, geleneksel kuyumculuk sanat\u0131n\u0131 yans\u0131tan ince detaylarla tamamlanm\u0131\u015ft\u0131r. \u0130ngiltere'de damgalanm\u0131\u015f olan bu par\u00e7a, safl\u0131k ve kalite konusunda sertifikal\u0131 g\u00fcvenceye sahiptir.<\/p>\n<p><strong>\u015eekillendirme &amp; Hediyele\u015fme<\/strong><\/p>\n<p>Zarif ve \u00e7ok y\u00f6nl\u00fc olan bu mangalsutra, g\u00fcnl\u00fck kullan\u0131m i\u00e7in hafif olmas\u0131na ra\u011fmen \u00f6zel anlar i\u00e7in de \u00f6nemlidir. Hem Hint hem de Bat\u0131 k\u0131yafetlerini tamamlar, bu da onu yeni evliler, y\u0131ld\u00f6n\u00fcmleri veya anlaml\u0131 bir ki\u015fisel hat\u0131ra olarak ideal hale getirir. Zarif oranlar\u0131, onu katmanlamak veya tek ba\u015f\u0131na takmak i\u00e7in kolayla\u015ft\u0131r\u0131r.<\/p>","protected":false},"excerpt":{"rendered":"<p>Geleneksel siyah boncuklar ve zarif alt\u0131n kolye ucu ile i\u015flenmi\u015f klasik 22 ayar alt\u0131n mangalsutra. G\u00fcnl\u00fck \u015f\u0131kl\u0131k i\u00e7in tasarlanm\u0131\u015f ve \u0130ngiltere'de damgalanm\u0131\u015ft\u0131r.<\/p>\n<table>\n<tbody>\n<tr>\n<td>Mangalsutra Tipi<\/td>\n<td>G\u00fcnl\u00fck kullan\u0131m Mangalsutra<\/td>\n<\/tr>\n<tr>\n<td>A\u011f\u0131rl\u0131k<\/td>\n<td>8 Gms<\/td>\n<\/tr>\n<tr>\n<td>Uzunluk<\/td>\n<td>18 \u0130n\u00e7<\/td>\n<\/tr>\n<tr>\n<td>SKU<\/td>\n<td>44442<\/td>\n<\/tr>\n<tr>\n<td>Metal<\/td>\n<td>22 Ayar Alt\u0131n<\/td>\n<\/tr>\n<tr>\n<td>Hallmark<\/td>\n<td>Londra Tahlil Ofisi Taraf\u0131ndan Damgalanm\u0131\u015f 22 Ayar Alt\u0131n<\/td>\n<\/tr>\n<tr>\n<td>\u00dccretler<\/td>\n<td>Teslimat ve KDV Dahil<\/td>\n<\/tr>\n<tr>\n<td>Paketleme<\/td>\n<td>M\u00fccevher Kutusu ile Birlikte Gelir<\/td>\n<\/tr>\n<tr>\n<td>Daha Fazla Bilgi<\/td>\n<td>M\u00fcsaitlik durumu ve daha fazla resim i\u00e7in bizimle canl\u0131 sohbet edin<\/p>\n<p>Daha fazla ke\u015ffedin Mangalsutra<\/td>\n<\/tr>\n<\/tbody>\n<\/table>","protected":false},"featured_media":352986,"comment_status":"closed","ping_status":"closed","template":"","meta":{"_eb_attr":"","_crsspst_to_jayantr4sg-hostcom":true},"product_brand":[],"product_cat":[1791,1559,1775,1793,1284,1573,1574],"product_tag":[1430],"class_list":{"0":"post-345698","1":"product","2":"type-product","3":"status-publish","4":"has-post-thumbnail","6":"product_cat-anniversary-gifts","7":"product_cat-birthday-gifts","8":"product_cat-daily-wear-mangalsutras","9":"product_cat-diwali-gifts","10":"product_cat-gold-mangalsutras","11":"product_cat-wedding-gifts","12":"product_cat-womens-jewellery","13":"product_tag-diwali-gift","15":"first","16":"instock","17":"taxable","18":"shipping-taxable","19":"purchasable","20":"product-type-simple","21":"add-to-wishlist-before_image"},"yoast_head":"<!-- This site is optimized with the Yoast SEO plugin v27.5 - https:\/\/yoast.com\/product\/yoast-seo-wordpress\/ -->\n<title>Shop Yellow Gold Mangalsutra in 18 Inches online<\/title>\n<meta name=\"description\" content=\"Explore the 22ct Gold Mangalsutra Necklace at PureJewels UK. Crafted with traditional black beads and a refined gold pendant, this 18 inch design blends cultural symbolism with modern elegance.\" \/>\n<meta name=\"robots\" content=\"index, follow, max-snippet:-1, max-image-preview:large, max-video-preview:-1\" \/>\n<link rel=\"canonical\" href=\"https:\/\/www.purejewels.com\/tr\/urun\/sari-altin-mangalsutra-44442\/\" \/>\n<meta property=\"og:locale\" content=\"tr_TR\" \/>\n<meta property=\"og:type\" content=\"article\" \/>\n<meta property=\"og:title\" content=\"Shop Yellow Gold Mangalsutra in 18 Inches online\" \/>\n<meta property=\"og:description\" content=\"Explore the 22ct Gold Mangalsutra Necklace at PureJewels UK. Crafted with traditional black beads and a refined gold pendant, this 18 inch design blends cultural symbolism with modern elegance.\" \/>\n<meta property=\"og:url\" content=\"https:\/\/www.purejewels.com\/tr\/urun\/sari-altin-mangalsutra-44442\/\" \/>\n<meta property=\"og:site_name\" content=\"PureJewels UK\" \/>\n<meta property=\"article:modified_time\" content=\"2026-02-09T08:02:53+00:00\" \/>\n<meta property=\"og:image\" content=\"https:\/\/static.purejewels.com\/wp-content\/uploads\/2023\/04\/44442-Final.jpg\" \/>\n\t<meta property=\"og:image:width\" content=\"1000\" \/>\n\t<meta property=\"og:image:height\" content=\"1000\" \/>\n\t<meta property=\"og:image:type\" content=\"image\/jpeg\" \/>\n<meta name=\"twitter:card\" content=\"summary_large_image\" \/>\n<meta name=\"twitter:label1\" content=\"Tahmini okuma s\u00fcresi\" \/>\n\t<meta name=\"twitter:data1\" content=\"1 dakika\" \/>\n<script type=\"application\/ld+json\" class=\"yoast-schema-graph\">{\"@context\":\"https:\\\/\\\/schema.org\",\"@graph\":[{\"@type\":[\"WebPage\",\"ItemPage\"],\"@id\":\"https:\\\/\\\/www.purejewels.com\\\/product\\\/yellow-gold-mangalsutra-44442\\\/\",\"url\":\"https:\\\/\\\/www.purejewels.com\\\/product\\\/yellow-gold-mangalsutra-44442\\\/\",\"name\":\"Shop Yellow Gold Mangalsutra in 18 Inches online\",\"isPartOf\":{\"@id\":\"https:\\\/\\\/www.purejewels.com\\\/#website\"},\"primaryImageOfPage\":{\"@id\":\"https:\\\/\\\/www.purejewels.com\\\/product\\\/yellow-gold-mangalsutra-44442\\\/#primaryimage\"},\"image\":{\"@id\":\"https:\\\/\\\/www.purejewels.com\\\/product\\\/yellow-gold-mangalsutra-44442\\\/#primaryimage\"},\"thumbnailUrl\":\"https:\\\/\\\/static.purejewels.com\\\/wp-content\\\/uploads\\\/2023\\\/04\\\/44442-Final.jpg\",\"datePublished\":\"2024-11-01T05:41:30+00:00\",\"dateModified\":\"2026-02-09T08:02:53+00:00\",\"description\":\"Explore the 22ct Gold Mangalsutra Necklace at PureJewels UK. Crafted with traditional black beads and a refined gold pendant, this 18 inch design blends cultural symbolism with modern elegance.\",\"breadcrumb\":{\"@id\":\"https:\\\/\\\/www.purejewels.com\\\/product\\\/yellow-gold-mangalsutra-44442\\\/#breadcrumb\"},\"inLanguage\":\"tr\",\"potentialAction\":[{\"@type\":\"ReadAction\",\"target\":[\"https:\\\/\\\/www.purejewels.com\\\/product\\\/yellow-gold-mangalsutra-44442\\\/\"]}]},{\"@type\":\"ImageObject\",\"inLanguage\":\"tr\",\"@id\":\"https:\\\/\\\/www.purejewels.com\\\/product\\\/yellow-gold-mangalsutra-44442\\\/#primaryimage\",\"url\":\"https:\\\/\\\/static.purejewels.com\\\/wp-content\\\/uploads\\\/2023\\\/04\\\/44442-Final.jpg\",\"contentUrl\":\"https:\\\/\\\/static.purejewels.com\\\/wp-content\\\/uploads\\\/2023\\\/04\\\/44442-Final.jpg\",\"width\":1000,\"height\":1000,\"caption\":\"Yellow Gold Mangalsutra\"},{\"@type\":\"BreadcrumbList\",\"@id\":\"https:\\\/\\\/www.purejewels.com\\\/product\\\/yellow-gold-mangalsutra-44442\\\/#breadcrumb\",\"itemListElement\":[{\"@type\":\"ListItem\",\"position\":1,\"name\":\"Home\",\"item\":\"https:\\\/\\\/www.purejewels.com\\\/\"},{\"@type\":\"ListItem\",\"position\":2,\"name\":\"Shop\",\"item\":\"https:\\\/\\\/www.purejewels.com\\\/shop\\\/\"},{\"@type\":\"ListItem\",\"position\":3,\"name\":\"Yellow Gold Mangalsutra | 18 Inches\"}]},{\"@type\":\"WebSite\",\"@id\":\"https:\\\/\\\/www.purejewels.com\\\/#website\",\"url\":\"https:\\\/\\\/www.purejewels.com\\\/\",\"name\":\"PureJewels UK\",\"description\":\"Share the Love\",\"publisher\":{\"@id\":\"https:\\\/\\\/www.purejewels.com\\\/#organization\"},\"potentialAction\":[{\"@type\":\"SearchAction\",\"target\":{\"@type\":\"EntryPoint\",\"urlTemplate\":\"https:\\\/\\\/www.purejewels.com\\\/?s={search_term_string}\"},\"query-input\":{\"@type\":\"PropertyValueSpecification\",\"valueRequired\":true,\"valueName\":\"search_term_string\"}}],\"inLanguage\":\"tr\"},{\"@type\":\"Organization\",\"@id\":\"https:\\\/\\\/www.purejewels.com\\\/#organization\",\"name\":\"PureJewels UK\",\"url\":\"https:\\\/\\\/www.purejewels.com\\\/\",\"logo\":{\"@type\":\"ImageObject\",\"inLanguage\":\"tr\",\"@id\":\"https:\\\/\\\/www.purejewels.com\\\/#\\\/schema\\\/logo\\\/image\\\/\",\"url\":\"https:\\\/\\\/static.purejewels.com\\\/wp-content\\\/uploads\\\/2020\\\/11\\\/Logo-PJ-New-1.png\",\"contentUrl\":\"https:\\\/\\\/static.purejewels.com\\\/wp-content\\\/uploads\\\/2020\\\/11\\\/Logo-PJ-New-1.png\",\"width\":150,\"height\":80,\"caption\":\"PureJewels UK\"},\"image\":{\"@id\":\"https:\\\/\\\/www.purejewels.com\\\/#\\\/schema\\\/logo\\\/image\\\/\"}}]}<\/script>\n<!-- \/ Yoast SEO plugin. -->","yoast_head_json":{"title":"Online 18 \u0130n\u00e7 Sar\u0131 Alt\u0131n Mangalsutra Al\u0131\u015fveri\u015fi","description":"PureJewels UK'de 22 ayar alt\u0131n Mangalsutra kolyeyi ke\u015ffedin. Geleneksel siyah boncuklar ve zarif alt\u0131n kolye ucu ile tasarlanan bu 18 in\u00e7lik tasar\u0131m, k\u00fclt\u00fcrel sembolizmi modern zarafetle harmanl\u0131yor.","robots":{"index":"index","follow":"follow","max-snippet":"max-snippet:-1","max-image-preview":"max-image-preview:large","max-video-preview":"max-video-preview:-1"},"canonical":"https:\/\/www.purejewels.com\/tr\/urun\/sari-altin-mangalsutra-44442\/","og_locale":"tr_TR","og_type":"article","og_title":"Shop Yellow Gold Mangalsutra in 18 Inches online","og_description":"Explore the 22ct Gold Mangalsutra Necklace at PureJewels UK. Crafted with traditional black beads and a refined gold pendant, this 18 inch design blends cultural symbolism with modern elegance.","og_url":"https:\/\/www.purejewels.com\/tr\/urun\/sari-altin-mangalsutra-44442\/","og_site_name":"PureJewels UK","article_modified_time":"2026-02-09T08:02:53+00:00","og_image":[{"width":1000,"height":1000,"url":"https:\/\/static.purejewels.com\/wp-content\/uploads\/2023\/04\/44442-Final.jpg","type":"image\/jpeg"}],"twitter_card":"summary_large_image","twitter_misc":{"Tahmini okuma s\u00fcresi":"1 dakika"},"schema":{"@context":"https:\/\/schema.org","@graph":[{"@type":["WebPage","ItemPage"],"@id":"https:\/\/www.purejewels.com\/product\/yellow-gold-mangalsutra-44442\/","url":"https:\/\/www.purejewels.com\/product\/yellow-gold-mangalsutra-44442\/","name":"Online 18 \u0130n\u00e7 Sar\u0131 Alt\u0131n Mangalsutra Al\u0131\u015fveri\u015fi","isPartOf":{"@id":"https:\/\/www.purejewels.com\/#website"},"primaryImageOfPage":{"@id":"https:\/\/www.purejewels.com\/product\/yellow-gold-mangalsutra-44442\/#primaryimage"},"image":{"@id":"https:\/\/www.purejewels.com\/product\/yellow-gold-mangalsutra-44442\/#primaryimage"},"thumbnailUrl":"https:\/\/static.purejewels.com\/wp-content\/uploads\/2023\/04\/44442-Final.jpg","datePublished":"2024-11-01T05:41:30+00:00","dateModified":"2026-02-09T08:02:53+00:00","description":"PureJewels UK'de 22 ayar alt\u0131n Mangalsutra kolyeyi ke\u015ffedin. Geleneksel siyah boncuklar ve zarif alt\u0131n kolye ucu ile tasarlanan bu 18 in\u00e7lik tasar\u0131m, k\u00fclt\u00fcrel sembolizmi modern zarafetle harmanl\u0131yor.","breadcrumb":{"@id":"https:\/\/www.purejewels.com\/product\/yellow-gold-mangalsutra-44442\/#breadcrumb"},"inLanguage":"tr","potentialAction":[{"@type":"ReadAction","target":["https:\/\/www.purejewels.com\/product\/yellow-gold-mangalsutra-44442\/"]}]},{"@type":"ImageObject","inLanguage":"tr","@id":"https:\/\/www.purejewels.com\/product\/yellow-gold-mangalsutra-44442\/#primaryimage","url":"https:\/\/static.purejewels.com\/wp-content\/uploads\/2023\/04\/44442-Final.jpg","contentUrl":"https:\/\/static.purejewels.com\/wp-content\/uploads\/2023\/04\/44442-Final.jpg","width":1000,"height":1000,"caption":"Yellow Gold Mangalsutra"},{"@type":"BreadcrumbList","@id":"https:\/\/www.purejewels.com\/product\/yellow-gold-mangalsutra-44442\/#breadcrumb","itemListElement":[{"@type":"ListItem","position":1,"name":"Home","item":"https:\/\/www.purejewels.com\/"},{"@type":"ListItem","position":2,"name":"Shop","item":"https:\/\/www.purejewels.com\/shop\/"},{"@type":"ListItem","position":3,"name":"Yellow Gold Mangalsutra | 18 Inches"}]},{"@type":"WebSite","@id":"https:\/\/www.purejewels.com\/#website","url":"https:\/\/www.purejewels.com\/","name":"PureJewels \u0130ngiltere","description":"Sevgiyi Payla\u015f\u0131n","publisher":{"@id":"https:\/\/www.purejewels.com\/#organization"},"potentialAction":[{"@type":"SearchAction","target":{"@type":"EntryPoint","urlTemplate":"https:\/\/www.purejewels.com\/?s={search_term_string}"},"query-input":{"@type":"PropertyValueSpecification","valueRequired":true,"valueName":"search_term_string"}}],"inLanguage":"tr"},{"@type":"Organization","@id":"https:\/\/www.purejewels.com\/#organization","name":"PureJewels \u0130ngiltere","url":"https:\/\/www.purejewels.com\/","logo":{"@type":"ImageObject","inLanguage":"tr","@id":"https:\/\/www.purejewels.com\/#\/schema\/logo\/image\/","url":"https:\/\/static.purejewels.com\/wp-content\/uploads\/2020\/11\/Logo-PJ-New-1.png","contentUrl":"https:\/\/static.purejewels.com\/wp-content\/uploads\/2020\/11\/Logo-PJ-New-1.png","width":150,"height":80,"caption":"PureJewels UK"},"image":{"@id":"https:\/\/www.purejewels.com\/#\/schema\/logo\/image\/"}}]}},"_links":{"self":[{"href":"https:\/\/www.purejewels.com\/tr\/wp-json\/wp\/v2\/product\/345698","targetHints":{"allow":["GET"]}}],"collection":[{"href":"https:\/\/www.purejewels.com\/tr\/wp-json\/wp\/v2\/product"}],"about":[{"href":"https:\/\/www.purejewels.com\/tr\/wp-json\/wp\/v2\/types\/product"}],"replies":[{"embeddable":true,"href":"https:\/\/www.purejewels.com\/tr\/wp-json\/wp\/v2\/comments?post=345698"}],"version-history":[{"count":3,"href":"https:\/\/www.purejewels.com\/tr\/wp-json\/wp\/v2\/product\/345698\/revisions"}],"predecessor-version":[{"id":422622,"href":"https:\/\/www.purejewels.com\/tr\/wp-json\/wp\/v2\/product\/345698\/revisions\/422622"}],"wp:featuredmedia":[{"embeddable":true,"href":"https:\/\/www.purejewels.com\/tr\/wp-json\/wp\/v2\/media\/352986"}],"wp:attachment":[{"href":"https:\/\/www.purejewels.com\/tr\/wp-json\/wp\/v2\/media?parent=345698"}],"wp:term":[{"taxonomy":"product_brand","embeddable":true,"href":"https:\/\/www.purejewels.com\/tr\/wp-json\/wp\/v2\/product_brand?post=345698"},{"taxonomy":"product_cat","embeddable":true,"href":"https:\/\/www.purejewels.com\/tr\/wp-json\/wp\/v2\/product_cat?post=345698"},{"taxonomy":"product_tag","embeddable":true,"href":"https:\/\/www.purejewels.com\/tr\/wp-json\/wp\/v2\/product_tag?post=345698"}],"curies":[{"name":"wp","href":"https:\/\/api.w.org\/{rel}","templated":true}]}}