{"id":345708,"date":"2023-04-04T10:17:07","date_gmt":"2023-04-04T09:17:07","guid":{"rendered":"https:\/\/www.purejewels.com\/?post_type=product&#038;p=345708"},"modified":"2026-03-27T07:38:30","modified_gmt":"2026-03-27T07:38:30","slug":"22-ayar-sari-altin-erkek-bilezigi-8-inc-51233","status":"publish","type":"product","link":"https:\/\/www.purejewels.com\/tr\/product\/22ct-yellow-gold-gents-bracelet-8-inches-51233\/","title":{"rendered":"22 Ayar Alt\u0131n Aslan Ba\u015fl\u0131 Erkek Bileklik | 8 \u0130n\u00e7"},"content":{"rendered":"<p data-start=\"791\" data-end=\"1143\">Bu muhte\u015fem kitapla g\u00fc\u00e7, cesaret ve liderlik ruhunu y\u00f6nlendirin. <a href=\"https:\/\/www.purejewels.com\/tr\/product\/22ct-gold-jali-filigree-ring-jali-collection-31926\/\">22ct<\/a> Erkekler i\u00e7in Alt\u0131n Aslan Ba\u015fl\u0131 Bileklik. Bu bilezikte birbirine bakan, detayl\u0131 yeleleri ve yo\u011fun ifadeleriyle hakimiyet ve gururu simgeleyen, ustal\u0131kla i\u015flenmi\u015f iki aslan ba\u015f\u0131 bulunur. Aslanlar yekpare cilal\u0131 bir halka ile birle\u015ftirilerek hakim bir merkez olu\u015fturur.<\/p>\n<p data-start=\"1145\" data-end=\"1539\">Sa\u011flam, i\u00e7 i\u00e7e ge\u00e7mi\u015f zincir hem esneklik hem de dayan\u0131kl\u0131l\u0131k sunarken bilezi\u011fin cesur duru\u015funu g\u00fc\u00e7lendirir. Uzunlu\u011fu 8 in\u00e7 olan bu par\u00e7a bile\u011fe rahat\u00e7a oturur ve g\u00f6n\u00fcl rahatl\u0131\u011f\u0131 i\u00e7in sa\u011flam bir toka ile sabitlenir. \u0130ster imza aksesuar\u0131 olarak tak\u0131ls\u0131n, ister bir d\u00f6n\u00fcm noktas\u0131 i\u00e7in hediye edilsin, bu bilezik s\u00fcslemenin \u00f6tesinde bir g\u00fc\u00e7, prestij ve miras i\u015f\u00e7ilik amblemidir.<\/p>\n<p data-start=\"1541\" data-end=\"1739\">Bir g\u00fc\u00e7 ve bireysellik hikayesi anlatan m\u00fccevherlere de\u011fer verenler i\u00e7in m\u00fckemmeldir. Orijinallik damgas\u0131 ta\u015f\u0131yan ve hassasiyetle i\u015flenen bu m\u00fccevher, nesiller boyu de\u011fer verilmek \u00fczere tasarlanm\u0131\u015ft\u0131r.<\/p>","protected":false},"excerpt":{"rendered":"<p>G\u00fcc\u00fcn ve ihti\u015fam\u0131n sembol\u00fc olan bu 22 Ayar Alt\u0131n Aslan Ba\u015fl\u0131 Bileklik, cilal\u0131 bir halka ile birbirine ba\u011flanan karma\u015f\u0131k bir \u015fekilde yontulmu\u015f aslan y\u00fczlerine sahiptir. Modern beyefendiler i\u00e7in tasarlanan bu g\u00f6steri\u015fli par\u00e7a, cesur \u015f\u0131kl\u0131\u011f\u0131 zamans\u0131z i\u015f\u00e7ilikle birle\u015ftiriyor<\/p>\n<p><strong>Malzeme:<\/strong>\u00a022 Ayar Alt\u0131n<br \/>\n<strong>Hallmark:<\/strong>\u00a0\u0130ngiliz Damgas\u0131<br \/>\n<strong>SKU:<\/strong> 51233<br \/>\n<strong>A\u011f\u0131rl\u0131k:<\/strong> 19.08 Gms<br \/>\n<b>Uzunluk:\u00a0<\/b>8 in\u00e7<\/p>\n<p><strong>Fiyat ve Teslimat:<\/strong>\u00a0KDV ve teslimat \u00fccretleri dahil<br \/>\n<a href=\"https:\/\/www.purejewels.com\/tr\/i%cc%87ade-poli%cc%87ti%cc%87kasi\/\"><strong>\u0130ade Politikas\u0131<\/strong><\/a><\/p>","protected":false},"featured_media":403208,"comment_status":"closed","ping_status":"closed","template":"","meta":{"_eb_attr":"","_crsspst_to_jayantr4sg-hostcom":true},"product_brand":[],"product_cat":[1790,1324,1229,1572,1628,5349],"product_tag":[],"class_list":{"0":"post-345708","1":"product","2":"type-product","3":"status-publish","4":"has-post-thumbnail","6":"product_cat-for-whom-when","7":"product_cat-gold-bracelet","8":"product_cat-22ct-gold-jewellery","9":"product_cat-mens-jewellery","10":"product_cat-mens-bracelet","11":"product_cat-yellow-gold-jewellery","13":"first","14":"outofstock","15":"taxable","16":"shipping-taxable","17":"product-type-simple","18":"add-to-wishlist-before_image"},"yoast_head":"<!-- This site is optimized with the Yoast SEO plugin v27.3 - https:\/\/yoast.com\/product\/yoast-seo-wordpress\/ -->\n<title>22ct Gold Lion Bracelet for Men | Lion Head Bracelet | PureJewels<\/title>\n<meta name=\"description\" content=\"Discover our 22ct Gold Lion Head Bracelet for men \u2014 a powerful symbol of strength and elegance. Crafted with intricate detailing, perfect for the modern gentleman.\" \/>\n<meta name=\"robots\" content=\"index, follow, max-snippet:-1, max-image-preview:large, max-video-preview:-1\" \/>\n<link rel=\"canonical\" href=\"https:\/\/www.purejewels.com\/tr\/urun\/22-ayar-sari-altin-erkek-bilezigi-8-inc-51233\/\" \/>\n<meta property=\"og:locale\" content=\"tr_TR\" \/>\n<meta property=\"og:type\" content=\"article\" \/>\n<meta property=\"og:title\" content=\"22ct Gold Lion Bracelet for Men | Lion Head Bracelet | PureJewels\" \/>\n<meta property=\"og:description\" content=\"Discover our 22ct Gold Lion Head Bracelet for men \u2014 a powerful symbol of strength and elegance. Crafted with intricate detailing, perfect for the modern gentleman.\" \/>\n<meta property=\"og:url\" content=\"https:\/\/www.purejewels.com\/tr\/urun\/22-ayar-sari-altin-erkek-bilezigi-8-inc-51233\/\" \/>\n<meta property=\"og:site_name\" content=\"PureJewels UK\" \/>\n<meta property=\"article:modified_time\" content=\"2026-03-27T07:38:30+00:00\" \/>\n<meta property=\"og:image\" content=\"https:\/\/static.purejewels.com\/wp-content\/uploads\/2023\/04\/SKU-51233-1.jpg\" \/>\n\t<meta property=\"og:image:width\" content=\"1000\" \/>\n\t<meta property=\"og:image:height\" content=\"1000\" \/>\n\t<meta property=\"og:image:type\" content=\"image\/jpeg\" \/>\n<meta name=\"twitter:card\" content=\"summary_large_image\" \/>\n<meta name=\"twitter:label1\" content=\"Tahmini okuma s\u00fcresi\" \/>\n\t<meta name=\"twitter:data1\" content=\"1 dakika\" \/>\n<script type=\"application\/ld+json\" class=\"yoast-schema-graph\">{\"@context\":\"https:\\\/\\\/schema.org\",\"@graph\":[{\"@type\":[\"WebPage\",\"ItemPage\"],\"@id\":\"https:\\\/\\\/www.purejewels.com\\\/product\\\/22ct-yellow-gold-gents-bracelet-8-inches-51233\\\/\",\"url\":\"https:\\\/\\\/www.purejewels.com\\\/product\\\/22ct-yellow-gold-gents-bracelet-8-inches-51233\\\/\",\"name\":\"22ct Gold Lion Bracelet for Men | Lion Head Bracelet | PureJewels\",\"isPartOf\":{\"@id\":\"https:\\\/\\\/www.purejewels.com\\\/#website\"},\"primaryImageOfPage\":{\"@id\":\"https:\\\/\\\/www.purejewels.com\\\/product\\\/22ct-yellow-gold-gents-bracelet-8-inches-51233\\\/#primaryimage\"},\"image\":{\"@id\":\"https:\\\/\\\/www.purejewels.com\\\/product\\\/22ct-yellow-gold-gents-bracelet-8-inches-51233\\\/#primaryimage\"},\"thumbnailUrl\":\"https:\\\/\\\/static.purejewels.com\\\/wp-content\\\/uploads\\\/2023\\\/04\\\/SKU-51233-1.jpg\",\"datePublished\":\"2023-04-04T09:17:07+00:00\",\"dateModified\":\"2026-03-27T07:38:30+00:00\",\"description\":\"Discover our 22ct Gold Lion Head Bracelet for men \u2014 a powerful symbol of strength and elegance. Crafted with intricate detailing, perfect for the modern gentleman.\",\"breadcrumb\":{\"@id\":\"https:\\\/\\\/www.purejewels.com\\\/product\\\/22ct-yellow-gold-gents-bracelet-8-inches-51233\\\/#breadcrumb\"},\"inLanguage\":\"tr\",\"potentialAction\":[{\"@type\":\"ReadAction\",\"target\":[\"https:\\\/\\\/www.purejewels.com\\\/product\\\/22ct-yellow-gold-gents-bracelet-8-inches-51233\\\/\"]}]},{\"@type\":\"ImageObject\",\"inLanguage\":\"tr\",\"@id\":\"https:\\\/\\\/www.purejewels.com\\\/product\\\/22ct-yellow-gold-gents-bracelet-8-inches-51233\\\/#primaryimage\",\"url\":\"https:\\\/\\\/static.purejewels.com\\\/wp-content\\\/uploads\\\/2023\\\/04\\\/SKU-51233-1.jpg\",\"contentUrl\":\"https:\\\/\\\/static.purejewels.com\\\/wp-content\\\/uploads\\\/2023\\\/04\\\/SKU-51233-1.jpg\",\"width\":1000,\"height\":1000,\"caption\":\"Stacked from 33 images. Method=A (R=8,S=4)\"},{\"@type\":\"BreadcrumbList\",\"@id\":\"https:\\\/\\\/www.purejewels.com\\\/product\\\/22ct-yellow-gold-gents-bracelet-8-inches-51233\\\/#breadcrumb\",\"itemListElement\":[{\"@type\":\"ListItem\",\"position\":1,\"name\":\"Home\",\"item\":\"https:\\\/\\\/www.purejewels.com\\\/\"},{\"@type\":\"ListItem\",\"position\":2,\"name\":\"Shop\",\"item\":\"https:\\\/\\\/www.purejewels.com\\\/shop\\\/\"},{\"@type\":\"ListItem\",\"position\":3,\"name\":\"22ct Gold Lion Head Men\u2019s Bracelet | 8 Inches\"}]},{\"@type\":\"WebSite\",\"@id\":\"https:\\\/\\\/www.purejewels.com\\\/#website\",\"url\":\"https:\\\/\\\/www.purejewels.com\\\/\",\"name\":\"PureJewels UK\",\"description\":\"Share the Love\",\"publisher\":{\"@id\":\"https:\\\/\\\/www.purejewels.com\\\/#organization\"},\"potentialAction\":[{\"@type\":\"SearchAction\",\"target\":{\"@type\":\"EntryPoint\",\"urlTemplate\":\"https:\\\/\\\/www.purejewels.com\\\/?s={search_term_string}\"},\"query-input\":{\"@type\":\"PropertyValueSpecification\",\"valueRequired\":true,\"valueName\":\"search_term_string\"}}],\"inLanguage\":\"tr\"},{\"@type\":\"Organization\",\"@id\":\"https:\\\/\\\/www.purejewels.com\\\/#organization\",\"name\":\"PureJewels UK\",\"url\":\"https:\\\/\\\/www.purejewels.com\\\/\",\"logo\":{\"@type\":\"ImageObject\",\"inLanguage\":\"tr\",\"@id\":\"https:\\\/\\\/www.purejewels.com\\\/#\\\/schema\\\/logo\\\/image\\\/\",\"url\":\"https:\\\/\\\/static.purejewels.com\\\/wp-content\\\/uploads\\\/2020\\\/11\\\/Logo-PJ-New-1.png\",\"contentUrl\":\"https:\\\/\\\/static.purejewels.com\\\/wp-content\\\/uploads\\\/2020\\\/11\\\/Logo-PJ-New-1.png\",\"width\":150,\"height\":80,\"caption\":\"PureJewels UK\"},\"image\":{\"@id\":\"https:\\\/\\\/www.purejewels.com\\\/#\\\/schema\\\/logo\\\/image\\\/\"}}]}<\/script>\n<!-- \/ Yoast SEO plugin. -->","yoast_head_json":{"title":"22 Ayar Alt\u0131n Erkek Aslan Bileklik | Aslan Ba\u015fl\u0131 Bileklik | PureJewels","description":"G\u00fcc\u00fcn ve zarafetin g\u00fc\u00e7l\u00fc bir sembol\u00fc olan 22 Ayar Alt\u0131n Aslan Ba\u015fl\u0131 Erkek Bilekli\u011fimizi ke\u015ffedin. Karma\u015f\u0131k detaylarla haz\u0131rlanm\u0131\u015f, modern beyefendiler i\u00e7in m\u00fckemmel.","robots":{"index":"index","follow":"follow","max-snippet":"max-snippet:-1","max-image-preview":"max-image-preview:large","max-video-preview":"max-video-preview:-1"},"canonical":"https:\/\/www.purejewels.com\/tr\/urun\/22-ayar-sari-altin-erkek-bilezigi-8-inc-51233\/","og_locale":"tr_TR","og_type":"article","og_title":"22ct Gold Lion Bracelet for Men | Lion Head Bracelet | PureJewels","og_description":"Discover our 22ct Gold Lion Head Bracelet for men \u2014 a powerful symbol of strength and elegance. Crafted with intricate detailing, perfect for the modern gentleman.","og_url":"https:\/\/www.purejewels.com\/tr\/urun\/22-ayar-sari-altin-erkek-bilezigi-8-inc-51233\/","og_site_name":"PureJewels UK","article_modified_time":"2026-03-27T07:38:30+00:00","og_image":[{"width":1000,"height":1000,"url":"https:\/\/static.purejewels.com\/wp-content\/uploads\/2023\/04\/SKU-51233-1.jpg","type":"image\/jpeg"}],"twitter_card":"summary_large_image","twitter_misc":{"Tahmini okuma s\u00fcresi":"1 dakika"},"schema":{"@context":"https:\/\/schema.org","@graph":[{"@type":["WebPage","ItemPage"],"@id":"https:\/\/www.purejewels.com\/product\/22ct-yellow-gold-gents-bracelet-8-inches-51233\/","url":"https:\/\/www.purejewels.com\/product\/22ct-yellow-gold-gents-bracelet-8-inches-51233\/","name":"22 Ayar Alt\u0131n Erkek Aslan Bileklik | Aslan Ba\u015fl\u0131 Bileklik | PureJewels","isPartOf":{"@id":"https:\/\/www.purejewels.com\/#website"},"primaryImageOfPage":{"@id":"https:\/\/www.purejewels.com\/product\/22ct-yellow-gold-gents-bracelet-8-inches-51233\/#primaryimage"},"image":{"@id":"https:\/\/www.purejewels.com\/product\/22ct-yellow-gold-gents-bracelet-8-inches-51233\/#primaryimage"},"thumbnailUrl":"https:\/\/static.purejewels.com\/wp-content\/uploads\/2023\/04\/SKU-51233-1.jpg","datePublished":"2023-04-04T09:17:07+00:00","dateModified":"2026-03-27T07:38:30+00:00","description":"G\u00fcc\u00fcn ve zarafetin g\u00fc\u00e7l\u00fc bir sembol\u00fc olan 22 Ayar Alt\u0131n Aslan Ba\u015fl\u0131 Erkek Bilekli\u011fimizi ke\u015ffedin. Karma\u015f\u0131k detaylarla haz\u0131rlanm\u0131\u015f, modern beyefendiler i\u00e7in m\u00fckemmel.","breadcrumb":{"@id":"https:\/\/www.purejewels.com\/product\/22ct-yellow-gold-gents-bracelet-8-inches-51233\/#breadcrumb"},"inLanguage":"tr","potentialAction":[{"@type":"ReadAction","target":["https:\/\/www.purejewels.com\/product\/22ct-yellow-gold-gents-bracelet-8-inches-51233\/"]}]},{"@type":"ImageObject","inLanguage":"tr","@id":"https:\/\/www.purejewels.com\/product\/22ct-yellow-gold-gents-bracelet-8-inches-51233\/#primaryimage","url":"https:\/\/static.purejewels.com\/wp-content\/uploads\/2023\/04\/SKU-51233-1.jpg","contentUrl":"https:\/\/static.purejewels.com\/wp-content\/uploads\/2023\/04\/SKU-51233-1.jpg","width":1000,"height":1000,"caption":"Stacked from 33 images. Method=A (R=8,S=4)"},{"@type":"BreadcrumbList","@id":"https:\/\/www.purejewels.com\/product\/22ct-yellow-gold-gents-bracelet-8-inches-51233\/#breadcrumb","itemListElement":[{"@type":"ListItem","position":1,"name":"Home","item":"https:\/\/www.purejewels.com\/"},{"@type":"ListItem","position":2,"name":"Shop","item":"https:\/\/www.purejewels.com\/shop\/"},{"@type":"ListItem","position":3,"name":"22ct Gold Lion Head Men\u2019s Bracelet | 8 Inches"}]},{"@type":"WebSite","@id":"https:\/\/www.purejewels.com\/#website","url":"https:\/\/www.purejewels.com\/","name":"PureJewels \u0130ngiltere","description":"Sevgiyi Payla\u015f\u0131n","publisher":{"@id":"https:\/\/www.purejewels.com\/#organization"},"potentialAction":[{"@type":"SearchAction","target":{"@type":"EntryPoint","urlTemplate":"https:\/\/www.purejewels.com\/?s={search_term_string}"},"query-input":{"@type":"PropertyValueSpecification","valueRequired":true,"valueName":"search_term_string"}}],"inLanguage":"tr"},{"@type":"Organization","@id":"https:\/\/www.purejewels.com\/#organization","name":"PureJewels \u0130ngiltere","url":"https:\/\/www.purejewels.com\/","logo":{"@type":"ImageObject","inLanguage":"tr","@id":"https:\/\/www.purejewels.com\/#\/schema\/logo\/image\/","url":"https:\/\/static.purejewels.com\/wp-content\/uploads\/2020\/11\/Logo-PJ-New-1.png","contentUrl":"https:\/\/static.purejewels.com\/wp-content\/uploads\/2020\/11\/Logo-PJ-New-1.png","width":150,"height":80,"caption":"PureJewels UK"},"image":{"@id":"https:\/\/www.purejewels.com\/#\/schema\/logo\/image\/"}}]}},"_links":{"self":[{"href":"https:\/\/www.purejewels.com\/tr\/wp-json\/wp\/v2\/product\/345708","targetHints":{"allow":["GET"]}}],"collection":[{"href":"https:\/\/www.purejewels.com\/tr\/wp-json\/wp\/v2\/product"}],"about":[{"href":"https:\/\/www.purejewels.com\/tr\/wp-json\/wp\/v2\/types\/product"}],"replies":[{"embeddable":true,"href":"https:\/\/www.purejewels.com\/tr\/wp-json\/wp\/v2\/comments?post=345708"}],"version-history":[{"count":3,"href":"https:\/\/www.purejewels.com\/tr\/wp-json\/wp\/v2\/product\/345708\/revisions"}],"predecessor-version":[{"id":403074,"href":"https:\/\/www.purejewels.com\/tr\/wp-json\/wp\/v2\/product\/345708\/revisions\/403074"}],"wp:featuredmedia":[{"embeddable":true,"href":"https:\/\/www.purejewels.com\/tr\/wp-json\/wp\/v2\/media\/403208"}],"wp:attachment":[{"href":"https:\/\/www.purejewels.com\/tr\/wp-json\/wp\/v2\/media?parent=345708"}],"wp:term":[{"taxonomy":"product_brand","embeddable":true,"href":"https:\/\/www.purejewels.com\/tr\/wp-json\/wp\/v2\/product_brand?post=345708"},{"taxonomy":"product_cat","embeddable":true,"href":"https:\/\/www.purejewels.com\/tr\/wp-json\/wp\/v2\/product_cat?post=345708"},{"taxonomy":"product_tag","embeddable":true,"href":"https:\/\/www.purejewels.com\/tr\/wp-json\/wp\/v2\/product_tag?post=345708"}],"curies":[{"name":"wp","href":"https:\/\/api.w.org\/{rel}","templated":true}]}}