{"id":345710,"date":"2023-04-04T10:35:59","date_gmt":"2023-04-04T09:35:59","guid":{"rendered":"https:\/\/www.purejewels.com\/?post_type=product&#038;p=345710"},"modified":"2026-01-06T09:55:47","modified_gmt":"2026-01-06T09:55:47","slug":"gents-bilezik-22-ayar-sari-altin-8-inc-51232","status":"publish","type":"product","link":"https:\/\/www.purejewels.com\/tr\/product\/gents-bracelet-22ct-yellow-gold-8-inches-51232\/","title":{"rendered":"22 Ayar Alt\u0131n \u0130\u00e7i Bo\u015f Aslan Bileklik | 8 \u0130n\u00e7"},"content":{"rendered":"<p data-start=\"966\" data-end=\"1263\">Bu \u00e7arp\u0131c\u0131 tasar\u0131mla i\u00e7inizdeki g\u00fcc\u00fc ortaya \u00e7\u0131kar\u0131n <a href=\"https:\/\/www.purejewels.com\/tr\/product\/22ct-gold-jali-filigree-ring-jali-collection-31926\/\">22ct<\/a> Alt\u0131n \u0130\u00e7i Bo\u015f Aslan Ba\u015fl\u0131 Bileklik, cesur ve anlaml\u0131 m\u00fccevherlere de\u011fer veren erkekler i\u00e7in \u00f6zel olarak tasarlanm\u0131\u015ft\u0131r. Parlat\u0131lm\u0131\u015f dairesel bir halkay\u0131 \u0131s\u0131ran, karma\u015f\u0131k bir \u015fekilde yontulmu\u015f iki aslan ba\u015f\u0131n\u0131 sergileyen bu bilezik g\u00fcc\u00fc, cesareti ve liderli\u011fi sembolize eder.<\/p>\n<p data-start=\"1265\" data-end=\"1553\">Bilezik, aslan motifinin geleneksel g\u00f6rkemini korurken \u015f\u0131k ve modern bir g\u00f6r\u00fcn\u00fcm sunan sa\u011flam bir geometrik baklal\u0131 zincirle tasarlanm\u0131\u015ft\u0131r. \u0130\u00e7i bo\u015f bir par\u00e7a olarak \u00fcretilen bileklik, a\u011f\u0131rl\u0131k olmadan sa\u011flam bir g\u00f6r\u00fcn\u00fcm sunarak stilden \u00f6d\u00fcn vermeden g\u00fcn boyu rahatl\u0131k sa\u011flar.<\/p>\n<p data-start=\"1555\" data-end=\"1829\">\u00d6zel g\u00fcnler, d\u00f6n\u00fcm noktalar\u0131 veya g\u00fcnl\u00fck bir imza par\u00e7as\u0131 olarak m\u00fckemmel olan bu aslan bileklik, s\u00fcslemenin \u00f6tesinde ki\u015fisel g\u00fcc\u00fcn ve zamans\u0131z i\u015f\u00e7ili\u011fin bir yans\u0131mas\u0131d\u0131r. Safl\u0131k damgal\u0131d\u0131r ve PureJewels'in m\u00fckemmellik standartlar\u0131na g\u00f6re titizlikle tamamlanm\u0131\u015ft\u0131r.<\/p>","protected":false},"excerpt":{"rendered":"<p>Erkekler i\u00e7in bu 22 ayar alt\u0131n i\u00e7i bo\u015f aslan ba\u015fl\u0131 bilezikle iddial\u0131 olun. Titizlikle i\u015flenmi\u015f aslan motifleri ve cesur geometrik baklal\u0131 zincire sahip bu bileklik, hafif konforu hakimiyetle harmanl\u0131yor.<\/p>\n<p><strong>Malzeme:<\/strong>\u00a022 Ayar Alt\u0131n<br \/>\n<strong>Hallmark:<\/strong>\u00a0\u0130ngiliz Damgas\u0131<br \/>\n<strong>SKU:<\/strong> 51232<br \/>\n<strong>A\u011f\u0131rl\u0131k:<\/strong> 15,63 Gms<br \/>\n<b>Uzunluk:\u00a0<\/b>8 in\u00e7<\/p>\n<p><strong>Fiyat ve Teslimat:<\/strong>\u00a0KDV ve teslimat \u00fccretleri dahil<br \/>\n<a href=\"https:\/\/www.purejewels.com\/tr\/i%cc%87ade-poli%cc%87ti%cc%87kasi\/\"><strong>\u0130ade Politikas\u0131<\/strong><\/a><\/p>","protected":false},"featured_media":403207,"comment_status":"closed","ping_status":"closed","template":"","meta":{"_eb_attr":"","_crsspst_to_jayantr4sg-hostcom":true},"product_brand":[],"product_cat":[1790,1324,1229,1572,1628],"product_tag":[],"class_list":{"0":"post-345710","1":"product","2":"type-product","3":"status-publish","4":"has-post-thumbnail","6":"product_cat-for-whom-when","7":"product_cat-gold-bracelet","8":"product_cat-22ct-gold-jewellery","9":"product_cat-mens-jewellery","10":"product_cat-mens-bracelet","12":"first","13":"outofstock","14":"taxable","15":"shipping-taxable","16":"product-type-simple","17":"add-to-wishlist-before_image"},"yoast_head":"<!-- This site is optimized with the Yoast SEO plugin v27.5 - https:\/\/yoast.com\/product\/yoast-seo-wordpress\/ -->\n<title>22ct Gold Hollow Lion Bracelet for Men | Link Chain Bracelet<\/title>\n<meta name=\"description\" content=\"Shop the 22ct Gold Hollow Lion Head Bracelet for Men\u2014lightweight yet bold, featuring a commanding lion design with a solid link chain. Symbol of strength and elegance.\" \/>\n<meta name=\"robots\" content=\"index, follow, max-snippet:-1, max-image-preview:large, max-video-preview:-1\" \/>\n<link rel=\"canonical\" href=\"https:\/\/www.purejewels.com\/tr\/urun\/gents-bilezik-22-ayar-sari-altin-8-inc-51232\/\" \/>\n<meta property=\"og:locale\" content=\"tr_TR\" \/>\n<meta property=\"og:type\" content=\"article\" \/>\n<meta property=\"og:title\" content=\"22ct Gold Hollow Lion Bracelet for Men | Link Chain Bracelet\" \/>\n<meta property=\"og:description\" content=\"Shop the 22ct Gold Hollow Lion Head Bracelet for Men\u2014lightweight yet bold, featuring a commanding lion design with a solid link chain. Symbol of strength and elegance.\" \/>\n<meta property=\"og:url\" content=\"https:\/\/www.purejewels.com\/tr\/urun\/gents-bilezik-22-ayar-sari-altin-8-inc-51232\/\" \/>\n<meta property=\"og:site_name\" content=\"PureJewels UK\" \/>\n<meta property=\"article:modified_time\" content=\"2026-01-06T09:55:47+00:00\" \/>\n<meta property=\"og:image\" content=\"https:\/\/static.purejewels.com\/wp-content\/uploads\/2023\/04\/SKu-52132-1.jpg\" \/>\n\t<meta property=\"og:image:width\" content=\"1000\" \/>\n\t<meta property=\"og:image:height\" content=\"1000\" \/>\n\t<meta property=\"og:image:type\" content=\"image\/jpeg\" \/>\n<meta name=\"twitter:card\" content=\"summary_large_image\" \/>\n<meta name=\"twitter:label1\" content=\"Tahmini okuma s\u00fcresi\" \/>\n\t<meta name=\"twitter:data1\" content=\"2 dakika\" \/>\n<script type=\"application\/ld+json\" class=\"yoast-schema-graph\">{\"@context\":\"https:\\\/\\\/schema.org\",\"@graph\":[{\"@type\":[\"WebPage\",\"ItemPage\"],\"@id\":\"https:\\\/\\\/www.purejewels.com\\\/product\\\/gents-bracelet-22ct-yellow-gold-8-inches-51232\\\/\",\"url\":\"https:\\\/\\\/www.purejewels.com\\\/product\\\/gents-bracelet-22ct-yellow-gold-8-inches-51232\\\/\",\"name\":\"22ct Gold Hollow Lion Bracelet for Men | Link Chain Bracelet\",\"isPartOf\":{\"@id\":\"https:\\\/\\\/www.purejewels.com\\\/#website\"},\"primaryImageOfPage\":{\"@id\":\"https:\\\/\\\/www.purejewels.com\\\/product\\\/gents-bracelet-22ct-yellow-gold-8-inches-51232\\\/#primaryimage\"},\"image\":{\"@id\":\"https:\\\/\\\/www.purejewels.com\\\/product\\\/gents-bracelet-22ct-yellow-gold-8-inches-51232\\\/#primaryimage\"},\"thumbnailUrl\":\"https:\\\/\\\/static.purejewels.com\\\/wp-content\\\/uploads\\\/2023\\\/04\\\/SKu-52132-1.jpg\",\"datePublished\":\"2023-04-04T09:35:59+00:00\",\"dateModified\":\"2026-01-06T09:55:47+00:00\",\"description\":\"Shop the 22ct Gold Hollow Lion Head Bracelet for Men\u2014lightweight yet bold, featuring a commanding lion design with a solid link chain. Symbol of strength and elegance.\",\"breadcrumb\":{\"@id\":\"https:\\\/\\\/www.purejewels.com\\\/product\\\/gents-bracelet-22ct-yellow-gold-8-inches-51232\\\/#breadcrumb\"},\"inLanguage\":\"tr\",\"potentialAction\":[{\"@type\":\"ReadAction\",\"target\":[\"https:\\\/\\\/www.purejewels.com\\\/product\\\/gents-bracelet-22ct-yellow-gold-8-inches-51232\\\/\"]}]},{\"@type\":\"ImageObject\",\"inLanguage\":\"tr\",\"@id\":\"https:\\\/\\\/www.purejewels.com\\\/product\\\/gents-bracelet-22ct-yellow-gold-8-inches-51232\\\/#primaryimage\",\"url\":\"https:\\\/\\\/static.purejewels.com\\\/wp-content\\\/uploads\\\/2023\\\/04\\\/SKu-52132-1.jpg\",\"contentUrl\":\"https:\\\/\\\/static.purejewels.com\\\/wp-content\\\/uploads\\\/2023\\\/04\\\/SKu-52132-1.jpg\",\"width\":1000,\"height\":1000,\"caption\":\"Stacked from 43 images. Method=A (R=8,S=4)\"},{\"@type\":\"BreadcrumbList\",\"@id\":\"https:\\\/\\\/www.purejewels.com\\\/product\\\/gents-bracelet-22ct-yellow-gold-8-inches-51232\\\/#breadcrumb\",\"itemListElement\":[{\"@type\":\"ListItem\",\"position\":1,\"name\":\"Home\",\"item\":\"https:\\\/\\\/www.purejewels.com\\\/\"},{\"@type\":\"ListItem\",\"position\":2,\"name\":\"Shop\",\"item\":\"https:\\\/\\\/www.purejewels.com\\\/shop\\\/\"},{\"@type\":\"ListItem\",\"position\":3,\"name\":\"22ct Gold Hollow Lion Bracelet | 8 Inches\"}]},{\"@type\":\"WebSite\",\"@id\":\"https:\\\/\\\/www.purejewels.com\\\/#website\",\"url\":\"https:\\\/\\\/www.purejewels.com\\\/\",\"name\":\"PureJewels UK\",\"description\":\"Share the Love\",\"publisher\":{\"@id\":\"https:\\\/\\\/www.purejewels.com\\\/#organization\"},\"potentialAction\":[{\"@type\":\"SearchAction\",\"target\":{\"@type\":\"EntryPoint\",\"urlTemplate\":\"https:\\\/\\\/www.purejewels.com\\\/?s={search_term_string}\"},\"query-input\":{\"@type\":\"PropertyValueSpecification\",\"valueRequired\":true,\"valueName\":\"search_term_string\"}}],\"inLanguage\":\"tr\"},{\"@type\":\"Organization\",\"@id\":\"https:\\\/\\\/www.purejewels.com\\\/#organization\",\"name\":\"PureJewels UK\",\"url\":\"https:\\\/\\\/www.purejewels.com\\\/\",\"logo\":{\"@type\":\"ImageObject\",\"inLanguage\":\"tr\",\"@id\":\"https:\\\/\\\/www.purejewels.com\\\/#\\\/schema\\\/logo\\\/image\\\/\",\"url\":\"https:\\\/\\\/static.purejewels.com\\\/wp-content\\\/uploads\\\/2020\\\/11\\\/Logo-PJ-New-1.png\",\"contentUrl\":\"https:\\\/\\\/static.purejewels.com\\\/wp-content\\\/uploads\\\/2020\\\/11\\\/Logo-PJ-New-1.png\",\"width\":150,\"height\":80,\"caption\":\"PureJewels UK\"},\"image\":{\"@id\":\"https:\\\/\\\/www.purejewels.com\\\/#\\\/schema\\\/logo\\\/image\\\/\"}}]}<\/script>\n<!-- \/ Yoast SEO plugin. -->","yoast_head_json":{"title":"Erkekler i\u00e7in 22 Ayar Alt\u0131n \u0130\u00e7i Bo\u015f Aslan Bileklik | Link Zincir Bileklik","description":"Erkekler i\u00e7in 22 Ayar Alt\u0131n \u0130\u00e7i Bo\u015f Aslan Ba\u015fl\u0131 Bilezi\u011fi sat\u0131n al\u0131n; hafif ama cesur, sa\u011flam baklal\u0131 zincire sahip hakim bir aslan tasar\u0131m\u0131na sahiptir. G\u00fc\u00e7 ve zarafetin sembol\u00fc.","robots":{"index":"index","follow":"follow","max-snippet":"max-snippet:-1","max-image-preview":"max-image-preview:large","max-video-preview":"max-video-preview:-1"},"canonical":"https:\/\/www.purejewels.com\/tr\/urun\/gents-bilezik-22-ayar-sari-altin-8-inc-51232\/","og_locale":"tr_TR","og_type":"article","og_title":"22ct Gold Hollow Lion Bracelet for Men | Link Chain Bracelet","og_description":"Shop the 22ct Gold Hollow Lion Head Bracelet for Men\u2014lightweight yet bold, featuring a commanding lion design with a solid link chain. Symbol of strength and elegance.","og_url":"https:\/\/www.purejewels.com\/tr\/urun\/gents-bilezik-22-ayar-sari-altin-8-inc-51232\/","og_site_name":"PureJewels UK","article_modified_time":"2026-01-06T09:55:47+00:00","og_image":[{"width":1000,"height":1000,"url":"https:\/\/static.purejewels.com\/wp-content\/uploads\/2023\/04\/SKu-52132-1.jpg","type":"image\/jpeg"}],"twitter_card":"summary_large_image","twitter_misc":{"Tahmini okuma s\u00fcresi":"2 dakika"},"schema":{"@context":"https:\/\/schema.org","@graph":[{"@type":["WebPage","ItemPage"],"@id":"https:\/\/www.purejewels.com\/product\/gents-bracelet-22ct-yellow-gold-8-inches-51232\/","url":"https:\/\/www.purejewels.com\/product\/gents-bracelet-22ct-yellow-gold-8-inches-51232\/","name":"Erkekler i\u00e7in 22 Ayar Alt\u0131n \u0130\u00e7i Bo\u015f Aslan Bileklik | Link Zincir Bileklik","isPartOf":{"@id":"https:\/\/www.purejewels.com\/#website"},"primaryImageOfPage":{"@id":"https:\/\/www.purejewels.com\/product\/gents-bracelet-22ct-yellow-gold-8-inches-51232\/#primaryimage"},"image":{"@id":"https:\/\/www.purejewels.com\/product\/gents-bracelet-22ct-yellow-gold-8-inches-51232\/#primaryimage"},"thumbnailUrl":"https:\/\/static.purejewels.com\/wp-content\/uploads\/2023\/04\/SKu-52132-1.jpg","datePublished":"2023-04-04T09:35:59+00:00","dateModified":"2026-01-06T09:55:47+00:00","description":"Erkekler i\u00e7in 22 Ayar Alt\u0131n \u0130\u00e7i Bo\u015f Aslan Ba\u015fl\u0131 Bilezi\u011fi sat\u0131n al\u0131n; hafif ama cesur, sa\u011flam baklal\u0131 zincire sahip hakim bir aslan tasar\u0131m\u0131na sahiptir. G\u00fc\u00e7 ve zarafetin sembol\u00fc.","breadcrumb":{"@id":"https:\/\/www.purejewels.com\/product\/gents-bracelet-22ct-yellow-gold-8-inches-51232\/#breadcrumb"},"inLanguage":"tr","potentialAction":[{"@type":"ReadAction","target":["https:\/\/www.purejewels.com\/product\/gents-bracelet-22ct-yellow-gold-8-inches-51232\/"]}]},{"@type":"ImageObject","inLanguage":"tr","@id":"https:\/\/www.purejewels.com\/product\/gents-bracelet-22ct-yellow-gold-8-inches-51232\/#primaryimage","url":"https:\/\/static.purejewels.com\/wp-content\/uploads\/2023\/04\/SKu-52132-1.jpg","contentUrl":"https:\/\/static.purejewels.com\/wp-content\/uploads\/2023\/04\/SKu-52132-1.jpg","width":1000,"height":1000,"caption":"Stacked from 43 images. Method=A (R=8,S=4)"},{"@type":"BreadcrumbList","@id":"https:\/\/www.purejewels.com\/product\/gents-bracelet-22ct-yellow-gold-8-inches-51232\/#breadcrumb","itemListElement":[{"@type":"ListItem","position":1,"name":"Home","item":"https:\/\/www.purejewels.com\/"},{"@type":"ListItem","position":2,"name":"Shop","item":"https:\/\/www.purejewels.com\/shop\/"},{"@type":"ListItem","position":3,"name":"22ct Gold Hollow Lion Bracelet | 8 Inches"}]},{"@type":"WebSite","@id":"https:\/\/www.purejewels.com\/#website","url":"https:\/\/www.purejewels.com\/","name":"PureJewels \u0130ngiltere","description":"Sevgiyi Payla\u015f\u0131n","publisher":{"@id":"https:\/\/www.purejewels.com\/#organization"},"potentialAction":[{"@type":"SearchAction","target":{"@type":"EntryPoint","urlTemplate":"https:\/\/www.purejewels.com\/?s={search_term_string}"},"query-input":{"@type":"PropertyValueSpecification","valueRequired":true,"valueName":"search_term_string"}}],"inLanguage":"tr"},{"@type":"Organization","@id":"https:\/\/www.purejewels.com\/#organization","name":"PureJewels \u0130ngiltere","url":"https:\/\/www.purejewels.com\/","logo":{"@type":"ImageObject","inLanguage":"tr","@id":"https:\/\/www.purejewels.com\/#\/schema\/logo\/image\/","url":"https:\/\/static.purejewels.com\/wp-content\/uploads\/2020\/11\/Logo-PJ-New-1.png","contentUrl":"https:\/\/static.purejewels.com\/wp-content\/uploads\/2020\/11\/Logo-PJ-New-1.png","width":150,"height":80,"caption":"PureJewels UK"},"image":{"@id":"https:\/\/www.purejewels.com\/#\/schema\/logo\/image\/"}}]}},"_links":{"self":[{"href":"https:\/\/www.purejewels.com\/tr\/wp-json\/wp\/v2\/product\/345710","targetHints":{"allow":["GET"]}}],"collection":[{"href":"https:\/\/www.purejewels.com\/tr\/wp-json\/wp\/v2\/product"}],"about":[{"href":"https:\/\/www.purejewels.com\/tr\/wp-json\/wp\/v2\/types\/product"}],"replies":[{"embeddable":true,"href":"https:\/\/www.purejewels.com\/tr\/wp-json\/wp\/v2\/comments?post=345710"}],"version-history":[{"count":2,"href":"https:\/\/www.purejewels.com\/tr\/wp-json\/wp\/v2\/product\/345710\/revisions"}],"predecessor-version":[{"id":403077,"href":"https:\/\/www.purejewels.com\/tr\/wp-json\/wp\/v2\/product\/345710\/revisions\/403077"}],"wp:featuredmedia":[{"embeddable":true,"href":"https:\/\/www.purejewels.com\/tr\/wp-json\/wp\/v2\/media\/403207"}],"wp:attachment":[{"href":"https:\/\/www.purejewels.com\/tr\/wp-json\/wp\/v2\/media?parent=345710"}],"wp:term":[{"taxonomy":"product_brand","embeddable":true,"href":"https:\/\/www.purejewels.com\/tr\/wp-json\/wp\/v2\/product_brand?post=345710"},{"taxonomy":"product_cat","embeddable":true,"href":"https:\/\/www.purejewels.com\/tr\/wp-json\/wp\/v2\/product_cat?post=345710"},{"taxonomy":"product_tag","embeddable":true,"href":"https:\/\/www.purejewels.com\/tr\/wp-json\/wp\/v2\/product_tag?post=345710"}],"curies":[{"name":"wp","href":"https:\/\/api.w.org\/{rel}","templated":true}]}}