{"id":345712,"date":"2024-11-19T10:44:20","date_gmt":"2024-11-19T10:44:20","guid":{"rendered":"https:\/\/www.purejewels.com\/?post_type=product&#038;p=345712"},"modified":"2026-01-06T09:55:47","modified_gmt":"2026-01-06T09:55:47","slug":"22-ayar-sari-altin-belcher-bilezik-erkek-8-5-inc-51246","status":"publish","type":"product","link":"https:\/\/www.purejewels.com\/tr\/product\/22ct-yellow-gold-belcher-bracelet-mens-8-5-inches-51246\/","title":{"rendered":"22 Ayar Alt\u0131n Belcher Bileklik Erkek | 8 \u0130n\u00e7"},"content":{"rendered":"<p data-start=\"0\" data-end=\"343\"><strong data-start=\"0\" data-end=\"10\">Tasar\u0131m<\/strong><br data-start=\"10\" data-end=\"13\" \/>Bu <a href=\"https:\/\/www.purejewels.com\/tr\/product\/22ct-gold-jali-filigree-ring-jali-collection-31926\/\">22ct<\/a> Alt\u0131n Y\u00fczl\u00fc Belcher Bilezik, tarz\u0131n\u0131 abart\u0131s\u0131z ama kendinden emin bir \u015fekilde yans\u0131tmay\u0131 tercih eden modern beyefendiler i\u00e7in tasarlanm\u0131\u015ft\u0131r. Klasik yuvarlak belcher ba\u011flant\u0131lar\u0131, her harekette ince \u0131\u015f\u0131k parlamalar\u0131 yaratarak hassas bir \u015fekilde i\u015flenmi\u015ftir. 8 in\u00e7 uzunlu\u011fuyla bile\u011fe d\u00fczg\u00fcn bir \u015fekilde oturur ve bask\u0131n hissettirmeden varl\u0131k sunar.<\/p>\n<p data-start=\"345\" data-end=\"726\"><strong data-start=\"345\" data-end=\"362\">Zanaatkarl\u0131k<\/strong><br data-start=\"362\" data-end=\"365\" \/>22 ayar som alt\u0131ndan \u00fcretilen her bir halka, cilde kar\u015f\u0131 p\u00fcr\u00fczs\u00fcz ve rahat bir kullan\u0131m i\u00e7in \u00f6zenle \u015fekillendirilmi\u015f ve tamamlanm\u0131\u015ft\u0131r. Fasetleme, zincirin g\u00fcc\u00fcn\u00fc korurken \u0131\u015f\u0131\u011f\u0131 yakalayacak \u015fekilde tasarlanm\u0131\u015ft\u0131r ve zarafet ile dayan\u0131kl\u0131l\u0131\u011f\u0131 dengeler. Her bilezik, safl\u0131k sertifikas\u0131 i\u00e7in \u0130ngiltere'de damgalanarak kalitesinin ve yat\u0131r\u0131m de\u011ferinin alt\u0131n\u0131 \u00e7izer.<\/p>\n<p data-start=\"728\" data-end=\"1099\" data-is-last-node=\"\" data-is-only-node=\"\"><strong data-start=\"728\" data-end=\"749\">\u015eekillendirme &amp; Hediyele\u015fme<\/strong><br data-start=\"749\" data-end=\"752\" \/>\u00c7ok y\u00f6nl\u00fc ve g\u00f6steri\u015fli bu bileklik, hafta sonu trikolar\u0131yla oldu\u011fu kadar \u015f\u0131k bir g\u00f6mlek ve blazer ceketle de kolayca e\u015fle\u015fir. Temiz ve kendinden emin bir g\u00f6r\u00fcn\u00fcm i\u00e7in tek ba\u015f\u0131na veya daha fazla derinlik ve doku i\u00e7in bir saatle birlikte tak\u0131n. Do\u011fum g\u00fcnleri, y\u0131l d\u00f6n\u00fcmleri veya ki\u015fisel d\u00f6n\u00fcm noktalar\u0131 i\u00e7in ola\u011fan\u00fcst\u00fc bir hediye olan bu bileklik, her g\u00fcn takabilece\u011fi ve \u00f6m\u00fcr boyu saklayabilece\u011fi bir par\u00e7ad\u0131r.<\/p>","protected":false},"excerpt":{"rendered":"<p>Zamans\u0131z bir klasi\u011fin \u00e7a\u011fda\u015f bir yorumu olan bu 22 Ayar Alt\u0131n Y\u00f6nl\u00fc Baklal\u0131 Bilezik, \u00e7arp\u0131c\u0131 bir geometrik kaplamaya sahip cesur, k\u00f6\u015feli baklalara sahiptir. 8 in\u00e7 uzunlu\u011fundaki bu bilezik, iddial\u0131 i\u015f\u00e7ili\u011fe de\u011fer veren modern beyefendiler i\u00e7in tasarlanm\u0131\u015ft\u0131r.<\/p>\n<p><strong>Malzeme:<\/strong>\u00a022 Ayar Alt\u0131n<br \/>\n<strong>Hallmark:<\/strong>\u00a0\u0130ngiliz Damgas\u0131<br \/>\n<strong>SKU:<\/strong> 51246<br \/>\n<strong>A\u011f\u0131rl\u0131k:<\/strong> 19.27 Gms<br \/>\n<b>Uzunluk:\u00a0<\/b>8 in\u00e7<\/p>\n<p><strong>Fiyat ve Teslimat:<\/strong>\u00a0KDV ve teslimat \u00fccretleri dahil<br \/>\n<a href=\"https:\/\/www.purejewels.com\/tr\/i%cc%87ade-poli%cc%87ti%cc%87kasi\/\"><strong>\u0130ade Politikas\u0131<\/strong><\/a><\/p>","protected":false},"featured_media":403209,"comment_status":"closed","ping_status":"closed","template":"","meta":{"_eb_attr":"","_crsspst_to_jayantr4sg-hostcom":true},"product_brand":[],"product_cat":[6153,1571,1790,1324,1229,1572,1628,5349],"product_tag":[],"class_list":{"0":"post-345712","1":"product","2":"type-product","3":"status-publish","4":"has-post-thumbnail","6":"product_cat-belcher-bracelets","7":"product_cat-fathers-day-gifts","8":"product_cat-for-whom-when","9":"product_cat-gold-bracelet","10":"product_cat-22ct-gold-jewellery","11":"product_cat-mens-jewellery","12":"product_cat-mens-bracelet","13":"product_cat-yellow-gold-jewellery","15":"first","16":"outofstock","17":"taxable","18":"shipping-taxable","19":"product-type-simple","20":"add-to-wishlist-before_image"},"yoast_head":"<!-- This site is optimized with the Yoast SEO plugin v27.5 - https:\/\/yoast.com\/product\/yoast-seo-wordpress\/ -->\n<title>22ct Gold Faceted Link Bracelet for Men | | PureJewels UK<\/title>\n<meta name=\"description\" content=\"Discover the 22ct Gold Faceted Link Bracelet for Men. An 8-inch statement bracelet with bold geometric links, perfect for adding a modern edge to any look.\" \/>\n<meta name=\"robots\" content=\"index, follow, max-snippet:-1, max-image-preview:large, max-video-preview:-1\" \/>\n<link rel=\"canonical\" href=\"https:\/\/www.purejewels.com\/tr\/urun\/22-ayar-sari-altin-belcher-bilezik-erkek-8-5-inc-51246\/\" \/>\n<meta property=\"og:locale\" content=\"tr_TR\" \/>\n<meta property=\"og:type\" content=\"article\" \/>\n<meta property=\"og:title\" content=\"22ct Gold Faceted Link Bracelet for Men | | PureJewels UK\" \/>\n<meta property=\"og:description\" content=\"Discover the 22ct Gold Faceted Link Bracelet for Men. An 8-inch statement bracelet with bold geometric links, perfect for adding a modern edge to any look.\" \/>\n<meta property=\"og:url\" content=\"https:\/\/www.purejewels.com\/tr\/urun\/22-ayar-sari-altin-belcher-bilezik-erkek-8-5-inc-51246\/\" \/>\n<meta property=\"og:site_name\" content=\"PureJewels UK\" \/>\n<meta property=\"article:modified_time\" content=\"2026-01-06T09:55:47+00:00\" \/>\n<meta property=\"og:image\" content=\"https:\/\/static.purejewels.com\/wp-content\/uploads\/2024\/11\/SKU-51246.jpg\" \/>\n\t<meta property=\"og:image:width\" content=\"1000\" \/>\n\t<meta property=\"og:image:height\" content=\"1000\" \/>\n\t<meta property=\"og:image:type\" content=\"image\/jpeg\" \/>\n<meta name=\"twitter:card\" content=\"summary_large_image\" \/>\n<meta name=\"twitter:label1\" content=\"Tahmini okuma s\u00fcresi\" \/>\n\t<meta name=\"twitter:data1\" content=\"1 dakika\" \/>\n<script type=\"application\/ld+json\" class=\"yoast-schema-graph\">{\"@context\":\"https:\\\/\\\/schema.org\",\"@graph\":[{\"@type\":[\"WebPage\",\"ItemPage\"],\"@id\":\"https:\\\/\\\/www.purejewels.com\\\/product\\\/22ct-yellow-gold-belcher-bracelet-mens-8-5-inches-51246\\\/\",\"url\":\"https:\\\/\\\/www.purejewels.com\\\/product\\\/22ct-yellow-gold-belcher-bracelet-mens-8-5-inches-51246\\\/\",\"name\":\"22ct Gold Faceted Link Bracelet for Men | | PureJewels UK\",\"isPartOf\":{\"@id\":\"https:\\\/\\\/www.purejewels.com\\\/#website\"},\"primaryImageOfPage\":{\"@id\":\"https:\\\/\\\/www.purejewels.com\\\/product\\\/22ct-yellow-gold-belcher-bracelet-mens-8-5-inches-51246\\\/#primaryimage\"},\"image\":{\"@id\":\"https:\\\/\\\/www.purejewels.com\\\/product\\\/22ct-yellow-gold-belcher-bracelet-mens-8-5-inches-51246\\\/#primaryimage\"},\"thumbnailUrl\":\"https:\\\/\\\/static.purejewels.com\\\/wp-content\\\/uploads\\\/2024\\\/11\\\/SKU-51246.jpg\",\"datePublished\":\"2024-11-19T10:44:20+00:00\",\"dateModified\":\"2026-01-06T09:55:47+00:00\",\"description\":\"Discover the 22ct Gold Faceted Link Bracelet for Men. An 8-inch statement bracelet with bold geometric links, perfect for adding a modern edge to any look.\",\"breadcrumb\":{\"@id\":\"https:\\\/\\\/www.purejewels.com\\\/product\\\/22ct-yellow-gold-belcher-bracelet-mens-8-5-inches-51246\\\/#breadcrumb\"},\"inLanguage\":\"tr\",\"potentialAction\":[{\"@type\":\"ReadAction\",\"target\":[\"https:\\\/\\\/www.purejewels.com\\\/product\\\/22ct-yellow-gold-belcher-bracelet-mens-8-5-inches-51246\\\/\"]}]},{\"@type\":\"ImageObject\",\"inLanguage\":\"tr\",\"@id\":\"https:\\\/\\\/www.purejewels.com\\\/product\\\/22ct-yellow-gold-belcher-bracelet-mens-8-5-inches-51246\\\/#primaryimage\",\"url\":\"https:\\\/\\\/static.purejewels.com\\\/wp-content\\\/uploads\\\/2024\\\/11\\\/SKU-51246.jpg\",\"contentUrl\":\"https:\\\/\\\/static.purejewels.com\\\/wp-content\\\/uploads\\\/2024\\\/11\\\/SKU-51246.jpg\",\"width\":1000,\"height\":1000,\"caption\":\"22ct Gold Faceted Link Chain Bracelet for Men\"},{\"@type\":\"BreadcrumbList\",\"@id\":\"https:\\\/\\\/www.purejewels.com\\\/product\\\/22ct-yellow-gold-belcher-bracelet-mens-8-5-inches-51246\\\/#breadcrumb\",\"itemListElement\":[{\"@type\":\"ListItem\",\"position\":1,\"name\":\"Home\",\"item\":\"https:\\\/\\\/www.purejewels.com\\\/\"},{\"@type\":\"ListItem\",\"position\":2,\"name\":\"Shop\",\"item\":\"https:\\\/\\\/www.purejewels.com\\\/shop\\\/\"},{\"@type\":\"ListItem\",\"position\":3,\"name\":\"22ct Gold belcher bracelet mens | 8 Inches\"}]},{\"@type\":\"WebSite\",\"@id\":\"https:\\\/\\\/www.purejewels.com\\\/#website\",\"url\":\"https:\\\/\\\/www.purejewels.com\\\/\",\"name\":\"PureJewels UK\",\"description\":\"Share the Love\",\"publisher\":{\"@id\":\"https:\\\/\\\/www.purejewels.com\\\/#organization\"},\"potentialAction\":[{\"@type\":\"SearchAction\",\"target\":{\"@type\":\"EntryPoint\",\"urlTemplate\":\"https:\\\/\\\/www.purejewels.com\\\/?s={search_term_string}\"},\"query-input\":{\"@type\":\"PropertyValueSpecification\",\"valueRequired\":true,\"valueName\":\"search_term_string\"}}],\"inLanguage\":\"tr\"},{\"@type\":\"Organization\",\"@id\":\"https:\\\/\\\/www.purejewels.com\\\/#organization\",\"name\":\"PureJewels UK\",\"url\":\"https:\\\/\\\/www.purejewels.com\\\/\",\"logo\":{\"@type\":\"ImageObject\",\"inLanguage\":\"tr\",\"@id\":\"https:\\\/\\\/www.purejewels.com\\\/#\\\/schema\\\/logo\\\/image\\\/\",\"url\":\"https:\\\/\\\/static.purejewels.com\\\/wp-content\\\/uploads\\\/2020\\\/11\\\/Logo-PJ-New-1.png\",\"contentUrl\":\"https:\\\/\\\/static.purejewels.com\\\/wp-content\\\/uploads\\\/2020\\\/11\\\/Logo-PJ-New-1.png\",\"width\":150,\"height\":80,\"caption\":\"PureJewels UK\"},\"image\":{\"@id\":\"https:\\\/\\\/www.purejewels.com\\\/#\\\/schema\\\/logo\\\/image\\\/\"}}]}<\/script>\n<!-- \/ Yoast SEO plugin. -->","yoast_head_json":{"title":"Erkekler i\u00e7in 22 Ayar Alt\u0131n Y\u00f6nl\u00fc Link Bileklik | | PureJewels UK","description":"Erkekler i\u00e7in 22 Ayar Alt\u0131n Y\u00f6nl\u00fc Link Bilezi\u011fi ke\u015ffedin. Her g\u00f6r\u00fcn\u00fcme modern bir hava katmak i\u00e7in m\u00fckemmel, cesur geometrik ba\u011flant\u0131lara sahip 8 in\u00e7lik bir bileklik.","robots":{"index":"index","follow":"follow","max-snippet":"max-snippet:-1","max-image-preview":"max-image-preview:large","max-video-preview":"max-video-preview:-1"},"canonical":"https:\/\/www.purejewels.com\/tr\/urun\/22-ayar-sari-altin-belcher-bilezik-erkek-8-5-inc-51246\/","og_locale":"tr_TR","og_type":"article","og_title":"22ct Gold Faceted Link Bracelet for Men | | PureJewels UK","og_description":"Discover the 22ct Gold Faceted Link Bracelet for Men. An 8-inch statement bracelet with bold geometric links, perfect for adding a modern edge to any look.","og_url":"https:\/\/www.purejewels.com\/tr\/urun\/22-ayar-sari-altin-belcher-bilezik-erkek-8-5-inc-51246\/","og_site_name":"PureJewels UK","article_modified_time":"2026-01-06T09:55:47+00:00","og_image":[{"width":1000,"height":1000,"url":"https:\/\/static.purejewels.com\/wp-content\/uploads\/2024\/11\/SKU-51246.jpg","type":"image\/jpeg"}],"twitter_card":"summary_large_image","twitter_misc":{"Tahmini okuma s\u00fcresi":"1 dakika"},"schema":{"@context":"https:\/\/schema.org","@graph":[{"@type":["WebPage","ItemPage"],"@id":"https:\/\/www.purejewels.com\/product\/22ct-yellow-gold-belcher-bracelet-mens-8-5-inches-51246\/","url":"https:\/\/www.purejewels.com\/product\/22ct-yellow-gold-belcher-bracelet-mens-8-5-inches-51246\/","name":"Erkekler i\u00e7in 22 Ayar Alt\u0131n Y\u00f6nl\u00fc Link Bileklik | | PureJewels UK","isPartOf":{"@id":"https:\/\/www.purejewels.com\/#website"},"primaryImageOfPage":{"@id":"https:\/\/www.purejewels.com\/product\/22ct-yellow-gold-belcher-bracelet-mens-8-5-inches-51246\/#primaryimage"},"image":{"@id":"https:\/\/www.purejewels.com\/product\/22ct-yellow-gold-belcher-bracelet-mens-8-5-inches-51246\/#primaryimage"},"thumbnailUrl":"https:\/\/static.purejewels.com\/wp-content\/uploads\/2024\/11\/SKU-51246.jpg","datePublished":"2024-11-19T10:44:20+00:00","dateModified":"2026-01-06T09:55:47+00:00","description":"Erkekler i\u00e7in 22 Ayar Alt\u0131n Y\u00f6nl\u00fc Link Bilezi\u011fi ke\u015ffedin. Her g\u00f6r\u00fcn\u00fcme modern bir hava katmak i\u00e7in m\u00fckemmel, cesur geometrik ba\u011flant\u0131lara sahip 8 in\u00e7lik bir bileklik.","breadcrumb":{"@id":"https:\/\/www.purejewels.com\/product\/22ct-yellow-gold-belcher-bracelet-mens-8-5-inches-51246\/#breadcrumb"},"inLanguage":"tr","potentialAction":[{"@type":"ReadAction","target":["https:\/\/www.purejewels.com\/product\/22ct-yellow-gold-belcher-bracelet-mens-8-5-inches-51246\/"]}]},{"@type":"ImageObject","inLanguage":"tr","@id":"https:\/\/www.purejewels.com\/product\/22ct-yellow-gold-belcher-bracelet-mens-8-5-inches-51246\/#primaryimage","url":"https:\/\/static.purejewels.com\/wp-content\/uploads\/2024\/11\/SKU-51246.jpg","contentUrl":"https:\/\/static.purejewels.com\/wp-content\/uploads\/2024\/11\/SKU-51246.jpg","width":1000,"height":1000,"caption":"22ct Gold Faceted Link Chain Bracelet for Men"},{"@type":"BreadcrumbList","@id":"https:\/\/www.purejewels.com\/product\/22ct-yellow-gold-belcher-bracelet-mens-8-5-inches-51246\/#breadcrumb","itemListElement":[{"@type":"ListItem","position":1,"name":"Home","item":"https:\/\/www.purejewels.com\/"},{"@type":"ListItem","position":2,"name":"Shop","item":"https:\/\/www.purejewels.com\/shop\/"},{"@type":"ListItem","position":3,"name":"22ct Gold belcher bracelet mens | 8 Inches"}]},{"@type":"WebSite","@id":"https:\/\/www.purejewels.com\/#website","url":"https:\/\/www.purejewels.com\/","name":"PureJewels \u0130ngiltere","description":"Sevgiyi Payla\u015f\u0131n","publisher":{"@id":"https:\/\/www.purejewels.com\/#organization"},"potentialAction":[{"@type":"SearchAction","target":{"@type":"EntryPoint","urlTemplate":"https:\/\/www.purejewels.com\/?s={search_term_string}"},"query-input":{"@type":"PropertyValueSpecification","valueRequired":true,"valueName":"search_term_string"}}],"inLanguage":"tr"},{"@type":"Organization","@id":"https:\/\/www.purejewels.com\/#organization","name":"PureJewels \u0130ngiltere","url":"https:\/\/www.purejewels.com\/","logo":{"@type":"ImageObject","inLanguage":"tr","@id":"https:\/\/www.purejewels.com\/#\/schema\/logo\/image\/","url":"https:\/\/static.purejewels.com\/wp-content\/uploads\/2020\/11\/Logo-PJ-New-1.png","contentUrl":"https:\/\/static.purejewels.com\/wp-content\/uploads\/2020\/11\/Logo-PJ-New-1.png","width":150,"height":80,"caption":"PureJewels UK"},"image":{"@id":"https:\/\/www.purejewels.com\/#\/schema\/logo\/image\/"}}]}},"_links":{"self":[{"href":"https:\/\/www.purejewels.com\/tr\/wp-json\/wp\/v2\/product\/345712","targetHints":{"allow":["GET"]}}],"collection":[{"href":"https:\/\/www.purejewels.com\/tr\/wp-json\/wp\/v2\/product"}],"about":[{"href":"https:\/\/www.purejewels.com\/tr\/wp-json\/wp\/v2\/types\/product"}],"replies":[{"embeddable":true,"href":"https:\/\/www.purejewels.com\/tr\/wp-json\/wp\/v2\/comments?post=345712"}],"version-history":[{"count":5,"href":"https:\/\/www.purejewels.com\/tr\/wp-json\/wp\/v2\/product\/345712\/revisions"}],"predecessor-version":[{"id":420827,"href":"https:\/\/www.purejewels.com\/tr\/wp-json\/wp\/v2\/product\/345712\/revisions\/420827"}],"wp:featuredmedia":[{"embeddable":true,"href":"https:\/\/www.purejewels.com\/tr\/wp-json\/wp\/v2\/media\/403209"}],"wp:attachment":[{"href":"https:\/\/www.purejewels.com\/tr\/wp-json\/wp\/v2\/media?parent=345712"}],"wp:term":[{"taxonomy":"product_brand","embeddable":true,"href":"https:\/\/www.purejewels.com\/tr\/wp-json\/wp\/v2\/product_brand?post=345712"},{"taxonomy":"product_cat","embeddable":true,"href":"https:\/\/www.purejewels.com\/tr\/wp-json\/wp\/v2\/product_cat?post=345712"},{"taxonomy":"product_tag","embeddable":true,"href":"https:\/\/www.purejewels.com\/tr\/wp-json\/wp\/v2\/product_tag?post=345712"}],"curies":[{"name":"wp","href":"https:\/\/api.w.org\/{rel}","templated":true}]}}