{"id":345714,"date":"2024-11-19T10:51:10","date_gmt":"2024-11-19T10:51:10","guid":{"rendered":"https:\/\/www.purejewels.com\/?post_type=product&#038;p=345714"},"modified":"2026-01-06T09:55:47","modified_gmt":"2026-01-06T09:55:47","slug":"baylar-icin-22-ayar-sari-altin-bilezik-75-inc-45071","status":"publish","type":"product","link":"https:\/\/www.purejewels.com\/tr\/product\/22ct-yellow-gold-bracelet-for-gents-7-5-inches-45071\/","title":{"rendered":"Erkekler i\u00e7in 22 Ayar Sar\u0131 Alt\u0131n Bileklik | 8 \u0130n\u00e7"},"content":{"rendered":"<p>Hayat\u0131n\u0131zdaki \u00f6zel erkek i\u00e7in \u015f\u0131k ve l\u00fcks bir aksesuar m\u0131 ar\u0131yorsunuz? Bizimkilerden ba\u015fkas\u0131na bakmay\u0131n <a href=\"https:\/\/www.purejewels.com\/tr\/product\/22ct-gold-jali-filigree-ring-jali-collection-31926\/\">22ct<\/a> Beyler i\u00e7in Sar\u0131 Alt\u0131n Bilezik. Y\u00fcksek kaliteli 22 ayar alt\u0131ndan \u00fcretilen bu bilezik, zarafet ve sofistike bir g\u00f6r\u00fcn\u00fcm sergiler.<\/p>\n<p>Bu \u00e7arp\u0131c\u0131 bileklik 37,3 gram a\u011f\u0131rl\u0131\u011f\u0131nda ve 8 in\u00e7 uzunlu\u011fundad\u0131r, bu da onu bir erke\u011fin bile\u011fi i\u00e7in m\u00fckemmel bir boyut haline getirir. 8,8 mm'lik geni\u015fli\u011fi ile her k\u0131yafete l\u00fcks bir dokunu\u015f kataca\u011f\u0131 kesindir.<\/p>\n<p>Her bir bileklik bir sunum kutusunda g\u00fczelce paketlenmi\u015f olarak gelir, bu da onu sevdikleriniz i\u00e7in ideal bir hediye veya kendiniz i\u00e7in bir ikram haline getirir. Ayr\u0131ca, fiyata dahil olan teslimat ve KDV ile g\u00fcvenle ve kolayl\u0131kla al\u0131\u015fveri\u015f yapabilirsiniz.<\/p>\n<p>PureJewels UK'de \u00fccretsiz takipli teslimat, g\u00fcvenli online \u00f6deme ve 30 g\u00fcnl\u00fck para iade garantisi sunuyoruz, b\u00f6ylece g\u00f6n\u00fcl rahatl\u0131\u011f\u0131yla al\u0131\u015fveri\u015f yapabilirsiniz. Bu enfes 22 Ayar Sar\u0131 Alt\u0131n Erkek Bilezi\u011fini ka\u00e7\u0131rmay\u0131n - sipari\u015finizi bug\u00fcn verin!<\/p>","protected":false},"excerpt":{"rendered":"<div class=\"woocommerce-product-details__short-description\">\n<table class=\"sh_desc\">\n<tbody>\n<tr>\n<td>Bilezik T\u00fcr\u00fc<\/td>\n<td>Erkek Bileklik<\/td>\n<\/tr>\n<tr>\n<td>SKU<\/td>\n<td>50242<\/td>\n<\/tr>\n<tr>\n<td>A\u011f\u0131rl\u0131k<\/td>\n<td>37,3 Gms<\/td>\n<\/tr>\n<tr>\n<td>Metal<\/td>\n<td>22 Ayar Alt\u0131n<\/td>\n<\/tr>\n<tr>\n<td>Uzunluk<\/td>\n<td>8 \u0130n\u00e7<\/td>\n<\/tr>\n<tr>\n<td>Geni\u015flik<\/td>\n<td>8,8 mm<\/td>\n<\/tr>\n<tr>\n<td>\u00dccretler<\/td>\n<td>Teslimat ve KDV Dahil<\/td>\n<\/tr>\n<tr>\n<td>Paketleme<\/td>\n<td>Sunum Kutusu ile Birlikte Gelir<\/td>\n<\/tr>\n<tr>\n<td>Daha Fazla Bilgi<\/td>\n<td>M\u00fcsaitlik durumu ve daha fazla resim i\u00e7in bizimle canl\u0131 sohbet edin<\/td>\n<\/tr>\n<\/tbody>\n<\/table>\n<\/div>","protected":false},"featured_media":341274,"comment_status":"closed","ping_status":"closed","template":"","meta":{"_eb_attr":"","_crsspst_to_jayantr4sg-hostcom":true},"product_brand":[],"product_cat":[1571,1790,1324,1229,1572,1628],"product_tag":[5910],"class_list":{"0":"post-345714","1":"product","2":"type-product","3":"status-publish","4":"has-post-thumbnail","6":"product_cat-fathers-day-gifts","7":"product_cat-for-whom-when","8":"product_cat-gold-bracelet","9":"product_cat-22ct-gold-jewellery","10":"product_cat-mens-jewellery","11":"product_cat-mens-bracelet","12":"product_tag-real-gold-bracelet","14":"first","15":"outofstock","16":"taxable","17":"shipping-taxable","18":"product-type-simple","19":"add-to-wishlist-before_image"},"yoast_head":"<!-- This site is optimized with the Yoast SEO plugin v27.5 - https:\/\/yoast.com\/product\/yoast-seo-wordpress\/ -->\n<title>Shop 22ct Yellow Gold Bracelet for Gents Online at PureJewels UK<\/title>\n<meta name=\"description\" content=\"Shop 22ct yellow gold bracelet for gents. Crafted with precision, our luxurious designs embody sophistication and timeless style. Perfect for any occasion.\" \/>\n<meta name=\"robots\" content=\"index, follow, max-snippet:-1, max-image-preview:large, max-video-preview:-1\" \/>\n<link rel=\"canonical\" href=\"https:\/\/www.purejewels.com\/tr\/urun\/baylar-icin-22-ayar-sari-altin-bilezik-75-inc-45071\/\" \/>\n<meta property=\"og:locale\" content=\"tr_TR\" \/>\n<meta property=\"og:type\" content=\"article\" \/>\n<meta property=\"og:title\" content=\"Shop 22ct Yellow Gold Bracelet for Gents Online at PureJewels UK\" \/>\n<meta property=\"og:description\" content=\"Shop 22ct yellow gold bracelet for gents. Crafted with precision, our luxurious designs embody sophistication and timeless style. Perfect for any occasion.\" \/>\n<meta property=\"og:url\" content=\"https:\/\/www.purejewels.com\/tr\/urun\/baylar-icin-22-ayar-sari-altin-bilezik-75-inc-45071\/\" \/>\n<meta property=\"og:site_name\" content=\"PureJewels UK\" \/>\n<meta property=\"article:modified_time\" content=\"2026-01-06T09:55:47+00:00\" \/>\n<meta property=\"og:image\" content=\"https:\/\/www.purejewels.com\/wp-content\/uploads\/2022\/05\/42628-1.jpg\" \/>\n\t<meta property=\"og:image:width\" content=\"1000\" \/>\n\t<meta property=\"og:image:height\" content=\"1000\" \/>\n\t<meta property=\"og:image:type\" content=\"image\/jpeg\" \/>\n<meta name=\"twitter:card\" content=\"summary_large_image\" \/>\n<meta name=\"twitter:label1\" content=\"Tahmini okuma s\u00fcresi\" \/>\n\t<meta name=\"twitter:data1\" content=\"1 dakika\" \/>\n<script type=\"application\/ld+json\" class=\"yoast-schema-graph\">{\"@context\":\"https:\\\/\\\/schema.org\",\"@graph\":[{\"@type\":[\"WebPage\",\"ItemPage\"],\"@id\":\"https:\\\/\\\/www.purejewels.com\\\/product\\\/22ct-yellow-gold-bracelet-for-gents-7-5-inches-45071\\\/\",\"url\":\"https:\\\/\\\/www.purejewels.com\\\/product\\\/22ct-yellow-gold-bracelet-for-gents-7-5-inches-45071\\\/\",\"name\":\"Shop 22ct Yellow Gold Bracelet for Gents Online at PureJewels UK\",\"isPartOf\":{\"@id\":\"https:\\\/\\\/www.purejewels.com\\\/#website\"},\"primaryImageOfPage\":{\"@id\":\"https:\\\/\\\/www.purejewels.com\\\/product\\\/22ct-yellow-gold-bracelet-for-gents-7-5-inches-45071\\\/#primaryimage\"},\"image\":{\"@id\":\"https:\\\/\\\/www.purejewels.com\\\/product\\\/22ct-yellow-gold-bracelet-for-gents-7-5-inches-45071\\\/#primaryimage\"},\"thumbnailUrl\":\"https:\\\/\\\/static.purejewels.com\\\/wp-content\\\/uploads\\\/2022\\\/05\\\/42628-1.jpg\",\"datePublished\":\"2024-11-19T10:51:10+00:00\",\"dateModified\":\"2026-01-06T09:55:47+00:00\",\"description\":\"Shop 22ct yellow gold bracelet for gents. Crafted with precision, our luxurious designs embody sophistication and timeless style. Perfect for any occasion.\",\"breadcrumb\":{\"@id\":\"https:\\\/\\\/www.purejewels.com\\\/product\\\/22ct-yellow-gold-bracelet-for-gents-7-5-inches-45071\\\/#breadcrumb\"},\"inLanguage\":\"tr\",\"potentialAction\":[{\"@type\":\"ReadAction\",\"target\":[\"https:\\\/\\\/www.purejewels.com\\\/product\\\/22ct-yellow-gold-bracelet-for-gents-7-5-inches-45071\\\/\"]}]},{\"@type\":\"ImageObject\",\"inLanguage\":\"tr\",\"@id\":\"https:\\\/\\\/www.purejewels.com\\\/product\\\/22ct-yellow-gold-bracelet-for-gents-7-5-inches-45071\\\/#primaryimage\",\"url\":\"https:\\\/\\\/static.purejewels.com\\\/wp-content\\\/uploads\\\/2022\\\/05\\\/42628-1.jpg\",\"contentUrl\":\"https:\\\/\\\/static.purejewels.com\\\/wp-content\\\/uploads\\\/2022\\\/05\\\/42628-1.jpg\",\"width\":1000,\"height\":1000,\"caption\":\"Men's Bracelet in 22ct Gold\"},{\"@type\":\"BreadcrumbList\",\"@id\":\"https:\\\/\\\/www.purejewels.com\\\/product\\\/22ct-yellow-gold-bracelet-for-gents-7-5-inches-45071\\\/#breadcrumb\",\"itemListElement\":[{\"@type\":\"ListItem\",\"position\":1,\"name\":\"Home\",\"item\":\"https:\\\/\\\/www.purejewels.com\\\/\"},{\"@type\":\"ListItem\",\"position\":2,\"name\":\"Shop\",\"item\":\"https:\\\/\\\/www.purejewels.com\\\/shop\\\/\"},{\"@type\":\"ListItem\",\"position\":3,\"name\":\"22ct Yellow Gold Bracelet for Gents | 8 Inches\"}]},{\"@type\":\"WebSite\",\"@id\":\"https:\\\/\\\/www.purejewels.com\\\/#website\",\"url\":\"https:\\\/\\\/www.purejewels.com\\\/\",\"name\":\"PureJewels UK\",\"description\":\"Share the Love\",\"publisher\":{\"@id\":\"https:\\\/\\\/www.purejewels.com\\\/#organization\"},\"potentialAction\":[{\"@type\":\"SearchAction\",\"target\":{\"@type\":\"EntryPoint\",\"urlTemplate\":\"https:\\\/\\\/www.purejewels.com\\\/?s={search_term_string}\"},\"query-input\":{\"@type\":\"PropertyValueSpecification\",\"valueRequired\":true,\"valueName\":\"search_term_string\"}}],\"inLanguage\":\"tr\"},{\"@type\":\"Organization\",\"@id\":\"https:\\\/\\\/www.purejewels.com\\\/#organization\",\"name\":\"PureJewels UK\",\"url\":\"https:\\\/\\\/www.purejewels.com\\\/\",\"logo\":{\"@type\":\"ImageObject\",\"inLanguage\":\"tr\",\"@id\":\"https:\\\/\\\/www.purejewels.com\\\/#\\\/schema\\\/logo\\\/image\\\/\",\"url\":\"https:\\\/\\\/static.purejewels.com\\\/wp-content\\\/uploads\\\/2020\\\/11\\\/Logo-PJ-New-1.png\",\"contentUrl\":\"https:\\\/\\\/static.purejewels.com\\\/wp-content\\\/uploads\\\/2020\\\/11\\\/Logo-PJ-New-1.png\",\"width\":150,\"height\":80,\"caption\":\"PureJewels UK\"},\"image\":{\"@id\":\"https:\\\/\\\/www.purejewels.com\\\/#\\\/schema\\\/logo\\\/image\\\/\"}}]}<\/script>\n<!-- \/ Yoast SEO plugin. -->","yoast_head_json":{"title":"PureJewels UK'de 22 Ayar Sar\u0131 Alt\u0131n Erkek Bilezi\u011fi Online Sat\u0131n Al\u0131n","description":"Baylar i\u00e7in 22 ayar sar\u0131 alt\u0131n bilezik sat\u0131n al\u0131n. Hassasiyetle haz\u0131rlanm\u0131\u015f l\u00fcks tasar\u0131mlar\u0131m\u0131z, sofistike ve zamans\u0131z bir stili temsil eder. Her durum i\u00e7in m\u00fckemmel.","robots":{"index":"index","follow":"follow","max-snippet":"max-snippet:-1","max-image-preview":"max-image-preview:large","max-video-preview":"max-video-preview:-1"},"canonical":"https:\/\/www.purejewels.com\/tr\/urun\/baylar-icin-22-ayar-sari-altin-bilezik-75-inc-45071\/","og_locale":"tr_TR","og_type":"article","og_title":"Shop 22ct Yellow Gold Bracelet for Gents Online at PureJewels UK","og_description":"Shop 22ct yellow gold bracelet for gents. Crafted with precision, our luxurious designs embody sophistication and timeless style. Perfect for any occasion.","og_url":"https:\/\/www.purejewels.com\/tr\/urun\/baylar-icin-22-ayar-sari-altin-bilezik-75-inc-45071\/","og_site_name":"PureJewels UK","article_modified_time":"2026-01-06T09:55:47+00:00","og_image":[{"width":1000,"height":1000,"url":"https:\/\/www.purejewels.com\/wp-content\/uploads\/2022\/05\/42628-1.jpg","type":"image\/jpeg"}],"twitter_card":"summary_large_image","twitter_misc":{"Tahmini okuma s\u00fcresi":"1 dakika"},"schema":{"@context":"https:\/\/schema.org","@graph":[{"@type":["WebPage","ItemPage"],"@id":"https:\/\/www.purejewels.com\/product\/22ct-yellow-gold-bracelet-for-gents-7-5-inches-45071\/","url":"https:\/\/www.purejewels.com\/product\/22ct-yellow-gold-bracelet-for-gents-7-5-inches-45071\/","name":"PureJewels UK'de 22 Ayar Sar\u0131 Alt\u0131n Erkek Bilezi\u011fi Online Sat\u0131n Al\u0131n","isPartOf":{"@id":"https:\/\/www.purejewels.com\/#website"},"primaryImageOfPage":{"@id":"https:\/\/www.purejewels.com\/product\/22ct-yellow-gold-bracelet-for-gents-7-5-inches-45071\/#primaryimage"},"image":{"@id":"https:\/\/www.purejewels.com\/product\/22ct-yellow-gold-bracelet-for-gents-7-5-inches-45071\/#primaryimage"},"thumbnailUrl":"https:\/\/static.purejewels.com\/wp-content\/uploads\/2022\/05\/42628-1.jpg","datePublished":"2024-11-19T10:51:10+00:00","dateModified":"2026-01-06T09:55:47+00:00","description":"Baylar i\u00e7in 22 ayar sar\u0131 alt\u0131n bilezik sat\u0131n al\u0131n. Hassasiyetle haz\u0131rlanm\u0131\u015f l\u00fcks tasar\u0131mlar\u0131m\u0131z, sofistike ve zamans\u0131z bir stili temsil eder. Her durum i\u00e7in m\u00fckemmel.","breadcrumb":{"@id":"https:\/\/www.purejewels.com\/product\/22ct-yellow-gold-bracelet-for-gents-7-5-inches-45071\/#breadcrumb"},"inLanguage":"tr","potentialAction":[{"@type":"ReadAction","target":["https:\/\/www.purejewels.com\/product\/22ct-yellow-gold-bracelet-for-gents-7-5-inches-45071\/"]}]},{"@type":"ImageObject","inLanguage":"tr","@id":"https:\/\/www.purejewels.com\/product\/22ct-yellow-gold-bracelet-for-gents-7-5-inches-45071\/#primaryimage","url":"https:\/\/static.purejewels.com\/wp-content\/uploads\/2022\/05\/42628-1.jpg","contentUrl":"https:\/\/static.purejewels.com\/wp-content\/uploads\/2022\/05\/42628-1.jpg","width":1000,"height":1000,"caption":"Men's Bracelet in 22ct Gold"},{"@type":"BreadcrumbList","@id":"https:\/\/www.purejewels.com\/product\/22ct-yellow-gold-bracelet-for-gents-7-5-inches-45071\/#breadcrumb","itemListElement":[{"@type":"ListItem","position":1,"name":"Home","item":"https:\/\/www.purejewels.com\/"},{"@type":"ListItem","position":2,"name":"Shop","item":"https:\/\/www.purejewels.com\/shop\/"},{"@type":"ListItem","position":3,"name":"22ct Yellow Gold Bracelet for Gents | 8 Inches"}]},{"@type":"WebSite","@id":"https:\/\/www.purejewels.com\/#website","url":"https:\/\/www.purejewels.com\/","name":"PureJewels \u0130ngiltere","description":"Sevgiyi Payla\u015f\u0131n","publisher":{"@id":"https:\/\/www.purejewels.com\/#organization"},"potentialAction":[{"@type":"SearchAction","target":{"@type":"EntryPoint","urlTemplate":"https:\/\/www.purejewels.com\/?s={search_term_string}"},"query-input":{"@type":"PropertyValueSpecification","valueRequired":true,"valueName":"search_term_string"}}],"inLanguage":"tr"},{"@type":"Organization","@id":"https:\/\/www.purejewels.com\/#organization","name":"PureJewels \u0130ngiltere","url":"https:\/\/www.purejewels.com\/","logo":{"@type":"ImageObject","inLanguage":"tr","@id":"https:\/\/www.purejewels.com\/#\/schema\/logo\/image\/","url":"https:\/\/static.purejewels.com\/wp-content\/uploads\/2020\/11\/Logo-PJ-New-1.png","contentUrl":"https:\/\/static.purejewels.com\/wp-content\/uploads\/2020\/11\/Logo-PJ-New-1.png","width":150,"height":80,"caption":"PureJewels UK"},"image":{"@id":"https:\/\/www.purejewels.com\/#\/schema\/logo\/image\/"}}]}},"_links":{"self":[{"href":"https:\/\/www.purejewels.com\/tr\/wp-json\/wp\/v2\/product\/345714","targetHints":{"allow":["GET"]}}],"collection":[{"href":"https:\/\/www.purejewels.com\/tr\/wp-json\/wp\/v2\/product"}],"about":[{"href":"https:\/\/www.purejewels.com\/tr\/wp-json\/wp\/v2\/types\/product"}],"replies":[{"embeddable":true,"href":"https:\/\/www.purejewels.com\/tr\/wp-json\/wp\/v2\/comments?post=345714"}],"version-history":[{"count":4,"href":"https:\/\/www.purejewels.com\/tr\/wp-json\/wp\/v2\/product\/345714\/revisions"}],"predecessor-version":[{"id":420186,"href":"https:\/\/www.purejewels.com\/tr\/wp-json\/wp\/v2\/product\/345714\/revisions\/420186"}],"wp:featuredmedia":[{"embeddable":true,"href":"https:\/\/www.purejewels.com\/tr\/wp-json\/wp\/v2\/media\/341274"}],"wp:attachment":[{"href":"https:\/\/www.purejewels.com\/tr\/wp-json\/wp\/v2\/media?parent=345714"}],"wp:term":[{"taxonomy":"product_brand","embeddable":true,"href":"https:\/\/www.purejewels.com\/tr\/wp-json\/wp\/v2\/product_brand?post=345714"},{"taxonomy":"product_cat","embeddable":true,"href":"https:\/\/www.purejewels.com\/tr\/wp-json\/wp\/v2\/product_cat?post=345714"},{"taxonomy":"product_tag","embeddable":true,"href":"https:\/\/www.purejewels.com\/tr\/wp-json\/wp\/v2\/product_tag?post=345714"}],"curies":[{"name":"wp","href":"https:\/\/api.w.org\/{rel}","templated":true}]}}