{"id":345727,"date":"2023-04-04T12:38:27","date_gmt":"2023-04-04T11:38:27","guid":{"rendered":"https:\/\/www.purejewels.com\/?post_type=product&#038;p=345727"},"modified":"2026-01-07T10:51:07","modified_gmt":"2026-01-07T10:51:07","slug":"sari-altin-fantezi-mangalsutra-18-inc-44450","status":"publish","type":"product","link":"https:\/\/www.purejewels.com\/tr\/product\/yellow-gold-fancy-mangalsutra-18-inches-44450\/","title":{"rendered":"Sar\u0131 Alt\u0131n Fantezi Mangalsutra | 18 \u0130n\u00e7"},"content":{"rendered":"<p><strong>Tasar\u0131m<\/strong><\/p>\n<p>Bu <a href=\"https:\/\/www.purejewels.com\/tr\/product\/22ct-gold-jali-filigree-ring-jali-collection-31926\/\">22ct<\/a> Sar\u0131 alt\u0131n s\u00fcsl\u00fc mangalsutra, ince alt\u0131n zincir \u00fczerinde cilal\u0131 siyah boncuklarla s\u00fcslenmi\u015f zarif 18 in\u00e7lik bir profile sahiptir. Kolye ucu, karma\u015f\u0131k detaylara sahip \u00e7ift damla tasar\u0131m\u0131yla par\u00e7aya zenginlik ve hareket katmaktad\u0131r. Damla \u015feklindeki alt charm ve dokulu \u00fcst eleman, gelenek ile \u00e7a\u011fda\u015f zarafeti harmanlayan zarif bir odak noktas\u0131 olu\u015fturmaktad\u0131r.<\/p>\n<p><strong>Zanaatkarl\u0131k<\/strong><\/p>\n<p>Y\u00fcksek safl\u0131kta 22 ayar alt\u0131ndan el i\u015f\u00e7ili\u011fi ile \u00fcretilen her bir boncuk, halka ve kolye ucu, p\u00fcr\u00fczs\u00fcz ve ak\u0131c\u0131 bir y\u00fczey elde etmek i\u00e7in \u00f6zenle \u015fekillendirilmi\u015ftir. Alt\u0131n i\u015f\u00e7ili\u011fi, g\u00f6rsel derinli\u011fi art\u0131ran cilal\u0131 y\u00fczeyler ve ince dokularla dikkat \u00e7eker. Her mangalsutra, safl\u0131\u011f\u0131n\u0131 onaylayan ve PureJewels'in ince i\u015f\u00e7ili\u011fe olan ba\u011fl\u0131l\u0131\u011f\u0131n\u0131 yans\u0131tan bir damga ile Birle\u015fik Krall\u0131k'ta damgalanm\u0131\u015ft\u0131r.<\/p>\n<p><strong>\u015eekillendirme &amp; Hediyele\u015fme<\/strong><\/p>\n<p>Hafif ancak etkileyici olan bu mangalsutra, g\u00fcnl\u00fck kullan\u0131m i\u00e7in m\u00fckemmeldir ve hem Hint hem de Bat\u0131 k\u0131yafetleriyle g\u00fczel bir uyum sa\u011flar. Yeni evliler, y\u0131ld\u00f6n\u00fcmleri veya de\u011ferli bir ki\u015fisel s\u00fcs e\u015fyas\u0131 olarak anlaml\u0131 bir se\u00e7imdir. Zarif detaylar\u0131, tek ba\u015f\u0131na veya di\u011fer alt\u0131n tak\u0131larla birlikte modern bir g\u00f6r\u00fcn\u00fcm elde etmek i\u00e7in kolayca kombinlenebilir.<\/p>","protected":false},"excerpt":{"rendered":"<p>\u00c7ift damla kolye ucu ve geleneksel siyah boncuklarla s\u00fcslenmi\u015f, zarif bir g\u00fcnl\u00fck kullan\u0131m i\u00e7in tasarlanm\u0131\u015f, g\u00fczel i\u015f\u00e7ili\u011fe sahip 22 ayar alt\u0131n s\u00fcsl\u00fc mangalsutra. \u0130ngiltere'de damgal\u0131.<\/p>\n<table>\n<tbody>\n<tr>\n<td>Mangalsutra Tipi<\/td>\n<td>G\u00fcnl\u00fck kullan\u0131m Mangalsutra<\/td>\n<\/tr>\n<tr>\n<td>A\u011f\u0131rl\u0131k<\/td>\n<td>6.1 Gms<\/td>\n<\/tr>\n<tr>\n<td>Uzunluk<\/td>\n<td>18 \u0130n\u00e7<\/td>\n<\/tr>\n<tr>\n<td>SKU<\/td>\n<td>44450<\/td>\n<\/tr>\n<tr>\n<td>Metal<\/td>\n<td>22 Ayar Alt\u0131n<\/td>\n<\/tr>\n<tr>\n<td>Hallmark<\/td>\n<td>Londra Tahlil Ofisi Taraf\u0131ndan Damgalanm\u0131\u015f 22 Ayar Alt\u0131n<\/td>\n<\/tr>\n<tr>\n<td>\u00dccretler<\/td>\n<td>Teslimat ve KDV Dahil<\/td>\n<\/tr>\n<tr>\n<td>Paketleme<\/td>\n<td>Sunum Kutusu ile Birlikte Gelir<\/td>\n<\/tr>\n<tr>\n<td>Daha Fazla Bilgi<\/td>\n<td>M\u00fcsaitlik durumu ve daha fazla resim i\u00e7in bizimle canl\u0131 sohbet edin<\/td>\n<\/tr>\n<\/tbody>\n<\/table>","protected":false},"featured_media":345752,"comment_status":"closed","ping_status":"closed","template":"","meta":{"_eb_attr":"","_crsspst_to_jayantr4sg-hostcom":true},"product_brand":[],"product_cat":[1791,1559,1775,1284,1573,1574],"product_tag":[],"class_list":{"0":"post-345727","1":"product","2":"type-product","3":"status-publish","4":"has-post-thumbnail","6":"product_cat-anniversary-gifts","7":"product_cat-birthday-gifts","8":"product_cat-daily-wear-mangalsutras","9":"product_cat-gold-mangalsutras","10":"product_cat-wedding-gifts","11":"product_cat-womens-jewellery","13":"first","14":"outofstock","15":"taxable","16":"shipping-taxable","17":"product-type-simple","18":"add-to-wishlist-before_image"},"yoast_head":"<!-- This site is optimized with the Yoast SEO plugin v27.5 - https:\/\/yoast.com\/product\/yoast-seo-wordpress\/ -->\n<title>22ct Yellow Gold Mangalsutra in 18 Inches online UK<\/title>\n<meta name=\"description\" content=\"Explore 22ct Gold Mangalsutra jewellery, perfect for daily wear and adorned by Indian women. Free delivery at UK. Buy online!\" \/>\n<meta name=\"robots\" content=\"index, follow, max-snippet:-1, max-image-preview:large, max-video-preview:-1\" \/>\n<link rel=\"canonical\" href=\"https:\/\/www.purejewels.com\/tr\/urun\/sari-altin-fantezi-mangalsutra-18-inc-44450\/\" \/>\n<meta property=\"og:locale\" content=\"tr_TR\" \/>\n<meta property=\"og:type\" content=\"article\" \/>\n<meta property=\"og:title\" content=\"22ct Yellow Gold Mangalsutra in 18 Inches online UK\" \/>\n<meta property=\"og:description\" content=\"Explore 22ct Gold Mangalsutra jewellery, perfect for daily wear and adorned by Indian women. Free delivery at UK. Buy online!\" \/>\n<meta property=\"og:url\" content=\"https:\/\/www.purejewels.com\/tr\/urun\/sari-altin-fantezi-mangalsutra-18-inc-44450\/\" \/>\n<meta property=\"og:site_name\" content=\"PureJewels UK\" \/>\n<meta property=\"article:modified_time\" content=\"2026-01-07T10:51:07+00:00\" \/>\n<meta property=\"og:image\" content=\"https:\/\/static.purejewels.com\/wp-content\/uploads\/2023\/04\/44450-1.jpg\" \/>\n\t<meta property=\"og:image:width\" content=\"1\" \/>\n\t<meta property=\"og:image:height\" content=\"1\" \/>\n\t<meta property=\"og:image:type\" content=\"image\/jpeg\" \/>\n<meta name=\"twitter:card\" content=\"summary_large_image\" \/>\n<meta name=\"twitter:label1\" content=\"Tahmini okuma s\u00fcresi\" \/>\n\t<meta name=\"twitter:data1\" content=\"1 dakika\" \/>\n<script type=\"application\/ld+json\" class=\"yoast-schema-graph\">{\"@context\":\"https:\\\/\\\/schema.org\",\"@graph\":[{\"@type\":[\"WebPage\",\"ItemPage\"],\"@id\":\"https:\\\/\\\/www.purejewels.com\\\/product\\\/yellow-gold-fancy-mangalsutra-18-inches-44450\\\/\",\"url\":\"https:\\\/\\\/www.purejewels.com\\\/product\\\/yellow-gold-fancy-mangalsutra-18-inches-44450\\\/\",\"name\":\"22ct Yellow Gold Mangalsutra in 18 Inches online UK\",\"isPartOf\":{\"@id\":\"https:\\\/\\\/www.purejewels.com\\\/#website\"},\"primaryImageOfPage\":{\"@id\":\"https:\\\/\\\/www.purejewels.com\\\/product\\\/yellow-gold-fancy-mangalsutra-18-inches-44450\\\/#primaryimage\"},\"image\":{\"@id\":\"https:\\\/\\\/www.purejewels.com\\\/product\\\/yellow-gold-fancy-mangalsutra-18-inches-44450\\\/#primaryimage\"},\"thumbnailUrl\":\"https:\\\/\\\/static.purejewels.com\\\/wp-content\\\/uploads\\\/2023\\\/04\\\/44450-1.jpg\",\"datePublished\":\"2023-04-04T11:38:27+00:00\",\"dateModified\":\"2026-01-07T10:51:07+00:00\",\"description\":\"Explore 22ct Gold Mangalsutra jewellery, perfect for daily wear and adorned by Indian women. Free delivery at UK. Buy online!\",\"breadcrumb\":{\"@id\":\"https:\\\/\\\/www.purejewels.com\\\/product\\\/yellow-gold-fancy-mangalsutra-18-inches-44450\\\/#breadcrumb\"},\"inLanguage\":\"tr\",\"potentialAction\":[{\"@type\":\"ReadAction\",\"target\":[\"https:\\\/\\\/www.purejewels.com\\\/product\\\/yellow-gold-fancy-mangalsutra-18-inches-44450\\\/\"]}]},{\"@type\":\"ImageObject\",\"inLanguage\":\"tr\",\"@id\":\"https:\\\/\\\/www.purejewels.com\\\/product\\\/yellow-gold-fancy-mangalsutra-18-inches-44450\\\/#primaryimage\",\"url\":\"https:\\\/\\\/static.purejewels.com\\\/wp-content\\\/uploads\\\/2023\\\/04\\\/44450-1.jpg\",\"contentUrl\":\"https:\\\/\\\/static.purejewels.com\\\/wp-content\\\/uploads\\\/2023\\\/04\\\/44450-1.jpg\",\"caption\":\"Yellow Gold Fancy Mangalsutra\"},{\"@type\":\"BreadcrumbList\",\"@id\":\"https:\\\/\\\/www.purejewels.com\\\/product\\\/yellow-gold-fancy-mangalsutra-18-inches-44450\\\/#breadcrumb\",\"itemListElement\":[{\"@type\":\"ListItem\",\"position\":1,\"name\":\"Home\",\"item\":\"https:\\\/\\\/www.purejewels.com\\\/\"},{\"@type\":\"ListItem\",\"position\":2,\"name\":\"Shop\",\"item\":\"https:\\\/\\\/www.purejewels.com\\\/shop\\\/\"},{\"@type\":\"ListItem\",\"position\":3,\"name\":\"Yellow Gold Fancy Mangalsutra | 18 Inches\"}]},{\"@type\":\"WebSite\",\"@id\":\"https:\\\/\\\/www.purejewels.com\\\/#website\",\"url\":\"https:\\\/\\\/www.purejewels.com\\\/\",\"name\":\"PureJewels UK\",\"description\":\"Share the Love\",\"publisher\":{\"@id\":\"https:\\\/\\\/www.purejewels.com\\\/#organization\"},\"potentialAction\":[{\"@type\":\"SearchAction\",\"target\":{\"@type\":\"EntryPoint\",\"urlTemplate\":\"https:\\\/\\\/www.purejewels.com\\\/?s={search_term_string}\"},\"query-input\":{\"@type\":\"PropertyValueSpecification\",\"valueRequired\":true,\"valueName\":\"search_term_string\"}}],\"inLanguage\":\"tr\"},{\"@type\":\"Organization\",\"@id\":\"https:\\\/\\\/www.purejewels.com\\\/#organization\",\"name\":\"PureJewels UK\",\"url\":\"https:\\\/\\\/www.purejewels.com\\\/\",\"logo\":{\"@type\":\"ImageObject\",\"inLanguage\":\"tr\",\"@id\":\"https:\\\/\\\/www.purejewels.com\\\/#\\\/schema\\\/logo\\\/image\\\/\",\"url\":\"https:\\\/\\\/static.purejewels.com\\\/wp-content\\\/uploads\\\/2020\\\/11\\\/Logo-PJ-New-1.png\",\"contentUrl\":\"https:\\\/\\\/static.purejewels.com\\\/wp-content\\\/uploads\\\/2020\\\/11\\\/Logo-PJ-New-1.png\",\"width\":150,\"height\":80,\"caption\":\"PureJewels UK\"},\"image\":{\"@id\":\"https:\\\/\\\/www.purejewels.com\\\/#\\\/schema\\\/logo\\\/image\\\/\"}}]}<\/script>\n<!-- \/ Yoast SEO plugin. -->","yoast_head_json":{"title":"18 \u0130n\u00e7 22 Ayar Sar\u0131 Alt\u0131n Mangalsutra online \u0130ngiltere","description":"G\u00fcnl\u00fck kullan\u0131m i\u00e7in m\u00fckemmel olan ve Hintli kad\u0131nlar taraf\u0131ndan s\u00fcslenen 22 Ayar Alt\u0131n Mangalsutra tak\u0131lar\u0131n\u0131 ke\u015ffedin. \u0130ngiltere'de \u00fccretsiz teslimat. Online sat\u0131n al\u0131n!","robots":{"index":"index","follow":"follow","max-snippet":"max-snippet:-1","max-image-preview":"max-image-preview:large","max-video-preview":"max-video-preview:-1"},"canonical":"https:\/\/www.purejewels.com\/tr\/urun\/sari-altin-fantezi-mangalsutra-18-inc-44450\/","og_locale":"tr_TR","og_type":"article","og_title":"22ct Yellow Gold Mangalsutra in 18 Inches online UK","og_description":"Explore 22ct Gold Mangalsutra jewellery, perfect for daily wear and adorned by Indian women. Free delivery at UK. Buy online!","og_url":"https:\/\/www.purejewels.com\/tr\/urun\/sari-altin-fantezi-mangalsutra-18-inc-44450\/","og_site_name":"PureJewels UK","article_modified_time":"2026-01-07T10:51:07+00:00","og_image":[{"url":"https:\/\/static.purejewels.com\/wp-content\/uploads\/2023\/04\/44450-1.jpg","width":1,"height":1,"type":"image\/jpeg"}],"twitter_card":"summary_large_image","twitter_misc":{"Tahmini okuma s\u00fcresi":"1 dakika"},"schema":{"@context":"https:\/\/schema.org","@graph":[{"@type":["WebPage","ItemPage"],"@id":"https:\/\/www.purejewels.com\/product\/yellow-gold-fancy-mangalsutra-18-inches-44450\/","url":"https:\/\/www.purejewels.com\/product\/yellow-gold-fancy-mangalsutra-18-inches-44450\/","name":"18 \u0130n\u00e7 22 Ayar Sar\u0131 Alt\u0131n Mangalsutra online \u0130ngiltere","isPartOf":{"@id":"https:\/\/www.purejewels.com\/#website"},"primaryImageOfPage":{"@id":"https:\/\/www.purejewels.com\/product\/yellow-gold-fancy-mangalsutra-18-inches-44450\/#primaryimage"},"image":{"@id":"https:\/\/www.purejewels.com\/product\/yellow-gold-fancy-mangalsutra-18-inches-44450\/#primaryimage"},"thumbnailUrl":"https:\/\/static.purejewels.com\/wp-content\/uploads\/2023\/04\/44450-1.jpg","datePublished":"2023-04-04T11:38:27+00:00","dateModified":"2026-01-07T10:51:07+00:00","description":"G\u00fcnl\u00fck kullan\u0131m i\u00e7in m\u00fckemmel olan ve Hintli kad\u0131nlar taraf\u0131ndan s\u00fcslenen 22 Ayar Alt\u0131n Mangalsutra tak\u0131lar\u0131n\u0131 ke\u015ffedin. \u0130ngiltere'de \u00fccretsiz teslimat. Online sat\u0131n al\u0131n!","breadcrumb":{"@id":"https:\/\/www.purejewels.com\/product\/yellow-gold-fancy-mangalsutra-18-inches-44450\/#breadcrumb"},"inLanguage":"tr","potentialAction":[{"@type":"ReadAction","target":["https:\/\/www.purejewels.com\/product\/yellow-gold-fancy-mangalsutra-18-inches-44450\/"]}]},{"@type":"ImageObject","inLanguage":"tr","@id":"https:\/\/www.purejewels.com\/product\/yellow-gold-fancy-mangalsutra-18-inches-44450\/#primaryimage","url":"https:\/\/static.purejewels.com\/wp-content\/uploads\/2023\/04\/44450-1.jpg","contentUrl":"https:\/\/static.purejewels.com\/wp-content\/uploads\/2023\/04\/44450-1.jpg","caption":"Yellow Gold Fancy Mangalsutra"},{"@type":"BreadcrumbList","@id":"https:\/\/www.purejewels.com\/product\/yellow-gold-fancy-mangalsutra-18-inches-44450\/#breadcrumb","itemListElement":[{"@type":"ListItem","position":1,"name":"Home","item":"https:\/\/www.purejewels.com\/"},{"@type":"ListItem","position":2,"name":"Shop","item":"https:\/\/www.purejewels.com\/shop\/"},{"@type":"ListItem","position":3,"name":"Yellow Gold Fancy Mangalsutra | 18 Inches"}]},{"@type":"WebSite","@id":"https:\/\/www.purejewels.com\/#website","url":"https:\/\/www.purejewels.com\/","name":"PureJewels \u0130ngiltere","description":"Sevgiyi Payla\u015f\u0131n","publisher":{"@id":"https:\/\/www.purejewels.com\/#organization"},"potentialAction":[{"@type":"SearchAction","target":{"@type":"EntryPoint","urlTemplate":"https:\/\/www.purejewels.com\/?s={search_term_string}"},"query-input":{"@type":"PropertyValueSpecification","valueRequired":true,"valueName":"search_term_string"}}],"inLanguage":"tr"},{"@type":"Organization","@id":"https:\/\/www.purejewels.com\/#organization","name":"PureJewels \u0130ngiltere","url":"https:\/\/www.purejewels.com\/","logo":{"@type":"ImageObject","inLanguage":"tr","@id":"https:\/\/www.purejewels.com\/#\/schema\/logo\/image\/","url":"https:\/\/static.purejewels.com\/wp-content\/uploads\/2020\/11\/Logo-PJ-New-1.png","contentUrl":"https:\/\/static.purejewels.com\/wp-content\/uploads\/2020\/11\/Logo-PJ-New-1.png","width":150,"height":80,"caption":"PureJewels UK"},"image":{"@id":"https:\/\/www.purejewels.com\/#\/schema\/logo\/image\/"}}]}},"_links":{"self":[{"href":"https:\/\/www.purejewels.com\/tr\/wp-json\/wp\/v2\/product\/345727","targetHints":{"allow":["GET"]}}],"collection":[{"href":"https:\/\/www.purejewels.com\/tr\/wp-json\/wp\/v2\/product"}],"about":[{"href":"https:\/\/www.purejewels.com\/tr\/wp-json\/wp\/v2\/types\/product"}],"replies":[{"embeddable":true,"href":"https:\/\/www.purejewels.com\/tr\/wp-json\/wp\/v2\/comments?post=345727"}],"version-history":[{"count":2,"href":"https:\/\/www.purejewels.com\/tr\/wp-json\/wp\/v2\/product\/345727\/revisions"}],"predecessor-version":[{"id":422624,"href":"https:\/\/www.purejewels.com\/tr\/wp-json\/wp\/v2\/product\/345727\/revisions\/422624"}],"wp:featuredmedia":[{"embeddable":true,"href":"https:\/\/www.purejewels.com\/tr\/wp-json\/wp\/v2\/media\/345752"}],"wp:attachment":[{"href":"https:\/\/www.purejewels.com\/tr\/wp-json\/wp\/v2\/media?parent=345727"}],"wp:term":[{"taxonomy":"product_brand","embeddable":true,"href":"https:\/\/www.purejewels.com\/tr\/wp-json\/wp\/v2\/product_brand?post=345727"},{"taxonomy":"product_cat","embeddable":true,"href":"https:\/\/www.purejewels.com\/tr\/wp-json\/wp\/v2\/product_cat?post=345727"},{"taxonomy":"product_tag","embeddable":true,"href":"https:\/\/www.purejewels.com\/tr\/wp-json\/wp\/v2\/product_tag?post=345727"}],"curies":[{"name":"wp","href":"https:\/\/api.w.org\/{rel}","templated":true}]}}