{"id":345736,"date":"2024-12-15T05:32:51","date_gmt":"2024-12-15T05:32:51","guid":{"rendered":"https:\/\/www.purejewels.com\/?post_type=product&#038;p=345736"},"modified":"2026-04-28T11:12:29","modified_gmt":"2026-04-28T10:12:29","slug":"22ct-47568-altin-damla-kupe","status":"publish","type":"product","link":"https:\/\/www.purejewels.com\/tr\/product\/gold-drop-earring-in-22ct-47568\/","title":{"rendered":"22ct Alt\u0131n Damla K\u00fcpe"},"content":{"rendered":"<h4 data-start=\"352\" data-end=\"377\"><strong data-start=\"357\" data-end=\"375\">Tasar\u0131m Konsepti<\/strong><\/h4>\n<p data-start=\"378\" data-end=\"780\">Do\u011fal hareketin sessiz zarafetinden ilham alan bu damla k\u00fcpeler, ak\u0131\u015fkanl\u0131\u011f\u0131n ve kad\u0131ns\u0131l\u0131\u011f\u0131n bir kutlamas\u0131d\u0131r. Uzat\u0131lm\u0131\u015f siluet, PureJewels'in tasar\u0131m dilinde yank\u0131lanan motifler olan d\u00fc\u015fen yapraklar ve yumu\u015fak eliptik formlardan etkilenmi\u015ftir. \u0130nce ama \u00e7arp\u0131c\u0131 olan k\u00fcpeler, Do\u011fu miras\u0131 ile modern minimalizmin uyumunu yans\u0131tarak zaman\u0131n ve ortam\u0131n \u00f6tesine ge\u00e7mek \u00fczere tasarlanm\u0131\u015ft\u0131r.<\/p>\n<h4 data-start=\"782\" data-end=\"806\"><strong data-start=\"787\" data-end=\"804\">Zanaatkarl\u0131k<\/strong><\/h4>\n<p data-start=\"807\" data-end=\"1267\">Her par\u00e7a el yap\u0131m\u0131d\u0131r <a href=\"https:\/\/www.purejewels.com\/tr\/product\/22ct-gold-jali-filigree-ring-jali-collection-31926\/\">22ct<\/a> Alt\u0131n, zengin tonu ve y\u00fcksek safl\u0131\u011f\u0131yla sayg\u0131 duyulan asil bir metaldir. Form, Nairobi'den Londra'ya d\u00f6rt nesil boyunca aktar\u0131lan geleneksel kuyumculuk teknikleriyle rafine edilmi\u015ftir. Hassas kal\u0131p damgalama ve el i\u015flemesi ile her k\u0131vr\u0131m ve \u00e7izgi konfor ve hareket i\u00e7in m\u00fckemmelle\u015ftirilmi\u015ftir. Londra Assay Ofisi taraf\u0131ndan damgalanan bu k\u00fcpeler safl\u0131\u011f\u0131n ve zanaatkar m\u00fckemmelli\u011finin ger\u00e7ek bir simgesidir.<\/p>\n<h4 data-start=\"1269\" data-end=\"1293\"><strong data-start=\"1274\" data-end=\"1291\">Stil Fikirleri<\/strong><\/h4>\n<p data-start=\"1294\" data-end=\"1358\">Bu k\u00fcpeler \u00e7ok y\u00f6nl\u00fc bir ruha ve zamans\u0131z bir \u00e7ekicili\u011fe sahiptir.<\/p>\n<ul>\n<li data-start=\"1361\" data-end=\"1466\">Modern bir ilham perisi i\u00e7in: G\u00fcnl\u00fck \u015f\u0131kl\u0131\u011f\u0131 y\u00fckseltmek i\u00e7in ipek bir bluz ve \u00f6zel dikim pantolonla e\u015fle\u015ftirin.<\/li>\n<li data-start=\"1469\" data-end=\"1600\">K\u00fclt\u00fcrel bir kutlama i\u00e7in: Bir saree veya lehengaya e\u015flik etmelerine izin verin, toplulu\u011funuzu a\u015f\u0131r\u0131 g\u00fc\u00e7lendirmeden rafine bir \u0131\u015f\u0131lt\u0131 kat\u0131n.<\/li>\n<li data-start=\"1603\" data-end=\"1734\">Ak\u015fam davetleri i\u00e7in: Zarif bir \u0131\u015f\u0131lt\u0131 i\u00e7in \u015f\u0131k bir kabar\u0131kl\u0131k ve uyumlu alt\u0131n vurgularla (bileklik veya zarif bir kolye ucu gibi) stil olu\u015fturun.<\/li>\n<\/ul>\n<p data-start=\"1736\" data-end=\"1920\">\u0130ster tek ba\u015f\u0131na tak\u0131ls\u0131n, ister di\u011fer ince par\u00e7alarla birlikte kullan\u0131ls\u0131n, bu damla k\u00fcpeler iltifat istemeden iltifatlara davetiye \u00e7\u0131kar\u0131r. Bunlar sadece m\u00fccevher de\u011fil, ayn\u0131 zamanda birer aile yadigar\u0131d\u0131r.<\/p>","protected":false},"excerpt":{"rendered":"<div class=\"woocommerce-product-details__short-description\">\n<table class=\"sh_desc\" style=\"width: 100%; height: 252px;\">\n<tbody>\n<tr style=\"height: 28px;\">\n<td style=\"height: 28px;\">K\u00fcpe T\u00fcr\u00fc<\/td>\n<td style=\"height: 28px;\">Damla K\u00fcpe<\/td>\n<\/tr>\n<tr style=\"height: 28px;\">\n<td style=\"height: 28px;\">SKU<\/td>\n<td style=\"height: 28px;\">47568<\/td>\n<\/tr>\n<tr style=\"height: 28px;\">\n<td style=\"height: 28px;\">A\u011f\u0131rl\u0131k<\/td>\n<td style=\"height: 28px;\">3,5 Gms<\/td>\n<\/tr>\n<tr style=\"height: 28px;\">\n<td style=\"height: 28px;\">Metal<\/td>\n<td style=\"height: 28px;\">22 Ayar Alt\u0131n<\/td>\n<\/tr>\n<tr style=\"height: 28px;\">\n<td style=\"height: 28px;\">\u00dccretler<\/td>\n<td style=\"height: 28px;\">Teslimat ve KDV Dahil<\/td>\n<\/tr>\n<tr style=\"height: 28px;\">\n<td style=\"height: 28px;\">Paketleme<\/td>\n<td style=\"height: 28px;\">Sunum Kutusu ile Birlikte Gelir<\/td>\n<\/tr>\n<tr style=\"height: 28px;\">\n<td style=\"height: 28px;\">Daha Fazla Bilgi<\/td>\n<td style=\"height: 28px;\">M\u00fcsaitlik durumu ve daha fazla resim i\u00e7in bizimle canl\u0131 sohbet edin<\/td>\n<\/tr>\n<\/tbody>\n<\/table>\n<\/div>\n<div class=\"btn-atc atc-slide\"><\/div>\n<div class=\"product_meta\"><\/div>","protected":false},"featured_media":358076,"comment_status":"closed","ping_status":"closed","template":"","meta":{"_eb_attr":"","_crsspst_to_jayantr4sg-hostcom":true},"product_brand":[],"product_cat":[1791,1559,1685,5701,1792,1790,1254,5344,5338,1569,1573,1574,5349],"product_tag":[66],"class_list":{"0":"post-345736","1":"product","2":"type-product","3":"status-publish","4":"has-post-thumbnail","6":"product_cat-anniversary-gifts","7":"product_cat-birthday-gifts","8":"product_cat-drop-earrings","9":"product_cat-eid-jewellery","10":"product_cat-festival-gifts","11":"product_cat-for-whom-when","12":"product_cat-gold-earrings","13":"product_cat-jewellery-under-750","14":"product_cat-shop-by-price","15":"product_cat-valentine-day-gifts","16":"product_cat-wedding-gifts","17":"product_cat-womens-jewellery","18":"product_cat-yellow-gold-jewellery","19":"product_tag-earrings","21":"first","22":"instock","23":"sale","24":"taxable","25":"shipping-taxable","26":"purchasable","27":"product-type-simple","28":"add-to-wishlist-before_image"},"yoast_head":"<!-- This site is optimized with the Yoast SEO plugin v27.5 - https:\/\/yoast.com\/product\/yoast-seo-wordpress\/ -->\n<title>Solid Gold Drop Earring| Purejewels Green Street London<\/title>\n<meta name=\"description\" content=\"Discover our collection of drop earrings in real gold online. Buy this Gold Drop Earring in 22 carats from PureJewels\u2014free delivery across the UK.\" \/>\n<meta name=\"robots\" content=\"index, follow, max-snippet:-1, max-image-preview:large, max-video-preview:-1\" \/>\n<link rel=\"canonical\" href=\"https:\/\/www.purejewels.com\/tr\/urun\/22ct-47568-altin-damla-kupe\/\" \/>\n<meta property=\"og:locale\" content=\"tr_TR\" \/>\n<meta property=\"og:type\" content=\"article\" \/>\n<meta property=\"og:title\" content=\"Solid Gold Drop Earring| Purejewels Green Street London\" \/>\n<meta property=\"og:description\" content=\"Discover our collection of drop earrings in real gold online. Buy this Gold Drop Earring in 22 carats from PureJewels\u2014free delivery across the UK.\" \/>\n<meta property=\"og:url\" content=\"https:\/\/www.purejewels.com\/tr\/urun\/22ct-47568-altin-damla-kupe\/\" \/>\n<meta property=\"og:site_name\" content=\"PureJewels UK\" \/>\n<meta property=\"article:modified_time\" content=\"2026-04-28T10:12:29+00:00\" \/>\n<meta property=\"og:image\" content=\"https:\/\/static.purejewels.com\/wp-content\/uploads\/2023\/04\/47568.png\" \/>\n\t<meta property=\"og:image:width\" content=\"1000\" \/>\n\t<meta property=\"og:image:height\" content=\"1000\" \/>\n\t<meta property=\"og:image:type\" content=\"image\/png\" \/>\n<meta name=\"twitter:card\" content=\"summary_large_image\" \/>\n<meta name=\"twitter:label1\" content=\"Tahmini okuma s\u00fcresi\" \/>\n\t<meta name=\"twitter:data1\" content=\"2 dakika\" \/>\n<script type=\"application\/ld+json\" class=\"yoast-schema-graph\">{\"@context\":\"https:\\\/\\\/schema.org\",\"@graph\":[{\"@type\":[\"WebPage\",\"ItemPage\"],\"@id\":\"https:\\\/\\\/www.purejewels.com\\\/product\\\/gold-drop-earring-in-22ct-47568\\\/\",\"url\":\"https:\\\/\\\/www.purejewels.com\\\/product\\\/gold-drop-earring-in-22ct-47568\\\/\",\"name\":\"Solid Gold Drop Earring| Purejewels Green Street London\",\"isPartOf\":{\"@id\":\"https:\\\/\\\/www.purejewels.com\\\/#website\"},\"primaryImageOfPage\":{\"@id\":\"https:\\\/\\\/www.purejewels.com\\\/product\\\/gold-drop-earring-in-22ct-47568\\\/#primaryimage\"},\"image\":{\"@id\":\"https:\\\/\\\/www.purejewels.com\\\/product\\\/gold-drop-earring-in-22ct-47568\\\/#primaryimage\"},\"thumbnailUrl\":\"https:\\\/\\\/static.purejewels.com\\\/wp-content\\\/uploads\\\/2023\\\/04\\\/47568.png\",\"datePublished\":\"2024-12-15T05:32:51+00:00\",\"dateModified\":\"2026-04-28T10:12:29+00:00\",\"description\":\"Discover our collection of drop earrings in real gold online. Buy this Gold Drop Earring in 22 carats from PureJewels\u2014free delivery across the UK.\",\"breadcrumb\":{\"@id\":\"https:\\\/\\\/www.purejewels.com\\\/product\\\/gold-drop-earring-in-22ct-47568\\\/#breadcrumb\"},\"inLanguage\":\"tr\",\"potentialAction\":[{\"@type\":\"ReadAction\",\"target\":[\"https:\\\/\\\/www.purejewels.com\\\/product\\\/gold-drop-earring-in-22ct-47568\\\/\"]}]},{\"@type\":\"ImageObject\",\"inLanguage\":\"tr\",\"@id\":\"https:\\\/\\\/www.purejewels.com\\\/product\\\/gold-drop-earring-in-22ct-47568\\\/#primaryimage\",\"url\":\"https:\\\/\\\/static.purejewels.com\\\/wp-content\\\/uploads\\\/2023\\\/04\\\/47568.png\",\"contentUrl\":\"https:\\\/\\\/static.purejewels.com\\\/wp-content\\\/uploads\\\/2023\\\/04\\\/47568.png\",\"width\":1000,\"height\":1000,\"caption\":\"22ct Gold Drop Earring\"},{\"@type\":\"BreadcrumbList\",\"@id\":\"https:\\\/\\\/www.purejewels.com\\\/product\\\/gold-drop-earring-in-22ct-47568\\\/#breadcrumb\",\"itemListElement\":[{\"@type\":\"ListItem\",\"position\":1,\"name\":\"Home\",\"item\":\"https:\\\/\\\/www.purejewels.com\\\/\"},{\"@type\":\"ListItem\",\"position\":2,\"name\":\"Shop\",\"item\":\"https:\\\/\\\/www.purejewels.com\\\/shop\\\/\"},{\"@type\":\"ListItem\",\"position\":3,\"name\":\"Gold Drop Earring in 22ct\"}]},{\"@type\":\"WebSite\",\"@id\":\"https:\\\/\\\/www.purejewels.com\\\/#website\",\"url\":\"https:\\\/\\\/www.purejewels.com\\\/\",\"name\":\"PureJewels UK\",\"description\":\"Share the Love\",\"publisher\":{\"@id\":\"https:\\\/\\\/www.purejewels.com\\\/#organization\"},\"potentialAction\":[{\"@type\":\"SearchAction\",\"target\":{\"@type\":\"EntryPoint\",\"urlTemplate\":\"https:\\\/\\\/www.purejewels.com\\\/?s={search_term_string}\"},\"query-input\":{\"@type\":\"PropertyValueSpecification\",\"valueRequired\":true,\"valueName\":\"search_term_string\"}}],\"inLanguage\":\"tr\"},{\"@type\":\"Organization\",\"@id\":\"https:\\\/\\\/www.purejewels.com\\\/#organization\",\"name\":\"PureJewels UK\",\"url\":\"https:\\\/\\\/www.purejewels.com\\\/\",\"logo\":{\"@type\":\"ImageObject\",\"inLanguage\":\"tr\",\"@id\":\"https:\\\/\\\/www.purejewels.com\\\/#\\\/schema\\\/logo\\\/image\\\/\",\"url\":\"https:\\\/\\\/static.purejewels.com\\\/wp-content\\\/uploads\\\/2020\\\/11\\\/Logo-PJ-New-1.png\",\"contentUrl\":\"https:\\\/\\\/static.purejewels.com\\\/wp-content\\\/uploads\\\/2020\\\/11\\\/Logo-PJ-New-1.png\",\"width\":150,\"height\":80,\"caption\":\"PureJewels UK\"},\"image\":{\"@id\":\"https:\\\/\\\/www.purejewels.com\\\/#\\\/schema\\\/logo\\\/image\\\/\"}}]}<\/script>\n<!-- \/ Yoast SEO plugin. -->","yoast_head_json":{"title":"Som Alt\u0131n Damla K\u00fcpe| Purejewels Green Street London","description":"Ger\u00e7ek alt\u0131ndan damla k\u00fcpe koleksiyonumuzu online ke\u015ffedin. PureJewels'ten 22 karatl\u0131k bu Alt\u0131n Damla K\u00fcpeyi sat\u0131n al\u0131n, \u0130ngiltere'nin her yerine \u00fccretsiz teslimat.","robots":{"index":"index","follow":"follow","max-snippet":"max-snippet:-1","max-image-preview":"max-image-preview:large","max-video-preview":"max-video-preview:-1"},"canonical":"https:\/\/www.purejewels.com\/tr\/urun\/22ct-47568-altin-damla-kupe\/","og_locale":"tr_TR","og_type":"article","og_title":"Solid Gold Drop Earring| Purejewels Green Street London","og_description":"Discover our collection of drop earrings in real gold online. Buy this Gold Drop Earring in 22 carats from PureJewels\u2014free delivery across the UK.","og_url":"https:\/\/www.purejewels.com\/tr\/urun\/22ct-47568-altin-damla-kupe\/","og_site_name":"PureJewels UK","article_modified_time":"2026-04-28T10:12:29+00:00","og_image":[{"width":1000,"height":1000,"url":"https:\/\/static.purejewels.com\/wp-content\/uploads\/2023\/04\/47568.png","type":"image\/png"}],"twitter_card":"summary_large_image","twitter_misc":{"Tahmini okuma s\u00fcresi":"2 dakika"},"schema":{"@context":"https:\/\/schema.org","@graph":[{"@type":["WebPage","ItemPage"],"@id":"https:\/\/www.purejewels.com\/product\/gold-drop-earring-in-22ct-47568\/","url":"https:\/\/www.purejewels.com\/product\/gold-drop-earring-in-22ct-47568\/","name":"Som Alt\u0131n Damla K\u00fcpe| Purejewels Green Street London","isPartOf":{"@id":"https:\/\/www.purejewels.com\/#website"},"primaryImageOfPage":{"@id":"https:\/\/www.purejewels.com\/product\/gold-drop-earring-in-22ct-47568\/#primaryimage"},"image":{"@id":"https:\/\/www.purejewels.com\/product\/gold-drop-earring-in-22ct-47568\/#primaryimage"},"thumbnailUrl":"https:\/\/static.purejewels.com\/wp-content\/uploads\/2023\/04\/47568.png","datePublished":"2024-12-15T05:32:51+00:00","dateModified":"2026-04-28T10:12:29+00:00","description":"Ger\u00e7ek alt\u0131ndan damla k\u00fcpe koleksiyonumuzu online ke\u015ffedin. PureJewels'ten 22 karatl\u0131k bu Alt\u0131n Damla K\u00fcpeyi sat\u0131n al\u0131n, \u0130ngiltere'nin her yerine \u00fccretsiz teslimat.","breadcrumb":{"@id":"https:\/\/www.purejewels.com\/product\/gold-drop-earring-in-22ct-47568\/#breadcrumb"},"inLanguage":"tr","potentialAction":[{"@type":"ReadAction","target":["https:\/\/www.purejewels.com\/product\/gold-drop-earring-in-22ct-47568\/"]}]},{"@type":"ImageObject","inLanguage":"tr","@id":"https:\/\/www.purejewels.com\/product\/gold-drop-earring-in-22ct-47568\/#primaryimage","url":"https:\/\/static.purejewels.com\/wp-content\/uploads\/2023\/04\/47568.png","contentUrl":"https:\/\/static.purejewels.com\/wp-content\/uploads\/2023\/04\/47568.png","width":1000,"height":1000,"caption":"22ct Gold Drop Earring"},{"@type":"BreadcrumbList","@id":"https:\/\/www.purejewels.com\/product\/gold-drop-earring-in-22ct-47568\/#breadcrumb","itemListElement":[{"@type":"ListItem","position":1,"name":"Home","item":"https:\/\/www.purejewels.com\/"},{"@type":"ListItem","position":2,"name":"Shop","item":"https:\/\/www.purejewels.com\/shop\/"},{"@type":"ListItem","position":3,"name":"Gold Drop Earring in 22ct"}]},{"@type":"WebSite","@id":"https:\/\/www.purejewels.com\/#website","url":"https:\/\/www.purejewels.com\/","name":"PureJewels \u0130ngiltere","description":"Sevgiyi Payla\u015f\u0131n","publisher":{"@id":"https:\/\/www.purejewels.com\/#organization"},"potentialAction":[{"@type":"SearchAction","target":{"@type":"EntryPoint","urlTemplate":"https:\/\/www.purejewels.com\/?s={search_term_string}"},"query-input":{"@type":"PropertyValueSpecification","valueRequired":true,"valueName":"search_term_string"}}],"inLanguage":"tr"},{"@type":"Organization","@id":"https:\/\/www.purejewels.com\/#organization","name":"PureJewels \u0130ngiltere","url":"https:\/\/www.purejewels.com\/","logo":{"@type":"ImageObject","inLanguage":"tr","@id":"https:\/\/www.purejewels.com\/#\/schema\/logo\/image\/","url":"https:\/\/static.purejewels.com\/wp-content\/uploads\/2020\/11\/Logo-PJ-New-1.png","contentUrl":"https:\/\/static.purejewels.com\/wp-content\/uploads\/2020\/11\/Logo-PJ-New-1.png","width":150,"height":80,"caption":"PureJewels UK"},"image":{"@id":"https:\/\/www.purejewels.com\/#\/schema\/logo\/image\/"}}]}},"_links":{"self":[{"href":"https:\/\/www.purejewels.com\/tr\/wp-json\/wp\/v2\/product\/345736","targetHints":{"allow":["GET"]}}],"collection":[{"href":"https:\/\/www.purejewels.com\/tr\/wp-json\/wp\/v2\/product"}],"about":[{"href":"https:\/\/www.purejewels.com\/tr\/wp-json\/wp\/v2\/types\/product"}],"replies":[{"embeddable":true,"href":"https:\/\/www.purejewels.com\/tr\/wp-json\/wp\/v2\/comments?post=345736"}],"version-history":[{"count":5,"href":"https:\/\/www.purejewels.com\/tr\/wp-json\/wp\/v2\/product\/345736\/revisions"}],"predecessor-version":[{"id":429128,"href":"https:\/\/www.purejewels.com\/tr\/wp-json\/wp\/v2\/product\/345736\/revisions\/429128"}],"wp:featuredmedia":[{"embeddable":true,"href":"https:\/\/www.purejewels.com\/tr\/wp-json\/wp\/v2\/media\/358076"}],"wp:attachment":[{"href":"https:\/\/www.purejewels.com\/tr\/wp-json\/wp\/v2\/media?parent=345736"}],"wp:term":[{"taxonomy":"product_brand","embeddable":true,"href":"https:\/\/www.purejewels.com\/tr\/wp-json\/wp\/v2\/product_brand?post=345736"},{"taxonomy":"product_cat","embeddable":true,"href":"https:\/\/www.purejewels.com\/tr\/wp-json\/wp\/v2\/product_cat?post=345736"},{"taxonomy":"product_tag","embeddable":true,"href":"https:\/\/www.purejewels.com\/tr\/wp-json\/wp\/v2\/product_tag?post=345736"}],"curies":[{"name":"wp","href":"https:\/\/api.w.org\/{rel}","templated":true}]}}