{"id":345817,"date":"2024-06-25T11:19:07","date_gmt":"2024-06-25T10:19:07","guid":{"rendered":"https:\/\/www.purejewels.com\/?post_type=product&#038;p=345817"},"modified":"2026-02-03T07:04:51","modified_gmt":"2026-02-03T07:04:51","slug":"geli%cc%87n-burun-i%cc%87gnesi%cc%87-22-ayar-altin-rozet-koleksi%cc%87yonu-44281","status":"publish","type":"product","link":"https:\/\/www.purejewels.com\/tr\/product\/bridal-nose-pin-22ct-gold-rosette-collection-44281\/","title":{"rendered":"Gelin Burun \u0130\u011fnesi 22 Ayar Alt\u0131n | Rozet Koleksiyonu"},"content":{"rendered":"<h3 data-start=\"683\" data-end=\"707\"><strong data-start=\"687\" data-end=\"705\">Tasar\u0131m Konsepti<\/strong><\/h3>\n<p data-start=\"708\" data-end=\"1047\">PureJewels'in sembolik hikaye anlat\u0131m\u0131 tasar\u0131m diline dayanan Rozet motifi, g\u00fczelli\u011fi, b\u00fcy\u00fcmeyi ve a\u015fk\u0131n ortaya \u00e7\u0131kan yolculu\u011funu temsil eden \u00e7i\u00e7ek a\u00e7an yapraklardan esinlenmi\u015ftir. Bu narin tasar\u0131m, yumu\u015fak k\u0131vr\u0131mlar\u0131 ve heykelsi inceli\u011fiyle gelin zarafetinin \u00f6z\u00fcn\u00fc yakal\u0131yor ve derin bir an\u0131 i\u015faretlemek i\u00e7in samimi bir par\u00e7a haline getiriyor.<\/p>\n<h3 data-start=\"1054\" data-end=\"1077\"><strong data-start=\"1058\" data-end=\"1075\">Zanaatkarl\u0131k<\/strong><\/h3>\n<p data-start=\"1078\" data-end=\"1424\">Saf malzemeden \u00fcretilmi\u015ftir <a href=\"https:\/\/www.purejewels.com\/tr\/product\/22ct-gold-jali-filigree-ring-jali-collection-31926\/\">22ct<\/a> alt\u0131n olan bu burun i\u011fnesi en \u00fcst d\u00fczey sanat\u00e7\u0131l\u0131\u011f\u0131 sergiler. Yaln\u0131zca 1,4 gram a\u011f\u0131rl\u0131\u011f\u0131yla rahat\u00e7a tak\u0131labilecek kadar hafif, ancak dikkat \u00e7ekecek kadar da g\u00f6steri\u015flidir. Her ayr\u0131nt\u0131, PureJewels miras\u0131n\u0131n alamet-i farikas\u0131 olan geleneksel teknikler ve modern duyarl\u0131l\u0131\u011f\u0131n bir kar\u0131\u015f\u0131m\u0131n\u0131 ortaya \u00e7\u0131karan usta zanaatk\u00e2rlar taraf\u0131ndan \u015fekillendirilmi\u015ftir.<\/p>\n<p data-start=\"1426\" data-end=\"1585\">Her bir par\u00e7a ayr\u0131 ayr\u0131 i\u015flenip \u0131\u015f\u0131lt\u0131l\u0131 bir finisajla cilaland\u0131ktan sonra l\u00fcks bir sunum kutusunda paketlenir; hediye etmek veya ki\u015fisel hazine olarak saklamak i\u00e7in idealdir.<\/p>\n<h3 data-start=\"1592\" data-end=\"1615\"><strong data-start=\"1596\" data-end=\"1613\">Stil Fikirleri<\/strong><\/h3>\n<ul>\n<li data-start=\"1618\" data-end=\"1740\"><strong data-start=\"1618\" data-end=\"1637\">Gelin I\u015f\u0131lt\u0131s\u0131<\/strong>: Uyumlu ama yumu\u015fak bir gelin g\u00f6r\u00fcn\u00fcm\u00fc i\u00e7in rozet maang tikka veya k\u00fcpelerle e\u015fle\u015ftirin.<\/li>\n<li data-start=\"1743\" data-end=\"1866\"><strong data-start=\"1743\" data-end=\"1761\">\u0130nce Cazibe<\/strong>: Mehdi veya sangeet gibi d\u00fc\u011f\u00fcn \u00f6ncesi t\u00f6renler i\u00e7in yumu\u015fak bir \u00f6rt\u00fc veya saree ile solo bir par\u00e7a olarak giyin.<\/li>\n<li data-start=\"1869\" data-end=\"1994\"><strong data-start=\"1869\" data-end=\"1888\">Modern Miras<\/strong>: Zengin alt\u0131n\u0131n sessiz bir zenginlikle \u00f6ne \u00e7\u0131kmas\u0131n\u0131 sa\u011flamak i\u00e7in pastel veya fildi\u015fi gelin lehengalar\u0131 ile stilize edin.<\/li>\n<li data-start=\"1997\" data-end=\"2123\"><strong data-start=\"1997\" data-end=\"2024\">K\u00fclt\u00fcrel Sofistikasyon<\/strong>: Modern esteti\u011fini bast\u0131rmadan gelene\u011fe zarif bir selam vermek isteyen gelinler i\u00e7in idealdir.<\/li>\n<\/ul>","protected":false},"excerpt":{"rendered":"<div class=\"woocommerce-product-details__short-description\">\n<table class=\"sh_desc\">\n<tbody>\n<tr>\n<td>Burun Pimi Tipi<\/td>\n<td>Gelin Burun \u0130\u011fnesi<\/td>\n<\/tr>\n<tr>\n<td>SKU<\/td>\n<td>44281<\/td>\n<\/tr>\n<tr>\n<td>A\u011f\u0131rl\u0131k<\/td>\n<td>1.4 Gms<\/td>\n<\/tr>\n<tr>\n<td>KatalogID<\/td>\n<td>R1053<\/td>\n<\/tr>\n<tr>\n<td>Koleksiyon<\/td>\n<td>Rozet Koleksiyonu<\/td>\n<\/tr>\n<tr>\n<td>Metal<\/td>\n<td>22 Ayar Alt\u0131n<\/td>\n<\/tr>\n<tr>\n<td>\u00dccretler<\/td>\n<td>Teslimat ve KDV Dahil<\/td>\n<\/tr>\n<tr>\n<td>Paketleme<\/td>\n<td>Sunum Kutusu ile Birlikte Gelir<\/td>\n<\/tr>\n<tr>\n<td>Daha Fazla Bilgi<\/td>\n<td>\n<ul>\n<li>M\u00fcsaitlik durumu ve daha fazla resim i\u00e7in bizimle canl\u0131 sohbet edin<\/li>\n<li>G\u00f6r\u00fcn\u00fcm\u00fcn\u00fcz\u00fc a\u015fa\u011f\u0131dakilerle zenginle\u015ftirebilirsiniz\n<ul>\n<li><strong>Badem Damlal\u0131kl\u0131 K\u00fcpe<\/strong><\/li>\n<li><strong>Vadi Yapra\u011f\u0131 Kolye<\/strong><\/li>\n<\/ul>\n<\/li>\n<\/ul>\n<\/td>\n<\/tr>\n<\/tbody>\n<\/table>\n<\/div>\n<div class=\"btn-atc atc-slide\"><\/div>\n<div class=\"product_meta\"><\/div>","protected":false},"featured_media":365464,"comment_status":"closed","ping_status":"closed","template":"","meta":{"_eb_attr":"","_crsspst_to_jayantr4sg-hostcom":false},"product_brand":[],"product_cat":[236,1792,1229,1463,5593,1656,1574],"product_tag":[],"class_list":{"0":"post-345817","1":"product","2":"type-product","3":"status-publish","4":"has-post-thumbnail","6":"product_cat-collections","7":"product_cat-festival-gifts","8":"product_cat-22ct-gold-jewellery","9":"product_cat-gold-nose-pins","10":"product_cat-rosette-nose-pin","11":"product_cat-rosettes-collections","12":"product_cat-womens-jewellery","14":"first","15":"onbackorder","16":"taxable","17":"shipping-taxable","18":"product-type-simple","19":"add-to-wishlist-before_image"},"yoast_head":"<!-- This site is optimized with the Yoast SEO plugin v27.5 - https:\/\/yoast.com\/product\/yoast-seo-wordpress\/ -->\n<title>Shop 22ct Gold Bridal Nose Pin | purejewels.com<\/title>\n<meta name=\"description\" content=\"22ct Gold Rosette collection Bridal Nose Pin beautiful design. shop this Bridal Nose pin online from purejewels.com. Free delivery across the UK.\" \/>\n<meta name=\"robots\" content=\"index, follow, max-snippet:-1, max-image-preview:large, max-video-preview:-1\" \/>\n<link rel=\"canonical\" href=\"https:\/\/www.purejewels.com\/tr\/urun\/geli\u0307n-burun-i\u0307gnesi\u0307-22-ayar-altin-rozet-koleksi\u0307yonu-44281\/\" \/>\n<meta property=\"og:locale\" content=\"tr_TR\" \/>\n<meta property=\"og:type\" content=\"article\" \/>\n<meta property=\"og:title\" content=\"Shop 22ct Gold Bridal Nose Pin | purejewels.com\" \/>\n<meta property=\"og:description\" content=\"22ct Gold Rosette collection Bridal Nose Pin beautiful design. shop this Bridal Nose pin online from purejewels.com. Free delivery across the UK.\" \/>\n<meta property=\"og:url\" content=\"https:\/\/www.purejewels.com\/tr\/urun\/geli\u0307n-burun-i\u0307gnesi\u0307-22-ayar-altin-rozet-koleksi\u0307yonu-44281\/\" \/>\n<meta property=\"og:site_name\" content=\"PureJewels UK\" \/>\n<meta property=\"article:modified_time\" content=\"2026-02-03T07:04:51+00:00\" \/>\n<meta property=\"og:image\" content=\"https:\/\/static.purejewels.com\/wp-content\/uploads\/2024\/06\/Almond-pin.png\" \/>\n\t<meta property=\"og:image:width\" content=\"1000\" \/>\n\t<meta property=\"og:image:height\" content=\"1000\" \/>\n\t<meta property=\"og:image:type\" content=\"image\/png\" \/>\n<meta name=\"twitter:card\" content=\"summary_large_image\" \/>\n<meta name=\"twitter:label1\" content=\"Tahmini okuma s\u00fcresi\" \/>\n\t<meta name=\"twitter:data1\" content=\"2 dakika\" \/>\n<script type=\"application\/ld+json\" class=\"yoast-schema-graph\">{\"@context\":\"https:\\\/\\\/schema.org\",\"@graph\":[{\"@type\":[\"WebPage\",\"ItemPage\"],\"@id\":\"https:\\\/\\\/www.purejewels.com\\\/product\\\/bridal-nose-pin-22ct-gold-rosette-collection-44281\\\/\",\"url\":\"https:\\\/\\\/www.purejewels.com\\\/product\\\/bridal-nose-pin-22ct-gold-rosette-collection-44281\\\/\",\"name\":\"Shop 22ct Gold Bridal Nose Pin | purejewels.com\",\"isPartOf\":{\"@id\":\"https:\\\/\\\/www.purejewels.com\\\/#website\"},\"primaryImageOfPage\":{\"@id\":\"https:\\\/\\\/www.purejewels.com\\\/product\\\/bridal-nose-pin-22ct-gold-rosette-collection-44281\\\/#primaryimage\"},\"image\":{\"@id\":\"https:\\\/\\\/www.purejewels.com\\\/product\\\/bridal-nose-pin-22ct-gold-rosette-collection-44281\\\/#primaryimage\"},\"thumbnailUrl\":\"https:\\\/\\\/static.purejewels.com\\\/wp-content\\\/uploads\\\/2024\\\/06\\\/Almond-pin.png\",\"datePublished\":\"2024-06-25T10:19:07+00:00\",\"dateModified\":\"2026-02-03T07:04:51+00:00\",\"description\":\"22ct Gold Rosette collection Bridal Nose Pin beautiful design. shop this Bridal Nose pin online from purejewels.com. Free delivery across the UK.\",\"breadcrumb\":{\"@id\":\"https:\\\/\\\/www.purejewels.com\\\/product\\\/bridal-nose-pin-22ct-gold-rosette-collection-44281\\\/#breadcrumb\"},\"inLanguage\":\"tr\",\"potentialAction\":[{\"@type\":\"ReadAction\",\"target\":[\"https:\\\/\\\/www.purejewels.com\\\/product\\\/bridal-nose-pin-22ct-gold-rosette-collection-44281\\\/\"]}]},{\"@type\":\"ImageObject\",\"inLanguage\":\"tr\",\"@id\":\"https:\\\/\\\/www.purejewels.com\\\/product\\\/bridal-nose-pin-22ct-gold-rosette-collection-44281\\\/#primaryimage\",\"url\":\"https:\\\/\\\/static.purejewels.com\\\/wp-content\\\/uploads\\\/2024\\\/06\\\/Almond-pin.png\",\"contentUrl\":\"https:\\\/\\\/static.purejewels.com\\\/wp-content\\\/uploads\\\/2024\\\/06\\\/Almond-pin.png\",\"width\":1000,\"height\":1000,\"caption\":\"22ct Gold Nose Pin\"},{\"@type\":\"BreadcrumbList\",\"@id\":\"https:\\\/\\\/www.purejewels.com\\\/product\\\/bridal-nose-pin-22ct-gold-rosette-collection-44281\\\/#breadcrumb\",\"itemListElement\":[{\"@type\":\"ListItem\",\"position\":1,\"name\":\"Home\",\"item\":\"https:\\\/\\\/www.purejewels.com\\\/\"},{\"@type\":\"ListItem\",\"position\":2,\"name\":\"Shop\",\"item\":\"https:\\\/\\\/www.purejewels.com\\\/shop\\\/\"},{\"@type\":\"ListItem\",\"position\":3,\"name\":\"Bridal Nose Pin 22ct Gold | Rosette Collection\"}]},{\"@type\":\"WebSite\",\"@id\":\"https:\\\/\\\/www.purejewels.com\\\/#website\",\"url\":\"https:\\\/\\\/www.purejewels.com\\\/\",\"name\":\"PureJewels UK\",\"description\":\"Share the Love\",\"publisher\":{\"@id\":\"https:\\\/\\\/www.purejewels.com\\\/#organization\"},\"potentialAction\":[{\"@type\":\"SearchAction\",\"target\":{\"@type\":\"EntryPoint\",\"urlTemplate\":\"https:\\\/\\\/www.purejewels.com\\\/?s={search_term_string}\"},\"query-input\":{\"@type\":\"PropertyValueSpecification\",\"valueRequired\":true,\"valueName\":\"search_term_string\"}}],\"inLanguage\":\"tr\"},{\"@type\":\"Organization\",\"@id\":\"https:\\\/\\\/www.purejewels.com\\\/#organization\",\"name\":\"PureJewels UK\",\"url\":\"https:\\\/\\\/www.purejewels.com\\\/\",\"logo\":{\"@type\":\"ImageObject\",\"inLanguage\":\"tr\",\"@id\":\"https:\\\/\\\/www.purejewels.com\\\/#\\\/schema\\\/logo\\\/image\\\/\",\"url\":\"https:\\\/\\\/static.purejewels.com\\\/wp-content\\\/uploads\\\/2020\\\/11\\\/Logo-PJ-New-1.png\",\"contentUrl\":\"https:\\\/\\\/static.purejewels.com\\\/wp-content\\\/uploads\\\/2020\\\/11\\\/Logo-PJ-New-1.png\",\"width\":150,\"height\":80,\"caption\":\"PureJewels UK\"},\"image\":{\"@id\":\"https:\\\/\\\/www.purejewels.com\\\/#\\\/schema\\\/logo\\\/image\\\/\"}}]}<\/script>\n<!-- \/ Yoast SEO plugin. -->","yoast_head_json":{"title":"22 Ayar Alt\u0131n Gelin Burun \u0130\u011fnesi Al\u0131\u015fveri\u015fi | purejewels.com","description":"22 Ayar Alt\u0131n Rozet koleksiyonu Gelin Burun \u0130\u011fnesi g\u00fczel tasar\u0131m. purejewels.com'dan bu Gelin Burun i\u011fnesini online sat\u0131n al\u0131n. \u0130ngiltere genelinde \u00fccretsiz teslimat.","robots":{"index":"index","follow":"follow","max-snippet":"max-snippet:-1","max-image-preview":"max-image-preview:large","max-video-preview":"max-video-preview:-1"},"canonical":"https:\/\/www.purejewels.com\/tr\/urun\/geli\u0307n-burun-i\u0307gnesi\u0307-22-ayar-altin-rozet-koleksi\u0307yonu-44281\/","og_locale":"tr_TR","og_type":"article","og_title":"Shop 22ct Gold Bridal Nose Pin | purejewels.com","og_description":"22ct Gold Rosette collection Bridal Nose Pin beautiful design. shop this Bridal Nose pin online from purejewels.com. Free delivery across the UK.","og_url":"https:\/\/www.purejewels.com\/tr\/urun\/geli\u0307n-burun-i\u0307gnesi\u0307-22-ayar-altin-rozet-koleksi\u0307yonu-44281\/","og_site_name":"PureJewels UK","article_modified_time":"2026-02-03T07:04:51+00:00","og_image":[{"width":1000,"height":1000,"url":"https:\/\/static.purejewels.com\/wp-content\/uploads\/2024\/06\/Almond-pin.png","type":"image\/png"}],"twitter_card":"summary_large_image","twitter_misc":{"Tahmini okuma s\u00fcresi":"2 dakika"},"schema":{"@context":"https:\/\/schema.org","@graph":[{"@type":["WebPage","ItemPage"],"@id":"https:\/\/www.purejewels.com\/product\/bridal-nose-pin-22ct-gold-rosette-collection-44281\/","url":"https:\/\/www.purejewels.com\/product\/bridal-nose-pin-22ct-gold-rosette-collection-44281\/","name":"22 Ayar Alt\u0131n Gelin Burun \u0130\u011fnesi Al\u0131\u015fveri\u015fi | purejewels.com","isPartOf":{"@id":"https:\/\/www.purejewels.com\/#website"},"primaryImageOfPage":{"@id":"https:\/\/www.purejewels.com\/product\/bridal-nose-pin-22ct-gold-rosette-collection-44281\/#primaryimage"},"image":{"@id":"https:\/\/www.purejewels.com\/product\/bridal-nose-pin-22ct-gold-rosette-collection-44281\/#primaryimage"},"thumbnailUrl":"https:\/\/static.purejewels.com\/wp-content\/uploads\/2024\/06\/Almond-pin.png","datePublished":"2024-06-25T10:19:07+00:00","dateModified":"2026-02-03T07:04:51+00:00","description":"22 Ayar Alt\u0131n Rozet koleksiyonu Gelin Burun \u0130\u011fnesi g\u00fczel tasar\u0131m. purejewels.com'dan bu Gelin Burun i\u011fnesini online sat\u0131n al\u0131n. \u0130ngiltere genelinde \u00fccretsiz teslimat.","breadcrumb":{"@id":"https:\/\/www.purejewels.com\/product\/bridal-nose-pin-22ct-gold-rosette-collection-44281\/#breadcrumb"},"inLanguage":"tr","potentialAction":[{"@type":"ReadAction","target":["https:\/\/www.purejewels.com\/product\/bridal-nose-pin-22ct-gold-rosette-collection-44281\/"]}]},{"@type":"ImageObject","inLanguage":"tr","@id":"https:\/\/www.purejewels.com\/product\/bridal-nose-pin-22ct-gold-rosette-collection-44281\/#primaryimage","url":"https:\/\/static.purejewels.com\/wp-content\/uploads\/2024\/06\/Almond-pin.png","contentUrl":"https:\/\/static.purejewels.com\/wp-content\/uploads\/2024\/06\/Almond-pin.png","width":1000,"height":1000,"caption":"22ct Gold Nose Pin"},{"@type":"BreadcrumbList","@id":"https:\/\/www.purejewels.com\/product\/bridal-nose-pin-22ct-gold-rosette-collection-44281\/#breadcrumb","itemListElement":[{"@type":"ListItem","position":1,"name":"Home","item":"https:\/\/www.purejewels.com\/"},{"@type":"ListItem","position":2,"name":"Shop","item":"https:\/\/www.purejewels.com\/shop\/"},{"@type":"ListItem","position":3,"name":"Bridal Nose Pin 22ct Gold | Rosette Collection"}]},{"@type":"WebSite","@id":"https:\/\/www.purejewels.com\/#website","url":"https:\/\/www.purejewels.com\/","name":"PureJewels \u0130ngiltere","description":"Sevgiyi Payla\u015f\u0131n","publisher":{"@id":"https:\/\/www.purejewels.com\/#organization"},"potentialAction":[{"@type":"SearchAction","target":{"@type":"EntryPoint","urlTemplate":"https:\/\/www.purejewels.com\/?s={search_term_string}"},"query-input":{"@type":"PropertyValueSpecification","valueRequired":true,"valueName":"search_term_string"}}],"inLanguage":"tr"},{"@type":"Organization","@id":"https:\/\/www.purejewels.com\/#organization","name":"PureJewels \u0130ngiltere","url":"https:\/\/www.purejewels.com\/","logo":{"@type":"ImageObject","inLanguage":"tr","@id":"https:\/\/www.purejewels.com\/#\/schema\/logo\/image\/","url":"https:\/\/static.purejewels.com\/wp-content\/uploads\/2020\/11\/Logo-PJ-New-1.png","contentUrl":"https:\/\/static.purejewels.com\/wp-content\/uploads\/2020\/11\/Logo-PJ-New-1.png","width":150,"height":80,"caption":"PureJewels UK"},"image":{"@id":"https:\/\/www.purejewels.com\/#\/schema\/logo\/image\/"}}]}},"_links":{"self":[{"href":"https:\/\/www.purejewels.com\/tr\/wp-json\/wp\/v2\/product\/345817","targetHints":{"allow":["GET"]}}],"collection":[{"href":"https:\/\/www.purejewels.com\/tr\/wp-json\/wp\/v2\/product"}],"about":[{"href":"https:\/\/www.purejewels.com\/tr\/wp-json\/wp\/v2\/types\/product"}],"replies":[{"embeddable":true,"href":"https:\/\/www.purejewels.com\/tr\/wp-json\/wp\/v2\/comments?post=345817"}],"version-history":[{"count":3,"href":"https:\/\/www.purejewels.com\/tr\/wp-json\/wp\/v2\/product\/345817\/revisions"}],"predecessor-version":[{"id":420282,"href":"https:\/\/www.purejewels.com\/tr\/wp-json\/wp\/v2\/product\/345817\/revisions\/420282"}],"wp:featuredmedia":[{"embeddable":true,"href":"https:\/\/www.purejewels.com\/tr\/wp-json\/wp\/v2\/media\/365464"}],"wp:attachment":[{"href":"https:\/\/www.purejewels.com\/tr\/wp-json\/wp\/v2\/media?parent=345817"}],"wp:term":[{"taxonomy":"product_brand","embeddable":true,"href":"https:\/\/www.purejewels.com\/tr\/wp-json\/wp\/v2\/product_brand?post=345817"},{"taxonomy":"product_cat","embeddable":true,"href":"https:\/\/www.purejewels.com\/tr\/wp-json\/wp\/v2\/product_cat?post=345817"},{"taxonomy":"product_tag","embeddable":true,"href":"https:\/\/www.purejewels.com\/tr\/wp-json\/wp\/v2\/product_tag?post=345817"}],"curies":[{"name":"wp","href":"https:\/\/api.w.org\/{rel}","templated":true}]}}