{"id":345847,"date":"2024-07-03T12:56:52","date_gmt":"2024-07-03T11:56:52","guid":{"rendered":"https:\/\/www.purejewels.com\/?post_type=product&#038;p=345847"},"modified":"2026-01-21T06:54:21","modified_gmt":"2026-01-21T06:54:21","slug":"22-ayar-altin-rozet-burun-ignesi-44988","status":"publish","type":"product","link":"https:\/\/www.purejewels.com\/tr\/product\/22ct-gold-rosette-nose-pin-44988\/","title":{"rendered":"22 Ayar Alt\u0131n Rozet Burun \u0130\u011fnesi"},"content":{"rendered":"<p>Antik Hindistan'da burun i\u011fnesinin Tanr\u0131\u00e7a Parvati i\u00e7in m\u00fckemmel bir \u00f6neme sahip oldu\u011funa inan\u0131l\u0131rd\u0131. Rozet burun i\u011fnemiz 22 ayar alt\u0131ndan yap\u0131lm\u0131\u015ft\u0131r ve g\u00fcnl\u00fck kullan\u0131m i\u00e7in m\u00fckemmeldir. Tam oturmas\u0131 ve en \u00fcst d\u00fczeyde rahatl\u0131\u011f\u0131 garanti edecek \u015fekilde tasarlanm\u0131\u015ft\u0131r. Tasar\u0131m, kenarlar\u0131nda minik d\u00fcz dairelerle s\u00fcslenmi\u015f tek bir Rozet motifine sahiptir. Burun i\u011fnesi Rosette koleksiyonumuzun bir par\u00e7as\u0131d\u0131r. Rosette koleksiyonumuz, ister b\u00fcy\u00fck ister k\u00fc\u00e7\u00fck olsun, hayattaki her ba\u015far\u0131y\u0131 kutlamaya dayanmaktad\u0131r. Burun i\u011fnesi ayn\u0131 zamanda kendiniz ve sevdikleriniz i\u00e7in e\u015fsiz bir hediye olabilir! Kal\u0131p damgalama ve 22 ayar alt\u0131n kullan\u0131larak olu\u015fturulmu\u015ftur.<\/p>\n<ul>\n<li>SKU 44988<\/li>\n<li>A\u011f\u0131rl\u0131k 1,8 gms<\/li>\n<li>Aral\u0131k Kimli\u011fi<b>\u00a0:<\/b> JWNJPNRS001<\/li>\n<\/ul>\n<p><a href=\"https:\/\/www.purejewels.com\/tr\/product-category\/22ct-gold-jewellery\/nose-jewellery\/gold-nose-pins\/\">Burun pimleri<\/a> 22 ayar alt\u0131ndan yap\u0131lm\u0131\u015f ve uzman zanaatk\u00e2rlar taraf\u0131ndan el i\u015f\u00e7ili\u011fi ile \u00fcretilmi\u015ftir.<\/p>","protected":false},"excerpt":{"rendered":"<div class=\"woocommerce-product-details__short-description\">\n<table class=\"sh_desc\" style=\"width: 100%; height: 252px;\">\n<tbody>\n<tr style=\"height: 28px;\">\n<td style=\"height: 28px;\">Burun Pimi Tipi<\/td>\n<td style=\"height: 28px;\">Gelin Burun \u0130\u011fnesi<\/td>\n<\/tr>\n<tr style=\"height: 28px;\">\n<td style=\"height: 28px;\">SKU<\/td>\n<td style=\"height: 28px;\">44988<\/td>\n<\/tr>\n<tr style=\"height: 28px;\">\n<td style=\"height: 28px;\">A\u011f\u0131rl\u0131k<\/td>\n<td style=\"height: 28px;\">1.8 Gms<\/td>\n<\/tr>\n<tr style=\"height: 28px;\">\n<td style=\"height: 28px;\">Cinsiyet<\/td>\n<td style=\"height: 28px;\">Bayanlar<\/td>\n<\/tr>\n<tr style=\"height: 28px;\">\n<td style=\"height: 28px;\">Koleksiyon<\/td>\n<td style=\"height: 28px;\">Rozet Koleksiyonu<\/td>\n<\/tr>\n<tr style=\"height: 28px;\">\n<td style=\"height: 28px;\">Metal<\/td>\n<td style=\"height: 28px;\">22 Ayar Alt\u0131n<\/td>\n<\/tr>\n<tr style=\"height: 28px;\">\n<td style=\"height: 28px;\">KatalogID<\/td>\n<td style=\"height: 28px;\">R1015<\/td>\n<\/tr>\n<tr style=\"height: 28px;\">\n<td style=\"height: 28px;\">\u00dccretler<\/td>\n<td style=\"height: 28px;\">Teslimat ve KDV Dahil<\/td>\n<\/tr>\n<tr style=\"height: 28px;\">\n<td style=\"height: 28px;\">Paketleme<\/td>\n<td style=\"height: 28px;\">Sunum Kutusu ile Birlikte Gelir<\/td>\n<\/tr>\n<tr style=\"height: 28px;\">\n<td style=\"height: 28px;\">Daha Fazla Bilgi<\/td>\n<td style=\"height: 28px;\">M\u00fcsaitlik durumu ve daha fazla resim i\u00e7in bizimle canl\u0131 sohbet edin<\/td>\n<\/tr>\n<\/tbody>\n<\/table>\n<\/div>\n<div class=\"btn-atc atc-slide\"><\/div>\n<div class=\"product_meta\"><\/div>","protected":false},"featured_media":345842,"comment_status":"closed","ping_status":"closed","template":"","meta":{"_eb_attr":"","_crsspst_to_jayantr4sg-hostcom":false},"product_brand":[],"product_cat":[236,1792,1229,1463,5593,1656,1574],"product_tag":[],"class_list":{"0":"post-345847","1":"product","2":"type-product","3":"status-publish","4":"has-post-thumbnail","6":"product_cat-collections","7":"product_cat-festival-gifts","8":"product_cat-22ct-gold-jewellery","9":"product_cat-gold-nose-pins","10":"product_cat-rosette-nose-pin","11":"product_cat-rosettes-collections","12":"product_cat-womens-jewellery","14":"first","15":"onbackorder","16":"taxable","17":"shipping-taxable","18":"product-type-simple","19":"add-to-wishlist-before_image"},"yoast_head":"<!-- This site is optimized with the Yoast SEO plugin v27.6 - https:\/\/yoast.com\/product\/yoast-seo-wordpress\/ -->\n<title>Buy 22ct Gold Handcrafted Bridal Nose Pin at PureJewels<\/title>\n<meta name=\"description\" content=\"This 22ct Gold Nose Pin is handcrafted by expert artisan using die striking technique and it is available online for free UK delivery\" \/>\n<meta name=\"robots\" content=\"index, follow, max-snippet:-1, max-image-preview:large, max-video-preview:-1\" \/>\n<link rel=\"canonical\" href=\"https:\/\/www.purejewels.com\/tr\/urun\/22-ayar-altin-rozet-burun-ignesi-44988\/\" \/>\n<meta property=\"og:locale\" content=\"tr_TR\" \/>\n<meta property=\"og:type\" content=\"article\" \/>\n<meta property=\"og:title\" content=\"Buy 22ct Gold Handcrafted Bridal Nose Pin at PureJewels\" \/>\n<meta property=\"og:description\" content=\"This 22ct Gold Nose Pin is handcrafted by expert artisan using die striking technique and it is available online for free UK delivery\" \/>\n<meta property=\"og:url\" content=\"https:\/\/www.purejewels.com\/tr\/urun\/22-ayar-altin-rozet-burun-ignesi-44988\/\" \/>\n<meta property=\"og:site_name\" content=\"PureJewels UK\" \/>\n<meta property=\"article:modified_time\" content=\"2026-01-21T06:54:21+00:00\" \/>\n<meta property=\"og:image\" content=\"https:\/\/static.purejewels.com\/wp-content\/uploads\/2023\/04\/SKU-44288.jpg\" \/>\n\t<meta property=\"og:image:width\" content=\"1\" \/>\n\t<meta property=\"og:image:height\" content=\"1\" \/>\n\t<meta property=\"og:image:type\" content=\"image\/jpeg\" \/>\n<meta name=\"twitter:card\" content=\"summary_large_image\" \/>\n<meta name=\"twitter:label1\" content=\"Tahmini okuma s\u00fcresi\" \/>\n\t<meta name=\"twitter:data1\" content=\"1 dakika\" \/>\n<script type=\"application\/ld+json\" class=\"yoast-schema-graph\">{\"@context\":\"https:\\\/\\\/schema.org\",\"@graph\":[{\"@type\":[\"WebPage\",\"ItemPage\"],\"@id\":\"https:\\\/\\\/www.purejewels.com\\\/product\\\/22ct-gold-rosette-nose-pin-44988\\\/\",\"url\":\"https:\\\/\\\/www.purejewels.com\\\/product\\\/22ct-gold-rosette-nose-pin-44988\\\/\",\"name\":\"Buy 22ct Gold Handcrafted Bridal Nose Pin at PureJewels\",\"isPartOf\":{\"@id\":\"https:\\\/\\\/www.purejewels.com\\\/#website\"},\"primaryImageOfPage\":{\"@id\":\"https:\\\/\\\/www.purejewels.com\\\/product\\\/22ct-gold-rosette-nose-pin-44988\\\/#primaryimage\"},\"image\":{\"@id\":\"https:\\\/\\\/www.purejewels.com\\\/product\\\/22ct-gold-rosette-nose-pin-44988\\\/#primaryimage\"},\"thumbnailUrl\":\"https:\\\/\\\/static.purejewels.com\\\/wp-content\\\/uploads\\\/2023\\\/04\\\/SKU-44288.jpg\",\"datePublished\":\"2024-07-03T11:56:52+00:00\",\"dateModified\":\"2026-01-21T06:54:21+00:00\",\"description\":\"This 22ct Gold Nose Pin is handcrafted by expert artisan using die striking technique and it is available online for free UK delivery\",\"breadcrumb\":{\"@id\":\"https:\\\/\\\/www.purejewels.com\\\/product\\\/22ct-gold-rosette-nose-pin-44988\\\/#breadcrumb\"},\"inLanguage\":\"tr\",\"potentialAction\":[{\"@type\":\"ReadAction\",\"target\":[\"https:\\\/\\\/www.purejewels.com\\\/product\\\/22ct-gold-rosette-nose-pin-44988\\\/\"]}]},{\"@type\":\"ImageObject\",\"inLanguage\":\"tr\",\"@id\":\"https:\\\/\\\/www.purejewels.com\\\/product\\\/22ct-gold-rosette-nose-pin-44988\\\/#primaryimage\",\"url\":\"https:\\\/\\\/static.purejewels.com\\\/wp-content\\\/uploads\\\/2023\\\/04\\\/SKU-44288.jpg\",\"contentUrl\":\"https:\\\/\\\/static.purejewels.com\\\/wp-content\\\/uploads\\\/2023\\\/04\\\/SKU-44288.jpg\",\"caption\":\"22ct Gold Rosette Nose Pin\"},{\"@type\":\"BreadcrumbList\",\"@id\":\"https:\\\/\\\/www.purejewels.com\\\/product\\\/22ct-gold-rosette-nose-pin-44988\\\/#breadcrumb\",\"itemListElement\":[{\"@type\":\"ListItem\",\"position\":1,\"name\":\"Home\",\"item\":\"https:\\\/\\\/www.purejewels.com\\\/\"},{\"@type\":\"ListItem\",\"position\":2,\"name\":\"Shop\",\"item\":\"https:\\\/\\\/www.purejewels.com\\\/shop\\\/\"},{\"@type\":\"ListItem\",\"position\":3,\"name\":\"22ct Gold Rosette Nose Pin\"}]},{\"@type\":\"WebSite\",\"@id\":\"https:\\\/\\\/www.purejewels.com\\\/#website\",\"url\":\"https:\\\/\\\/www.purejewels.com\\\/\",\"name\":\"PureJewels UK\",\"description\":\"Share the Love\",\"publisher\":{\"@id\":\"https:\\\/\\\/www.purejewels.com\\\/#organization\"},\"potentialAction\":[{\"@type\":\"SearchAction\",\"target\":{\"@type\":\"EntryPoint\",\"urlTemplate\":\"https:\\\/\\\/www.purejewels.com\\\/?s={search_term_string}\"},\"query-input\":{\"@type\":\"PropertyValueSpecification\",\"valueRequired\":true,\"valueName\":\"search_term_string\"}}],\"inLanguage\":\"tr\"},{\"@type\":\"Organization\",\"@id\":\"https:\\\/\\\/www.purejewels.com\\\/#organization\",\"name\":\"PureJewels UK\",\"url\":\"https:\\\/\\\/www.purejewels.com\\\/\",\"logo\":{\"@type\":\"ImageObject\",\"inLanguage\":\"tr\",\"@id\":\"https:\\\/\\\/www.purejewels.com\\\/#\\\/schema\\\/logo\\\/image\\\/\",\"url\":\"https:\\\/\\\/static.purejewels.com\\\/wp-content\\\/uploads\\\/2020\\\/11\\\/Logo-PJ-New-1.png\",\"contentUrl\":\"https:\\\/\\\/static.purejewels.com\\\/wp-content\\\/uploads\\\/2020\\\/11\\\/Logo-PJ-New-1.png\",\"width\":150,\"height\":80,\"caption\":\"PureJewels UK\"},\"image\":{\"@id\":\"https:\\\/\\\/www.purejewels.com\\\/#\\\/schema\\\/logo\\\/image\\\/\"}}]}<\/script>\n<!-- \/ Yoast SEO plugin. -->","yoast_head_json":{"title":"PureJewels'ten 22 Ayar Alt\u0131n El \u0130\u015fi Gelin Burun \u0130\u011fnesi Sat\u0131n Al\u0131n","description":"Bu 22 Ayar Alt\u0131n Burun \u0130\u011fnesi, uzman zanaatkar taraf\u0131ndan kal\u0131p vurma tekni\u011fi kullan\u0131larak el yap\u0131m\u0131 olarak \u00fcretilmi\u015ftir ve \u0130ngiltere'den \u00fccretsiz teslimat i\u00e7in \u00e7evrimi\u00e7i olarak mevcuttur","robots":{"index":"index","follow":"follow","max-snippet":"max-snippet:-1","max-image-preview":"max-image-preview:large","max-video-preview":"max-video-preview:-1"},"canonical":"https:\/\/www.purejewels.com\/tr\/urun\/22-ayar-altin-rozet-burun-ignesi-44988\/","og_locale":"tr_TR","og_type":"article","og_title":"Buy 22ct Gold Handcrafted Bridal Nose Pin at PureJewels","og_description":"This 22ct Gold Nose Pin is handcrafted by expert artisan using die striking technique and it is available online for free UK delivery","og_url":"https:\/\/www.purejewels.com\/tr\/urun\/22-ayar-altin-rozet-burun-ignesi-44988\/","og_site_name":"PureJewels UK","article_modified_time":"2026-01-21T06:54:21+00:00","og_image":[{"url":"https:\/\/static.purejewels.com\/wp-content\/uploads\/2023\/04\/SKU-44288.jpg","width":1,"height":1,"type":"image\/jpeg"}],"twitter_card":"summary_large_image","twitter_misc":{"Tahmini okuma s\u00fcresi":"1 dakika"},"schema":{"@context":"https:\/\/schema.org","@graph":[{"@type":["WebPage","ItemPage"],"@id":"https:\/\/www.purejewels.com\/product\/22ct-gold-rosette-nose-pin-44988\/","url":"https:\/\/www.purejewels.com\/product\/22ct-gold-rosette-nose-pin-44988\/","name":"PureJewels'ten 22 Ayar Alt\u0131n El \u0130\u015fi Gelin Burun \u0130\u011fnesi Sat\u0131n Al\u0131n","isPartOf":{"@id":"https:\/\/www.purejewels.com\/#website"},"primaryImageOfPage":{"@id":"https:\/\/www.purejewels.com\/product\/22ct-gold-rosette-nose-pin-44988\/#primaryimage"},"image":{"@id":"https:\/\/www.purejewels.com\/product\/22ct-gold-rosette-nose-pin-44988\/#primaryimage"},"thumbnailUrl":"https:\/\/static.purejewels.com\/wp-content\/uploads\/2023\/04\/SKU-44288.jpg","datePublished":"2024-07-03T11:56:52+00:00","dateModified":"2026-01-21T06:54:21+00:00","description":"Bu 22 Ayar Alt\u0131n Burun \u0130\u011fnesi, uzman zanaatkar taraf\u0131ndan kal\u0131p vurma tekni\u011fi kullan\u0131larak el yap\u0131m\u0131 olarak \u00fcretilmi\u015ftir ve \u0130ngiltere'den \u00fccretsiz teslimat i\u00e7in \u00e7evrimi\u00e7i olarak mevcuttur","breadcrumb":{"@id":"https:\/\/www.purejewels.com\/product\/22ct-gold-rosette-nose-pin-44988\/#breadcrumb"},"inLanguage":"tr","potentialAction":[{"@type":"ReadAction","target":["https:\/\/www.purejewels.com\/product\/22ct-gold-rosette-nose-pin-44988\/"]}]},{"@type":"ImageObject","inLanguage":"tr","@id":"https:\/\/www.purejewels.com\/product\/22ct-gold-rosette-nose-pin-44988\/#primaryimage","url":"https:\/\/static.purejewels.com\/wp-content\/uploads\/2023\/04\/SKU-44288.jpg","contentUrl":"https:\/\/static.purejewels.com\/wp-content\/uploads\/2023\/04\/SKU-44288.jpg","caption":"22ct Gold Rosette Nose Pin"},{"@type":"BreadcrumbList","@id":"https:\/\/www.purejewels.com\/product\/22ct-gold-rosette-nose-pin-44988\/#breadcrumb","itemListElement":[{"@type":"ListItem","position":1,"name":"Home","item":"https:\/\/www.purejewels.com\/"},{"@type":"ListItem","position":2,"name":"Shop","item":"https:\/\/www.purejewels.com\/shop\/"},{"@type":"ListItem","position":3,"name":"22ct Gold Rosette Nose Pin"}]},{"@type":"WebSite","@id":"https:\/\/www.purejewels.com\/#website","url":"https:\/\/www.purejewels.com\/","name":"PureJewels \u0130ngiltere","description":"Sevgiyi Payla\u015f\u0131n","publisher":{"@id":"https:\/\/www.purejewels.com\/#organization"},"potentialAction":[{"@type":"SearchAction","target":{"@type":"EntryPoint","urlTemplate":"https:\/\/www.purejewels.com\/?s={search_term_string}"},"query-input":{"@type":"PropertyValueSpecification","valueRequired":true,"valueName":"search_term_string"}}],"inLanguage":"tr"},{"@type":"Organization","@id":"https:\/\/www.purejewels.com\/#organization","name":"PureJewels \u0130ngiltere","url":"https:\/\/www.purejewels.com\/","logo":{"@type":"ImageObject","inLanguage":"tr","@id":"https:\/\/www.purejewels.com\/#\/schema\/logo\/image\/","url":"https:\/\/static.purejewels.com\/wp-content\/uploads\/2020\/11\/Logo-PJ-New-1.png","contentUrl":"https:\/\/static.purejewels.com\/wp-content\/uploads\/2020\/11\/Logo-PJ-New-1.png","width":150,"height":80,"caption":"PureJewels UK"},"image":{"@id":"https:\/\/www.purejewels.com\/#\/schema\/logo\/image\/"}}]}},"_links":{"self":[{"href":"https:\/\/www.purejewels.com\/tr\/wp-json\/wp\/v2\/product\/345847","targetHints":{"allow":["GET"]}}],"collection":[{"href":"https:\/\/www.purejewels.com\/tr\/wp-json\/wp\/v2\/product"}],"about":[{"href":"https:\/\/www.purejewels.com\/tr\/wp-json\/wp\/v2\/types\/product"}],"replies":[{"embeddable":true,"href":"https:\/\/www.purejewels.com\/tr\/wp-json\/wp\/v2\/comments?post=345847"}],"version-history":[{"count":4,"href":"https:\/\/www.purejewels.com\/tr\/wp-json\/wp\/v2\/product\/345847\/revisions"}],"predecessor-version":[{"id":398599,"href":"https:\/\/www.purejewels.com\/tr\/wp-json\/wp\/v2\/product\/345847\/revisions\/398599"}],"wp:featuredmedia":[{"embeddable":true,"href":"https:\/\/www.purejewels.com\/tr\/wp-json\/wp\/v2\/media\/345842"}],"wp:attachment":[{"href":"https:\/\/www.purejewels.com\/tr\/wp-json\/wp\/v2\/media?parent=345847"}],"wp:term":[{"taxonomy":"product_brand","embeddable":true,"href":"https:\/\/www.purejewels.com\/tr\/wp-json\/wp\/v2\/product_brand?post=345847"},{"taxonomy":"product_cat","embeddable":true,"href":"https:\/\/www.purejewels.com\/tr\/wp-json\/wp\/v2\/product_cat?post=345847"},{"taxonomy":"product_tag","embeddable":true,"href":"https:\/\/www.purejewels.com\/tr\/wp-json\/wp\/v2\/product_tag?post=345847"}],"curies":[{"name":"wp","href":"https:\/\/api.w.org\/{rel}","templated":true}]}}