{"id":345871,"date":"2023-04-11T06:36:41","date_gmt":"2023-04-11T05:36:41","guid":{"rendered":"https:\/\/www.purejewels.com\/?post_type=product&#038;p=345871"},"modified":"2026-01-07T06:26:50","modified_gmt":"2026-01-07T06:26:50","slug":"bayanlar-icin-22-ayar-altin-rozet-yuzuk-47111","status":"publish","type":"product","link":"https:\/\/www.purejewels.com\/tr\/product\/22ct-gold-rosettes-ring-for-ladies-47111\/","title":{"rendered":"Bayanlar i\u00e7in 22 Ayar Alt\u0131n Rozet Y\u00fcz\u00fck"},"content":{"rendered":"<ul>\n<li>SKU:47111<\/li>\n<\/ul>","protected":false},"excerpt":{"rendered":"<table style=\"border-collapse: collapse; width: 100%; height: 196px;\">\n<tbody>\n<tr style=\"height: 28px;\">\n<td style=\"width: 21%; height: 28px;\">Y\u00fcz\u00fck Tipi<\/td>\n<td style=\"width: 79%; height: 28px;\">22 Ayar Alt\u0131n Y\u00fcz\u00fck<\/td>\n<\/tr>\n<tr style=\"height: 28px;\">\n<td style=\"width: 21%; height: 28px;\">SKU<\/td>\n<td style=\"width: 79%; height: 28px;\">47111<\/td>\n<\/tr>\n<tr style=\"height: 28px;\">\n<td style=\"width: 21%; height: 28px;\">Y\u00fcz\u00fck \u00d6l\u00e7\u00fcs\u00fc<\/td>\n<td style=\"width: 79%; height: 28px;\">Q<\/td>\n<\/tr>\n<tr style=\"height: 28px;\">\n<td style=\"width: 21%; height: 28px;\">Geni\u015flik<\/td>\n<td style=\"width: 79%; height: 28px;\">4,5 mm<\/td>\n<\/tr>\n<tr style=\"height: 28px;\">\n<td style=\"width: 21%; height: 28px;\">A\u011f\u0131rl\u0131k<\/td>\n<td style=\"width: 79%; height: 28px;\">4.4 gms<\/td>\n<\/tr>\n<tr style=\"height: 28px;\">\n<td style=\"width: 21%; height: 28px;\">Koleksiyon<\/td>\n<td style=\"width: 79%; height: 28px;\">Rozet Koleksiyonu<\/td>\n<\/tr>\n<tr style=\"height: 28px;\">\n<td style=\"width: 21%; height: 28px;\">Cinsiyet<\/td>\n<td style=\"width: 79%; height: 28px;\">Bayanlar<\/td>\n<\/tr>\n<tr style=\"height: 28px;\">\n<td style=\"width: 21%; height: 28px;\">\u00dccretler<\/td>\n<td style=\"width: 79%; height: 28px;\">Teslimat ve KDV Dahil<\/td>\n<\/tr>\n<tr style=\"height: 28px;\">\n<td style=\"width: 21%; height: 28px;\">Paketleme<\/td>\n<td style=\"width: 79%; height: 28px;\">Sunum Kutusu ile Birlikte Gelir<\/td>\n<\/tr>\n<tr>\n<td style=\"width: 21%;\">Daha Fazla Bilgi<\/td>\n<td style=\"width: 79%;\">M\u00fcsaitlik durumu ve daha fazla resim i\u00e7in bizimle canl\u0131 sohbet edin<\/td>\n<\/tr>\n<\/tbody>\n<\/table>\n<p>&nbsp;<\/p>","protected":false},"featured_media":345766,"comment_status":"closed","ping_status":"closed","template":"","meta":{"_eb_attr":"","_crsspst_to_jayantr4sg-hostcom":false},"product_brand":[],"product_cat":[236,1229,1235,1783,1786,6156,1656,5276,5349],"product_tag":[64],"class_list":{"0":"post-345871","1":"product","2":"type-product","3":"status-publish","4":"has-post-thumbnail","6":"product_cat-collections","7":"product_cat-22ct-gold-jewellery","8":"product_cat-gold-rings","9":"product_cat-ladies-rings","10":"product_cat-occasional-wear-rings","11":"product_cat-rosette-bands","12":"product_cat-rosettes-collections","13":"product_cat-rosettes-ring","14":"product_cat-yellow-gold-jewellery","15":"product_tag-rings","17":"first","18":"outofstock","19":"taxable","20":"shipping-taxable","21":"product-type-simple","22":"add-to-wishlist-before_image"},"yoast_head":"<!-- This site is optimized with the Yoast SEO plugin v27.3 - https:\/\/yoast.com\/product\/yoast-seo-wordpress\/ -->\n<title>22ct Gold Rosettes Ring for Ladies at Purejewels<\/title>\n<meta name=\"description\" content=\"22ct Gold Rosettes Ring is the perfect for occasional. This stunning piece of Ring will bring sophistication to any outfit. Free delivery at UK.\" \/>\n<meta name=\"robots\" content=\"index, follow, max-snippet:-1, max-image-preview:large, max-video-preview:-1\" \/>\n<link rel=\"canonical\" href=\"https:\/\/www.purejewels.com\/tr\/urun\/bayanlar-icin-22-ayar-altin-rozet-yuzuk-47111\/\" \/>\n<meta property=\"og:locale\" content=\"tr_TR\" \/>\n<meta property=\"og:type\" content=\"article\" \/>\n<meta property=\"og:title\" content=\"22ct Gold Rosettes Ring for Ladies at Purejewels\" \/>\n<meta property=\"og:description\" content=\"22ct Gold Rosettes Ring is the perfect for occasional. This stunning piece of Ring will bring sophistication to any outfit. Free delivery at UK.\" \/>\n<meta property=\"og:url\" content=\"https:\/\/www.purejewels.com\/tr\/urun\/bayanlar-icin-22-ayar-altin-rozet-yuzuk-47111\/\" \/>\n<meta property=\"og:site_name\" content=\"PureJewels UK\" \/>\n<meta property=\"article:modified_time\" content=\"2026-01-07T06:26:50+00:00\" \/>\n<meta property=\"og:image\" content=\"https:\/\/www.purejewels.com\/wp-content\/uploads\/2023\/02\/1674653536_43355-43353-43356-43404-43355-43354-41708-3.jpg\" \/>\n\t<meta property=\"og:image:width\" content=\"1000\" \/>\n\t<meta property=\"og:image:height\" content=\"1000\" \/>\n\t<meta property=\"og:image:type\" content=\"image\/jpeg\" \/>\n<meta name=\"twitter:card\" content=\"summary_large_image\" \/>\n<meta name=\"twitter:label1\" content=\"Tahmini okuma s\u00fcresi\" \/>\n\t<meta name=\"twitter:data1\" content=\"1 dakika\" \/>\n<script type=\"application\/ld+json\" class=\"yoast-schema-graph\">{\"@context\":\"https:\\\/\\\/schema.org\",\"@graph\":[{\"@type\":[\"WebPage\",\"ItemPage\"],\"@id\":\"https:\\\/\\\/www.purejewels.com\\\/product\\\/22ct-gold-rosettes-ring-for-ladies-47111\\\/\",\"url\":\"https:\\\/\\\/www.purejewels.com\\\/product\\\/22ct-gold-rosettes-ring-for-ladies-47111\\\/\",\"name\":\"22ct Gold Rosettes Ring for Ladies at Purejewels\",\"isPartOf\":{\"@id\":\"https:\\\/\\\/www.purejewels.com\\\/#website\"},\"primaryImageOfPage\":{\"@id\":\"https:\\\/\\\/www.purejewels.com\\\/product\\\/22ct-gold-rosettes-ring-for-ladies-47111\\\/#primaryimage\"},\"image\":{\"@id\":\"https:\\\/\\\/www.purejewels.com\\\/product\\\/22ct-gold-rosettes-ring-for-ladies-47111\\\/#primaryimage\"},\"thumbnailUrl\":\"https:\\\/\\\/static.purejewels.com\\\/wp-content\\\/uploads\\\/2023\\\/02\\\/1674653536_43355-43353-43356-43404-43355-43354-41708-3.jpg\",\"datePublished\":\"2023-04-11T05:36:41+00:00\",\"dateModified\":\"2026-01-07T06:26:50+00:00\",\"description\":\"22ct Gold Rosettes Ring is the perfect for occasional. This stunning piece of Ring will bring sophistication to any outfit. Free delivery at UK.\",\"breadcrumb\":{\"@id\":\"https:\\\/\\\/www.purejewels.com\\\/product\\\/22ct-gold-rosettes-ring-for-ladies-47111\\\/#breadcrumb\"},\"inLanguage\":\"tr\",\"potentialAction\":[{\"@type\":\"ReadAction\",\"target\":[\"https:\\\/\\\/www.purejewels.com\\\/product\\\/22ct-gold-rosettes-ring-for-ladies-47111\\\/\"]}]},{\"@type\":\"ImageObject\",\"inLanguage\":\"tr\",\"@id\":\"https:\\\/\\\/www.purejewels.com\\\/product\\\/22ct-gold-rosettes-ring-for-ladies-47111\\\/#primaryimage\",\"url\":\"https:\\\/\\\/static.purejewels.com\\\/wp-content\\\/uploads\\\/2023\\\/02\\\/1674653536_43355-43353-43356-43404-43355-43354-41708-3.jpg\",\"contentUrl\":\"https:\\\/\\\/static.purejewels.com\\\/wp-content\\\/uploads\\\/2023\\\/02\\\/1674653536_43355-43353-43356-43404-43355-43354-41708-3.jpg\",\"width\":1000,\"height\":1000,\"caption\":\"22ct Gold Ladies Ring | L Size | Rosettes Collection\"},{\"@type\":\"BreadcrumbList\",\"@id\":\"https:\\\/\\\/www.purejewels.com\\\/product\\\/22ct-gold-rosettes-ring-for-ladies-47111\\\/#breadcrumb\",\"itemListElement\":[{\"@type\":\"ListItem\",\"position\":1,\"name\":\"Home\",\"item\":\"https:\\\/\\\/www.purejewels.com\\\/\"},{\"@type\":\"ListItem\",\"position\":2,\"name\":\"Shop\",\"item\":\"https:\\\/\\\/www.purejewels.com\\\/shop\\\/\"},{\"@type\":\"ListItem\",\"position\":3,\"name\":\"22ct Gold Rosettes Ring for Ladies\"}]},{\"@type\":\"WebSite\",\"@id\":\"https:\\\/\\\/www.purejewels.com\\\/#website\",\"url\":\"https:\\\/\\\/www.purejewels.com\\\/\",\"name\":\"PureJewels UK\",\"description\":\"Share the Love\",\"publisher\":{\"@id\":\"https:\\\/\\\/www.purejewels.com\\\/#organization\"},\"potentialAction\":[{\"@type\":\"SearchAction\",\"target\":{\"@type\":\"EntryPoint\",\"urlTemplate\":\"https:\\\/\\\/www.purejewels.com\\\/?s={search_term_string}\"},\"query-input\":{\"@type\":\"PropertyValueSpecification\",\"valueRequired\":true,\"valueName\":\"search_term_string\"}}],\"inLanguage\":\"tr\"},{\"@type\":\"Organization\",\"@id\":\"https:\\\/\\\/www.purejewels.com\\\/#organization\",\"name\":\"PureJewels UK\",\"url\":\"https:\\\/\\\/www.purejewels.com\\\/\",\"logo\":{\"@type\":\"ImageObject\",\"inLanguage\":\"tr\",\"@id\":\"https:\\\/\\\/www.purejewels.com\\\/#\\\/schema\\\/logo\\\/image\\\/\",\"url\":\"https:\\\/\\\/static.purejewels.com\\\/wp-content\\\/uploads\\\/2020\\\/11\\\/Logo-PJ-New-1.png\",\"contentUrl\":\"https:\\\/\\\/static.purejewels.com\\\/wp-content\\\/uploads\\\/2020\\\/11\\\/Logo-PJ-New-1.png\",\"width\":150,\"height\":80,\"caption\":\"PureJewels UK\"},\"image\":{\"@id\":\"https:\\\/\\\/www.purejewels.com\\\/#\\\/schema\\\/logo\\\/image\\\/\"}}]}<\/script>\n<!-- \/ Yoast SEO plugin. -->","yoast_head_json":{"title":"Purejewels'de Bayanlar i\u00e7in 22 Ayar Alt\u0131n Rozet Y\u00fcz\u00fck","description":"22 Ayar Alt\u0131n Rozet Y\u00fcz\u00fck ara s\u0131ra kullanmak i\u00e7in m\u00fckemmeldir. Bu \u00e7arp\u0131c\u0131 y\u00fcz\u00fck par\u00e7as\u0131 her k\u0131yafete sofistike bir hava katacakt\u0131r. \u0130ngiltere'de \u00fccretsiz teslimat.","robots":{"index":"index","follow":"follow","max-snippet":"max-snippet:-1","max-image-preview":"max-image-preview:large","max-video-preview":"max-video-preview:-1"},"canonical":"https:\/\/www.purejewels.com\/tr\/urun\/bayanlar-icin-22-ayar-altin-rozet-yuzuk-47111\/","og_locale":"tr_TR","og_type":"article","og_title":"22ct Gold Rosettes Ring for Ladies at Purejewels","og_description":"22ct Gold Rosettes Ring is the perfect for occasional. This stunning piece of Ring will bring sophistication to any outfit. Free delivery at UK.","og_url":"https:\/\/www.purejewels.com\/tr\/urun\/bayanlar-icin-22-ayar-altin-rozet-yuzuk-47111\/","og_site_name":"PureJewels UK","article_modified_time":"2026-01-07T06:26:50+00:00","og_image":[{"width":1000,"height":1000,"url":"https:\/\/www.purejewels.com\/wp-content\/uploads\/2023\/02\/1674653536_43355-43353-43356-43404-43355-43354-41708-3.jpg","type":"image\/jpeg"}],"twitter_card":"summary_large_image","twitter_misc":{"Tahmini okuma s\u00fcresi":"1 dakika"},"schema":{"@context":"https:\/\/schema.org","@graph":[{"@type":["WebPage","ItemPage"],"@id":"https:\/\/www.purejewels.com\/product\/22ct-gold-rosettes-ring-for-ladies-47111\/","url":"https:\/\/www.purejewels.com\/product\/22ct-gold-rosettes-ring-for-ladies-47111\/","name":"Purejewels'de Bayanlar i\u00e7in 22 Ayar Alt\u0131n Rozet Y\u00fcz\u00fck","isPartOf":{"@id":"https:\/\/www.purejewels.com\/#website"},"primaryImageOfPage":{"@id":"https:\/\/www.purejewels.com\/product\/22ct-gold-rosettes-ring-for-ladies-47111\/#primaryimage"},"image":{"@id":"https:\/\/www.purejewels.com\/product\/22ct-gold-rosettes-ring-for-ladies-47111\/#primaryimage"},"thumbnailUrl":"https:\/\/static.purejewels.com\/wp-content\/uploads\/2023\/02\/1674653536_43355-43353-43356-43404-43355-43354-41708-3.jpg","datePublished":"2023-04-11T05:36:41+00:00","dateModified":"2026-01-07T06:26:50+00:00","description":"22 Ayar Alt\u0131n Rozet Y\u00fcz\u00fck ara s\u0131ra kullanmak i\u00e7in m\u00fckemmeldir. Bu \u00e7arp\u0131c\u0131 y\u00fcz\u00fck par\u00e7as\u0131 her k\u0131yafete sofistike bir hava katacakt\u0131r. \u0130ngiltere'de \u00fccretsiz teslimat.","breadcrumb":{"@id":"https:\/\/www.purejewels.com\/product\/22ct-gold-rosettes-ring-for-ladies-47111\/#breadcrumb"},"inLanguage":"tr","potentialAction":[{"@type":"ReadAction","target":["https:\/\/www.purejewels.com\/product\/22ct-gold-rosettes-ring-for-ladies-47111\/"]}]},{"@type":"ImageObject","inLanguage":"tr","@id":"https:\/\/www.purejewels.com\/product\/22ct-gold-rosettes-ring-for-ladies-47111\/#primaryimage","url":"https:\/\/static.purejewels.com\/wp-content\/uploads\/2023\/02\/1674653536_43355-43353-43356-43404-43355-43354-41708-3.jpg","contentUrl":"https:\/\/static.purejewels.com\/wp-content\/uploads\/2023\/02\/1674653536_43355-43353-43356-43404-43355-43354-41708-3.jpg","width":1000,"height":1000,"caption":"22ct Gold Ladies Ring | L Size | Rosettes Collection"},{"@type":"BreadcrumbList","@id":"https:\/\/www.purejewels.com\/product\/22ct-gold-rosettes-ring-for-ladies-47111\/#breadcrumb","itemListElement":[{"@type":"ListItem","position":1,"name":"Home","item":"https:\/\/www.purejewels.com\/"},{"@type":"ListItem","position":2,"name":"Shop","item":"https:\/\/www.purejewels.com\/shop\/"},{"@type":"ListItem","position":3,"name":"22ct Gold Rosettes Ring for Ladies"}]},{"@type":"WebSite","@id":"https:\/\/www.purejewels.com\/#website","url":"https:\/\/www.purejewels.com\/","name":"PureJewels \u0130ngiltere","description":"Sevgiyi Payla\u015f\u0131n","publisher":{"@id":"https:\/\/www.purejewels.com\/#organization"},"potentialAction":[{"@type":"SearchAction","target":{"@type":"EntryPoint","urlTemplate":"https:\/\/www.purejewels.com\/?s={search_term_string}"},"query-input":{"@type":"PropertyValueSpecification","valueRequired":true,"valueName":"search_term_string"}}],"inLanguage":"tr"},{"@type":"Organization","@id":"https:\/\/www.purejewels.com\/#organization","name":"PureJewels \u0130ngiltere","url":"https:\/\/www.purejewels.com\/","logo":{"@type":"ImageObject","inLanguage":"tr","@id":"https:\/\/www.purejewels.com\/#\/schema\/logo\/image\/","url":"https:\/\/static.purejewels.com\/wp-content\/uploads\/2020\/11\/Logo-PJ-New-1.png","contentUrl":"https:\/\/static.purejewels.com\/wp-content\/uploads\/2020\/11\/Logo-PJ-New-1.png","width":150,"height":80,"caption":"PureJewels UK"},"image":{"@id":"https:\/\/www.purejewels.com\/#\/schema\/logo\/image\/"}}]}},"_links":{"self":[{"href":"https:\/\/www.purejewels.com\/tr\/wp-json\/wp\/v2\/product\/345871","targetHints":{"allow":["GET"]}}],"collection":[{"href":"https:\/\/www.purejewels.com\/tr\/wp-json\/wp\/v2\/product"}],"about":[{"href":"https:\/\/www.purejewels.com\/tr\/wp-json\/wp\/v2\/types\/product"}],"replies":[{"embeddable":true,"href":"https:\/\/www.purejewels.com\/tr\/wp-json\/wp\/v2\/comments?post=345871"}],"version-history":[{"count":3,"href":"https:\/\/www.purejewels.com\/tr\/wp-json\/wp\/v2\/product\/345871\/revisions"}],"predecessor-version":[{"id":396389,"href":"https:\/\/www.purejewels.com\/tr\/wp-json\/wp\/v2\/product\/345871\/revisions\/396389"}],"wp:featuredmedia":[{"embeddable":true,"href":"https:\/\/www.purejewels.com\/tr\/wp-json\/wp\/v2\/media\/345766"}],"wp:attachment":[{"href":"https:\/\/www.purejewels.com\/tr\/wp-json\/wp\/v2\/media?parent=345871"}],"wp:term":[{"taxonomy":"product_brand","embeddable":true,"href":"https:\/\/www.purejewels.com\/tr\/wp-json\/wp\/v2\/product_brand?post=345871"},{"taxonomy":"product_cat","embeddable":true,"href":"https:\/\/www.purejewels.com\/tr\/wp-json\/wp\/v2\/product_cat?post=345871"},{"taxonomy":"product_tag","embeddable":true,"href":"https:\/\/www.purejewels.com\/tr\/wp-json\/wp\/v2\/product_tag?post=345871"}],"curies":[{"name":"wp","href":"https:\/\/api.w.org\/{rel}","templated":true}]}}