{"id":346017,"date":"2023-04-19T12:05:27","date_gmt":"2023-04-19T11:05:27","guid":{"rendered":"https:\/\/www.purejewels.com\/?post_type=product&#038;p=346017"},"modified":"2026-01-06T09:47:33","modified_gmt":"2026-01-06T09:47:33","slug":"kadinlar-icin-22-ayar-altin-bilezik-42366","status":"publish","type":"product","link":"https:\/\/www.purejewels.com\/tr\/product\/22ct-gold-bracelet-for-women-42366\/","title":{"rendered":"22 ayar alt\u0131n \u00e7ok s\u0131ral\u0131 boncuk bileklik | 7 in\u00e7"},"content":{"rendered":"<p><strong>Tasar\u0131m<\/strong><\/p>\n<p>22 ayar alt\u0131n \u00e7ok s\u0131ral\u0131 bileklik, ince i\u015f\u00e7ilik ve geleneksel cazibenin zarif bir bile\u015fimidir. \u00dc\u00e7 paralel kutu zincirle tasarlanan bu bileklik, uzunlu\u011fu boyunca simetrik olarak yerle\u015ftirilmi\u015f dokulu alt\u0131n boncuklarla zarif bir \u015fekilde s\u00fcslenmi\u015ftir. Boncuklar\u0131n dokunsal y\u00fczeyi, her a\u00e7\u0131dan \u0131\u015f\u0131\u011f\u0131 yakalayarak g\u00f6rsel derinlik katar.<\/p>\n<p><strong>Zanaatkarl\u0131k<\/strong><\/p>\n<p>22 ayar alt\u0131nla ustal\u0131kla \u00fcretilen bu bileklik, daha k\u00fc\u00e7\u00fck bilekler i\u00e7in ideal olan 7 in\u00e7 uzunlu\u011fundad\u0131r. Sa\u011flam karabina toka, g\u00fcvenli bir kapatma sa\u011flarken, genel olarak hafif yap\u0131s\u0131 g\u00fcn boyu rahatl\u0131k sunar. Bu bileklik, sa\u011flaml\u0131k ve inceli\u011fi dengelemek i\u00e7in hassas bir \u015fekilde el i\u015f\u00e7ili\u011fi ile \u00fcretilmi\u015ftir.<\/p>\n<p><strong>\u015eekillendirme<\/strong><\/p>\n<p>A\u015f\u0131r\u0131 s\u00fcslemelerden uzak, ince alt\u0131n detaylar\u0131 sevenler i\u00e7in ideal olan bu bileklik, tek ba\u015f\u0131na veya daha cesur bir g\u00f6r\u00fcn\u00fcm i\u00e7in bileziklerle birlikte tak\u0131labilir.<\/p>","protected":false},"excerpt":{"rendered":"<p>22 ayar alt\u0131ndan yap\u0131lm\u0131\u015f zarif 7 in\u00e7lik bir bileklik, detayl\u0131 dokulu alt\u0131n boncuklarla s\u00fcslenmi\u015f \u00fc\u00e7 ince kutu zinciri ile. Hafif, zarif ve g\u00fcnl\u00fck l\u00fcks i\u00e7in m\u00fckemmel.<\/p>\n<ul>\n<li>22ct <span id=\"urn:enhancement-96f9535d\" class=\"textannotation\">Alt\u0131n<\/span>\u00a0Bilezik<\/li>\n<li>Hem Gen\u00e7 K\u0131zlar Hem de Bayanlar \u0130\u00e7in Uygun<\/li>\n<li>Uzunlu\u011fu <span id=\"urn:enhancement-abca8cb7\" class=\"textannotation\">Bilezik<\/span> 7 \u0130n\u00e7tir<\/li>\n<li>a\u011f\u0131rl\u0131\u011f\u0131 <span id=\"urn:enhancement-71141257\" class=\"textannotation\">Bilezik<\/span> 6,4 gramd\u0131r<\/li>\n<li>SKU 46204<\/li>\n<li>T\u00fcm fiyatlara KDV dahildir<\/li>\n<li>22 <span id=\"urn:enhancement-bc82c59b\" class=\"textannotation\">karat<\/span> <span id=\"urn:enhancement-9abf3d80\" class=\"textannotation\">Alt\u0131n<\/span> Londra taraf\u0131ndan damgalanm\u0131\u015ft\u0131r <span id=\"urn:enhancement-804ade87\" class=\"textannotation\">Tahlil Ofisi<\/span><\/li>\n<li>Sunum Kutusu ile Birlikte Gelir<\/li>\n<li>Teslimat Dahil<\/li>\n<li>\u015eu anda stokta bulunan benzer Lovely Daily, Office wear Ladies Bracelet \u00fcr\u00fcn\u00fcn\u00fcn stok durumu ve daha fazla g\u00f6rsel i\u00e7in bizimle canl\u0131 sohbet edin.<\/li>\n<\/ul>","protected":false},"featured_media":351748,"comment_status":"closed","ping_status":"closed","template":"","meta":{"_eb_attr":"","_crsspst_to_jayantr4sg-hostcom":false},"product_brand":[],"product_cat":[1791,1559,1324,1627,1573,1574],"product_tag":[],"class_list":{"0":"post-346017","1":"product","2":"type-product","3":"status-publish","4":"has-post-thumbnail","6":"product_cat-anniversary-gifts","7":"product_cat-birthday-gifts","8":"product_cat-gold-bracelet","9":"product_cat-ladies-bracelet","10":"product_cat-wedding-gifts","11":"product_cat-womens-jewellery","13":"first","14":"outofstock","15":"taxable","16":"shipping-taxable","17":"product-type-simple","18":"add-to-wishlist-before_image"},"yoast_head":"<!-- This site is optimized with the Yoast SEO plugin v27.3 - https:\/\/yoast.com\/product\/yoast-seo-wordpress\/ -->\n<title>22ct Gold Bracelet for Women | PureJewels UK<\/title>\n<meta name=\"description\" content=\"View our collection of Bracelet Online. Contact Us for more Bracelets designs for Lovely Daily, Office wear Ladies Bracelets currently in stock.\" \/>\n<meta name=\"robots\" content=\"index, follow, max-snippet:-1, max-image-preview:large, max-video-preview:-1\" \/>\n<link rel=\"canonical\" href=\"https:\/\/www.purejewels.com\/tr\/urun\/kadinlar-icin-22-ayar-altin-bilezik-42366\/\" \/>\n<meta property=\"og:locale\" content=\"tr_TR\" \/>\n<meta property=\"og:type\" content=\"article\" \/>\n<meta property=\"og:title\" content=\"22ct Gold Bracelet for Women | PureJewels UK\" \/>\n<meta property=\"og:description\" content=\"View our collection of Bracelet Online. Contact Us for more Bracelets designs for Lovely Daily, Office wear Ladies Bracelets currently in stock.\" \/>\n<meta property=\"og:url\" content=\"https:\/\/www.purejewels.com\/tr\/urun\/kadinlar-icin-22-ayar-altin-bilezik-42366\/\" \/>\n<meta property=\"og:site_name\" content=\"PureJewels UK\" \/>\n<meta property=\"article:modified_time\" content=\"2026-01-06T09:47:33+00:00\" \/>\n<meta property=\"og:image\" content=\"https:\/\/static.purejewels.com\/wp-content\/uploads\/2023\/04\/SKU-46204.png\" \/>\n\t<meta property=\"og:image:width\" content=\"1000\" \/>\n\t<meta property=\"og:image:height\" content=\"1000\" \/>\n\t<meta property=\"og:image:type\" content=\"image\/png\" \/>\n<meta name=\"twitter:card\" content=\"summary_large_image\" \/>\n<meta name=\"twitter:label1\" content=\"Tahmini okuma s\u00fcresi\" \/>\n\t<meta name=\"twitter:data1\" content=\"1 dakika\" \/>\n<script type=\"application\/ld+json\" class=\"yoast-schema-graph\">{\"@context\":\"https:\\\/\\\/schema.org\",\"@graph\":[{\"@type\":[\"WebPage\",\"ItemPage\"],\"@id\":\"https:\\\/\\\/www.purejewels.com\\\/product\\\/22ct-gold-bracelet-for-women-42366\\\/\",\"url\":\"https:\\\/\\\/www.purejewels.com\\\/product\\\/22ct-gold-bracelet-for-women-42366\\\/\",\"name\":\"22ct Gold Bracelet for Women | PureJewels UK\",\"isPartOf\":{\"@id\":\"https:\\\/\\\/www.purejewels.com\\\/#website\"},\"primaryImageOfPage\":{\"@id\":\"https:\\\/\\\/www.purejewels.com\\\/product\\\/22ct-gold-bracelet-for-women-42366\\\/#primaryimage\"},\"image\":{\"@id\":\"https:\\\/\\\/www.purejewels.com\\\/product\\\/22ct-gold-bracelet-for-women-42366\\\/#primaryimage\"},\"thumbnailUrl\":\"https:\\\/\\\/static.purejewels.com\\\/wp-content\\\/uploads\\\/2023\\\/04\\\/SKU-46204.png\",\"datePublished\":\"2023-04-19T11:05:27+00:00\",\"dateModified\":\"2026-01-06T09:47:33+00:00\",\"description\":\"View our collection of Bracelet Online. Contact Us for more Bracelets designs for Lovely Daily, Office wear Ladies Bracelets currently in stock.\",\"breadcrumb\":{\"@id\":\"https:\\\/\\\/www.purejewels.com\\\/product\\\/22ct-gold-bracelet-for-women-42366\\\/#breadcrumb\"},\"inLanguage\":\"tr\",\"potentialAction\":[{\"@type\":\"ReadAction\",\"target\":[\"https:\\\/\\\/www.purejewels.com\\\/product\\\/22ct-gold-bracelet-for-women-42366\\\/\"]}]},{\"@type\":\"ImageObject\",\"inLanguage\":\"tr\",\"@id\":\"https:\\\/\\\/www.purejewels.com\\\/product\\\/22ct-gold-bracelet-for-women-42366\\\/#primaryimage\",\"url\":\"https:\\\/\\\/static.purejewels.com\\\/wp-content\\\/uploads\\\/2023\\\/04\\\/SKU-46204.png\",\"contentUrl\":\"https:\\\/\\\/static.purejewels.com\\\/wp-content\\\/uploads\\\/2023\\\/04\\\/SKU-46204.png\",\"width\":1000,\"height\":1000,\"caption\":\"22ct Gold Bracelet for Women\"},{\"@type\":\"BreadcrumbList\",\"@id\":\"https:\\\/\\\/www.purejewels.com\\\/product\\\/22ct-gold-bracelet-for-women-42366\\\/#breadcrumb\",\"itemListElement\":[{\"@type\":\"ListItem\",\"position\":1,\"name\":\"Home\",\"item\":\"https:\\\/\\\/www.purejewels.com\\\/\"},{\"@type\":\"ListItem\",\"position\":2,\"name\":\"Shop\",\"item\":\"https:\\\/\\\/www.purejewels.com\\\/shop\\\/\"},{\"@type\":\"ListItem\",\"position\":3,\"name\":\"22ct Gold Multi-Strand Bead Bracelet | 7 Inches\"}]},{\"@type\":\"WebSite\",\"@id\":\"https:\\\/\\\/www.purejewels.com\\\/#website\",\"url\":\"https:\\\/\\\/www.purejewels.com\\\/\",\"name\":\"PureJewels UK\",\"description\":\"Share the Love\",\"publisher\":{\"@id\":\"https:\\\/\\\/www.purejewels.com\\\/#organization\"},\"potentialAction\":[{\"@type\":\"SearchAction\",\"target\":{\"@type\":\"EntryPoint\",\"urlTemplate\":\"https:\\\/\\\/www.purejewels.com\\\/?s={search_term_string}\"},\"query-input\":{\"@type\":\"PropertyValueSpecification\",\"valueRequired\":true,\"valueName\":\"search_term_string\"}}],\"inLanguage\":\"tr\"},{\"@type\":\"Organization\",\"@id\":\"https:\\\/\\\/www.purejewels.com\\\/#organization\",\"name\":\"PureJewels UK\",\"url\":\"https:\\\/\\\/www.purejewels.com\\\/\",\"logo\":{\"@type\":\"ImageObject\",\"inLanguage\":\"tr\",\"@id\":\"https:\\\/\\\/www.purejewels.com\\\/#\\\/schema\\\/logo\\\/image\\\/\",\"url\":\"https:\\\/\\\/static.purejewels.com\\\/wp-content\\\/uploads\\\/2020\\\/11\\\/Logo-PJ-New-1.png\",\"contentUrl\":\"https:\\\/\\\/static.purejewels.com\\\/wp-content\\\/uploads\\\/2020\\\/11\\\/Logo-PJ-New-1.png\",\"width\":150,\"height\":80,\"caption\":\"PureJewels UK\"},\"image\":{\"@id\":\"https:\\\/\\\/www.purejewels.com\\\/#\\\/schema\\\/logo\\\/image\\\/\"}}]}<\/script>\n<!-- \/ Yoast SEO plugin. -->","yoast_head_json":{"title":"Kad\u0131nlar i\u00e7in 22 Ayar Alt\u0131n Bileklik | PureJewels UK","description":"Bilezik koleksiyonumuzu Online g\u00f6r\u00fcnt\u00fcleyin. \u015eu anda stokta bulunan G\u00fczel G\u00fcnl\u00fck, Ofis giyim Bayan Bilezikleri i\u00e7in daha fazla Bilezik tasar\u0131m\u0131 i\u00e7in Bize Ula\u015f\u0131n.","robots":{"index":"index","follow":"follow","max-snippet":"max-snippet:-1","max-image-preview":"max-image-preview:large","max-video-preview":"max-video-preview:-1"},"canonical":"https:\/\/www.purejewels.com\/tr\/urun\/kadinlar-icin-22-ayar-altin-bilezik-42366\/","og_locale":"tr_TR","og_type":"article","og_title":"22ct Gold Bracelet for Women | PureJewels UK","og_description":"View our collection of Bracelet Online. Contact Us for more Bracelets designs for Lovely Daily, Office wear Ladies Bracelets currently in stock.","og_url":"https:\/\/www.purejewels.com\/tr\/urun\/kadinlar-icin-22-ayar-altin-bilezik-42366\/","og_site_name":"PureJewels UK","article_modified_time":"2026-01-06T09:47:33+00:00","og_image":[{"width":1000,"height":1000,"url":"https:\/\/static.purejewels.com\/wp-content\/uploads\/2023\/04\/SKU-46204.png","type":"image\/png"}],"twitter_card":"summary_large_image","twitter_misc":{"Tahmini okuma s\u00fcresi":"1 dakika"},"schema":{"@context":"https:\/\/schema.org","@graph":[{"@type":["WebPage","ItemPage"],"@id":"https:\/\/www.purejewels.com\/product\/22ct-gold-bracelet-for-women-42366\/","url":"https:\/\/www.purejewels.com\/product\/22ct-gold-bracelet-for-women-42366\/","name":"Kad\u0131nlar i\u00e7in 22 Ayar Alt\u0131n Bileklik | PureJewels UK","isPartOf":{"@id":"https:\/\/www.purejewels.com\/#website"},"primaryImageOfPage":{"@id":"https:\/\/www.purejewels.com\/product\/22ct-gold-bracelet-for-women-42366\/#primaryimage"},"image":{"@id":"https:\/\/www.purejewels.com\/product\/22ct-gold-bracelet-for-women-42366\/#primaryimage"},"thumbnailUrl":"https:\/\/static.purejewels.com\/wp-content\/uploads\/2023\/04\/SKU-46204.png","datePublished":"2023-04-19T11:05:27+00:00","dateModified":"2026-01-06T09:47:33+00:00","description":"Bilezik koleksiyonumuzu Online g\u00f6r\u00fcnt\u00fcleyin. \u015eu anda stokta bulunan G\u00fczel G\u00fcnl\u00fck, Ofis giyim Bayan Bilezikleri i\u00e7in daha fazla Bilezik tasar\u0131m\u0131 i\u00e7in Bize Ula\u015f\u0131n.","breadcrumb":{"@id":"https:\/\/www.purejewels.com\/product\/22ct-gold-bracelet-for-women-42366\/#breadcrumb"},"inLanguage":"tr","potentialAction":[{"@type":"ReadAction","target":["https:\/\/www.purejewels.com\/product\/22ct-gold-bracelet-for-women-42366\/"]}]},{"@type":"ImageObject","inLanguage":"tr","@id":"https:\/\/www.purejewels.com\/product\/22ct-gold-bracelet-for-women-42366\/#primaryimage","url":"https:\/\/static.purejewels.com\/wp-content\/uploads\/2023\/04\/SKU-46204.png","contentUrl":"https:\/\/static.purejewels.com\/wp-content\/uploads\/2023\/04\/SKU-46204.png","width":1000,"height":1000,"caption":"22ct Gold Bracelet for Women"},{"@type":"BreadcrumbList","@id":"https:\/\/www.purejewels.com\/product\/22ct-gold-bracelet-for-women-42366\/#breadcrumb","itemListElement":[{"@type":"ListItem","position":1,"name":"Home","item":"https:\/\/www.purejewels.com\/"},{"@type":"ListItem","position":2,"name":"Shop","item":"https:\/\/www.purejewels.com\/shop\/"},{"@type":"ListItem","position":3,"name":"22ct Gold Multi-Strand Bead Bracelet | 7 Inches"}]},{"@type":"WebSite","@id":"https:\/\/www.purejewels.com\/#website","url":"https:\/\/www.purejewels.com\/","name":"PureJewels \u0130ngiltere","description":"Sevgiyi Payla\u015f\u0131n","publisher":{"@id":"https:\/\/www.purejewels.com\/#organization"},"potentialAction":[{"@type":"SearchAction","target":{"@type":"EntryPoint","urlTemplate":"https:\/\/www.purejewels.com\/?s={search_term_string}"},"query-input":{"@type":"PropertyValueSpecification","valueRequired":true,"valueName":"search_term_string"}}],"inLanguage":"tr"},{"@type":"Organization","@id":"https:\/\/www.purejewels.com\/#organization","name":"PureJewels \u0130ngiltere","url":"https:\/\/www.purejewels.com\/","logo":{"@type":"ImageObject","inLanguage":"tr","@id":"https:\/\/www.purejewels.com\/#\/schema\/logo\/image\/","url":"https:\/\/static.purejewels.com\/wp-content\/uploads\/2020\/11\/Logo-PJ-New-1.png","contentUrl":"https:\/\/static.purejewels.com\/wp-content\/uploads\/2020\/11\/Logo-PJ-New-1.png","width":150,"height":80,"caption":"PureJewels UK"},"image":{"@id":"https:\/\/www.purejewels.com\/#\/schema\/logo\/image\/"}}]}},"_links":{"self":[{"href":"https:\/\/www.purejewels.com\/tr\/wp-json\/wp\/v2\/product\/346017","targetHints":{"allow":["GET"]}}],"collection":[{"href":"https:\/\/www.purejewels.com\/tr\/wp-json\/wp\/v2\/product"}],"about":[{"href":"https:\/\/www.purejewels.com\/tr\/wp-json\/wp\/v2\/types\/product"}],"replies":[{"embeddable":true,"href":"https:\/\/www.purejewels.com\/tr\/wp-json\/wp\/v2\/comments?post=346017"}],"version-history":[{"count":2,"href":"https:\/\/www.purejewels.com\/tr\/wp-json\/wp\/v2\/product\/346017\/revisions"}],"predecessor-version":[{"id":423638,"href":"https:\/\/www.purejewels.com\/tr\/wp-json\/wp\/v2\/product\/346017\/revisions\/423638"}],"wp:featuredmedia":[{"embeddable":true,"href":"https:\/\/www.purejewels.com\/tr\/wp-json\/wp\/v2\/media\/351748"}],"wp:attachment":[{"href":"https:\/\/www.purejewels.com\/tr\/wp-json\/wp\/v2\/media?parent=346017"}],"wp:term":[{"taxonomy":"product_brand","embeddable":true,"href":"https:\/\/www.purejewels.com\/tr\/wp-json\/wp\/v2\/product_brand?post=346017"},{"taxonomy":"product_cat","embeddable":true,"href":"https:\/\/www.purejewels.com\/tr\/wp-json\/wp\/v2\/product_cat?post=346017"},{"taxonomy":"product_tag","embeddable":true,"href":"https:\/\/www.purejewels.com\/tr\/wp-json\/wp\/v2\/product_tag?post=346017"}],"curies":[{"name":"wp","href":"https:\/\/api.w.org\/{rel}","templated":true}]}}