{"id":346283,"date":"2023-08-15T06:20:58","date_gmt":"2023-08-15T05:20:58","guid":{"rendered":"https:\/\/www.purejewels.com\/?post_type=product&#038;p=346283"},"modified":"2026-01-10T16:15:05","modified_gmt":"2026-01-10T16:15:05","slug":"22-ayar-altin-jali-koleksiyonu-bileklik-2-6-beden","status":"publish","type":"product","link":"https:\/\/www.purejewels.com\/tr\/product\/bangle-in-22ct-gold-jali-collection-size-2-6\/","title":{"rendered":"22 Ayar Alt\u0131n Bileklik | Jali Koleksiyonu | 2.6 Beden"},"content":{"rendered":"<p>Kar\u015f\u0131n\u0131zda g\u00fczel Jali Koleksiyonumuz <a href=\"https:\/\/www.purejewels.com\/tr\/product\/22-carat-gold-bangle-31151\/\">G\u00fcnl\u00fck Giyim Bileklik<\/a>G\u00fcnl\u00fck g\u00f6r\u00fcn\u00fcm\u00fcn\u00fcze sofistike bir dokunu\u015f katmak i\u00e7in hassasiyet ve zarafetle \u00fcretilmi\u015ftir. Y\u00fcksek kaliteli alt\u0131n metalden \u00fcretilen bileklik, g\u00fcnl\u00fck a\u015f\u0131nma ve y\u0131pranmaya dayan\u0131rken g\u00fczel g\u00f6r\u00fcn\u00fcm\u00fcn\u00fc y\u0131llarca korumas\u0131n\u0131 sa\u011flar.<\/p>\n<p>Karma\u015f\u0131k tasar\u0131m geleneksel Hint tasar\u0131m\u0131ndan esinlenmi\u015ftir. <a href=\"https:\/\/www.purejewels.com\/tr\/a-guide-to-die-stamping\/\">zanaatkarl\u0131k<\/a> ve g\u00f6ze \u00e7arpan \u00e7arp\u0131c\u0131 bir desen olu\u015fturmak i\u00e7in \u00f6zenle i\u015flenmi\u015ftir. Bileklik \u00e7e\u015fitli boyutlarda mevcuttur ve her bilek i\u00e7in m\u00fckemmel bir uyum sa\u011flar.<\/p>\n<p><b>Menzil kimli\u011fi. <\/b>JLBG865<\/p>","protected":false},"excerpt":{"rendered":"<table class=\"sh_desc\">\n<tbody>\n<tr>\n<td>Bileklik T\u00fcr\u00fc<\/td>\n<td>G\u00fcnl\u00fck Giyim Bileklik<\/td>\n<\/tr>\n<tr>\n<td>SKU<\/td>\n<td>41477, 41479<\/td>\n<\/tr>\n<tr>\n<td>A\u011f\u0131rl\u0131k<\/td>\n<td>20.4 Gms<\/td>\n<\/tr>\n<tr>\n<td>Metal<\/td>\n<td>22 Ayar Alt\u0131n<\/td>\n<\/tr>\n<tr>\n<td>Bileklik \u00d6l\u00e7\u00fcs\u00fc<\/td>\n<td>2.6<\/td>\n<\/tr>\n<tr>\n<td>Hallmark<\/td>\n<td>Londra Tahlil Ofisi Taraf\u0131ndan Damgalanm\u0131\u015f 22 Ayar Alt\u0131n<\/td>\n<\/tr>\n<tr>\n<td>\u00dccretler<\/td>\n<td>Teslimat ve KDV Dahil<\/td>\n<\/tr>\n<tr>\n<td>Paketleme<\/td>\n<td>Sunum Kutusu ile Birlikte Gelir<\/td>\n<\/tr>\n<tr>\n<td>Daha Fazla Bilgi<\/td>\n<td>\n<ul>\n<li>Not: Burada belirtilen fiyat Tek Bileklik i\u00e7indir<\/li>\n<li>Kontrol etmek i\u00e7in buraya t\u0131klay\u0131n\u00a0<strong>Bileklik \u00d6l\u00e7\u00fcs\u00fc<\/strong><\/li>\n<li>Koleksiyonumuzu g\u00f6r\u00fcnt\u00fcleyin\u00a0<strong>alt\u0131n bilezikler \u0130ngiltere<\/strong><\/li>\n<li>M\u00fcsaitlik durumu ve daha fazla resim i\u00e7in bizimle canl\u0131 sohbet edin<\/li>\n<\/ul>\n<\/td>\n<\/tr>\n<\/tbody>\n<\/table>","protected":false},"featured_media":346285,"comment_status":"closed","ping_status":"closed","template":"","meta":{"_eb_attr":"","_crsspst_to_jayantr4sg-hostcom":true},"product_brand":[],"product_cat":[236,5270,1233,5606,252,1573,1574],"product_tag":[],"class_list":{"0":"post-346283","1":"product","2":"type-product","3":"status-publish","4":"has-post-thumbnail","6":"product_cat-collections","7":"product_cat-daily-wear-bangles","8":"product_cat-gold-bangles","9":"product_cat-jali-filigree-bangles","10":"product_cat-jali-collections","11":"product_cat-wedding-gifts","12":"product_cat-womens-jewellery","14":"first","15":"outofstock","16":"taxable","17":"shipping-taxable","18":"product-type-simple","19":"add-to-wishlist-before_image"},"yoast_head":"<!-- This site is optimized with the Yoast SEO plugin v27.5 - https:\/\/yoast.com\/product\/yoast-seo-wordpress\/ -->\n<title>Daily wear bangles from PureJewels in size 2.6<\/title>\n<meta name=\"description\" content=\"Shop our collection of high-quality bangles that are durable enough for everyday wear. Find your perfect daily wear bangle today online!\" \/>\n<meta name=\"robots\" content=\"index, follow, max-snippet:-1, max-image-preview:large, max-video-preview:-1\" \/>\n<link rel=\"canonical\" href=\"https:\/\/www.purejewels.com\/tr\/urun\/22-ayar-altin-jali-koleksiyonu-bileklik-2-6-beden\/\" \/>\n<meta property=\"og:locale\" content=\"tr_TR\" \/>\n<meta property=\"og:type\" content=\"article\" \/>\n<meta property=\"og:title\" content=\"Daily wear bangles from PureJewels in size 2.6\" \/>\n<meta property=\"og:description\" content=\"Shop our collection of high-quality bangles that are durable enough for everyday wear. Find your perfect daily wear bangle today online!\" \/>\n<meta property=\"og:url\" content=\"https:\/\/www.purejewels.com\/tr\/urun\/22-ayar-altin-jali-koleksiyonu-bileklik-2-6-beden\/\" \/>\n<meta property=\"og:site_name\" content=\"PureJewels UK\" \/>\n<meta property=\"article:modified_time\" content=\"2026-01-10T16:15:05+00:00\" \/>\n<meta property=\"og:image\" content=\"https:\/\/www.purejewels.com\/wp-content\/uploads\/2023\/05\/4147741479.jpg\" \/>\n\t<meta property=\"og:image:width\" content=\"1000\" \/>\n\t<meta property=\"og:image:height\" content=\"1000\" \/>\n\t<meta property=\"og:image:type\" content=\"image\/jpeg\" \/>\n<meta name=\"twitter:card\" content=\"summary_large_image\" \/>\n<meta name=\"twitter:label1\" content=\"Tahmini okuma s\u00fcresi\" \/>\n\t<meta name=\"twitter:data1\" content=\"1 dakika\" \/>\n<script type=\"application\/ld+json\" class=\"yoast-schema-graph\">{\"@context\":\"https:\\\/\\\/schema.org\",\"@graph\":[{\"@type\":[\"WebPage\",\"ItemPage\"],\"@id\":\"https:\\\/\\\/www.purejewels.com\\\/product\\\/bangle-in-22ct-gold-jali-collection-size-2-6\\\/\",\"url\":\"https:\\\/\\\/www.purejewels.com\\\/product\\\/bangle-in-22ct-gold-jali-collection-size-2-6\\\/\",\"name\":\"Daily wear bangles from PureJewels in size 2.6\",\"isPartOf\":{\"@id\":\"https:\\\/\\\/www.purejewels.com\\\/#website\"},\"primaryImageOfPage\":{\"@id\":\"https:\\\/\\\/www.purejewels.com\\\/product\\\/bangle-in-22ct-gold-jali-collection-size-2-6\\\/#primaryimage\"},\"image\":{\"@id\":\"https:\\\/\\\/www.purejewels.com\\\/product\\\/bangle-in-22ct-gold-jali-collection-size-2-6\\\/#primaryimage\"},\"thumbnailUrl\":\"https:\\\/\\\/static.purejewels.com\\\/wp-content\\\/uploads\\\/2023\\\/05\\\/4147741479.jpg\",\"datePublished\":\"2023-08-15T05:20:58+00:00\",\"dateModified\":\"2026-01-10T16:15:05+00:00\",\"description\":\"Shop our collection of high-quality bangles that are durable enough for everyday wear. Find your perfect daily wear bangle today online!\",\"breadcrumb\":{\"@id\":\"https:\\\/\\\/www.purejewels.com\\\/product\\\/bangle-in-22ct-gold-jali-collection-size-2-6\\\/#breadcrumb\"},\"inLanguage\":\"tr\",\"potentialAction\":[{\"@type\":\"ReadAction\",\"target\":[\"https:\\\/\\\/www.purejewels.com\\\/product\\\/bangle-in-22ct-gold-jali-collection-size-2-6\\\/\"]}]},{\"@type\":\"ImageObject\",\"inLanguage\":\"tr\",\"@id\":\"https:\\\/\\\/www.purejewels.com\\\/product\\\/bangle-in-22ct-gold-jali-collection-size-2-6\\\/#primaryimage\",\"url\":\"https:\\\/\\\/static.purejewels.com\\\/wp-content\\\/uploads\\\/2023\\\/05\\\/4147741479.jpg\",\"contentUrl\":\"https:\\\/\\\/static.purejewels.com\\\/wp-content\\\/uploads\\\/2023\\\/05\\\/4147741479.jpg\",\"width\":1000,\"height\":1000,\"caption\":\"Bangle in 22ct Gold 41477,41479\"},{\"@type\":\"BreadcrumbList\",\"@id\":\"https:\\\/\\\/www.purejewels.com\\\/product\\\/bangle-in-22ct-gold-jali-collection-size-2-6\\\/#breadcrumb\",\"itemListElement\":[{\"@type\":\"ListItem\",\"position\":1,\"name\":\"Home\",\"item\":\"https:\\\/\\\/www.purejewels.com\\\/\"},{\"@type\":\"ListItem\",\"position\":2,\"name\":\"Shop\",\"item\":\"https:\\\/\\\/www.purejewels.com\\\/shop\\\/\"},{\"@type\":\"ListItem\",\"position\":3,\"name\":\"Bangle in 22ct Gold | Jali Collection | Size 2.6\"}]},{\"@type\":\"WebSite\",\"@id\":\"https:\\\/\\\/www.purejewels.com\\\/#website\",\"url\":\"https:\\\/\\\/www.purejewels.com\\\/\",\"name\":\"PureJewels UK\",\"description\":\"Share the Love\",\"publisher\":{\"@id\":\"https:\\\/\\\/www.purejewels.com\\\/#organization\"},\"potentialAction\":[{\"@type\":\"SearchAction\",\"target\":{\"@type\":\"EntryPoint\",\"urlTemplate\":\"https:\\\/\\\/www.purejewels.com\\\/?s={search_term_string}\"},\"query-input\":{\"@type\":\"PropertyValueSpecification\",\"valueRequired\":true,\"valueName\":\"search_term_string\"}}],\"inLanguage\":\"tr\"},{\"@type\":\"Organization\",\"@id\":\"https:\\\/\\\/www.purejewels.com\\\/#organization\",\"name\":\"PureJewels UK\",\"url\":\"https:\\\/\\\/www.purejewels.com\\\/\",\"logo\":{\"@type\":\"ImageObject\",\"inLanguage\":\"tr\",\"@id\":\"https:\\\/\\\/www.purejewels.com\\\/#\\\/schema\\\/logo\\\/image\\\/\",\"url\":\"https:\\\/\\\/static.purejewels.com\\\/wp-content\\\/uploads\\\/2020\\\/11\\\/Logo-PJ-New-1.png\",\"contentUrl\":\"https:\\\/\\\/static.purejewels.com\\\/wp-content\\\/uploads\\\/2020\\\/11\\\/Logo-PJ-New-1.png\",\"width\":150,\"height\":80,\"caption\":\"PureJewels UK\"},\"image\":{\"@id\":\"https:\\\/\\\/www.purejewels.com\\\/#\\\/schema\\\/logo\\\/image\\\/\"}}]}<\/script>\n<!-- \/ Yoast SEO plugin. -->","yoast_head_json":{"title":"PureJewels'ten 2.6 beden g\u00fcnl\u00fck kullan\u0131m bilezikler","description":"G\u00fcnl\u00fck kullan\u0131m i\u00e7in yeterince dayan\u0131kl\u0131 olan y\u00fcksek kaliteli bileklik koleksiyonumuza g\u00f6z at\u0131n. G\u00fcnl\u00fck kullan\u0131m i\u00e7in m\u00fckemmel bilekli\u011finizi bug\u00fcn online olarak bulun!","robots":{"index":"index","follow":"follow","max-snippet":"max-snippet:-1","max-image-preview":"max-image-preview:large","max-video-preview":"max-video-preview:-1"},"canonical":"https:\/\/www.purejewels.com\/tr\/urun\/22-ayar-altin-jali-koleksiyonu-bileklik-2-6-beden\/","og_locale":"tr_TR","og_type":"article","og_title":"Daily wear bangles from PureJewels in size 2.6","og_description":"Shop our collection of high-quality bangles that are durable enough for everyday wear. Find your perfect daily wear bangle today online!","og_url":"https:\/\/www.purejewels.com\/tr\/urun\/22-ayar-altin-jali-koleksiyonu-bileklik-2-6-beden\/","og_site_name":"PureJewels UK","article_modified_time":"2026-01-10T16:15:05+00:00","og_image":[{"width":1000,"height":1000,"url":"https:\/\/www.purejewels.com\/wp-content\/uploads\/2023\/05\/4147741479.jpg","type":"image\/jpeg"}],"twitter_card":"summary_large_image","twitter_misc":{"Tahmini okuma s\u00fcresi":"1 dakika"},"schema":{"@context":"https:\/\/schema.org","@graph":[{"@type":["WebPage","ItemPage"],"@id":"https:\/\/www.purejewels.com\/product\/bangle-in-22ct-gold-jali-collection-size-2-6\/","url":"https:\/\/www.purejewels.com\/product\/bangle-in-22ct-gold-jali-collection-size-2-6\/","name":"PureJewels'ten 2.6 beden g\u00fcnl\u00fck kullan\u0131m bilezikler","isPartOf":{"@id":"https:\/\/www.purejewels.com\/#website"},"primaryImageOfPage":{"@id":"https:\/\/www.purejewels.com\/product\/bangle-in-22ct-gold-jali-collection-size-2-6\/#primaryimage"},"image":{"@id":"https:\/\/www.purejewels.com\/product\/bangle-in-22ct-gold-jali-collection-size-2-6\/#primaryimage"},"thumbnailUrl":"https:\/\/static.purejewels.com\/wp-content\/uploads\/2023\/05\/4147741479.jpg","datePublished":"2023-08-15T05:20:58+00:00","dateModified":"2026-01-10T16:15:05+00:00","description":"G\u00fcnl\u00fck kullan\u0131m i\u00e7in yeterince dayan\u0131kl\u0131 olan y\u00fcksek kaliteli bileklik koleksiyonumuza g\u00f6z at\u0131n. G\u00fcnl\u00fck kullan\u0131m i\u00e7in m\u00fckemmel bilekli\u011finizi bug\u00fcn online olarak bulun!","breadcrumb":{"@id":"https:\/\/www.purejewels.com\/product\/bangle-in-22ct-gold-jali-collection-size-2-6\/#breadcrumb"},"inLanguage":"tr","potentialAction":[{"@type":"ReadAction","target":["https:\/\/www.purejewels.com\/product\/bangle-in-22ct-gold-jali-collection-size-2-6\/"]}]},{"@type":"ImageObject","inLanguage":"tr","@id":"https:\/\/www.purejewels.com\/product\/bangle-in-22ct-gold-jali-collection-size-2-6\/#primaryimage","url":"https:\/\/static.purejewels.com\/wp-content\/uploads\/2023\/05\/4147741479.jpg","contentUrl":"https:\/\/static.purejewels.com\/wp-content\/uploads\/2023\/05\/4147741479.jpg","width":1000,"height":1000,"caption":"Bangle in 22ct Gold 41477,41479"},{"@type":"BreadcrumbList","@id":"https:\/\/www.purejewels.com\/product\/bangle-in-22ct-gold-jali-collection-size-2-6\/#breadcrumb","itemListElement":[{"@type":"ListItem","position":1,"name":"Home","item":"https:\/\/www.purejewels.com\/"},{"@type":"ListItem","position":2,"name":"Shop","item":"https:\/\/www.purejewels.com\/shop\/"},{"@type":"ListItem","position":3,"name":"Bangle in 22ct Gold | Jali Collection | Size 2.6"}]},{"@type":"WebSite","@id":"https:\/\/www.purejewels.com\/#website","url":"https:\/\/www.purejewels.com\/","name":"PureJewels \u0130ngiltere","description":"Sevgiyi Payla\u015f\u0131n","publisher":{"@id":"https:\/\/www.purejewels.com\/#organization"},"potentialAction":[{"@type":"SearchAction","target":{"@type":"EntryPoint","urlTemplate":"https:\/\/www.purejewels.com\/?s={search_term_string}"},"query-input":{"@type":"PropertyValueSpecification","valueRequired":true,"valueName":"search_term_string"}}],"inLanguage":"tr"},{"@type":"Organization","@id":"https:\/\/www.purejewels.com\/#organization","name":"PureJewels \u0130ngiltere","url":"https:\/\/www.purejewels.com\/","logo":{"@type":"ImageObject","inLanguage":"tr","@id":"https:\/\/www.purejewels.com\/#\/schema\/logo\/image\/","url":"https:\/\/static.purejewels.com\/wp-content\/uploads\/2020\/11\/Logo-PJ-New-1.png","contentUrl":"https:\/\/static.purejewels.com\/wp-content\/uploads\/2020\/11\/Logo-PJ-New-1.png","width":150,"height":80,"caption":"PureJewels UK"},"image":{"@id":"https:\/\/www.purejewels.com\/#\/schema\/logo\/image\/"}}]}},"_links":{"self":[{"href":"https:\/\/www.purejewels.com\/tr\/wp-json\/wp\/v2\/product\/346283","targetHints":{"allow":["GET"]}}],"collection":[{"href":"https:\/\/www.purejewels.com\/tr\/wp-json\/wp\/v2\/product"}],"about":[{"href":"https:\/\/www.purejewels.com\/tr\/wp-json\/wp\/v2\/types\/product"}],"replies":[{"embeddable":true,"href":"https:\/\/www.purejewels.com\/tr\/wp-json\/wp\/v2\/comments?post=346283"}],"version-history":[{"count":2,"href":"https:\/\/www.purejewels.com\/tr\/wp-json\/wp\/v2\/product\/346283\/revisions"}],"predecessor-version":[{"id":367471,"href":"https:\/\/www.purejewels.com\/tr\/wp-json\/wp\/v2\/product\/346283\/revisions\/367471"}],"wp:featuredmedia":[{"embeddable":true,"href":"https:\/\/www.purejewels.com\/tr\/wp-json\/wp\/v2\/media\/346285"}],"wp:attachment":[{"href":"https:\/\/www.purejewels.com\/tr\/wp-json\/wp\/v2\/media?parent=346283"}],"wp:term":[{"taxonomy":"product_brand","embeddable":true,"href":"https:\/\/www.purejewels.com\/tr\/wp-json\/wp\/v2\/product_brand?post=346283"},{"taxonomy":"product_cat","embeddable":true,"href":"https:\/\/www.purejewels.com\/tr\/wp-json\/wp\/v2\/product_cat?post=346283"},{"taxonomy":"product_tag","embeddable":true,"href":"https:\/\/www.purejewels.com\/tr\/wp-json\/wp\/v2\/product_tag?post=346283"}],"curies":[{"name":"wp","href":"https:\/\/api.w.org\/{rel}","templated":true}]}}