{"id":346369,"date":"2023-05-03T12:03:31","date_gmt":"2023-05-03T11:03:31","guid":{"rendered":"https:\/\/www.purejewels.com\/?post_type=product&#038;p=346369"},"modified":"2026-04-16T09:54:32","modified_gmt":"2026-04-16T08:54:32","slug":"18-ayar-beyaz-altin-004-ayar-vidali-pirlanta-saplama-burun-ignesi-45185","status":"publish","type":"product","link":"https:\/\/www.purejewels.com\/tr\/product\/18ct-white-gold-0-04ct-diamond-stud-nosepin-with-screw-45185\/","title":{"rendered":"18 Ayar Beyaz Alt\u0131n 0,04 Ayar Vidal\u0131 P\u0131rlanta Saplama Burunluk"},"content":{"rendered":"<p>Enfes \u00fcr\u00fcnlerimizle tan\u0131\u015f\u0131n <a href=\"https:\/\/www.purejewels.com\/tr\/product\/18ct-white-gold-diamond-ring-for-ladies-8775\/\">18 Ayar Beyaz Alt\u0131n<\/a> <a href=\"https:\/\/www.purejewels.com\/tr\/urun-kategori%cc%87si%cc%87\/elmas-mucevherler\/elmas-burun-pimi\/\">Elmas Burun \u00c7\u0131t\u00e7\u0131t<\/a>, g\u00fcnl\u00fck kullan\u0131m i\u00e7in m\u00fckemmel bir aksesuard\u0131r. Bu g\u00f6z al\u0131c\u0131 burun i\u011fnesi, g\u00f6r\u00fcn\u00fcm\u00fcn\u00fcze zarafet katan d\u00f6rt u\u00e7lu bir ayara yerle\u015ftirilmi\u015f Yuvarlak Parlak kesim bir P\u0131rlanta i\u00e7erir. P\u0131rlanta a\u011f\u0131rl\u0131\u011f\u0131 0,04 ct, P\u0131rlanta Rengi E\/F ve P\u0131rlanta Berrakl\u0131\u011f\u0131 VVS (\u00c7ok \u00c7ok K\u00fc\u00e7\u00fck Kapan\u0131mlar) olan bu burun saplamas\u0131n\u0131n \u0131\u015f\u0131l \u0131\u015f\u0131l parlayaca\u011f\u0131ndan emin olabilirsiniz.<\/p>\n<p>Her bir p\u0131rlanta, kalite ve orijinalli\u011fi garanti eden bir SGL Sertifikas\u0131 ile birlikte gelir. Burun saplamas\u0131 sipari\u015f edilebilir ve saklamak i\u00e7in bir sunum kutusuyla birlikte gelir. Birle\u015fik Krall\u0131k genelinde \u00fccretsiz teslimat\u0131n keyfini \u00e7\u0131kar\u0131n ve \u00fcr\u00fcn\u00fcn videosu i\u00e7in bizimle ileti\u015fime ge\u00e7in. Herhangi bir sorunuz varsa veya daha h\u0131zl\u0131 teslimata ihtiyac\u0131n\u0131z varsa, m\u00fc\u015fteri hizmetleri ekibimiz size yard\u0131mc\u0131 olmak i\u00e7in burada.<\/p>\n<p>G\u00fcvenli online \u00f6deme sistemimizle g\u00fcvenle al\u0131\u015fveri\u015f yap\u0131n ve 30 g\u00fcnl\u00fck para iade garantimizden yararlan\u0131n. Bu g\u00fczel tasar\u0131mla tarz\u0131n\u0131z\u0131 y\u00fckseltin <a href=\"https:\/\/www.purejewels.com\/tr\/product\/18ct-white-gold-khanda-sikh-religious-pendant-6226\/\">18ct<\/a> Beyaz Alt\u0131n <a href=\"https:\/\/www.purejewels.com\/tr\/urun-kategori%cc%87si%cc%87\/elmas-mucevherler\/elmas-burun-pimi\/\">Elmas Burun \u00c7\u0131t\u00e7\u0131t<\/a>.<\/p>\n<p>Bu zarif 18 Ayar Beyaz Alt\u0131n P\u0131rlanta Saplama Burunluk ile g\u00fcnl\u00fck \u015f\u0131kl\u0131\u011f\u0131n\u0131z\u0131 y\u00fckseltin. Sofistike ve rahatl\u0131k i\u00e7in tasarlanan bu par\u00e7a, zamans\u0131z bir parlakl\u0131k yayan g\u00f6z kama\u015ft\u0131r\u0131c\u0131 0,04 ct p\u0131rlantaya sahiptir.<\/p>\n<ul>\n<li><strong>Elmas \u00d6zellikleri<\/strong>:\n<ul>\n<li><strong>A\u011f\u0131rl\u0131k<\/strong>: 0.04ct<\/li>\n<li><strong>Renk<\/strong>: E\/F (Ola\u011fan\u00fcst\u00fc beyazl\u0131k ve parlakl\u0131k)<\/li>\n<li><strong>A\u00e7\u0131kl\u0131k<\/strong>: VVS (\u00c7ok \u00c7ok K\u00fc\u00e7\u00fck Kapan\u0131mlar, neredeyse kusursuz)<\/li>\n<\/ul>\n<\/li>\n<li><strong>Malzeme<\/strong>: L\u00fcks ve dayan\u0131kl\u0131 bir y\u00fczey i\u00e7in birinci s\u0131n\u0131f 18 ayar beyaz alt\u0131ndan \u00fcretilmi\u015ftir.<\/li>\n<li><strong>G\u00fcvenli Tasar\u0131m<\/strong>: Kullan\u0131m s\u0131ras\u0131nda kolayl\u0131k ve g\u00fcvenilirlik i\u00e7in vidal\u0131 s\u0131rt ile donat\u0131lm\u0131\u015ft\u0131r.<\/li>\n<li><strong>Sertifikasyon<\/strong>: Her bir p\u0131rlanta SGL sertifikal\u0131d\u0131r, g\u00fcvenebilece\u011finiz \u00f6zg\u00fcnl\u00fck ve kalite sa\u011flar.<\/li>\n<\/ul>\n<p>\u0130ster bir hediye ister ki\u015fisel bir zevk olsun, bu burun i\u011fnesi rafine g\u00fczellik ve kusursuz i\u015f\u00e7ili\u011fin m\u00fckemmel bir kar\u0131\u015f\u0131m\u0131d\u0131r.<\/p>","protected":false},"excerpt":{"rendered":"<ul>\n<li>18 Ayar Beyaz Alt\u0131n <a href=\"https:\/\/www.purejewels.com\/tr\/urun-kategori%cc%87si%cc%87\/elmas-mucevherler\/elmas-burun-pimi\/\">Elmas Burun \u00c7\u0131t\u00e7\u0131t<\/a> BIRLE\u015eIK KRALLIK<\/li>\n<li>G\u00fcnl\u00fck Kullan\u0131ma Uygun 18ct Burun Tak\u0131lar\u0131<\/li>\n<li>d\u00f6rt Prong ayar\u0131nda Yuvarlak Parlak kesim P\u0131rlanta setli\n<ul>\n<li style=\"list-style-type: none;\">\n<ul>\n<li>P\u0131rlanta a\u011f\u0131rl\u0131\u011f\u0131 0.04ct<\/li>\n<li>P\u0131rlanta Rengi. E\/F<\/li>\n<li>P\u0131rlanta Berrakl\u0131\u011f\u0131. VVS (\u00c7ok \u00c7ok K\u00fc\u00e7\u00fck Kapan\u0131mlar)<\/li>\n<li>T\u00fcm Elmaslar\u0131m\u0131z SGL Sertifikas\u0131 ile birlikte gelir<\/li>\n<\/ul>\n<\/li>\n<\/ul>\n<\/li>\n<li>SKU. 45184, 45181<\/li>\n<li>T\u00fcm fiyatlara KDV dahildir.<\/li>\n<li>Sunum Kutusu ile Birlikte Gelir.<\/li>\n<li>\u0130ngiltere Genelinde \u00dccretsiz Teslimat.<\/li>\n<li>\u00dcr\u00fcn videosu i\u00e7in bizimle ileti\u015fime ge\u00e7in \/ bizimle canl\u0131 sohbet edin.<\/li>\n<\/ul>","protected":false},"featured_media":346392,"comment_status":"closed","ping_status":"closed","template":"","meta":{"_eb_attr":"","_crsspst_to_jayantr4sg-hostcom":false},"product_brand":[],"product_cat":[5679,6093,5457,1530,5342,5348],"product_tag":[],"class_list":{"0":"post-346369","1":"product","2":"type-product","3":"status-publish","4":"has-post-thumbnail","6":"product_cat-18ct-gold-jewellery","7":"product_cat-18ct-nose-jewellery","8":"product_cat-diamond-jewellery","9":"product_cat-diamond-nose-pin","10":"product_cat-jewellery-under-250","11":"product_cat-white-gold-jewellery","13":"first","14":"instock","15":"taxable","16":"shipping-taxable","17":"purchasable","18":"product-type-simple","19":"add-to-wishlist-before_image"},"yoast_head":"<!-- This site is optimized with the Yoast SEO plugin v27.5 - https:\/\/yoast.com\/product\/yoast-seo-wordpress\/ -->\n<title>18ct Gold Diamond Nosepin with Screw | PureJewels<\/title>\n<meta name=\"description\" content=\"Elevate your style with this timeless piece of jewelry that adds a touch of sophistication and glamour to any look. Buy nose studs online!\" \/>\n<meta name=\"robots\" content=\"index, follow, max-snippet:-1, max-image-preview:large, max-video-preview:-1\" \/>\n<link rel=\"canonical\" href=\"https:\/\/www.purejewels.com\/tr\/urun\/18-ayar-beyaz-altin-004-ayar-vidali-pirlanta-saplama-burun-ignesi-45185\/\" \/>\n<meta property=\"og:locale\" content=\"tr_TR\" \/>\n<meta property=\"og:type\" content=\"article\" \/>\n<meta property=\"og:title\" content=\"18ct Gold Diamond Nosepin with Screw | PureJewels\" \/>\n<meta property=\"og:description\" content=\"Elevate your style with this timeless piece of jewelry that adds a touch of sophistication and glamour to any look. Buy nose studs online!\" \/>\n<meta property=\"og:url\" content=\"https:\/\/www.purejewels.com\/tr\/urun\/18-ayar-beyaz-altin-004-ayar-vidali-pirlanta-saplama-burun-ignesi-45185\/\" \/>\n<meta property=\"og:site_name\" content=\"PureJewels UK\" \/>\n<meta property=\"article:modified_time\" content=\"2026-04-16T08:54:32+00:00\" \/>\n<meta property=\"og:image\" content=\"https:\/\/static.purejewels.com\/wp-content\/uploads\/2023\/05\/0.4ctwhite.jpg\" \/>\n\t<meta property=\"og:image:width\" content=\"1000\" \/>\n\t<meta property=\"og:image:height\" content=\"1000\" \/>\n\t<meta property=\"og:image:type\" content=\"image\/jpeg\" \/>\n<meta name=\"twitter:card\" content=\"summary_large_image\" \/>\n<meta name=\"twitter:label1\" content=\"Tahmini okuma s\u00fcresi\" \/>\n\t<meta name=\"twitter:data1\" content=\"2 dakika\" \/>\n<script type=\"application\/ld+json\" class=\"yoast-schema-graph\">{\"@context\":\"https:\\\/\\\/schema.org\",\"@graph\":[{\"@type\":[\"WebPage\",\"ItemPage\"],\"@id\":\"https:\\\/\\\/www.purejewels.com\\\/product\\\/18ct-white-gold-0-04ct-diamond-stud-nosepin-with-screw-45185\\\/\",\"url\":\"https:\\\/\\\/www.purejewels.com\\\/product\\\/18ct-white-gold-0-04ct-diamond-stud-nosepin-with-screw-45185\\\/\",\"name\":\"18ct Gold Diamond Nosepin with Screw | PureJewels\",\"isPartOf\":{\"@id\":\"https:\\\/\\\/www.purejewels.com\\\/#website\"},\"primaryImageOfPage\":{\"@id\":\"https:\\\/\\\/www.purejewels.com\\\/product\\\/18ct-white-gold-0-04ct-diamond-stud-nosepin-with-screw-45185\\\/#primaryimage\"},\"image\":{\"@id\":\"https:\\\/\\\/www.purejewels.com\\\/product\\\/18ct-white-gold-0-04ct-diamond-stud-nosepin-with-screw-45185\\\/#primaryimage\"},\"thumbnailUrl\":\"https:\\\/\\\/static.purejewels.com\\\/wp-content\\\/uploads\\\/2023\\\/05\\\/0.4ctwhite.jpg\",\"datePublished\":\"2023-05-03T11:03:31+00:00\",\"dateModified\":\"2026-04-16T08:54:32+00:00\",\"description\":\"Elevate your style with this timeless piece of jewelry that adds a touch of sophistication and glamour to any look. Buy nose studs online!\",\"breadcrumb\":{\"@id\":\"https:\\\/\\\/www.purejewels.com\\\/product\\\/18ct-white-gold-0-04ct-diamond-stud-nosepin-with-screw-45185\\\/#breadcrumb\"},\"inLanguage\":\"tr\",\"potentialAction\":[{\"@type\":\"ReadAction\",\"target\":[\"https:\\\/\\\/www.purejewels.com\\\/product\\\/18ct-white-gold-0-04ct-diamond-stud-nosepin-with-screw-45185\\\/\"]}]},{\"@type\":\"ImageObject\",\"inLanguage\":\"tr\",\"@id\":\"https:\\\/\\\/www.purejewels.com\\\/product\\\/18ct-white-gold-0-04ct-diamond-stud-nosepin-with-screw-45185\\\/#primaryimage\",\"url\":\"https:\\\/\\\/static.purejewels.com\\\/wp-content\\\/uploads\\\/2023\\\/05\\\/0.4ctwhite.jpg\",\"contentUrl\":\"https:\\\/\\\/static.purejewels.com\\\/wp-content\\\/uploads\\\/2023\\\/05\\\/0.4ctwhite.jpg\",\"width\":1000,\"height\":1000,\"caption\":\"18ct White Gold Diamond Stud Nosepin with Screw\"},{\"@type\":\"BreadcrumbList\",\"@id\":\"https:\\\/\\\/www.purejewels.com\\\/product\\\/18ct-white-gold-0-04ct-diamond-stud-nosepin-with-screw-45185\\\/#breadcrumb\",\"itemListElement\":[{\"@type\":\"ListItem\",\"position\":1,\"name\":\"Home\",\"item\":\"https:\\\/\\\/www.purejewels.com\\\/\"},{\"@type\":\"ListItem\",\"position\":2,\"name\":\"Shop\",\"item\":\"https:\\\/\\\/www.purejewels.com\\\/shop\\\/\"},{\"@type\":\"ListItem\",\"position\":3,\"name\":\"18ct White Gold 0.04ct Diamond Stud Nosepin with Screw\"}]},{\"@type\":\"WebSite\",\"@id\":\"https:\\\/\\\/www.purejewels.com\\\/#website\",\"url\":\"https:\\\/\\\/www.purejewels.com\\\/\",\"name\":\"PureJewels UK\",\"description\":\"Share the Love\",\"publisher\":{\"@id\":\"https:\\\/\\\/www.purejewels.com\\\/#organization\"},\"potentialAction\":[{\"@type\":\"SearchAction\",\"target\":{\"@type\":\"EntryPoint\",\"urlTemplate\":\"https:\\\/\\\/www.purejewels.com\\\/?s={search_term_string}\"},\"query-input\":{\"@type\":\"PropertyValueSpecification\",\"valueRequired\":true,\"valueName\":\"search_term_string\"}}],\"inLanguage\":\"tr\"},{\"@type\":\"Organization\",\"@id\":\"https:\\\/\\\/www.purejewels.com\\\/#organization\",\"name\":\"PureJewels UK\",\"url\":\"https:\\\/\\\/www.purejewels.com\\\/\",\"logo\":{\"@type\":\"ImageObject\",\"inLanguage\":\"tr\",\"@id\":\"https:\\\/\\\/www.purejewels.com\\\/#\\\/schema\\\/logo\\\/image\\\/\",\"url\":\"https:\\\/\\\/static.purejewels.com\\\/wp-content\\\/uploads\\\/2020\\\/11\\\/Logo-PJ-New-1.png\",\"contentUrl\":\"https:\\\/\\\/static.purejewels.com\\\/wp-content\\\/uploads\\\/2020\\\/11\\\/Logo-PJ-New-1.png\",\"width\":150,\"height\":80,\"caption\":\"PureJewels UK\"},\"image\":{\"@id\":\"https:\\\/\\\/www.purejewels.com\\\/#\\\/schema\\\/logo\\\/image\\\/\"}}]}<\/script>\n<!-- \/ Yoast SEO plugin. -->","yoast_head_json":{"title":"18 Ayar Alt\u0131n Vidal\u0131 P\u0131rlanta Burunluk | PureJewels","description":"Her g\u00f6r\u00fcn\u00fcme sofistike ve cazibeli bir dokunu\u015f katan bu zamans\u0131z tak\u0131 ile stilinizi y\u00fckseltin. Burun \u00e7\u0131t\u00e7\u0131tlar\u0131n\u0131 online sat\u0131n al\u0131n!","robots":{"index":"index","follow":"follow","max-snippet":"max-snippet:-1","max-image-preview":"max-image-preview:large","max-video-preview":"max-video-preview:-1"},"canonical":"https:\/\/www.purejewels.com\/tr\/urun\/18-ayar-beyaz-altin-004-ayar-vidali-pirlanta-saplama-burun-ignesi-45185\/","og_locale":"tr_TR","og_type":"article","og_title":"18ct Gold Diamond Nosepin with Screw | PureJewels","og_description":"Elevate your style with this timeless piece of jewelry that adds a touch of sophistication and glamour to any look. Buy nose studs online!","og_url":"https:\/\/www.purejewels.com\/tr\/urun\/18-ayar-beyaz-altin-004-ayar-vidali-pirlanta-saplama-burun-ignesi-45185\/","og_site_name":"PureJewels UK","article_modified_time":"2026-04-16T08:54:32+00:00","og_image":[{"width":1000,"height":1000,"url":"https:\/\/static.purejewels.com\/wp-content\/uploads\/2023\/05\/0.4ctwhite.jpg","type":"image\/jpeg"}],"twitter_card":"summary_large_image","twitter_misc":{"Tahmini okuma s\u00fcresi":"2 dakika"},"schema":{"@context":"https:\/\/schema.org","@graph":[{"@type":["WebPage","ItemPage"],"@id":"https:\/\/www.purejewels.com\/product\/18ct-white-gold-0-04ct-diamond-stud-nosepin-with-screw-45185\/","url":"https:\/\/www.purejewels.com\/product\/18ct-white-gold-0-04ct-diamond-stud-nosepin-with-screw-45185\/","name":"18 Ayar Alt\u0131n Vidal\u0131 P\u0131rlanta Burunluk | PureJewels","isPartOf":{"@id":"https:\/\/www.purejewels.com\/#website"},"primaryImageOfPage":{"@id":"https:\/\/www.purejewels.com\/product\/18ct-white-gold-0-04ct-diamond-stud-nosepin-with-screw-45185\/#primaryimage"},"image":{"@id":"https:\/\/www.purejewels.com\/product\/18ct-white-gold-0-04ct-diamond-stud-nosepin-with-screw-45185\/#primaryimage"},"thumbnailUrl":"https:\/\/static.purejewels.com\/wp-content\/uploads\/2023\/05\/0.4ctwhite.jpg","datePublished":"2023-05-03T11:03:31+00:00","dateModified":"2026-04-16T08:54:32+00:00","description":"Her g\u00f6r\u00fcn\u00fcme sofistike ve cazibeli bir dokunu\u015f katan bu zamans\u0131z tak\u0131 ile stilinizi y\u00fckseltin. Burun \u00e7\u0131t\u00e7\u0131tlar\u0131n\u0131 online sat\u0131n al\u0131n!","breadcrumb":{"@id":"https:\/\/www.purejewels.com\/product\/18ct-white-gold-0-04ct-diamond-stud-nosepin-with-screw-45185\/#breadcrumb"},"inLanguage":"tr","potentialAction":[{"@type":"ReadAction","target":["https:\/\/www.purejewels.com\/product\/18ct-white-gold-0-04ct-diamond-stud-nosepin-with-screw-45185\/"]}]},{"@type":"ImageObject","inLanguage":"tr","@id":"https:\/\/www.purejewels.com\/product\/18ct-white-gold-0-04ct-diamond-stud-nosepin-with-screw-45185\/#primaryimage","url":"https:\/\/static.purejewels.com\/wp-content\/uploads\/2023\/05\/0.4ctwhite.jpg","contentUrl":"https:\/\/static.purejewels.com\/wp-content\/uploads\/2023\/05\/0.4ctwhite.jpg","width":1000,"height":1000,"caption":"18ct White Gold Diamond Stud Nosepin with Screw"},{"@type":"BreadcrumbList","@id":"https:\/\/www.purejewels.com\/product\/18ct-white-gold-0-04ct-diamond-stud-nosepin-with-screw-45185\/#breadcrumb","itemListElement":[{"@type":"ListItem","position":1,"name":"Home","item":"https:\/\/www.purejewels.com\/"},{"@type":"ListItem","position":2,"name":"Shop","item":"https:\/\/www.purejewels.com\/shop\/"},{"@type":"ListItem","position":3,"name":"18ct White Gold 0.04ct Diamond Stud Nosepin with Screw"}]},{"@type":"WebSite","@id":"https:\/\/www.purejewels.com\/#website","url":"https:\/\/www.purejewels.com\/","name":"PureJewels \u0130ngiltere","description":"Sevgiyi Payla\u015f\u0131n","publisher":{"@id":"https:\/\/www.purejewels.com\/#organization"},"potentialAction":[{"@type":"SearchAction","target":{"@type":"EntryPoint","urlTemplate":"https:\/\/www.purejewels.com\/?s={search_term_string}"},"query-input":{"@type":"PropertyValueSpecification","valueRequired":true,"valueName":"search_term_string"}}],"inLanguage":"tr"},{"@type":"Organization","@id":"https:\/\/www.purejewels.com\/#organization","name":"PureJewels \u0130ngiltere","url":"https:\/\/www.purejewels.com\/","logo":{"@type":"ImageObject","inLanguage":"tr","@id":"https:\/\/www.purejewels.com\/#\/schema\/logo\/image\/","url":"https:\/\/static.purejewels.com\/wp-content\/uploads\/2020\/11\/Logo-PJ-New-1.png","contentUrl":"https:\/\/static.purejewels.com\/wp-content\/uploads\/2020\/11\/Logo-PJ-New-1.png","width":150,"height":80,"caption":"PureJewels UK"},"image":{"@id":"https:\/\/www.purejewels.com\/#\/schema\/logo\/image\/"}}]}},"_links":{"self":[{"href":"https:\/\/www.purejewels.com\/tr\/wp-json\/wp\/v2\/product\/346369","targetHints":{"allow":["GET"]}}],"collection":[{"href":"https:\/\/www.purejewels.com\/tr\/wp-json\/wp\/v2\/product"}],"about":[{"href":"https:\/\/www.purejewels.com\/tr\/wp-json\/wp\/v2\/types\/product"}],"replies":[{"embeddable":true,"href":"https:\/\/www.purejewels.com\/tr\/wp-json\/wp\/v2\/comments?post=346369"}],"version-history":[{"count":5,"href":"https:\/\/www.purejewels.com\/tr\/wp-json\/wp\/v2\/product\/346369\/revisions"}],"predecessor-version":[{"id":426627,"href":"https:\/\/www.purejewels.com\/tr\/wp-json\/wp\/v2\/product\/346369\/revisions\/426627"}],"wp:featuredmedia":[{"embeddable":true,"href":"https:\/\/www.purejewels.com\/tr\/wp-json\/wp\/v2\/media\/346392"}],"wp:attachment":[{"href":"https:\/\/www.purejewels.com\/tr\/wp-json\/wp\/v2\/media?parent=346369"}],"wp:term":[{"taxonomy":"product_brand","embeddable":true,"href":"https:\/\/www.purejewels.com\/tr\/wp-json\/wp\/v2\/product_brand?post=346369"},{"taxonomy":"product_cat","embeddable":true,"href":"https:\/\/www.purejewels.com\/tr\/wp-json\/wp\/v2\/product_cat?post=346369"},{"taxonomy":"product_tag","embeddable":true,"href":"https:\/\/www.purejewels.com\/tr\/wp-json\/wp\/v2\/product_tag?post=346369"}],"curies":[{"name":"wp","href":"https:\/\/api.w.org\/{rel}","templated":true}]}}