{"id":346503,"date":"2023-05-09T10:40:17","date_gmt":"2023-05-09T09:40:17","guid":{"rendered":"https:\/\/www.purejewels.com\/?post_type=product&#038;p=346503"},"modified":"2026-01-30T08:14:15","modified_gmt":"2026-01-30T08:14:15","slug":"22-ayar-altin-armari-kupe-45052","status":"publish","type":"product","link":"https:\/\/www.purejewels.com\/tr\/product\/22ct-gold-armari-earrings-45052\/","title":{"rendered":"22 Ayar Alt\u0131n Armari K\u00fcpe"},"content":{"rendered":"<p>B\u00fcy\u00fcleyici 22 ayar alt\u0131n\u0131m\u0131zla tan\u0131\u015f\u0131n <a href=\"https:\/\/www.purejewels.com\/tr\/product\/22ct-gold-ladies-stud-earring-with-rhodium-finish-46497\/\">K\u00fcpe<\/a> Armari Koleksiyonu'ndan, zarafet ve sofistikeli\u011fin ger\u00e7ek bir simgesi. Uzman hassasiyetiyle titizlikle haz\u0131rlanm\u0131\u015f bu <a href=\"https:\/\/www.purejewels.com\/tr\/product-category\/22ct-gold-jewellery\/gold-earrings\/\">K\u00fcpeler<\/a> do\u011fal g\u00fczelli\u011finizi geli\u015ftirmek ve tarz\u0131n\u0131z\u0131 y\u00fckseltmek i\u00e7in tasarlanm\u0131\u015ft\u0131r.<\/p>\n<p>\u00dcst\u00fcn kaliteli 22 ayar alt\u0131ndan \u00fcretilen bu k\u00fcpeler, \u0131\u015f\u0131\u011f\u0131 zahmetsizce yakalayan s\u0131cak ve l\u00fcks bir par\u0131lt\u0131 yayar. K\u00fcpelerdeki karma\u015f\u0131k detaylar kusursuz i\u015f\u00e7ili\u011fi sergiler ve genel tasar\u0131ma cazibe katar.<\/p>\n<p>\u0130ster g\u00f6z al\u0131c\u0131 bir etkinli\u011fe kat\u0131l\u0131yor olun, ister g\u00fcnl\u00fck kombininize \u015f\u0131k bir dokunu\u015f katmak isteyin, bu k\u00fcpeler m\u00fckemmel bir se\u00e7imdir. Zamans\u0131z \u00e7ekicili\u011fi sayesinde her durumda tak\u0131labilir ve m\u00fccevher koleksiyonunuza \u00e7ok y\u00f6nl\u00fc bir katk\u0131 sa\u011flar.<\/p>\n<p>G\u00fcvenli ve rahat sabitleme mekanizmas\u0131 endi\u015fesiz bir takma deneyimini garanti eder. Hafif yap\u0131s\u0131, bu k\u00fcpelerin herhangi bir rahats\u0131zl\u0131k duymadan t\u00fcm g\u00fcn veya gece tak\u0131labilmesini sa\u011flar.<\/p>\n<p>Armari Koleksiyonu'ndan \u00e7arp\u0131c\u0131 22 ayar alt\u0131n k\u00fcpelerimizle ki\u015fisel tarz\u0131n\u0131z\u0131 geli\u015ftirin ve kal\u0131c\u0131 bir izlenim b\u0131rak\u0131n. Koleksiyonumuzu \u015fimdi ke\u015ffedin ve bireyselli\u011finizi tamamlayacak ve g\u00f6r\u00fcn\u00fcm\u00fcn\u00fcze ihti\u015faml\u0131 bir dokunu\u015f katacak m\u00fckemmel \u00e7ifti ke\u015ffedin.<\/p>","protected":false},"excerpt":{"rendered":"<table class=\"sh_desc\">\n<tbody>\n<tr>\n<td>K\u00fcpe T\u00fcr\u00fc<\/td>\n<td>Damla K\u00fcpe<\/td>\n<\/tr>\n<tr>\n<td>SKU<\/td>\n<td>46743<\/td>\n<\/tr>\n<tr>\n<td>A\u011f\u0131rl\u0131k<\/td>\n<td>6.5 Gms<\/td>\n<\/tr>\n<tr>\n<td>Biti\u015f<\/td>\n<td>Antique_Matte<\/td>\n<\/tr>\n<tr>\n<td>Cinsiyet<\/td>\n<td>Bayanlar<\/td>\n<\/tr>\n<tr>\n<td>Koleksiyon<\/td>\n<td><strong>Armari Koleksiyonu<\/strong><\/td>\n<\/tr>\n<tr>\n<td>Metal<\/td>\n<td>22 Ayar Alt\u0131n<\/td>\n<\/tr>\n<tr>\n<td>\u00dccretler<\/td>\n<td>Teslimat ve KDV Dahil<\/td>\n<\/tr>\n<tr>\n<td>Paketleme<\/td>\n<td>Sunum Kutusu ile Birlikte Gelir<\/td>\n<\/tr>\n<tr>\n<td>Daha Fazla Bilgi<\/td>\n<td>M\u00fcsaitlik durumu ve daha fazla resim i\u00e7in bizimle canl\u0131 sohbet edin<\/td>\n<\/tr>\n<\/tbody>\n<\/table>","protected":false},"featured_media":349200,"comment_status":"closed","ping_status":"closed","template":"","meta":{"_eb_attr":"","_crsspst_to_jayantr4sg-hostcom":false},"product_brand":[],"product_cat":[245,5639,1685,1254,1573,1574],"product_tag":[],"class_list":{"0":"post-346503","1":"product","2":"type-product","3":"status-publish","4":"has-post-thumbnail","6":"product_cat-armari-collections","7":"product_cat-armari-earring","8":"product_cat-drop-earrings","9":"product_cat-gold-earrings","10":"product_cat-wedding-gifts","11":"product_cat-womens-jewellery","13":"first","14":"instock","15":"taxable","16":"shipping-taxable","17":"purchasable","18":"product-type-simple","19":"add-to-wishlist-before_image"},"yoast_head":"<!-- This site is optimized with the Yoast SEO plugin v27.5 - https:\/\/yoast.com\/product\/yoast-seo-wordpress\/ -->\n<title>Shop Stunning 22ct Gold Earring from Armari Collection<\/title>\n<meta name=\"description\" content=\"Elevate your style with 22ct Gold earrings from the Armari Collection. Handcrafted with precision, these earrings are a timeless symbol of beauty &amp; elegance\" \/>\n<meta name=\"robots\" content=\"index, follow, max-snippet:-1, max-image-preview:large, max-video-preview:-1\" \/>\n<link rel=\"canonical\" href=\"https:\/\/www.purejewels.com\/tr\/urun\/22-ayar-altin-armari-kupe-45052\/\" \/>\n<meta property=\"og:locale\" content=\"tr_TR\" \/>\n<meta property=\"og:type\" content=\"article\" \/>\n<meta property=\"og:title\" content=\"Shop Stunning 22ct Gold Earring from Armari Collection\" \/>\n<meta property=\"og:description\" content=\"Elevate your style with 22ct Gold earrings from the Armari Collection. Handcrafted with precision, these earrings are a timeless symbol of beauty &amp; elegance\" \/>\n<meta property=\"og:url\" content=\"https:\/\/www.purejewels.com\/tr\/urun\/22-ayar-altin-armari-kupe-45052\/\" \/>\n<meta property=\"og:site_name\" content=\"PureJewels UK\" \/>\n<meta property=\"article:modified_time\" content=\"2026-01-30T08:14:15+00:00\" \/>\n<meta property=\"og:image\" content=\"https:\/\/static.purejewels.com\/wp-content\/uploads\/2023\/05\/New-Project-31.jpg\" \/>\n\t<meta property=\"og:image:width\" content=\"1000\" \/>\n\t<meta property=\"og:image:height\" content=\"1000\" \/>\n\t<meta property=\"og:image:type\" content=\"image\/jpeg\" \/>\n<meta name=\"twitter:card\" content=\"summary_large_image\" \/>\n<meta name=\"twitter:label1\" content=\"Tahmini okuma s\u00fcresi\" \/>\n\t<meta name=\"twitter:data1\" content=\"2 dakika\" \/>\n<script type=\"application\/ld+json\" class=\"yoast-schema-graph\">{\"@context\":\"https:\\\/\\\/schema.org\",\"@graph\":[{\"@type\":[\"WebPage\",\"ItemPage\"],\"@id\":\"https:\\\/\\\/www.purejewels.com\\\/product\\\/22ct-gold-armari-earrings-45052\\\/\",\"url\":\"https:\\\/\\\/www.purejewels.com\\\/product\\\/22ct-gold-armari-earrings-45052\\\/\",\"name\":\"Shop Stunning 22ct Gold Earring from Armari Collection\",\"isPartOf\":{\"@id\":\"https:\\\/\\\/www.purejewels.com\\\/#website\"},\"primaryImageOfPage\":{\"@id\":\"https:\\\/\\\/www.purejewels.com\\\/product\\\/22ct-gold-armari-earrings-45052\\\/#primaryimage\"},\"image\":{\"@id\":\"https:\\\/\\\/www.purejewels.com\\\/product\\\/22ct-gold-armari-earrings-45052\\\/#primaryimage\"},\"thumbnailUrl\":\"https:\\\/\\\/static.purejewels.com\\\/wp-content\\\/uploads\\\/2023\\\/05\\\/New-Project-31.jpg\",\"datePublished\":\"2023-05-09T09:40:17+00:00\",\"dateModified\":\"2026-01-30T08:14:15+00:00\",\"description\":\"Elevate your style with 22ct Gold earrings from the Armari Collection. Handcrafted with precision, these earrings are a timeless symbol of beauty & elegance\",\"breadcrumb\":{\"@id\":\"https:\\\/\\\/www.purejewels.com\\\/product\\\/22ct-gold-armari-earrings-45052\\\/#breadcrumb\"},\"inLanguage\":\"tr\",\"potentialAction\":[{\"@type\":\"ReadAction\",\"target\":[\"https:\\\/\\\/www.purejewels.com\\\/product\\\/22ct-gold-armari-earrings-45052\\\/\"]}]},{\"@type\":\"ImageObject\",\"inLanguage\":\"tr\",\"@id\":\"https:\\\/\\\/www.purejewels.com\\\/product\\\/22ct-gold-armari-earrings-45052\\\/#primaryimage\",\"url\":\"https:\\\/\\\/static.purejewels.com\\\/wp-content\\\/uploads\\\/2023\\\/05\\\/New-Project-31.jpg\",\"contentUrl\":\"https:\\\/\\\/static.purejewels.com\\\/wp-content\\\/uploads\\\/2023\\\/05\\\/New-Project-31.jpg\",\"width\":1000,\"height\":1000},{\"@type\":\"BreadcrumbList\",\"@id\":\"https:\\\/\\\/www.purejewels.com\\\/product\\\/22ct-gold-armari-earrings-45052\\\/#breadcrumb\",\"itemListElement\":[{\"@type\":\"ListItem\",\"position\":1,\"name\":\"Home\",\"item\":\"https:\\\/\\\/www.purejewels.com\\\/\"},{\"@type\":\"ListItem\",\"position\":2,\"name\":\"Shop\",\"item\":\"https:\\\/\\\/www.purejewels.com\\\/shop\\\/\"},{\"@type\":\"ListItem\",\"position\":3,\"name\":\"22ct Gold Armari Earrings\"}]},{\"@type\":\"WebSite\",\"@id\":\"https:\\\/\\\/www.purejewels.com\\\/#website\",\"url\":\"https:\\\/\\\/www.purejewels.com\\\/\",\"name\":\"PureJewels UK\",\"description\":\"Share the Love\",\"publisher\":{\"@id\":\"https:\\\/\\\/www.purejewels.com\\\/#organization\"},\"potentialAction\":[{\"@type\":\"SearchAction\",\"target\":{\"@type\":\"EntryPoint\",\"urlTemplate\":\"https:\\\/\\\/www.purejewels.com\\\/?s={search_term_string}\"},\"query-input\":{\"@type\":\"PropertyValueSpecification\",\"valueRequired\":true,\"valueName\":\"search_term_string\"}}],\"inLanguage\":\"tr\"},{\"@type\":\"Organization\",\"@id\":\"https:\\\/\\\/www.purejewels.com\\\/#organization\",\"name\":\"PureJewels UK\",\"url\":\"https:\\\/\\\/www.purejewels.com\\\/\",\"logo\":{\"@type\":\"ImageObject\",\"inLanguage\":\"tr\",\"@id\":\"https:\\\/\\\/www.purejewels.com\\\/#\\\/schema\\\/logo\\\/image\\\/\",\"url\":\"https:\\\/\\\/static.purejewels.com\\\/wp-content\\\/uploads\\\/2020\\\/11\\\/Logo-PJ-New-1.png\",\"contentUrl\":\"https:\\\/\\\/static.purejewels.com\\\/wp-content\\\/uploads\\\/2020\\\/11\\\/Logo-PJ-New-1.png\",\"width\":150,\"height\":80,\"caption\":\"PureJewels UK\"},\"image\":{\"@id\":\"https:\\\/\\\/www.purejewels.com\\\/#\\\/schema\\\/logo\\\/image\\\/\"}}]}<\/script>\n<!-- \/ Yoast SEO plugin. -->","yoast_head_json":{"title":"Armari Koleksiyonundan \u00c7arp\u0131c\u0131 22 Ayar Alt\u0131n K\u00fcpe Al\u0131\u015fveri\u015fi","description":"Armari Koleksiyonu'ndan 22 ayar alt\u0131n k\u00fcpelerle stilinizi y\u00fckseltin. Hassasiyetle el i\u015f\u00e7ili\u011fiyle \u00fcretilen bu k\u00fcpeler, g\u00fczellik ve zarafetin zamans\u0131z bir sembol\u00fcd\u00fcr","robots":{"index":"index","follow":"follow","max-snippet":"max-snippet:-1","max-image-preview":"max-image-preview:large","max-video-preview":"max-video-preview:-1"},"canonical":"https:\/\/www.purejewels.com\/tr\/urun\/22-ayar-altin-armari-kupe-45052\/","og_locale":"tr_TR","og_type":"article","og_title":"Shop Stunning 22ct Gold Earring from Armari Collection","og_description":"Elevate your style with 22ct Gold earrings from the Armari Collection. Handcrafted with precision, these earrings are a timeless symbol of beauty & elegance","og_url":"https:\/\/www.purejewels.com\/tr\/urun\/22-ayar-altin-armari-kupe-45052\/","og_site_name":"PureJewels UK","article_modified_time":"2026-01-30T08:14:15+00:00","og_image":[{"width":1000,"height":1000,"url":"https:\/\/static.purejewels.com\/wp-content\/uploads\/2023\/05\/New-Project-31.jpg","type":"image\/jpeg"}],"twitter_card":"summary_large_image","twitter_misc":{"Tahmini okuma s\u00fcresi":"2 dakika"},"schema":{"@context":"https:\/\/schema.org","@graph":[{"@type":["WebPage","ItemPage"],"@id":"https:\/\/www.purejewels.com\/product\/22ct-gold-armari-earrings-45052\/","url":"https:\/\/www.purejewels.com\/product\/22ct-gold-armari-earrings-45052\/","name":"Armari Koleksiyonundan \u00c7arp\u0131c\u0131 22 Ayar Alt\u0131n K\u00fcpe Al\u0131\u015fveri\u015fi","isPartOf":{"@id":"https:\/\/www.purejewels.com\/#website"},"primaryImageOfPage":{"@id":"https:\/\/www.purejewels.com\/product\/22ct-gold-armari-earrings-45052\/#primaryimage"},"image":{"@id":"https:\/\/www.purejewels.com\/product\/22ct-gold-armari-earrings-45052\/#primaryimage"},"thumbnailUrl":"https:\/\/static.purejewels.com\/wp-content\/uploads\/2023\/05\/New-Project-31.jpg","datePublished":"2023-05-09T09:40:17+00:00","dateModified":"2026-01-30T08:14:15+00:00","description":"Armari Koleksiyonu'ndan 22 ayar alt\u0131n k\u00fcpelerle stilinizi y\u00fckseltin. Hassasiyetle el i\u015f\u00e7ili\u011fiyle \u00fcretilen bu k\u00fcpeler, g\u00fczellik ve zarafetin zamans\u0131z bir sembol\u00fcd\u00fcr","breadcrumb":{"@id":"https:\/\/www.purejewels.com\/product\/22ct-gold-armari-earrings-45052\/#breadcrumb"},"inLanguage":"tr","potentialAction":[{"@type":"ReadAction","target":["https:\/\/www.purejewels.com\/product\/22ct-gold-armari-earrings-45052\/"]}]},{"@type":"ImageObject","inLanguage":"tr","@id":"https:\/\/www.purejewels.com\/product\/22ct-gold-armari-earrings-45052\/#primaryimage","url":"https:\/\/static.purejewels.com\/wp-content\/uploads\/2023\/05\/New-Project-31.jpg","contentUrl":"https:\/\/static.purejewels.com\/wp-content\/uploads\/2023\/05\/New-Project-31.jpg","width":1000,"height":1000},{"@type":"BreadcrumbList","@id":"https:\/\/www.purejewels.com\/product\/22ct-gold-armari-earrings-45052\/#breadcrumb","itemListElement":[{"@type":"ListItem","position":1,"name":"Home","item":"https:\/\/www.purejewels.com\/"},{"@type":"ListItem","position":2,"name":"Shop","item":"https:\/\/www.purejewels.com\/shop\/"},{"@type":"ListItem","position":3,"name":"22ct Gold Armari Earrings"}]},{"@type":"WebSite","@id":"https:\/\/www.purejewels.com\/#website","url":"https:\/\/www.purejewels.com\/","name":"PureJewels \u0130ngiltere","description":"Sevgiyi Payla\u015f\u0131n","publisher":{"@id":"https:\/\/www.purejewels.com\/#organization"},"potentialAction":[{"@type":"SearchAction","target":{"@type":"EntryPoint","urlTemplate":"https:\/\/www.purejewels.com\/?s={search_term_string}"},"query-input":{"@type":"PropertyValueSpecification","valueRequired":true,"valueName":"search_term_string"}}],"inLanguage":"tr"},{"@type":"Organization","@id":"https:\/\/www.purejewels.com\/#organization","name":"PureJewels \u0130ngiltere","url":"https:\/\/www.purejewels.com\/","logo":{"@type":"ImageObject","inLanguage":"tr","@id":"https:\/\/www.purejewels.com\/#\/schema\/logo\/image\/","url":"https:\/\/static.purejewels.com\/wp-content\/uploads\/2020\/11\/Logo-PJ-New-1.png","contentUrl":"https:\/\/static.purejewels.com\/wp-content\/uploads\/2020\/11\/Logo-PJ-New-1.png","width":150,"height":80,"caption":"PureJewels UK"},"image":{"@id":"https:\/\/www.purejewels.com\/#\/schema\/logo\/image\/"}}]}},"_links":{"self":[{"href":"https:\/\/www.purejewels.com\/tr\/wp-json\/wp\/v2\/product\/346503","targetHints":{"allow":["GET"]}}],"collection":[{"href":"https:\/\/www.purejewels.com\/tr\/wp-json\/wp\/v2\/product"}],"about":[{"href":"https:\/\/www.purejewels.com\/tr\/wp-json\/wp\/v2\/types\/product"}],"replies":[{"embeddable":true,"href":"https:\/\/www.purejewels.com\/tr\/wp-json\/wp\/v2\/comments?post=346503"}],"version-history":[{"count":2,"href":"https:\/\/www.purejewels.com\/tr\/wp-json\/wp\/v2\/product\/346503\/revisions"}],"predecessor-version":[{"id":391858,"href":"https:\/\/www.purejewels.com\/tr\/wp-json\/wp\/v2\/product\/346503\/revisions\/391858"}],"wp:featuredmedia":[{"embeddable":true,"href":"https:\/\/www.purejewels.com\/tr\/wp-json\/wp\/v2\/media\/349200"}],"wp:attachment":[{"href":"https:\/\/www.purejewels.com\/tr\/wp-json\/wp\/v2\/media?parent=346503"}],"wp:term":[{"taxonomy":"product_brand","embeddable":true,"href":"https:\/\/www.purejewels.com\/tr\/wp-json\/wp\/v2\/product_brand?post=346503"},{"taxonomy":"product_cat","embeddable":true,"href":"https:\/\/www.purejewels.com\/tr\/wp-json\/wp\/v2\/product_cat?post=346503"},{"taxonomy":"product_tag","embeddable":true,"href":"https:\/\/www.purejewels.com\/tr\/wp-json\/wp\/v2\/product_tag?post=346503"}],"curies":[{"name":"wp","href":"https:\/\/api.w.org\/{rel}","templated":true}]}}