{"id":346548,"date":"2023-05-10T09:29:41","date_gmt":"2023-05-10T08:29:41","guid":{"rendered":"https:\/\/www.purejewels.com\/?post_type=product&#038;p=346548"},"modified":"2025-11-07T08:40:04","modified_gmt":"2025-11-07T08:40:04","slug":"22-ayar-altin-kolye-47619","status":"publish","type":"product","link":"https:\/\/www.purejewels.com\/tr\/product\/22-carat-gold-necklace-47619\/","title":{"rendered":"22 Ayar Alt\u0131n Kolye | Rozet Koleksiyonu"},"content":{"rendered":"<p><span data-sheets-root=\"1\">Rozet Koleksiyonumuzdan bu zarif 22 ayar alt\u0131n kolyenin zamans\u0131z g\u00fczelli\u011fiyle kendinizi \u015f\u0131mart\u0131n. Hassasiyet ve \u00f6zenle el yap\u0131m\u0131 olan bu kolye ucu kolye ger\u00e7ek bir sanat eseridir. Bu kolyenin karma\u015f\u0131k tasar\u0131m\u0131 ve i\u015f\u00e7ili\u011fi, onu her k\u0131yafeti y\u00fckseltecek bir ifade par\u00e7as\u0131 haline getiriyor.<\/p>\n<p>22 ayar alt\u0131ndan \u00fcretilen bu kolye 19,3 gram a\u011f\u0131rl\u0131\u011f\u0131nda ve 18,5 in\u00e7 uzunlu\u011fundad\u0131r. \u00c7arp\u0131c\u0131 rozet tasar\u0131m\u0131 bu par\u00e7aya zarafet ve sofistike bir dokunu\u015f katarak onu \u00f6zel g\u00fcnler veya g\u00fcnl\u00fck kullan\u0131m i\u00e7in m\u00fckemmel k\u0131lar. Her bir par\u00e7a Londra Assay Ofisi taraf\u0131ndan damgalanarak orijinalli\u011fi ve kalitesi garanti alt\u0131na al\u0131nm\u0131\u015ft\u0131r.<\/p>\n<p>Bu kolyeyi sipari\u015f etti\u011finizde 4-5 hafta i\u00e7inde teslim edilmesini bekleyebilirsiniz. T\u00fcm fiyatlara KDV dahildir ve set bir kutu i\u00e7inde g\u00fczel bir \u015fekilde sunulmaktad\u0131r. Herhangi bir sorunuz varsa veya benzer tasar\u0131mlar\u0131n daha fazla g\u00f6rselini g\u00f6rmek isterseniz, m\u00fc\u015fteri hizmetleri ekibimiz canl\u0131 sohbet yoluyla hizmetinizdedir.<\/span><\/p>","protected":false},"excerpt":{"rendered":"<ul>\n<li>22 Ayar Alt\u0131n Kolye<\/li>\n<li>A\u011f\u0131rl\u0131k 19,3 gms<\/li>\n<li>Sku 47619<\/li>\n<li>Uzunluk. 18,5 \u0130n\u00e7<\/li>\n<li>Katalog kimli\u011fi. R1065<\/li>\n<li>T\u00fcm fiyatlara KDV dahildir<\/li>\n<li>T\u00fcm \u00fcr\u00fcnlerimiz London Assay Office taraf\u0131ndan damgalanm\u0131\u015ft\u0131r<\/li>\n<li>T\u00fcm setler sunum kutusu ile birlikte gelir<\/li>\n<li>Teslimat Dahil<\/li>\n<li>Stok durumu ve stokta bulunan benzer tasar\u0131mlar\u0131n daha fazla g\u00f6r\u00fcnt\u00fcs\u00fc i\u00e7in bizimle canl\u0131 sohbet edin<\/li>\n<\/ul>","protected":false},"featured_media":346549,"comment_status":"closed","ping_status":"closed","template":"","meta":{"_eb_attr":"","_crsspst_to_jayantr4sg-hostcom":false},"product_brand":[],"product_cat":[1791,236,1229,1253,1656,5275,1778,1573,1574,5349],"product_tag":[],"class_list":{"0":"post-346548","1":"product","2":"type-product","3":"status-publish","4":"has-post-thumbnail","6":"product_cat-anniversary-gifts","7":"product_cat-collections","8":"product_cat-22ct-gold-jewellery","9":"product_cat-gold-necklaces","10":"product_cat-rosettes-collections","11":"product_cat-rosettes-necklace","12":"product_cat-short-necklaces","13":"product_cat-wedding-gifts","14":"product_cat-womens-jewellery","15":"product_cat-yellow-gold-jewellery","17":"first","18":"onbackorder","19":"taxable","20":"shipping-taxable","21":"product-type-simple","22":"add-to-wishlist-before_image"},"yoast_head":"<!-- This site is optimized with the Yoast SEO plugin v27.5 - https:\/\/yoast.com\/product\/yoast-seo-wordpress\/ -->\n<title>22 carat Gold Handmade Pendant Necklace | Purejewels UK<\/title>\n<meta name=\"description\" content=\"Featuring a stunning pendant meticulously crafted from 22ct gold, it is a true statement piece that effortlessly enhances any outfit. Shop now! Free delivery across UK.\" \/>\n<meta name=\"robots\" content=\"index, follow, max-snippet:-1, max-image-preview:large, max-video-preview:-1\" \/>\n<link rel=\"canonical\" href=\"https:\/\/www.purejewels.com\/tr\/urun\/22-ayar-altin-kolye-47619\/\" \/>\n<meta property=\"og:locale\" content=\"tr_TR\" \/>\n<meta property=\"og:type\" content=\"article\" \/>\n<meta property=\"og:title\" content=\"22 carat Gold Handmade Pendant Necklace | Purejewels UK\" \/>\n<meta property=\"og:description\" content=\"Featuring a stunning pendant meticulously crafted from 22ct gold, it is a true statement piece that effortlessly enhances any outfit. Shop now! Free delivery across UK.\" \/>\n<meta property=\"og:url\" content=\"https:\/\/www.purejewels.com\/tr\/urun\/22-ayar-altin-kolye-47619\/\" \/>\n<meta property=\"og:site_name\" content=\"PureJewels UK\" \/>\n<meta property=\"article:modified_time\" content=\"2025-11-07T08:40:04+00:00\" \/>\n<meta property=\"og:image\" content=\"https:\/\/www.purejewels.com\/wp-content\/uploads\/2023\/05\/SKU-43261-2.jpg\" \/>\n\t<meta property=\"og:image:width\" content=\"1\" \/>\n\t<meta property=\"og:image:height\" content=\"1\" \/>\n\t<meta property=\"og:image:type\" content=\"image\/jpeg\" \/>\n<meta name=\"twitter:card\" content=\"summary_large_image\" \/>\n<meta name=\"twitter:label1\" content=\"Tahmini okuma s\u00fcresi\" \/>\n\t<meta name=\"twitter:data1\" content=\"1 dakika\" \/>\n<script type=\"application\/ld+json\" class=\"yoast-schema-graph\">{\"@context\":\"https:\\\/\\\/schema.org\",\"@graph\":[{\"@type\":[\"WebPage\",\"ItemPage\"],\"@id\":\"https:\\\/\\\/www.purejewels.com\\\/product\\\/22-carat-gold-necklace-47619\\\/\",\"url\":\"https:\\\/\\\/www.purejewels.com\\\/product\\\/22-carat-gold-necklace-47619\\\/\",\"name\":\"22 carat Gold Handmade Pendant Necklace | Purejewels UK\",\"isPartOf\":{\"@id\":\"https:\\\/\\\/www.purejewels.com\\\/#website\"},\"primaryImageOfPage\":{\"@id\":\"https:\\\/\\\/www.purejewels.com\\\/product\\\/22-carat-gold-necklace-47619\\\/#primaryimage\"},\"image\":{\"@id\":\"https:\\\/\\\/www.purejewels.com\\\/product\\\/22-carat-gold-necklace-47619\\\/#primaryimage\"},\"thumbnailUrl\":\"https:\\\/\\\/static.purejewels.com\\\/wp-content\\\/uploads\\\/2023\\\/05\\\/SKU-43261-2.jpg\",\"datePublished\":\"2023-05-10T08:29:41+00:00\",\"dateModified\":\"2025-11-07T08:40:04+00:00\",\"description\":\"Featuring a stunning pendant meticulously crafted from 22ct gold, it is a true statement piece that effortlessly enhances any outfit. Shop now! Free delivery across UK.\",\"breadcrumb\":{\"@id\":\"https:\\\/\\\/www.purejewels.com\\\/product\\\/22-carat-gold-necklace-47619\\\/#breadcrumb\"},\"inLanguage\":\"tr\",\"potentialAction\":[{\"@type\":\"ReadAction\",\"target\":[\"https:\\\/\\\/www.purejewels.com\\\/product\\\/22-carat-gold-necklace-47619\\\/\"]}]},{\"@type\":\"ImageObject\",\"inLanguage\":\"tr\",\"@id\":\"https:\\\/\\\/www.purejewels.com\\\/product\\\/22-carat-gold-necklace-47619\\\/#primaryimage\",\"url\":\"https:\\\/\\\/static.purejewels.com\\\/wp-content\\\/uploads\\\/2023\\\/05\\\/SKU-43261-2.jpg\",\"contentUrl\":\"https:\\\/\\\/static.purejewels.com\\\/wp-content\\\/uploads\\\/2023\\\/05\\\/SKU-43261-2.jpg\",\"caption\":\"22 Carat Gold Necklace\"},{\"@type\":\"BreadcrumbList\",\"@id\":\"https:\\\/\\\/www.purejewels.com\\\/product\\\/22-carat-gold-necklace-47619\\\/#breadcrumb\",\"itemListElement\":[{\"@type\":\"ListItem\",\"position\":1,\"name\":\"Home\",\"item\":\"https:\\\/\\\/www.purejewels.com\\\/\"},{\"@type\":\"ListItem\",\"position\":2,\"name\":\"Shop\",\"item\":\"https:\\\/\\\/www.purejewels.com\\\/shop\\\/\"},{\"@type\":\"ListItem\",\"position\":3,\"name\":\"22 Carat Gold Necklace | Rosette Collection\"}]},{\"@type\":\"WebSite\",\"@id\":\"https:\\\/\\\/www.purejewels.com\\\/#website\",\"url\":\"https:\\\/\\\/www.purejewels.com\\\/\",\"name\":\"PureJewels UK\",\"description\":\"Share the Love\",\"publisher\":{\"@id\":\"https:\\\/\\\/www.purejewels.com\\\/#organization\"},\"potentialAction\":[{\"@type\":\"SearchAction\",\"target\":{\"@type\":\"EntryPoint\",\"urlTemplate\":\"https:\\\/\\\/www.purejewels.com\\\/?s={search_term_string}\"},\"query-input\":{\"@type\":\"PropertyValueSpecification\",\"valueRequired\":true,\"valueName\":\"search_term_string\"}}],\"inLanguage\":\"tr\"},{\"@type\":\"Organization\",\"@id\":\"https:\\\/\\\/www.purejewels.com\\\/#organization\",\"name\":\"PureJewels UK\",\"url\":\"https:\\\/\\\/www.purejewels.com\\\/\",\"logo\":{\"@type\":\"ImageObject\",\"inLanguage\":\"tr\",\"@id\":\"https:\\\/\\\/www.purejewels.com\\\/#\\\/schema\\\/logo\\\/image\\\/\",\"url\":\"https:\\\/\\\/static.purejewels.com\\\/wp-content\\\/uploads\\\/2020\\\/11\\\/Logo-PJ-New-1.png\",\"contentUrl\":\"https:\\\/\\\/static.purejewels.com\\\/wp-content\\\/uploads\\\/2020\\\/11\\\/Logo-PJ-New-1.png\",\"width\":150,\"height\":80,\"caption\":\"PureJewels UK\"},\"image\":{\"@id\":\"https:\\\/\\\/www.purejewels.com\\\/#\\\/schema\\\/logo\\\/image\\\/\"}}]}<\/script>\n<!-- \/ Yoast SEO plugin. -->","yoast_head_json":{"title":"22 Ayar Alt\u0131n El Yap\u0131m\u0131 Kolye Kolye | Purejewels UK","description":"Titizlikle 22 ayar alt\u0131ndan haz\u0131rlanm\u0131\u015f \u00e7arp\u0131c\u0131 bir kolyeye sahip olan bu \u00fcr\u00fcn, her k\u0131yafeti zahmetsizce zenginle\u015ftiren ger\u00e7ek bir ifade par\u00e7as\u0131d\u0131r. \u015eimdi al\u0131\u015fveri\u015f yap\u0131n! \u0130ngiltere genelinde \u00fccretsiz teslimat.","robots":{"index":"index","follow":"follow","max-snippet":"max-snippet:-1","max-image-preview":"max-image-preview:large","max-video-preview":"max-video-preview:-1"},"canonical":"https:\/\/www.purejewels.com\/tr\/urun\/22-ayar-altin-kolye-47619\/","og_locale":"tr_TR","og_type":"article","og_title":"22 carat Gold Handmade Pendant Necklace | Purejewels UK","og_description":"Featuring a stunning pendant meticulously crafted from 22ct gold, it is a true statement piece that effortlessly enhances any outfit. Shop now! Free delivery across UK.","og_url":"https:\/\/www.purejewels.com\/tr\/urun\/22-ayar-altin-kolye-47619\/","og_site_name":"PureJewels UK","article_modified_time":"2025-11-07T08:40:04+00:00","og_image":[{"url":"https:\/\/www.purejewels.com\/wp-content\/uploads\/2023\/05\/SKU-43261-2.jpg","width":1,"height":1,"type":"image\/jpeg"}],"twitter_card":"summary_large_image","twitter_misc":{"Tahmini okuma s\u00fcresi":"1 dakika"},"schema":{"@context":"https:\/\/schema.org","@graph":[{"@type":["WebPage","ItemPage"],"@id":"https:\/\/www.purejewels.com\/product\/22-carat-gold-necklace-47619\/","url":"https:\/\/www.purejewels.com\/product\/22-carat-gold-necklace-47619\/","name":"22 Ayar Alt\u0131n El Yap\u0131m\u0131 Kolye Kolye | Purejewels UK","isPartOf":{"@id":"https:\/\/www.purejewels.com\/#website"},"primaryImageOfPage":{"@id":"https:\/\/www.purejewels.com\/product\/22-carat-gold-necklace-47619\/#primaryimage"},"image":{"@id":"https:\/\/www.purejewels.com\/product\/22-carat-gold-necklace-47619\/#primaryimage"},"thumbnailUrl":"https:\/\/static.purejewels.com\/wp-content\/uploads\/2023\/05\/SKU-43261-2.jpg","datePublished":"2023-05-10T08:29:41+00:00","dateModified":"2025-11-07T08:40:04+00:00","description":"Titizlikle 22 ayar alt\u0131ndan haz\u0131rlanm\u0131\u015f \u00e7arp\u0131c\u0131 bir kolyeye sahip olan bu \u00fcr\u00fcn, her k\u0131yafeti zahmetsizce zenginle\u015ftiren ger\u00e7ek bir ifade par\u00e7as\u0131d\u0131r. \u015eimdi al\u0131\u015fveri\u015f yap\u0131n! \u0130ngiltere genelinde \u00fccretsiz teslimat.","breadcrumb":{"@id":"https:\/\/www.purejewels.com\/product\/22-carat-gold-necklace-47619\/#breadcrumb"},"inLanguage":"tr","potentialAction":[{"@type":"ReadAction","target":["https:\/\/www.purejewels.com\/product\/22-carat-gold-necklace-47619\/"]}]},{"@type":"ImageObject","inLanguage":"tr","@id":"https:\/\/www.purejewels.com\/product\/22-carat-gold-necklace-47619\/#primaryimage","url":"https:\/\/static.purejewels.com\/wp-content\/uploads\/2023\/05\/SKU-43261-2.jpg","contentUrl":"https:\/\/static.purejewels.com\/wp-content\/uploads\/2023\/05\/SKU-43261-2.jpg","caption":"22 Carat Gold Necklace"},{"@type":"BreadcrumbList","@id":"https:\/\/www.purejewels.com\/product\/22-carat-gold-necklace-47619\/#breadcrumb","itemListElement":[{"@type":"ListItem","position":1,"name":"Home","item":"https:\/\/www.purejewels.com\/"},{"@type":"ListItem","position":2,"name":"Shop","item":"https:\/\/www.purejewels.com\/shop\/"},{"@type":"ListItem","position":3,"name":"22 Carat Gold Necklace | Rosette Collection"}]},{"@type":"WebSite","@id":"https:\/\/www.purejewels.com\/#website","url":"https:\/\/www.purejewels.com\/","name":"PureJewels \u0130ngiltere","description":"Sevgiyi Payla\u015f\u0131n","publisher":{"@id":"https:\/\/www.purejewels.com\/#organization"},"potentialAction":[{"@type":"SearchAction","target":{"@type":"EntryPoint","urlTemplate":"https:\/\/www.purejewels.com\/?s={search_term_string}"},"query-input":{"@type":"PropertyValueSpecification","valueRequired":true,"valueName":"search_term_string"}}],"inLanguage":"tr"},{"@type":"Organization","@id":"https:\/\/www.purejewels.com\/#organization","name":"PureJewels \u0130ngiltere","url":"https:\/\/www.purejewels.com\/","logo":{"@type":"ImageObject","inLanguage":"tr","@id":"https:\/\/www.purejewels.com\/#\/schema\/logo\/image\/","url":"https:\/\/static.purejewels.com\/wp-content\/uploads\/2020\/11\/Logo-PJ-New-1.png","contentUrl":"https:\/\/static.purejewels.com\/wp-content\/uploads\/2020\/11\/Logo-PJ-New-1.png","width":150,"height":80,"caption":"PureJewels UK"},"image":{"@id":"https:\/\/www.purejewels.com\/#\/schema\/logo\/image\/"}}]}},"_links":{"self":[{"href":"https:\/\/www.purejewels.com\/tr\/wp-json\/wp\/v2\/product\/346548","targetHints":{"allow":["GET"]}}],"collection":[{"href":"https:\/\/www.purejewels.com\/tr\/wp-json\/wp\/v2\/product"}],"about":[{"href":"https:\/\/www.purejewels.com\/tr\/wp-json\/wp\/v2\/types\/product"}],"replies":[{"embeddable":true,"href":"https:\/\/www.purejewels.com\/tr\/wp-json\/wp\/v2\/comments?post=346548"}],"version-history":[{"count":3,"href":"https:\/\/www.purejewels.com\/tr\/wp-json\/wp\/v2\/product\/346548\/revisions"}],"predecessor-version":[{"id":420471,"href":"https:\/\/www.purejewels.com\/tr\/wp-json\/wp\/v2\/product\/346548\/revisions\/420471"}],"wp:featuredmedia":[{"embeddable":true,"href":"https:\/\/www.purejewels.com\/tr\/wp-json\/wp\/v2\/media\/346549"}],"wp:attachment":[{"href":"https:\/\/www.purejewels.com\/tr\/wp-json\/wp\/v2\/media?parent=346548"}],"wp:term":[{"taxonomy":"product_brand","embeddable":true,"href":"https:\/\/www.purejewels.com\/tr\/wp-json\/wp\/v2\/product_brand?post=346548"},{"taxonomy":"product_cat","embeddable":true,"href":"https:\/\/www.purejewels.com\/tr\/wp-json\/wp\/v2\/product_cat?post=346548"},{"taxonomy":"product_tag","embeddable":true,"href":"https:\/\/www.purejewels.com\/tr\/wp-json\/wp\/v2\/product_tag?post=346548"}],"curies":[{"name":"wp","href":"https:\/\/api.w.org\/{rel}","templated":true}]}}