{"id":346642,"date":"2023-05-18T06:36:18","date_gmt":"2023-05-18T05:36:18","guid":{"rendered":"https:\/\/www.purejewels.com\/?post_type=product&#038;p=346642"},"modified":"2025-09-17T12:16:57","modified_gmt":"2025-09-17T11:16:57","slug":"22-ayar-altin-cz-tasli-kelebek-citcit-44641","status":"publish","type":"product","link":"https:\/\/www.purejewels.com\/tr\/product\/22ct-gold-cz-stone-butterfly-studs-44641\/","title":{"rendered":"22 Ayar Alt\u0131n CZ Ta\u015fl\u0131 Kelebek \u00c7\u0131t\u00e7\u0131t"},"content":{"rendered":"<p data-start=\"150\" data-end=\"474\">Bu <strong data-start=\"154\" data-end=\"192\">22 Ayar Alt\u0131n CZ Ta\u015fl\u0131 Kelebek \u00c7\u0131t\u00e7\u0131t<\/strong> g\u00fcnl\u00fck stilinize \u0131\u015f\u0131lt\u0131l\u0131 bir dokunu\u015f getirmek i\u00e7in tasarlanm\u0131\u015f, cazibe ve zarafetin zarif bir birle\u015fimidir. I\u015f\u0131lt\u0131l\u0131 22 ayar alt\u0131ndan el i\u015f\u00e7ili\u011fiyle \u00fcretilen her bir k\u00fcpe, rafine bir parlakl\u0131k i\u00e7in hem armut hem de yuvarlak kesimlerle d\u00fczenlenmi\u015f, \u0131\u015f\u0131lt\u0131l\u0131 CZ ta\u015flarla s\u00fcslenmi\u015f kanatlar\u0131 olan narin bir kelebek \u015feklindedir.<\/p>\n<p data-start=\"476\" data-end=\"756\">\u00dcst kanatlar \u0131\u015f\u0131\u011f\u0131 yakalayan ve yans\u0131tan armut bi\u00e7imli CZ ta\u015flarla i\u015flenirken, alt kanatlar doku ve derinlik yaratan pav\u00e9-set ta\u015flarla vurgulanm\u0131\u015ft\u0131r. Ortadan ge\u00e7en cilal\u0131 alt\u0131n sap, \u0131\u015f\u0131lt\u0131l\u0131 kanatlar\u0131 ince alt\u0131n\u0131n s\u0131cakl\u0131\u011f\u0131yla dengeliyor.<\/p>\n<p data-start=\"758\" data-end=\"998\">Hafif ve \u00e7ok y\u00f6nl\u00fc olan bu k\u00fcpeler kula\u011fa rahat\u00e7a oturur ve g\u00fcnl\u00fck kullan\u0131m\u0131n yan\u0131 s\u0131ra hediye etmek i\u00e7in de m\u00fckemmeldir. D\u00f6n\u00fc\u015f\u00fcm\u00fcn ve ne\u015fenin sembol\u00fc olan kelebek motifi, hem e\u011flenceli hem de zamans\u0131z bir tasar\u0131m sunuyor.<\/p>\n<p data-start=\"1000\" data-end=\"1207\">M\u00fccevher kutunuza b\u00fcy\u00fcleyici bir eklenti olan <strong data-start=\"1050\" data-end=\"1091\">22 Ayar Alt\u0131n CZ Ta\u015fl\u0131 Kelebek \u00c7\u0131t\u00e7\u0131t<\/strong> Hem geleneksel hem de \u00e7a\u011fda\u015f k\u0131yafetlerle e\u015fle\u015ftirmek i\u00e7in ideal olan modern bir dokunu\u015fla zahmetsiz zarafeti somutla\u015ft\u0131r\u0131r.<\/p>","protected":false},"excerpt":{"rendered":"<table class=\"sh_desc\">\n<tbody>\n<tr>\n<td>K\u00fcpe T\u00fcr\u00fc<\/td>\n<td>Saplama K\u00fcpe<\/td>\n<\/tr>\n<tr>\n<td>SKU<\/td>\n<td>44641<\/td>\n<\/tr>\n<tr>\n<td>A\u011f\u0131rl\u0131k<\/td>\n<td>3.1 Gms<\/td>\n<\/tr>\n<tr>\n<td>Metal<\/td>\n<td>22 Ayar Alt\u0131n<\/td>\n<\/tr>\n<tr>\n<td>\u00dccretler<\/td>\n<td>Teslimat ve KDV Dahil<\/td>\n<\/tr>\n<tr>\n<td>Paketleme<\/td>\n<td>Sunum Kutusu ile Birlikte Gelir<\/td>\n<\/tr>\n<tr>\n<td>Daha Fazla Bilgi<\/td>\n<td>M\u00fcsaitlik durumu ve daha fazla resim i\u00e7in bizimle canl\u0131 sohbet edin<\/td>\n<\/tr>\n<\/tbody>\n<\/table>","protected":false},"featured_media":346644,"comment_status":"closed","ping_status":"closed","template":"","meta":{"_eb_attr":"","_crsspst_to_jayantr4sg-hostcom":true},"product_brand":[],"product_cat":[1559,1794,1793,1792,1790,1254,5344,1570,1577,1569,1574],"product_tag":[66],"class_list":{"0":"post-346642","1":"product","2":"type-product","3":"status-publish","4":"has-post-thumbnail","6":"product_cat-birthday-gifts","7":"product_cat-christmas-gifts","8":"product_cat-diwali-gifts","9":"product_cat-festival-gifts","10":"product_cat-for-whom-when","11":"product_cat-gold-earrings","12":"product_cat-jewellery-under-750","13":"product_cat-mothers-day-gifts","14":"product_cat-stud-earrings","15":"product_cat-valentine-day-gifts","16":"product_cat-womens-jewellery","17":"product_tag-earrings","19":"first","20":"outofstock","21":"taxable","22":"shipping-taxable","23":"product-type-simple","24":"add-to-wishlist-before_image"},"yoast_head":"<!-- This site is optimized with the Yoast SEO plugin v27.3 - https:\/\/yoast.com\/product\/yoast-seo-wordpress\/ -->\n<title>22ct Gold CZ Stone Butterfly Studs | PureJewels UK<\/title>\n<meta name=\"description\" content=\"Elevate your style with these timeless accessories, perfect for adding a touch of grace and sophistication to any ensemble. Buy this studs online today!\" \/>\n<meta name=\"robots\" content=\"index, follow, max-snippet:-1, max-image-preview:large, max-video-preview:-1\" \/>\n<link rel=\"canonical\" href=\"https:\/\/www.purejewels.com\/tr\/urun\/22-ayar-altin-cz-tasli-kelebek-citcit-44641\/\" \/>\n<meta property=\"og:locale\" content=\"tr_TR\" \/>\n<meta property=\"og:type\" content=\"article\" \/>\n<meta property=\"og:title\" content=\"22ct Gold CZ Stone Butterfly Studs | PureJewels UK\" \/>\n<meta property=\"og:description\" content=\"Elevate your style with these timeless accessories, perfect for adding a touch of grace and sophistication to any ensemble. Buy this studs online today!\" \/>\n<meta property=\"og:url\" content=\"https:\/\/www.purejewels.com\/tr\/urun\/22-ayar-altin-cz-tasli-kelebek-citcit-44641\/\" \/>\n<meta property=\"og:site_name\" content=\"PureJewels UK\" \/>\n<meta property=\"article:modified_time\" content=\"2025-09-17T11:16:57+00:00\" \/>\n<meta property=\"og:image\" content=\"https:\/\/www.purejewels.com\/wp-content\/uploads\/2023\/05\/44641-1.jpg\" \/>\n\t<meta property=\"og:image:width\" content=\"1\" \/>\n\t<meta property=\"og:image:height\" content=\"1\" \/>\n\t<meta property=\"og:image:type\" content=\"image\/jpeg\" \/>\n<meta name=\"twitter:card\" content=\"summary_large_image\" \/>\n<meta name=\"twitter:label1\" content=\"Tahmini okuma s\u00fcresi\" \/>\n\t<meta name=\"twitter:data1\" content=\"2 dakika\" \/>\n<script type=\"application\/ld+json\" class=\"yoast-schema-graph\">{\"@context\":\"https:\\\/\\\/schema.org\",\"@graph\":[{\"@type\":[\"WebPage\",\"ItemPage\"],\"@id\":\"https:\\\/\\\/www.purejewels.com\\\/product\\\/22ct-gold-cz-stone-butterfly-studs-44641\\\/\",\"url\":\"https:\\\/\\\/www.purejewels.com\\\/product\\\/22ct-gold-cz-stone-butterfly-studs-44641\\\/\",\"name\":\"22ct Gold CZ Stone Butterfly Studs | PureJewels UK\",\"isPartOf\":{\"@id\":\"https:\\\/\\\/www.purejewels.com\\\/#website\"},\"primaryImageOfPage\":{\"@id\":\"https:\\\/\\\/www.purejewels.com\\\/product\\\/22ct-gold-cz-stone-butterfly-studs-44641\\\/#primaryimage\"},\"image\":{\"@id\":\"https:\\\/\\\/www.purejewels.com\\\/product\\\/22ct-gold-cz-stone-butterfly-studs-44641\\\/#primaryimage\"},\"thumbnailUrl\":\"https:\\\/\\\/static.purejewels.com\\\/wp-content\\\/uploads\\\/2023\\\/05\\\/44641-1.jpg\",\"datePublished\":\"2023-05-18T05:36:18+00:00\",\"dateModified\":\"2025-09-17T11:16:57+00:00\",\"description\":\"Elevate your style with these timeless accessories, perfect for adding a touch of grace and sophistication to any ensemble. Buy this studs online today!\",\"breadcrumb\":{\"@id\":\"https:\\\/\\\/www.purejewels.com\\\/product\\\/22ct-gold-cz-stone-butterfly-studs-44641\\\/#breadcrumb\"},\"inLanguage\":\"tr\",\"potentialAction\":[{\"@type\":\"ReadAction\",\"target\":[\"https:\\\/\\\/www.purejewels.com\\\/product\\\/22ct-gold-cz-stone-butterfly-studs-44641\\\/\"]}]},{\"@type\":\"ImageObject\",\"inLanguage\":\"tr\",\"@id\":\"https:\\\/\\\/www.purejewels.com\\\/product\\\/22ct-gold-cz-stone-butterfly-studs-44641\\\/#primaryimage\",\"url\":\"https:\\\/\\\/static.purejewels.com\\\/wp-content\\\/uploads\\\/2023\\\/05\\\/44641-1.jpg\",\"contentUrl\":\"https:\\\/\\\/static.purejewels.com\\\/wp-content\\\/uploads\\\/2023\\\/05\\\/44641-1.jpg\",\"caption\":\"22ct Gold CZ Stone Butterfly Studs\"},{\"@type\":\"BreadcrumbList\",\"@id\":\"https:\\\/\\\/www.purejewels.com\\\/product\\\/22ct-gold-cz-stone-butterfly-studs-44641\\\/#breadcrumb\",\"itemListElement\":[{\"@type\":\"ListItem\",\"position\":1,\"name\":\"Home\",\"item\":\"https:\\\/\\\/www.purejewels.com\\\/\"},{\"@type\":\"ListItem\",\"position\":2,\"name\":\"Shop\",\"item\":\"https:\\\/\\\/www.purejewels.com\\\/shop\\\/\"},{\"@type\":\"ListItem\",\"position\":3,\"name\":\"22ct Gold CZ Stone Butterfly Studs\"}]},{\"@type\":\"WebSite\",\"@id\":\"https:\\\/\\\/www.purejewels.com\\\/#website\",\"url\":\"https:\\\/\\\/www.purejewels.com\\\/\",\"name\":\"PureJewels UK\",\"description\":\"Share the Love\",\"publisher\":{\"@id\":\"https:\\\/\\\/www.purejewels.com\\\/#organization\"},\"potentialAction\":[{\"@type\":\"SearchAction\",\"target\":{\"@type\":\"EntryPoint\",\"urlTemplate\":\"https:\\\/\\\/www.purejewels.com\\\/?s={search_term_string}\"},\"query-input\":{\"@type\":\"PropertyValueSpecification\",\"valueRequired\":true,\"valueName\":\"search_term_string\"}}],\"inLanguage\":\"tr\"},{\"@type\":\"Organization\",\"@id\":\"https:\\\/\\\/www.purejewels.com\\\/#organization\",\"name\":\"PureJewels UK\",\"url\":\"https:\\\/\\\/www.purejewels.com\\\/\",\"logo\":{\"@type\":\"ImageObject\",\"inLanguage\":\"tr\",\"@id\":\"https:\\\/\\\/www.purejewels.com\\\/#\\\/schema\\\/logo\\\/image\\\/\",\"url\":\"https:\\\/\\\/static.purejewels.com\\\/wp-content\\\/uploads\\\/2020\\\/11\\\/Logo-PJ-New-1.png\",\"contentUrl\":\"https:\\\/\\\/static.purejewels.com\\\/wp-content\\\/uploads\\\/2020\\\/11\\\/Logo-PJ-New-1.png\",\"width\":150,\"height\":80,\"caption\":\"PureJewels UK\"},\"image\":{\"@id\":\"https:\\\/\\\/www.purejewels.com\\\/#\\\/schema\\\/logo\\\/image\\\/\"}}]}<\/script>\n<!-- \/ Yoast SEO plugin. -->","yoast_head_json":{"title":"22 Ayar Alt\u0131n CZ Ta\u015fl\u0131 Kelebek \u00c7\u0131t\u00e7\u0131t | PureJewels UK","description":"Her kombine zarafet ve sofistike bir dokunu\u015f katmak i\u00e7in m\u00fckemmel olan bu zamans\u0131z aksesuarlarla stilinizi y\u00fckseltin. Bu \u00e7\u0131t\u00e7\u0131tlar\u0131 bug\u00fcn online sat\u0131n al\u0131n!","robots":{"index":"index","follow":"follow","max-snippet":"max-snippet:-1","max-image-preview":"max-image-preview:large","max-video-preview":"max-video-preview:-1"},"canonical":"https:\/\/www.purejewels.com\/tr\/urun\/22-ayar-altin-cz-tasli-kelebek-citcit-44641\/","og_locale":"tr_TR","og_type":"article","og_title":"22ct Gold CZ Stone Butterfly Studs | PureJewels UK","og_description":"Elevate your style with these timeless accessories, perfect for adding a touch of grace and sophistication to any ensemble. Buy this studs online today!","og_url":"https:\/\/www.purejewels.com\/tr\/urun\/22-ayar-altin-cz-tasli-kelebek-citcit-44641\/","og_site_name":"PureJewels UK","article_modified_time":"2025-09-17T11:16:57+00:00","og_image":[{"url":"https:\/\/www.purejewels.com\/wp-content\/uploads\/2023\/05\/44641-1.jpg","width":1,"height":1,"type":"image\/jpeg"}],"twitter_card":"summary_large_image","twitter_misc":{"Tahmini okuma s\u00fcresi":"2 dakika"},"schema":{"@context":"https:\/\/schema.org","@graph":[{"@type":["WebPage","ItemPage"],"@id":"https:\/\/www.purejewels.com\/product\/22ct-gold-cz-stone-butterfly-studs-44641\/","url":"https:\/\/www.purejewels.com\/product\/22ct-gold-cz-stone-butterfly-studs-44641\/","name":"22 Ayar Alt\u0131n CZ Ta\u015fl\u0131 Kelebek \u00c7\u0131t\u00e7\u0131t | PureJewels UK","isPartOf":{"@id":"https:\/\/www.purejewels.com\/#website"},"primaryImageOfPage":{"@id":"https:\/\/www.purejewels.com\/product\/22ct-gold-cz-stone-butterfly-studs-44641\/#primaryimage"},"image":{"@id":"https:\/\/www.purejewels.com\/product\/22ct-gold-cz-stone-butterfly-studs-44641\/#primaryimage"},"thumbnailUrl":"https:\/\/static.purejewels.com\/wp-content\/uploads\/2023\/05\/44641-1.jpg","datePublished":"2023-05-18T05:36:18+00:00","dateModified":"2025-09-17T11:16:57+00:00","description":"Her kombine zarafet ve sofistike bir dokunu\u015f katmak i\u00e7in m\u00fckemmel olan bu zamans\u0131z aksesuarlarla stilinizi y\u00fckseltin. Bu \u00e7\u0131t\u00e7\u0131tlar\u0131 bug\u00fcn online sat\u0131n al\u0131n!","breadcrumb":{"@id":"https:\/\/www.purejewels.com\/product\/22ct-gold-cz-stone-butterfly-studs-44641\/#breadcrumb"},"inLanguage":"tr","potentialAction":[{"@type":"ReadAction","target":["https:\/\/www.purejewels.com\/product\/22ct-gold-cz-stone-butterfly-studs-44641\/"]}]},{"@type":"ImageObject","inLanguage":"tr","@id":"https:\/\/www.purejewels.com\/product\/22ct-gold-cz-stone-butterfly-studs-44641\/#primaryimage","url":"https:\/\/static.purejewels.com\/wp-content\/uploads\/2023\/05\/44641-1.jpg","contentUrl":"https:\/\/static.purejewels.com\/wp-content\/uploads\/2023\/05\/44641-1.jpg","caption":"22ct Gold CZ Stone Butterfly Studs"},{"@type":"BreadcrumbList","@id":"https:\/\/www.purejewels.com\/product\/22ct-gold-cz-stone-butterfly-studs-44641\/#breadcrumb","itemListElement":[{"@type":"ListItem","position":1,"name":"Home","item":"https:\/\/www.purejewels.com\/"},{"@type":"ListItem","position":2,"name":"Shop","item":"https:\/\/www.purejewels.com\/shop\/"},{"@type":"ListItem","position":3,"name":"22ct Gold CZ Stone Butterfly Studs"}]},{"@type":"WebSite","@id":"https:\/\/www.purejewels.com\/#website","url":"https:\/\/www.purejewels.com\/","name":"PureJewels \u0130ngiltere","description":"Sevgiyi Payla\u015f\u0131n","publisher":{"@id":"https:\/\/www.purejewels.com\/#organization"},"potentialAction":[{"@type":"SearchAction","target":{"@type":"EntryPoint","urlTemplate":"https:\/\/www.purejewels.com\/?s={search_term_string}"},"query-input":{"@type":"PropertyValueSpecification","valueRequired":true,"valueName":"search_term_string"}}],"inLanguage":"tr"},{"@type":"Organization","@id":"https:\/\/www.purejewels.com\/#organization","name":"PureJewels \u0130ngiltere","url":"https:\/\/www.purejewels.com\/","logo":{"@type":"ImageObject","inLanguage":"tr","@id":"https:\/\/www.purejewels.com\/#\/schema\/logo\/image\/","url":"https:\/\/static.purejewels.com\/wp-content\/uploads\/2020\/11\/Logo-PJ-New-1.png","contentUrl":"https:\/\/static.purejewels.com\/wp-content\/uploads\/2020\/11\/Logo-PJ-New-1.png","width":150,"height":80,"caption":"PureJewels UK"},"image":{"@id":"https:\/\/www.purejewels.com\/#\/schema\/logo\/image\/"}}]}},"_links":{"self":[{"href":"https:\/\/www.purejewels.com\/tr\/wp-json\/wp\/v2\/product\/346642","targetHints":{"allow":["GET"]}}],"collection":[{"href":"https:\/\/www.purejewels.com\/tr\/wp-json\/wp\/v2\/product"}],"about":[{"href":"https:\/\/www.purejewels.com\/tr\/wp-json\/wp\/v2\/types\/product"}],"replies":[{"embeddable":true,"href":"https:\/\/www.purejewels.com\/tr\/wp-json\/wp\/v2\/comments?post=346642"}],"version-history":[{"count":3,"href":"https:\/\/www.purejewels.com\/tr\/wp-json\/wp\/v2\/product\/346642\/revisions"}],"predecessor-version":[{"id":415633,"href":"https:\/\/www.purejewels.com\/tr\/wp-json\/wp\/v2\/product\/346642\/revisions\/415633"}],"wp:featuredmedia":[{"embeddable":true,"href":"https:\/\/www.purejewels.com\/tr\/wp-json\/wp\/v2\/media\/346644"}],"wp:attachment":[{"href":"https:\/\/www.purejewels.com\/tr\/wp-json\/wp\/v2\/media?parent=346642"}],"wp:term":[{"taxonomy":"product_brand","embeddable":true,"href":"https:\/\/www.purejewels.com\/tr\/wp-json\/wp\/v2\/product_brand?post=346642"},{"taxonomy":"product_cat","embeddable":true,"href":"https:\/\/www.purejewels.com\/tr\/wp-json\/wp\/v2\/product_cat?post=346642"},{"taxonomy":"product_tag","embeddable":true,"href":"https:\/\/www.purejewels.com\/tr\/wp-json\/wp\/v2\/product_tag?post=346642"}],"curies":[{"name":"wp","href":"https:\/\/api.w.org\/{rel}","templated":true}]}}