{"id":346680,"date":"2023-05-19T09:25:56","date_gmt":"2023-05-19T08:25:56","guid":{"rendered":"https:\/\/www.purejewels.com\/?post_type=product&#038;p=346680"},"modified":"2026-01-07T10:51:08","modified_gmt":"2026-01-07T10:51:08","slug":"22-ayar-altindan-altin-mangalsutra-44457","status":"publish","type":"product","link":"https:\/\/www.purejewels.com\/tr\/product\/gold-mangalsutra-in-22ct-gold-44457\/","title":{"rendered":"22 Ayar Alt\u0131n Mangalsutra | 18 \u0130n\u00e7"},"content":{"rendered":"<ul>\n<li>SKU:44457<\/li>\n<li>A\u011f\u0131rl\u0131k.18.4 Gms<\/li>\n<li><strong>Aral\u0131k Kimli\u011fi<\/strong>. JWMSMOSC002<\/li>\n<\/ul>\n<p>&nbsp;<\/p>","protected":false},"excerpt":{"rendered":"<p>&nbsp;<\/p>\n<table style=\"width: 100%; height: 243px;\">\n<tbody>\n<tr style=\"height: 27px;\">\n<td style=\"height: 27px;\">Mangalsutra Tipi<\/td>\n<td style=\"height: 27px;\">G\u00fcnl\u00fck kullan\u0131m Mangalsutra<\/td>\n<\/tr>\n<tr style=\"height: 27px;\">\n<td style=\"height: 27px;\">A\u011f\u0131rl\u0131k<\/td>\n<td style=\"height: 27px;\">18.4 Gms<\/td>\n<\/tr>\n<tr style=\"height: 27px;\">\n<td style=\"height: 27px;\">Uzunluk<\/td>\n<td style=\"height: 27px;\">18 \u0130n\u00e7<\/td>\n<\/tr>\n<tr style=\"height: 27px;\">\n<td style=\"height: 27px;\">SKU<\/td>\n<td style=\"height: 27px;\">44457<\/td>\n<\/tr>\n<tr style=\"height: 27px;\">\n<td style=\"height: 27px;\">Metal<\/td>\n<td style=\"height: 27px;\">22 Ayar Alt\u0131n<\/td>\n<\/tr>\n<tr style=\"height: 27px;\">\n<td style=\"height: 27px;\">Hallmark<\/td>\n<td style=\"height: 27px;\">Londra Tahlil Ofisi Taraf\u0131ndan Damgalanm\u0131\u015f 22 Ayar Alt\u0131n<\/td>\n<\/tr>\n<tr style=\"height: 27px;\">\n<td style=\"height: 27px;\">\u00dccretler<\/td>\n<td style=\"height: 27px;\">Teslimat ve KDV Dahil<\/td>\n<\/tr>\n<tr style=\"height: 27px;\">\n<td style=\"height: 27px;\">Paketleme<\/td>\n<td style=\"height: 27px;\">Sunum Kutusu ile Birlikte Gelir<\/td>\n<\/tr>\n<tr style=\"height: 27px;\">\n<td style=\"height: 27px;\">Daha Fazla Bilgi<\/td>\n<td style=\"height: 27px;\">M\u00fcsaitlik durumu ve daha fazla resim i\u00e7in bizimle canl\u0131 sohbet edin<\/td>\n<\/tr>\n<\/tbody>\n<\/table>\n<p>&nbsp;<\/p>","protected":false},"featured_media":353133,"comment_status":"closed","ping_status":"closed","template":"","meta":{"_eb_attr":"","_crsspst_to_jayantr4sg-hostcom":true},"product_brand":[],"product_cat":[1791,1559,1775,1284,1573,1574],"product_tag":[],"class_list":{"0":"post-346680","1":"product","2":"type-product","3":"status-publish","4":"has-post-thumbnail","6":"product_cat-anniversary-gifts","7":"product_cat-birthday-gifts","8":"product_cat-daily-wear-mangalsutras","9":"product_cat-gold-mangalsutras","10":"product_cat-wedding-gifts","11":"product_cat-womens-jewellery","13":"first","14":"outofstock","15":"taxable","16":"shipping-taxable","17":"product-type-simple","18":"add-to-wishlist-before_image"},"yoast_head":"<!-- This site is optimized with the Yoast SEO plugin v27.3 - https:\/\/yoast.com\/product\/yoast-seo-wordpress\/ -->\n<title>Gold Mangalsutra in 22ct Gold | 18 Inches | Purejewels<\/title>\n<meta name=\"description\" content=\"Discover exquisite Gold Mangalsutra in 22ct gold, crafted to perfection with timeless elegance. Shop now and adorn yourself with grace and beauty.\" \/>\n<meta name=\"robots\" content=\"index, follow, max-snippet:-1, max-image-preview:large, max-video-preview:-1\" \/>\n<link rel=\"canonical\" href=\"https:\/\/www.purejewels.com\/tr\/urun\/22-ayar-altindan-altin-mangalsutra-44457\/\" \/>\n<meta property=\"og:locale\" content=\"tr_TR\" \/>\n<meta property=\"og:type\" content=\"article\" \/>\n<meta property=\"og:title\" content=\"Gold Mangalsutra in 22ct Gold | 18 Inches | Purejewels\" \/>\n<meta property=\"og:description\" content=\"Discover exquisite Gold Mangalsutra in 22ct gold, crafted to perfection with timeless elegance. Shop now and adorn yourself with grace and beauty.\" \/>\n<meta property=\"og:url\" content=\"https:\/\/www.purejewels.com\/tr\/urun\/22-ayar-altindan-altin-mangalsutra-44457\/\" \/>\n<meta property=\"og:site_name\" content=\"PureJewels UK\" \/>\n<meta property=\"article:modified_time\" content=\"2026-01-07T10:51:08+00:00\" \/>\n<meta property=\"og:image\" content=\"https:\/\/www.purejewels.com\/wp-content\/uploads\/2023\/05\/551.jpg\" \/>\n\t<meta property=\"og:image:width\" content=\"1000\" \/>\n\t<meta property=\"og:image:height\" content=\"1000\" \/>\n\t<meta property=\"og:image:type\" content=\"image\/jpeg\" \/>\n<meta name=\"twitter:card\" content=\"summary_large_image\" \/>\n<meta name=\"twitter:label1\" content=\"Tahmini okuma s\u00fcresi\" \/>\n\t<meta name=\"twitter:data1\" content=\"1 dakika\" \/>\n<script type=\"application\/ld+json\" class=\"yoast-schema-graph\">{\"@context\":\"https:\\\/\\\/schema.org\",\"@graph\":[{\"@type\":[\"WebPage\",\"ItemPage\"],\"@id\":\"https:\\\/\\\/www.purejewels.com\\\/product\\\/gold-mangalsutra-in-22ct-gold-44457\\\/\",\"url\":\"https:\\\/\\\/www.purejewels.com\\\/product\\\/gold-mangalsutra-in-22ct-gold-44457\\\/\",\"name\":\"Gold Mangalsutra in 22ct Gold | 18 Inches | Purejewels\",\"isPartOf\":{\"@id\":\"https:\\\/\\\/www.purejewels.com\\\/#website\"},\"primaryImageOfPage\":{\"@id\":\"https:\\\/\\\/www.purejewels.com\\\/product\\\/gold-mangalsutra-in-22ct-gold-44457\\\/#primaryimage\"},\"image\":{\"@id\":\"https:\\\/\\\/www.purejewels.com\\\/product\\\/gold-mangalsutra-in-22ct-gold-44457\\\/#primaryimage\"},\"thumbnailUrl\":\"https:\\\/\\\/static.purejewels.com\\\/wp-content\\\/uploads\\\/2023\\\/05\\\/551.jpg\",\"datePublished\":\"2023-05-19T08:25:56+00:00\",\"dateModified\":\"2026-01-07T10:51:08+00:00\",\"description\":\"Discover exquisite Gold Mangalsutra in 22ct gold, crafted to perfection with timeless elegance. Shop now and adorn yourself with grace and beauty.\",\"breadcrumb\":{\"@id\":\"https:\\\/\\\/www.purejewels.com\\\/product\\\/gold-mangalsutra-in-22ct-gold-44457\\\/#breadcrumb\"},\"inLanguage\":\"tr\",\"potentialAction\":[{\"@type\":\"ReadAction\",\"target\":[\"https:\\\/\\\/www.purejewels.com\\\/product\\\/gold-mangalsutra-in-22ct-gold-44457\\\/\"]}]},{\"@type\":\"ImageObject\",\"inLanguage\":\"tr\",\"@id\":\"https:\\\/\\\/www.purejewels.com\\\/product\\\/gold-mangalsutra-in-22ct-gold-44457\\\/#primaryimage\",\"url\":\"https:\\\/\\\/static.purejewels.com\\\/wp-content\\\/uploads\\\/2023\\\/05\\\/551.jpg\",\"contentUrl\":\"https:\\\/\\\/static.purejewels.com\\\/wp-content\\\/uploads\\\/2023\\\/05\\\/551.jpg\",\"width\":1000,\"height\":1000,\"caption\":\"Mangalsutra in 22ct Gold\"},{\"@type\":\"BreadcrumbList\",\"@id\":\"https:\\\/\\\/www.purejewels.com\\\/product\\\/gold-mangalsutra-in-22ct-gold-44457\\\/#breadcrumb\",\"itemListElement\":[{\"@type\":\"ListItem\",\"position\":1,\"name\":\"Home\",\"item\":\"https:\\\/\\\/www.purejewels.com\\\/\"},{\"@type\":\"ListItem\",\"position\":2,\"name\":\"Shop\",\"item\":\"https:\\\/\\\/www.purejewels.com\\\/shop\\\/\"},{\"@type\":\"ListItem\",\"position\":3,\"name\":\"Mangalsutra in 22ct Gold | 18 Inches\"}]},{\"@type\":\"WebSite\",\"@id\":\"https:\\\/\\\/www.purejewels.com\\\/#website\",\"url\":\"https:\\\/\\\/www.purejewels.com\\\/\",\"name\":\"PureJewels UK\",\"description\":\"Share the Love\",\"publisher\":{\"@id\":\"https:\\\/\\\/www.purejewels.com\\\/#organization\"},\"potentialAction\":[{\"@type\":\"SearchAction\",\"target\":{\"@type\":\"EntryPoint\",\"urlTemplate\":\"https:\\\/\\\/www.purejewels.com\\\/?s={search_term_string}\"},\"query-input\":{\"@type\":\"PropertyValueSpecification\",\"valueRequired\":true,\"valueName\":\"search_term_string\"}}],\"inLanguage\":\"tr\"},{\"@type\":\"Organization\",\"@id\":\"https:\\\/\\\/www.purejewels.com\\\/#organization\",\"name\":\"PureJewels UK\",\"url\":\"https:\\\/\\\/www.purejewels.com\\\/\",\"logo\":{\"@type\":\"ImageObject\",\"inLanguage\":\"tr\",\"@id\":\"https:\\\/\\\/www.purejewels.com\\\/#\\\/schema\\\/logo\\\/image\\\/\",\"url\":\"https:\\\/\\\/static.purejewels.com\\\/wp-content\\\/uploads\\\/2020\\\/11\\\/Logo-PJ-New-1.png\",\"contentUrl\":\"https:\\\/\\\/static.purejewels.com\\\/wp-content\\\/uploads\\\/2020\\\/11\\\/Logo-PJ-New-1.png\",\"width\":150,\"height\":80,\"caption\":\"PureJewels UK\"},\"image\":{\"@id\":\"https:\\\/\\\/www.purejewels.com\\\/#\\\/schema\\\/logo\\\/image\\\/\"}}]}<\/script>\n<!-- \/ Yoast SEO plugin. -->","yoast_head_json":{"title":"22 Ayar Alt\u0131ndan Alt\u0131n Mangalsutra | 18 \u0130n\u00e7 | Purejewels","description":"Zamans\u0131z bir zarafetle m\u00fckemmellik i\u00e7in haz\u0131rlanm\u0131\u015f 22 ayar alt\u0131ndan zarif Alt\u0131n Mangalsutra'y\u0131 ke\u015ffedin. \u015eimdi al\u0131\u015fveri\u015f yap\u0131n ve kendinizi zarafet ve g\u00fczellikle s\u00fcsleyin.","robots":{"index":"index","follow":"follow","max-snippet":"max-snippet:-1","max-image-preview":"max-image-preview:large","max-video-preview":"max-video-preview:-1"},"canonical":"https:\/\/www.purejewels.com\/tr\/urun\/22-ayar-altindan-altin-mangalsutra-44457\/","og_locale":"tr_TR","og_type":"article","og_title":"Gold Mangalsutra in 22ct Gold | 18 Inches | Purejewels","og_description":"Discover exquisite Gold Mangalsutra in 22ct gold, crafted to perfection with timeless elegance. Shop now and adorn yourself with grace and beauty.","og_url":"https:\/\/www.purejewels.com\/tr\/urun\/22-ayar-altindan-altin-mangalsutra-44457\/","og_site_name":"PureJewels UK","article_modified_time":"2026-01-07T10:51:08+00:00","og_image":[{"width":1000,"height":1000,"url":"https:\/\/www.purejewels.com\/wp-content\/uploads\/2023\/05\/551.jpg","type":"image\/jpeg"}],"twitter_card":"summary_large_image","twitter_misc":{"Tahmini okuma s\u00fcresi":"1 dakika"},"schema":{"@context":"https:\/\/schema.org","@graph":[{"@type":["WebPage","ItemPage"],"@id":"https:\/\/www.purejewels.com\/product\/gold-mangalsutra-in-22ct-gold-44457\/","url":"https:\/\/www.purejewels.com\/product\/gold-mangalsutra-in-22ct-gold-44457\/","name":"22 Ayar Alt\u0131ndan Alt\u0131n Mangalsutra | 18 \u0130n\u00e7 | Purejewels","isPartOf":{"@id":"https:\/\/www.purejewels.com\/#website"},"primaryImageOfPage":{"@id":"https:\/\/www.purejewels.com\/product\/gold-mangalsutra-in-22ct-gold-44457\/#primaryimage"},"image":{"@id":"https:\/\/www.purejewels.com\/product\/gold-mangalsutra-in-22ct-gold-44457\/#primaryimage"},"thumbnailUrl":"https:\/\/static.purejewels.com\/wp-content\/uploads\/2023\/05\/551.jpg","datePublished":"2023-05-19T08:25:56+00:00","dateModified":"2026-01-07T10:51:08+00:00","description":"Zamans\u0131z bir zarafetle m\u00fckemmellik i\u00e7in haz\u0131rlanm\u0131\u015f 22 ayar alt\u0131ndan zarif Alt\u0131n Mangalsutra'y\u0131 ke\u015ffedin. \u015eimdi al\u0131\u015fveri\u015f yap\u0131n ve kendinizi zarafet ve g\u00fczellikle s\u00fcsleyin.","breadcrumb":{"@id":"https:\/\/www.purejewels.com\/product\/gold-mangalsutra-in-22ct-gold-44457\/#breadcrumb"},"inLanguage":"tr","potentialAction":[{"@type":"ReadAction","target":["https:\/\/www.purejewels.com\/product\/gold-mangalsutra-in-22ct-gold-44457\/"]}]},{"@type":"ImageObject","inLanguage":"tr","@id":"https:\/\/www.purejewels.com\/product\/gold-mangalsutra-in-22ct-gold-44457\/#primaryimage","url":"https:\/\/static.purejewels.com\/wp-content\/uploads\/2023\/05\/551.jpg","contentUrl":"https:\/\/static.purejewels.com\/wp-content\/uploads\/2023\/05\/551.jpg","width":1000,"height":1000,"caption":"Mangalsutra in 22ct Gold"},{"@type":"BreadcrumbList","@id":"https:\/\/www.purejewels.com\/product\/gold-mangalsutra-in-22ct-gold-44457\/#breadcrumb","itemListElement":[{"@type":"ListItem","position":1,"name":"Home","item":"https:\/\/www.purejewels.com\/"},{"@type":"ListItem","position":2,"name":"Shop","item":"https:\/\/www.purejewels.com\/shop\/"},{"@type":"ListItem","position":3,"name":"Mangalsutra in 22ct Gold | 18 Inches"}]},{"@type":"WebSite","@id":"https:\/\/www.purejewels.com\/#website","url":"https:\/\/www.purejewels.com\/","name":"PureJewels \u0130ngiltere","description":"Sevgiyi Payla\u015f\u0131n","publisher":{"@id":"https:\/\/www.purejewels.com\/#organization"},"potentialAction":[{"@type":"SearchAction","target":{"@type":"EntryPoint","urlTemplate":"https:\/\/www.purejewels.com\/?s={search_term_string}"},"query-input":{"@type":"PropertyValueSpecification","valueRequired":true,"valueName":"search_term_string"}}],"inLanguage":"tr"},{"@type":"Organization","@id":"https:\/\/www.purejewels.com\/#organization","name":"PureJewels \u0130ngiltere","url":"https:\/\/www.purejewels.com\/","logo":{"@type":"ImageObject","inLanguage":"tr","@id":"https:\/\/www.purejewels.com\/#\/schema\/logo\/image\/","url":"https:\/\/static.purejewels.com\/wp-content\/uploads\/2020\/11\/Logo-PJ-New-1.png","contentUrl":"https:\/\/static.purejewels.com\/wp-content\/uploads\/2020\/11\/Logo-PJ-New-1.png","width":150,"height":80,"caption":"PureJewels UK"},"image":{"@id":"https:\/\/www.purejewels.com\/#\/schema\/logo\/image\/"}}]}},"_links":{"self":[{"href":"https:\/\/www.purejewels.com\/tr\/wp-json\/wp\/v2\/product\/346680","targetHints":{"allow":["GET"]}}],"collection":[{"href":"https:\/\/www.purejewels.com\/tr\/wp-json\/wp\/v2\/product"}],"about":[{"href":"https:\/\/www.purejewels.com\/tr\/wp-json\/wp\/v2\/types\/product"}],"replies":[{"embeddable":true,"href":"https:\/\/www.purejewels.com\/tr\/wp-json\/wp\/v2\/comments?post=346680"}],"version-history":[{"count":1,"href":"https:\/\/www.purejewels.com\/tr\/wp-json\/wp\/v2\/product\/346680\/revisions"}],"predecessor-version":[{"id":368958,"href":"https:\/\/www.purejewels.com\/tr\/wp-json\/wp\/v2\/product\/346680\/revisions\/368958"}],"wp:featuredmedia":[{"embeddable":true,"href":"https:\/\/www.purejewels.com\/tr\/wp-json\/wp\/v2\/media\/353133"}],"wp:attachment":[{"href":"https:\/\/www.purejewels.com\/tr\/wp-json\/wp\/v2\/media?parent=346680"}],"wp:term":[{"taxonomy":"product_brand","embeddable":true,"href":"https:\/\/www.purejewels.com\/tr\/wp-json\/wp\/v2\/product_brand?post=346680"},{"taxonomy":"product_cat","embeddable":true,"href":"https:\/\/www.purejewels.com\/tr\/wp-json\/wp\/v2\/product_cat?post=346680"},{"taxonomy":"product_tag","embeddable":true,"href":"https:\/\/www.purejewels.com\/tr\/wp-json\/wp\/v2\/product_tag?post=346680"}],"curies":[{"name":"wp","href":"https:\/\/api.w.org\/{rel}","templated":true}]}}