{"id":346745,"date":"2023-05-22T14:31:24","date_gmt":"2023-05-22T13:31:24","guid":{"rendered":"https:\/\/www.purejewels.com\/?post_type=product&#038;p=346745"},"modified":"2026-01-06T07:30:06","modified_gmt":"2026-01-06T07:30:06","slug":"lord-ganesha-kolye-41055","status":"publish","type":"product","link":"https:\/\/www.purejewels.com\/tr\/product\/lord-ganesha-pendant-41055\/","title":{"rendered":"CZ Ta\u015fl\u0131 Lord Ganesha Kolye Ucu"},"content":{"rendered":"<p>Bu g\u00fczel <a href=\"https:\/\/www.purejewels.com\/tr\/product\/22ct-gold-jali-filigree-ring-jali-collection-31926\/\">22ct<\/a> Alt\u0131n kolye ucunda Hindular\u0131n bilgelik, refah ve yeni ba\u015flang\u0131\u00e7lar tanr\u0131s\u0131 Lord Ganesha'n\u0131n detayl\u0131 bir tasviri yer al\u0131yor. Kolye ucu 22 ayar alt\u0131ndan yap\u0131lm\u0131\u015ft\u0131r ve \u0131\u015f\u0131lt\u0131 ve zarafet katan k\u00fcbik zirkon ta\u015flarla s\u00fcslenmi\u015ftir. Her durum i\u00e7in m\u00fckemmel bir hediyedir ve y\u0131llarca el \u00fcst\u00fcnde tutulaca\u011f\u0131ndan emin olabilirsiniz.<\/p>","protected":false},"excerpt":{"rendered":"<div class=\"woocommerce-product-details__short-description\">\n<p>&nbsp;<\/p>\n<table class=\"sh_desc\" style=\"width: 100%; height: 280px;\">\n<tbody>\n<tr>\n<td>Kolye Tipi<\/td>\n<td>Din Kolyesi<\/td>\n<\/tr>\n<tr>\n<td>SKU<\/td>\n<td>41055<\/td>\n<\/tr>\n<tr>\n<td>A\u011f\u0131rl\u0131k<\/td>\n<td>3.2 Gms<\/td>\n<\/tr>\n<tr>\n<td>Metal<\/td>\n<td>22 Ayar Alt\u0131n<\/td>\n<\/tr>\n<tr>\n<td>Cinsiyet<\/td>\n<td>Unisex<\/td>\n<\/tr>\n<tr>\n<td>\u00dccretler<\/td>\n<td>Teslimat ve KDV Dahil<\/td>\n<\/tr>\n<tr>\n<td>Paketleme<\/td>\n<td>Sunum Kutusu ile Birlikte Gelir<\/td>\n<\/tr>\n<tr style=\"height: 112px;\">\n<td style=\"height: 112px;\">Daha Fazla Bilgi<\/td>\n<td style=\"height: 112px;\">\n<ul>\n<li>Zincir dahil de\u011fildir<\/li>\n<li>Resimde g\u00f6sterilen Zincir bir Kutu Zincirdir<\/li>\n<li>M\u00fcsaitlik durumu ve daha fazla resim i\u00e7in bizimle canl\u0131 sohbet edin<\/li>\n<\/ul>\n<\/td>\n<\/tr>\n<\/tbody>\n<\/table>\n<\/div>\n<div class=\"btn-atc atc-slide\"><\/div>\n<div class=\"product_meta\"><\/div>","protected":false},"featured_media":346746,"comment_status":"closed","ping_status":"closed","template":"","meta":{"_eb_attr":"","_crsspst_to_jayantr4sg-hostcom":true},"product_brand":[],"product_cat":[1559,1793,1792,5601,1790,1255,5344,1767,1572,1768,5338,1701,1574],"product_tag":[5473],"class_list":{"0":"post-346745","1":"product","2":"type-product","3":"status-publish","4":"has-post-thumbnail","6":"product_cat-birthday-gifts","7":"product_cat-diwali-gifts","8":"product_cat-festival-gifts","9":"product_cat-ganesh-pendants","10":"product_cat-for-whom-when","11":"product_cat-gold-pendants","12":"product_cat-jewellery-under-750","13":"product_cat-ladies-pendants","14":"product_cat-mens-jewellery","15":"product_cat-mens-pendants","16":"product_cat-shop-by-price","17":"product_cat-religious-pendants","18":"product_cat-womens-jewellery","19":"product_tag-religion-pendant","21":"first","22":"outofstock","23":"taxable","24":"shipping-taxable","25":"product-type-simple","26":"add-to-wishlist-before_image"},"yoast_head":"<!-- This site is optimized with the Yoast SEO plugin v27.3 - https:\/\/yoast.com\/product\/yoast-seo-wordpress\/ -->\n<title>Lord Ganesha Pendant with CZ Stones | purejewels.com<\/title>\n<meta name=\"description\" content=\"22ct Gold Lord Ganesha Pendant with CZ Stones - A beautiful and meaningful piece of jewelry that is sure to be cherished for years to come. Buy now.\" \/>\n<meta name=\"robots\" content=\"index, follow, max-snippet:-1, max-image-preview:large, max-video-preview:-1\" \/>\n<link rel=\"canonical\" href=\"https:\/\/www.purejewels.com\/tr\/urun\/lord-ganesha-kolye-41055\/\" \/>\n<meta property=\"og:locale\" content=\"tr_TR\" \/>\n<meta property=\"og:type\" content=\"article\" \/>\n<meta property=\"og:title\" content=\"Lord Ganesha Pendant with CZ Stones | purejewels.com\" \/>\n<meta property=\"og:description\" content=\"22ct Gold Lord Ganesha Pendant with CZ Stones - A beautiful and meaningful piece of jewelry that is sure to be cherished for years to come. Buy now.\" \/>\n<meta property=\"og:url\" content=\"https:\/\/www.purejewels.com\/tr\/urun\/lord-ganesha-kolye-41055\/\" \/>\n<meta property=\"og:site_name\" content=\"PureJewels UK\" \/>\n<meta property=\"article:modified_time\" content=\"2026-01-06T07:30:06+00:00\" \/>\n<meta property=\"og:image\" content=\"https:\/\/www.purejewels.com\/wp-content\/uploads\/2023\/05\/41055-1.jpg\" \/>\n\t<meta property=\"og:image:width\" content=\"1\" \/>\n\t<meta property=\"og:image:height\" content=\"1\" \/>\n\t<meta property=\"og:image:type\" content=\"image\/jpeg\" \/>\n<meta name=\"twitter:card\" content=\"summary_large_image\" \/>\n<meta name=\"twitter:label1\" content=\"Tahmini okuma s\u00fcresi\" \/>\n\t<meta name=\"twitter:data1\" content=\"1 dakika\" \/>\n<script type=\"application\/ld+json\" class=\"yoast-schema-graph\">{\"@context\":\"https:\\\/\\\/schema.org\",\"@graph\":[{\"@type\":[\"WebPage\",\"ItemPage\"],\"@id\":\"https:\\\/\\\/www.purejewels.com\\\/product\\\/lord-ganesha-pendant-41055\\\/\",\"url\":\"https:\\\/\\\/www.purejewels.com\\\/product\\\/lord-ganesha-pendant-41055\\\/\",\"name\":\"Lord Ganesha Pendant with CZ Stones | purejewels.com\",\"isPartOf\":{\"@id\":\"https:\\\/\\\/www.purejewels.com\\\/#website\"},\"primaryImageOfPage\":{\"@id\":\"https:\\\/\\\/www.purejewels.com\\\/product\\\/lord-ganesha-pendant-41055\\\/#primaryimage\"},\"image\":{\"@id\":\"https:\\\/\\\/www.purejewels.com\\\/product\\\/lord-ganesha-pendant-41055\\\/#primaryimage\"},\"thumbnailUrl\":\"https:\\\/\\\/static.purejewels.com\\\/wp-content\\\/uploads\\\/2023\\\/05\\\/41055-1.jpg\",\"datePublished\":\"2023-05-22T13:31:24+00:00\",\"dateModified\":\"2026-01-06T07:30:06+00:00\",\"description\":\"22ct Gold Lord Ganesha Pendant with CZ Stones - A beautiful and meaningful piece of jewelry that is sure to be cherished for years to come. Buy now.\",\"breadcrumb\":{\"@id\":\"https:\\\/\\\/www.purejewels.com\\\/product\\\/lord-ganesha-pendant-41055\\\/#breadcrumb\"},\"inLanguage\":\"tr\",\"potentialAction\":[{\"@type\":\"ReadAction\",\"target\":[\"https:\\\/\\\/www.purejewels.com\\\/product\\\/lord-ganesha-pendant-41055\\\/\"]}]},{\"@type\":\"ImageObject\",\"inLanguage\":\"tr\",\"@id\":\"https:\\\/\\\/www.purejewels.com\\\/product\\\/lord-ganesha-pendant-41055\\\/#primaryimage\",\"url\":\"https:\\\/\\\/static.purejewels.com\\\/wp-content\\\/uploads\\\/2023\\\/05\\\/41055-1.jpg\",\"contentUrl\":\"https:\\\/\\\/static.purejewels.com\\\/wp-content\\\/uploads\\\/2023\\\/05\\\/41055-1.jpg\",\"caption\":\"Lord Ganesha Pendant with CZ Stones\"},{\"@type\":\"BreadcrumbList\",\"@id\":\"https:\\\/\\\/www.purejewels.com\\\/product\\\/lord-ganesha-pendant-41055\\\/#breadcrumb\",\"itemListElement\":[{\"@type\":\"ListItem\",\"position\":1,\"name\":\"Home\",\"item\":\"https:\\\/\\\/www.purejewels.com\\\/\"},{\"@type\":\"ListItem\",\"position\":2,\"name\":\"Shop\",\"item\":\"https:\\\/\\\/www.purejewels.com\\\/shop\\\/\"},{\"@type\":\"ListItem\",\"position\":3,\"name\":\"Lord Ganesha Pendant with CZ Stones\"}]},{\"@type\":\"WebSite\",\"@id\":\"https:\\\/\\\/www.purejewels.com\\\/#website\",\"url\":\"https:\\\/\\\/www.purejewels.com\\\/\",\"name\":\"PureJewels UK\",\"description\":\"Share the Love\",\"publisher\":{\"@id\":\"https:\\\/\\\/www.purejewels.com\\\/#organization\"},\"potentialAction\":[{\"@type\":\"SearchAction\",\"target\":{\"@type\":\"EntryPoint\",\"urlTemplate\":\"https:\\\/\\\/www.purejewels.com\\\/?s={search_term_string}\"},\"query-input\":{\"@type\":\"PropertyValueSpecification\",\"valueRequired\":true,\"valueName\":\"search_term_string\"}}],\"inLanguage\":\"tr\"},{\"@type\":\"Organization\",\"@id\":\"https:\\\/\\\/www.purejewels.com\\\/#organization\",\"name\":\"PureJewels UK\",\"url\":\"https:\\\/\\\/www.purejewels.com\\\/\",\"logo\":{\"@type\":\"ImageObject\",\"inLanguage\":\"tr\",\"@id\":\"https:\\\/\\\/www.purejewels.com\\\/#\\\/schema\\\/logo\\\/image\\\/\",\"url\":\"https:\\\/\\\/static.purejewels.com\\\/wp-content\\\/uploads\\\/2020\\\/11\\\/Logo-PJ-New-1.png\",\"contentUrl\":\"https:\\\/\\\/static.purejewels.com\\\/wp-content\\\/uploads\\\/2020\\\/11\\\/Logo-PJ-New-1.png\",\"width\":150,\"height\":80,\"caption\":\"PureJewels UK\"},\"image\":{\"@id\":\"https:\\\/\\\/www.purejewels.com\\\/#\\\/schema\\\/logo\\\/image\\\/\"}}]}<\/script>\n<!-- \/ Yoast SEO plugin. -->","yoast_head_json":{"title":"CZ Ta\u015fl\u0131 Lord Ganesha Kolye Ucu | purejewels.com","description":"CZ Ta\u015fl\u0131 22 Ayar Alt\u0131n Lord Ganesha Kolye - Y\u0131llarca el \u00fcst\u00fcnde tutulacak g\u00fczel ve anlaml\u0131 bir m\u00fccevher par\u00e7as\u0131. \u015eimdi sat\u0131n al\u0131n.","robots":{"index":"index","follow":"follow","max-snippet":"max-snippet:-1","max-image-preview":"max-image-preview:large","max-video-preview":"max-video-preview:-1"},"canonical":"https:\/\/www.purejewels.com\/tr\/urun\/lord-ganesha-kolye-41055\/","og_locale":"tr_TR","og_type":"article","og_title":"Lord Ganesha Pendant with CZ Stones | purejewels.com","og_description":"22ct Gold Lord Ganesha Pendant with CZ Stones - A beautiful and meaningful piece of jewelry that is sure to be cherished for years to come. Buy now.","og_url":"https:\/\/www.purejewels.com\/tr\/urun\/lord-ganesha-kolye-41055\/","og_site_name":"PureJewels UK","article_modified_time":"2026-01-06T07:30:06+00:00","og_image":[{"url":"https:\/\/www.purejewels.com\/wp-content\/uploads\/2023\/05\/41055-1.jpg","width":1,"height":1,"type":"image\/jpeg"}],"twitter_card":"summary_large_image","twitter_misc":{"Tahmini okuma s\u00fcresi":"1 dakika"},"schema":{"@context":"https:\/\/schema.org","@graph":[{"@type":["WebPage","ItemPage"],"@id":"https:\/\/www.purejewels.com\/product\/lord-ganesha-pendant-41055\/","url":"https:\/\/www.purejewels.com\/product\/lord-ganesha-pendant-41055\/","name":"CZ Ta\u015fl\u0131 Lord Ganesha Kolye Ucu | purejewels.com","isPartOf":{"@id":"https:\/\/www.purejewels.com\/#website"},"primaryImageOfPage":{"@id":"https:\/\/www.purejewels.com\/product\/lord-ganesha-pendant-41055\/#primaryimage"},"image":{"@id":"https:\/\/www.purejewels.com\/product\/lord-ganesha-pendant-41055\/#primaryimage"},"thumbnailUrl":"https:\/\/static.purejewels.com\/wp-content\/uploads\/2023\/05\/41055-1.jpg","datePublished":"2023-05-22T13:31:24+00:00","dateModified":"2026-01-06T07:30:06+00:00","description":"CZ Ta\u015fl\u0131 22 Ayar Alt\u0131n Lord Ganesha Kolye - Y\u0131llarca el \u00fcst\u00fcnde tutulacak g\u00fczel ve anlaml\u0131 bir m\u00fccevher par\u00e7as\u0131. \u015eimdi sat\u0131n al\u0131n.","breadcrumb":{"@id":"https:\/\/www.purejewels.com\/product\/lord-ganesha-pendant-41055\/#breadcrumb"},"inLanguage":"tr","potentialAction":[{"@type":"ReadAction","target":["https:\/\/www.purejewels.com\/product\/lord-ganesha-pendant-41055\/"]}]},{"@type":"ImageObject","inLanguage":"tr","@id":"https:\/\/www.purejewels.com\/product\/lord-ganesha-pendant-41055\/#primaryimage","url":"https:\/\/static.purejewels.com\/wp-content\/uploads\/2023\/05\/41055-1.jpg","contentUrl":"https:\/\/static.purejewels.com\/wp-content\/uploads\/2023\/05\/41055-1.jpg","caption":"Lord Ganesha Pendant with CZ Stones"},{"@type":"BreadcrumbList","@id":"https:\/\/www.purejewels.com\/product\/lord-ganesha-pendant-41055\/#breadcrumb","itemListElement":[{"@type":"ListItem","position":1,"name":"Home","item":"https:\/\/www.purejewels.com\/"},{"@type":"ListItem","position":2,"name":"Shop","item":"https:\/\/www.purejewels.com\/shop\/"},{"@type":"ListItem","position":3,"name":"Lord Ganesha Pendant with CZ Stones"}]},{"@type":"WebSite","@id":"https:\/\/www.purejewels.com\/#website","url":"https:\/\/www.purejewels.com\/","name":"PureJewels \u0130ngiltere","description":"Sevgiyi Payla\u015f\u0131n","publisher":{"@id":"https:\/\/www.purejewels.com\/#organization"},"potentialAction":[{"@type":"SearchAction","target":{"@type":"EntryPoint","urlTemplate":"https:\/\/www.purejewels.com\/?s={search_term_string}"},"query-input":{"@type":"PropertyValueSpecification","valueRequired":true,"valueName":"search_term_string"}}],"inLanguage":"tr"},{"@type":"Organization","@id":"https:\/\/www.purejewels.com\/#organization","name":"PureJewels \u0130ngiltere","url":"https:\/\/www.purejewels.com\/","logo":{"@type":"ImageObject","inLanguage":"tr","@id":"https:\/\/www.purejewels.com\/#\/schema\/logo\/image\/","url":"https:\/\/static.purejewels.com\/wp-content\/uploads\/2020\/11\/Logo-PJ-New-1.png","contentUrl":"https:\/\/static.purejewels.com\/wp-content\/uploads\/2020\/11\/Logo-PJ-New-1.png","width":150,"height":80,"caption":"PureJewels UK"},"image":{"@id":"https:\/\/www.purejewels.com\/#\/schema\/logo\/image\/"}}]}},"_links":{"self":[{"href":"https:\/\/www.purejewels.com\/tr\/wp-json\/wp\/v2\/product\/346745","targetHints":{"allow":["GET"]}}],"collection":[{"href":"https:\/\/www.purejewels.com\/tr\/wp-json\/wp\/v2\/product"}],"about":[{"href":"https:\/\/www.purejewels.com\/tr\/wp-json\/wp\/v2\/types\/product"}],"replies":[{"embeddable":true,"href":"https:\/\/www.purejewels.com\/tr\/wp-json\/wp\/v2\/comments?post=346745"}],"version-history":[{"count":1,"href":"https:\/\/www.purejewels.com\/tr\/wp-json\/wp\/v2\/product\/346745\/revisions"}],"predecessor-version":[{"id":387065,"href":"https:\/\/www.purejewels.com\/tr\/wp-json\/wp\/v2\/product\/346745\/revisions\/387065"}],"wp:featuredmedia":[{"embeddable":true,"href":"https:\/\/www.purejewels.com\/tr\/wp-json\/wp\/v2\/media\/346746"}],"wp:attachment":[{"href":"https:\/\/www.purejewels.com\/tr\/wp-json\/wp\/v2\/media?parent=346745"}],"wp:term":[{"taxonomy":"product_brand","embeddable":true,"href":"https:\/\/www.purejewels.com\/tr\/wp-json\/wp\/v2\/product_brand?post=346745"},{"taxonomy":"product_cat","embeddable":true,"href":"https:\/\/www.purejewels.com\/tr\/wp-json\/wp\/v2\/product_cat?post=346745"},{"taxonomy":"product_tag","embeddable":true,"href":"https:\/\/www.purejewels.com\/tr\/wp-json\/wp\/v2\/product_tag?post=346745"}],"curies":[{"name":"wp","href":"https:\/\/api.w.org\/{rel}","templated":true}]}}