{"id":346857,"date":"2023-05-26T11:25:14","date_gmt":"2023-05-26T10:25:14","guid":{"rendered":"https:\/\/www.purejewels.com\/?post_type=product&#038;p=346857"},"modified":"2026-01-10T16:15:07","modified_gmt":"2026-01-10T16:15:07","slug":"22-ayar-altin-bayan-ayarlanabilir-bileklik-45369","status":"publish","type":"product","link":"https:\/\/www.purejewels.com\/tr\/product\/22ct-gold-ladies-adjustable-bangle-45369\/","title":{"rendered":"22 Ayar Alt\u0131n Bayan Ayarlanabilir Bileklik"},"content":{"rendered":"<p>Kar\u015f\u0131n\u0131zda g\u00fcnl\u00fck kullan\u0131m i\u00e7in m\u00fckemmel bir aksesuar olan zarif 22 Ayar Alt\u0131n Bayan Ayarlanabilir Bileklik. Y\u00fcksek kaliteli 22 ayar alt\u0131ndan \u00fcretilen ve Londra Tahlil Ofisi taraf\u0131ndan damgalanan bu bileklik, zarafet ve sofistike bir g\u00f6r\u00fcn\u00fcm sergileyen zamans\u0131z bir par\u00e7ad\u0131r.<\/p>\n<p>17,8 gram a\u011f\u0131rl\u0131\u011f\u0131ndaki bu ayarlanabilir bileklik, t\u00fcm bedenlere uyacak \u015fekilde \u00f6zelle\u015ftirilebilir, rahat ve g\u00fcvenli bir uyum sa\u011flar. Her bir bileklik bir sunum kutusunda g\u00fczelce paketlenmi\u015f olarak gelir ve y\u0131ld\u00f6n\u00fcmleri, do\u011fum g\u00fcnleri, d\u00fc\u011f\u00fcnler veya herhangi bir \u00f6zel g\u00fcn i\u00e7in ideal bir hediyedir.<\/p>\n<p>Alt\u0131n bileklik koleksiyonumuzu ke\u015ffedin ve tarz\u0131n\u0131z\u0131 y\u00fckseltecek m\u00fckemmel par\u00e7ay\u0131 bulun.<\/p>\n<p>Daha fazla bilgi, m\u00fcsaitlik durumu veya daha h\u0131zl\u0131 teslimat talep etmek i\u00e7in bize ula\u015fmaktan \u00e7ekinmeyin. M\u00fccevher koleksiyonunuzu \u00e7arp\u0131c\u0131 22 Ayar Alt\u0131n Bayan Ayarlanabilir Bileklik ile zenginle\u015ftirin ve gitti\u011finiz her yerde fark\u0131n\u0131z\u0131 ortaya koyun.<\/p>","protected":false},"excerpt":{"rendered":"<table style=\"border-collapse: collapse; width: 100%;\">\n<tbody>\n<tr>\n<td style=\"width: 31.5%;\">Bileklik T\u00fcr\u00fc<\/td>\n<td style=\"width: 68.5%;\">G\u00fcnl\u00fck Giyim Bileklik<\/td>\n<\/tr>\n<tr>\n<td style=\"width: 31.5%;\">SKU<\/td>\n<td style=\"width: 68.5%;\">44386<\/td>\n<\/tr>\n<tr>\n<td style=\"width: 31.5%;\">A\u011f\u0131rl\u0131k<\/td>\n<td style=\"width: 68.5%;\">17.8 gram<\/td>\n<\/tr>\n<tr>\n<td style=\"width: 31.5%;\">Metal<\/td>\n<td style=\"width: 68.5%;\">22 Ayar Alt\u0131n<\/td>\n<\/tr>\n<tr>\n<td style=\"width: 31.5%;\">Bileklik \u00d6l\u00e7\u00fcs\u00fc<\/td>\n<td style=\"width: 68.5%;\">Ayarlanabilir (T\u00fcm \u00f6l\u00e7\u00fclerde sipari\u015f \u00fczerine yap\u0131labilir)<\/td>\n<\/tr>\n<tr>\n<td style=\"width: 31.5%;\">Hallmark<\/td>\n<td style=\"width: 68.5%;\">Londra Tahlil Ofisi Taraf\u0131ndan Damgalanm\u0131\u015f 22 Ayar Alt\u0131n<\/td>\n<\/tr>\n<tr>\n<td style=\"width: 31.5%;\">\u00dccretler<\/td>\n<td style=\"width: 68.5%;\">Teslimat ve KDV Dahil<\/td>\n<\/tr>\n<tr>\n<td style=\"width: 31.5%;\">Paketleme<\/td>\n<td style=\"width: 68.5%;\">Sunum Kutusu ile Birlikte Gelir<\/td>\n<\/tr>\n<tr>\n<td style=\"width: 31.5%;\">Daha Fazla Bilgi<\/td>\n<td style=\"width: 68.5%;\">\n<ul>\n<li>Not: Burada belirtilen fiyat Tek Bileklik Bilezik i\u00e7indir<\/li>\n<li>Kontrol etmek i\u00e7in buraya t\u0131klay\u0131n\u00a0<strong>Bileklik \u00d6l\u00e7\u00fcs\u00fc<\/strong><\/li>\n<li>M\u00fcsaitlik durumu ve daha fazla resim i\u00e7in bizimle canl\u0131 sohbet edin<\/li>\n<li>Daha fazla alt\u0131n bilezik ke\u015ffedin<\/li>\n<\/ul>\n<\/td>\n<\/tr>\n<\/tbody>\n<\/table>","protected":false},"featured_media":346931,"comment_status":"closed","ping_status":"closed","template":"","meta":{"_eb_attr":"","_crsspst_to_jayantr4sg-hostcom":true},"product_brand":[],"product_cat":[1791,1559,5270,5370,1790,1233,1229,5271,1657,1573,1574],"product_tag":[1514],"class_list":{"0":"post-346857","1":"product","2":"type-product","3":"status-publish","4":"has-post-thumbnail","6":"product_cat-anniversary-gifts","7":"product_cat-birthday-gifts","8":"product_cat-daily-wear-bangles","9":"product_cat-ethnic-jewellery","10":"product_cat-for-whom-when","11":"product_cat-gold-bangles","12":"product_cat-22ct-gold-jewellery","13":"product_cat-occasion-wear-bangles","14":"product_cat-single-bangle","15":"product_cat-wedding-gifts","16":"product_cat-womens-jewellery","17":"product_tag-bangles","19":"first","20":"outofstock","21":"taxable","22":"shipping-taxable","23":"product-type-simple","24":"add-to-wishlist-before_image"},"yoast_head":"<!-- This site is optimized with the Yoast SEO plugin v27.6 - https:\/\/yoast.com\/product\/yoast-seo-wordpress\/ -->\n<title>22ct Gold Ladies Adjustable Bangle | PureJewels<\/title>\n<meta name=\"description\" content=\"Discover the timeless beauty of our 22ct Gold Adjustable Bangle. Crafted in radiant 22ct gold, this bangle offers a luxurious and elegant accessory.\" \/>\n<meta name=\"robots\" content=\"index, follow, max-snippet:-1, max-image-preview:large, max-video-preview:-1\" \/>\n<link rel=\"canonical\" href=\"https:\/\/www.purejewels.com\/tr\/urun\/22-ayar-altin-bayan-ayarlanabilir-bileklik-45369\/\" \/>\n<meta property=\"og:locale\" content=\"tr_TR\" \/>\n<meta property=\"og:type\" content=\"article\" \/>\n<meta property=\"og:title\" content=\"22ct Gold Ladies Adjustable Bangle | PureJewels\" \/>\n<meta property=\"og:description\" content=\"Discover the timeless beauty of our 22ct Gold Adjustable Bangle. Crafted in radiant 22ct gold, this bangle offers a luxurious and elegant accessory.\" \/>\n<meta property=\"og:url\" content=\"https:\/\/www.purejewels.com\/tr\/urun\/22-ayar-altin-bayan-ayarlanabilir-bileklik-45369\/\" \/>\n<meta property=\"og:site_name\" content=\"PureJewels UK\" \/>\n<meta property=\"article:modified_time\" content=\"2026-01-10T16:15:07+00:00\" \/>\n<meta property=\"og:image\" content=\"https:\/\/www.purejewels.com\/wp-content\/uploads\/2023\/05\/SKU-45369.jpg\" \/>\n\t<meta property=\"og:image:width\" content=\"1000\" \/>\n\t<meta property=\"og:image:height\" content=\"1000\" \/>\n\t<meta property=\"og:image:type\" content=\"image\/jpeg\" \/>\n<meta name=\"twitter:card\" content=\"summary_large_image\" \/>\n<meta name=\"twitter:label1\" content=\"Tahmini okuma s\u00fcresi\" \/>\n\t<meta name=\"twitter:data1\" content=\"1 dakika\" \/>\n<script type=\"application\/ld+json\" class=\"yoast-schema-graph\">{\"@context\":\"https:\\\/\\\/schema.org\",\"@graph\":[{\"@type\":[\"WebPage\",\"ItemPage\"],\"@id\":\"https:\\\/\\\/www.purejewels.com\\\/product\\\/22ct-gold-ladies-adjustable-bangle-45369\\\/\",\"url\":\"https:\\\/\\\/www.purejewels.com\\\/product\\\/22ct-gold-ladies-adjustable-bangle-45369\\\/\",\"name\":\"22ct Gold Ladies Adjustable Bangle | PureJewels\",\"isPartOf\":{\"@id\":\"https:\\\/\\\/www.purejewels.com\\\/#website\"},\"primaryImageOfPage\":{\"@id\":\"https:\\\/\\\/www.purejewels.com\\\/product\\\/22ct-gold-ladies-adjustable-bangle-45369\\\/#primaryimage\"},\"image\":{\"@id\":\"https:\\\/\\\/www.purejewels.com\\\/product\\\/22ct-gold-ladies-adjustable-bangle-45369\\\/#primaryimage\"},\"thumbnailUrl\":\"https:\\\/\\\/static.purejewels.com\\\/wp-content\\\/uploads\\\/2023\\\/05\\\/SKU-45369.jpg\",\"datePublished\":\"2023-05-26T10:25:14+00:00\",\"dateModified\":\"2026-01-10T16:15:07+00:00\",\"description\":\"Discover the timeless beauty of our 22ct Gold Adjustable Bangle. Crafted in radiant 22ct gold, this bangle offers a luxurious and elegant accessory.\",\"breadcrumb\":{\"@id\":\"https:\\\/\\\/www.purejewels.com\\\/product\\\/22ct-gold-ladies-adjustable-bangle-45369\\\/#breadcrumb\"},\"inLanguage\":\"tr\",\"potentialAction\":[{\"@type\":\"ReadAction\",\"target\":[\"https:\\\/\\\/www.purejewels.com\\\/product\\\/22ct-gold-ladies-adjustable-bangle-45369\\\/\"]}]},{\"@type\":\"ImageObject\",\"inLanguage\":\"tr\",\"@id\":\"https:\\\/\\\/www.purejewels.com\\\/product\\\/22ct-gold-ladies-adjustable-bangle-45369\\\/#primaryimage\",\"url\":\"https:\\\/\\\/static.purejewels.com\\\/wp-content\\\/uploads\\\/2023\\\/05\\\/SKU-45369.jpg\",\"contentUrl\":\"https:\\\/\\\/static.purejewels.com\\\/wp-content\\\/uploads\\\/2023\\\/05\\\/SKU-45369.jpg\",\"width\":1000,\"height\":1000,\"caption\":\"22ct Gold Ladies Adjustable Bangle\"},{\"@type\":\"BreadcrumbList\",\"@id\":\"https:\\\/\\\/www.purejewels.com\\\/product\\\/22ct-gold-ladies-adjustable-bangle-45369\\\/#breadcrumb\",\"itemListElement\":[{\"@type\":\"ListItem\",\"position\":1,\"name\":\"Home\",\"item\":\"https:\\\/\\\/www.purejewels.com\\\/\"},{\"@type\":\"ListItem\",\"position\":2,\"name\":\"Shop\",\"item\":\"https:\\\/\\\/www.purejewels.com\\\/shop\\\/\"},{\"@type\":\"ListItem\",\"position\":3,\"name\":\"22ct Gold Ladies Adjustable Bangle\"}]},{\"@type\":\"WebSite\",\"@id\":\"https:\\\/\\\/www.purejewels.com\\\/#website\",\"url\":\"https:\\\/\\\/www.purejewels.com\\\/\",\"name\":\"PureJewels UK\",\"description\":\"Share the Love\",\"publisher\":{\"@id\":\"https:\\\/\\\/www.purejewels.com\\\/#organization\"},\"potentialAction\":[{\"@type\":\"SearchAction\",\"target\":{\"@type\":\"EntryPoint\",\"urlTemplate\":\"https:\\\/\\\/www.purejewels.com\\\/?s={search_term_string}\"},\"query-input\":{\"@type\":\"PropertyValueSpecification\",\"valueRequired\":true,\"valueName\":\"search_term_string\"}}],\"inLanguage\":\"tr\"},{\"@type\":\"Organization\",\"@id\":\"https:\\\/\\\/www.purejewels.com\\\/#organization\",\"name\":\"PureJewels UK\",\"url\":\"https:\\\/\\\/www.purejewels.com\\\/\",\"logo\":{\"@type\":\"ImageObject\",\"inLanguage\":\"tr\",\"@id\":\"https:\\\/\\\/www.purejewels.com\\\/#\\\/schema\\\/logo\\\/image\\\/\",\"url\":\"https:\\\/\\\/static.purejewels.com\\\/wp-content\\\/uploads\\\/2020\\\/11\\\/Logo-PJ-New-1.png\",\"contentUrl\":\"https:\\\/\\\/static.purejewels.com\\\/wp-content\\\/uploads\\\/2020\\\/11\\\/Logo-PJ-New-1.png\",\"width\":150,\"height\":80,\"caption\":\"PureJewels UK\"},\"image\":{\"@id\":\"https:\\\/\\\/www.purejewels.com\\\/#\\\/schema\\\/logo\\\/image\\\/\"}}]}<\/script>\n<!-- \/ Yoast SEO plugin. -->","yoast_head_json":{"title":"22 Ayar Alt\u0131n Bayan Ayarlanabilir Bileklik | PureJewels","description":"22ct Alt\u0131n Ayarlanabilir Bilekli\u011fimizin zamans\u0131z g\u00fczelli\u011fini ke\u015ffedin. Parlak 22 ayar alt\u0131ndan \u00fcretilen bu bileklik, l\u00fcks ve zarif bir aksesuar sunuyor.","robots":{"index":"index","follow":"follow","max-snippet":"max-snippet:-1","max-image-preview":"max-image-preview:large","max-video-preview":"max-video-preview:-1"},"canonical":"https:\/\/www.purejewels.com\/tr\/urun\/22-ayar-altin-bayan-ayarlanabilir-bileklik-45369\/","og_locale":"tr_TR","og_type":"article","og_title":"22ct Gold Ladies Adjustable Bangle | PureJewels","og_description":"Discover the timeless beauty of our 22ct Gold Adjustable Bangle. Crafted in radiant 22ct gold, this bangle offers a luxurious and elegant accessory.","og_url":"https:\/\/www.purejewels.com\/tr\/urun\/22-ayar-altin-bayan-ayarlanabilir-bileklik-45369\/","og_site_name":"PureJewels UK","article_modified_time":"2026-01-10T16:15:07+00:00","og_image":[{"width":1000,"height":1000,"url":"https:\/\/www.purejewels.com\/wp-content\/uploads\/2023\/05\/SKU-45369.jpg","type":"image\/jpeg"}],"twitter_card":"summary_large_image","twitter_misc":{"Tahmini okuma s\u00fcresi":"1 dakika"},"schema":{"@context":"https:\/\/schema.org","@graph":[{"@type":["WebPage","ItemPage"],"@id":"https:\/\/www.purejewels.com\/product\/22ct-gold-ladies-adjustable-bangle-45369\/","url":"https:\/\/www.purejewels.com\/product\/22ct-gold-ladies-adjustable-bangle-45369\/","name":"22 Ayar Alt\u0131n Bayan Ayarlanabilir Bileklik | PureJewels","isPartOf":{"@id":"https:\/\/www.purejewels.com\/#website"},"primaryImageOfPage":{"@id":"https:\/\/www.purejewels.com\/product\/22ct-gold-ladies-adjustable-bangle-45369\/#primaryimage"},"image":{"@id":"https:\/\/www.purejewels.com\/product\/22ct-gold-ladies-adjustable-bangle-45369\/#primaryimage"},"thumbnailUrl":"https:\/\/static.purejewels.com\/wp-content\/uploads\/2023\/05\/SKU-45369.jpg","datePublished":"2023-05-26T10:25:14+00:00","dateModified":"2026-01-10T16:15:07+00:00","description":"22ct Alt\u0131n Ayarlanabilir Bilekli\u011fimizin zamans\u0131z g\u00fczelli\u011fini ke\u015ffedin. Parlak 22 ayar alt\u0131ndan \u00fcretilen bu bileklik, l\u00fcks ve zarif bir aksesuar sunuyor.","breadcrumb":{"@id":"https:\/\/www.purejewels.com\/product\/22ct-gold-ladies-adjustable-bangle-45369\/#breadcrumb"},"inLanguage":"tr","potentialAction":[{"@type":"ReadAction","target":["https:\/\/www.purejewels.com\/product\/22ct-gold-ladies-adjustable-bangle-45369\/"]}]},{"@type":"ImageObject","inLanguage":"tr","@id":"https:\/\/www.purejewels.com\/product\/22ct-gold-ladies-adjustable-bangle-45369\/#primaryimage","url":"https:\/\/static.purejewels.com\/wp-content\/uploads\/2023\/05\/SKU-45369.jpg","contentUrl":"https:\/\/static.purejewels.com\/wp-content\/uploads\/2023\/05\/SKU-45369.jpg","width":1000,"height":1000,"caption":"22ct Gold Ladies Adjustable Bangle"},{"@type":"BreadcrumbList","@id":"https:\/\/www.purejewels.com\/product\/22ct-gold-ladies-adjustable-bangle-45369\/#breadcrumb","itemListElement":[{"@type":"ListItem","position":1,"name":"Home","item":"https:\/\/www.purejewels.com\/"},{"@type":"ListItem","position":2,"name":"Shop","item":"https:\/\/www.purejewels.com\/shop\/"},{"@type":"ListItem","position":3,"name":"22ct Gold Ladies Adjustable Bangle"}]},{"@type":"WebSite","@id":"https:\/\/www.purejewels.com\/#website","url":"https:\/\/www.purejewels.com\/","name":"PureJewels \u0130ngiltere","description":"Sevgiyi Payla\u015f\u0131n","publisher":{"@id":"https:\/\/www.purejewels.com\/#organization"},"potentialAction":[{"@type":"SearchAction","target":{"@type":"EntryPoint","urlTemplate":"https:\/\/www.purejewels.com\/?s={search_term_string}"},"query-input":{"@type":"PropertyValueSpecification","valueRequired":true,"valueName":"search_term_string"}}],"inLanguage":"tr"},{"@type":"Organization","@id":"https:\/\/www.purejewels.com\/#organization","name":"PureJewels \u0130ngiltere","url":"https:\/\/www.purejewels.com\/","logo":{"@type":"ImageObject","inLanguage":"tr","@id":"https:\/\/www.purejewels.com\/#\/schema\/logo\/image\/","url":"https:\/\/static.purejewels.com\/wp-content\/uploads\/2020\/11\/Logo-PJ-New-1.png","contentUrl":"https:\/\/static.purejewels.com\/wp-content\/uploads\/2020\/11\/Logo-PJ-New-1.png","width":150,"height":80,"caption":"PureJewels UK"},"image":{"@id":"https:\/\/www.purejewels.com\/#\/schema\/logo\/image\/"}}]}},"_links":{"self":[{"href":"https:\/\/www.purejewels.com\/tr\/wp-json\/wp\/v2\/product\/346857","targetHints":{"allow":["GET"]}}],"collection":[{"href":"https:\/\/www.purejewels.com\/tr\/wp-json\/wp\/v2\/product"}],"about":[{"href":"https:\/\/www.purejewels.com\/tr\/wp-json\/wp\/v2\/types\/product"}],"replies":[{"embeddable":true,"href":"https:\/\/www.purejewels.com\/tr\/wp-json\/wp\/v2\/comments?post=346857"}],"version-history":[{"count":4,"href":"https:\/\/www.purejewels.com\/tr\/wp-json\/wp\/v2\/product\/346857\/revisions"}],"predecessor-version":[{"id":420981,"href":"https:\/\/www.purejewels.com\/tr\/wp-json\/wp\/v2\/product\/346857\/revisions\/420981"}],"wp:featuredmedia":[{"embeddable":true,"href":"https:\/\/www.purejewels.com\/tr\/wp-json\/wp\/v2\/media\/346931"}],"wp:attachment":[{"href":"https:\/\/www.purejewels.com\/tr\/wp-json\/wp\/v2\/media?parent=346857"}],"wp:term":[{"taxonomy":"product_brand","embeddable":true,"href":"https:\/\/www.purejewels.com\/tr\/wp-json\/wp\/v2\/product_brand?post=346857"},{"taxonomy":"product_cat","embeddable":true,"href":"https:\/\/www.purejewels.com\/tr\/wp-json\/wp\/v2\/product_cat?post=346857"},{"taxonomy":"product_tag","embeddable":true,"href":"https:\/\/www.purejewels.com\/tr\/wp-json\/wp\/v2\/product_tag?post=346857"}],"curies":[{"name":"wp","href":"https:\/\/api.w.org\/{rel}","templated":true}]}}